{"id":78238,"date":"2025-07-24T11:50:52","date_gmt":"2025-07-24T14:50:52","guid":{"rendered":"https:\/\/www.musculoesqueleticousp.com.br\/?page_id=78238"},"modified":"2025-07-25T09:04:31","modified_gmt":"2025-07-25T12:04:31","slug":"heitor-martins-pasquim","status":"publish","type":"page","link":"https:\/\/www.musculoesqueleticousp.com.br\/es\/pesquisas\/orientadores\/heitor-martins-pasquim\/","title":{"rendered":"Heitor Martins Pasquim"},"content":{"rendered":"<p><strong><img loading=\"lazy\" decoding=\"async\" class=\"wp-image-78241 alignleft\" src=\"https:\/\/www.musculoesqueleticousp.com.br\/wp-content\/uploads\/2025\/07\/foto-2025-169x300.jpg\" alt=\"\" width=\"131\" height=\"233\" srcset=\"https:\/\/www.musculoesqueleticousp.com.br\/wp-content\/uploads\/2025\/07\/foto-2025-169x300.jpg 169w, https:\/\/www.musculoesqueleticousp.com.br\/wp-content\/uploads\/2025\/07\/foto-2025-575x1024.jpg 575w, https:\/\/www.musculoesqueleticousp.com.br\/wp-content\/uploads\/2025\/07\/foto-2025-768x1367.jpg 768w, https:\/\/www.musculoesqueleticousp.com.br\/wp-content\/uploads\/2025\/07\/foto-2025-863x1536.jpg 863w, https:\/\/www.musculoesqueleticousp.com.br\/wp-content\/uploads\/2025\/07\/foto-2025-82x146.jpg 82w, https:\/\/www.musculoesqueleticousp.com.br\/wp-content\/uploads\/2025\/07\/foto-2025-28x50.jpg 28w, https:\/\/www.musculoesqueleticousp.com.br\/wp-content\/uploads\/2025\/07\/foto-2025-42x75.jpg 42w, https:\/\/www.musculoesqueleticousp.com.br\/wp-content\/uploads\/2025\/07\/foto-2025.jpg 899w\" sizes=\"auto, (max-width: 131px) 100vw, 131px\" \/><\/strong><\/p>\n<div><strong>T\u00edtulo:<\/strong> Doutorado<\/div>\n<div>\n<div><strong>E-mail:<\/strong>\u00a0<a class=\"no-pjax\" href=\"mailto:pasquim@unifesp.br\" target=\"_blank\" rel=\"noopener\">pasquim@unifesp.br<\/a><\/div>\n<div><strong>Lattes:<\/strong>\u00a0<a class=\"no-pjax\" href=\"http:\/\/lattes.cnpq.br\/1868836863261585\" target=\"_blank\" rel=\"noopener\">http:\/\/lattes.cnpq.br\/1868836863261585<\/a><\/div>\n<div><strong>Orcid<\/strong>: ID 0000-0002-4994-7399 &#8211;\u00a0<a class=\"no-pjax\" href=\"https:\/\/orcid.org\/0000-0002-4994-7399\" target=\"_blank\" rel=\"noopener\">https:\/\/orcid.org\/0000-0002-4994-7399<\/a><\/div>\n<div><strong>Scopus<\/strong>: ID 36138912600 &#8211;\u00a0<a class=\"no-pjax\" href=\"https:\/\/www.scopus.com\/authid\/detail.uri?authorId=36138912600\" target=\"_blank\" rel=\"noopener\">https:\/\/www.scopus.com\/authid\/detail.uri?authorId=36138912600<\/a><\/div>\n<div><strong>Google Scholar:<\/strong>\u00a0<a class=\"no-pjax\" href=\"https:\/\/scholar.google.com\/citations?user=E9O0Ef8AAAAJ&amp;hl=pt-BR\" target=\"_blank\" rel=\"noopener\">https:\/\/scholar.google.com\/citations?user=E9O0Ef8AAAAJ&amp;hl=pt-BR<\/a><\/div>\n<div><strong>Research ID:<\/strong>\u00a0IZQ-5579-2023<\/div>\n<\/div>\n<p>&nbsp;<\/p>\n<h2>L\u00ednea de Investigaci\u00f3n<\/h2>\n<div>Ciencias Humanas, Sociales y Salud.<\/div>\n<h2>Resumen<\/h2>\n<p>Esta l\u00ednea se dedica a la investigaci\u00f3n de los fen\u00f3menos de salud desde la perspectiva de las ciencias humanas y sociales. Utilizando enfoques cualitativos y mixtos, exploramos la determinaci\u00f3n social del proceso salud-enfermedad, as\u00ed como las pr\u00e1cticas y pol\u00edticas de salud en sus diversas dimensiones, buscando comprender y transformar los contextos en que la salud es vivenciada y producida.<\/p>\n<h2>Art\u00edculos relevantes:<\/h2>\n<div>1.\u00a0ANTUNES, P. C.;\u00a0<b>PASQUIM, H. M.<\/b>; CORRAL-V\u00c1ZQUEZ, M. R.; CASTILLO, T.; SOTO-LAGOS, R.; PARREIRA, F. R.; ABIB, L. T.; CORT\u00c9S-GARCIA, C.; PAGOLA, M. L.; CANON-BUITRAGO, E. A. Recomendaciones de actividad f\u00edsica en Am\u00e9rica del Sur: un an\u00e1lisis decolonial. Revista Brasileira de Atividade F\u00edsica e Sa\u00fade, v. 30, p. 1-10, 2025.\u00a0<a class=\"no-pjax\" href=\"https:\/\/doi.org\/10.12820\/rbafs.30e0391\" target=\"_blank\" rel=\"noopener\">https:\/\/doi.org\/10.12820\/rbafs.30e0391<\/a><\/div>\n<div>2.\u00a0<b>PASQUIM, H. M.<\/b>; LAGOS, R. S.; RODRIGUES, P. A. F.; ANTUNES, P. C. De la epidemiolog\u00eda de la actividad f\u00edsica a la epidemiolog\u00eda cr\u00edtica de las pr\u00e1cticas corporales: una propuesta desde Latinoam\u00e9rica. Global Health Promotion, p. 1236462-6, 2024.\u00a0<a class=\"no-pjax\" href=\"https:\/\/doi.org\/10.1177\/17579759241236462\" target=\"_blank\" rel=\"noopener\">https:\/\/doi.org\/10.1177\/17579759241236462<\/a><\/div>\n<div>3.\u00a0ARRUDA, M. S. B.; COSTA, R. M.;\u00a0<b>PASQUIM, H. M.<\/b>\u00a0Uma cronologia da Cracol\u00e2ndia: disputas fossilizadas abaixo do asfalto. BIS. Boletim do Instituto de Sa\u00fade, v. 25, p. 15-27, 2024.\u00a0<a class=\"no-pjax\" href=\"https:\/\/doi.org\/10.52753\/bis.v25i1.40953\" target=\"_blank\" rel=\"noopener\">https:\/\/doi.org\/10.52753\/bis.v25i1.40953<\/a><\/div>\n<div>4.\u00a0FERREIRA, T. C.; PALMA, A.;\u00a0<b>PASQUIM, H. M.<\/b>\u00a0Redu\u00e7\u00e3o de Danos entre Praticantes de Muscula\u00e7\u00e3o que Consomem Esteroides. Sa\u00fade e Sociedade, v. 32, p. e220585pt, 2023.<a class=\"no-pjax\" href=\"https:\/\/doi.org\/10.1590\/S0104-12902023220585pt\" target=\"_blank\" rel=\"noopener\">https:\/\/doi.org\/10.1590\/S0104-12902023220585pt<\/a><\/div>\n<div>5.\u00a0\u00a0<b>PASQUIM, H. M.<\/b>; OLIVEIRA, M.; SOARES, C. B. Fake news sobre drogas: p\u00f3s-verdade e desinforma\u00e7\u00e3o. Sa\u00fade e Sociedade , v. 29, p. e190342, 2020.\u00a0<a class=\"no-pjax\" href=\"https:\/\/doi.org\/10.1590\/S0104-12902020190342\" target=\"_blank\" rel=\"noopener\">https:\/\/doi.org\/10.1590\/S0104-12902020190342<\/a><\/div>\n<p>&nbsp;<\/p>\n<h2><strong>PROJETOS ORIENTADOR\/ LINHA<\/strong><\/h2>\n<div>\u201cPR\u00c1TICAS EM REDU\u00c7\u00c3O DE DANOS COMO INTERVEN\u00c7\u00c3O PARA PESSOAS QUE CONSOMEM ESTEROIDES ANDROG\u00caNICOS ANABOLIZANTES\u201d<\/div>\n<div>RESUMO. Este estudo\u00a0investiga a efic\u00e1cia de uma interven\u00e7\u00e3o de redu\u00e7\u00e3o de danos em usu\u00e1rios de ester\u00f3ides.<\/div>\n<div>Linha 7.<\/div>\n<p><\/p>","protected":false},"excerpt":{"rendered":"<p>T\u00edtulo: Doutorado E-mail:\u00a0pasquim@unifesp.br Lattes:\u00a0http:\/\/lattes.cnpq.br\/1868836863261585 Orcid: ID 0000-0002-4994-7399 &#8211;\u00a0https:\/\/orcid.org\/0000-0002-4994-7399 Scopus: ID 36138912600 &#8211;\u00a0https:\/\/www.scopus.com\/authid\/detail.uri?authorId=36138912600 Google Scholar:\u00a0https:\/\/scholar.google.com\/citations?user=E9O0Ef8AAAAJ&amp;hl=pt-BR Research ID:\u00a0IZQ-5579-2023 &nbsp; L\u00ednea de Investigaci\u00f3n Ciencias Humanas, Sociales y Salud. Resumen [&hellip;]<\/p>\n","protected":false},"author":3,"featured_media":0,"parent":25,"menu_order":0,"comment_status":"closed","ping_status":"closed","template":"","meta":{"footnotes":""},"class_list":["post-78238","page","type-page","status-publish","hentry"],"yoast_head":"<!-- This site is optimized with the Yoast SEO plugin v25.5 - https:\/\/yoast.com\/wordpress\/plugins\/seo\/ -->\n<title>Heitor Martins Pasquim - P\u00f3s-Gradua\u00e7\u00e3o em Ci\u00eancias do Sistema Musculoesquel\u00e9tico<\/title>\n<meta name=\"robots\" content=\"index, follow, max-snippet:-1, max-image-preview:large, max-video-preview:-1\" \/>\n<link rel=\"canonical\" href=\"https:\/\/www.musculoesqueleticousp.com.br\/pesquisas\/orientadores\/heitor-martins-pasquim\/\" \/>\n<meta property=\"og:locale\" content=\"es_ES\" \/>\n<meta property=\"og:type\" content=\"article\" \/>\n<meta property=\"og:title\" content=\"Heitor Martins Pasquim - P\u00f3s-Gradua\u00e7\u00e3o em Ci\u00eancias do Sistema Musculoesquel\u00e9tico\" \/>\n<meta property=\"og:description\" content=\"T\u00edtulo: Doutorado E-mail:\u00a0pasquim@unifesp.br Lattes:\u00a0http:\/\/lattes.cnpq.br\/1868836863261585 Orcid: ID 0000-0002-4994-7399 &#8211;\u00a0https:\/\/orcid.org\/0000-0002-4994-7399 Scopus: ID 36138912600 &#8211;\u00a0https:\/\/www.scopus.com\/authid\/detail.uri?authorId=36138912600 Google Scholar:\u00a0https:\/\/scholar.google.com\/citations?user=E9O0Ef8AAAAJ&amp;hl=pt-BR Research ID:\u00a0IZQ-5579-2023 &nbsp; L\u00ednea de Investigaci\u00f3n Ciencias Humanas, Sociales y Salud. Resumen [&hellip;]\" \/>\n<meta property=\"og:url\" content=\"https:\/\/www.musculoesqueleticousp.com.br\/pesquisas\/orientadores\/heitor-martins-pasquim\/\" \/>\n<meta property=\"og:site_name\" content=\"P\u00f3s-Gradua\u00e7\u00e3o em Ci\u00eancias do Sistema Musculoesquel\u00e9tico\" \/>\n<meta property=\"article:modified_time\" content=\"2025-07-25T12:04:31+00:00\" \/>\n<meta property=\"og:image\" content=\"https:\/\/www.musculoesqueleticousp.com.br\/wp-content\/uploads\/2025\/07\/foto-2025.jpg\" \/>\n\t<meta property=\"og:image:width\" content=\"899\" \/>\n\t<meta property=\"og:image:height\" content=\"1600\" \/>\n\t<meta property=\"og:image:type\" content=\"image\/jpeg\" \/>\n<meta name=\"twitter:card\" content=\"summary_large_image\" \/>\n<meta name=\"twitter:label1\" content=\"Tiempo de lectura\" \/>\n\t<meta name=\"twitter:data1\" content=\"2 minutos\" \/>\n<script type=\"application\/ld+json\" class=\"yoast-schema-graph\">{\"@context\":\"https:\/\/schema.org\",\"@graph\":[{\"@type\":\"WebPage\",\"@id\":\"https:\/\/www.musculoesqueleticousp.com.br\/pesquisas\/orientadores\/heitor-martins-pasquim\/\",\"url\":\"https:\/\/www.musculoesqueleticousp.com.br\/pesquisas\/orientadores\/heitor-martins-pasquim\/\",\"name\":\"Heitor Martins Pasquim - P\u00f3s-Gradua\u00e7\u00e3o em Ci\u00eancias do Sistema Musculoesquel\u00e9tico\",\"isPartOf\":{\"@id\":\"https:\/\/www.musculoesqueleticousp.com.br\/en\/#website\"},\"primaryImageOfPage\":{\"@id\":\"https:\/\/www.musculoesqueleticousp.com.br\/pesquisas\/orientadores\/heitor-martins-pasquim\/#primaryimage\"},\"image\":{\"@id\":\"https:\/\/www.musculoesqueleticousp.com.br\/pesquisas\/orientadores\/heitor-martins-pasquim\/#primaryimage\"},\"thumbnailUrl\":\"https:\/\/www.musculoesqueleticousp.com.br\/wp-content\/uploads\/2025\/07\/foto-2025-169x300.jpg\",\"datePublished\":\"2025-07-24T14:50:52+00:00\",\"dateModified\":\"2025-07-25T12:04:31+00:00\",\"breadcrumb\":{\"@id\":\"https:\/\/www.musculoesqueleticousp.com.br\/pesquisas\/orientadores\/heitor-martins-pasquim\/#breadcrumb\"},\"inLanguage\":\"es\",\"potentialAction\":[{\"@type\":\"ReadAction\",\"target\":[\"https:\/\/www.musculoesqueleticousp.com.br\/pesquisas\/orientadores\/heitor-martins-pasquim\/\"]}]},{\"@type\":\"ImageObject\",\"inLanguage\":\"es\",\"@id\":\"https:\/\/www.musculoesqueleticousp.com.br\/pesquisas\/orientadores\/heitor-martins-pasquim\/#primaryimage\",\"url\":\"https:\/\/www.musculoesqueleticousp.com.br\/wp-content\/uploads\/2025\/07\/foto-2025-169x300.jpg\",\"contentUrl\":\"https:\/\/www.musculoesqueleticousp.com.br\/wp-content\/uploads\/2025\/07\/foto-2025-169x300.jpg\"},{\"@type\":\"BreadcrumbList\",\"@id\":\"https:\/\/www.musculoesqueleticousp.com.br\/pesquisas\/orientadores\/heitor-martins-pasquim\/#breadcrumb\",\"itemListElement\":[{\"@type\":\"ListItem\",\"position\":1,\"name\":\"Home\",\"item\":\"https:\/\/www.musculoesqueleticousp.com.br\/en\/\"},{\"@type\":\"ListItem\",\"position\":2,\"name\":\"Research\",\"item\":\"https:\/\/www.musculoesqueleticousp.com.br\/en\/pesquisas\/\"},{\"@type\":\"ListItem\",\"position\":3,\"name\":\"Orientadores\",\"item\":\"https:\/\/www.musculoesqueleticousp.com.br\/pesquisas\/orientadores\/\"},{\"@type\":\"ListItem\",\"position\":4,\"name\":\"Heitor Martins Pasquim\"}]},{\"@type\":\"WebSite\",\"@id\":\"https:\/\/www.musculoesqueleticousp.com.br\/en\/#website\",\"url\":\"https:\/\/www.musculoesqueleticousp.com.br\/en\/\",\"name\":\"P\u00f3s-Gradua\u00e7\u00e3o em Ci\u00eancias do Sistema Musculoesquel\u00e9tico\",\"description\":\"Website do P\u00f3s-Gradua\u00e7\u00e3o em Ci\u00eancias do Sistema Musculoesquel\u00e9tico\",\"publisher\":{\"@id\":\"https:\/\/www.musculoesqueleticousp.com.br\/en\/#organization\"},\"potentialAction\":[{\"@type\":\"SearchAction\",\"target\":{\"@type\":\"EntryPoint\",\"urlTemplate\":\"https:\/\/www.musculoesqueleticousp.com.br\/en\/?s={search_term_string}\"},\"query-input\":{\"@type\":\"PropertyValueSpecification\",\"valueRequired\":true,\"valueName\":\"search_term_string\"}}],\"inLanguage\":\"es\"},{\"@type\":\"Organization\",\"@id\":\"https:\/\/www.musculoesqueleticousp.com.br\/en\/#organization\",\"name\":\"P\u00f3s-Gradua\u00e7\u00e3o em Ci\u00eancias do Sistema Musculoesquel\u00e9tico\",\"url\":\"https:\/\/www.musculoesqueleticousp.com.br\/en\/\",\"logo\":{\"@type\":\"ImageObject\",\"inLanguage\":\"es\",\"@id\":\"https:\/\/www.musculoesqueleticousp.com.br\/en\/#\/schema\/logo\/image\/\",\"url\":\"https:\/\/www.musculoesqueleticousp.com.br\/wp-content\/uploads\/2020\/04\/logo_pg_cme_v3_h120.png\",\"contentUrl\":\"https:\/\/www.musculoesqueleticousp.com.br\/wp-content\/uploads\/2020\/04\/logo_pg_cme_v3_h120.png\",\"width\":481,\"height\":120,\"caption\":\"P\u00f3s-Gradua\u00e7\u00e3o em Ci\u00eancias do Sistema Musculoesquel\u00e9tico\"},\"image\":{\"@id\":\"https:\/\/www.musculoesqueleticousp.com.br\/en\/#\/schema\/logo\/image\/\"}}]}<\/script>\n<!-- \/ Yoast SEO plugin. -->","yoast_head_json":{"title":"Heitor Martins Pasquim - P\u00f3s-Gradua\u00e7\u00e3o em Ci\u00eancias do Sistema Musculoesquel\u00e9tico","robots":{"index":"index","follow":"follow","max-snippet":"max-snippet:-1","max-image-preview":"max-image-preview:large","max-video-preview":"max-video-preview:-1"},"canonical":"https:\/\/www.musculoesqueleticousp.com.br\/pesquisas\/orientadores\/heitor-martins-pasquim\/","og_locale":"es_ES","og_type":"article","og_title":"Heitor Martins Pasquim - P\u00f3s-Gradua\u00e7\u00e3o em Ci\u00eancias do Sistema Musculoesquel\u00e9tico","og_description":"T\u00edtulo: Doutorado E-mail:\u00a0pasquim@unifesp.br Lattes:\u00a0http:\/\/lattes.cnpq.br\/1868836863261585 Orcid: ID 0000-0002-4994-7399 &#8211;\u00a0https:\/\/orcid.org\/0000-0002-4994-7399 Scopus: ID 36138912600 &#8211;\u00a0https:\/\/www.scopus.com\/authid\/detail.uri?authorId=36138912600 Google Scholar:\u00a0https:\/\/scholar.google.com\/citations?user=E9O0Ef8AAAAJ&amp;hl=pt-BR Research ID:\u00a0IZQ-5579-2023 &nbsp; L\u00ednea de Investigaci\u00f3n Ciencias Humanas, Sociales y Salud. Resumen [&hellip;]","og_url":"https:\/\/www.musculoesqueleticousp.com.br\/pesquisas\/orientadores\/heitor-martins-pasquim\/","og_site_name":"P\u00f3s-Gradua\u00e7\u00e3o em Ci\u00eancias do Sistema Musculoesquel\u00e9tico","article_modified_time":"2025-07-25T12:04:31+00:00","og_image":[{"width":899,"height":1600,"url":"https:\/\/www.musculoesqueleticousp.com.br\/wp-content\/uploads\/2025\/07\/foto-2025.jpg","type":"image\/jpeg"}],"twitter_card":"summary_large_image","twitter_misc":{"Tiempo de lectura":"2 minutos"},"schema":{"@context":"https:\/\/schema.org","@graph":[{"@type":"WebPage","@id":"https:\/\/www.musculoesqueleticousp.com.br\/pesquisas\/orientadores\/heitor-martins-pasquim\/","url":"https:\/\/www.musculoesqueleticousp.com.br\/pesquisas\/orientadores\/heitor-martins-pasquim\/","name":"Heitor Martins Pasquim - P\u00f3s-Gradua\u00e7\u00e3o em Ci\u00eancias do Sistema Musculoesquel\u00e9tico","isPartOf":{"@id":"https:\/\/www.musculoesqueleticousp.com.br\/en\/#website"},"primaryImageOfPage":{"@id":"https:\/\/www.musculoesqueleticousp.com.br\/pesquisas\/orientadores\/heitor-martins-pasquim\/#primaryimage"},"image":{"@id":"https:\/\/www.musculoesqueleticousp.com.br\/pesquisas\/orientadores\/heitor-martins-pasquim\/#primaryimage"},"thumbnailUrl":"https:\/\/www.musculoesqueleticousp.com.br\/wp-content\/uploads\/2025\/07\/foto-2025-169x300.jpg","datePublished":"2025-07-24T14:50:52+00:00","dateModified":"2025-07-25T12:04:31+00:00","breadcrumb":{"@id":"https:\/\/www.musculoesqueleticousp.com.br\/pesquisas\/orientadores\/heitor-martins-pasquim\/#breadcrumb"},"inLanguage":"es","potentialAction":[{"@type":"ReadAction","target":["https:\/\/www.musculoesqueleticousp.com.br\/pesquisas\/orientadores\/heitor-martins-pasquim\/"]}]},{"@type":"ImageObject","inLanguage":"es","@id":"https:\/\/www.musculoesqueleticousp.com.br\/pesquisas\/orientadores\/heitor-martins-pasquim\/#primaryimage","url":"https:\/\/www.musculoesqueleticousp.com.br\/wp-content\/uploads\/2025\/07\/foto-2025-169x300.jpg","contentUrl":"https:\/\/www.musculoesqueleticousp.com.br\/wp-content\/uploads\/2025\/07\/foto-2025-169x300.jpg"},{"@type":"BreadcrumbList","@id":"https:\/\/www.musculoesqueleticousp.com.br\/pesquisas\/orientadores\/heitor-martins-pasquim\/#breadcrumb","itemListElement":[{"@type":"ListItem","position":1,"name":"Home","item":"https:\/\/www.musculoesqueleticousp.com.br\/en\/"},{"@type":"ListItem","position":2,"name":"Research","item":"https:\/\/www.musculoesqueleticousp.com.br\/en\/pesquisas\/"},{"@type":"ListItem","position":3,"name":"Orientadores","item":"https:\/\/www.musculoesqueleticousp.com.br\/pesquisas\/orientadores\/"},{"@type":"ListItem","position":4,"name":"Heitor Martins Pasquim"}]},{"@type":"WebSite","@id":"https:\/\/www.musculoesqueleticousp.com.br\/en\/#website","url":"https:\/\/www.musculoesqueleticousp.com.br\/en\/","name":"P\u00f3s-Gradua\u00e7\u00e3o em Ci\u00eancias do Sistema Musculoesquel\u00e9tico","description":"Website do P\u00f3s-Gradua\u00e7\u00e3o em Ci\u00eancias do Sistema Musculoesquel\u00e9tico","publisher":{"@id":"https:\/\/www.musculoesqueleticousp.com.br\/en\/#organization"},"potentialAction":[{"@type":"SearchAction","target":{"@type":"EntryPoint","urlTemplate":"https:\/\/www.musculoesqueleticousp.com.br\/en\/?s={search_term_string}"},"query-input":{"@type":"PropertyValueSpecification","valueRequired":true,"valueName":"search_term_string"}}],"inLanguage":"es"},{"@type":"Organization","@id":"https:\/\/www.musculoesqueleticousp.com.br\/en\/#organization","name":"P\u00f3s-Gradua\u00e7\u00e3o em Ci\u00eancias do Sistema Musculoesquel\u00e9tico","url":"https:\/\/www.musculoesqueleticousp.com.br\/en\/","logo":{"@type":"ImageObject","inLanguage":"es","@id":"https:\/\/www.musculoesqueleticousp.com.br\/en\/#\/schema\/logo\/image\/","url":"https:\/\/www.musculoesqueleticousp.com.br\/wp-content\/uploads\/2020\/04\/logo_pg_cme_v3_h120.png","contentUrl":"https:\/\/www.musculoesqueleticousp.com.br\/wp-content\/uploads\/2020\/04\/logo_pg_cme_v3_h120.png","width":481,"height":120,"caption":"P\u00f3s-Gradua\u00e7\u00e3o em Ci\u00eancias do Sistema Musculoesquel\u00e9tico"},"image":{"@id":"https:\/\/www.musculoesqueleticousp.com.br\/en\/#\/schema\/logo\/image\/"}}]}},"_links":{"self":[{"href":"https:\/\/www.musculoesqueleticousp.com.br\/es\/wp-json\/wp\/v2\/pages\/78238","targetHints":{"allow":["GET"]}}],"collection":[{"href":"https:\/\/www.musculoesqueleticousp.com.br\/es\/wp-json\/wp\/v2\/pages"}],"about":[{"href":"https:\/\/www.musculoesqueleticousp.com.br\/es\/wp-json\/wp\/v2\/types\/page"}],"author":[{"embeddable":true,"href":"https:\/\/www.musculoesqueleticousp.com.br\/es\/wp-json\/wp\/v2\/users\/3"}],"replies":[{"embeddable":true,"href":"https:\/\/www.musculoesqueleticousp.com.br\/es\/wp-json\/wp\/v2\/comments?post=78238"}],"version-history":[{"count":4,"href":"https:\/\/www.musculoesqueleticousp.com.br\/es\/wp-json\/wp\/v2\/pages\/78238\/revisions"}],"predecessor-version":[{"id":78308,"href":"https:\/\/www.musculoesqueleticousp.com.br\/es\/wp-json\/wp\/v2\/pages\/78238\/revisions\/78308"}],"up":[{"embeddable":true,"href":"https:\/\/www.musculoesqueleticousp.com.br\/es\/wp-json\/wp\/v2\/pages\/25"}],"wp:attachment":[{"href":"https:\/\/www.musculoesqueleticousp.com.br\/es\/wp-json\/wp\/v2\/media?parent=78238"}],"curies":[{"name":"wp","href":"https:\/\/api.w.org\/{rel}","templated":true}]}}