{"id":737,"date":"2020-07-08T18:20:29","date_gmt":"2020-07-08T21:20:29","guid":{"rendered":"http:\/\/www.musculoesqueleticousp.com.br\/?page_id=737"},"modified":"2024-06-18T16:22:31","modified_gmt":"2024-06-18T19:22:31","slug":"clovis-arthur-almeida-da-silva","status":"publish","type":"page","link":"https:\/\/www.musculoesqueleticousp.com.br\/es\/pesquisas\/orientadores\/clovis-arthur-almeida-da-silva\/","title":{"rendered":"Clovis Arthur Almeida da Silva"},"content":{"rendered":"<p><strong><img loading=\"lazy\" decoding=\"async\" class=\"wp-image-738 alignleft\" src=\"http:\/\/www.musculoesqueleticousp.com.br\/wp-content\/uploads\/2020\/07\/FOTO_CLOVIS-ARTUR-ALMEIDA-DA-SILVA-260x300.jpg\" alt=\"\" width=\"195\" height=\"225\" srcset=\"https:\/\/www.musculoesqueleticousp.com.br\/wp-content\/uploads\/2020\/07\/FOTO_CLOVIS-ARTUR-ALMEIDA-DA-SILVA-260x300.jpg 260w, https:\/\/www.musculoesqueleticousp.com.br\/wp-content\/uploads\/2020\/07\/FOTO_CLOVIS-ARTUR-ALMEIDA-DA-SILVA-126x146.jpg 126w, https:\/\/www.musculoesqueleticousp.com.br\/wp-content\/uploads\/2020\/07\/FOTO_CLOVIS-ARTUR-ALMEIDA-DA-SILVA-43x50.jpg 43w, https:\/\/www.musculoesqueleticousp.com.br\/wp-content\/uploads\/2020\/07\/FOTO_CLOVIS-ARTUR-ALMEIDA-DA-SILVA-65x75.jpg 65w, https:\/\/www.musculoesqueleticousp.com.br\/wp-content\/uploads\/2020\/07\/FOTO_CLOVIS-ARTUR-ALMEIDA-DA-SILVA.jpg 692w\" sizes=\"auto, (max-width: 195px) 100vw, 195px\" \/><\/strong><strong>T\u00edtulo:<\/strong>\u00a0Profesor Titular<br \/>\n<strong>E-mail: <\/strong><a href=\"mailto:clovis.silva@hc.fm.usp.br\">clovis.silva@hc.fm.usp.br<\/a><br \/>\n<strong>Lattes:<\/strong> <a href=\"http:\/\/lattes.cnpq.br\/4428785157940057\" target=\"_blank\" rel=\"noopener noreferrer\">http:\/\/lattes.cnpq.br\/4428785157940057<\/a><br \/>\n<strong>Bolsa produtividade CNPq<\/strong>: \u00a0PQ-1A<br \/>\n<strong>Orcid<\/strong>: ID 0000-0001-9250-6508 &#8211; <a href=\"https:\/\/orcid.org\/0000-0001-9250-6508\">https:\/\/orcid.org\/0000-0001-9250-6508<\/a><br \/>\n<strong>Scopus<\/strong>: ID 7201387495 &#8211; <a href=\"https:\/\/www.scopus.com\/authid\/detail.uri?authorId=7201387495\">https:\/\/www.scopus.com\/authid\/detail.uri?authorId=7201387495<\/a><br \/>\n<strong>Google scholar<\/strong>: ID hR22aI4AAAAJ &#8211; <a href=\"https:\/\/scholar.google.com.br\/citations?user=hR22aI4AAAAJ&amp;hl=pt-BR&amp;oi=ao\">https:\/\/scholar.google.com.br\/citations?user=hR22aI4AAAAJ&amp;hl=pt-BR&amp;oi=ao<\/a><br \/>\n<strong>Research ID<\/strong>: J-3640-2017 &#8211; <a href=\"https:\/\/publons.com\/researcher\/1625971\/clovis-silva\/\">https:\/\/publons.com\/researcher\/1625971\/clovis-silva\/<\/a><\/p>\n<p>&nbsp;<\/p>\n<h2><strong>L\u00edneas de Investigaci\u00f3n:<\/strong><\/h2>\n<p>1) \u201cSalud de Adolescentes en la Era Digital\u201d, 2) \u201cSalud Reproductiva en Adolescentes y Adultos con Enfermedades Cr\u00f3nicas\u201d y 3) \u201cEnfermedades Cr\u00f3nicas en Ni\u00f1os, Adolescentes y J\u00f3venes\u201d.<\/p>\n<h2><strong>Resumen:<\/strong><\/h2>\n<ol>\n<li>La l\u00ednea de investigaci\u00f3n \u201cSalud de Adolescentes en la Era Digital\u201d ha explorado la relaci\u00f3n entre el uso de los medios digitales y los s\u00edndromes dolorosos musculoesquel\u00e9ticos cr\u00f3nicos e idiop\u00e1ticos (fibromialgia juvenil, s\u00edndrome miofascial, s\u00edndrome de la hipermovilidad articular benigna, tendinitis, bursitis y epicondilitis) en adolescentes eutr\u00f3ficos de escuelas p\u00fablicas y privadas, as\u00ed como en adolescentes con enfermedades cr\u00f3nicas: asma, artritis idiop\u00e1tica juvenil y obesidad.<\/li>\n<li>La l\u00ednea de investigaci\u00f3n \u201cSalud Reproductiva en Adolescentes y Adultos con Enfermedades Cr\u00f3nicas\u201d incluye de forma pionera estudios tanto en el sexo femenino como en el masculino sobre funci\u00f3n gonadal. As\u00ed, varias investigaciones han sido estudiadas en el sexo femenino sobre embarazo, displasias cervicales, infecciones sexualmente transmisibles y m\u00e1s recientemente estudios en el \u00e1rea de metabol\u00f3mica, particularmente en pacientes con lupus eritematoso sist\u00e9mico (LES), s\u00edndrome del anticuerpo antifosfol\u00edpido, espondiloartritis, artritis idiop\u00e1tica juvenil, dermatomiositis, polimiositis, arteritis de Takayasu, s\u00edndrome de Beh\u00e7et y epilepsias.<\/li>\n<li>La l\u00ednea de investigaci\u00f3n \u201cEnfermedades Cr\u00f3nicas en Ni\u00f1os, Adolescentes y J\u00f3venes\u201d ha sido aquella con mayor expansi\u00f3n, incluyendo diversos aspectos: a) \u201cGrupos Multic\u00e9ntricos de Enfermedades Cr\u00f3nicas Pedi\u00e1tricas\u201d, b) \u201cCalidad de Vida Relacionada a la Salud en el Ni\u00f1o, en el Adolescente y su N\u00facleo Social\u201d, c) \u201cPeriodontitis, Dislipidemia y Masa \u00f3sea\u201d, d) \u201cDiagn\u00f3stico y Etiopatogenia de las Enfermedades del Sistema Inmunol\u00f3gico\u201d, e) \u201cIntervenciones Terap\u00e9uticas y Farmacocin\u00e9ticas en Adolescentes y Adultos con Enfermedades Cr\u00f3nicas\u201d y f) \u201cVulnerabilidad en Adolescentes\u201d. Dos grupos multic\u00e9ntricos con amplia interdisciplinariedad de enfermedades cr\u00f3nicas pedi\u00e1tricas que coordino merecen destaque nacionalmente e internacionalmente. Desde 2012, lidero el Grupo Brasile\u00f1o de Lupus Eritematoso Sist\u00e9mico Juvenil (LESJ) (\u201cBrazilian Childhood-Onset Systemic Lupus Erythematosus &#8211; BRAC-SLE\u201d). Actualmente, en conjunto con la Prof. Maria Teresa Ramos Ascens\u00e3o Terreri (UNIFESP) y la Prof. Graciela Espada (Argentina), extendimos y propusimos el Grupo Latinoamericano de S\u00edndromes Autoinflamatorios, con evaluaciones prospectivas.<\/li>\n<\/ol>\n<h2><b>Art\u00edculos Relevantes\u00a0<\/b><\/h2>\n<ol>\n<li>Brunner HI, Holland MJ, Beresford MW, Ardoin SP, Appenzeller S, Silva CA, Flores F, Goilav B, Avar Aydin PO, Wenderfer SE, Levy DM, Ravelli A, Khubchandani R, Avcin T, Klein-Gitelman MS, Ruperto N, Feldman BM, Ying J; Paediatric Rheumatology International Trial Organisation and Pediatric Rheumatology Collaborative Study Group. American College of Rheumatology Provisional Criteria for Clinically Relevant Improvement in Children and Adolescents With Childhood-Onset Systemic Lupus Erythematosus. Arthritis Care Res (Hoboken). 2019;71(5):579-590.<\/li>\n<li>Setoue DN, Pitta AC, Fiorot FJ, Nastri MM, Novak GV, Molinari BC, Oliveira JC, Gormezano NW, Sakamoto AP, Terreri MT, Pereira RM, Saad-Magalh\u00e3es C, Sallum AM, Kozu K, Fraga MM, Piotto DP, Clemente G, Marini R, Gomes HR, Rabelo-Junior CN, Felix MM, Ribeiro MC, Almeida RG, Assad AP, Sacchetti SB, Barros LC, Bonf\u00e1 E, Silva CA; Brazilian Childhood-onset Systemic Lupus Erythematosus Group. Symptomatic polyautoimmunity at diagnosis of 1463 childhood-onset lupus: A Brazilian multicenter study. Autoimmun Rev. 2018;17(8):836-839.<\/li>\n<li>Gualano B, Bonfa E, Pereira RMR, Silva CA. Physical activity for paediatric rheumatic diseases: standing up against old paradigms. Nat Rev Rheumatol. 2017;13(6):368-379.<\/li>\n<li>Soares PM, Borba EF, Bonfa E, Hallak J, Corr\u00eaa AL, Silva CA. Gonad evaluation in male systemic lupus erythematosus. Arthritis Rheum. 2007;56(7):2352-61.<\/li>\n<li>Zapata AL, Moraes AJ, Leone C, Doria-Filho U, Silva CA. Pain and musculoskeletal pain syndromes in adolescents. J Adolesc Health. 2006;38(6):769-71.<\/li>\n<\/ol>\n<p>&nbsp;<\/p>\n<h2><strong>PROJETOS ORIENTADOR\/ LINHA<\/strong><\/h2>\n<p><strong>Linha 6. SISTEMA IMUNE E AUTOIMUNE<br \/>\n<\/strong><strong>PROJETO CLOVIS SILVA:<\/strong> ESTRAT\u00c9GIAS DE PREVEN\u00c7\u00c3O DE INFEC\u00c7\u00d5ES E SEUS MECANISMOS EM CRIAN\u00c7AS, ADOLESCENTES E ADULTOS COM DOEN\u00c7AS REUMATOL\u00d3GICAS AUTOIMUNES<br \/>\n<strong>PROJETO CLOVIS SILVA:<\/strong> ESTUDOS SOBRE CONDI\u00c7\u00d5ES CR\u00d4NICAS EM CRIAN\u00c7AS, ADOLESCENTES E JOVENS COM DOEN\u00c7AS REUMATOL\u00d3GICAS: UMA ABORDAGEM MULTIDISCIPLINAR<\/p>","protected":false},"excerpt":{"rendered":"<p>T\u00edtulo:\u00a0Profesor Titular E-mail: clovis.silva@hc.fm.usp.br Lattes: http:\/\/lattes.cnpq.br\/4428785157940057 Bolsa produtividade CNPq: \u00a0PQ-1A Orcid: ID 0000-0001-9250-6508 &#8211; https:\/\/orcid.org\/0000-0001-9250-6508 Scopus: ID 7201387495 &#8211; https:\/\/www.scopus.com\/authid\/detail.uri?authorId=7201387495 Google scholar: ID hR22aI4AAAAJ &#8211; https:\/\/scholar.google.com.br\/citations?user=hR22aI4AAAAJ&amp;hl=pt-BR&amp;oi=ao [&hellip;]<\/p>\n","protected":false},"author":3,"featured_media":0,"parent":25,"menu_order":0,"comment_status":"closed","ping_status":"closed","template":"","meta":{"footnotes":""},"class_list":["post-737","page","type-page","status-publish","hentry"],"yoast_head":"<!-- This site is optimized with the Yoast SEO plugin v25.5 - https:\/\/yoast.com\/wordpress\/plugins\/seo\/ -->\n<title>Clovis Arthur Almeida da Silva - P\u00f3s-Gradua\u00e7\u00e3o em Ci\u00eancias do Sistema Musculoesquel\u00e9tico<\/title>\n<meta name=\"robots\" content=\"index, follow, max-snippet:-1, max-image-preview:large, max-video-preview:-1\" \/>\n<link rel=\"canonical\" href=\"https:\/\/www.musculoesqueleticousp.com.br\/pesquisas\/orientadores\/clovis-arthur-almeida-da-silva\/\" \/>\n<meta property=\"og:locale\" content=\"es_ES\" \/>\n<meta property=\"og:type\" content=\"article\" \/>\n<meta property=\"og:title\" content=\"Clovis Arthur Almeida da Silva - P\u00f3s-Gradua\u00e7\u00e3o em Ci\u00eancias do Sistema Musculoesquel\u00e9tico\" \/>\n<meta property=\"og:description\" content=\"T\u00edtulo:\u00a0Profesor Titular E-mail: clovis.silva@hc.fm.usp.br Lattes: http:\/\/lattes.cnpq.br\/4428785157940057 Bolsa produtividade CNPq: \u00a0PQ-1A Orcid: ID 0000-0001-9250-6508 &#8211; https:\/\/orcid.org\/0000-0001-9250-6508 Scopus: ID 7201387495 &#8211; https:\/\/www.scopus.com\/authid\/detail.uri?authorId=7201387495 Google scholar: ID hR22aI4AAAAJ &#8211; https:\/\/scholar.google.com.br\/citations?user=hR22aI4AAAAJ&amp;hl=pt-BR&amp;oi=ao [&hellip;]\" \/>\n<meta property=\"og:url\" content=\"https:\/\/www.musculoesqueleticousp.com.br\/pesquisas\/orientadores\/clovis-arthur-almeida-da-silva\/\" \/>\n<meta property=\"og:site_name\" content=\"P\u00f3s-Gradua\u00e7\u00e3o em Ci\u00eancias do Sistema Musculoesquel\u00e9tico\" \/>\n<meta property=\"article:modified_time\" content=\"2024-06-18T19:22:31+00:00\" \/>\n<meta property=\"og:image\" content=\"http:\/\/www.musculoesqueleticousp.com.br\/wp-content\/uploads\/2020\/07\/FOTO_CLOVIS-ARTUR-ALMEIDA-DA-SILVA-260x300.jpg\" \/>\n<meta name=\"twitter:card\" content=\"summary_large_image\" \/>\n<meta name=\"twitter:label1\" content=\"Tiempo de lectura\" \/>\n\t<meta name=\"twitter:data1\" content=\"11 minutos\" \/>\n<script type=\"application\/ld+json\" class=\"yoast-schema-graph\">{\"@context\":\"https:\/\/schema.org\",\"@graph\":[{\"@type\":\"WebPage\",\"@id\":\"https:\/\/www.musculoesqueleticousp.com.br\/pesquisas\/orientadores\/clovis-arthur-almeida-da-silva\/\",\"url\":\"https:\/\/www.musculoesqueleticousp.com.br\/pesquisas\/orientadores\/clovis-arthur-almeida-da-silva\/\",\"name\":\"Clovis Arthur Almeida da Silva - P\u00f3s-Gradua\u00e7\u00e3o em Ci\u00eancias do Sistema Musculoesquel\u00e9tico\",\"isPartOf\":{\"@id\":\"https:\/\/www.musculoesqueleticousp.com.br\/en\/#website\"},\"primaryImageOfPage\":{\"@id\":\"https:\/\/www.musculoesqueleticousp.com.br\/pesquisas\/orientadores\/clovis-arthur-almeida-da-silva\/#primaryimage\"},\"image\":{\"@id\":\"https:\/\/www.musculoesqueleticousp.com.br\/pesquisas\/orientadores\/clovis-arthur-almeida-da-silva\/#primaryimage\"},\"thumbnailUrl\":\"http:\/\/www.musculoesqueleticousp.com.br\/wp-content\/uploads\/2020\/07\/FOTO_CLOVIS-ARTUR-ALMEIDA-DA-SILVA-260x300.jpg\",\"datePublished\":\"2020-07-08T21:20:29+00:00\",\"dateModified\":\"2024-06-18T19:22:31+00:00\",\"breadcrumb\":{\"@id\":\"https:\/\/www.musculoesqueleticousp.com.br\/pesquisas\/orientadores\/clovis-arthur-almeida-da-silva\/#breadcrumb\"},\"inLanguage\":\"es\",\"potentialAction\":[{\"@type\":\"ReadAction\",\"target\":[\"https:\/\/www.musculoesqueleticousp.com.br\/pesquisas\/orientadores\/clovis-arthur-almeida-da-silva\/\"]}]},{\"@type\":\"ImageObject\",\"inLanguage\":\"es\",\"@id\":\"https:\/\/www.musculoesqueleticousp.com.br\/pesquisas\/orientadores\/clovis-arthur-almeida-da-silva\/#primaryimage\",\"url\":\"http:\/\/www.musculoesqueleticousp.com.br\/wp-content\/uploads\/2020\/07\/FOTO_CLOVIS-ARTUR-ALMEIDA-DA-SILVA-260x300.jpg\",\"contentUrl\":\"http:\/\/www.musculoesqueleticousp.com.br\/wp-content\/uploads\/2020\/07\/FOTO_CLOVIS-ARTUR-ALMEIDA-DA-SILVA-260x300.jpg\"},{\"@type\":\"BreadcrumbList\",\"@id\":\"https:\/\/www.musculoesqueleticousp.com.br\/pesquisas\/orientadores\/clovis-arthur-almeida-da-silva\/#breadcrumb\",\"itemListElement\":[{\"@type\":\"ListItem\",\"position\":1,\"name\":\"Home\",\"item\":\"https:\/\/www.musculoesqueleticousp.com.br\/en\/\"},{\"@type\":\"ListItem\",\"position\":2,\"name\":\"Research\",\"item\":\"https:\/\/www.musculoesqueleticousp.com.br\/en\/pesquisas\/\"},{\"@type\":\"ListItem\",\"position\":3,\"name\":\"Orientadores\",\"item\":\"https:\/\/www.musculoesqueleticousp.com.br\/pesquisas\/orientadores\/\"},{\"@type\":\"ListItem\",\"position\":4,\"name\":\"Clovis Arthur Almeida da Silva\"}]},{\"@type\":\"WebSite\",\"@id\":\"https:\/\/www.musculoesqueleticousp.com.br\/en\/#website\",\"url\":\"https:\/\/www.musculoesqueleticousp.com.br\/en\/\",\"name\":\"P\u00f3s-Gradua\u00e7\u00e3o em Ci\u00eancias do Sistema Musculoesquel\u00e9tico\",\"description\":\"Website do P\u00f3s-Gradua\u00e7\u00e3o em Ci\u00eancias do Sistema Musculoesquel\u00e9tico\",\"publisher\":{\"@id\":\"https:\/\/www.musculoesqueleticousp.com.br\/en\/#organization\"},\"potentialAction\":[{\"@type\":\"SearchAction\",\"target\":{\"@type\":\"EntryPoint\",\"urlTemplate\":\"https:\/\/www.musculoesqueleticousp.com.br\/en\/?s={search_term_string}\"},\"query-input\":{\"@type\":\"PropertyValueSpecification\",\"valueRequired\":true,\"valueName\":\"search_term_string\"}}],\"inLanguage\":\"es\"},{\"@type\":\"Organization\",\"@id\":\"https:\/\/www.musculoesqueleticousp.com.br\/en\/#organization\",\"name\":\"P\u00f3s-Gradua\u00e7\u00e3o em Ci\u00eancias do Sistema Musculoesquel\u00e9tico\",\"url\":\"https:\/\/www.musculoesqueleticousp.com.br\/en\/\",\"logo\":{\"@type\":\"ImageObject\",\"inLanguage\":\"es\",\"@id\":\"https:\/\/www.musculoesqueleticousp.com.br\/en\/#\/schema\/logo\/image\/\",\"url\":\"https:\/\/www.musculoesqueleticousp.com.br\/wp-content\/uploads\/2020\/04\/logo_pg_cme_v3_h120.png\",\"contentUrl\":\"https:\/\/www.musculoesqueleticousp.com.br\/wp-content\/uploads\/2020\/04\/logo_pg_cme_v3_h120.png\",\"width\":481,\"height\":120,\"caption\":\"P\u00f3s-Gradua\u00e7\u00e3o em Ci\u00eancias do Sistema Musculoesquel\u00e9tico\"},\"image\":{\"@id\":\"https:\/\/www.musculoesqueleticousp.com.br\/en\/#\/schema\/logo\/image\/\"}}]}<\/script>\n<!-- \/ Yoast SEO plugin. -->","yoast_head_json":{"title":"Clovis Arthur Almeida da Silva - P\u00f3s-Gradua\u00e7\u00e3o em Ci\u00eancias do Sistema Musculoesquel\u00e9tico","robots":{"index":"index","follow":"follow","max-snippet":"max-snippet:-1","max-image-preview":"max-image-preview:large","max-video-preview":"max-video-preview:-1"},"canonical":"https:\/\/www.musculoesqueleticousp.com.br\/pesquisas\/orientadores\/clovis-arthur-almeida-da-silva\/","og_locale":"es_ES","og_type":"article","og_title":"Clovis Arthur Almeida da Silva - P\u00f3s-Gradua\u00e7\u00e3o em Ci\u00eancias do Sistema Musculoesquel\u00e9tico","og_description":"T\u00edtulo:\u00a0Profesor Titular E-mail: clovis.silva@hc.fm.usp.br Lattes: http:\/\/lattes.cnpq.br\/4428785157940057 Bolsa produtividade CNPq: \u00a0PQ-1A Orcid: ID 0000-0001-9250-6508 &#8211; https:\/\/orcid.org\/0000-0001-9250-6508 Scopus: ID 7201387495 &#8211; https:\/\/www.scopus.com\/authid\/detail.uri?authorId=7201387495 Google scholar: ID hR22aI4AAAAJ &#8211; https:\/\/scholar.google.com.br\/citations?user=hR22aI4AAAAJ&amp;hl=pt-BR&amp;oi=ao [&hellip;]","og_url":"https:\/\/www.musculoesqueleticousp.com.br\/pesquisas\/orientadores\/clovis-arthur-almeida-da-silva\/","og_site_name":"P\u00f3s-Gradua\u00e7\u00e3o em Ci\u00eancias do Sistema Musculoesquel\u00e9tico","article_modified_time":"2024-06-18T19:22:31+00:00","og_image":[{"url":"http:\/\/www.musculoesqueleticousp.com.br\/wp-content\/uploads\/2020\/07\/FOTO_CLOVIS-ARTUR-ALMEIDA-DA-SILVA-260x300.jpg","type":"","width":"","height":""}],"twitter_card":"summary_large_image","twitter_misc":{"Tiempo de lectura":"11 minutos"},"schema":{"@context":"https:\/\/schema.org","@graph":[{"@type":"WebPage","@id":"https:\/\/www.musculoesqueleticousp.com.br\/pesquisas\/orientadores\/clovis-arthur-almeida-da-silva\/","url":"https:\/\/www.musculoesqueleticousp.com.br\/pesquisas\/orientadores\/clovis-arthur-almeida-da-silva\/","name":"Clovis Arthur Almeida da Silva - P\u00f3s-Gradua\u00e7\u00e3o em Ci\u00eancias do Sistema Musculoesquel\u00e9tico","isPartOf":{"@id":"https:\/\/www.musculoesqueleticousp.com.br\/en\/#website"},"primaryImageOfPage":{"@id":"https:\/\/www.musculoesqueleticousp.com.br\/pesquisas\/orientadores\/clovis-arthur-almeida-da-silva\/#primaryimage"},"image":{"@id":"https:\/\/www.musculoesqueleticousp.com.br\/pesquisas\/orientadores\/clovis-arthur-almeida-da-silva\/#primaryimage"},"thumbnailUrl":"http:\/\/www.musculoesqueleticousp.com.br\/wp-content\/uploads\/2020\/07\/FOTO_CLOVIS-ARTUR-ALMEIDA-DA-SILVA-260x300.jpg","datePublished":"2020-07-08T21:20:29+00:00","dateModified":"2024-06-18T19:22:31+00:00","breadcrumb":{"@id":"https:\/\/www.musculoesqueleticousp.com.br\/pesquisas\/orientadores\/clovis-arthur-almeida-da-silva\/#breadcrumb"},"inLanguage":"es","potentialAction":[{"@type":"ReadAction","target":["https:\/\/www.musculoesqueleticousp.com.br\/pesquisas\/orientadores\/clovis-arthur-almeida-da-silva\/"]}]},{"@type":"ImageObject","inLanguage":"es","@id":"https:\/\/www.musculoesqueleticousp.com.br\/pesquisas\/orientadores\/clovis-arthur-almeida-da-silva\/#primaryimage","url":"http:\/\/www.musculoesqueleticousp.com.br\/wp-content\/uploads\/2020\/07\/FOTO_CLOVIS-ARTUR-ALMEIDA-DA-SILVA-260x300.jpg","contentUrl":"http:\/\/www.musculoesqueleticousp.com.br\/wp-content\/uploads\/2020\/07\/FOTO_CLOVIS-ARTUR-ALMEIDA-DA-SILVA-260x300.jpg"},{"@type":"BreadcrumbList","@id":"https:\/\/www.musculoesqueleticousp.com.br\/pesquisas\/orientadores\/clovis-arthur-almeida-da-silva\/#breadcrumb","itemListElement":[{"@type":"ListItem","position":1,"name":"Home","item":"https:\/\/www.musculoesqueleticousp.com.br\/en\/"},{"@type":"ListItem","position":2,"name":"Research","item":"https:\/\/www.musculoesqueleticousp.com.br\/en\/pesquisas\/"},{"@type":"ListItem","position":3,"name":"Orientadores","item":"https:\/\/www.musculoesqueleticousp.com.br\/pesquisas\/orientadores\/"},{"@type":"ListItem","position":4,"name":"Clovis Arthur Almeida da Silva"}]},{"@type":"WebSite","@id":"https:\/\/www.musculoesqueleticousp.com.br\/en\/#website","url":"https:\/\/www.musculoesqueleticousp.com.br\/en\/","name":"P\u00f3s-Gradua\u00e7\u00e3o em Ci\u00eancias do Sistema Musculoesquel\u00e9tico","description":"Website do P\u00f3s-Gradua\u00e7\u00e3o em Ci\u00eancias do Sistema Musculoesquel\u00e9tico","publisher":{"@id":"https:\/\/www.musculoesqueleticousp.com.br\/en\/#organization"},"potentialAction":[{"@type":"SearchAction","target":{"@type":"EntryPoint","urlTemplate":"https:\/\/www.musculoesqueleticousp.com.br\/en\/?s={search_term_string}"},"query-input":{"@type":"PropertyValueSpecification","valueRequired":true,"valueName":"search_term_string"}}],"inLanguage":"es"},{"@type":"Organization","@id":"https:\/\/www.musculoesqueleticousp.com.br\/en\/#organization","name":"P\u00f3s-Gradua\u00e7\u00e3o em Ci\u00eancias do Sistema Musculoesquel\u00e9tico","url":"https:\/\/www.musculoesqueleticousp.com.br\/en\/","logo":{"@type":"ImageObject","inLanguage":"es","@id":"https:\/\/www.musculoesqueleticousp.com.br\/en\/#\/schema\/logo\/image\/","url":"https:\/\/www.musculoesqueleticousp.com.br\/wp-content\/uploads\/2020\/04\/logo_pg_cme_v3_h120.png","contentUrl":"https:\/\/www.musculoesqueleticousp.com.br\/wp-content\/uploads\/2020\/04\/logo_pg_cme_v3_h120.png","width":481,"height":120,"caption":"P\u00f3s-Gradua\u00e7\u00e3o em Ci\u00eancias do Sistema Musculoesquel\u00e9tico"},"image":{"@id":"https:\/\/www.musculoesqueleticousp.com.br\/en\/#\/schema\/logo\/image\/"}}]}},"_links":{"self":[{"href":"https:\/\/www.musculoesqueleticousp.com.br\/es\/wp-json\/wp\/v2\/pages\/737","targetHints":{"allow":["GET"]}}],"collection":[{"href":"https:\/\/www.musculoesqueleticousp.com.br\/es\/wp-json\/wp\/v2\/pages"}],"about":[{"href":"https:\/\/www.musculoesqueleticousp.com.br\/es\/wp-json\/wp\/v2\/types\/page"}],"author":[{"embeddable":true,"href":"https:\/\/www.musculoesqueleticousp.com.br\/es\/wp-json\/wp\/v2\/users\/3"}],"replies":[{"embeddable":true,"href":"https:\/\/www.musculoesqueleticousp.com.br\/es\/wp-json\/wp\/v2\/comments?post=737"}],"version-history":[{"count":17,"href":"https:\/\/www.musculoesqueleticousp.com.br\/es\/wp-json\/wp\/v2\/pages\/737\/revisions"}],"predecessor-version":[{"id":2833,"href":"https:\/\/www.musculoesqueleticousp.com.br\/es\/wp-json\/wp\/v2\/pages\/737\/revisions\/2833"}],"up":[{"embeddable":true,"href":"https:\/\/www.musculoesqueleticousp.com.br\/es\/wp-json\/wp\/v2\/pages\/25"}],"wp:attachment":[{"href":"https:\/\/www.musculoesqueleticousp.com.br\/es\/wp-json\/wp\/v2\/media?parent=737"}],"curies":[{"name":"wp","href":"https:\/\/api.w.org\/{rel}","templated":true}]}}