{"id":728,"date":"2020-07-07T21:26:48","date_gmt":"2020-07-08T00:26:48","guid":{"rendered":"http:\/\/www.musculoesqueleticousp.com.br\/?page_id=728"},"modified":"2024-06-18T16:58:01","modified_gmt":"2024-06-18T19:58:01","slug":"walcy-paganelli-rosolia-teodoro","status":"publish","type":"page","link":"https:\/\/www.musculoesqueleticousp.com.br\/es\/pesquisas\/orientadores\/walcy-paganelli-rosolia-teodoro\/","title":{"rendered":"Walcy Paganelli Rosolia Teodoro"},"content":{"rendered":"<p><strong><img loading=\"lazy\" decoding=\"async\" class=\"wp-image-729 alignleft\" src=\"http:\/\/www.musculoesqueleticousp.com.br\/wp-content\/uploads\/2020\/07\/FOTO_WALCY-ROSOLIA02-300x198.jpg\" alt=\"\" width=\"328\" height=\"217\" srcset=\"https:\/\/www.musculoesqueleticousp.com.br\/wp-content\/uploads\/2020\/07\/FOTO_WALCY-ROSOLIA02-300x198.jpg 300w, https:\/\/www.musculoesqueleticousp.com.br\/wp-content\/uploads\/2020\/07\/FOTO_WALCY-ROSOLIA02-1024x677.jpg 1024w, https:\/\/www.musculoesqueleticousp.com.br\/wp-content\/uploads\/2020\/07\/FOTO_WALCY-ROSOLIA02-768x507.jpg 768w, https:\/\/www.musculoesqueleticousp.com.br\/wp-content\/uploads\/2020\/07\/FOTO_WALCY-ROSOLIA02-1536x1015.jpg 1536w, https:\/\/www.musculoesqueleticousp.com.br\/wp-content\/uploads\/2020\/07\/FOTO_WALCY-ROSOLIA02-221x146.jpg 221w, https:\/\/www.musculoesqueleticousp.com.br\/wp-content\/uploads\/2020\/07\/FOTO_WALCY-ROSOLIA02-50x33.jpg 50w, https:\/\/www.musculoesqueleticousp.com.br\/wp-content\/uploads\/2020\/07\/FOTO_WALCY-ROSOLIA02-114x75.jpg 114w, https:\/\/www.musculoesqueleticousp.com.br\/wp-content\/uploads\/2020\/07\/FOTO_WALCY-ROSOLIA02.jpg 1680w\" sizes=\"auto, (max-width: 328px) 100vw, 328px\" \/><\/strong><\/p>\n<p><strong>T\u00edtulo:<\/strong>\u00a0Postdoctorado<br \/>\n<strong>E-mail: <\/strong><a href=\"mailto:walcy.teodoro@fm.usp.br\">walcy.teodoro@fm.usp.br<\/a><br \/>\n<strong>Lattes:\u00a0<\/strong><a href=\"http:\/\/lattes.cnpq.br\/2069814538238357\">http:\/\/lattes.cnpq.br\/2069814538238357<\/a><br \/>\n<strong>Orcid: <\/strong>ID <strong>\u00a0<\/strong>0000-0001-7559-4542 &#8211; <a href=\"https:\/\/orcid.org\/0000-0001-7559-4542\">https:\/\/orcid.org\/0000-0001-7559-4542<\/a><br \/>\n<strong>Scopus:\u00a0<\/strong>ID 6602886287 &#8211; <a href=\"https:\/\/www.scopus.com\/authid\/detail.uri?authorId=6602886287\">https:\/\/www.scopus.com\/authid\/detail.uri?authorId=660288628<\/a><br \/>\n<strong>Google Scholar: <\/strong>ID bBBBYPIAAAAJ &#8211; <a href=\"https:\/\/scholar.google.com.br\/citations?user=bBBBYPIAAAAJ&amp;hl=pt-BR&amp;oi=ao\">https:\/\/scholar.google.com.br\/citations?user=bBBBYPIAAAAJ&amp;hl=pt-BR&amp;oi=ao<\/a><br \/>\n<strong>Research ID:\u00a0<\/strong>H-5133-2017 &#8211; <a href=\"https:\/\/publons.com\/researcher\/2112304\/walcy-rosolia-teodoro\/\">https:\/\/publons.com\/researcher\/2112304\/walcy-rosolia-teodoro\/<\/a><\/p>\n<h2><strong>L\u00ednea de investigaci\u00f3n:<\/strong><\/h2>\n<p>Aspectos tisulares y moleculares de la estructura y funci\u00f3n de las prote\u00ednas de la matriz extracelular en procesos inflamatorios y fibr\u00f3ticos.<\/p>\n<h2><strong>Resumen:<\/strong><\/h2>\n<p>El objetivo de nuestra l\u00ednea de investigaci\u00f3n es investigar aspectos tisulares y moleculares de la estructura y funci\u00f3n de las prote\u00ednas de la matriz extracelular, con \u00e9nfasis en las diferentes isoformas de col\u00e1geno. Se sabe que el col\u00e1geno, adem\u00e1s de ser responsable por la estructura de los tejidos, presenta las funciones de adhesi\u00f3n, proliferaci\u00f3n y migraci\u00f3n celular, y que juntamente con glicoprote\u00ednas de la membrana celular puede promover se\u00f1alizaci\u00f3n celular e inmunogenicidad. El descontrol de la s\u00edntesis de la expresi\u00f3n g\u00e9nica por cambios postranscripcionales, o alteraciones en factores de transcripci\u00f3n esenciales, lleva a defectos en la diferenciaci\u00f3n y proliferaci\u00f3n de las c\u00e9lulas que culminan en la activaci\u00f3n de procesos inflamatorios y fibr\u00f3ticos presentes en las enfermedades autoinmunes y osteoarticulares degenerativas. Nuestra propuesta es evaluar los mecanismos de control de los procesos inflamatorios y osteoarticulares que culminan en la activaci\u00f3n del proceso inflamatorio, proliferaci\u00f3n y diferenciaci\u00f3n celular \u201cin vitro\u201d e \u201cin vivo\u201d en animales y humanos, buscando la aplicabilidad de los conocimientos generados en futuras herramientas terap\u00e9uticas y diagn\u00f3sticas.<\/p>\n<h2><strong>Art\u00edculos relevantes:<br \/>\n<\/strong><\/h2>\n<ol>\n<li>Barbosa AP, Louren\u00e7o JD, Junqueira JJM, Larissa Emidio de Fran\u00e7a S, Martins JS, Oliveira Junior MC, Begalli I, Velosa APP, Olivo CR, Bastos TB, Jorgetti V, Rodolfo de Paula V, Teodoro WR, Lopes FDTQS. The deleterious effects of smoking in bone mineralization and fibrillar matrix composition. Life Sci. 2020;241:117132. doi: 10.1016\/j.lfs.2019.117132.<\/li>\n<li>Teodoro WR, de Jesus Queiroz ZA, Dos Santos LA, Catanozi S, Dos Santos Filho A, Bueno C, Vendramini MBG, Fernezlian SM, Eher EM, Sampaio-Barros PD, Pasoto SG, Lopes FDTQS, Velosa APP, Capelozzi VL. Proposition of a novel animal model of systemic sclerosis induced by type V collagen in C57BL\/6 mice that reproduces fibrosis, vasculopathy and autoimmunity. Arthritis Res Ther. 2019 ;21(1):278. doi: 10.1186\/s13075-019-2052-2.<\/li>\n<li>Atayde SR, Velosa APP, Catanozi S, Del Bianco V, Andrade PC, Rodrigues JECM, Dos Santos Filho A, Antonangelo L, de Mello SBV, Capelozzi VL, Teodoro WR. Collagen V oral administration decreases inflammation and remodeling of synovial membrane in experimental arthritis. PLoS One. 2018 Jul 30;13(7):e0201106. doi: 10.1371\/journal.pone.0201106.<\/li>\n<li>Akamatsu FE, Saleh SO, Hojaij F, Martinez CA, Andrade M, Teodoro WR, Jacomo AL. Radiofrequency preserves histoarchitecture and enhances collagen synthesis in experimental tendon injury. Histol Histopathol. 2016 May;31(5):515-22.<\/li>\n<li>Atayde SA, Yoshinari NH, Nascimento DP, Catanozi S, Andrade PC, Velosa AP, Parra ER, Passarelli M, Nakandakare ER, Capelozzi VL, Teodoro WR. Experimental diabetes modulates collagen remodelling of joints in rats. Histol Histopathol. 2012 Nov;27(11):1471-9. doi: 10.14670\/HH-27.1471.<\/li>\n<\/ol>\n<h2><strong>PROJETOS ORIENTADOR\/ LINHA<\/strong><\/h2>\n<p><strong>Linha 4. OSTEOIMUNOLOGIA E AVALIA\u00c7\u00c3O DOS PROCESSOS DE REGENERA\u00c7\u00c3O M\u00daSCULOESQUEL\u00c9TICA<br \/>\n<\/strong><strong>PROJETO WALCY TEODORO:<\/strong> ESTUDOS DA REATIVIDADE DOS COMPONENTES DA MATRIZ EXTRACELULAR NAS DOEN\u00c7AS OSTEOARTICULARES E AUTOIMNUNES: EM MODELOS PR\u00c9-CL\u00cdNICOS E TERAP\u00caUTICOS<br \/>\n<strong>PROJETO WALCY TEODORO:<\/strong> ESTUDOS SOBRE O PAPEL DO COL\u00c1GENO DO TIPO V NOS MECANISMOS DE REGENERA\u00c7\u00c3O E FIBR\u00d3TICOS<\/p>\n<h2><strong>\u00a0<\/strong><\/h2>\n<p><\/p>","protected":false},"excerpt":{"rendered":"<p>T\u00edtulo:\u00a0Postdoctorado E-mail: walcy.teodoro@fm.usp.br Lattes:\u00a0http:\/\/lattes.cnpq.br\/2069814538238357 Orcid: ID \u00a00000-0001-7559-4542 &#8211; https:\/\/orcid.org\/0000-0001-7559-4542 Scopus:\u00a0ID 6602886287 &#8211; https:\/\/www.scopus.com\/authid\/detail.uri?authorId=660288628 Google Scholar: ID bBBBYPIAAAAJ &#8211; https:\/\/scholar.google.com.br\/citations?user=bBBBYPIAAAAJ&amp;hl=pt-BR&amp;oi=ao Research ID:\u00a0H-5133-2017 &#8211; https:\/\/publons.com\/researcher\/2112304\/walcy-rosolia-teodoro\/ L\u00ednea de investigaci\u00f3n: [&hellip;]<\/p>\n","protected":false},"author":3,"featured_media":0,"parent":25,"menu_order":0,"comment_status":"closed","ping_status":"closed","template":"","meta":{"footnotes":""},"class_list":["post-728","page","type-page","status-publish","hentry"],"yoast_head":"<!-- This site is optimized with the Yoast SEO plugin v25.5 - https:\/\/yoast.com\/wordpress\/plugins\/seo\/ -->\n<title>Walcy Paganelli Rosolia Teodoro - P\u00f3s-Gradua\u00e7\u00e3o em Ci\u00eancias do Sistema Musculoesquel\u00e9tico<\/title>\n<meta name=\"robots\" content=\"index, follow, max-snippet:-1, max-image-preview:large, max-video-preview:-1\" \/>\n<link rel=\"canonical\" href=\"https:\/\/www.musculoesqueleticousp.com.br\/pesquisas\/orientadores\/walcy-paganelli-rosolia-teodoro\/\" \/>\n<meta property=\"og:locale\" content=\"es_ES\" \/>\n<meta property=\"og:type\" content=\"article\" \/>\n<meta property=\"og:title\" content=\"Walcy Paganelli Rosolia Teodoro - P\u00f3s-Gradua\u00e7\u00e3o em Ci\u00eancias do Sistema Musculoesquel\u00e9tico\" \/>\n<meta property=\"og:description\" content=\"T\u00edtulo:\u00a0Postdoctorado E-mail: walcy.teodoro@fm.usp.br Lattes:\u00a0http:\/\/lattes.cnpq.br\/2069814538238357 Orcid: ID \u00a00000-0001-7559-4542 &#8211; https:\/\/orcid.org\/0000-0001-7559-4542 Scopus:\u00a0ID 6602886287 &#8211; https:\/\/www.scopus.com\/authid\/detail.uri?authorId=660288628 Google Scholar: ID bBBBYPIAAAAJ &#8211; https:\/\/scholar.google.com.br\/citations?user=bBBBYPIAAAAJ&amp;hl=pt-BR&amp;oi=ao Research ID:\u00a0H-5133-2017 &#8211; https:\/\/publons.com\/researcher\/2112304\/walcy-rosolia-teodoro\/ L\u00ednea de investigaci\u00f3n: [&hellip;]\" \/>\n<meta property=\"og:url\" content=\"https:\/\/www.musculoesqueleticousp.com.br\/pesquisas\/orientadores\/walcy-paganelli-rosolia-teodoro\/\" \/>\n<meta property=\"og:site_name\" content=\"P\u00f3s-Gradua\u00e7\u00e3o em Ci\u00eancias do Sistema Musculoesquel\u00e9tico\" \/>\n<meta property=\"article:modified_time\" content=\"2024-06-18T19:58:01+00:00\" \/>\n<meta property=\"og:image\" content=\"http:\/\/www.musculoesqueleticousp.com.br\/wp-content\/uploads\/2020\/07\/FOTO_WALCY-ROSOLIA02-300x198.jpg\" \/>\n<meta name=\"twitter:card\" content=\"summary_large_image\" \/>\n<meta name=\"twitter:label1\" content=\"Tiempo de lectura\" \/>\n\t<meta name=\"twitter:data1\" content=\"9 minutos\" \/>\n<script type=\"application\/ld+json\" class=\"yoast-schema-graph\">{\"@context\":\"https:\/\/schema.org\",\"@graph\":[{\"@type\":\"WebPage\",\"@id\":\"https:\/\/www.musculoesqueleticousp.com.br\/pesquisas\/orientadores\/walcy-paganelli-rosolia-teodoro\/\",\"url\":\"https:\/\/www.musculoesqueleticousp.com.br\/pesquisas\/orientadores\/walcy-paganelli-rosolia-teodoro\/\",\"name\":\"Walcy Paganelli Rosolia Teodoro - P\u00f3s-Gradua\u00e7\u00e3o em Ci\u00eancias do Sistema Musculoesquel\u00e9tico\",\"isPartOf\":{\"@id\":\"https:\/\/www.musculoesqueleticousp.com.br\/en\/#website\"},\"primaryImageOfPage\":{\"@id\":\"https:\/\/www.musculoesqueleticousp.com.br\/pesquisas\/orientadores\/walcy-paganelli-rosolia-teodoro\/#primaryimage\"},\"image\":{\"@id\":\"https:\/\/www.musculoesqueleticousp.com.br\/pesquisas\/orientadores\/walcy-paganelli-rosolia-teodoro\/#primaryimage\"},\"thumbnailUrl\":\"http:\/\/www.musculoesqueleticousp.com.br\/wp-content\/uploads\/2020\/07\/FOTO_WALCY-ROSOLIA02-300x198.jpg\",\"datePublished\":\"2020-07-08T00:26:48+00:00\",\"dateModified\":\"2024-06-18T19:58:01+00:00\",\"breadcrumb\":{\"@id\":\"https:\/\/www.musculoesqueleticousp.com.br\/pesquisas\/orientadores\/walcy-paganelli-rosolia-teodoro\/#breadcrumb\"},\"inLanguage\":\"es\",\"potentialAction\":[{\"@type\":\"ReadAction\",\"target\":[\"https:\/\/www.musculoesqueleticousp.com.br\/pesquisas\/orientadores\/walcy-paganelli-rosolia-teodoro\/\"]}]},{\"@type\":\"ImageObject\",\"inLanguage\":\"es\",\"@id\":\"https:\/\/www.musculoesqueleticousp.com.br\/pesquisas\/orientadores\/walcy-paganelli-rosolia-teodoro\/#primaryimage\",\"url\":\"http:\/\/www.musculoesqueleticousp.com.br\/wp-content\/uploads\/2020\/07\/FOTO_WALCY-ROSOLIA02-300x198.jpg\",\"contentUrl\":\"http:\/\/www.musculoesqueleticousp.com.br\/wp-content\/uploads\/2020\/07\/FOTO_WALCY-ROSOLIA02-300x198.jpg\"},{\"@type\":\"BreadcrumbList\",\"@id\":\"https:\/\/www.musculoesqueleticousp.com.br\/pesquisas\/orientadores\/walcy-paganelli-rosolia-teodoro\/#breadcrumb\",\"itemListElement\":[{\"@type\":\"ListItem\",\"position\":1,\"name\":\"Home\",\"item\":\"https:\/\/www.musculoesqueleticousp.com.br\/en\/\"},{\"@type\":\"ListItem\",\"position\":2,\"name\":\"Research\",\"item\":\"https:\/\/www.musculoesqueleticousp.com.br\/en\/pesquisas\/\"},{\"@type\":\"ListItem\",\"position\":3,\"name\":\"Orientadores\",\"item\":\"https:\/\/www.musculoesqueleticousp.com.br\/pesquisas\/orientadores\/\"},{\"@type\":\"ListItem\",\"position\":4,\"name\":\"Walcy Paganelli Rosolia Teodoro\"}]},{\"@type\":\"WebSite\",\"@id\":\"https:\/\/www.musculoesqueleticousp.com.br\/en\/#website\",\"url\":\"https:\/\/www.musculoesqueleticousp.com.br\/en\/\",\"name\":\"P\u00f3s-Gradua\u00e7\u00e3o em Ci\u00eancias do Sistema Musculoesquel\u00e9tico\",\"description\":\"Website do P\u00f3s-Gradua\u00e7\u00e3o em Ci\u00eancias do Sistema Musculoesquel\u00e9tico\",\"publisher\":{\"@id\":\"https:\/\/www.musculoesqueleticousp.com.br\/en\/#organization\"},\"potentialAction\":[{\"@type\":\"SearchAction\",\"target\":{\"@type\":\"EntryPoint\",\"urlTemplate\":\"https:\/\/www.musculoesqueleticousp.com.br\/en\/?s={search_term_string}\"},\"query-input\":{\"@type\":\"PropertyValueSpecification\",\"valueRequired\":true,\"valueName\":\"search_term_string\"}}],\"inLanguage\":\"es\"},{\"@type\":\"Organization\",\"@id\":\"https:\/\/www.musculoesqueleticousp.com.br\/en\/#organization\",\"name\":\"P\u00f3s-Gradua\u00e7\u00e3o em Ci\u00eancias do Sistema Musculoesquel\u00e9tico\",\"url\":\"https:\/\/www.musculoesqueleticousp.com.br\/en\/\",\"logo\":{\"@type\":\"ImageObject\",\"inLanguage\":\"es\",\"@id\":\"https:\/\/www.musculoesqueleticousp.com.br\/en\/#\/schema\/logo\/image\/\",\"url\":\"https:\/\/www.musculoesqueleticousp.com.br\/wp-content\/uploads\/2020\/04\/logo_pg_cme_v3_h120.png\",\"contentUrl\":\"https:\/\/www.musculoesqueleticousp.com.br\/wp-content\/uploads\/2020\/04\/logo_pg_cme_v3_h120.png\",\"width\":481,\"height\":120,\"caption\":\"P\u00f3s-Gradua\u00e7\u00e3o em Ci\u00eancias do Sistema Musculoesquel\u00e9tico\"},\"image\":{\"@id\":\"https:\/\/www.musculoesqueleticousp.com.br\/en\/#\/schema\/logo\/image\/\"}}]}<\/script>\n<!-- \/ Yoast SEO plugin. -->","yoast_head_json":{"title":"Walcy Paganelli Rosolia Teodoro - P\u00f3s-Gradua\u00e7\u00e3o em Ci\u00eancias do Sistema Musculoesquel\u00e9tico","robots":{"index":"index","follow":"follow","max-snippet":"max-snippet:-1","max-image-preview":"max-image-preview:large","max-video-preview":"max-video-preview:-1"},"canonical":"https:\/\/www.musculoesqueleticousp.com.br\/pesquisas\/orientadores\/walcy-paganelli-rosolia-teodoro\/","og_locale":"es_ES","og_type":"article","og_title":"Walcy Paganelli Rosolia Teodoro - P\u00f3s-Gradua\u00e7\u00e3o em Ci\u00eancias do Sistema Musculoesquel\u00e9tico","og_description":"T\u00edtulo:\u00a0Postdoctorado E-mail: walcy.teodoro@fm.usp.br Lattes:\u00a0http:\/\/lattes.cnpq.br\/2069814538238357 Orcid: ID \u00a00000-0001-7559-4542 &#8211; https:\/\/orcid.org\/0000-0001-7559-4542 Scopus:\u00a0ID 6602886287 &#8211; https:\/\/www.scopus.com\/authid\/detail.uri?authorId=660288628 Google Scholar: ID bBBBYPIAAAAJ &#8211; https:\/\/scholar.google.com.br\/citations?user=bBBBYPIAAAAJ&amp;hl=pt-BR&amp;oi=ao Research ID:\u00a0H-5133-2017 &#8211; https:\/\/publons.com\/researcher\/2112304\/walcy-rosolia-teodoro\/ L\u00ednea de investigaci\u00f3n: [&hellip;]","og_url":"https:\/\/www.musculoesqueleticousp.com.br\/pesquisas\/orientadores\/walcy-paganelli-rosolia-teodoro\/","og_site_name":"P\u00f3s-Gradua\u00e7\u00e3o em Ci\u00eancias do Sistema Musculoesquel\u00e9tico","article_modified_time":"2024-06-18T19:58:01+00:00","og_image":[{"url":"http:\/\/www.musculoesqueleticousp.com.br\/wp-content\/uploads\/2020\/07\/FOTO_WALCY-ROSOLIA02-300x198.jpg","type":"","width":"","height":""}],"twitter_card":"summary_large_image","twitter_misc":{"Tiempo de lectura":"9 minutos"},"schema":{"@context":"https:\/\/schema.org","@graph":[{"@type":"WebPage","@id":"https:\/\/www.musculoesqueleticousp.com.br\/pesquisas\/orientadores\/walcy-paganelli-rosolia-teodoro\/","url":"https:\/\/www.musculoesqueleticousp.com.br\/pesquisas\/orientadores\/walcy-paganelli-rosolia-teodoro\/","name":"Walcy Paganelli Rosolia Teodoro - P\u00f3s-Gradua\u00e7\u00e3o em Ci\u00eancias do Sistema Musculoesquel\u00e9tico","isPartOf":{"@id":"https:\/\/www.musculoesqueleticousp.com.br\/en\/#website"},"primaryImageOfPage":{"@id":"https:\/\/www.musculoesqueleticousp.com.br\/pesquisas\/orientadores\/walcy-paganelli-rosolia-teodoro\/#primaryimage"},"image":{"@id":"https:\/\/www.musculoesqueleticousp.com.br\/pesquisas\/orientadores\/walcy-paganelli-rosolia-teodoro\/#primaryimage"},"thumbnailUrl":"http:\/\/www.musculoesqueleticousp.com.br\/wp-content\/uploads\/2020\/07\/FOTO_WALCY-ROSOLIA02-300x198.jpg","datePublished":"2020-07-08T00:26:48+00:00","dateModified":"2024-06-18T19:58:01+00:00","breadcrumb":{"@id":"https:\/\/www.musculoesqueleticousp.com.br\/pesquisas\/orientadores\/walcy-paganelli-rosolia-teodoro\/#breadcrumb"},"inLanguage":"es","potentialAction":[{"@type":"ReadAction","target":["https:\/\/www.musculoesqueleticousp.com.br\/pesquisas\/orientadores\/walcy-paganelli-rosolia-teodoro\/"]}]},{"@type":"ImageObject","inLanguage":"es","@id":"https:\/\/www.musculoesqueleticousp.com.br\/pesquisas\/orientadores\/walcy-paganelli-rosolia-teodoro\/#primaryimage","url":"http:\/\/www.musculoesqueleticousp.com.br\/wp-content\/uploads\/2020\/07\/FOTO_WALCY-ROSOLIA02-300x198.jpg","contentUrl":"http:\/\/www.musculoesqueleticousp.com.br\/wp-content\/uploads\/2020\/07\/FOTO_WALCY-ROSOLIA02-300x198.jpg"},{"@type":"BreadcrumbList","@id":"https:\/\/www.musculoesqueleticousp.com.br\/pesquisas\/orientadores\/walcy-paganelli-rosolia-teodoro\/#breadcrumb","itemListElement":[{"@type":"ListItem","position":1,"name":"Home","item":"https:\/\/www.musculoesqueleticousp.com.br\/en\/"},{"@type":"ListItem","position":2,"name":"Research","item":"https:\/\/www.musculoesqueleticousp.com.br\/en\/pesquisas\/"},{"@type":"ListItem","position":3,"name":"Orientadores","item":"https:\/\/www.musculoesqueleticousp.com.br\/pesquisas\/orientadores\/"},{"@type":"ListItem","position":4,"name":"Walcy Paganelli Rosolia Teodoro"}]},{"@type":"WebSite","@id":"https:\/\/www.musculoesqueleticousp.com.br\/en\/#website","url":"https:\/\/www.musculoesqueleticousp.com.br\/en\/","name":"P\u00f3s-Gradua\u00e7\u00e3o em Ci\u00eancias do Sistema Musculoesquel\u00e9tico","description":"Website do P\u00f3s-Gradua\u00e7\u00e3o em Ci\u00eancias do Sistema Musculoesquel\u00e9tico","publisher":{"@id":"https:\/\/www.musculoesqueleticousp.com.br\/en\/#organization"},"potentialAction":[{"@type":"SearchAction","target":{"@type":"EntryPoint","urlTemplate":"https:\/\/www.musculoesqueleticousp.com.br\/en\/?s={search_term_string}"},"query-input":{"@type":"PropertyValueSpecification","valueRequired":true,"valueName":"search_term_string"}}],"inLanguage":"es"},{"@type":"Organization","@id":"https:\/\/www.musculoesqueleticousp.com.br\/en\/#organization","name":"P\u00f3s-Gradua\u00e7\u00e3o em Ci\u00eancias do Sistema Musculoesquel\u00e9tico","url":"https:\/\/www.musculoesqueleticousp.com.br\/en\/","logo":{"@type":"ImageObject","inLanguage":"es","@id":"https:\/\/www.musculoesqueleticousp.com.br\/en\/#\/schema\/logo\/image\/","url":"https:\/\/www.musculoesqueleticousp.com.br\/wp-content\/uploads\/2020\/04\/logo_pg_cme_v3_h120.png","contentUrl":"https:\/\/www.musculoesqueleticousp.com.br\/wp-content\/uploads\/2020\/04\/logo_pg_cme_v3_h120.png","width":481,"height":120,"caption":"P\u00f3s-Gradua\u00e7\u00e3o em Ci\u00eancias do Sistema Musculoesquel\u00e9tico"},"image":{"@id":"https:\/\/www.musculoesqueleticousp.com.br\/en\/#\/schema\/logo\/image\/"}}]}},"_links":{"self":[{"href":"https:\/\/www.musculoesqueleticousp.com.br\/es\/wp-json\/wp\/v2\/pages\/728","targetHints":{"allow":["GET"]}}],"collection":[{"href":"https:\/\/www.musculoesqueleticousp.com.br\/es\/wp-json\/wp\/v2\/pages"}],"about":[{"href":"https:\/\/www.musculoesqueleticousp.com.br\/es\/wp-json\/wp\/v2\/types\/page"}],"author":[{"embeddable":true,"href":"https:\/\/www.musculoesqueleticousp.com.br\/es\/wp-json\/wp\/v2\/users\/3"}],"replies":[{"embeddable":true,"href":"https:\/\/www.musculoesqueleticousp.com.br\/es\/wp-json\/wp\/v2\/comments?post=728"}],"version-history":[{"count":13,"href":"https:\/\/www.musculoesqueleticousp.com.br\/es\/wp-json\/wp\/v2\/pages\/728\/revisions"}],"predecessor-version":[{"id":2865,"href":"https:\/\/www.musculoesqueleticousp.com.br\/es\/wp-json\/wp\/v2\/pages\/728\/revisions\/2865"}],"up":[{"embeddable":true,"href":"https:\/\/www.musculoesqueleticousp.com.br\/es\/wp-json\/wp\/v2\/pages\/25"}],"wp:attachment":[{"href":"https:\/\/www.musculoesqueleticousp.com.br\/es\/wp-json\/wp\/v2\/media?parent=728"}],"curies":[{"name":"wp","href":"https:\/\/api.w.org\/{rel}","templated":true}]}}