{"id":653,"date":"2020-05-22T11:03:45","date_gmt":"2020-05-22T14:03:45","guid":{"rendered":"http:\/\/www.musculoesqueleticousp.com.br\/?page_id=653"},"modified":"2024-08-19T20:11:38","modified_gmt":"2024-08-19T23:11:38","slug":"eloisa-silva-dutra-de-oliveira-bonfa","status":"publish","type":"page","link":"https:\/\/www.musculoesqueleticousp.com.br\/es\/pesquisas\/orientadores\/eloisa-silva-dutra-de-oliveira-bonfa\/","title":{"rendered":"Eloisa Silva Dutra de Oliveira Bonf\u00e1"},"content":{"rendered":"<p><strong><img loading=\"lazy\" decoding=\"async\" class=\"alignleft size-full wp-image-654\" src=\"http:\/\/www.musculoesqueleticousp.com.br\/wp-content\/uploads\/2020\/05\/ed_FOTO_ELOISA-BONFA.jpg\" alt=\"\" width=\"181\" height=\"225\" srcset=\"https:\/\/www.musculoesqueleticousp.com.br\/wp-content\/uploads\/2020\/05\/ed_FOTO_ELOISA-BONFA.jpg 181w, https:\/\/www.musculoesqueleticousp.com.br\/wp-content\/uploads\/2020\/05\/ed_FOTO_ELOISA-BONFA-117x146.jpg 117w, https:\/\/www.musculoesqueleticousp.com.br\/wp-content\/uploads\/2020\/05\/ed_FOTO_ELOISA-BONFA-40x50.jpg 40w, https:\/\/www.musculoesqueleticousp.com.br\/wp-content\/uploads\/2020\/05\/ed_FOTO_ELOISA-BONFA-60x75.jpg 60w\" sizes=\"auto, (max-width: 181px) 100vw, 181px\" \/><\/strong><\/p>\n<p><strong>T\u00edtulo:<\/strong>\u00a0Professora Titular<br \/>\n<strong>E-mail:\u00a0<\/strong><a href=\"mailto:eloisa.bonfa@hc.fm.usp.br\">eloisa.bonfa@hc.fm.usp.br<\/a><br \/>\n<strong>Lattes:\u00a0<\/strong><a href=\"http:\/\/lattes.cnpq.br\/1810614032141202\">http:\/\/lattes.cnpq.br\/1810614032141202<\/a><br \/>\n<strong>Bolsa produtividade CNPq<\/strong>: PQ 1A<br \/>\n<strong>Orcid<\/strong>: ID 0000-0002-0520-4681 &#8211; <a href=\"https:\/\/orcid.org\/0000-0002-0520-4681\">https:\/\/orcid.org\/0000-0002-0520-4681<\/a><br \/>\n<strong>Scopus<\/strong>: ID 7004486222 &#8211;\u00a0 <a href=\"https:\/\/www.scopus.com\/authid\/detail.uri?authorId=7004486222\">https:\/\/www.scopus.com\/authid\/detail.uri?authorId=7004486222<\/a><br \/>\n<strong>Google scholar<\/strong>: ID wGAjdvkAAAAJ &#8211; <a href=\"https:\/\/scholar.google.com.br\/citations?user=wGAjdvkAAAAJ&amp;hl=pt-BR&amp;oi=ao\">https:\/\/scholar.google.com.br\/citations?user=wGAjdvkAAAAJ&amp;hl=pt-BR&amp;oi=ao<\/a><br \/>\n<strong>Research ID<\/strong>: \u00a0B-8438-2012 &#8211; <a href=\"https:\/\/publons.com\/researcher\/1495907\/eloisa-bonfa\/\">https:\/\/publons.com\/researcher\/1495907\/eloisa-bonfa\/<\/a><\/p>\n<p><strong>\u00a0<\/strong><\/p>\n<h2>Linha de Pesquisa<\/h2>\n<p>Doen\u00e7as Reumatol\u00f3gicas Autoimunes,\u00a0com \u00eanfase no L\u00fapus Eritematoso Sist\u00eamico, vacinas, autoanticorpose\u00a0terapia\u00a0biol\u00f3gica em Doen\u00e7as Reumatol\u00f3gicas Autoimunes.<\/p>\n<h2>Resumo<\/h2>\n<p>As principais linhas de pesquisa s\u00e3o aspectos cl\u00ednicos, laboratoriais e imunol\u00f3gicos das Doen\u00e7as Reumatol\u00f3gicas Autoimunes, particularmente o L\u00fapus Eritematoso Sist\u00eamico. Possui relevante contribui\u00e7\u00e3o no campo dos autoanticorpos, com especial destaque a descri\u00e7\u00e3o e caracteriza\u00e7\u00e3o dos anticorpos anti-riboss\u00f4micos P al\u00e9m da sua associa\u00e7\u00e3o com as manifesta\u00e7\u00f5es psiqui\u00e1tricas do L\u00fapus. Destaca-se tamb\u00e9m pela identificar pela primeira vez o arritmog\u00eanico potencial de anticorpos Ro\/SSA purificados \u201cin vitro\u201d.\u00a0Tem\u00a0estudos\u00a0pioneiros\u00a0sobre imunogenicidade e seguran\u00e7a de vacinas em doen\u00e7as autoimunes, que\u00a0serviram de base para inclus\u00e3o desse grupo de pacientes no programa nacional de imuniza\u00e7\u00e3o.\u00a0Tem uma linha pesquisa s\u00f3lida em terapia Biol\u00f3gica em Doen\u00e7as Reumatol\u00f3gicas Autoimunes.<\/p>\n<h2>Principais Publica\u00e7\u00f5es<\/h2>\n<ol>\n<li style=\"font-weight: 400;\"><b><strong>Bonfa E,<\/strong><\/b>Golombek SJ, Kaufman LD, Skelly S, Weissbach H, Brot N, Elkon KB. Association between lupus psychosis and anti-ribosomal P protein antibodies. N Engl J Med. 1987;317(5):265-71. doi: 10.1056\/NEJM198707303170503.<\/li>\n<li style=\"font-weight: 400;\">Pasoto SG, Franco AS, Silva CA,<b><strong>Bonfa E<\/strong><\/b>. Sicca syndrome\/Sj\u00f6gren\u2019s disease associated with cancer immunotherapy: a\u00a0narrative review on clinical presentation, biomarkers, and management. Expert Rev Clin Immunol. 2024 Jun 25:1-19. doi: 10.1080\/1744666X.2024.2370327.<\/li>\n<li style=\"font-weight: 400;\">Medeiros-Ribeiro AC, Aikawa NE, Saad CGS, Yuki EFN, Pedrosa T, Fusco SRG, Rojo PT, Pereira RMR, Shinjo SK, Andrade\u00a0DCO, Sampaio-Barros PD, Ribeiro CT, Deveza GBH, Martins VAO, Silva CA, Lopes MH, Duarte AJS, Antonangelo L, Sabino EC,\u00a0Kallas EG, Pasoto SG,<b><strong>Bonfa E<\/strong><\/b>. Immunogenicity and safety of the CoronaVac inactivated vaccine in patients with\u00a0autoimmune rheumatic diseases: a phase 4 trial. Nat Med. 2021 Oct;27(10):1744-1751. doi: 10.1038\/s41591-021-01469-5.<\/li>\n<li style=\"font-weight: 400;\">Aikawa NE, Kupa LVK, Medeiros-Ribeiro AC, Saad CGS, Yuki EFN, Pasoto SG, Rojo PT, Pereira RMR, Shinjo SK, Sampaio-\u00a0Barros PD, Andrade DCO, Halpern ASR, Fuller R, Souza FHC, Guedes LKN, Assad APL, Moraes JCB, Lopes MRU, Martins VAO,\u00a0Betancourt L, Ribeiro CT, Sales LP, Bertoglio IM, Bonoldi VLN, Mello RLP, Balbi GGM, Sartori AMC, Antonangelo L, Silva CA,\u00a0<b><strong>Bonfa E<\/strong><\/b>. Increment of immunogenicity\u00a0after third\u00a0dose of a homologous inactivated SARS-CoV-2 vaccine in a large\u00a0population of patients with autoimmune rheumatic diseases. Ann Rheum Dis. 2022 Jul;81(7):1036-1043. doi: 10.1136\/annrheumdis-2021-222096<\/li>\n<li style=\"font-weight: 400;\">Aikawa NE, Kupa LVK, Pasoto SG, Medeiros-Ribeiro AC, Yuki EFN, Saad CGS, Pedrosa T, Fuller R, Shinjo SK, Sampaio-Barros\u00a0PD, Andrade DCO, Pereira RMR, Seguro LPC, Valim JML, Waridel F, Sartori AMC, Duarte AJS, Antonangelo L, Sabino EC,\u00a0Menezes PR, Kallas EG, Silva CA,<b><strong>Bonfa E<\/strong><\/b>. Immunogenicity and safety of two doses of the CoronaVac SARS-CoV-2 vaccine\u00a0in SARS-CoV-2 seropositive and seronegative patients with autoimmune rheumatic diseases in Brazil: a subgroup analysis of\u00a0a phase 4 prospective study. Lancet Rheumatol. 2022 Feb;4(2):e113-e124. doi: 10.1016\/S2665-9913(21)00327-1.<\/li>\n<\/ol>\n<p>&nbsp;<\/p>\n<h2><strong>PROJETOS ORIENTADOR\/ LINHA<\/strong><\/h2>\n<p><strong>Linha 6. SISTEMA IMUNE E AUTOIMUNE<br \/>\n<\/strong><strong>PROJETO ELOISA BONFA:<\/strong> ETIOPATOGENESE, DIAGN\u00d3STICO, TRATAMENTO E PREVEN\u00c7\u00c3O DE DOEN\u00c7AS AUTOIMUNES<\/p>","protected":false},"excerpt":{"rendered":"<p>T\u00edtulo:\u00a0Professora Titular E-mail:\u00a0eloisa.bonfa@hc.fm.usp.br Lattes:\u00a0http:\/\/lattes.cnpq.br\/1810614032141202 Bolsa produtividade CNPq: PQ 1A Orcid: ID 0000-0002-0520-4681 &#8211; https:\/\/orcid.org\/0000-0002-0520-4681 Scopus: ID 7004486222 &#8211;\u00a0 https:\/\/www.scopus.com\/authid\/detail.uri?authorId=7004486222 Google scholar: ID wGAjdvkAAAAJ &#8211; https:\/\/scholar.google.com.br\/citations?user=wGAjdvkAAAAJ&amp;hl=pt-BR&amp;oi=ao Research [&hellip;]<\/p>\n","protected":false},"author":1,"featured_media":0,"parent":25,"menu_order":0,"comment_status":"closed","ping_status":"closed","template":"","meta":{"footnotes":""},"class_list":["post-653","page","type-page","status-publish","hentry"],"yoast_head":"<!-- This site is optimized with the Yoast SEO plugin v25.5 - https:\/\/yoast.com\/wordpress\/plugins\/seo\/ -->\n<title>Eloisa Silva Dutra de Oliveira Bonf\u00e1 - P\u00f3s-Gradua\u00e7\u00e3o em Ci\u00eancias do Sistema Musculoesquel\u00e9tico<\/title>\n<meta name=\"robots\" content=\"index, follow, max-snippet:-1, max-image-preview:large, max-video-preview:-1\" \/>\n<link rel=\"canonical\" href=\"https:\/\/www.musculoesqueleticousp.com.br\/pesquisas\/orientadores\/eloisa-silva-dutra-de-oliveira-bonfa\/\" \/>\n<meta property=\"og:locale\" content=\"es_ES\" \/>\n<meta property=\"og:type\" content=\"article\" \/>\n<meta property=\"og:title\" content=\"Eloisa Silva Dutra de Oliveira Bonf\u00e1 - P\u00f3s-Gradua\u00e7\u00e3o em Ci\u00eancias do Sistema Musculoesquel\u00e9tico\" \/>\n<meta property=\"og:description\" content=\"T\u00edtulo:\u00a0Professora Titular E-mail:\u00a0eloisa.bonfa@hc.fm.usp.br Lattes:\u00a0http:\/\/lattes.cnpq.br\/1810614032141202 Bolsa produtividade CNPq: PQ 1A Orcid: ID 0000-0002-0520-4681 &#8211; https:\/\/orcid.org\/0000-0002-0520-4681 Scopus: ID 7004486222 &#8211;\u00a0 https:\/\/www.scopus.com\/authid\/detail.uri?authorId=7004486222 Google scholar: ID wGAjdvkAAAAJ &#8211; https:\/\/scholar.google.com.br\/citations?user=wGAjdvkAAAAJ&amp;hl=pt-BR&amp;oi=ao Research [&hellip;]\" \/>\n<meta property=\"og:url\" content=\"https:\/\/www.musculoesqueleticousp.com.br\/pesquisas\/orientadores\/eloisa-silva-dutra-de-oliveira-bonfa\/\" \/>\n<meta property=\"og:site_name\" content=\"P\u00f3s-Gradua\u00e7\u00e3o em Ci\u00eancias do Sistema Musculoesquel\u00e9tico\" \/>\n<meta property=\"article:modified_time\" content=\"2024-08-19T23:11:38+00:00\" \/>\n<meta property=\"og:image\" content=\"http:\/\/www.musculoesqueleticousp.com.br\/wp-content\/uploads\/2020\/05\/ed_FOTO_ELOISA-BONFA.jpg\" \/>\n<meta name=\"twitter:card\" content=\"summary_large_image\" \/>\n<meta name=\"twitter:label1\" content=\"Tiempo de lectura\" \/>\n\t<meta name=\"twitter:data1\" content=\"9 minutos\" \/>\n<script type=\"application\/ld+json\" class=\"yoast-schema-graph\">{\"@context\":\"https:\/\/schema.org\",\"@graph\":[{\"@type\":\"WebPage\",\"@id\":\"https:\/\/www.musculoesqueleticousp.com.br\/pesquisas\/orientadores\/eloisa-silva-dutra-de-oliveira-bonfa\/\",\"url\":\"https:\/\/www.musculoesqueleticousp.com.br\/pesquisas\/orientadores\/eloisa-silva-dutra-de-oliveira-bonfa\/\",\"name\":\"Eloisa Silva Dutra de Oliveira Bonf\u00e1 - P\u00f3s-Gradua\u00e7\u00e3o em Ci\u00eancias do Sistema Musculoesquel\u00e9tico\",\"isPartOf\":{\"@id\":\"https:\/\/www.musculoesqueleticousp.com.br\/en\/#website\"},\"primaryImageOfPage\":{\"@id\":\"https:\/\/www.musculoesqueleticousp.com.br\/pesquisas\/orientadores\/eloisa-silva-dutra-de-oliveira-bonfa\/#primaryimage\"},\"image\":{\"@id\":\"https:\/\/www.musculoesqueleticousp.com.br\/pesquisas\/orientadores\/eloisa-silva-dutra-de-oliveira-bonfa\/#primaryimage\"},\"thumbnailUrl\":\"http:\/\/www.musculoesqueleticousp.com.br\/wp-content\/uploads\/2020\/05\/ed_FOTO_ELOISA-BONFA.jpg\",\"datePublished\":\"2020-05-22T14:03:45+00:00\",\"dateModified\":\"2024-08-19T23:11:38+00:00\",\"breadcrumb\":{\"@id\":\"https:\/\/www.musculoesqueleticousp.com.br\/pesquisas\/orientadores\/eloisa-silva-dutra-de-oliveira-bonfa\/#breadcrumb\"},\"inLanguage\":\"es\",\"potentialAction\":[{\"@type\":\"ReadAction\",\"target\":[\"https:\/\/www.musculoesqueleticousp.com.br\/pesquisas\/orientadores\/eloisa-silva-dutra-de-oliveira-bonfa\/\"]}]},{\"@type\":\"ImageObject\",\"inLanguage\":\"es\",\"@id\":\"https:\/\/www.musculoesqueleticousp.com.br\/pesquisas\/orientadores\/eloisa-silva-dutra-de-oliveira-bonfa\/#primaryimage\",\"url\":\"http:\/\/www.musculoesqueleticousp.com.br\/wp-content\/uploads\/2020\/05\/ed_FOTO_ELOISA-BONFA.jpg\",\"contentUrl\":\"http:\/\/www.musculoesqueleticousp.com.br\/wp-content\/uploads\/2020\/05\/ed_FOTO_ELOISA-BONFA.jpg\"},{\"@type\":\"BreadcrumbList\",\"@id\":\"https:\/\/www.musculoesqueleticousp.com.br\/pesquisas\/orientadores\/eloisa-silva-dutra-de-oliveira-bonfa\/#breadcrumb\",\"itemListElement\":[{\"@type\":\"ListItem\",\"position\":1,\"name\":\"Home\",\"item\":\"https:\/\/www.musculoesqueleticousp.com.br\/en\/\"},{\"@type\":\"ListItem\",\"position\":2,\"name\":\"Research\",\"item\":\"https:\/\/www.musculoesqueleticousp.com.br\/en\/pesquisas\/\"},{\"@type\":\"ListItem\",\"position\":3,\"name\":\"Orientadores\",\"item\":\"https:\/\/www.musculoesqueleticousp.com.br\/pesquisas\/orientadores\/\"},{\"@type\":\"ListItem\",\"position\":4,\"name\":\"Eloisa Silva Dutra de Oliveira Bonf\u00e1\"}]},{\"@type\":\"WebSite\",\"@id\":\"https:\/\/www.musculoesqueleticousp.com.br\/en\/#website\",\"url\":\"https:\/\/www.musculoesqueleticousp.com.br\/en\/\",\"name\":\"P\u00f3s-Gradua\u00e7\u00e3o em Ci\u00eancias do Sistema Musculoesquel\u00e9tico\",\"description\":\"Website do P\u00f3s-Gradua\u00e7\u00e3o em Ci\u00eancias do Sistema Musculoesquel\u00e9tico\",\"publisher\":{\"@id\":\"https:\/\/www.musculoesqueleticousp.com.br\/en\/#organization\"},\"potentialAction\":[{\"@type\":\"SearchAction\",\"target\":{\"@type\":\"EntryPoint\",\"urlTemplate\":\"https:\/\/www.musculoesqueleticousp.com.br\/en\/?s={search_term_string}\"},\"query-input\":{\"@type\":\"PropertyValueSpecification\",\"valueRequired\":true,\"valueName\":\"search_term_string\"}}],\"inLanguage\":\"es\"},{\"@type\":\"Organization\",\"@id\":\"https:\/\/www.musculoesqueleticousp.com.br\/en\/#organization\",\"name\":\"P\u00f3s-Gradua\u00e7\u00e3o em Ci\u00eancias do Sistema Musculoesquel\u00e9tico\",\"url\":\"https:\/\/www.musculoesqueleticousp.com.br\/en\/\",\"logo\":{\"@type\":\"ImageObject\",\"inLanguage\":\"es\",\"@id\":\"https:\/\/www.musculoesqueleticousp.com.br\/en\/#\/schema\/logo\/image\/\",\"url\":\"https:\/\/www.musculoesqueleticousp.com.br\/wp-content\/uploads\/2020\/04\/logo_pg_cme_v3_h120.png\",\"contentUrl\":\"https:\/\/www.musculoesqueleticousp.com.br\/wp-content\/uploads\/2020\/04\/logo_pg_cme_v3_h120.png\",\"width\":481,\"height\":120,\"caption\":\"P\u00f3s-Gradua\u00e7\u00e3o em Ci\u00eancias do Sistema Musculoesquel\u00e9tico\"},\"image\":{\"@id\":\"https:\/\/www.musculoesqueleticousp.com.br\/en\/#\/schema\/logo\/image\/\"}}]}<\/script>\n<!-- \/ Yoast SEO plugin. -->","yoast_head_json":{"title":"Eloisa Silva Dutra de Oliveira Bonf\u00e1 - P\u00f3s-Gradua\u00e7\u00e3o em Ci\u00eancias do Sistema Musculoesquel\u00e9tico","robots":{"index":"index","follow":"follow","max-snippet":"max-snippet:-1","max-image-preview":"max-image-preview:large","max-video-preview":"max-video-preview:-1"},"canonical":"https:\/\/www.musculoesqueleticousp.com.br\/pesquisas\/orientadores\/eloisa-silva-dutra-de-oliveira-bonfa\/","og_locale":"es_ES","og_type":"article","og_title":"Eloisa Silva Dutra de Oliveira Bonf\u00e1 - P\u00f3s-Gradua\u00e7\u00e3o em Ci\u00eancias do Sistema Musculoesquel\u00e9tico","og_description":"T\u00edtulo:\u00a0Professora Titular E-mail:\u00a0eloisa.bonfa@hc.fm.usp.br Lattes:\u00a0http:\/\/lattes.cnpq.br\/1810614032141202 Bolsa produtividade CNPq: PQ 1A Orcid: ID 0000-0002-0520-4681 &#8211; https:\/\/orcid.org\/0000-0002-0520-4681 Scopus: ID 7004486222 &#8211;\u00a0 https:\/\/www.scopus.com\/authid\/detail.uri?authorId=7004486222 Google scholar: ID wGAjdvkAAAAJ &#8211; https:\/\/scholar.google.com.br\/citations?user=wGAjdvkAAAAJ&amp;hl=pt-BR&amp;oi=ao Research [&hellip;]","og_url":"https:\/\/www.musculoesqueleticousp.com.br\/pesquisas\/orientadores\/eloisa-silva-dutra-de-oliveira-bonfa\/","og_site_name":"P\u00f3s-Gradua\u00e7\u00e3o em Ci\u00eancias do Sistema Musculoesquel\u00e9tico","article_modified_time":"2024-08-19T23:11:38+00:00","og_image":[{"url":"http:\/\/www.musculoesqueleticousp.com.br\/wp-content\/uploads\/2020\/05\/ed_FOTO_ELOISA-BONFA.jpg","type":"","width":"","height":""}],"twitter_card":"summary_large_image","twitter_misc":{"Tiempo de lectura":"9 minutos"},"schema":{"@context":"https:\/\/schema.org","@graph":[{"@type":"WebPage","@id":"https:\/\/www.musculoesqueleticousp.com.br\/pesquisas\/orientadores\/eloisa-silva-dutra-de-oliveira-bonfa\/","url":"https:\/\/www.musculoesqueleticousp.com.br\/pesquisas\/orientadores\/eloisa-silva-dutra-de-oliveira-bonfa\/","name":"Eloisa Silva Dutra de Oliveira Bonf\u00e1 - P\u00f3s-Gradua\u00e7\u00e3o em Ci\u00eancias do Sistema Musculoesquel\u00e9tico","isPartOf":{"@id":"https:\/\/www.musculoesqueleticousp.com.br\/en\/#website"},"primaryImageOfPage":{"@id":"https:\/\/www.musculoesqueleticousp.com.br\/pesquisas\/orientadores\/eloisa-silva-dutra-de-oliveira-bonfa\/#primaryimage"},"image":{"@id":"https:\/\/www.musculoesqueleticousp.com.br\/pesquisas\/orientadores\/eloisa-silva-dutra-de-oliveira-bonfa\/#primaryimage"},"thumbnailUrl":"http:\/\/www.musculoesqueleticousp.com.br\/wp-content\/uploads\/2020\/05\/ed_FOTO_ELOISA-BONFA.jpg","datePublished":"2020-05-22T14:03:45+00:00","dateModified":"2024-08-19T23:11:38+00:00","breadcrumb":{"@id":"https:\/\/www.musculoesqueleticousp.com.br\/pesquisas\/orientadores\/eloisa-silva-dutra-de-oliveira-bonfa\/#breadcrumb"},"inLanguage":"es","potentialAction":[{"@type":"ReadAction","target":["https:\/\/www.musculoesqueleticousp.com.br\/pesquisas\/orientadores\/eloisa-silva-dutra-de-oliveira-bonfa\/"]}]},{"@type":"ImageObject","inLanguage":"es","@id":"https:\/\/www.musculoesqueleticousp.com.br\/pesquisas\/orientadores\/eloisa-silva-dutra-de-oliveira-bonfa\/#primaryimage","url":"http:\/\/www.musculoesqueleticousp.com.br\/wp-content\/uploads\/2020\/05\/ed_FOTO_ELOISA-BONFA.jpg","contentUrl":"http:\/\/www.musculoesqueleticousp.com.br\/wp-content\/uploads\/2020\/05\/ed_FOTO_ELOISA-BONFA.jpg"},{"@type":"BreadcrumbList","@id":"https:\/\/www.musculoesqueleticousp.com.br\/pesquisas\/orientadores\/eloisa-silva-dutra-de-oliveira-bonfa\/#breadcrumb","itemListElement":[{"@type":"ListItem","position":1,"name":"Home","item":"https:\/\/www.musculoesqueleticousp.com.br\/en\/"},{"@type":"ListItem","position":2,"name":"Research","item":"https:\/\/www.musculoesqueleticousp.com.br\/en\/pesquisas\/"},{"@type":"ListItem","position":3,"name":"Orientadores","item":"https:\/\/www.musculoesqueleticousp.com.br\/pesquisas\/orientadores\/"},{"@type":"ListItem","position":4,"name":"Eloisa Silva Dutra de Oliveira Bonf\u00e1"}]},{"@type":"WebSite","@id":"https:\/\/www.musculoesqueleticousp.com.br\/en\/#website","url":"https:\/\/www.musculoesqueleticousp.com.br\/en\/","name":"P\u00f3s-Gradua\u00e7\u00e3o em Ci\u00eancias do Sistema Musculoesquel\u00e9tico","description":"Website do P\u00f3s-Gradua\u00e7\u00e3o em Ci\u00eancias do Sistema Musculoesquel\u00e9tico","publisher":{"@id":"https:\/\/www.musculoesqueleticousp.com.br\/en\/#organization"},"potentialAction":[{"@type":"SearchAction","target":{"@type":"EntryPoint","urlTemplate":"https:\/\/www.musculoesqueleticousp.com.br\/en\/?s={search_term_string}"},"query-input":{"@type":"PropertyValueSpecification","valueRequired":true,"valueName":"search_term_string"}}],"inLanguage":"es"},{"@type":"Organization","@id":"https:\/\/www.musculoesqueleticousp.com.br\/en\/#organization","name":"P\u00f3s-Gradua\u00e7\u00e3o em Ci\u00eancias do Sistema Musculoesquel\u00e9tico","url":"https:\/\/www.musculoesqueleticousp.com.br\/en\/","logo":{"@type":"ImageObject","inLanguage":"es","@id":"https:\/\/www.musculoesqueleticousp.com.br\/en\/#\/schema\/logo\/image\/","url":"https:\/\/www.musculoesqueleticousp.com.br\/wp-content\/uploads\/2020\/04\/logo_pg_cme_v3_h120.png","contentUrl":"https:\/\/www.musculoesqueleticousp.com.br\/wp-content\/uploads\/2020\/04\/logo_pg_cme_v3_h120.png","width":481,"height":120,"caption":"P\u00f3s-Gradua\u00e7\u00e3o em Ci\u00eancias do Sistema Musculoesquel\u00e9tico"},"image":{"@id":"https:\/\/www.musculoesqueleticousp.com.br\/en\/#\/schema\/logo\/image\/"}}]}},"_links":{"self":[{"href":"https:\/\/www.musculoesqueleticousp.com.br\/es\/wp-json\/wp\/v2\/pages\/653","targetHints":{"allow":["GET"]}}],"collection":[{"href":"https:\/\/www.musculoesqueleticousp.com.br\/es\/wp-json\/wp\/v2\/pages"}],"about":[{"href":"https:\/\/www.musculoesqueleticousp.com.br\/es\/wp-json\/wp\/v2\/types\/page"}],"author":[{"embeddable":true,"href":"https:\/\/www.musculoesqueleticousp.com.br\/es\/wp-json\/wp\/v2\/users\/1"}],"replies":[{"embeddable":true,"href":"https:\/\/www.musculoesqueleticousp.com.br\/es\/wp-json\/wp\/v2\/comments?post=653"}],"version-history":[{"count":12,"href":"https:\/\/www.musculoesqueleticousp.com.br\/es\/wp-json\/wp\/v2\/pages\/653\/revisions"}],"predecessor-version":[{"id":3077,"href":"https:\/\/www.musculoesqueleticousp.com.br\/es\/wp-json\/wp\/v2\/pages\/653\/revisions\/3077"}],"up":[{"embeddable":true,"href":"https:\/\/www.musculoesqueleticousp.com.br\/es\/wp-json\/wp\/v2\/pages\/25"}],"wp:attachment":[{"href":"https:\/\/www.musculoesqueleticousp.com.br\/es\/wp-json\/wp\/v2\/media?parent=653"}],"curies":[{"name":"wp","href":"https:\/\/api.w.org\/{rel}","templated":true}]}}