{"id":650,"date":"2020-05-22T11:00:19","date_gmt":"2020-05-22T14:00:19","guid":{"rendered":"http:\/\/www.musculoesqueleticousp.com.br\/?page_id=650"},"modified":"2024-06-18T16:46:27","modified_gmt":"2024-06-18T19:46:27","slug":"nadia-emi-aikawa","status":"publish","type":"page","link":"https:\/\/www.musculoesqueleticousp.com.br\/es\/pesquisas\/orientadores\/nadia-emi-aikawa\/","title":{"rendered":"N\u00e1dia Emi Aikawa"},"content":{"rendered":"<p><strong><img loading=\"lazy\" decoding=\"async\" class=\"alignleft size-full wp-image-651\" src=\"http:\/\/www.musculoesqueleticousp.com.br\/wp-content\/uploads\/2020\/05\/ed_NADIA-EMI-AIKAWA.jpg\" alt=\"\" width=\"181\" height=\"225\" srcset=\"https:\/\/www.musculoesqueleticousp.com.br\/wp-content\/uploads\/2020\/05\/ed_NADIA-EMI-AIKAWA.jpg 181w, https:\/\/www.musculoesqueleticousp.com.br\/wp-content\/uploads\/2020\/05\/ed_NADIA-EMI-AIKAWA-117x146.jpg 117w, https:\/\/www.musculoesqueleticousp.com.br\/wp-content\/uploads\/2020\/05\/ed_NADIA-EMI-AIKAWA-40x50.jpg 40w, https:\/\/www.musculoesqueleticousp.com.br\/wp-content\/uploads\/2020\/05\/ed_NADIA-EMI-AIKAWA-60x75.jpg 60w\" sizes=\"auto, (max-width: 181px) 100vw, 181px\" \/><\/strong><strong>T\u00edtulo:<\/strong>\u00a0Doctora<br \/>\n<strong>E-mail: <\/strong><a href=\"mailto:nadia.aikawa@gmail.com\">nadia.aikawa@gmail.com<\/a><br \/>\n<strong>Lattes: <\/strong><a href=\"http:\/\/lattes.cnpq.br\/1272564477655719\" target=\"_blank\" rel=\"noopener noreferrer\">http:\/\/lattes.cnpq.br\/1272564477655719<\/a><br \/>\n<strong>Orcid<\/strong>: ID\u00a0 0000-0002-7585-4348 &#8211; <a href=\"https:\/\/orcid.org\/0000-0002-7585-4348\">https:\/\/orcid.org\/0000-0002-7585-4348<\/a><br \/>\n<strong>Scopus<\/strong>: ID 23570766000 &#8211; <a href=\"https:\/\/www.scopus.com\/authid\/detail.uri?authorId=23570766000\">https:\/\/www.scopus.com\/authid\/detail.uri?authorId=23570766000<\/a><br \/>\n<strong>Google scholar<\/strong>: ID 3GC6H1cAAAAJ&amp;hl &#8211; <a href=\"https:\/\/scholar.google.com.br\/citations?user=3GC6H1cAAAAJ&amp;hl=pt-BR&amp;oi=ao\">https:\/\/scholar.google.com.br\/citations?user=3GC6H1cAAAAJ&amp;hl=pt-BR&amp;oi=ao<\/a><br \/>\n<strong>Research ID<\/strong>:I-5962-2013 &#8211; <a href=\"https:\/\/publons.com\/researcher\/2619609\/nadia-e-aikawa\/\">https:\/\/publons.com\/researcher\/2619609\/nadia-e-aikawa\/<\/a><\/p>\n<h2><strong>L\u00edneas de investigaci\u00f3n: <\/strong><\/h2>\n<p>Aspectos relacionados a la terapia biol\u00f3gica en pacientes con enfermedades reumatol\u00f3gicas pedi\u00e1tricas y complicaciones en las enfermedades reumatol\u00f3gicas pedi\u00e1tricas.<\/p>\n<h2><strong>Resumen<\/strong><\/h2>\n<p>Las investigaciones son realizadas en los ambulatorios de Reumatolog\u00eda Pedi\u00e1trica del Instituto del Ni\u00f1o del HCFMUSP y de la Disciplina de Reumatolog\u00eda del HCFMUSP y en el Centro de Dispensaci\u00f3n de Medicamentos de Alta Complejidad (CEDMAC). Tiene como misi\u00f3n prestar asistencia y conducir estudios relacionados a las terapias biol\u00f3gicas en pacientes con enfermedades reumatol\u00f3gicas.<\/p>\n<h2><strong>Art\u00edculos relevantes:<br \/>\n<\/strong><\/h2>\n<ol>\n<li>Esteves GCX, Gormezano NWS, Pereira OL, Kern D, Silva CA, Pereira RMR, Kozu KT, Bonf\u00e1 E, Aikawa NE. Distinct clinical correlates of immune thrombocytopenic purpura at diagnosis of childhood-onset and adult SLE. Mod Rheumatol. 2018 Jul;28(4):649-653. doi: 10.1080\/14397595.2017.1386836.<\/li>\n<li>Brunelli JB, Bonfiglioli KR, Silva CA, Kozu KT, Goldenstein-Schainberg C, Bonfa E, Aikawa NE. Latent tuberculosis infection screening in juvenile idiopathic arthritis patients preceding anti-TNF therapy in a tuberculosis high-risk country. Rev Bras Reumatol Engl Ed. 2017 Sep &#8211; Oct;57(5):392-396. doi: 10.1016\/j.rbre.2016.11.004.<\/li>\n<li>Brunelli JB, Schmidt AR, Sallum AME, Goldenstein-Schainberg C, Bonf\u00e1 E, Silva CA, Aikawa NE. High rate of serious infection in juvenile idiopathic arthritis patients under biologic therapy in a real-life setting. Mod Rheumatol. 2018;28(2):264-270. doi: 10.1080\/14397595.2017.1349059.<\/li>\n<li>Aikawa NE, Fran\u00e7a IL, Ribeiro AC, Sallum AM, Bonfa E, Silva CA. Short and long-term immunogenicity and safety following the 23-valent polysaccharide pneumococcal vaccine in juvenile idiopathic arthritis patients under conventional DMARDs with or without anti-TNF therapy. Vaccine. 2015 Jan 29;33(5):604-9. doi: 10.1016\/j.vaccine.2014.12.030.<\/li>\n<li>Aikawa NE, Campos LM, Silva CA, Carvalho JF, Saad CG, Trudes G, Duarte A, Miraglia JL, Timenetsky Mdo C, Viana VS, Fran\u00e7a IL, Bonfa E, Pereira RM. Glucocorticoid: major factor for reduced immunogenicity of 2009 influenza A (H1N1) vaccine in patients with juvenile autoimmune rheumatic disease. J Rheumatol. 2012 Jan;39(1):167-73. doi: 10.3899\/jrheum.110721.<\/li>\n<\/ol>\n<p>&nbsp;<\/p>\n<h2><strong>PROJETOS ORIENTADOR\/ LINHA<\/strong><\/h2>\n<p><strong>Linha 6. SISTEMA IMUNE E AUTOIMUNE<br \/>\n<\/strong><strong>PROJETO NADIA AIKAWA:<\/strong> ESTUDOS SOBRE FATORES ASSOCIADOS A ATIVIDADE DE DOEN\u00c7A E DESFECHOS EM DOEN\u00c7AS REUMATOL\u00d3GICAS AUTOIMUNES JUVENIS E DE ADULTOS: CARACTER\u00cdSTICAS DEMOGR\u00c1FICAS, CL\u00cdNICO-LABORATORIAIS E IMUNIZA\u00c7\u00d5ES.<\/p>\n<h2><strong>\u00a0<\/strong><\/h2>\n<p><\/p>","protected":false},"excerpt":{"rendered":"<p>T\u00edtulo:\u00a0Doctora E-mail: nadia.aikawa@gmail.com Lattes: http:\/\/lattes.cnpq.br\/1272564477655719 Orcid: ID\u00a0 0000-0002-7585-4348 &#8211; https:\/\/orcid.org\/0000-0002-7585-4348 Scopus: ID 23570766000 &#8211; https:\/\/www.scopus.com\/authid\/detail.uri?authorId=23570766000 Google scholar: ID 3GC6H1cAAAAJ&amp;hl &#8211; https:\/\/scholar.google.com.br\/citations?user=3GC6H1cAAAAJ&amp;hl=pt-BR&amp;oi=ao Research ID:I-5962-2013 &#8211; https:\/\/publons.com\/researcher\/2619609\/nadia-e-aikawa\/ L\u00edneas [&hellip;]<\/p>\n","protected":false},"author":1,"featured_media":0,"parent":25,"menu_order":0,"comment_status":"closed","ping_status":"closed","template":"","meta":{"footnotes":""},"class_list":["post-650","page","type-page","status-publish","hentry"],"yoast_head":"<!-- This site is optimized with the Yoast SEO plugin v25.5 - https:\/\/yoast.com\/wordpress\/plugins\/seo\/ -->\n<title>N\u00e1dia Emi Aikawa - P\u00f3s-Gradua\u00e7\u00e3o em Ci\u00eancias do Sistema Musculoesquel\u00e9tico<\/title>\n<meta name=\"robots\" content=\"index, follow, max-snippet:-1, max-image-preview:large, max-video-preview:-1\" \/>\n<link rel=\"canonical\" href=\"https:\/\/www.musculoesqueleticousp.com.br\/pesquisas\/orientadores\/nadia-emi-aikawa\/\" \/>\n<meta property=\"og:locale\" content=\"es_ES\" \/>\n<meta property=\"og:type\" content=\"article\" \/>\n<meta property=\"og:title\" content=\"N\u00e1dia Emi Aikawa - P\u00f3s-Gradua\u00e7\u00e3o em Ci\u00eancias do Sistema Musculoesquel\u00e9tico\" \/>\n<meta property=\"og:description\" content=\"T\u00edtulo:\u00a0Doctora E-mail: nadia.aikawa@gmail.com Lattes: http:\/\/lattes.cnpq.br\/1272564477655719 Orcid: ID\u00a0 0000-0002-7585-4348 &#8211; https:\/\/orcid.org\/0000-0002-7585-4348 Scopus: ID 23570766000 &#8211; https:\/\/www.scopus.com\/authid\/detail.uri?authorId=23570766000 Google scholar: ID 3GC6H1cAAAAJ&amp;hl &#8211; https:\/\/scholar.google.com.br\/citations?user=3GC6H1cAAAAJ&amp;hl=pt-BR&amp;oi=ao Research ID:I-5962-2013 &#8211; https:\/\/publons.com\/researcher\/2619609\/nadia-e-aikawa\/ L\u00edneas [&hellip;]\" \/>\n<meta property=\"og:url\" content=\"https:\/\/www.musculoesqueleticousp.com.br\/pesquisas\/orientadores\/nadia-emi-aikawa\/\" \/>\n<meta property=\"og:site_name\" content=\"P\u00f3s-Gradua\u00e7\u00e3o em Ci\u00eancias do Sistema Musculoesquel\u00e9tico\" \/>\n<meta property=\"article:modified_time\" content=\"2024-06-18T19:46:27+00:00\" \/>\n<meta property=\"og:image\" content=\"http:\/\/www.musculoesqueleticousp.com.br\/wp-content\/uploads\/2020\/05\/ed_NADIA-EMI-AIKAWA.jpg\" \/>\n<meta name=\"twitter:card\" content=\"summary_large_image\" \/>\n<meta name=\"twitter:label1\" content=\"Tiempo de lectura\" \/>\n\t<meta name=\"twitter:data1\" content=\"6 minutos\" \/>\n<script type=\"application\/ld+json\" class=\"yoast-schema-graph\">{\"@context\":\"https:\/\/schema.org\",\"@graph\":[{\"@type\":\"WebPage\",\"@id\":\"https:\/\/www.musculoesqueleticousp.com.br\/pesquisas\/orientadores\/nadia-emi-aikawa\/\",\"url\":\"https:\/\/www.musculoesqueleticousp.com.br\/pesquisas\/orientadores\/nadia-emi-aikawa\/\",\"name\":\"N\u00e1dia Emi Aikawa - P\u00f3s-Gradua\u00e7\u00e3o em Ci\u00eancias do Sistema Musculoesquel\u00e9tico\",\"isPartOf\":{\"@id\":\"https:\/\/www.musculoesqueleticousp.com.br\/en\/#website\"},\"primaryImageOfPage\":{\"@id\":\"https:\/\/www.musculoesqueleticousp.com.br\/pesquisas\/orientadores\/nadia-emi-aikawa\/#primaryimage\"},\"image\":{\"@id\":\"https:\/\/www.musculoesqueleticousp.com.br\/pesquisas\/orientadores\/nadia-emi-aikawa\/#primaryimage\"},\"thumbnailUrl\":\"http:\/\/www.musculoesqueleticousp.com.br\/wp-content\/uploads\/2020\/05\/ed_NADIA-EMI-AIKAWA.jpg\",\"datePublished\":\"2020-05-22T14:00:19+00:00\",\"dateModified\":\"2024-06-18T19:46:27+00:00\",\"breadcrumb\":{\"@id\":\"https:\/\/www.musculoesqueleticousp.com.br\/pesquisas\/orientadores\/nadia-emi-aikawa\/#breadcrumb\"},\"inLanguage\":\"es\",\"potentialAction\":[{\"@type\":\"ReadAction\",\"target\":[\"https:\/\/www.musculoesqueleticousp.com.br\/pesquisas\/orientadores\/nadia-emi-aikawa\/\"]}]},{\"@type\":\"ImageObject\",\"inLanguage\":\"es\",\"@id\":\"https:\/\/www.musculoesqueleticousp.com.br\/pesquisas\/orientadores\/nadia-emi-aikawa\/#primaryimage\",\"url\":\"http:\/\/www.musculoesqueleticousp.com.br\/wp-content\/uploads\/2020\/05\/ed_NADIA-EMI-AIKAWA.jpg\",\"contentUrl\":\"http:\/\/www.musculoesqueleticousp.com.br\/wp-content\/uploads\/2020\/05\/ed_NADIA-EMI-AIKAWA.jpg\"},{\"@type\":\"BreadcrumbList\",\"@id\":\"https:\/\/www.musculoesqueleticousp.com.br\/pesquisas\/orientadores\/nadia-emi-aikawa\/#breadcrumb\",\"itemListElement\":[{\"@type\":\"ListItem\",\"position\":1,\"name\":\"Home\",\"item\":\"https:\/\/www.musculoesqueleticousp.com.br\/en\/\"},{\"@type\":\"ListItem\",\"position\":2,\"name\":\"Research\",\"item\":\"https:\/\/www.musculoesqueleticousp.com.br\/en\/pesquisas\/\"},{\"@type\":\"ListItem\",\"position\":3,\"name\":\"Orientadores\",\"item\":\"https:\/\/www.musculoesqueleticousp.com.br\/pesquisas\/orientadores\/\"},{\"@type\":\"ListItem\",\"position\":4,\"name\":\"N\u00e1dia Emi Aikawa\"}]},{\"@type\":\"WebSite\",\"@id\":\"https:\/\/www.musculoesqueleticousp.com.br\/en\/#website\",\"url\":\"https:\/\/www.musculoesqueleticousp.com.br\/en\/\",\"name\":\"P\u00f3s-Gradua\u00e7\u00e3o em Ci\u00eancias do Sistema Musculoesquel\u00e9tico\",\"description\":\"Website do P\u00f3s-Gradua\u00e7\u00e3o em Ci\u00eancias do Sistema Musculoesquel\u00e9tico\",\"publisher\":{\"@id\":\"https:\/\/www.musculoesqueleticousp.com.br\/en\/#organization\"},\"potentialAction\":[{\"@type\":\"SearchAction\",\"target\":{\"@type\":\"EntryPoint\",\"urlTemplate\":\"https:\/\/www.musculoesqueleticousp.com.br\/en\/?s={search_term_string}\"},\"query-input\":{\"@type\":\"PropertyValueSpecification\",\"valueRequired\":true,\"valueName\":\"search_term_string\"}}],\"inLanguage\":\"es\"},{\"@type\":\"Organization\",\"@id\":\"https:\/\/www.musculoesqueleticousp.com.br\/en\/#organization\",\"name\":\"P\u00f3s-Gradua\u00e7\u00e3o em Ci\u00eancias do Sistema Musculoesquel\u00e9tico\",\"url\":\"https:\/\/www.musculoesqueleticousp.com.br\/en\/\",\"logo\":{\"@type\":\"ImageObject\",\"inLanguage\":\"es\",\"@id\":\"https:\/\/www.musculoesqueleticousp.com.br\/en\/#\/schema\/logo\/image\/\",\"url\":\"https:\/\/www.musculoesqueleticousp.com.br\/wp-content\/uploads\/2020\/04\/logo_pg_cme_v3_h120.png\",\"contentUrl\":\"https:\/\/www.musculoesqueleticousp.com.br\/wp-content\/uploads\/2020\/04\/logo_pg_cme_v3_h120.png\",\"width\":481,\"height\":120,\"caption\":\"P\u00f3s-Gradua\u00e7\u00e3o em Ci\u00eancias do Sistema Musculoesquel\u00e9tico\"},\"image\":{\"@id\":\"https:\/\/www.musculoesqueleticousp.com.br\/en\/#\/schema\/logo\/image\/\"}}]}<\/script>\n<!-- \/ Yoast SEO plugin. -->","yoast_head_json":{"title":"N\u00e1dia Emi Aikawa - P\u00f3s-Gradua\u00e7\u00e3o em Ci\u00eancias do Sistema Musculoesquel\u00e9tico","robots":{"index":"index","follow":"follow","max-snippet":"max-snippet:-1","max-image-preview":"max-image-preview:large","max-video-preview":"max-video-preview:-1"},"canonical":"https:\/\/www.musculoesqueleticousp.com.br\/pesquisas\/orientadores\/nadia-emi-aikawa\/","og_locale":"es_ES","og_type":"article","og_title":"N\u00e1dia Emi Aikawa - P\u00f3s-Gradua\u00e7\u00e3o em Ci\u00eancias do Sistema Musculoesquel\u00e9tico","og_description":"T\u00edtulo:\u00a0Doctora E-mail: nadia.aikawa@gmail.com Lattes: http:\/\/lattes.cnpq.br\/1272564477655719 Orcid: ID\u00a0 0000-0002-7585-4348 &#8211; https:\/\/orcid.org\/0000-0002-7585-4348 Scopus: ID 23570766000 &#8211; https:\/\/www.scopus.com\/authid\/detail.uri?authorId=23570766000 Google scholar: ID 3GC6H1cAAAAJ&amp;hl &#8211; https:\/\/scholar.google.com.br\/citations?user=3GC6H1cAAAAJ&amp;hl=pt-BR&amp;oi=ao Research ID:I-5962-2013 &#8211; https:\/\/publons.com\/researcher\/2619609\/nadia-e-aikawa\/ L\u00edneas [&hellip;]","og_url":"https:\/\/www.musculoesqueleticousp.com.br\/pesquisas\/orientadores\/nadia-emi-aikawa\/","og_site_name":"P\u00f3s-Gradua\u00e7\u00e3o em Ci\u00eancias do Sistema Musculoesquel\u00e9tico","article_modified_time":"2024-06-18T19:46:27+00:00","og_image":[{"url":"http:\/\/www.musculoesqueleticousp.com.br\/wp-content\/uploads\/2020\/05\/ed_NADIA-EMI-AIKAWA.jpg","type":"","width":"","height":""}],"twitter_card":"summary_large_image","twitter_misc":{"Tiempo de lectura":"6 minutos"},"schema":{"@context":"https:\/\/schema.org","@graph":[{"@type":"WebPage","@id":"https:\/\/www.musculoesqueleticousp.com.br\/pesquisas\/orientadores\/nadia-emi-aikawa\/","url":"https:\/\/www.musculoesqueleticousp.com.br\/pesquisas\/orientadores\/nadia-emi-aikawa\/","name":"N\u00e1dia Emi Aikawa - P\u00f3s-Gradua\u00e7\u00e3o em Ci\u00eancias do Sistema Musculoesquel\u00e9tico","isPartOf":{"@id":"https:\/\/www.musculoesqueleticousp.com.br\/en\/#website"},"primaryImageOfPage":{"@id":"https:\/\/www.musculoesqueleticousp.com.br\/pesquisas\/orientadores\/nadia-emi-aikawa\/#primaryimage"},"image":{"@id":"https:\/\/www.musculoesqueleticousp.com.br\/pesquisas\/orientadores\/nadia-emi-aikawa\/#primaryimage"},"thumbnailUrl":"http:\/\/www.musculoesqueleticousp.com.br\/wp-content\/uploads\/2020\/05\/ed_NADIA-EMI-AIKAWA.jpg","datePublished":"2020-05-22T14:00:19+00:00","dateModified":"2024-06-18T19:46:27+00:00","breadcrumb":{"@id":"https:\/\/www.musculoesqueleticousp.com.br\/pesquisas\/orientadores\/nadia-emi-aikawa\/#breadcrumb"},"inLanguage":"es","potentialAction":[{"@type":"ReadAction","target":["https:\/\/www.musculoesqueleticousp.com.br\/pesquisas\/orientadores\/nadia-emi-aikawa\/"]}]},{"@type":"ImageObject","inLanguage":"es","@id":"https:\/\/www.musculoesqueleticousp.com.br\/pesquisas\/orientadores\/nadia-emi-aikawa\/#primaryimage","url":"http:\/\/www.musculoesqueleticousp.com.br\/wp-content\/uploads\/2020\/05\/ed_NADIA-EMI-AIKAWA.jpg","contentUrl":"http:\/\/www.musculoesqueleticousp.com.br\/wp-content\/uploads\/2020\/05\/ed_NADIA-EMI-AIKAWA.jpg"},{"@type":"BreadcrumbList","@id":"https:\/\/www.musculoesqueleticousp.com.br\/pesquisas\/orientadores\/nadia-emi-aikawa\/#breadcrumb","itemListElement":[{"@type":"ListItem","position":1,"name":"Home","item":"https:\/\/www.musculoesqueleticousp.com.br\/en\/"},{"@type":"ListItem","position":2,"name":"Research","item":"https:\/\/www.musculoesqueleticousp.com.br\/en\/pesquisas\/"},{"@type":"ListItem","position":3,"name":"Orientadores","item":"https:\/\/www.musculoesqueleticousp.com.br\/pesquisas\/orientadores\/"},{"@type":"ListItem","position":4,"name":"N\u00e1dia Emi Aikawa"}]},{"@type":"WebSite","@id":"https:\/\/www.musculoesqueleticousp.com.br\/en\/#website","url":"https:\/\/www.musculoesqueleticousp.com.br\/en\/","name":"P\u00f3s-Gradua\u00e7\u00e3o em Ci\u00eancias do Sistema Musculoesquel\u00e9tico","description":"Website do P\u00f3s-Gradua\u00e7\u00e3o em Ci\u00eancias do Sistema Musculoesquel\u00e9tico","publisher":{"@id":"https:\/\/www.musculoesqueleticousp.com.br\/en\/#organization"},"potentialAction":[{"@type":"SearchAction","target":{"@type":"EntryPoint","urlTemplate":"https:\/\/www.musculoesqueleticousp.com.br\/en\/?s={search_term_string}"},"query-input":{"@type":"PropertyValueSpecification","valueRequired":true,"valueName":"search_term_string"}}],"inLanguage":"es"},{"@type":"Organization","@id":"https:\/\/www.musculoesqueleticousp.com.br\/en\/#organization","name":"P\u00f3s-Gradua\u00e7\u00e3o em Ci\u00eancias do Sistema Musculoesquel\u00e9tico","url":"https:\/\/www.musculoesqueleticousp.com.br\/en\/","logo":{"@type":"ImageObject","inLanguage":"es","@id":"https:\/\/www.musculoesqueleticousp.com.br\/en\/#\/schema\/logo\/image\/","url":"https:\/\/www.musculoesqueleticousp.com.br\/wp-content\/uploads\/2020\/04\/logo_pg_cme_v3_h120.png","contentUrl":"https:\/\/www.musculoesqueleticousp.com.br\/wp-content\/uploads\/2020\/04\/logo_pg_cme_v3_h120.png","width":481,"height":120,"caption":"P\u00f3s-Gradua\u00e7\u00e3o em Ci\u00eancias do Sistema Musculoesquel\u00e9tico"},"image":{"@id":"https:\/\/www.musculoesqueleticousp.com.br\/en\/#\/schema\/logo\/image\/"}}]}},"_links":{"self":[{"href":"https:\/\/www.musculoesqueleticousp.com.br\/es\/wp-json\/wp\/v2\/pages\/650","targetHints":{"allow":["GET"]}}],"collection":[{"href":"https:\/\/www.musculoesqueleticousp.com.br\/es\/wp-json\/wp\/v2\/pages"}],"about":[{"href":"https:\/\/www.musculoesqueleticousp.com.br\/es\/wp-json\/wp\/v2\/types\/page"}],"author":[{"embeddable":true,"href":"https:\/\/www.musculoesqueleticousp.com.br\/es\/wp-json\/wp\/v2\/users\/1"}],"replies":[{"embeddable":true,"href":"https:\/\/www.musculoesqueleticousp.com.br\/es\/wp-json\/wp\/v2\/comments?post=650"}],"version-history":[{"count":7,"href":"https:\/\/www.musculoesqueleticousp.com.br\/es\/wp-json\/wp\/v2\/pages\/650\/revisions"}],"predecessor-version":[{"id":2852,"href":"https:\/\/www.musculoesqueleticousp.com.br\/es\/wp-json\/wp\/v2\/pages\/650\/revisions\/2852"}],"up":[{"embeddable":true,"href":"https:\/\/www.musculoesqueleticousp.com.br\/es\/wp-json\/wp\/v2\/pages\/25"}],"wp:attachment":[{"href":"https:\/\/www.musculoesqueleticousp.com.br\/es\/wp-json\/wp\/v2\/media?parent=650"}],"curies":[{"name":"wp","href":"https:\/\/api.w.org\/{rel}","templated":true}]}}