{"id":633,"date":"2020-05-15T11:10:28","date_gmt":"2020-05-15T14:10:28","guid":{"rendered":"http:\/\/www.musculoesqueleticousp.com.br\/?page_id=633"},"modified":"2024-06-18T16:25:09","modified_gmt":"2024-06-18T19:25:09","slug":"eduardo-ferreira-borba-neto","status":"publish","type":"page","link":"https:\/\/www.musculoesqueleticousp.com.br\/es\/pesquisas\/orientadores\/eduardo-ferreira-borba-neto\/","title":{"rendered":"Eduardo Ferreira Borba Neto"},"content":{"rendered":"<p><strong><img loading=\"lazy\" decoding=\"async\" class=\"alignleft size-full wp-image-634\" src=\"http:\/\/www.musculoesqueleticousp.com.br\/wp-content\/uploads\/2020\/05\/ed_FOTO_EDUARDO-FERREIRA-BORBA-NETO.jpg\" alt=\"\" width=\"187\" height=\"225\" srcset=\"https:\/\/www.musculoesqueleticousp.com.br\/wp-content\/uploads\/2020\/05\/ed_FOTO_EDUARDO-FERREIRA-BORBA-NETO.jpg 187w, https:\/\/www.musculoesqueleticousp.com.br\/wp-content\/uploads\/2020\/05\/ed_FOTO_EDUARDO-FERREIRA-BORBA-NETO-121x146.jpg 121w, https:\/\/www.musculoesqueleticousp.com.br\/wp-content\/uploads\/2020\/05\/ed_FOTO_EDUARDO-FERREIRA-BORBA-NETO-42x50.jpg 42w, https:\/\/www.musculoesqueleticousp.com.br\/wp-content\/uploads\/2020\/05\/ed_FOTO_EDUARDO-FERREIRA-BORBA-NETO-62x75.jpg 62w\" sizes=\"auto, (max-width: 187px) 100vw, 187px\" \/><\/strong><strong>T\u00edtulo:<\/strong>\u00a0Profesor Asociado<br \/>\n<b><strong>E-mail:\u00a0<\/strong><\/b><a href=\"mailto:eduardo.borba@hc.fm.usp.br\">eduardo.borba@hc.fm.usp.br<\/a><br \/>\n<b><strong>Lattes:<\/strong><\/b>\u00a0<a href=\"http:\/\/lattes.cnpq.br\/6447371680399029\">http:\/\/lattes.cnpq.br\/6447371680399029<\/a><br \/>\n<b><strong>Bolsa produtividade CNPq<\/strong><\/b>: PQ 1D<br \/>\n<b><strong>Orcid<\/strong><\/b>:\u00a0 ID 0000-0001-6194-5129 &#8211;\u00a0<a href=\"https:\/\/orcid.org\/0000-0001-6194-5129\">https:\/\/orcid.org\/0000-0001-6194-5129<\/a><br \/>\n<b><strong>Scopus<\/strong><\/b>: ID 7003547640 &#8211;\u00a0<a href=\"https:\/\/www.scopus.com\/authid\/detail.uri?authorId=7003547640\">https:\/\/www.scopus.com\/authid\/detail.uri?authorId=7003547640<\/a><br \/>\n<b><strong>Google schola<\/strong><\/b>r: ID A6Ig9qAAAAAJ &#8211;\u00a0<a href=\"https:\/\/scholar.google.com.br\/citations?user=A6Ig9qAAAAAJ&amp;hl=pt-BR&amp;oi=ao\">https:\/\/scholar.google.com.br\/citations?user=A6Ig9qAAAAAJ&amp;hl=pt-BR&amp;oi=ao<\/a><br \/>\n<b><strong>Research ID:<\/strong><\/b>\u00a0 D-1741-2012 &#8211;\u00a0<a href=\"https:\/\/publons.com\/researcher\/1411812\/eduardo-f-borba\/\">https:\/\/publons.com\/researcher\/1411812\/eduardo-f-borba\/<\/a><\/p>\n<h2><strong>L\u00ednea de investigaci\u00f3n:<\/strong><\/h2>\n<p>Enfermedades Reumatol\u00f3gicas Autoinmunes, con \u00e9nfasis en el Lupus Eritematoso Sist\u00e9mico y la asociaci\u00f3n de \u00e9stas con Aterosclerosis y Dislipoproteinemias.<\/p>\n<h2><strong>Resumen<\/strong><\/h2>\n<p>El objetivo de la l\u00ednea de investigaci\u00f3n es investigar aspectos cl\u00ednicos, inmunol\u00f3gicos y de laboratorio de las Enfermedades Autoinmunes, particularmente el Lupus Eritematoso Sist\u00e9mico. Un enfoque interesante de nuestros estudios es la importante relaci\u00f3n de la aterosclerosis con los cuadros inflamatorios de las enfermedades reumatol\u00f3gicas, que favorecen la precocidad de eventos cardiovasculares en estos pacientes. De hecho, las Enfermedades Reumatol\u00f3gicas Autoinmunes son modelos extremamente interesantes para profundizar los mecanismos de instalaci\u00f3n y progresi\u00f3n de la aterosclerosis. Nuestro principal objetivo es elucidar aspectos b\u00e1sicos de este proceso, sus mecanismos inflamatorios y celulares, bien como evaluar medidas de intervenci\u00f3n para retardar su instalaci\u00f3n y progresi\u00f3n. De esta forma, ampliamos los conocimientos en los mecanismos fisiopatog\u00e9nicos en la aterosclerosis buscando la aplicabilidad de \u00e9stos en t\u00e9rminos de precocidad diagn\u00f3stica y terap\u00e9utica, bien como de su prevenci\u00f3n.<\/p>\n<h2><strong>Art\u00edculos relevantes:<\/strong><\/h2>\n<ol>\n<li>Muniz LF, Pereira RMR, Silva TF, Bonf\u00e1 E, Borba EF. Impact of Therapy on Metabolic Syndrome in Young Adult Premenopausal Female Lupus Patients: Beneficial Effect of Antimalarials. Arthritis Care Res (Hoboken). 2015 Sep;67(9):1255-1262. doi: 10.1002\/acr.22593.<\/li>\n<li>Cairoli E, Rebella M, Danese N, Garra V, Borba EF. Hydroxychloroquine reduces low-density lipoprotein cholesterol levels in systemic lupus erythematosus: a longitudinal evaluation of the lipid-lowering effect. Lupus. 2012 Oct;21(11):1178-82. doi: 10.1177\/0961203312450084.<\/li>\n<li>de Carvalho JF, Bonf\u00e1 E, Borba EF. Systemic lupus erythematosus and \u00abl\u00fapus dyslipoproteinemia\u00bb. Autoimmun Rev. 2008 Jan;7(3):246-50. doi: 10.1016\/j.autrev.2007.11.016.<\/li>\n<li>Borba EF, Bonf\u00e1 E, Vinagre CG, Ramires JA, Maranh\u00e3o RC. Chylomicron metabolismo is markedly altered in systemic lupus erythematosus. Arthritis Rheum. 2000 May;43(5):1033-40.<\/li>\n<li>Borba EF, Bonf\u00e1 E. Dyslipoproteinemias in systemic lupus erythematosus:influence of disease, activity, and anticardiolipin antibodies. Lupus.1997;6(6):533-9.<\/li>\n<\/ol>\n<p>&nbsp;<\/p>\n<h2><strong>PROJETOS ORIENTADOR\/ LINHA<\/strong><\/h2>\n<p><strong>Linha 6. SISTEMA IMUNE E AUTOIMUNE<br \/>\n<\/strong><strong>PROJETO EDUARDO BORBA:<\/strong> ETIOPATOGENESE, DIAGN\u00d3STICO, QUADRO CL\u00cdNICO, COMORBIDADES E TRATAMENTO E PREVEN\u00c7\u00c3O DE DOEN\u00c7AS OSTEOMETAB\u00d3LICAS<br \/>\n<strong>PROJETO EDUARDO BORBA<\/strong>: ETIOPATOGENESE, DIAGN\u00d3STICO, QUADRO CL\u00cdNICO, COMORBIDADES E TRATAMENTO E PREVEN\u00c7\u00c3O DE LUPUS ERITEMATOSO SIST\u00caMICO<\/p>","protected":false},"excerpt":{"rendered":"<p>T\u00edtulo:\u00a0Profesor Asociado E-mail:\u00a0eduardo.borba@hc.fm.usp.br Lattes:\u00a0http:\/\/lattes.cnpq.br\/6447371680399029 Bolsa produtividade CNPq: PQ 1D Orcid:\u00a0 ID 0000-0001-6194-5129 &#8211;\u00a0https:\/\/orcid.org\/0000-0001-6194-5129 Scopus: ID 7003547640 &#8211;\u00a0https:\/\/www.scopus.com\/authid\/detail.uri?authorId=7003547640 Google scholar: ID A6Ig9qAAAAAJ &#8211;\u00a0https:\/\/scholar.google.com.br\/citations?user=A6Ig9qAAAAAJ&amp;hl=pt-BR&amp;oi=ao Research ID:\u00a0 D-1741-2012 &#8211;\u00a0https:\/\/publons.com\/researcher\/1411812\/eduardo-f-borba\/ [&hellip;]<\/p>\n","protected":false},"author":1,"featured_media":0,"parent":25,"menu_order":0,"comment_status":"closed","ping_status":"closed","template":"","meta":{"footnotes":""},"class_list":["post-633","page","type-page","status-publish","hentry"],"yoast_head":"<!-- This site is optimized with the Yoast SEO plugin v25.5 - https:\/\/yoast.com\/wordpress\/plugins\/seo\/ -->\n<title>Eduardo Ferreira Borba Neto - P\u00f3s-Gradua\u00e7\u00e3o em Ci\u00eancias do Sistema Musculoesquel\u00e9tico<\/title>\n<meta name=\"robots\" content=\"index, follow, max-snippet:-1, max-image-preview:large, max-video-preview:-1\" \/>\n<link rel=\"canonical\" href=\"https:\/\/www.musculoesqueleticousp.com.br\/pesquisas\/orientadores\/eduardo-ferreira-borba-neto\/\" \/>\n<meta property=\"og:locale\" content=\"es_ES\" \/>\n<meta property=\"og:type\" content=\"article\" \/>\n<meta property=\"og:title\" content=\"Eduardo Ferreira Borba Neto - P\u00f3s-Gradua\u00e7\u00e3o em Ci\u00eancias do Sistema Musculoesquel\u00e9tico\" \/>\n<meta property=\"og:description\" content=\"T\u00edtulo:\u00a0Profesor Asociado E-mail:\u00a0eduardo.borba@hc.fm.usp.br Lattes:\u00a0http:\/\/lattes.cnpq.br\/6447371680399029 Bolsa produtividade CNPq: PQ 1D Orcid:\u00a0 ID 0000-0001-6194-5129 &#8211;\u00a0https:\/\/orcid.org\/0000-0001-6194-5129 Scopus: ID 7003547640 &#8211;\u00a0https:\/\/www.scopus.com\/authid\/detail.uri?authorId=7003547640 Google scholar: ID A6Ig9qAAAAAJ &#8211;\u00a0https:\/\/scholar.google.com.br\/citations?user=A6Ig9qAAAAAJ&amp;hl=pt-BR&amp;oi=ao Research ID:\u00a0 D-1741-2012 &#8211;\u00a0https:\/\/publons.com\/researcher\/1411812\/eduardo-f-borba\/ [&hellip;]\" \/>\n<meta property=\"og:url\" content=\"https:\/\/www.musculoesqueleticousp.com.br\/pesquisas\/orientadores\/eduardo-ferreira-borba-neto\/\" \/>\n<meta property=\"og:site_name\" content=\"P\u00f3s-Gradua\u00e7\u00e3o em Ci\u00eancias do Sistema Musculoesquel\u00e9tico\" \/>\n<meta property=\"article:modified_time\" content=\"2024-06-18T19:25:09+00:00\" \/>\n<meta property=\"og:image\" content=\"http:\/\/www.musculoesqueleticousp.com.br\/wp-content\/uploads\/2020\/05\/ed_FOTO_EDUARDO-FERREIRA-BORBA-NETO.jpg\" \/>\n<meta name=\"twitter:card\" content=\"summary_large_image\" \/>\n<meta name=\"twitter:label1\" content=\"Tiempo de lectura\" \/>\n\t<meta name=\"twitter:data1\" content=\"6 minutos\" \/>\n<script type=\"application\/ld+json\" class=\"yoast-schema-graph\">{\"@context\":\"https:\/\/schema.org\",\"@graph\":[{\"@type\":\"WebPage\",\"@id\":\"https:\/\/www.musculoesqueleticousp.com.br\/pesquisas\/orientadores\/eduardo-ferreira-borba-neto\/\",\"url\":\"https:\/\/www.musculoesqueleticousp.com.br\/pesquisas\/orientadores\/eduardo-ferreira-borba-neto\/\",\"name\":\"Eduardo Ferreira Borba Neto - P\u00f3s-Gradua\u00e7\u00e3o em Ci\u00eancias do Sistema Musculoesquel\u00e9tico\",\"isPartOf\":{\"@id\":\"https:\/\/www.musculoesqueleticousp.com.br\/en\/#website\"},\"primaryImageOfPage\":{\"@id\":\"https:\/\/www.musculoesqueleticousp.com.br\/pesquisas\/orientadores\/eduardo-ferreira-borba-neto\/#primaryimage\"},\"image\":{\"@id\":\"https:\/\/www.musculoesqueleticousp.com.br\/pesquisas\/orientadores\/eduardo-ferreira-borba-neto\/#primaryimage\"},\"thumbnailUrl\":\"http:\/\/www.musculoesqueleticousp.com.br\/wp-content\/uploads\/2020\/05\/ed_FOTO_EDUARDO-FERREIRA-BORBA-NETO.jpg\",\"datePublished\":\"2020-05-15T14:10:28+00:00\",\"dateModified\":\"2024-06-18T19:25:09+00:00\",\"breadcrumb\":{\"@id\":\"https:\/\/www.musculoesqueleticousp.com.br\/pesquisas\/orientadores\/eduardo-ferreira-borba-neto\/#breadcrumb\"},\"inLanguage\":\"es\",\"potentialAction\":[{\"@type\":\"ReadAction\",\"target\":[\"https:\/\/www.musculoesqueleticousp.com.br\/pesquisas\/orientadores\/eduardo-ferreira-borba-neto\/\"]}]},{\"@type\":\"ImageObject\",\"inLanguage\":\"es\",\"@id\":\"https:\/\/www.musculoesqueleticousp.com.br\/pesquisas\/orientadores\/eduardo-ferreira-borba-neto\/#primaryimage\",\"url\":\"http:\/\/www.musculoesqueleticousp.com.br\/wp-content\/uploads\/2020\/05\/ed_FOTO_EDUARDO-FERREIRA-BORBA-NETO.jpg\",\"contentUrl\":\"http:\/\/www.musculoesqueleticousp.com.br\/wp-content\/uploads\/2020\/05\/ed_FOTO_EDUARDO-FERREIRA-BORBA-NETO.jpg\"},{\"@type\":\"BreadcrumbList\",\"@id\":\"https:\/\/www.musculoesqueleticousp.com.br\/pesquisas\/orientadores\/eduardo-ferreira-borba-neto\/#breadcrumb\",\"itemListElement\":[{\"@type\":\"ListItem\",\"position\":1,\"name\":\"Home\",\"item\":\"https:\/\/www.musculoesqueleticousp.com.br\/en\/\"},{\"@type\":\"ListItem\",\"position\":2,\"name\":\"Research\",\"item\":\"https:\/\/www.musculoesqueleticousp.com.br\/en\/pesquisas\/\"},{\"@type\":\"ListItem\",\"position\":3,\"name\":\"Orientadores\",\"item\":\"https:\/\/www.musculoesqueleticousp.com.br\/pesquisas\/orientadores\/\"},{\"@type\":\"ListItem\",\"position\":4,\"name\":\"Eduardo Ferreira Borba Neto\"}]},{\"@type\":\"WebSite\",\"@id\":\"https:\/\/www.musculoesqueleticousp.com.br\/en\/#website\",\"url\":\"https:\/\/www.musculoesqueleticousp.com.br\/en\/\",\"name\":\"P\u00f3s-Gradua\u00e7\u00e3o em Ci\u00eancias do Sistema Musculoesquel\u00e9tico\",\"description\":\"Website do P\u00f3s-Gradua\u00e7\u00e3o em Ci\u00eancias do Sistema Musculoesquel\u00e9tico\",\"publisher\":{\"@id\":\"https:\/\/www.musculoesqueleticousp.com.br\/en\/#organization\"},\"potentialAction\":[{\"@type\":\"SearchAction\",\"target\":{\"@type\":\"EntryPoint\",\"urlTemplate\":\"https:\/\/www.musculoesqueleticousp.com.br\/en\/?s={search_term_string}\"},\"query-input\":{\"@type\":\"PropertyValueSpecification\",\"valueRequired\":true,\"valueName\":\"search_term_string\"}}],\"inLanguage\":\"es\"},{\"@type\":\"Organization\",\"@id\":\"https:\/\/www.musculoesqueleticousp.com.br\/en\/#organization\",\"name\":\"P\u00f3s-Gradua\u00e7\u00e3o em Ci\u00eancias do Sistema Musculoesquel\u00e9tico\",\"url\":\"https:\/\/www.musculoesqueleticousp.com.br\/en\/\",\"logo\":{\"@type\":\"ImageObject\",\"inLanguage\":\"es\",\"@id\":\"https:\/\/www.musculoesqueleticousp.com.br\/en\/#\/schema\/logo\/image\/\",\"url\":\"https:\/\/www.musculoesqueleticousp.com.br\/wp-content\/uploads\/2020\/04\/logo_pg_cme_v3_h120.png\",\"contentUrl\":\"https:\/\/www.musculoesqueleticousp.com.br\/wp-content\/uploads\/2020\/04\/logo_pg_cme_v3_h120.png\",\"width\":481,\"height\":120,\"caption\":\"P\u00f3s-Gradua\u00e7\u00e3o em Ci\u00eancias do Sistema Musculoesquel\u00e9tico\"},\"image\":{\"@id\":\"https:\/\/www.musculoesqueleticousp.com.br\/en\/#\/schema\/logo\/image\/\"}}]}<\/script>\n<!-- \/ Yoast SEO plugin. -->","yoast_head_json":{"title":"Eduardo Ferreira Borba Neto - P\u00f3s-Gradua\u00e7\u00e3o em Ci\u00eancias do Sistema Musculoesquel\u00e9tico","robots":{"index":"index","follow":"follow","max-snippet":"max-snippet:-1","max-image-preview":"max-image-preview:large","max-video-preview":"max-video-preview:-1"},"canonical":"https:\/\/www.musculoesqueleticousp.com.br\/pesquisas\/orientadores\/eduardo-ferreira-borba-neto\/","og_locale":"es_ES","og_type":"article","og_title":"Eduardo Ferreira Borba Neto - P\u00f3s-Gradua\u00e7\u00e3o em Ci\u00eancias do Sistema Musculoesquel\u00e9tico","og_description":"T\u00edtulo:\u00a0Profesor Asociado E-mail:\u00a0eduardo.borba@hc.fm.usp.br Lattes:\u00a0http:\/\/lattes.cnpq.br\/6447371680399029 Bolsa produtividade CNPq: PQ 1D Orcid:\u00a0 ID 0000-0001-6194-5129 &#8211;\u00a0https:\/\/orcid.org\/0000-0001-6194-5129 Scopus: ID 7003547640 &#8211;\u00a0https:\/\/www.scopus.com\/authid\/detail.uri?authorId=7003547640 Google scholar: ID A6Ig9qAAAAAJ &#8211;\u00a0https:\/\/scholar.google.com.br\/citations?user=A6Ig9qAAAAAJ&amp;hl=pt-BR&amp;oi=ao Research ID:\u00a0 D-1741-2012 &#8211;\u00a0https:\/\/publons.com\/researcher\/1411812\/eduardo-f-borba\/ [&hellip;]","og_url":"https:\/\/www.musculoesqueleticousp.com.br\/pesquisas\/orientadores\/eduardo-ferreira-borba-neto\/","og_site_name":"P\u00f3s-Gradua\u00e7\u00e3o em Ci\u00eancias do Sistema Musculoesquel\u00e9tico","article_modified_time":"2024-06-18T19:25:09+00:00","og_image":[{"url":"http:\/\/www.musculoesqueleticousp.com.br\/wp-content\/uploads\/2020\/05\/ed_FOTO_EDUARDO-FERREIRA-BORBA-NETO.jpg","type":"","width":"","height":""}],"twitter_card":"summary_large_image","twitter_misc":{"Tiempo de lectura":"6 minutos"},"schema":{"@context":"https:\/\/schema.org","@graph":[{"@type":"WebPage","@id":"https:\/\/www.musculoesqueleticousp.com.br\/pesquisas\/orientadores\/eduardo-ferreira-borba-neto\/","url":"https:\/\/www.musculoesqueleticousp.com.br\/pesquisas\/orientadores\/eduardo-ferreira-borba-neto\/","name":"Eduardo Ferreira Borba Neto - P\u00f3s-Gradua\u00e7\u00e3o em Ci\u00eancias do Sistema Musculoesquel\u00e9tico","isPartOf":{"@id":"https:\/\/www.musculoesqueleticousp.com.br\/en\/#website"},"primaryImageOfPage":{"@id":"https:\/\/www.musculoesqueleticousp.com.br\/pesquisas\/orientadores\/eduardo-ferreira-borba-neto\/#primaryimage"},"image":{"@id":"https:\/\/www.musculoesqueleticousp.com.br\/pesquisas\/orientadores\/eduardo-ferreira-borba-neto\/#primaryimage"},"thumbnailUrl":"http:\/\/www.musculoesqueleticousp.com.br\/wp-content\/uploads\/2020\/05\/ed_FOTO_EDUARDO-FERREIRA-BORBA-NETO.jpg","datePublished":"2020-05-15T14:10:28+00:00","dateModified":"2024-06-18T19:25:09+00:00","breadcrumb":{"@id":"https:\/\/www.musculoesqueleticousp.com.br\/pesquisas\/orientadores\/eduardo-ferreira-borba-neto\/#breadcrumb"},"inLanguage":"es","potentialAction":[{"@type":"ReadAction","target":["https:\/\/www.musculoesqueleticousp.com.br\/pesquisas\/orientadores\/eduardo-ferreira-borba-neto\/"]}]},{"@type":"ImageObject","inLanguage":"es","@id":"https:\/\/www.musculoesqueleticousp.com.br\/pesquisas\/orientadores\/eduardo-ferreira-borba-neto\/#primaryimage","url":"http:\/\/www.musculoesqueleticousp.com.br\/wp-content\/uploads\/2020\/05\/ed_FOTO_EDUARDO-FERREIRA-BORBA-NETO.jpg","contentUrl":"http:\/\/www.musculoesqueleticousp.com.br\/wp-content\/uploads\/2020\/05\/ed_FOTO_EDUARDO-FERREIRA-BORBA-NETO.jpg"},{"@type":"BreadcrumbList","@id":"https:\/\/www.musculoesqueleticousp.com.br\/pesquisas\/orientadores\/eduardo-ferreira-borba-neto\/#breadcrumb","itemListElement":[{"@type":"ListItem","position":1,"name":"Home","item":"https:\/\/www.musculoesqueleticousp.com.br\/en\/"},{"@type":"ListItem","position":2,"name":"Research","item":"https:\/\/www.musculoesqueleticousp.com.br\/en\/pesquisas\/"},{"@type":"ListItem","position":3,"name":"Orientadores","item":"https:\/\/www.musculoesqueleticousp.com.br\/pesquisas\/orientadores\/"},{"@type":"ListItem","position":4,"name":"Eduardo Ferreira Borba Neto"}]},{"@type":"WebSite","@id":"https:\/\/www.musculoesqueleticousp.com.br\/en\/#website","url":"https:\/\/www.musculoesqueleticousp.com.br\/en\/","name":"P\u00f3s-Gradua\u00e7\u00e3o em Ci\u00eancias do Sistema Musculoesquel\u00e9tico","description":"Website do P\u00f3s-Gradua\u00e7\u00e3o em Ci\u00eancias do Sistema Musculoesquel\u00e9tico","publisher":{"@id":"https:\/\/www.musculoesqueleticousp.com.br\/en\/#organization"},"potentialAction":[{"@type":"SearchAction","target":{"@type":"EntryPoint","urlTemplate":"https:\/\/www.musculoesqueleticousp.com.br\/en\/?s={search_term_string}"},"query-input":{"@type":"PropertyValueSpecification","valueRequired":true,"valueName":"search_term_string"}}],"inLanguage":"es"},{"@type":"Organization","@id":"https:\/\/www.musculoesqueleticousp.com.br\/en\/#organization","name":"P\u00f3s-Gradua\u00e7\u00e3o em Ci\u00eancias do Sistema Musculoesquel\u00e9tico","url":"https:\/\/www.musculoesqueleticousp.com.br\/en\/","logo":{"@type":"ImageObject","inLanguage":"es","@id":"https:\/\/www.musculoesqueleticousp.com.br\/en\/#\/schema\/logo\/image\/","url":"https:\/\/www.musculoesqueleticousp.com.br\/wp-content\/uploads\/2020\/04\/logo_pg_cme_v3_h120.png","contentUrl":"https:\/\/www.musculoesqueleticousp.com.br\/wp-content\/uploads\/2020\/04\/logo_pg_cme_v3_h120.png","width":481,"height":120,"caption":"P\u00f3s-Gradua\u00e7\u00e3o em Ci\u00eancias do Sistema Musculoesquel\u00e9tico"},"image":{"@id":"https:\/\/www.musculoesqueleticousp.com.br\/en\/#\/schema\/logo\/image\/"}}]}},"_links":{"self":[{"href":"https:\/\/www.musculoesqueleticousp.com.br\/es\/wp-json\/wp\/v2\/pages\/633","targetHints":{"allow":["GET"]}}],"collection":[{"href":"https:\/\/www.musculoesqueleticousp.com.br\/es\/wp-json\/wp\/v2\/pages"}],"about":[{"href":"https:\/\/www.musculoesqueleticousp.com.br\/es\/wp-json\/wp\/v2\/types\/page"}],"author":[{"embeddable":true,"href":"https:\/\/www.musculoesqueleticousp.com.br\/es\/wp-json\/wp\/v2\/users\/1"}],"replies":[{"embeddable":true,"href":"https:\/\/www.musculoesqueleticousp.com.br\/es\/wp-json\/wp\/v2\/comments?post=633"}],"version-history":[{"count":8,"href":"https:\/\/www.musculoesqueleticousp.com.br\/es\/wp-json\/wp\/v2\/pages\/633\/revisions"}],"predecessor-version":[{"id":2837,"href":"https:\/\/www.musculoesqueleticousp.com.br\/es\/wp-json\/wp\/v2\/pages\/633\/revisions\/2837"}],"up":[{"embeddable":true,"href":"https:\/\/www.musculoesqueleticousp.com.br\/es\/wp-json\/wp\/v2\/pages\/25"}],"wp:attachment":[{"href":"https:\/\/www.musculoesqueleticousp.com.br\/es\/wp-json\/wp\/v2\/media?parent=633"}],"curies":[{"name":"wp","href":"https:\/\/api.w.org\/{rel}","templated":true}]}}