{"id":630,"date":"2020-05-15T11:07:28","date_gmt":"2020-05-15T14:07:28","guid":{"rendered":"http:\/\/www.musculoesqueleticousp.com.br\/?page_id=630"},"modified":"2024-06-18T16:18:28","modified_gmt":"2024-06-18T19:18:28","slug":"arnaldo-jose-hernandez","status":"publish","type":"page","link":"https:\/\/www.musculoesqueleticousp.com.br\/es\/pesquisas\/orientadores\/arnaldo-jose-hernandez\/","title":{"rendered":"Arnaldo Jos\u00e9 Hernandez"},"content":{"rendered":"<p><strong><img loading=\"lazy\" decoding=\"async\" class=\"alignleft size-full wp-image-631\" src=\"http:\/\/www.musculoesqueleticousp.com.br\/wp-content\/uploads\/2020\/05\/ed_FOTO_ARNALDO-JOS\u00c9-HERNANDEZ.jpg\" alt=\"\" width=\"210\" height=\"225\" srcset=\"https:\/\/www.musculoesqueleticousp.com.br\/wp-content\/uploads\/2020\/05\/ed_FOTO_ARNALDO-JOS\u00c9-HERNANDEZ.jpg 210w, https:\/\/www.musculoesqueleticousp.com.br\/wp-content\/uploads\/2020\/05\/ed_FOTO_ARNALDO-JOS\u00c9-HERNANDEZ-136x146.jpg 136w, https:\/\/www.musculoesqueleticousp.com.br\/wp-content\/uploads\/2020\/05\/ed_FOTO_ARNALDO-JOS\u00c9-HERNANDEZ-47x50.jpg 47w, https:\/\/www.musculoesqueleticousp.com.br\/wp-content\/uploads\/2020\/05\/ed_FOTO_ARNALDO-JOS\u00c9-HERNANDEZ-70x75.jpg 70w\" sizes=\"auto, (max-width: 210px) 100vw, 210px\" \/><\/strong><\/p>\n<p><strong>T\u00edtulo:<\/strong> Profesor Asociado<br \/>\n<b><strong>E-mail:<\/strong><\/b>\u00a0<a href=\"mailto:ajhernandez@uol.com.br\">ajhernandez@uol.com.br<\/a><br \/>\n<b><strong>Lattes:<\/strong><\/b><a href=\"https:\/\/suporte.trajettoria.com\/scp\/l.php?url=http%3A%2F%2Flattes.cnpq.br%2F1252026760932526&amp;auth=665dc4d7b88987fff9e24974aa2cd31c\"><b><strong>\u00a0<\/strong><\/b><\/a><a href=\"http:\/\/lattes.cnpq.br\/1252026760932526\">http:\/\/lattes.cnpq.br\/1252026760932526<\/a><br \/>\n<b><strong>Orcid<\/strong><\/b>: ID 0000-0001-8645-3956 &#8211;\u00a0<a href=\"https:\/\/orcid.org\/0000-0001-8645-3956\">https:\/\/orcid.org\/0000-0001-8645-3956<\/a><br \/>\n<b><strong>Scopus<\/strong><\/b>: ID 13611755800 &#8211;\u00a0<a href=\"https:\/\/www.scopus.com\/authid\/detail.uri?authorId=13611755800\">https:\/\/www.scopus.com\/authid\/detail.uri?authorId=13611755800<\/a><br \/>\n<b><strong>Google Scholar<\/strong><\/b>: ID iRLV4zMAAAAJ &#8211;\u00a0<a href=\"https:\/\/scholar.google.com.br\/citations?user=iRLV4zMAAAAJ&amp;hl=pt-BR&amp;oi=ao\">https:\/\/scholar.google.com.br\/citations?user=iRLV4zMAAAAJ&amp;hl=pt-BR&amp;oi=ao<\/a><br \/>\n<b><strong>Research ID<\/strong><\/b>: \u00a0I-7939-2016 &#8211;\u00a0<a href=\"https:\/\/publons.com\/researcher\/2253807\/1083-jose-hernandez\/\">https:\/\/publons.com\/researcher\/2253807\/1083-jose-hernandez\/<\/a><\/p>\n<h2><strong>L\u00ednea de Investigaci\u00f3n:\u00a0<\/strong><\/h2>\n<p><strong><br \/>\nPrincipal-<\/strong>\u00a0 Inestabilidades Articulares, Regeneraci\u00f3n de los Tejidos del Aparato Locomotor y Sustituciones Articulares.<\/p>\n<h2>Resumen<\/h2>\n<p>En esas \u00e1reas las investigaciones son en ciencias b\u00e1sicas, biomec\u00e1nica, investigaciones cl\u00ednicas y reconstrucciones ligamentarias de la rodilla.<\/p>\n<h2>Art\u00edculos relevantes:<\/h2>\n<ol>\n<li>Fernandes TL, Gomoll AH, Lattermann C, Hernandez AJ, Bueno DF, Amano MT. Macrophage: A Potential Target on Cartilage Regeneration. Front Immunol. 2020 Feb 11;11:111. doi: 10.3389\/fimmu.2020.00111.<\/li>\n<li>Claudino JG, Gabbett TJ, Bourgeois F, Souza HS, Miranda RC, Mez\u00eancio B, Soncin R, Cardoso Filho CA, Bottaro M, Hernandez AJ, Amadio AC, Serr\u00e3o JC. CrossFit Overview: Systematic Review and Meta-analysis. Sports Med Open. 2018 Feb 26;4(1):11. doi: 10.1186\/s40798-018-0124-5.<\/li>\n<li>Camanho GL, Viegas Ade C, Bitar AC, Demange MK, Hernandez AJ. Conservative versus surgical treatment for repair of the medial patellofemoral ligament in acute dislocations of the patella. Arthroscopy. 2009 Jun;25(6):620-5. doi:10.1016\/j.arthro.2008.12.005.<\/li>\n<li>de Almeida AM, Demange MK, Sobrado MF, Rodrigues MB, Pedrinelli A, Hernandez AJ. Patellar tendon healing with platelet-rich plasma: a prospective randomized controlled trial. Am J Sports Med. 2012 Jun;40(6):1282-8. doi:10.1177\/0363546512441344.<\/li>\n<\/ol>\n<p>&nbsp;<\/p>\n<h2><strong>PROJETOS ORIENTADOR\/ LINHA<\/strong><\/h2>\n<p><strong>Linha 7. EFEITOS DO EXERC\u00cdCIO F\u00cdSICO, NUTRI\u00c7\u00c3O E GEN\u00c9TICA NA SA\u00daDE E NO DESEMPENHO F\u00cdSICO<br \/>\n<\/strong><strong>PROJETO ARNALDO HERNANDEZ:<\/strong> AVALIA\u00c7\u00c3O FUNCIONAL DO APARELHO LOCOMOTOR NA PR\u00c1TICA ESPORTIVA<\/p>","protected":false},"excerpt":{"rendered":"<p>T\u00edtulo: Profesor Asociado E-mail:\u00a0ajhernandez@uol.com.br Lattes:\u00a0http:\/\/lattes.cnpq.br\/1252026760932526 Orcid: ID 0000-0001-8645-3956 &#8211;\u00a0https:\/\/orcid.org\/0000-0001-8645-3956 Scopus: ID 13611755800 &#8211;\u00a0https:\/\/www.scopus.com\/authid\/detail.uri?authorId=13611755800 Google Scholar: ID iRLV4zMAAAAJ &#8211;\u00a0https:\/\/scholar.google.com.br\/citations?user=iRLV4zMAAAAJ&amp;hl=pt-BR&amp;oi=ao Research ID: \u00a0I-7939-2016 &#8211;\u00a0https:\/\/publons.com\/researcher\/2253807\/1083-jose-hernandez\/ L\u00ednea de Investigaci\u00f3n:\u00a0 Principal-\u00a0 [&hellip;]<\/p>\n","protected":false},"author":1,"featured_media":0,"parent":25,"menu_order":0,"comment_status":"closed","ping_status":"closed","template":"","meta":{"footnotes":""},"class_list":["post-630","page","type-page","status-publish","hentry"],"yoast_head":"<!-- This site is optimized with the Yoast SEO plugin v25.5 - https:\/\/yoast.com\/wordpress\/plugins\/seo\/ -->\n<title>Arnaldo Jos\u00e9 Hernandez - P\u00f3s-Gradua\u00e7\u00e3o em Ci\u00eancias do Sistema Musculoesquel\u00e9tico<\/title>\n<meta name=\"robots\" content=\"index, follow, max-snippet:-1, max-image-preview:large, max-video-preview:-1\" \/>\n<link rel=\"canonical\" href=\"https:\/\/www.musculoesqueleticousp.com.br\/pesquisas\/orientadores\/arnaldo-jose-hernandez\/\" \/>\n<meta property=\"og:locale\" content=\"es_ES\" \/>\n<meta property=\"og:type\" content=\"article\" \/>\n<meta property=\"og:title\" content=\"Arnaldo Jos\u00e9 Hernandez - P\u00f3s-Gradua\u00e7\u00e3o em Ci\u00eancias do Sistema Musculoesquel\u00e9tico\" \/>\n<meta property=\"og:description\" content=\"T\u00edtulo: Profesor Asociado E-mail:\u00a0ajhernandez@uol.com.br Lattes:\u00a0http:\/\/lattes.cnpq.br\/1252026760932526 Orcid: ID 0000-0001-8645-3956 &#8211;\u00a0https:\/\/orcid.org\/0000-0001-8645-3956 Scopus: ID 13611755800 &#8211;\u00a0https:\/\/www.scopus.com\/authid\/detail.uri?authorId=13611755800 Google Scholar: ID iRLV4zMAAAAJ &#8211;\u00a0https:\/\/scholar.google.com.br\/citations?user=iRLV4zMAAAAJ&amp;hl=pt-BR&amp;oi=ao Research ID: \u00a0I-7939-2016 &#8211;\u00a0https:\/\/publons.com\/researcher\/2253807\/1083-jose-hernandez\/ L\u00ednea de Investigaci\u00f3n:\u00a0 Principal-\u00a0 [&hellip;]\" \/>\n<meta property=\"og:url\" content=\"https:\/\/www.musculoesqueleticousp.com.br\/pesquisas\/orientadores\/arnaldo-jose-hernandez\/\" \/>\n<meta property=\"og:site_name\" content=\"P\u00f3s-Gradua\u00e7\u00e3o em Ci\u00eancias do Sistema Musculoesquel\u00e9tico\" \/>\n<meta property=\"article:modified_time\" content=\"2024-06-18T19:18:28+00:00\" \/>\n<meta name=\"twitter:card\" content=\"summary_large_image\" \/>\n<meta name=\"twitter:label1\" content=\"Tiempo de lectura\" \/>\n\t<meta name=\"twitter:data1\" content=\"4 minutos\" \/>\n<script type=\"application\/ld+json\" class=\"yoast-schema-graph\">{\"@context\":\"https:\/\/schema.org\",\"@graph\":[{\"@type\":\"WebPage\",\"@id\":\"https:\/\/www.musculoesqueleticousp.com.br\/pesquisas\/orientadores\/arnaldo-jose-hernandez\/\",\"url\":\"https:\/\/www.musculoesqueleticousp.com.br\/pesquisas\/orientadores\/arnaldo-jose-hernandez\/\",\"name\":\"Arnaldo Jos\u00e9 Hernandez - P\u00f3s-Gradua\u00e7\u00e3o em Ci\u00eancias do Sistema Musculoesquel\u00e9tico\",\"isPartOf\":{\"@id\":\"https:\/\/www.musculoesqueleticousp.com.br\/en\/#website\"},\"datePublished\":\"2020-05-15T14:07:28+00:00\",\"dateModified\":\"2024-06-18T19:18:28+00:00\",\"breadcrumb\":{\"@id\":\"https:\/\/www.musculoesqueleticousp.com.br\/pesquisas\/orientadores\/arnaldo-jose-hernandez\/#breadcrumb\"},\"inLanguage\":\"es\",\"potentialAction\":[{\"@type\":\"ReadAction\",\"target\":[\"https:\/\/www.musculoesqueleticousp.com.br\/pesquisas\/orientadores\/arnaldo-jose-hernandez\/\"]}]},{\"@type\":\"BreadcrumbList\",\"@id\":\"https:\/\/www.musculoesqueleticousp.com.br\/pesquisas\/orientadores\/arnaldo-jose-hernandez\/#breadcrumb\",\"itemListElement\":[{\"@type\":\"ListItem\",\"position\":1,\"name\":\"Home\",\"item\":\"https:\/\/www.musculoesqueleticousp.com.br\/en\/\"},{\"@type\":\"ListItem\",\"position\":2,\"name\":\"Research\",\"item\":\"https:\/\/www.musculoesqueleticousp.com.br\/en\/pesquisas\/\"},{\"@type\":\"ListItem\",\"position\":3,\"name\":\"Orientadores\",\"item\":\"https:\/\/www.musculoesqueleticousp.com.br\/pesquisas\/orientadores\/\"},{\"@type\":\"ListItem\",\"position\":4,\"name\":\"Arnaldo Jos\u00e9 Hernandez\"}]},{\"@type\":\"WebSite\",\"@id\":\"https:\/\/www.musculoesqueleticousp.com.br\/en\/#website\",\"url\":\"https:\/\/www.musculoesqueleticousp.com.br\/en\/\",\"name\":\"P\u00f3s-Gradua\u00e7\u00e3o em Ci\u00eancias do Sistema Musculoesquel\u00e9tico\",\"description\":\"Website do P\u00f3s-Gradua\u00e7\u00e3o em Ci\u00eancias do Sistema Musculoesquel\u00e9tico\",\"publisher\":{\"@id\":\"https:\/\/www.musculoesqueleticousp.com.br\/en\/#organization\"},\"potentialAction\":[{\"@type\":\"SearchAction\",\"target\":{\"@type\":\"EntryPoint\",\"urlTemplate\":\"https:\/\/www.musculoesqueleticousp.com.br\/en\/?s={search_term_string}\"},\"query-input\":{\"@type\":\"PropertyValueSpecification\",\"valueRequired\":true,\"valueName\":\"search_term_string\"}}],\"inLanguage\":\"es\"},{\"@type\":\"Organization\",\"@id\":\"https:\/\/www.musculoesqueleticousp.com.br\/en\/#organization\",\"name\":\"P\u00f3s-Gradua\u00e7\u00e3o em Ci\u00eancias do Sistema Musculoesquel\u00e9tico\",\"url\":\"https:\/\/www.musculoesqueleticousp.com.br\/en\/\",\"logo\":{\"@type\":\"ImageObject\",\"inLanguage\":\"es\",\"@id\":\"https:\/\/www.musculoesqueleticousp.com.br\/en\/#\/schema\/logo\/image\/\",\"url\":\"https:\/\/www.musculoesqueleticousp.com.br\/wp-content\/uploads\/2020\/04\/logo_pg_cme_v3_h120.png\",\"contentUrl\":\"https:\/\/www.musculoesqueleticousp.com.br\/wp-content\/uploads\/2020\/04\/logo_pg_cme_v3_h120.png\",\"width\":481,\"height\":120,\"caption\":\"P\u00f3s-Gradua\u00e7\u00e3o em Ci\u00eancias do Sistema Musculoesquel\u00e9tico\"},\"image\":{\"@id\":\"https:\/\/www.musculoesqueleticousp.com.br\/en\/#\/schema\/logo\/image\/\"}}]}<\/script>\n<!-- \/ Yoast SEO plugin. -->","yoast_head_json":{"title":"Arnaldo Jos\u00e9 Hernandez - P\u00f3s-Gradua\u00e7\u00e3o em Ci\u00eancias do Sistema Musculoesquel\u00e9tico","robots":{"index":"index","follow":"follow","max-snippet":"max-snippet:-1","max-image-preview":"max-image-preview:large","max-video-preview":"max-video-preview:-1"},"canonical":"https:\/\/www.musculoesqueleticousp.com.br\/pesquisas\/orientadores\/arnaldo-jose-hernandez\/","og_locale":"es_ES","og_type":"article","og_title":"Arnaldo Jos\u00e9 Hernandez - P\u00f3s-Gradua\u00e7\u00e3o em Ci\u00eancias do Sistema Musculoesquel\u00e9tico","og_description":"T\u00edtulo: Profesor Asociado E-mail:\u00a0ajhernandez@uol.com.br Lattes:\u00a0http:\/\/lattes.cnpq.br\/1252026760932526 Orcid: ID 0000-0001-8645-3956 &#8211;\u00a0https:\/\/orcid.org\/0000-0001-8645-3956 Scopus: ID 13611755800 &#8211;\u00a0https:\/\/www.scopus.com\/authid\/detail.uri?authorId=13611755800 Google Scholar: ID iRLV4zMAAAAJ &#8211;\u00a0https:\/\/scholar.google.com.br\/citations?user=iRLV4zMAAAAJ&amp;hl=pt-BR&amp;oi=ao Research ID: \u00a0I-7939-2016 &#8211;\u00a0https:\/\/publons.com\/researcher\/2253807\/1083-jose-hernandez\/ L\u00ednea de Investigaci\u00f3n:\u00a0 Principal-\u00a0 [&hellip;]","og_url":"https:\/\/www.musculoesqueleticousp.com.br\/pesquisas\/orientadores\/arnaldo-jose-hernandez\/","og_site_name":"P\u00f3s-Gradua\u00e7\u00e3o em Ci\u00eancias do Sistema Musculoesquel\u00e9tico","article_modified_time":"2024-06-18T19:18:28+00:00","twitter_card":"summary_large_image","twitter_misc":{"Tiempo de lectura":"4 minutos"},"schema":{"@context":"https:\/\/schema.org","@graph":[{"@type":"WebPage","@id":"https:\/\/www.musculoesqueleticousp.com.br\/pesquisas\/orientadores\/arnaldo-jose-hernandez\/","url":"https:\/\/www.musculoesqueleticousp.com.br\/pesquisas\/orientadores\/arnaldo-jose-hernandez\/","name":"Arnaldo Jos\u00e9 Hernandez - P\u00f3s-Gradua\u00e7\u00e3o em Ci\u00eancias do Sistema Musculoesquel\u00e9tico","isPartOf":{"@id":"https:\/\/www.musculoesqueleticousp.com.br\/en\/#website"},"datePublished":"2020-05-15T14:07:28+00:00","dateModified":"2024-06-18T19:18:28+00:00","breadcrumb":{"@id":"https:\/\/www.musculoesqueleticousp.com.br\/pesquisas\/orientadores\/arnaldo-jose-hernandez\/#breadcrumb"},"inLanguage":"es","potentialAction":[{"@type":"ReadAction","target":["https:\/\/www.musculoesqueleticousp.com.br\/pesquisas\/orientadores\/arnaldo-jose-hernandez\/"]}]},{"@type":"BreadcrumbList","@id":"https:\/\/www.musculoesqueleticousp.com.br\/pesquisas\/orientadores\/arnaldo-jose-hernandez\/#breadcrumb","itemListElement":[{"@type":"ListItem","position":1,"name":"Home","item":"https:\/\/www.musculoesqueleticousp.com.br\/en\/"},{"@type":"ListItem","position":2,"name":"Research","item":"https:\/\/www.musculoesqueleticousp.com.br\/en\/pesquisas\/"},{"@type":"ListItem","position":3,"name":"Orientadores","item":"https:\/\/www.musculoesqueleticousp.com.br\/pesquisas\/orientadores\/"},{"@type":"ListItem","position":4,"name":"Arnaldo Jos\u00e9 Hernandez"}]},{"@type":"WebSite","@id":"https:\/\/www.musculoesqueleticousp.com.br\/en\/#website","url":"https:\/\/www.musculoesqueleticousp.com.br\/en\/","name":"P\u00f3s-Gradua\u00e7\u00e3o em Ci\u00eancias do Sistema Musculoesquel\u00e9tico","description":"Website do P\u00f3s-Gradua\u00e7\u00e3o em Ci\u00eancias do Sistema Musculoesquel\u00e9tico","publisher":{"@id":"https:\/\/www.musculoesqueleticousp.com.br\/en\/#organization"},"potentialAction":[{"@type":"SearchAction","target":{"@type":"EntryPoint","urlTemplate":"https:\/\/www.musculoesqueleticousp.com.br\/en\/?s={search_term_string}"},"query-input":{"@type":"PropertyValueSpecification","valueRequired":true,"valueName":"search_term_string"}}],"inLanguage":"es"},{"@type":"Organization","@id":"https:\/\/www.musculoesqueleticousp.com.br\/en\/#organization","name":"P\u00f3s-Gradua\u00e7\u00e3o em Ci\u00eancias do Sistema Musculoesquel\u00e9tico","url":"https:\/\/www.musculoesqueleticousp.com.br\/en\/","logo":{"@type":"ImageObject","inLanguage":"es","@id":"https:\/\/www.musculoesqueleticousp.com.br\/en\/#\/schema\/logo\/image\/","url":"https:\/\/www.musculoesqueleticousp.com.br\/wp-content\/uploads\/2020\/04\/logo_pg_cme_v3_h120.png","contentUrl":"https:\/\/www.musculoesqueleticousp.com.br\/wp-content\/uploads\/2020\/04\/logo_pg_cme_v3_h120.png","width":481,"height":120,"caption":"P\u00f3s-Gradua\u00e7\u00e3o em Ci\u00eancias do Sistema Musculoesquel\u00e9tico"},"image":{"@id":"https:\/\/www.musculoesqueleticousp.com.br\/en\/#\/schema\/logo\/image\/"}}]}},"_links":{"self":[{"href":"https:\/\/www.musculoesqueleticousp.com.br\/es\/wp-json\/wp\/v2\/pages\/630","targetHints":{"allow":["GET"]}}],"collection":[{"href":"https:\/\/www.musculoesqueleticousp.com.br\/es\/wp-json\/wp\/v2\/pages"}],"about":[{"href":"https:\/\/www.musculoesqueleticousp.com.br\/es\/wp-json\/wp\/v2\/types\/page"}],"author":[{"embeddable":true,"href":"https:\/\/www.musculoesqueleticousp.com.br\/es\/wp-json\/wp\/v2\/users\/1"}],"replies":[{"embeddable":true,"href":"https:\/\/www.musculoesqueleticousp.com.br\/es\/wp-json\/wp\/v2\/comments?post=630"}],"version-history":[{"count":15,"href":"https:\/\/www.musculoesqueleticousp.com.br\/es\/wp-json\/wp\/v2\/pages\/630\/revisions"}],"predecessor-version":[{"id":2828,"href":"https:\/\/www.musculoesqueleticousp.com.br\/es\/wp-json\/wp\/v2\/pages\/630\/revisions\/2828"}],"up":[{"embeddable":true,"href":"https:\/\/www.musculoesqueleticousp.com.br\/es\/wp-json\/wp\/v2\/pages\/25"}],"wp:attachment":[{"href":"https:\/\/www.musculoesqueleticousp.com.br\/es\/wp-json\/wp\/v2\/media?parent=630"}],"curies":[{"name":"wp","href":"https:\/\/api.w.org\/{rel}","templated":true}]}}