{"id":619,"date":"2020-05-08T11:02:26","date_gmt":"2020-05-08T14:02:26","guid":{"rendered":"http:\/\/www.musculoesqueleticousp.com.br\/?page_id=619"},"modified":"2024-09-23T19:08:46","modified_gmt":"2024-09-23T22:08:46","slug":"eimear-bernadette-dolan","status":"publish","type":"page","link":"https:\/\/www.musculoesqueleticousp.com.br\/es\/pesquisas\/orientadores\/eimear-bernadette-dolan\/","title":{"rendered":"Eimear Bernadette Dolan"},"content":{"rendered":"<p><strong><img loading=\"lazy\" decoding=\"async\" class=\"alignleft size-full wp-image-620\" src=\"http:\/\/www.musculoesqueleticousp.com.br\/wp-content\/uploads\/2020\/05\/e_FOTO_EIMEAR-BERNADETTE-DOLAN.jpg\" alt=\"\" width=\"170\" height=\"225\" srcset=\"https:\/\/www.musculoesqueleticousp.com.br\/wp-content\/uploads\/2020\/05\/e_FOTO_EIMEAR-BERNADETTE-DOLAN.jpg 170w, https:\/\/www.musculoesqueleticousp.com.br\/wp-content\/uploads\/2020\/05\/e_FOTO_EIMEAR-BERNADETTE-DOLAN-110x146.jpg 110w, https:\/\/www.musculoesqueleticousp.com.br\/wp-content\/uploads\/2020\/05\/e_FOTO_EIMEAR-BERNADETTE-DOLAN-38x50.jpg 38w, https:\/\/www.musculoesqueleticousp.com.br\/wp-content\/uploads\/2020\/05\/e_FOTO_EIMEAR-BERNADETTE-DOLAN-57x75.jpg 57w\" sizes=\"auto, (max-width: 170px) 100vw, 170px\" \/><\/strong><\/p>\n<p><strong>T\u00edtulo: <\/strong>Postdoctoranda<br \/>\n<b><strong>E-mail:<\/strong><\/b>\u00a0<a href=\"mailto:eimeardol@gmail.com\">eimeardol@gmail.com<\/a><br \/>\n<b><strong>Lattes:<\/strong><\/b>\u00a0<a href=\"http:\/\/buscatextual.cnpq.br\/buscatextual\/visualizacv.do?metodo=apresentar&amp;id=K8055733D6\">http:\/\/lattes.cnpq.br\/0281724333238291<\/a><br \/>\n<b><strong>Orcid:<\/strong><\/b>\u00a0ID\u00a00000-0002-1018-7601 &#8211;\u00a0<a href=\"https:\/\/orcid.org\/0000-0002-1018-7601\">https:\/\/orcid.org\/0000-0002-1018-7601<\/a><br \/>\n<b><strong>Scopus<\/strong><\/b><b><strong>:<\/strong><\/b> ID 57222817656 &#8211;\u00a0<a href=\"https:\/\/www.scopus.com\/authid\/detail.uri?authorId=57202052003\">https:\/\/www.scopus.com\/authid\/detail.uri?authorId=57202052003<\/a><br \/>\n<b><strong>Google Scholar:<\/strong><\/b><b><strong>\u00a0<\/strong><\/b><b><strong>ID<\/strong><\/b><b><strong>\u00a0<\/strong><\/b>uTPjS7sAAAAJ &#8211;\u00a0\u00a0<a href=\"https:\/\/scholar.google.com.br\/citations?user=uTPjS7sAAAAJ&amp;hl=pt-BR&amp;oi=ao\">https:\/\/scholar.google.com.br\/citations?user=uTPjS7sAAAAJ&amp;hl=pt-BR&amp;oi=ao<\/a><br \/>\n<b><strong>Research ID<\/strong><\/b><b><strong>:\u00a0<\/strong><\/b><b><strong>AAX-8134-2020 &#8211;\u00a0<\/strong><\/b><a href=\"https:\/\/publons.com\/researcher\/3870422\/eimear-dolan\/\">https:\/\/publons.com\/researcher\/3870422\/eimear-dolan\/<\/a><\/p>\n<p>&nbsp;<\/p>\n<p>&nbsp;<\/p>\n<h2><strong>L\u00edneas de investigaci\u00f3n:<\/strong><\/h2>\n<p>Principal \u2013 la respuesta \u00f3sea al ejercicio y nutrici\u00f3n<br \/>\nNutrici\u00f3n y suplementaci\u00f3n deportiva<br \/>\nFisiolog\u00eda del ejercicio<br \/>\nRevisiones sistem\u00e1ticas y metaan\u00e1lisis.<\/p>\n<h2>Resumen<\/h2>\n<p>Mi investigaci\u00f3n tiene el objetivo de investigar c\u00f3mo el ejercicio y la nutrici\u00f3n influencian al sistema musculoesquel\u00e9tico en varias poblaciones, incluyendo a atletas de \u00e9lite e individuos con enfermedades cl\u00ednicas. Dentro de eso, mi principal enfoque es analizar c\u00f3mo el ejercicio influencia el metabolismo \u00f3seo, adem\u00e1s de c\u00f3mo los factores nutricionales pueden afectar esa respuesta. Otras l\u00edneas de investigaci\u00f3n que estoy investigando incluyen el uso de suplementos nutricionales para optimizar el desempe\u00f1o atl\u00e9tico, con enfoque en el uso de suplementos tamponadores, y c\u00f3mo el mismo afecta el desempe\u00f1o en el ejercicio de alta intensidad. Tambi\u00e9n, tengo varios proyectos investigando el efecto de una disponibilidad de energ\u00eda insuficiente en la salud y en el desempe\u00f1o. Adem\u00e1s de eso, tengo inter\u00e9s en metodolog\u00edas de investigaci\u00f3n, revisiones sistem\u00e1ticas y metaan\u00e1lisis, en particular.<\/p>\n<h2><strong>Art\u00edculos relevantes:<br \/>\n<\/strong><\/h2>\n<ol>\n<li>Dolan E, Varley I, Ackerman K, Pereira R, Elliott-Sale K, Sale C. The bone metabolic response to exercise and nutrition. Exerc Sport Sci Rev. 2020;48(2):49\u201358.<\/li>\n<li>Dolan E, Swinton P, Painelli V, et al. A systematic risk assessment and meta-analysis on the use of oral beta-alanine supplementation. Adv Nutr. 2019;10(3):452\u201363.<\/li>\n<li>Dolan E, Saunders B, Dantas W, et al. A comparative study of hummingbirds and chickens provides mechanistic insights into the histidine containing dipeptide role in skeletal muscle metabolism. Sci Rep. 2018;8(1):14788.<\/li>\n<li>Papageorgiou M, Dolan E, Elliott KJ, Craig S. Reduced energy availability: Implications for bone health in physically active populations. Eur J Nutr. 2018;57(3):847\u201359.<\/li>\n<li>Dolan E, Swinton PA, Sale C, Healy A, O\u2019Reilly J. Influence of adipose tissue mass on bone mass in an overweight or obese population: Systematic review and meta-analysis. Nutr Rev. 2017;75(10):858\u201370.<\/li>\n<\/ol>\n<p>&nbsp;<\/p>\n<h2><strong>PROJETOS ORIENTADOR\/ LINHA<\/strong><\/h2>\n<p><strong>Linha 7. EFEITOS DO EXERC\u00cdCIO F\u00cdSICO, NUTRI\u00c7\u00c3O E GEN\u00c9TICA NA SA\u00daDE E NO DESEMPENHO F\u00cdSICO<br \/>\n<\/strong><strong>PROJETO EIMEAR DOLAN:<\/strong> ESTUDOS ACERCA DA INTERA\u00c7\u00c3O ENTRE NUTRI\u00c7\u00c3O E ATIVIDADE F\u00cdSICA NA SA\u00daDE E DESEMPENHO DE DIVERSOS GRUPOS, DESDE ATLETAS AT\u00c9 POPULA\u00c7\u00d5ES CL\u00cdNICAS.<\/p>\n<h2><strong>\u00a0<\/strong><\/h2>\n<p><\/p>","protected":false},"excerpt":{"rendered":"<p>T\u00edtulo: Postdoctoranda E-mail:\u00a0eimeardol@gmail.com Lattes:\u00a0http:\/\/lattes.cnpq.br\/0281724333238291 Orcid:\u00a0ID\u00a00000-0002-1018-7601 &#8211;\u00a0https:\/\/orcid.org\/0000-0002-1018-7601 Scopus: ID 57222817656 &#8211;\u00a0https:\/\/www.scopus.com\/authid\/detail.uri?authorId=57202052003 Google Scholar:\u00a0ID\u00a0uTPjS7sAAAAJ &#8211;\u00a0\u00a0https:\/\/scholar.google.com.br\/citations?user=uTPjS7sAAAAJ&amp;hl=pt-BR&amp;oi=ao Research ID:\u00a0AAX-8134-2020 &#8211;\u00a0https:\/\/publons.com\/researcher\/3870422\/eimear-dolan\/ &nbsp; &nbsp; L\u00edneas de investigaci\u00f3n: Principal \u2013 la respuesta \u00f3sea [&hellip;]<\/p>\n","protected":false},"author":1,"featured_media":0,"parent":25,"menu_order":0,"comment_status":"closed","ping_status":"closed","template":"","meta":{"footnotes":""},"class_list":["post-619","page","type-page","status-publish","hentry"],"yoast_head":"<!-- This site is optimized with the Yoast SEO plugin v25.5 - https:\/\/yoast.com\/wordpress\/plugins\/seo\/ -->\n<title>Eimear Bernadette Dolan - P\u00f3s-Gradua\u00e7\u00e3o em Ci\u00eancias do Sistema Musculoesquel\u00e9tico<\/title>\n<meta name=\"robots\" content=\"index, follow, max-snippet:-1, max-image-preview:large, max-video-preview:-1\" \/>\n<link rel=\"canonical\" href=\"https:\/\/www.musculoesqueleticousp.com.br\/pesquisas\/orientadores\/eimear-bernadette-dolan\/\" \/>\n<meta property=\"og:locale\" content=\"es_ES\" \/>\n<meta property=\"og:type\" content=\"article\" \/>\n<meta property=\"og:title\" content=\"Eimear Bernadette Dolan - P\u00f3s-Gradua\u00e7\u00e3o em Ci\u00eancias do Sistema Musculoesquel\u00e9tico\" \/>\n<meta property=\"og:description\" content=\"T\u00edtulo: Postdoctoranda E-mail:\u00a0eimeardol@gmail.com Lattes:\u00a0http:\/\/lattes.cnpq.br\/0281724333238291 Orcid:\u00a0ID\u00a00000-0002-1018-7601 &#8211;\u00a0https:\/\/orcid.org\/0000-0002-1018-7601 Scopus: ID 57222817656 &#8211;\u00a0https:\/\/www.scopus.com\/authid\/detail.uri?authorId=57202052003 Google Scholar:\u00a0ID\u00a0uTPjS7sAAAAJ &#8211;\u00a0\u00a0https:\/\/scholar.google.com.br\/citations?user=uTPjS7sAAAAJ&amp;hl=pt-BR&amp;oi=ao Research ID:\u00a0AAX-8134-2020 &#8211;\u00a0https:\/\/publons.com\/researcher\/3870422\/eimear-dolan\/ &nbsp; &nbsp; L\u00edneas de investigaci\u00f3n: Principal \u2013 la respuesta \u00f3sea [&hellip;]\" \/>\n<meta property=\"og:url\" content=\"https:\/\/www.musculoesqueleticousp.com.br\/pesquisas\/orientadores\/eimear-bernadette-dolan\/\" \/>\n<meta property=\"og:site_name\" content=\"P\u00f3s-Gradua\u00e7\u00e3o em Ci\u00eancias do Sistema Musculoesquel\u00e9tico\" \/>\n<meta property=\"article:modified_time\" content=\"2024-09-23T22:08:46+00:00\" \/>\n<meta property=\"og:image\" content=\"http:\/\/www.musculoesqueleticousp.com.br\/wp-content\/uploads\/2020\/05\/e_FOTO_EIMEAR-BERNADETTE-DOLAN.jpg\" \/>\n<meta name=\"twitter:card\" content=\"summary_large_image\" \/>\n<meta name=\"twitter:label1\" content=\"Tiempo de lectura\" \/>\n\t<meta name=\"twitter:data1\" content=\"6 minutos\" \/>\n<script type=\"application\/ld+json\" class=\"yoast-schema-graph\">{\"@context\":\"https:\/\/schema.org\",\"@graph\":[{\"@type\":\"WebPage\",\"@id\":\"https:\/\/www.musculoesqueleticousp.com.br\/pesquisas\/orientadores\/eimear-bernadette-dolan\/\",\"url\":\"https:\/\/www.musculoesqueleticousp.com.br\/pesquisas\/orientadores\/eimear-bernadette-dolan\/\",\"name\":\"Eimear Bernadette Dolan - P\u00f3s-Gradua\u00e7\u00e3o em Ci\u00eancias do Sistema Musculoesquel\u00e9tico\",\"isPartOf\":{\"@id\":\"https:\/\/www.musculoesqueleticousp.com.br\/en\/#website\"},\"primaryImageOfPage\":{\"@id\":\"https:\/\/www.musculoesqueleticousp.com.br\/pesquisas\/orientadores\/eimear-bernadette-dolan\/#primaryimage\"},\"image\":{\"@id\":\"https:\/\/www.musculoesqueleticousp.com.br\/pesquisas\/orientadores\/eimear-bernadette-dolan\/#primaryimage\"},\"thumbnailUrl\":\"http:\/\/www.musculoesqueleticousp.com.br\/wp-content\/uploads\/2020\/05\/e_FOTO_EIMEAR-BERNADETTE-DOLAN.jpg\",\"datePublished\":\"2020-05-08T14:02:26+00:00\",\"dateModified\":\"2024-09-23T22:08:46+00:00\",\"breadcrumb\":{\"@id\":\"https:\/\/www.musculoesqueleticousp.com.br\/pesquisas\/orientadores\/eimear-bernadette-dolan\/#breadcrumb\"},\"inLanguage\":\"es\",\"potentialAction\":[{\"@type\":\"ReadAction\",\"target\":[\"https:\/\/www.musculoesqueleticousp.com.br\/pesquisas\/orientadores\/eimear-bernadette-dolan\/\"]}]},{\"@type\":\"ImageObject\",\"inLanguage\":\"es\",\"@id\":\"https:\/\/www.musculoesqueleticousp.com.br\/pesquisas\/orientadores\/eimear-bernadette-dolan\/#primaryimage\",\"url\":\"http:\/\/www.musculoesqueleticousp.com.br\/wp-content\/uploads\/2020\/05\/e_FOTO_EIMEAR-BERNADETTE-DOLAN.jpg\",\"contentUrl\":\"http:\/\/www.musculoesqueleticousp.com.br\/wp-content\/uploads\/2020\/05\/e_FOTO_EIMEAR-BERNADETTE-DOLAN.jpg\"},{\"@type\":\"BreadcrumbList\",\"@id\":\"https:\/\/www.musculoesqueleticousp.com.br\/pesquisas\/orientadores\/eimear-bernadette-dolan\/#breadcrumb\",\"itemListElement\":[{\"@type\":\"ListItem\",\"position\":1,\"name\":\"Home\",\"item\":\"https:\/\/www.musculoesqueleticousp.com.br\/en\/\"},{\"@type\":\"ListItem\",\"position\":2,\"name\":\"Research\",\"item\":\"https:\/\/www.musculoesqueleticousp.com.br\/en\/pesquisas\/\"},{\"@type\":\"ListItem\",\"position\":3,\"name\":\"Orientadores\",\"item\":\"https:\/\/www.musculoesqueleticousp.com.br\/pesquisas\/orientadores\/\"},{\"@type\":\"ListItem\",\"position\":4,\"name\":\"Eimear Bernadette Dolan\"}]},{\"@type\":\"WebSite\",\"@id\":\"https:\/\/www.musculoesqueleticousp.com.br\/en\/#website\",\"url\":\"https:\/\/www.musculoesqueleticousp.com.br\/en\/\",\"name\":\"P\u00f3s-Gradua\u00e7\u00e3o em Ci\u00eancias do Sistema Musculoesquel\u00e9tico\",\"description\":\"Website do P\u00f3s-Gradua\u00e7\u00e3o em Ci\u00eancias do Sistema Musculoesquel\u00e9tico\",\"publisher\":{\"@id\":\"https:\/\/www.musculoesqueleticousp.com.br\/en\/#organization\"},\"potentialAction\":[{\"@type\":\"SearchAction\",\"target\":{\"@type\":\"EntryPoint\",\"urlTemplate\":\"https:\/\/www.musculoesqueleticousp.com.br\/en\/?s={search_term_string}\"},\"query-input\":{\"@type\":\"PropertyValueSpecification\",\"valueRequired\":true,\"valueName\":\"search_term_string\"}}],\"inLanguage\":\"es\"},{\"@type\":\"Organization\",\"@id\":\"https:\/\/www.musculoesqueleticousp.com.br\/en\/#organization\",\"name\":\"P\u00f3s-Gradua\u00e7\u00e3o em Ci\u00eancias do Sistema Musculoesquel\u00e9tico\",\"url\":\"https:\/\/www.musculoesqueleticousp.com.br\/en\/\",\"logo\":{\"@type\":\"ImageObject\",\"inLanguage\":\"es\",\"@id\":\"https:\/\/www.musculoesqueleticousp.com.br\/en\/#\/schema\/logo\/image\/\",\"url\":\"https:\/\/www.musculoesqueleticousp.com.br\/wp-content\/uploads\/2020\/04\/logo_pg_cme_v3_h120.png\",\"contentUrl\":\"https:\/\/www.musculoesqueleticousp.com.br\/wp-content\/uploads\/2020\/04\/logo_pg_cme_v3_h120.png\",\"width\":481,\"height\":120,\"caption\":\"P\u00f3s-Gradua\u00e7\u00e3o em Ci\u00eancias do Sistema Musculoesquel\u00e9tico\"},\"image\":{\"@id\":\"https:\/\/www.musculoesqueleticousp.com.br\/en\/#\/schema\/logo\/image\/\"}}]}<\/script>\n<!-- \/ Yoast SEO plugin. -->","yoast_head_json":{"title":"Eimear Bernadette Dolan - P\u00f3s-Gradua\u00e7\u00e3o em Ci\u00eancias do Sistema Musculoesquel\u00e9tico","robots":{"index":"index","follow":"follow","max-snippet":"max-snippet:-1","max-image-preview":"max-image-preview:large","max-video-preview":"max-video-preview:-1"},"canonical":"https:\/\/www.musculoesqueleticousp.com.br\/pesquisas\/orientadores\/eimear-bernadette-dolan\/","og_locale":"es_ES","og_type":"article","og_title":"Eimear Bernadette Dolan - P\u00f3s-Gradua\u00e7\u00e3o em Ci\u00eancias do Sistema Musculoesquel\u00e9tico","og_description":"T\u00edtulo: Postdoctoranda E-mail:\u00a0eimeardol@gmail.com Lattes:\u00a0http:\/\/lattes.cnpq.br\/0281724333238291 Orcid:\u00a0ID\u00a00000-0002-1018-7601 &#8211;\u00a0https:\/\/orcid.org\/0000-0002-1018-7601 Scopus: ID 57222817656 &#8211;\u00a0https:\/\/www.scopus.com\/authid\/detail.uri?authorId=57202052003 Google Scholar:\u00a0ID\u00a0uTPjS7sAAAAJ &#8211;\u00a0\u00a0https:\/\/scholar.google.com.br\/citations?user=uTPjS7sAAAAJ&amp;hl=pt-BR&amp;oi=ao Research ID:\u00a0AAX-8134-2020 &#8211;\u00a0https:\/\/publons.com\/researcher\/3870422\/eimear-dolan\/ &nbsp; &nbsp; L\u00edneas de investigaci\u00f3n: Principal \u2013 la respuesta \u00f3sea [&hellip;]","og_url":"https:\/\/www.musculoesqueleticousp.com.br\/pesquisas\/orientadores\/eimear-bernadette-dolan\/","og_site_name":"P\u00f3s-Gradua\u00e7\u00e3o em Ci\u00eancias do Sistema Musculoesquel\u00e9tico","article_modified_time":"2024-09-23T22:08:46+00:00","og_image":[{"url":"http:\/\/www.musculoesqueleticousp.com.br\/wp-content\/uploads\/2020\/05\/e_FOTO_EIMEAR-BERNADETTE-DOLAN.jpg","type":"","width":"","height":""}],"twitter_card":"summary_large_image","twitter_misc":{"Tiempo de lectura":"6 minutos"},"schema":{"@context":"https:\/\/schema.org","@graph":[{"@type":"WebPage","@id":"https:\/\/www.musculoesqueleticousp.com.br\/pesquisas\/orientadores\/eimear-bernadette-dolan\/","url":"https:\/\/www.musculoesqueleticousp.com.br\/pesquisas\/orientadores\/eimear-bernadette-dolan\/","name":"Eimear Bernadette Dolan - P\u00f3s-Gradua\u00e7\u00e3o em Ci\u00eancias do Sistema Musculoesquel\u00e9tico","isPartOf":{"@id":"https:\/\/www.musculoesqueleticousp.com.br\/en\/#website"},"primaryImageOfPage":{"@id":"https:\/\/www.musculoesqueleticousp.com.br\/pesquisas\/orientadores\/eimear-bernadette-dolan\/#primaryimage"},"image":{"@id":"https:\/\/www.musculoesqueleticousp.com.br\/pesquisas\/orientadores\/eimear-bernadette-dolan\/#primaryimage"},"thumbnailUrl":"http:\/\/www.musculoesqueleticousp.com.br\/wp-content\/uploads\/2020\/05\/e_FOTO_EIMEAR-BERNADETTE-DOLAN.jpg","datePublished":"2020-05-08T14:02:26+00:00","dateModified":"2024-09-23T22:08:46+00:00","breadcrumb":{"@id":"https:\/\/www.musculoesqueleticousp.com.br\/pesquisas\/orientadores\/eimear-bernadette-dolan\/#breadcrumb"},"inLanguage":"es","potentialAction":[{"@type":"ReadAction","target":["https:\/\/www.musculoesqueleticousp.com.br\/pesquisas\/orientadores\/eimear-bernadette-dolan\/"]}]},{"@type":"ImageObject","inLanguage":"es","@id":"https:\/\/www.musculoesqueleticousp.com.br\/pesquisas\/orientadores\/eimear-bernadette-dolan\/#primaryimage","url":"http:\/\/www.musculoesqueleticousp.com.br\/wp-content\/uploads\/2020\/05\/e_FOTO_EIMEAR-BERNADETTE-DOLAN.jpg","contentUrl":"http:\/\/www.musculoesqueleticousp.com.br\/wp-content\/uploads\/2020\/05\/e_FOTO_EIMEAR-BERNADETTE-DOLAN.jpg"},{"@type":"BreadcrumbList","@id":"https:\/\/www.musculoesqueleticousp.com.br\/pesquisas\/orientadores\/eimear-bernadette-dolan\/#breadcrumb","itemListElement":[{"@type":"ListItem","position":1,"name":"Home","item":"https:\/\/www.musculoesqueleticousp.com.br\/en\/"},{"@type":"ListItem","position":2,"name":"Research","item":"https:\/\/www.musculoesqueleticousp.com.br\/en\/pesquisas\/"},{"@type":"ListItem","position":3,"name":"Orientadores","item":"https:\/\/www.musculoesqueleticousp.com.br\/pesquisas\/orientadores\/"},{"@type":"ListItem","position":4,"name":"Eimear Bernadette Dolan"}]},{"@type":"WebSite","@id":"https:\/\/www.musculoesqueleticousp.com.br\/en\/#website","url":"https:\/\/www.musculoesqueleticousp.com.br\/en\/","name":"P\u00f3s-Gradua\u00e7\u00e3o em Ci\u00eancias do Sistema Musculoesquel\u00e9tico","description":"Website do P\u00f3s-Gradua\u00e7\u00e3o em Ci\u00eancias do Sistema Musculoesquel\u00e9tico","publisher":{"@id":"https:\/\/www.musculoesqueleticousp.com.br\/en\/#organization"},"potentialAction":[{"@type":"SearchAction","target":{"@type":"EntryPoint","urlTemplate":"https:\/\/www.musculoesqueleticousp.com.br\/en\/?s={search_term_string}"},"query-input":{"@type":"PropertyValueSpecification","valueRequired":true,"valueName":"search_term_string"}}],"inLanguage":"es"},{"@type":"Organization","@id":"https:\/\/www.musculoesqueleticousp.com.br\/en\/#organization","name":"P\u00f3s-Gradua\u00e7\u00e3o em Ci\u00eancias do Sistema Musculoesquel\u00e9tico","url":"https:\/\/www.musculoesqueleticousp.com.br\/en\/","logo":{"@type":"ImageObject","inLanguage":"es","@id":"https:\/\/www.musculoesqueleticousp.com.br\/en\/#\/schema\/logo\/image\/","url":"https:\/\/www.musculoesqueleticousp.com.br\/wp-content\/uploads\/2020\/04\/logo_pg_cme_v3_h120.png","contentUrl":"https:\/\/www.musculoesqueleticousp.com.br\/wp-content\/uploads\/2020\/04\/logo_pg_cme_v3_h120.png","width":481,"height":120,"caption":"P\u00f3s-Gradua\u00e7\u00e3o em Ci\u00eancias do Sistema Musculoesquel\u00e9tico"},"image":{"@id":"https:\/\/www.musculoesqueleticousp.com.br\/en\/#\/schema\/logo\/image\/"}}]}},"_links":{"self":[{"href":"https:\/\/www.musculoesqueleticousp.com.br\/es\/wp-json\/wp\/v2\/pages\/619","targetHints":{"allow":["GET"]}}],"collection":[{"href":"https:\/\/www.musculoesqueleticousp.com.br\/es\/wp-json\/wp\/v2\/pages"}],"about":[{"href":"https:\/\/www.musculoesqueleticousp.com.br\/es\/wp-json\/wp\/v2\/types\/page"}],"author":[{"embeddable":true,"href":"https:\/\/www.musculoesqueleticousp.com.br\/es\/wp-json\/wp\/v2\/users\/1"}],"replies":[{"embeddable":true,"href":"https:\/\/www.musculoesqueleticousp.com.br\/es\/wp-json\/wp\/v2\/comments?post=619"}],"version-history":[{"count":13,"href":"https:\/\/www.musculoesqueleticousp.com.br\/es\/wp-json\/wp\/v2\/pages\/619\/revisions"}],"predecessor-version":[{"id":3107,"href":"https:\/\/www.musculoesqueleticousp.com.br\/es\/wp-json\/wp\/v2\/pages\/619\/revisions\/3107"}],"up":[{"embeddable":true,"href":"https:\/\/www.musculoesqueleticousp.com.br\/es\/wp-json\/wp\/v2\/pages\/25"}],"wp:attachment":[{"href":"https:\/\/www.musculoesqueleticousp.com.br\/es\/wp-json\/wp\/v2\/media?parent=619"}],"curies":[{"name":"wp","href":"https:\/\/api.w.org\/{rel}","templated":true}]}}