{"id":599,"date":"2020-05-02T00:31:29","date_gmt":"2020-05-02T03:31:29","guid":{"rendered":"http:\/\/www.musculoesqueleticousp.com.br\/?page_id=599"},"modified":"2024-07-31T13:41:44","modified_gmt":"2024-07-31T16:41:44","slug":"samuel-katsuyuki-shinjo","status":"publish","type":"page","link":"https:\/\/www.musculoesqueleticousp.com.br\/es\/pesquisas\/orientadores\/samuel-katsuyuki-shinjo\/","title":{"rendered":"Samuel Katsuyuki Shinjo"},"content":{"rendered":"<p><strong><img loading=\"lazy\" decoding=\"async\" class=\"wp-image-3051 alignleft\" src=\"https:\/\/www.musculoesqueleticousp.com.br\/wp-content\/uploads\/2024\/07\/Samuel-K-Shinjo-225x300.jpg\" alt=\"\" width=\"167\" height=\"223\" srcset=\"https:\/\/www.musculoesqueleticousp.com.br\/wp-content\/uploads\/2024\/07\/Samuel-K-Shinjo-225x300.jpg 225w, https:\/\/www.musculoesqueleticousp.com.br\/wp-content\/uploads\/2024\/07\/Samuel-K-Shinjo-110x146.jpg 110w, https:\/\/www.musculoesqueleticousp.com.br\/wp-content\/uploads\/2024\/07\/Samuel-K-Shinjo-38x50.jpg 38w, https:\/\/www.musculoesqueleticousp.com.br\/wp-content\/uploads\/2024\/07\/Samuel-K-Shinjo-56x75.jpg 56w, https:\/\/www.musculoesqueleticousp.com.br\/wp-content\/uploads\/2024\/07\/Samuel-K-Shinjo.jpg 678w\" sizes=\"auto, (max-width: 167px) 100vw, 167px\" \/><\/strong><\/p>\n<p><strong>T\u00edtulo:<\/strong> Professor Associado<br \/>\n<strong>E-mail: <\/strong><a class=\"no-pjax\" href=\"mailto:samuel.shinjo@usp.br\" target=\"_blank\" rel=\"noopener noreferrer\">samuel.shinjo@usp.br<\/a><br \/>\n<strong>Lattes: <\/strong><a href=\"http:\/\/lattes.cnpq.br\/9322677300788116\" target=\"_blank\" rel=\"noopener noreferrer\">http:\/\/lattes.cnpq.br\/9322677300788116<\/a><br \/>\n<strong>Bolsa produtividade CNPq<\/strong>\u00a0: PQ 1D<br \/>\n<strong>Orcid<\/strong>: ID 0000-0002-3682-4517 &#8211; <a href=\"https:\/\/orcid.org\/0000-0002-3682-4517\">https:\/\/orcid.org\/0000-0002-3682-4517<\/a><br \/>\n<strong>Scopus: <\/strong><strong>ID<\/strong>\u00a0 7004219620 &#8211; <a href=\"https:\/\/www.scopus.com\/authid\/detail.uri?authorId=7004219620\">https:\/\/www.scopus.com\/authid\/detail.uri?authorId=7004219620<\/a><br \/>\n<strong>Google scholar<\/strong>: ID a8E84tgAAAAJ &#8211; <a href=\"https:\/\/scholar.google.com.br\/citations?user=a8E84tgAAAAJ&amp;hl=pt-BR\">https:\/\/scholar.google.com.br\/citations?user=a8E84tgAAAAJ&amp;hl=pt-BR<\/a><br \/>\n<strong>Research ID<\/strong>: C-2878-2012 &#8211; <a href=\"https:\/\/publons.com\/researcher\/1354897\/samuel-shinjo\/\">https:\/\/publons.com\/researcher\/1354897\/samuel-shinjo\/<\/a><\/p>\n<h2><strong><br \/>\nL\u00ednea de investigaci\u00f3n: <\/strong><\/h2>\n<p>Miopat\u00edas autoinmunes sist\u00e9micas: de la bancada al lecho<\/p>\n<h2>Resumen<\/h2>\n<p>Las miopat\u00edas autoinmunes sist\u00e9micas &#8211; MAS (o miopat\u00edas inflamatorias idiop\u00e1ticas) son un conjunto de enfermedades musculares adquiridas compuestas de dermatomiositis, polimiositis, miositis por cuerpos de inclusi\u00f3n, s\u00edndrome antisintetasa, miopat\u00eda necrotizante inmunomediada, entre otras.<\/p>\n<p>Nuestro objetivo es una integraci\u00f3n traslacional de investigaci\u00f3n del \u00e1rea b\u00e1sica a la cl\u00ednica y viceversa, con la finalidad de traer beneficios para la comunidad como un todo. En este contexto, el grupo presenta una amplia \u00e1rea de actuaci\u00f3n en MAS: (a) caracterizaci\u00f3n de la reactividad de autoanticuerpos (miositis-espec\u00edficos y asociados) y de citocinas (proinflamatorias y angiog\u00e9nesis) s\u00e9ricas y su expresi\u00f3n en tejidos musculares; (b) intervenci\u00f3n medicamentosa: <em>treat-to-target<\/em> (T2T) y papel de las estatinas; (c) intervenci\u00f3n no medicamentosa: seguridad y relevancia de ejercicios f\u00edsicos y neuromodulaci\u00f3n no invasiva; (d) abordaje de comorbidades, sobre todo relacionadas con enfermedades cardiovasculares y sus factores de riesgo; (e) participaci\u00f3n en registro nacional e internacional de MAS (brasile\u00f1o, latinoamericano y europeo: REMAS, Myonet, MexPan y AENEAS).<\/p>\n<p>Actividades<\/p>\n<ul>\n<li>Laboratorio de Miopat\u00edas Inflamatorias, LIM17, Disciplina de Reumatolog\u00eda (FMUSP), SP<\/li>\n<li>Ambulatorio de Miopat\u00edas Inflamatorias, Servicio de Reumatolog\u00eda (HCFMUSP), SP<\/li>\n<\/ul>\n<h2>Art\u00edculos relevantes:<\/h2>\n<ol>\n<li style=\"font-weight: 400;\">Misse RG, Dos Santos AM, Borges IBP, Grecco MV, Faria MSMS, Da Silva LRS, Correia BL, Kim AWS, Tanaka C, Greve JMA, Baptista AF,\u00a0<b><strong>Shinjo SK.<\/strong><\/b>\u00a0Impact of transcranial direct current stimulation in pain, fatigue, and health quality of life of patients with idiopathic inflammatory myopathies: A randomized, double-blind, sham-controlled crossover clinical trial. Int J Rheumatol. 2024.<\/li>\n<li style=\"font-weight: 400;\">Saygin D, Glaubitz S, Zeng R, Bottai M, De Visser M, Dimachkie MM, Fiorentino D, Gerhardson I, Kuwana M, Miller FW, Needham M, Rider LG, Salem Y, Schlutter S,\u00a0<b><strong>Shinjo SK<\/strong><\/b>, Wang G, Werth VP, Aggarwal R, Lundberg IE. Perfomance of the 2017 EULAR\/ACR classification criteria for adult and juvenile idiopathic inflammatory myopathies and their major subgroups: a scoping review. Clin Exp Rheumatol. 2024;\u00a042(2):403-12.<\/li>\n<li style=\"font-weight: 400;\">Souza LFA, Misse RG, Santos AM, Tanaka C, Greve JMA, Baptista AF,\u00a0<b><strong>Shinjo SK<\/strong><\/b>. Transcranial direct current stimulation is safe and effective in autoimmune myopathies: a randomised, double-blind, sham-controlled trial. Clin Exp Rheumatol. 2023;\u00a041(2):221-9.<\/li>\n<li style=\"font-weight: 400;\">Pallo\u00a0PAO,\u00a0<b><strong>Shinjo SK<\/strong><\/b>. Different clinical phenotypes in anti-melanoma differentiation-associated protein 5-associated positive dermatomyositis. Clin Exp Rheumatol. 2023.;\u00a041(2):394.<\/li>\n<li style=\"font-weight: 400;\">Hoff LS, De Souza FHC, Miossi R,\u00a0<b><strong>Shinjo SK<\/strong><\/b>. Long-term effects of early pulse methylprednisolone and intravenous immunoglobulin in patients with dermatomyositis and polymyositis. Rheumatology. 2022;\u00a061(4):1579-88.<\/li>\n<\/ol>\n<h2><strong>PROJETOS ORIENTADOR\/ LINHA<\/strong><\/h2>\n<p><strong>Linha 6. SISTEMA IMUNE E AUTOIMUNE<br \/>\n<\/strong><strong>PROJETO SAMUEL SHINJO:<\/strong> ESTUDO DA BANCADA AO LEITO EM MIOPATIAS INFLAMAT\u00d3RIAS IDIOP\u00c1TICAS<br \/>\n<strong>PROJETO SAMUEL SHINJO:<\/strong> ESTUDO DA BANCADA AO LEITO EM VASCULITES SIST\u00caMICAS PRIM\u00c1RIAS<\/p>","protected":false},"excerpt":{"rendered":"<p>T\u00edtulo: Professor Associado E-mail: samuel.shinjo@usp.br Lattes: http:\/\/lattes.cnpq.br\/9322677300788116 Bolsa produtividade CNPq\u00a0: PQ 1D Orcid: ID 0000-0002-3682-4517 &#8211; https:\/\/orcid.org\/0000-0002-3682-4517 Scopus: ID\u00a0 7004219620 &#8211; https:\/\/www.scopus.com\/authid\/detail.uri?authorId=7004219620 Google scholar: ID a8E84tgAAAAJ [&hellip;]<\/p>\n","protected":false},"author":1,"featured_media":0,"parent":25,"menu_order":0,"comment_status":"closed","ping_status":"closed","template":"","meta":{"footnotes":""},"class_list":["post-599","page","type-page","status-publish","hentry"],"yoast_head":"<!-- This site is optimized with the Yoast SEO plugin v25.5 - https:\/\/yoast.com\/wordpress\/plugins\/seo\/ -->\n<title>Samuel Katsuyuki Shinjo - P\u00f3s-Gradua\u00e7\u00e3o em Ci\u00eancias do Sistema Musculoesquel\u00e9tico<\/title>\n<meta name=\"robots\" content=\"index, follow, max-snippet:-1, max-image-preview:large, max-video-preview:-1\" \/>\n<link rel=\"canonical\" href=\"https:\/\/www.musculoesqueleticousp.com.br\/pesquisas\/orientadores\/samuel-katsuyuki-shinjo\/\" \/>\n<meta property=\"og:locale\" content=\"es_ES\" \/>\n<meta property=\"og:type\" content=\"article\" \/>\n<meta property=\"og:title\" content=\"Samuel Katsuyuki Shinjo - P\u00f3s-Gradua\u00e7\u00e3o em Ci\u00eancias do Sistema Musculoesquel\u00e9tico\" \/>\n<meta property=\"og:description\" content=\"T\u00edtulo: Professor Associado E-mail: samuel.shinjo@usp.br Lattes: http:\/\/lattes.cnpq.br\/9322677300788116 Bolsa produtividade CNPq\u00a0: PQ 1D Orcid: ID 0000-0002-3682-4517 &#8211; https:\/\/orcid.org\/0000-0002-3682-4517 Scopus: ID\u00a0 7004219620 &#8211; https:\/\/www.scopus.com\/authid\/detail.uri?authorId=7004219620 Google scholar: ID a8E84tgAAAAJ [&hellip;]\" \/>\n<meta property=\"og:url\" content=\"https:\/\/www.musculoesqueleticousp.com.br\/pesquisas\/orientadores\/samuel-katsuyuki-shinjo\/\" \/>\n<meta property=\"og:site_name\" content=\"P\u00f3s-Gradua\u00e7\u00e3o em Ci\u00eancias do Sistema Musculoesquel\u00e9tico\" \/>\n<meta property=\"article:modified_time\" content=\"2024-07-31T16:41:44+00:00\" \/>\n<meta property=\"og:image\" content=\"https:\/\/www.musculoesqueleticousp.com.br\/wp-content\/uploads\/2024\/07\/Samuel-K-Shinjo-225x300.jpg\" \/>\n<meta name=\"twitter:card\" content=\"summary_large_image\" \/>\n<meta name=\"twitter:label1\" content=\"Tiempo de lectura\" \/>\n\t<meta name=\"twitter:data1\" content=\"8 minutos\" \/>\n<script type=\"application\/ld+json\" class=\"yoast-schema-graph\">{\"@context\":\"https:\/\/schema.org\",\"@graph\":[{\"@type\":\"WebPage\",\"@id\":\"https:\/\/www.musculoesqueleticousp.com.br\/pesquisas\/orientadores\/samuel-katsuyuki-shinjo\/\",\"url\":\"https:\/\/www.musculoesqueleticousp.com.br\/pesquisas\/orientadores\/samuel-katsuyuki-shinjo\/\",\"name\":\"Samuel Katsuyuki Shinjo - P\u00f3s-Gradua\u00e7\u00e3o em Ci\u00eancias do Sistema Musculoesquel\u00e9tico\",\"isPartOf\":{\"@id\":\"https:\/\/www.musculoesqueleticousp.com.br\/en\/#website\"},\"primaryImageOfPage\":{\"@id\":\"https:\/\/www.musculoesqueleticousp.com.br\/pesquisas\/orientadores\/samuel-katsuyuki-shinjo\/#primaryimage\"},\"image\":{\"@id\":\"https:\/\/www.musculoesqueleticousp.com.br\/pesquisas\/orientadores\/samuel-katsuyuki-shinjo\/#primaryimage\"},\"thumbnailUrl\":\"https:\/\/www.musculoesqueleticousp.com.br\/wp-content\/uploads\/2024\/07\/Samuel-K-Shinjo-225x300.jpg\",\"datePublished\":\"2020-05-02T03:31:29+00:00\",\"dateModified\":\"2024-07-31T16:41:44+00:00\",\"breadcrumb\":{\"@id\":\"https:\/\/www.musculoesqueleticousp.com.br\/pesquisas\/orientadores\/samuel-katsuyuki-shinjo\/#breadcrumb\"},\"inLanguage\":\"es\",\"potentialAction\":[{\"@type\":\"ReadAction\",\"target\":[\"https:\/\/www.musculoesqueleticousp.com.br\/pesquisas\/orientadores\/samuel-katsuyuki-shinjo\/\"]}]},{\"@type\":\"ImageObject\",\"inLanguage\":\"es\",\"@id\":\"https:\/\/www.musculoesqueleticousp.com.br\/pesquisas\/orientadores\/samuel-katsuyuki-shinjo\/#primaryimage\",\"url\":\"https:\/\/www.musculoesqueleticousp.com.br\/wp-content\/uploads\/2024\/07\/Samuel-K-Shinjo-225x300.jpg\",\"contentUrl\":\"https:\/\/www.musculoesqueleticousp.com.br\/wp-content\/uploads\/2024\/07\/Samuel-K-Shinjo-225x300.jpg\"},{\"@type\":\"BreadcrumbList\",\"@id\":\"https:\/\/www.musculoesqueleticousp.com.br\/pesquisas\/orientadores\/samuel-katsuyuki-shinjo\/#breadcrumb\",\"itemListElement\":[{\"@type\":\"ListItem\",\"position\":1,\"name\":\"Home\",\"item\":\"https:\/\/www.musculoesqueleticousp.com.br\/en\/\"},{\"@type\":\"ListItem\",\"position\":2,\"name\":\"Research\",\"item\":\"https:\/\/www.musculoesqueleticousp.com.br\/en\/pesquisas\/\"},{\"@type\":\"ListItem\",\"position\":3,\"name\":\"Orientadores\",\"item\":\"https:\/\/www.musculoesqueleticousp.com.br\/pesquisas\/orientadores\/\"},{\"@type\":\"ListItem\",\"position\":4,\"name\":\"Samuel Katsuyuki Shinjo\"}]},{\"@type\":\"WebSite\",\"@id\":\"https:\/\/www.musculoesqueleticousp.com.br\/en\/#website\",\"url\":\"https:\/\/www.musculoesqueleticousp.com.br\/en\/\",\"name\":\"P\u00f3s-Gradua\u00e7\u00e3o em Ci\u00eancias do Sistema Musculoesquel\u00e9tico\",\"description\":\"Website do P\u00f3s-Gradua\u00e7\u00e3o em Ci\u00eancias do Sistema Musculoesquel\u00e9tico\",\"publisher\":{\"@id\":\"https:\/\/www.musculoesqueleticousp.com.br\/en\/#organization\"},\"potentialAction\":[{\"@type\":\"SearchAction\",\"target\":{\"@type\":\"EntryPoint\",\"urlTemplate\":\"https:\/\/www.musculoesqueleticousp.com.br\/en\/?s={search_term_string}\"},\"query-input\":{\"@type\":\"PropertyValueSpecification\",\"valueRequired\":true,\"valueName\":\"search_term_string\"}}],\"inLanguage\":\"es\"},{\"@type\":\"Organization\",\"@id\":\"https:\/\/www.musculoesqueleticousp.com.br\/en\/#organization\",\"name\":\"P\u00f3s-Gradua\u00e7\u00e3o em Ci\u00eancias do Sistema Musculoesquel\u00e9tico\",\"url\":\"https:\/\/www.musculoesqueleticousp.com.br\/en\/\",\"logo\":{\"@type\":\"ImageObject\",\"inLanguage\":\"es\",\"@id\":\"https:\/\/www.musculoesqueleticousp.com.br\/en\/#\/schema\/logo\/image\/\",\"url\":\"https:\/\/www.musculoesqueleticousp.com.br\/wp-content\/uploads\/2020\/04\/logo_pg_cme_v3_h120.png\",\"contentUrl\":\"https:\/\/www.musculoesqueleticousp.com.br\/wp-content\/uploads\/2020\/04\/logo_pg_cme_v3_h120.png\",\"width\":481,\"height\":120,\"caption\":\"P\u00f3s-Gradua\u00e7\u00e3o em Ci\u00eancias do Sistema Musculoesquel\u00e9tico\"},\"image\":{\"@id\":\"https:\/\/www.musculoesqueleticousp.com.br\/en\/#\/schema\/logo\/image\/\"}}]}<\/script>\n<!-- \/ Yoast SEO plugin. -->","yoast_head_json":{"title":"Samuel Katsuyuki Shinjo - P\u00f3s-Gradua\u00e7\u00e3o em Ci\u00eancias do Sistema Musculoesquel\u00e9tico","robots":{"index":"index","follow":"follow","max-snippet":"max-snippet:-1","max-image-preview":"max-image-preview:large","max-video-preview":"max-video-preview:-1"},"canonical":"https:\/\/www.musculoesqueleticousp.com.br\/pesquisas\/orientadores\/samuel-katsuyuki-shinjo\/","og_locale":"es_ES","og_type":"article","og_title":"Samuel Katsuyuki Shinjo - P\u00f3s-Gradua\u00e7\u00e3o em Ci\u00eancias do Sistema Musculoesquel\u00e9tico","og_description":"T\u00edtulo: Professor Associado E-mail: samuel.shinjo@usp.br Lattes: http:\/\/lattes.cnpq.br\/9322677300788116 Bolsa produtividade CNPq\u00a0: PQ 1D Orcid: ID 0000-0002-3682-4517 &#8211; https:\/\/orcid.org\/0000-0002-3682-4517 Scopus: ID\u00a0 7004219620 &#8211; https:\/\/www.scopus.com\/authid\/detail.uri?authorId=7004219620 Google scholar: ID a8E84tgAAAAJ [&hellip;]","og_url":"https:\/\/www.musculoesqueleticousp.com.br\/pesquisas\/orientadores\/samuel-katsuyuki-shinjo\/","og_site_name":"P\u00f3s-Gradua\u00e7\u00e3o em Ci\u00eancias do Sistema Musculoesquel\u00e9tico","article_modified_time":"2024-07-31T16:41:44+00:00","og_image":[{"url":"https:\/\/www.musculoesqueleticousp.com.br\/wp-content\/uploads\/2024\/07\/Samuel-K-Shinjo-225x300.jpg","type":"","width":"","height":""}],"twitter_card":"summary_large_image","twitter_misc":{"Tiempo de lectura":"8 minutos"},"schema":{"@context":"https:\/\/schema.org","@graph":[{"@type":"WebPage","@id":"https:\/\/www.musculoesqueleticousp.com.br\/pesquisas\/orientadores\/samuel-katsuyuki-shinjo\/","url":"https:\/\/www.musculoesqueleticousp.com.br\/pesquisas\/orientadores\/samuel-katsuyuki-shinjo\/","name":"Samuel Katsuyuki Shinjo - P\u00f3s-Gradua\u00e7\u00e3o em Ci\u00eancias do Sistema Musculoesquel\u00e9tico","isPartOf":{"@id":"https:\/\/www.musculoesqueleticousp.com.br\/en\/#website"},"primaryImageOfPage":{"@id":"https:\/\/www.musculoesqueleticousp.com.br\/pesquisas\/orientadores\/samuel-katsuyuki-shinjo\/#primaryimage"},"image":{"@id":"https:\/\/www.musculoesqueleticousp.com.br\/pesquisas\/orientadores\/samuel-katsuyuki-shinjo\/#primaryimage"},"thumbnailUrl":"https:\/\/www.musculoesqueleticousp.com.br\/wp-content\/uploads\/2024\/07\/Samuel-K-Shinjo-225x300.jpg","datePublished":"2020-05-02T03:31:29+00:00","dateModified":"2024-07-31T16:41:44+00:00","breadcrumb":{"@id":"https:\/\/www.musculoesqueleticousp.com.br\/pesquisas\/orientadores\/samuel-katsuyuki-shinjo\/#breadcrumb"},"inLanguage":"es","potentialAction":[{"@type":"ReadAction","target":["https:\/\/www.musculoesqueleticousp.com.br\/pesquisas\/orientadores\/samuel-katsuyuki-shinjo\/"]}]},{"@type":"ImageObject","inLanguage":"es","@id":"https:\/\/www.musculoesqueleticousp.com.br\/pesquisas\/orientadores\/samuel-katsuyuki-shinjo\/#primaryimage","url":"https:\/\/www.musculoesqueleticousp.com.br\/wp-content\/uploads\/2024\/07\/Samuel-K-Shinjo-225x300.jpg","contentUrl":"https:\/\/www.musculoesqueleticousp.com.br\/wp-content\/uploads\/2024\/07\/Samuel-K-Shinjo-225x300.jpg"},{"@type":"BreadcrumbList","@id":"https:\/\/www.musculoesqueleticousp.com.br\/pesquisas\/orientadores\/samuel-katsuyuki-shinjo\/#breadcrumb","itemListElement":[{"@type":"ListItem","position":1,"name":"Home","item":"https:\/\/www.musculoesqueleticousp.com.br\/en\/"},{"@type":"ListItem","position":2,"name":"Research","item":"https:\/\/www.musculoesqueleticousp.com.br\/en\/pesquisas\/"},{"@type":"ListItem","position":3,"name":"Orientadores","item":"https:\/\/www.musculoesqueleticousp.com.br\/pesquisas\/orientadores\/"},{"@type":"ListItem","position":4,"name":"Samuel Katsuyuki Shinjo"}]},{"@type":"WebSite","@id":"https:\/\/www.musculoesqueleticousp.com.br\/en\/#website","url":"https:\/\/www.musculoesqueleticousp.com.br\/en\/","name":"P\u00f3s-Gradua\u00e7\u00e3o em Ci\u00eancias do Sistema Musculoesquel\u00e9tico","description":"Website do P\u00f3s-Gradua\u00e7\u00e3o em Ci\u00eancias do Sistema Musculoesquel\u00e9tico","publisher":{"@id":"https:\/\/www.musculoesqueleticousp.com.br\/en\/#organization"},"potentialAction":[{"@type":"SearchAction","target":{"@type":"EntryPoint","urlTemplate":"https:\/\/www.musculoesqueleticousp.com.br\/en\/?s={search_term_string}"},"query-input":{"@type":"PropertyValueSpecification","valueRequired":true,"valueName":"search_term_string"}}],"inLanguage":"es"},{"@type":"Organization","@id":"https:\/\/www.musculoesqueleticousp.com.br\/en\/#organization","name":"P\u00f3s-Gradua\u00e7\u00e3o em Ci\u00eancias do Sistema Musculoesquel\u00e9tico","url":"https:\/\/www.musculoesqueleticousp.com.br\/en\/","logo":{"@type":"ImageObject","inLanguage":"es","@id":"https:\/\/www.musculoesqueleticousp.com.br\/en\/#\/schema\/logo\/image\/","url":"https:\/\/www.musculoesqueleticousp.com.br\/wp-content\/uploads\/2020\/04\/logo_pg_cme_v3_h120.png","contentUrl":"https:\/\/www.musculoesqueleticousp.com.br\/wp-content\/uploads\/2020\/04\/logo_pg_cme_v3_h120.png","width":481,"height":120,"caption":"P\u00f3s-Gradua\u00e7\u00e3o em Ci\u00eancias do Sistema Musculoesquel\u00e9tico"},"image":{"@id":"https:\/\/www.musculoesqueleticousp.com.br\/en\/#\/schema\/logo\/image\/"}}]}},"_links":{"self":[{"href":"https:\/\/www.musculoesqueleticousp.com.br\/es\/wp-json\/wp\/v2\/pages\/599","targetHints":{"allow":["GET"]}}],"collection":[{"href":"https:\/\/www.musculoesqueleticousp.com.br\/es\/wp-json\/wp\/v2\/pages"}],"about":[{"href":"https:\/\/www.musculoesqueleticousp.com.br\/es\/wp-json\/wp\/v2\/types\/page"}],"author":[{"embeddable":true,"href":"https:\/\/www.musculoesqueleticousp.com.br\/es\/wp-json\/wp\/v2\/users\/1"}],"replies":[{"embeddable":true,"href":"https:\/\/www.musculoesqueleticousp.com.br\/es\/wp-json\/wp\/v2\/comments?post=599"}],"version-history":[{"count":15,"href":"https:\/\/www.musculoesqueleticousp.com.br\/es\/wp-json\/wp\/v2\/pages\/599\/revisions"}],"predecessor-version":[{"id":3055,"href":"https:\/\/www.musculoesqueleticousp.com.br\/es\/wp-json\/wp\/v2\/pages\/599\/revisions\/3055"}],"up":[{"embeddable":true,"href":"https:\/\/www.musculoesqueleticousp.com.br\/es\/wp-json\/wp\/v2\/pages\/25"}],"wp:attachment":[{"href":"https:\/\/www.musculoesqueleticousp.com.br\/es\/wp-json\/wp\/v2\/media?parent=599"}],"curies":[{"name":"wp","href":"https:\/\/api.w.org\/{rel}","templated":true}]}}