{"id":595,"date":"2020-05-02T00:28:53","date_gmt":"2020-05-02T03:28:53","guid":{"rendered":"http:\/\/www.musculoesqueleticousp.com.br\/?page_id=595"},"modified":"2024-08-09T11:48:24","modified_gmt":"2024-08-09T14:48:24","slug":"riccardo-gomes-gobbi","status":"publish","type":"page","link":"https:\/\/www.musculoesqueleticousp.com.br\/es\/pesquisas\/orientadores\/riccardo-gomes-gobbi\/","title":{"rendered":"Riccardo Gomes Gobbi"},"content":{"rendered":"<p><strong><img loading=\"lazy\" decoding=\"async\" class=\"alignleft size-full wp-image-596\" src=\"http:\/\/www.musculoesqueleticousp.com.br\/wp-content\/uploads\/2020\/05\/ed_FOTO-RICCARDO-GOMES-GOBBI.jpg\" alt=\"\" width=\"169\" height=\"225\" srcset=\"https:\/\/www.musculoesqueleticousp.com.br\/wp-content\/uploads\/2020\/05\/ed_FOTO-RICCARDO-GOMES-GOBBI.jpg 169w, https:\/\/www.musculoesqueleticousp.com.br\/wp-content\/uploads\/2020\/05\/ed_FOTO-RICCARDO-GOMES-GOBBI-110x146.jpg 110w, https:\/\/www.musculoesqueleticousp.com.br\/wp-content\/uploads\/2020\/05\/ed_FOTO-RICCARDO-GOMES-GOBBI-38x50.jpg 38w, https:\/\/www.musculoesqueleticousp.com.br\/wp-content\/uploads\/2020\/05\/ed_FOTO-RICCARDO-GOMES-GOBBI-56x75.jpg 56w\" sizes=\"auto, (max-width: 169px) 100vw, 169px\" \/><\/strong><\/p>\n<p><strong>T\u00edtulo:<\/strong> Libre Docente<br \/>\n<strong>E-mail: <\/strong><a href=\"mailto:gobbiortopedia@gmail.com\">gobbiortopedia@gmail.com<\/a><br \/>\n<strong>Lattes: <\/strong><a href=\"http:\/\/lattes.cnpq.br\/6533423625895908\" target=\"_blank\" rel=\"noopener noreferrer\">http:\/\/lattes.cnpq.br\/6533423625895908<\/a><br \/>\n<strong>Orcid<\/strong> &#8211;\u00a0 0000-0002-1715-4343<br \/>\n<strong>Scopus<\/strong> &#8211; 35622102500<br \/>\n<strong>Id google scholar<\/strong> &#8211; 05e2xa4aaaaj<br \/>\n<strong>Research id<\/strong> &#8211; <a href=\"https:\/\/www.webofscience.com\/wos\/author\/record\/232351\">C-8131-2012<\/a><\/p>\n<h2><strong>L\u00ednea de investigaci\u00f3n:<\/strong><\/h2>\n<p>Cirug\u00eda de la rodilla, especialmente inestabilidad patelar, abarcando desde ciencia b\u00e1sica hasta tratamiento quir\u00fargico.<\/p>\n<h2>Resumen<\/h2>\n<p>&#8211; La inestabilidad patelar de la rodilla presenta amplio espectro de presentaci\u00f3n cl\u00ednica, desde luxaciones traum\u00e1ticas agudas en pacientes con anatom\u00eda normal, hasta luxaciones atraum\u00e1ticas\u00a0recidivantes\/habituales\/inveteradas en portadores de displasias patelofemorales importantes. Por no ser tan frecuente como otras patolog\u00edas de la rodilla (como lesi\u00f3n del ligamento cruzado anterior y osteoartritis, por ejemplo), tiene un volumen de publicaciones relativamente menor, permitiendo amplio campo de estudios e innovaciones. Como ejemplo, en los \u00faltimos 20 a\u00f1os el ligamento patelofemoral medial se volvi\u00f3 est\u00e1ndar en la cirug\u00eda de tratamiento de la inestabilidad patelar, a pesar de ser \u00abredescubierto\u00bb s\u00f3lo a inicios de la d\u00e9cada de 90. El IOT HCFMUSP tiene amplio historial de publicaciones en esa \u00e1rea. Esta l\u00ednea de investigaci\u00f3n busca estudiar anatom\u00eda, factores de riesgo, epidemiolog\u00eda, presentaciones cl\u00ednicas y resultados de cirug\u00edas cl\u00e1sicas e innovadoras para el avance del conocimiento sobre la inestabilidad patelar.<\/p>\n<h2>Art\u00edculos relevantes:<\/h2>\n<ol>\n<li>Hinckel BB, Gobbi RG, Demange MK, Pereira CAM, P\u00e9cora JR, Natalino RJM,Miyahira L, Kubota BS, Camanho GL. Medial Patellofemoral Ligament, MedialPatellotibial Ligament, and Medial Patellomeniscal Ligament: Anatomic,Histologic, Radiographic, and Biomechanical Study. Arthroscopy. 2017Oct;33(10):1862-1873.<\/li>\n<li>Hinckel BB, Gobbi RG, Kaleka CC, Camanho GL, Arendt EA. Medial patellotibial ligament and medial patellomeniscal ligament: anatomy, imaging, biomechanics, and clinical review. Knee Surg Sports Traumatol Arthrosc. 2018 Mar;26(3):685-696.<\/li>\n<li>Hinckel BB, Gobbi RG, Kihara Filho EN, Demange MK, P\u00e9cora JR, Camanho GL.Patellar Tendon-Trochlear Groove Angle Measurement: A New Method for Patellofemoral Rotational Analyses. Orthop J Sports Med. 2015 Sep 2;3(9):2325967115601031.<\/li>\n<li>\n<div>Gobbi RG, Cavalheiro CM, Giglio PN, Hinckel BB, Camanho GL. Patellar Tilt and Patellar Tendon-Trochlear Groove Angle Present the Optimum Magnetic Resonance Imaging Diagnostic Reliability for Patients With Patellar Instability.<br \/>\nArthroscopy. 2023 Nov;39(11):2339-2351. doi: 10.1016\/j.arthro.2023.04.005.<\/div>\n<\/li>\n<li>Gobbi RG, Demange MK, de \u00c1vila LFR, Ara\u00fajo Filho JAB, Moreno RA, Gutierrez MA, de S\u00e1 Rebelo M, T\u00edrico LEP, P\u00e9cora JR, Camanho GL. Patellar tracking after isolated medial patellofemoral ligament reconstruction: dynamic evaluation using computed tomography. Knee Surg Sports Traumatol Arthrosc. 2017 Oct;25(10):3197-3205.<\/li>\n<\/ol>\n<p>&nbsp;<\/p>\n<h2><strong>PROJETOS ORIENTADOR\/ LINHA<\/strong><\/h2>\n<p><strong>Linha 2. DESENVOLVIMENTO DE ENSAIOS E MODELOS PARA SUBSTITUI\u00c7\u00c3O ARTICULAR E INSTABILIDADE ARTICULARES<br \/>\n<\/strong><strong>PROJETO RICCARDO GOBBI:<\/strong> ESTUDO DA ARTICULA\u00c7\u00c3O FEMOROPATELAR<br \/>\n<strong>Linha 3. DIST\u00daRBIOS DEGENERATIVOS, INFLAMAT\u00d3RIOS E ESTRUTURAIS DO SISTEMA LOCOMOTOR<br \/>\n<\/strong><strong>PROJETO RICCARDO GOBBI:<\/strong> ESTUDO DAS LES\u00d5ES DA CARTILAGEM DO JOELHO<br \/>\n<strong>Linha 5. MODELOS CL\u00cdNICOS E EXPERIMENTAIS DA AN\u00c1LISE FUNCIONAL DO MOVIMENTO HUMANO<br \/>\n<\/strong><strong>ROJETO RICCARDO GOBBI:<\/strong> AVALIA\u00c7\u00c3O DA ARTICULA\u00c7\u00c3O DO JOELHO POR IMAGEM<\/p>","protected":false},"excerpt":{"rendered":"<p>T\u00edtulo: Libre Docente E-mail: gobbiortopedia@gmail.com Lattes: http:\/\/lattes.cnpq.br\/6533423625895908 Orcid &#8211;\u00a0 0000-0002-1715-4343 Scopus &#8211; 35622102500 Id google scholar &#8211; 05e2xa4aaaaj Research id &#8211; C-8131-2012 L\u00ednea de investigaci\u00f3n: Cirug\u00eda [&hellip;]<\/p>\n","protected":false},"author":1,"featured_media":0,"parent":25,"menu_order":0,"comment_status":"closed","ping_status":"closed","template":"","meta":{"footnotes":""},"class_list":["post-595","page","type-page","status-publish","hentry"],"yoast_head":"<!-- This site is optimized with the Yoast SEO plugin v25.5 - https:\/\/yoast.com\/wordpress\/plugins\/seo\/ -->\n<title>Riccardo Gomes Gobbi - P\u00f3s-Gradua\u00e7\u00e3o em Ci\u00eancias do Sistema Musculoesquel\u00e9tico<\/title>\n<meta name=\"robots\" content=\"index, follow, max-snippet:-1, max-image-preview:large, max-video-preview:-1\" \/>\n<link rel=\"canonical\" href=\"https:\/\/www.musculoesqueleticousp.com.br\/pesquisas\/orientadores\/riccardo-gomes-gobbi\/\" \/>\n<meta property=\"og:locale\" content=\"es_ES\" \/>\n<meta property=\"og:type\" content=\"article\" \/>\n<meta property=\"og:title\" content=\"Riccardo Gomes Gobbi - P\u00f3s-Gradua\u00e7\u00e3o em Ci\u00eancias do Sistema Musculoesquel\u00e9tico\" \/>\n<meta property=\"og:description\" content=\"T\u00edtulo: Libre Docente E-mail: gobbiortopedia@gmail.com Lattes: http:\/\/lattes.cnpq.br\/6533423625895908 Orcid &#8211;\u00a0 0000-0002-1715-4343 Scopus &#8211; 35622102500 Id google scholar &#8211; 05e2xa4aaaaj Research id &#8211; C-8131-2012 L\u00ednea de investigaci\u00f3n: Cirug\u00eda [&hellip;]\" \/>\n<meta property=\"og:url\" content=\"https:\/\/www.musculoesqueleticousp.com.br\/pesquisas\/orientadores\/riccardo-gomes-gobbi\/\" \/>\n<meta property=\"og:site_name\" content=\"P\u00f3s-Gradua\u00e7\u00e3o em Ci\u00eancias do Sistema Musculoesquel\u00e9tico\" \/>\n<meta property=\"article:modified_time\" content=\"2024-08-09T14:48:24+00:00\" \/>\n<meta property=\"og:image\" content=\"http:\/\/www.musculoesqueleticousp.com.br\/wp-content\/uploads\/2020\/05\/ed_FOTO-RICCARDO-GOMES-GOBBI.jpg\" \/>\n<meta name=\"twitter:card\" content=\"summary_large_image\" \/>\n<meta name=\"twitter:label1\" content=\"Tiempo de lectura\" \/>\n\t<meta name=\"twitter:data1\" content=\"7 minutos\" \/>\n<script type=\"application\/ld+json\" class=\"yoast-schema-graph\">{\"@context\":\"https:\/\/schema.org\",\"@graph\":[{\"@type\":\"WebPage\",\"@id\":\"https:\/\/www.musculoesqueleticousp.com.br\/pesquisas\/orientadores\/riccardo-gomes-gobbi\/\",\"url\":\"https:\/\/www.musculoesqueleticousp.com.br\/pesquisas\/orientadores\/riccardo-gomes-gobbi\/\",\"name\":\"Riccardo Gomes Gobbi - P\u00f3s-Gradua\u00e7\u00e3o em Ci\u00eancias do Sistema Musculoesquel\u00e9tico\",\"isPartOf\":{\"@id\":\"https:\/\/www.musculoesqueleticousp.com.br\/en\/#website\"},\"primaryImageOfPage\":{\"@id\":\"https:\/\/www.musculoesqueleticousp.com.br\/pesquisas\/orientadores\/riccardo-gomes-gobbi\/#primaryimage\"},\"image\":{\"@id\":\"https:\/\/www.musculoesqueleticousp.com.br\/pesquisas\/orientadores\/riccardo-gomes-gobbi\/#primaryimage\"},\"thumbnailUrl\":\"http:\/\/www.musculoesqueleticousp.com.br\/wp-content\/uploads\/2020\/05\/ed_FOTO-RICCARDO-GOMES-GOBBI.jpg\",\"datePublished\":\"2020-05-02T03:28:53+00:00\",\"dateModified\":\"2024-08-09T14:48:24+00:00\",\"breadcrumb\":{\"@id\":\"https:\/\/www.musculoesqueleticousp.com.br\/pesquisas\/orientadores\/riccardo-gomes-gobbi\/#breadcrumb\"},\"inLanguage\":\"es\",\"potentialAction\":[{\"@type\":\"ReadAction\",\"target\":[\"https:\/\/www.musculoesqueleticousp.com.br\/pesquisas\/orientadores\/riccardo-gomes-gobbi\/\"]}]},{\"@type\":\"ImageObject\",\"inLanguage\":\"es\",\"@id\":\"https:\/\/www.musculoesqueleticousp.com.br\/pesquisas\/orientadores\/riccardo-gomes-gobbi\/#primaryimage\",\"url\":\"http:\/\/www.musculoesqueleticousp.com.br\/wp-content\/uploads\/2020\/05\/ed_FOTO-RICCARDO-GOMES-GOBBI.jpg\",\"contentUrl\":\"http:\/\/www.musculoesqueleticousp.com.br\/wp-content\/uploads\/2020\/05\/ed_FOTO-RICCARDO-GOMES-GOBBI.jpg\"},{\"@type\":\"BreadcrumbList\",\"@id\":\"https:\/\/www.musculoesqueleticousp.com.br\/pesquisas\/orientadores\/riccardo-gomes-gobbi\/#breadcrumb\",\"itemListElement\":[{\"@type\":\"ListItem\",\"position\":1,\"name\":\"Home\",\"item\":\"https:\/\/www.musculoesqueleticousp.com.br\/en\/\"},{\"@type\":\"ListItem\",\"position\":2,\"name\":\"Research\",\"item\":\"https:\/\/www.musculoesqueleticousp.com.br\/en\/pesquisas\/\"},{\"@type\":\"ListItem\",\"position\":3,\"name\":\"Orientadores\",\"item\":\"https:\/\/www.musculoesqueleticousp.com.br\/pesquisas\/orientadores\/\"},{\"@type\":\"ListItem\",\"position\":4,\"name\":\"Riccardo Gomes Gobbi\"}]},{\"@type\":\"WebSite\",\"@id\":\"https:\/\/www.musculoesqueleticousp.com.br\/en\/#website\",\"url\":\"https:\/\/www.musculoesqueleticousp.com.br\/en\/\",\"name\":\"P\u00f3s-Gradua\u00e7\u00e3o em Ci\u00eancias do Sistema Musculoesquel\u00e9tico\",\"description\":\"Website do P\u00f3s-Gradua\u00e7\u00e3o em Ci\u00eancias do Sistema Musculoesquel\u00e9tico\",\"publisher\":{\"@id\":\"https:\/\/www.musculoesqueleticousp.com.br\/en\/#organization\"},\"potentialAction\":[{\"@type\":\"SearchAction\",\"target\":{\"@type\":\"EntryPoint\",\"urlTemplate\":\"https:\/\/www.musculoesqueleticousp.com.br\/en\/?s={search_term_string}\"},\"query-input\":{\"@type\":\"PropertyValueSpecification\",\"valueRequired\":true,\"valueName\":\"search_term_string\"}}],\"inLanguage\":\"es\"},{\"@type\":\"Organization\",\"@id\":\"https:\/\/www.musculoesqueleticousp.com.br\/en\/#organization\",\"name\":\"P\u00f3s-Gradua\u00e7\u00e3o em Ci\u00eancias do Sistema Musculoesquel\u00e9tico\",\"url\":\"https:\/\/www.musculoesqueleticousp.com.br\/en\/\",\"logo\":{\"@type\":\"ImageObject\",\"inLanguage\":\"es\",\"@id\":\"https:\/\/www.musculoesqueleticousp.com.br\/en\/#\/schema\/logo\/image\/\",\"url\":\"https:\/\/www.musculoesqueleticousp.com.br\/wp-content\/uploads\/2020\/04\/logo_pg_cme_v3_h120.png\",\"contentUrl\":\"https:\/\/www.musculoesqueleticousp.com.br\/wp-content\/uploads\/2020\/04\/logo_pg_cme_v3_h120.png\",\"width\":481,\"height\":120,\"caption\":\"P\u00f3s-Gradua\u00e7\u00e3o em Ci\u00eancias do Sistema Musculoesquel\u00e9tico\"},\"image\":{\"@id\":\"https:\/\/www.musculoesqueleticousp.com.br\/en\/#\/schema\/logo\/image\/\"}}]}<\/script>\n<!-- \/ Yoast SEO plugin. -->","yoast_head_json":{"title":"Riccardo Gomes Gobbi - P\u00f3s-Gradua\u00e7\u00e3o em Ci\u00eancias do Sistema Musculoesquel\u00e9tico","robots":{"index":"index","follow":"follow","max-snippet":"max-snippet:-1","max-image-preview":"max-image-preview:large","max-video-preview":"max-video-preview:-1"},"canonical":"https:\/\/www.musculoesqueleticousp.com.br\/pesquisas\/orientadores\/riccardo-gomes-gobbi\/","og_locale":"es_ES","og_type":"article","og_title":"Riccardo Gomes Gobbi - P\u00f3s-Gradua\u00e7\u00e3o em Ci\u00eancias do Sistema Musculoesquel\u00e9tico","og_description":"T\u00edtulo: Libre Docente E-mail: gobbiortopedia@gmail.com Lattes: http:\/\/lattes.cnpq.br\/6533423625895908 Orcid &#8211;\u00a0 0000-0002-1715-4343 Scopus &#8211; 35622102500 Id google scholar &#8211; 05e2xa4aaaaj Research id &#8211; C-8131-2012 L\u00ednea de investigaci\u00f3n: Cirug\u00eda [&hellip;]","og_url":"https:\/\/www.musculoesqueleticousp.com.br\/pesquisas\/orientadores\/riccardo-gomes-gobbi\/","og_site_name":"P\u00f3s-Gradua\u00e7\u00e3o em Ci\u00eancias do Sistema Musculoesquel\u00e9tico","article_modified_time":"2024-08-09T14:48:24+00:00","og_image":[{"url":"http:\/\/www.musculoesqueleticousp.com.br\/wp-content\/uploads\/2020\/05\/ed_FOTO-RICCARDO-GOMES-GOBBI.jpg","type":"","width":"","height":""}],"twitter_card":"summary_large_image","twitter_misc":{"Tiempo de lectura":"7 minutos"},"schema":{"@context":"https:\/\/schema.org","@graph":[{"@type":"WebPage","@id":"https:\/\/www.musculoesqueleticousp.com.br\/pesquisas\/orientadores\/riccardo-gomes-gobbi\/","url":"https:\/\/www.musculoesqueleticousp.com.br\/pesquisas\/orientadores\/riccardo-gomes-gobbi\/","name":"Riccardo Gomes Gobbi - P\u00f3s-Gradua\u00e7\u00e3o em Ci\u00eancias do Sistema Musculoesquel\u00e9tico","isPartOf":{"@id":"https:\/\/www.musculoesqueleticousp.com.br\/en\/#website"},"primaryImageOfPage":{"@id":"https:\/\/www.musculoesqueleticousp.com.br\/pesquisas\/orientadores\/riccardo-gomes-gobbi\/#primaryimage"},"image":{"@id":"https:\/\/www.musculoesqueleticousp.com.br\/pesquisas\/orientadores\/riccardo-gomes-gobbi\/#primaryimage"},"thumbnailUrl":"http:\/\/www.musculoesqueleticousp.com.br\/wp-content\/uploads\/2020\/05\/ed_FOTO-RICCARDO-GOMES-GOBBI.jpg","datePublished":"2020-05-02T03:28:53+00:00","dateModified":"2024-08-09T14:48:24+00:00","breadcrumb":{"@id":"https:\/\/www.musculoesqueleticousp.com.br\/pesquisas\/orientadores\/riccardo-gomes-gobbi\/#breadcrumb"},"inLanguage":"es","potentialAction":[{"@type":"ReadAction","target":["https:\/\/www.musculoesqueleticousp.com.br\/pesquisas\/orientadores\/riccardo-gomes-gobbi\/"]}]},{"@type":"ImageObject","inLanguage":"es","@id":"https:\/\/www.musculoesqueleticousp.com.br\/pesquisas\/orientadores\/riccardo-gomes-gobbi\/#primaryimage","url":"http:\/\/www.musculoesqueleticousp.com.br\/wp-content\/uploads\/2020\/05\/ed_FOTO-RICCARDO-GOMES-GOBBI.jpg","contentUrl":"http:\/\/www.musculoesqueleticousp.com.br\/wp-content\/uploads\/2020\/05\/ed_FOTO-RICCARDO-GOMES-GOBBI.jpg"},{"@type":"BreadcrumbList","@id":"https:\/\/www.musculoesqueleticousp.com.br\/pesquisas\/orientadores\/riccardo-gomes-gobbi\/#breadcrumb","itemListElement":[{"@type":"ListItem","position":1,"name":"Home","item":"https:\/\/www.musculoesqueleticousp.com.br\/en\/"},{"@type":"ListItem","position":2,"name":"Research","item":"https:\/\/www.musculoesqueleticousp.com.br\/en\/pesquisas\/"},{"@type":"ListItem","position":3,"name":"Orientadores","item":"https:\/\/www.musculoesqueleticousp.com.br\/pesquisas\/orientadores\/"},{"@type":"ListItem","position":4,"name":"Riccardo Gomes Gobbi"}]},{"@type":"WebSite","@id":"https:\/\/www.musculoesqueleticousp.com.br\/en\/#website","url":"https:\/\/www.musculoesqueleticousp.com.br\/en\/","name":"P\u00f3s-Gradua\u00e7\u00e3o em Ci\u00eancias do Sistema Musculoesquel\u00e9tico","description":"Website do P\u00f3s-Gradua\u00e7\u00e3o em Ci\u00eancias do Sistema Musculoesquel\u00e9tico","publisher":{"@id":"https:\/\/www.musculoesqueleticousp.com.br\/en\/#organization"},"potentialAction":[{"@type":"SearchAction","target":{"@type":"EntryPoint","urlTemplate":"https:\/\/www.musculoesqueleticousp.com.br\/en\/?s={search_term_string}"},"query-input":{"@type":"PropertyValueSpecification","valueRequired":true,"valueName":"search_term_string"}}],"inLanguage":"es"},{"@type":"Organization","@id":"https:\/\/www.musculoesqueleticousp.com.br\/en\/#organization","name":"P\u00f3s-Gradua\u00e7\u00e3o em Ci\u00eancias do Sistema Musculoesquel\u00e9tico","url":"https:\/\/www.musculoesqueleticousp.com.br\/en\/","logo":{"@type":"ImageObject","inLanguage":"es","@id":"https:\/\/www.musculoesqueleticousp.com.br\/en\/#\/schema\/logo\/image\/","url":"https:\/\/www.musculoesqueleticousp.com.br\/wp-content\/uploads\/2020\/04\/logo_pg_cme_v3_h120.png","contentUrl":"https:\/\/www.musculoesqueleticousp.com.br\/wp-content\/uploads\/2020\/04\/logo_pg_cme_v3_h120.png","width":481,"height":120,"caption":"P\u00f3s-Gradua\u00e7\u00e3o em Ci\u00eancias do Sistema Musculoesquel\u00e9tico"},"image":{"@id":"https:\/\/www.musculoesqueleticousp.com.br\/en\/#\/schema\/logo\/image\/"}}]}},"_links":{"self":[{"href":"https:\/\/www.musculoesqueleticousp.com.br\/es\/wp-json\/wp\/v2\/pages\/595","targetHints":{"allow":["GET"]}}],"collection":[{"href":"https:\/\/www.musculoesqueleticousp.com.br\/es\/wp-json\/wp\/v2\/pages"}],"about":[{"href":"https:\/\/www.musculoesqueleticousp.com.br\/es\/wp-json\/wp\/v2\/types\/page"}],"author":[{"embeddable":true,"href":"https:\/\/www.musculoesqueleticousp.com.br\/es\/wp-json\/wp\/v2\/users\/1"}],"replies":[{"embeddable":true,"href":"https:\/\/www.musculoesqueleticousp.com.br\/es\/wp-json\/wp\/v2\/comments?post=595"}],"version-history":[{"count":9,"href":"https:\/\/www.musculoesqueleticousp.com.br\/es\/wp-json\/wp\/v2\/pages\/595\/revisions"}],"predecessor-version":[{"id":3066,"href":"https:\/\/www.musculoesqueleticousp.com.br\/es\/wp-json\/wp\/v2\/pages\/595\/revisions\/3066"}],"up":[{"embeddable":true,"href":"https:\/\/www.musculoesqueleticousp.com.br\/es\/wp-json\/wp\/v2\/pages\/25"}],"wp:attachment":[{"href":"https:\/\/www.musculoesqueleticousp.com.br\/es\/wp-json\/wp\/v2\/media?parent=595"}],"curies":[{"name":"wp","href":"https:\/\/api.w.org\/{rel}","templated":true}]}}