{"id":590,"date":"2020-05-02T00:26:04","date_gmt":"2020-05-02T03:26:04","guid":{"rendered":"http:\/\/www.musculoesqueleticousp.com.br\/?page_id=590"},"modified":"2024-08-01T09:30:04","modified_gmt":"2024-08-01T12:30:04","slug":"hamilton-roschel","status":"publish","type":"page","link":"https:\/\/www.musculoesqueleticousp.com.br\/es\/pesquisas\/orientadores\/hamilton-roschel\/","title":{"rendered":"Hamilton Roschel"},"content":{"rendered":"<p><strong><img loading=\"lazy\" decoding=\"async\" class=\"alignleft size-full wp-image-592\" src=\"http:\/\/www.musculoesqueleticousp.com.br\/wp-content\/uploads\/2020\/05\/ed_FOTO_HAMILTON-ROSCHEL.jpg\" alt=\"\" width=\"225\" height=\"225\" srcset=\"https:\/\/www.musculoesqueleticousp.com.br\/wp-content\/uploads\/2020\/05\/ed_FOTO_HAMILTON-ROSCHEL.jpg 225w, https:\/\/www.musculoesqueleticousp.com.br\/wp-content\/uploads\/2020\/05\/ed_FOTO_HAMILTON-ROSCHEL-150x150.jpg 150w, https:\/\/www.musculoesqueleticousp.com.br\/wp-content\/uploads\/2020\/05\/ed_FOTO_HAMILTON-ROSCHEL-146x146.jpg 146w, https:\/\/www.musculoesqueleticousp.com.br\/wp-content\/uploads\/2020\/05\/ed_FOTO_HAMILTON-ROSCHEL-50x50.jpg 50w, https:\/\/www.musculoesqueleticousp.com.br\/wp-content\/uploads\/2020\/05\/ed_FOTO_HAMILTON-ROSCHEL-80x80.jpg 80w, https:\/\/www.musculoesqueleticousp.com.br\/wp-content\/uploads\/2020\/05\/ed_FOTO_HAMILTON-ROSCHEL-75x75.jpg 75w, https:\/\/www.musculoesqueleticousp.com.br\/wp-content\/uploads\/2020\/05\/ed_FOTO_HAMILTON-ROSCHEL-85x85.jpg 85w\" sizes=\"auto, (max-width: 225px) 100vw, 225px\" \/><\/strong><\/p>\n<p><strong>T\u00edtulo:<\/strong><strong>\u00a0<\/strong>Profesor Doctor<br \/>\n<strong>E-mail: <\/strong><a href=\"mailto:hars@usp.br\">hars@usp.br<\/a><br \/>\n<strong>Lattes: <\/strong><a href=\"http:\/\/lattes.cnpq.br\/8590499566979006\" target=\"_blank\" rel=\"noopener noreferrer\">http:\/\/lattes.cnpq.br\/8590499566979006<\/a><br \/>\n<strong>Bolsa produtividade CNPq<\/strong>: PQ 1D<br \/>\n<strong>Orcid<\/strong>:\u00a0 ID 0000-0002-9513-6132 &#8211; <a href=\"https:\/\/orcid.org\/0000-0002-9513-6132\">https:\/\/orcid.org\/0000-0002-9513-6132<\/a><br \/>\n<strong>Scopus<\/strong>: ID 6505559523 &#8211; <a href=\"https:\/\/www.scopus.com\/authid\/detail.uri?authorId=6505559523\">https:\/\/www.scopus.com\/authid\/detail.uri?authorId=6505559523<\/a><br \/>\n<strong>Google scholar<\/strong>:\u00a0ID nw8gag4aaaaj &#8211; <a href=\"https:\/\/scholar.google.com.br\/citations?user=NW8Gag4AAAAJ&amp;hl=pt-BR&amp;oi=ao\">https:\/\/scholar.google.com.br\/citations?user=NW8Gag4AAAAJ&amp;hl=pt-BR&amp;oi=ao<\/a><br \/>\n<strong>Research ID<\/strong>: D-4353-2012 &#8211; <a href=\"https:\/\/publons.com\/researcher\/1491665\/hamilton-roschel\/\">https:\/\/publons.com\/researcher\/1491665\/hamilton-roschel\/<\/a><\/p>\n<h2><strong><br \/>\nL\u00ednea de investigaci\u00f3n: <\/strong><\/h2>\n<p>Efectos del ejercicio, nutrici\u00f3n y gen\u00e9tica en la salud y en el desempe\u00f1o f\u00edsico.<\/p>\n<h2>Resumen<\/h2>\n<p>El Grupo de Fisiolog\u00eda Aplicada y Nutrici\u00f3n est\u00e1 integrado en el Centro de Medicina del Estilo de Vida y tiene como misi\u00f3n llevar a cabo estudios integrales y transdisciplinarios, de naturaleza cl\u00ednica o experimental, con el objetivo de desentra\u00f1ar el papel de la actividad f\u00edsica y la nutrici\u00f3n en el deporte, el envejecimiento, la obesidad y las enfermedades cr\u00f3nicas. Los laboratorios de investigaci\u00f3n del grupo se encuentran en la Facultad de Medicina (LIM-17), en el Hospital de Cl\u00ednicas (Laboratorio de Evaluaci\u00f3n y Condicionamiento en Reumatolog\u00eda) y en la Escuela de Educaci\u00f3n F\u00edsica y Deportes de la USP. En conjunto, estos laboratorios ofrecen amplias posibilidades para la prueba y evaluaci\u00f3n nutricional y fisiol\u00f3gica de pacientes y atletas, as\u00ed como la prescripci\u00f3n de programas de intervenci\u00f3n. Por lo tanto, consisten en investigaciones que van desde el modelo in vitro, pasando por dise\u00f1os experimentales y cl\u00ednicos que buscan ampliar la comprensi\u00f3n cl\u00ednica, mecanicista (que abarca desde la fisiolog\u00eda, biomec\u00e1nica, control motor, etc., hasta aspectos comportamentales) e integrativa de los roles agudo y cr\u00f3nico de la nutrici\u00f3n, la actividad f\u00edsica y la gen\u00e9tica sobre la salud, la calidad de vida y el rendimiento f\u00edsico deportivo en diversas poblaciones. Realizamos ensayos cl\u00ednicos, an\u00e1lisis moleculares de expresi\u00f3n g\u00e9nica y proteica, ensayos enzim\u00e1ticos, cromatograf\u00eda l\u00edquida de alta resoluci\u00f3n, histolog\u00eda y citolog\u00eda. El Grupo cuenta con m\u00e1s de 75 miembros, entre estudiantes de pregrado (IC) y posgrado (maestrantes y doctorandos), postdoctorandos y profesores extranjeros, y tambi\u00e9n colabora activamente con diversos investigadores nacionales e internacionales.<\/p>\n<h2>Art\u00edculos relevantes:<\/h2>\n<div>\n<div>\n<p>1. Leit\u00e3o AE, Esteves GP, Mazzolani BC, Smaira FI, Santini MH, Santo Andr\u00e9 HC,\u00a0Gualano B,\u00a0<strong>Roschel H<\/strong>. Protein and Amino Acid Adequacy and Food Consumption by\u00a0Processing Level in Vegans in Brazil. JAMA Netw Open. 2024 Jun 3;7(6):e2418226.\u00a0doi: 10.1001\/jamanetworkopen.2024.18226.<\/p>\n<p>2. Mazzolani BC, Smaira FI, Esteves GP, Santini MH, Leit\u00e3o AE, Santo Andr\u00e9 HC, Gualano B,\u00a0<strong>Roschel H.<\/strong> Disordered Eating Attitudes and Food Choice Motives Among Individuals Who Follow a Vegan Diet in Brazil. JAMA Netw Open. 2023 Jun 1;6(6):e2321065. doi: 10.1001\/jamanetworkopen.2023.21065.<\/p>\n<p>3. Longobardi I, Goessler K, de Oliveira J\u00fanior GN, Prado DMLD, Santos JVP, Meletti MM, de Andrade DCO, Gil S, Boza JASO, Lima FR, Gualano B,\u00a0<strong>Roschel H.<\/strong>\u00a0Effects of a 16-week home-based exercise training programme on health-related quality of life, functional capacity, and persistent symptoms in survivors of severe\/critical COVID-19: a randomised controlled trial. Br J Sports Med. 2023 Oct;57(20):1295-1303. doi: 10.1136\/bjsports-2022-106681.<\/p>\n<p>4. Gil S, Jacob Filho W, Shinjo SK, Ferriolli E, Busse AL, Avelino-Silva TJ, Longobardi I, de Oliveira J\u00fanior GN, Swinton P, Gualano B,\u00a0<strong>Roschel H<\/strong>; HCFMUSP COVID-19 Study Group. Muscle strength and muscle mass as predictors of hospital length of stay in patients with moderate to severe COVID-19: a prospective observational study. J Cachexia Sarcopenia Muscle. 2021 Dec;12(6):1871-1878. doi: 10.1002\/jcsm.12789.<\/p>\n<p>5.<strong>\u00a0Roschel H<\/strong>, Hayashi AP, Fernandes AL, Jambassi-Filho JC, Hevia-Larra\u00edn V, de Capitani M, Santana DA, Gon\u00e7alves LS, de S\u00e1-Pinto AL, Lima FR, Sapienza MT, Duarte AJS, Pereira RMR, Phillips SM, Gualano B. Supplement-based nutritional strategies to tackle frailty: A multifactorial, double-blind, randomized placebo-controlled trial. Clin Nutr. 2021 Aug;40(8):4849-4858. doi: 10.1016\/j.clnu.2021.06.024.<\/p>\n<\/div>\n<h2><strong>PROJETOS ORIENTADOR\/ LINHA<\/strong><\/h2>\n<p><strong>Linha 7 &#8211; EFEITOS DO EXERC\u00cdCIO F\u00cdSICO, NUTRI\u00c7\u00c3O E GEN\u00c9TICA NA SA\u00daDE E NO DESEMPENHO F\u00cdSICO<br \/>\n<\/strong><strong>PROJETO HAMILTON ROSCHEL:<\/strong> ESTUDOS SOBRE O PAPEL SINERG\u00c9TICO DO EXERCICIO E DA NUTRI\u00c7\u00c3O EM DOEN\u00c7AS CR\u00d4NICAS E NO ENVELHECIMENTO<\/p>\n<\/div>\n<p><\/p>","protected":false},"excerpt":{"rendered":"<p>T\u00edtulo:\u00a0Profesor Doctor E-mail: hars@usp.br Lattes: http:\/\/lattes.cnpq.br\/8590499566979006 Bolsa produtividade CNPq: PQ 1D Orcid:\u00a0 ID 0000-0002-9513-6132 &#8211; https:\/\/orcid.org\/0000-0002-9513-6132 Scopus: ID 6505559523 &#8211; https:\/\/www.scopus.com\/authid\/detail.uri?authorId=6505559523 Google scholar:\u00a0ID nw8gag4aaaaj &#8211; https:\/\/scholar.google.com.br\/citations?user=NW8Gag4AAAAJ&amp;hl=pt-BR&amp;oi=ao [&hellip;]<\/p>\n","protected":false},"author":1,"featured_media":0,"parent":25,"menu_order":0,"comment_status":"closed","ping_status":"closed","template":"","meta":{"footnotes":""},"class_list":["post-590","page","type-page","status-publish","hentry"],"yoast_head":"<!-- This site is optimized with the Yoast SEO plugin v25.5 - https:\/\/yoast.com\/wordpress\/plugins\/seo\/ -->\n<title>Hamilton Roschel - P\u00f3s-Gradua\u00e7\u00e3o em Ci\u00eancias do Sistema Musculoesquel\u00e9tico<\/title>\n<meta name=\"robots\" content=\"index, follow, max-snippet:-1, max-image-preview:large, max-video-preview:-1\" \/>\n<link rel=\"canonical\" href=\"https:\/\/www.musculoesqueleticousp.com.br\/pesquisas\/orientadores\/hamilton-roschel\/\" \/>\n<meta property=\"og:locale\" content=\"es_ES\" \/>\n<meta property=\"og:type\" content=\"article\" \/>\n<meta property=\"og:title\" content=\"Hamilton Roschel - P\u00f3s-Gradua\u00e7\u00e3o em Ci\u00eancias do Sistema Musculoesquel\u00e9tico\" \/>\n<meta property=\"og:description\" content=\"T\u00edtulo:\u00a0Profesor Doctor E-mail: hars@usp.br Lattes: http:\/\/lattes.cnpq.br\/8590499566979006 Bolsa produtividade CNPq: PQ 1D Orcid:\u00a0 ID 0000-0002-9513-6132 &#8211; https:\/\/orcid.org\/0000-0002-9513-6132 Scopus: ID 6505559523 &#8211; https:\/\/www.scopus.com\/authid\/detail.uri?authorId=6505559523 Google scholar:\u00a0ID nw8gag4aaaaj &#8211; https:\/\/scholar.google.com.br\/citations?user=NW8Gag4AAAAJ&amp;hl=pt-BR&amp;oi=ao [&hellip;]\" \/>\n<meta property=\"og:url\" content=\"https:\/\/www.musculoesqueleticousp.com.br\/pesquisas\/orientadores\/hamilton-roschel\/\" \/>\n<meta property=\"og:site_name\" content=\"P\u00f3s-Gradua\u00e7\u00e3o em Ci\u00eancias do Sistema Musculoesquel\u00e9tico\" \/>\n<meta property=\"article:modified_time\" content=\"2024-08-01T12:30:04+00:00\" \/>\n<meta property=\"og:image\" content=\"http:\/\/www.musculoesqueleticousp.com.br\/wp-content\/uploads\/2020\/05\/ed_FOTO_HAMILTON-ROSCHEL.jpg\" \/>\n<meta name=\"twitter:card\" content=\"summary_large_image\" \/>\n<meta name=\"twitter:label1\" content=\"Tiempo de lectura\" \/>\n\t<meta name=\"twitter:data1\" content=\"10 minutos\" \/>\n<script type=\"application\/ld+json\" class=\"yoast-schema-graph\">{\"@context\":\"https:\/\/schema.org\",\"@graph\":[{\"@type\":\"WebPage\",\"@id\":\"https:\/\/www.musculoesqueleticousp.com.br\/pesquisas\/orientadores\/hamilton-roschel\/\",\"url\":\"https:\/\/www.musculoesqueleticousp.com.br\/pesquisas\/orientadores\/hamilton-roschel\/\",\"name\":\"Hamilton Roschel - P\u00f3s-Gradua\u00e7\u00e3o em Ci\u00eancias do Sistema Musculoesquel\u00e9tico\",\"isPartOf\":{\"@id\":\"https:\/\/www.musculoesqueleticousp.com.br\/en\/#website\"},\"primaryImageOfPage\":{\"@id\":\"https:\/\/www.musculoesqueleticousp.com.br\/pesquisas\/orientadores\/hamilton-roschel\/#primaryimage\"},\"image\":{\"@id\":\"https:\/\/www.musculoesqueleticousp.com.br\/pesquisas\/orientadores\/hamilton-roschel\/#primaryimage\"},\"thumbnailUrl\":\"http:\/\/www.musculoesqueleticousp.com.br\/wp-content\/uploads\/2020\/05\/ed_FOTO_HAMILTON-ROSCHEL.jpg\",\"datePublished\":\"2020-05-02T03:26:04+00:00\",\"dateModified\":\"2024-08-01T12:30:04+00:00\",\"breadcrumb\":{\"@id\":\"https:\/\/www.musculoesqueleticousp.com.br\/pesquisas\/orientadores\/hamilton-roschel\/#breadcrumb\"},\"inLanguage\":\"es\",\"potentialAction\":[{\"@type\":\"ReadAction\",\"target\":[\"https:\/\/www.musculoesqueleticousp.com.br\/pesquisas\/orientadores\/hamilton-roschel\/\"]}]},{\"@type\":\"ImageObject\",\"inLanguage\":\"es\",\"@id\":\"https:\/\/www.musculoesqueleticousp.com.br\/pesquisas\/orientadores\/hamilton-roschel\/#primaryimage\",\"url\":\"http:\/\/www.musculoesqueleticousp.com.br\/wp-content\/uploads\/2020\/05\/ed_FOTO_HAMILTON-ROSCHEL.jpg\",\"contentUrl\":\"http:\/\/www.musculoesqueleticousp.com.br\/wp-content\/uploads\/2020\/05\/ed_FOTO_HAMILTON-ROSCHEL.jpg\"},{\"@type\":\"BreadcrumbList\",\"@id\":\"https:\/\/www.musculoesqueleticousp.com.br\/pesquisas\/orientadores\/hamilton-roschel\/#breadcrumb\",\"itemListElement\":[{\"@type\":\"ListItem\",\"position\":1,\"name\":\"Home\",\"item\":\"https:\/\/www.musculoesqueleticousp.com.br\/en\/\"},{\"@type\":\"ListItem\",\"position\":2,\"name\":\"Research\",\"item\":\"https:\/\/www.musculoesqueleticousp.com.br\/en\/pesquisas\/\"},{\"@type\":\"ListItem\",\"position\":3,\"name\":\"Orientadores\",\"item\":\"https:\/\/www.musculoesqueleticousp.com.br\/pesquisas\/orientadores\/\"},{\"@type\":\"ListItem\",\"position\":4,\"name\":\"Hamilton Roschel\"}]},{\"@type\":\"WebSite\",\"@id\":\"https:\/\/www.musculoesqueleticousp.com.br\/en\/#website\",\"url\":\"https:\/\/www.musculoesqueleticousp.com.br\/en\/\",\"name\":\"P\u00f3s-Gradua\u00e7\u00e3o em Ci\u00eancias do Sistema Musculoesquel\u00e9tico\",\"description\":\"Website do P\u00f3s-Gradua\u00e7\u00e3o em Ci\u00eancias do Sistema Musculoesquel\u00e9tico\",\"publisher\":{\"@id\":\"https:\/\/www.musculoesqueleticousp.com.br\/en\/#organization\"},\"potentialAction\":[{\"@type\":\"SearchAction\",\"target\":{\"@type\":\"EntryPoint\",\"urlTemplate\":\"https:\/\/www.musculoesqueleticousp.com.br\/en\/?s={search_term_string}\"},\"query-input\":{\"@type\":\"PropertyValueSpecification\",\"valueRequired\":true,\"valueName\":\"search_term_string\"}}],\"inLanguage\":\"es\"},{\"@type\":\"Organization\",\"@id\":\"https:\/\/www.musculoesqueleticousp.com.br\/en\/#organization\",\"name\":\"P\u00f3s-Gradua\u00e7\u00e3o em Ci\u00eancias do Sistema Musculoesquel\u00e9tico\",\"url\":\"https:\/\/www.musculoesqueleticousp.com.br\/en\/\",\"logo\":{\"@type\":\"ImageObject\",\"inLanguage\":\"es\",\"@id\":\"https:\/\/www.musculoesqueleticousp.com.br\/en\/#\/schema\/logo\/image\/\",\"url\":\"https:\/\/www.musculoesqueleticousp.com.br\/wp-content\/uploads\/2020\/04\/logo_pg_cme_v3_h120.png\",\"contentUrl\":\"https:\/\/www.musculoesqueleticousp.com.br\/wp-content\/uploads\/2020\/04\/logo_pg_cme_v3_h120.png\",\"width\":481,\"height\":120,\"caption\":\"P\u00f3s-Gradua\u00e7\u00e3o em Ci\u00eancias do Sistema Musculoesquel\u00e9tico\"},\"image\":{\"@id\":\"https:\/\/www.musculoesqueleticousp.com.br\/en\/#\/schema\/logo\/image\/\"}}]}<\/script>\n<!-- \/ Yoast SEO plugin. -->","yoast_head_json":{"title":"Hamilton Roschel - P\u00f3s-Gradua\u00e7\u00e3o em Ci\u00eancias do Sistema Musculoesquel\u00e9tico","robots":{"index":"index","follow":"follow","max-snippet":"max-snippet:-1","max-image-preview":"max-image-preview:large","max-video-preview":"max-video-preview:-1"},"canonical":"https:\/\/www.musculoesqueleticousp.com.br\/pesquisas\/orientadores\/hamilton-roschel\/","og_locale":"es_ES","og_type":"article","og_title":"Hamilton Roschel - P\u00f3s-Gradua\u00e7\u00e3o em Ci\u00eancias do Sistema Musculoesquel\u00e9tico","og_description":"T\u00edtulo:\u00a0Profesor Doctor E-mail: hars@usp.br Lattes: http:\/\/lattes.cnpq.br\/8590499566979006 Bolsa produtividade CNPq: PQ 1D Orcid:\u00a0 ID 0000-0002-9513-6132 &#8211; https:\/\/orcid.org\/0000-0002-9513-6132 Scopus: ID 6505559523 &#8211; https:\/\/www.scopus.com\/authid\/detail.uri?authorId=6505559523 Google scholar:\u00a0ID nw8gag4aaaaj &#8211; https:\/\/scholar.google.com.br\/citations?user=NW8Gag4AAAAJ&amp;hl=pt-BR&amp;oi=ao [&hellip;]","og_url":"https:\/\/www.musculoesqueleticousp.com.br\/pesquisas\/orientadores\/hamilton-roschel\/","og_site_name":"P\u00f3s-Gradua\u00e7\u00e3o em Ci\u00eancias do Sistema Musculoesquel\u00e9tico","article_modified_time":"2024-08-01T12:30:04+00:00","og_image":[{"url":"http:\/\/www.musculoesqueleticousp.com.br\/wp-content\/uploads\/2020\/05\/ed_FOTO_HAMILTON-ROSCHEL.jpg","type":"","width":"","height":""}],"twitter_card":"summary_large_image","twitter_misc":{"Tiempo de lectura":"10 minutos"},"schema":{"@context":"https:\/\/schema.org","@graph":[{"@type":"WebPage","@id":"https:\/\/www.musculoesqueleticousp.com.br\/pesquisas\/orientadores\/hamilton-roschel\/","url":"https:\/\/www.musculoesqueleticousp.com.br\/pesquisas\/orientadores\/hamilton-roschel\/","name":"Hamilton Roschel - P\u00f3s-Gradua\u00e7\u00e3o em Ci\u00eancias do Sistema Musculoesquel\u00e9tico","isPartOf":{"@id":"https:\/\/www.musculoesqueleticousp.com.br\/en\/#website"},"primaryImageOfPage":{"@id":"https:\/\/www.musculoesqueleticousp.com.br\/pesquisas\/orientadores\/hamilton-roschel\/#primaryimage"},"image":{"@id":"https:\/\/www.musculoesqueleticousp.com.br\/pesquisas\/orientadores\/hamilton-roschel\/#primaryimage"},"thumbnailUrl":"http:\/\/www.musculoesqueleticousp.com.br\/wp-content\/uploads\/2020\/05\/ed_FOTO_HAMILTON-ROSCHEL.jpg","datePublished":"2020-05-02T03:26:04+00:00","dateModified":"2024-08-01T12:30:04+00:00","breadcrumb":{"@id":"https:\/\/www.musculoesqueleticousp.com.br\/pesquisas\/orientadores\/hamilton-roschel\/#breadcrumb"},"inLanguage":"es","potentialAction":[{"@type":"ReadAction","target":["https:\/\/www.musculoesqueleticousp.com.br\/pesquisas\/orientadores\/hamilton-roschel\/"]}]},{"@type":"ImageObject","inLanguage":"es","@id":"https:\/\/www.musculoesqueleticousp.com.br\/pesquisas\/orientadores\/hamilton-roschel\/#primaryimage","url":"http:\/\/www.musculoesqueleticousp.com.br\/wp-content\/uploads\/2020\/05\/ed_FOTO_HAMILTON-ROSCHEL.jpg","contentUrl":"http:\/\/www.musculoesqueleticousp.com.br\/wp-content\/uploads\/2020\/05\/ed_FOTO_HAMILTON-ROSCHEL.jpg"},{"@type":"BreadcrumbList","@id":"https:\/\/www.musculoesqueleticousp.com.br\/pesquisas\/orientadores\/hamilton-roschel\/#breadcrumb","itemListElement":[{"@type":"ListItem","position":1,"name":"Home","item":"https:\/\/www.musculoesqueleticousp.com.br\/en\/"},{"@type":"ListItem","position":2,"name":"Research","item":"https:\/\/www.musculoesqueleticousp.com.br\/en\/pesquisas\/"},{"@type":"ListItem","position":3,"name":"Orientadores","item":"https:\/\/www.musculoesqueleticousp.com.br\/pesquisas\/orientadores\/"},{"@type":"ListItem","position":4,"name":"Hamilton Roschel"}]},{"@type":"WebSite","@id":"https:\/\/www.musculoesqueleticousp.com.br\/en\/#website","url":"https:\/\/www.musculoesqueleticousp.com.br\/en\/","name":"P\u00f3s-Gradua\u00e7\u00e3o em Ci\u00eancias do Sistema Musculoesquel\u00e9tico","description":"Website do P\u00f3s-Gradua\u00e7\u00e3o em Ci\u00eancias do Sistema Musculoesquel\u00e9tico","publisher":{"@id":"https:\/\/www.musculoesqueleticousp.com.br\/en\/#organization"},"potentialAction":[{"@type":"SearchAction","target":{"@type":"EntryPoint","urlTemplate":"https:\/\/www.musculoesqueleticousp.com.br\/en\/?s={search_term_string}"},"query-input":{"@type":"PropertyValueSpecification","valueRequired":true,"valueName":"search_term_string"}}],"inLanguage":"es"},{"@type":"Organization","@id":"https:\/\/www.musculoesqueleticousp.com.br\/en\/#organization","name":"P\u00f3s-Gradua\u00e7\u00e3o em Ci\u00eancias do Sistema Musculoesquel\u00e9tico","url":"https:\/\/www.musculoesqueleticousp.com.br\/en\/","logo":{"@type":"ImageObject","inLanguage":"es","@id":"https:\/\/www.musculoesqueleticousp.com.br\/en\/#\/schema\/logo\/image\/","url":"https:\/\/www.musculoesqueleticousp.com.br\/wp-content\/uploads\/2020\/04\/logo_pg_cme_v3_h120.png","contentUrl":"https:\/\/www.musculoesqueleticousp.com.br\/wp-content\/uploads\/2020\/04\/logo_pg_cme_v3_h120.png","width":481,"height":120,"caption":"P\u00f3s-Gradua\u00e7\u00e3o em Ci\u00eancias do Sistema Musculoesquel\u00e9tico"},"image":{"@id":"https:\/\/www.musculoesqueleticousp.com.br\/en\/#\/schema\/logo\/image\/"}}]}},"_links":{"self":[{"href":"https:\/\/www.musculoesqueleticousp.com.br\/es\/wp-json\/wp\/v2\/pages\/590","targetHints":{"allow":["GET"]}}],"collection":[{"href":"https:\/\/www.musculoesqueleticousp.com.br\/es\/wp-json\/wp\/v2\/pages"}],"about":[{"href":"https:\/\/www.musculoesqueleticousp.com.br\/es\/wp-json\/wp\/v2\/types\/page"}],"author":[{"embeddable":true,"href":"https:\/\/www.musculoesqueleticousp.com.br\/es\/wp-json\/wp\/v2\/users\/1"}],"replies":[{"embeddable":true,"href":"https:\/\/www.musculoesqueleticousp.com.br\/es\/wp-json\/wp\/v2\/comments?post=590"}],"version-history":[{"count":34,"href":"https:\/\/www.musculoesqueleticousp.com.br\/es\/wp-json\/wp\/v2\/pages\/590\/revisions"}],"predecessor-version":[{"id":3061,"href":"https:\/\/www.musculoesqueleticousp.com.br\/es\/wp-json\/wp\/v2\/pages\/590\/revisions\/3061"}],"up":[{"embeddable":true,"href":"https:\/\/www.musculoesqueleticousp.com.br\/es\/wp-json\/wp\/v2\/pages\/25"}],"wp:attachment":[{"href":"https:\/\/www.musculoesqueleticousp.com.br\/es\/wp-json\/wp\/v2\/media?parent=590"}],"curies":[{"name":"wp","href":"https:\/\/api.w.org\/{rel}","templated":true}]}}