{"id":576,"date":"2020-05-02T00:16:03","date_gmt":"2020-05-02T03:16:03","guid":{"rendered":"http:\/\/www.musculoesqueleticousp.com.br\/?page_id=576"},"modified":"2024-06-18T16:23:08","modified_gmt":"2024-06-18T19:23:08","slug":"danieli-castro-oliveira-de-andrade","status":"publish","type":"page","link":"https:\/\/www.musculoesqueleticousp.com.br\/es\/pesquisas\/orientadores\/danieli-castro-oliveira-de-andrade\/","title":{"rendered":"Danieli Castro Oliveira de Andrade"},"content":{"rendered":"<p><strong><img loading=\"lazy\" decoding=\"async\" class=\"alignleft size-full wp-image-578\" src=\"http:\/\/www.musculoesqueleticousp.com.br\/wp-content\/uploads\/2020\/05\/ed_FOTO_DANIELI-CASTRO-OLIVEIRA-DE-ANDRADE.jpg\" alt=\"\" width=\"177\" height=\"225\" srcset=\"https:\/\/www.musculoesqueleticousp.com.br\/wp-content\/uploads\/2020\/05\/ed_FOTO_DANIELI-CASTRO-OLIVEIRA-DE-ANDRADE.jpg 177w, https:\/\/www.musculoesqueleticousp.com.br\/wp-content\/uploads\/2020\/05\/ed_FOTO_DANIELI-CASTRO-OLIVEIRA-DE-ANDRADE-115x146.jpg 115w, https:\/\/www.musculoesqueleticousp.com.br\/wp-content\/uploads\/2020\/05\/ed_FOTO_DANIELI-CASTRO-OLIVEIRA-DE-ANDRADE-39x50.jpg 39w, https:\/\/www.musculoesqueleticousp.com.br\/wp-content\/uploads\/2020\/05\/ed_FOTO_DANIELI-CASTRO-OLIVEIRA-DE-ANDRADE-59x75.jpg 59w\" sizes=\"auto, (max-width: 177px) 100vw, 177px\" \/><\/strong><strong>T\u00edtulo:<\/strong> Libre Docente<br \/>\n<strong>E-mail: <\/strong><a href=\"mailto:danieli.andrade@hc.fm.usp.br\">danieli.andrade@hc.fm.usp.br<\/a><br \/>\n<strong>Lattes: <\/strong><a href=\"http:\/\/lattes.cnpq.br\/6418366977320716\" target=\"_blank\" rel=\"noopener noreferrer\">http:\/\/lattes.cnpq.br\/6418366977320716<\/a><br \/>\n<strong>Orcid<\/strong>:\u00a0ID\u00a0 0000-0002-0381-1808 &#8211; <a href=\"https:\/\/orcid.org\/0000-0002-0381-1808\">https:\/\/orcid.org\/0000-0002-0381-1808<\/a><br \/>\n<strong>Scopus<\/strong>: ID 26421588500 &#8211; <a href=\"https:\/\/www.scopus.com\/authid\/detail.uri?authorId=26421588500\">https:\/\/www.scopus.com\/authid\/detail.uri?authorId=26421588500<\/a><br \/>\n<strong>Google scholar<\/strong>: ID\u00a0 AqYRrvQAAAAJ &#8211;\u00a0 <a href=\"https:\/\/scholar.google.com.br\/citations?user=AqYRrvQAAAAJ&amp;hl=pt-BR&amp;oi=ao\">https:\/\/scholar.google.com.br\/citations?user=AqYRrvQAAAAJ&amp;hl=pt-BR&amp;oi=ao<\/a><br \/>\n<a href=\"https:\/\/scholar.google.com.br\/citations?user=AqYRrvQAAAAJ&amp;hl=pt-BR&amp;oi=ao\">https:\/\/scholar.google.com.br\/citations?user=AqYRrvQAAAAJ&amp;hl=pt-BR&amp;oi=ao<\/a><br \/>\n<strong>Research ID: W-9192-2019 &#8211; <a href=\"https:\/\/publons.com\/researcher\/1273890\/danieli-de-andrade\/\">https:\/\/publons.com\/researcher\/1273890\/danieli-de-andrade\/<\/a><\/strong><\/p>\n<h2><strong>L\u00ednea de investigaci\u00f3n:<\/strong><\/h2>\n<p>S\u00edndrome Antifosfol\u00edpido<\/p>\n<h2>Resumen<\/h2>\n<p>El laboratorio de Investigaci\u00f3n Traslacional en S\u00edndrome Antifosfol\u00edpido tiene por objetivo estudiar factores cl\u00ednicos y de laboratorio que permitan mejorar el entendimiento de la patogenia de esa enfermedad de forma aplicada a la cl\u00ednica. Para eso hemos buscado el enfoque multidisciplinario. El S\u00edndrome Antifosfol\u00edpido es una enfermedad inusual\/rara descrita en la d\u00e9cada del 80 en que la investigaci\u00f3n es fundamental para responder las innumerables incertezas relacionadas a la enfermedad.<\/p>\n<h2>Art\u00edculos relevantes:<\/h2>\n<ol>\n<li>Shapira I, Andrade D, Allen SL, Salmon JE. Brief report: induction of sustained remission in recurrent catastrophic antiphospholipid syndrome via inhibition of terminal complement with eculizumab. Arthritis Rheum. 2012Aug;64(8):2719-23. doi: 10.1002\/art.34440.<\/li>\n<li>Andrade D, Redecha PB, Vukelic M, Qing X, Perino G, Salmon JE, Koo GC.Engraftment of peripheral blood mononuclear cells from systemic l\u00fapus erythematosus and antiphospholipid syndrome patient donors into BALB-RAG-2-\/- IL-2R?-\/- mice: a promising model for studying human disease. Arthritis Rheum.2011 Sep;63(9):2764-73. doi: 10.1002\/art.30424.<\/li>\n<li>Andrade D, Kim M, Blanco LP, Karumanchi SA, Koo GC, Redecha P, Kirou K,Alvarez AM, Mulla MJ, Crow MK, Abrahams VM, Kaplan MJ, Salmon JE. Interferon-?and angiogenic dysregulation in pregnant lupus patients who develop preeclampsia. Arthritis Rheumatol. 2015 Apr;67(4):977-87. doi: 10.1002\/art.39029.<\/li>\n<li>Radin M, Ugolini-Lopes MR, Sciascia S, Andrade D. Extra-criteria manifestations of antiphospholipid syndrome: Risk assessment and management.Semin Arthritis Rheum. 2018 Aug;48(1):117-120. doi:10.1016\/j.semarthrit.2017.12.006.<\/li>\n<li>Ugolini-Lopes MR, Torrezan GT, G\u00e2ndara APR, Olivieri EHR, Nascimento IS,Okazaki E, Bonf\u00e1 E, Carraro DM, de Andrade DCO. Enhanced type I interferon gene signature in primary antiphospholipid syndrome: Association with earlier disease onset and preeclampsia. Autoimmun Rev. 2019 Apr;18(4):393-398. doi:10.1016\/j.autrev.2018.11.004.<\/li>\n<\/ol>\n<p>&nbsp;<\/p>\n<h2><strong>PROJETOS ORIENTADOR\/ LINHA<\/strong><\/h2>\n<p><strong>Linha 6. SISTEMA IMUNE E AUTOIMUNE<br \/>\n<\/strong><strong>PROJETO DANIELI ANDRADE:<\/strong> PESQUISA TRANSLACIONAL EM S\u00cdNDROME ANTIFOSFOL\u00cdPIDE<\/p>","protected":false},"excerpt":{"rendered":"<p>T\u00edtulo: Libre Docente E-mail: danieli.andrade@hc.fm.usp.br Lattes: http:\/\/lattes.cnpq.br\/6418366977320716 Orcid:\u00a0ID\u00a0 0000-0002-0381-1808 &#8211; https:\/\/orcid.org\/0000-0002-0381-1808 Scopus: ID 26421588500 &#8211; https:\/\/www.scopus.com\/authid\/detail.uri?authorId=26421588500 Google scholar: ID\u00a0 AqYRrvQAAAAJ &#8211;\u00a0 https:\/\/scholar.google.com.br\/citations?user=AqYRrvQAAAAJ&amp;hl=pt-BR&amp;oi=ao https:\/\/scholar.google.com.br\/citations?user=AqYRrvQAAAAJ&amp;hl=pt-BR&amp;oi=ao Research ID: W-9192-2019 [&hellip;]<\/p>\n","protected":false},"author":1,"featured_media":0,"parent":25,"menu_order":0,"comment_status":"closed","ping_status":"closed","template":"","meta":{"footnotes":""},"class_list":["post-576","page","type-page","status-publish","hentry"],"yoast_head":"<!-- This site is optimized with the Yoast SEO plugin v25.5 - https:\/\/yoast.com\/wordpress\/plugins\/seo\/ -->\n<title>Danieli Castro Oliveira de Andrade - P\u00f3s-Gradua\u00e7\u00e3o em Ci\u00eancias do Sistema Musculoesquel\u00e9tico<\/title>\n<meta name=\"robots\" content=\"index, follow, max-snippet:-1, max-image-preview:large, max-video-preview:-1\" \/>\n<link rel=\"canonical\" href=\"https:\/\/www.musculoesqueleticousp.com.br\/pesquisas\/orientadores\/danieli-castro-oliveira-de-andrade\/\" \/>\n<meta property=\"og:locale\" content=\"es_ES\" \/>\n<meta property=\"og:type\" content=\"article\" \/>\n<meta property=\"og:title\" content=\"Danieli Castro Oliveira de Andrade - P\u00f3s-Gradua\u00e7\u00e3o em Ci\u00eancias do Sistema Musculoesquel\u00e9tico\" \/>\n<meta property=\"og:description\" content=\"T\u00edtulo: Libre Docente E-mail: danieli.andrade@hc.fm.usp.br Lattes: http:\/\/lattes.cnpq.br\/6418366977320716 Orcid:\u00a0ID\u00a0 0000-0002-0381-1808 &#8211; https:\/\/orcid.org\/0000-0002-0381-1808 Scopus: ID 26421588500 &#8211; https:\/\/www.scopus.com\/authid\/detail.uri?authorId=26421588500 Google scholar: ID\u00a0 AqYRrvQAAAAJ &#8211;\u00a0 https:\/\/scholar.google.com.br\/citations?user=AqYRrvQAAAAJ&amp;hl=pt-BR&amp;oi=ao https:\/\/scholar.google.com.br\/citations?user=AqYRrvQAAAAJ&amp;hl=pt-BR&amp;oi=ao Research ID: W-9192-2019 [&hellip;]\" \/>\n<meta property=\"og:url\" content=\"https:\/\/www.musculoesqueleticousp.com.br\/pesquisas\/orientadores\/danieli-castro-oliveira-de-andrade\/\" \/>\n<meta property=\"og:site_name\" content=\"P\u00f3s-Gradua\u00e7\u00e3o em Ci\u00eancias do Sistema Musculoesquel\u00e9tico\" \/>\n<meta property=\"article:modified_time\" content=\"2024-06-18T19:23:08+00:00\" \/>\n<meta property=\"og:image\" content=\"http:\/\/www.musculoesqueleticousp.com.br\/wp-content\/uploads\/2020\/05\/ed_FOTO_DANIELI-CASTRO-OLIVEIRA-DE-ANDRADE.jpg\" \/>\n<meta name=\"twitter:card\" content=\"summary_large_image\" \/>\n<meta name=\"twitter:label1\" content=\"Tiempo de lectura\" \/>\n\t<meta name=\"twitter:data1\" content=\"6 minutos\" \/>\n<script type=\"application\/ld+json\" class=\"yoast-schema-graph\">{\"@context\":\"https:\/\/schema.org\",\"@graph\":[{\"@type\":\"WebPage\",\"@id\":\"https:\/\/www.musculoesqueleticousp.com.br\/pesquisas\/orientadores\/danieli-castro-oliveira-de-andrade\/\",\"url\":\"https:\/\/www.musculoesqueleticousp.com.br\/pesquisas\/orientadores\/danieli-castro-oliveira-de-andrade\/\",\"name\":\"Danieli Castro Oliveira de Andrade - P\u00f3s-Gradua\u00e7\u00e3o em Ci\u00eancias do Sistema Musculoesquel\u00e9tico\",\"isPartOf\":{\"@id\":\"https:\/\/www.musculoesqueleticousp.com.br\/en\/#website\"},\"primaryImageOfPage\":{\"@id\":\"https:\/\/www.musculoesqueleticousp.com.br\/pesquisas\/orientadores\/danieli-castro-oliveira-de-andrade\/#primaryimage\"},\"image\":{\"@id\":\"https:\/\/www.musculoesqueleticousp.com.br\/pesquisas\/orientadores\/danieli-castro-oliveira-de-andrade\/#primaryimage\"},\"thumbnailUrl\":\"http:\/\/www.musculoesqueleticousp.com.br\/wp-content\/uploads\/2020\/05\/ed_FOTO_DANIELI-CASTRO-OLIVEIRA-DE-ANDRADE.jpg\",\"datePublished\":\"2020-05-02T03:16:03+00:00\",\"dateModified\":\"2024-06-18T19:23:08+00:00\",\"breadcrumb\":{\"@id\":\"https:\/\/www.musculoesqueleticousp.com.br\/pesquisas\/orientadores\/danieli-castro-oliveira-de-andrade\/#breadcrumb\"},\"inLanguage\":\"es\",\"potentialAction\":[{\"@type\":\"ReadAction\",\"target\":[\"https:\/\/www.musculoesqueleticousp.com.br\/pesquisas\/orientadores\/danieli-castro-oliveira-de-andrade\/\"]}]},{\"@type\":\"ImageObject\",\"inLanguage\":\"es\",\"@id\":\"https:\/\/www.musculoesqueleticousp.com.br\/pesquisas\/orientadores\/danieli-castro-oliveira-de-andrade\/#primaryimage\",\"url\":\"http:\/\/www.musculoesqueleticousp.com.br\/wp-content\/uploads\/2020\/05\/ed_FOTO_DANIELI-CASTRO-OLIVEIRA-DE-ANDRADE.jpg\",\"contentUrl\":\"http:\/\/www.musculoesqueleticousp.com.br\/wp-content\/uploads\/2020\/05\/ed_FOTO_DANIELI-CASTRO-OLIVEIRA-DE-ANDRADE.jpg\"},{\"@type\":\"BreadcrumbList\",\"@id\":\"https:\/\/www.musculoesqueleticousp.com.br\/pesquisas\/orientadores\/danieli-castro-oliveira-de-andrade\/#breadcrumb\",\"itemListElement\":[{\"@type\":\"ListItem\",\"position\":1,\"name\":\"Home\",\"item\":\"https:\/\/www.musculoesqueleticousp.com.br\/en\/\"},{\"@type\":\"ListItem\",\"position\":2,\"name\":\"Research\",\"item\":\"https:\/\/www.musculoesqueleticousp.com.br\/en\/pesquisas\/\"},{\"@type\":\"ListItem\",\"position\":3,\"name\":\"Orientadores\",\"item\":\"https:\/\/www.musculoesqueleticousp.com.br\/pesquisas\/orientadores\/\"},{\"@type\":\"ListItem\",\"position\":4,\"name\":\"Danieli Castro Oliveira de Andrade\"}]},{\"@type\":\"WebSite\",\"@id\":\"https:\/\/www.musculoesqueleticousp.com.br\/en\/#website\",\"url\":\"https:\/\/www.musculoesqueleticousp.com.br\/en\/\",\"name\":\"P\u00f3s-Gradua\u00e7\u00e3o em Ci\u00eancias do Sistema Musculoesquel\u00e9tico\",\"description\":\"Website do P\u00f3s-Gradua\u00e7\u00e3o em Ci\u00eancias do Sistema Musculoesquel\u00e9tico\",\"publisher\":{\"@id\":\"https:\/\/www.musculoesqueleticousp.com.br\/en\/#organization\"},\"potentialAction\":[{\"@type\":\"SearchAction\",\"target\":{\"@type\":\"EntryPoint\",\"urlTemplate\":\"https:\/\/www.musculoesqueleticousp.com.br\/en\/?s={search_term_string}\"},\"query-input\":{\"@type\":\"PropertyValueSpecification\",\"valueRequired\":true,\"valueName\":\"search_term_string\"}}],\"inLanguage\":\"es\"},{\"@type\":\"Organization\",\"@id\":\"https:\/\/www.musculoesqueleticousp.com.br\/en\/#organization\",\"name\":\"P\u00f3s-Gradua\u00e7\u00e3o em Ci\u00eancias do Sistema Musculoesquel\u00e9tico\",\"url\":\"https:\/\/www.musculoesqueleticousp.com.br\/en\/\",\"logo\":{\"@type\":\"ImageObject\",\"inLanguage\":\"es\",\"@id\":\"https:\/\/www.musculoesqueleticousp.com.br\/en\/#\/schema\/logo\/image\/\",\"url\":\"https:\/\/www.musculoesqueleticousp.com.br\/wp-content\/uploads\/2020\/04\/logo_pg_cme_v3_h120.png\",\"contentUrl\":\"https:\/\/www.musculoesqueleticousp.com.br\/wp-content\/uploads\/2020\/04\/logo_pg_cme_v3_h120.png\",\"width\":481,\"height\":120,\"caption\":\"P\u00f3s-Gradua\u00e7\u00e3o em Ci\u00eancias do Sistema Musculoesquel\u00e9tico\"},\"image\":{\"@id\":\"https:\/\/www.musculoesqueleticousp.com.br\/en\/#\/schema\/logo\/image\/\"}}]}<\/script>\n<!-- \/ Yoast SEO plugin. -->","yoast_head_json":{"title":"Danieli Castro Oliveira de Andrade - P\u00f3s-Gradua\u00e7\u00e3o em Ci\u00eancias do Sistema Musculoesquel\u00e9tico","robots":{"index":"index","follow":"follow","max-snippet":"max-snippet:-1","max-image-preview":"max-image-preview:large","max-video-preview":"max-video-preview:-1"},"canonical":"https:\/\/www.musculoesqueleticousp.com.br\/pesquisas\/orientadores\/danieli-castro-oliveira-de-andrade\/","og_locale":"es_ES","og_type":"article","og_title":"Danieli Castro Oliveira de Andrade - P\u00f3s-Gradua\u00e7\u00e3o em Ci\u00eancias do Sistema Musculoesquel\u00e9tico","og_description":"T\u00edtulo: Libre Docente E-mail: danieli.andrade@hc.fm.usp.br Lattes: http:\/\/lattes.cnpq.br\/6418366977320716 Orcid:\u00a0ID\u00a0 0000-0002-0381-1808 &#8211; https:\/\/orcid.org\/0000-0002-0381-1808 Scopus: ID 26421588500 &#8211; https:\/\/www.scopus.com\/authid\/detail.uri?authorId=26421588500 Google scholar: ID\u00a0 AqYRrvQAAAAJ &#8211;\u00a0 https:\/\/scholar.google.com.br\/citations?user=AqYRrvQAAAAJ&amp;hl=pt-BR&amp;oi=ao https:\/\/scholar.google.com.br\/citations?user=AqYRrvQAAAAJ&amp;hl=pt-BR&amp;oi=ao Research ID: W-9192-2019 [&hellip;]","og_url":"https:\/\/www.musculoesqueleticousp.com.br\/pesquisas\/orientadores\/danieli-castro-oliveira-de-andrade\/","og_site_name":"P\u00f3s-Gradua\u00e7\u00e3o em Ci\u00eancias do Sistema Musculoesquel\u00e9tico","article_modified_time":"2024-06-18T19:23:08+00:00","og_image":[{"url":"http:\/\/www.musculoesqueleticousp.com.br\/wp-content\/uploads\/2020\/05\/ed_FOTO_DANIELI-CASTRO-OLIVEIRA-DE-ANDRADE.jpg","type":"","width":"","height":""}],"twitter_card":"summary_large_image","twitter_misc":{"Tiempo de lectura":"6 minutos"},"schema":{"@context":"https:\/\/schema.org","@graph":[{"@type":"WebPage","@id":"https:\/\/www.musculoesqueleticousp.com.br\/pesquisas\/orientadores\/danieli-castro-oliveira-de-andrade\/","url":"https:\/\/www.musculoesqueleticousp.com.br\/pesquisas\/orientadores\/danieli-castro-oliveira-de-andrade\/","name":"Danieli Castro Oliveira de Andrade - P\u00f3s-Gradua\u00e7\u00e3o em Ci\u00eancias do Sistema Musculoesquel\u00e9tico","isPartOf":{"@id":"https:\/\/www.musculoesqueleticousp.com.br\/en\/#website"},"primaryImageOfPage":{"@id":"https:\/\/www.musculoesqueleticousp.com.br\/pesquisas\/orientadores\/danieli-castro-oliveira-de-andrade\/#primaryimage"},"image":{"@id":"https:\/\/www.musculoesqueleticousp.com.br\/pesquisas\/orientadores\/danieli-castro-oliveira-de-andrade\/#primaryimage"},"thumbnailUrl":"http:\/\/www.musculoesqueleticousp.com.br\/wp-content\/uploads\/2020\/05\/ed_FOTO_DANIELI-CASTRO-OLIVEIRA-DE-ANDRADE.jpg","datePublished":"2020-05-02T03:16:03+00:00","dateModified":"2024-06-18T19:23:08+00:00","breadcrumb":{"@id":"https:\/\/www.musculoesqueleticousp.com.br\/pesquisas\/orientadores\/danieli-castro-oliveira-de-andrade\/#breadcrumb"},"inLanguage":"es","potentialAction":[{"@type":"ReadAction","target":["https:\/\/www.musculoesqueleticousp.com.br\/pesquisas\/orientadores\/danieli-castro-oliveira-de-andrade\/"]}]},{"@type":"ImageObject","inLanguage":"es","@id":"https:\/\/www.musculoesqueleticousp.com.br\/pesquisas\/orientadores\/danieli-castro-oliveira-de-andrade\/#primaryimage","url":"http:\/\/www.musculoesqueleticousp.com.br\/wp-content\/uploads\/2020\/05\/ed_FOTO_DANIELI-CASTRO-OLIVEIRA-DE-ANDRADE.jpg","contentUrl":"http:\/\/www.musculoesqueleticousp.com.br\/wp-content\/uploads\/2020\/05\/ed_FOTO_DANIELI-CASTRO-OLIVEIRA-DE-ANDRADE.jpg"},{"@type":"BreadcrumbList","@id":"https:\/\/www.musculoesqueleticousp.com.br\/pesquisas\/orientadores\/danieli-castro-oliveira-de-andrade\/#breadcrumb","itemListElement":[{"@type":"ListItem","position":1,"name":"Home","item":"https:\/\/www.musculoesqueleticousp.com.br\/en\/"},{"@type":"ListItem","position":2,"name":"Research","item":"https:\/\/www.musculoesqueleticousp.com.br\/en\/pesquisas\/"},{"@type":"ListItem","position":3,"name":"Orientadores","item":"https:\/\/www.musculoesqueleticousp.com.br\/pesquisas\/orientadores\/"},{"@type":"ListItem","position":4,"name":"Danieli Castro Oliveira de Andrade"}]},{"@type":"WebSite","@id":"https:\/\/www.musculoesqueleticousp.com.br\/en\/#website","url":"https:\/\/www.musculoesqueleticousp.com.br\/en\/","name":"P\u00f3s-Gradua\u00e7\u00e3o em Ci\u00eancias do Sistema Musculoesquel\u00e9tico","description":"Website do P\u00f3s-Gradua\u00e7\u00e3o em Ci\u00eancias do Sistema Musculoesquel\u00e9tico","publisher":{"@id":"https:\/\/www.musculoesqueleticousp.com.br\/en\/#organization"},"potentialAction":[{"@type":"SearchAction","target":{"@type":"EntryPoint","urlTemplate":"https:\/\/www.musculoesqueleticousp.com.br\/en\/?s={search_term_string}"},"query-input":{"@type":"PropertyValueSpecification","valueRequired":true,"valueName":"search_term_string"}}],"inLanguage":"es"},{"@type":"Organization","@id":"https:\/\/www.musculoesqueleticousp.com.br\/en\/#organization","name":"P\u00f3s-Gradua\u00e7\u00e3o em Ci\u00eancias do Sistema Musculoesquel\u00e9tico","url":"https:\/\/www.musculoesqueleticousp.com.br\/en\/","logo":{"@type":"ImageObject","inLanguage":"es","@id":"https:\/\/www.musculoesqueleticousp.com.br\/en\/#\/schema\/logo\/image\/","url":"https:\/\/www.musculoesqueleticousp.com.br\/wp-content\/uploads\/2020\/04\/logo_pg_cme_v3_h120.png","contentUrl":"https:\/\/www.musculoesqueleticousp.com.br\/wp-content\/uploads\/2020\/04\/logo_pg_cme_v3_h120.png","width":481,"height":120,"caption":"P\u00f3s-Gradua\u00e7\u00e3o em Ci\u00eancias do Sistema Musculoesquel\u00e9tico"},"image":{"@id":"https:\/\/www.musculoesqueleticousp.com.br\/en\/#\/schema\/logo\/image\/"}}]}},"_links":{"self":[{"href":"https:\/\/www.musculoesqueleticousp.com.br\/es\/wp-json\/wp\/v2\/pages\/576","targetHints":{"allow":["GET"]}}],"collection":[{"href":"https:\/\/www.musculoesqueleticousp.com.br\/es\/wp-json\/wp\/v2\/pages"}],"about":[{"href":"https:\/\/www.musculoesqueleticousp.com.br\/es\/wp-json\/wp\/v2\/types\/page"}],"author":[{"embeddable":true,"href":"https:\/\/www.musculoesqueleticousp.com.br\/es\/wp-json\/wp\/v2\/users\/1"}],"replies":[{"embeddable":true,"href":"https:\/\/www.musculoesqueleticousp.com.br\/es\/wp-json\/wp\/v2\/comments?post=576"}],"version-history":[{"count":11,"href":"https:\/\/www.musculoesqueleticousp.com.br\/es\/wp-json\/wp\/v2\/pages\/576\/revisions"}],"predecessor-version":[{"id":2834,"href":"https:\/\/www.musculoesqueleticousp.com.br\/es\/wp-json\/wp\/v2\/pages\/576\/revisions\/2834"}],"up":[{"embeddable":true,"href":"https:\/\/www.musculoesqueleticousp.com.br\/es\/wp-json\/wp\/v2\/pages\/25"}],"wp:attachment":[{"href":"https:\/\/www.musculoesqueleticousp.com.br\/es\/wp-json\/wp\/v2\/media?parent=576"}],"curies":[{"name":"wp","href":"https:\/\/api.w.org\/{rel}","templated":true}]}}