{"id":572,"date":"2020-05-02T00:13:55","date_gmt":"2020-05-02T03:13:55","guid":{"rendered":"http:\/\/www.musculoesqueleticousp.com.br\/?page_id=572"},"modified":"2024-07-30T22:32:58","modified_gmt":"2024-07-31T01:32:58","slug":"camilo-partezani-helito","status":"publish","type":"page","link":"https:\/\/www.musculoesqueleticousp.com.br\/es\/pesquisas\/orientadores\/camilo-partezani-helito\/","title":{"rendered":"Camilo Partezani Helito"},"content":{"rendered":"<p><strong><img loading=\"lazy\" decoding=\"async\" class=\"alignleft size-full wp-image-573\" src=\"http:\/\/www.musculoesqueleticousp.com.br\/wp-content\/uploads\/2020\/05\/ed_FOTO_CAMILO-PARTEZANI-HELITO.jpg\" alt=\"\" width=\"169\" height=\"225\" srcset=\"https:\/\/www.musculoesqueleticousp.com.br\/wp-content\/uploads\/2020\/05\/ed_FOTO_CAMILO-PARTEZANI-HELITO.jpg 169w, https:\/\/www.musculoesqueleticousp.com.br\/wp-content\/uploads\/2020\/05\/ed_FOTO_CAMILO-PARTEZANI-HELITO-110x146.jpg 110w, https:\/\/www.musculoesqueleticousp.com.br\/wp-content\/uploads\/2020\/05\/ed_FOTO_CAMILO-PARTEZANI-HELITO-38x50.jpg 38w, https:\/\/www.musculoesqueleticousp.com.br\/wp-content\/uploads\/2020\/05\/ed_FOTO_CAMILO-PARTEZANI-HELITO-56x75.jpg 56w\" sizes=\"auto, (max-width: 169px) 100vw, 169px\" \/><\/strong><strong>T\u00edtulo:<\/strong> Libre Docente<br \/>\n<strong>E-mail: <\/strong><a href=\"mailto:camilo_helito@yahoo.com.br\">camilo_helito@yahoo.com.br<\/a><br \/>\n<strong>Lattes: <\/strong><a href=\"http:\/\/lattes.cnpq.br\/0585779367436024\" target=\"_blank\" rel=\"noopener noreferrer\">http:\/\/lattes.cnpq.br\/0585779367436024<\/a><br \/>\n<strong>Orcid<\/strong>: ID 0000-0003-1139-2524 &#8211; <a href=\"https:\/\/orcid.org\/0000-0003-1139-2524\">https:\/\/orcid.org\/0000-0003-1139-2524<\/a><br \/>\n<strong>Scopus<\/strong>: ID\u00a0 35788071100 &#8211; <a href=\"https:\/\/www.scopus.com\/authid\/detail.uri?authorId=35788071100\">https:\/\/www.scopus.com\/authid\/detail.uri?authorId=35788071100<\/a><br \/>\n<strong>Google scholar<\/strong>: ID HN-7s4UAAAAJ &#8211; <a href=\"https:\/\/scholar.google.com.br\/citations?user=HN-7s4UAAAAJ&amp;hl=pt-BR&amp;oi=ao\">https:\/\/scholar.google.com.br\/citations?user=HN-7s4UAAAAJ&amp;hl=pt-BR&amp;oi=ao<\/a><br \/>\n<strong>Research ID<\/strong>:\u00a0 X-3880-2019 &#8211; <a href=\"https:\/\/publons.com\/researcher\/3095756\/camilo-partezani-helito\/\">https:\/\/publons.com\/researcher\/3095756\/camilo-partezani-helito\/<\/a><\/p>\n<h2><strong>L\u00ednea de investigaci\u00f3n:<\/strong><\/h2>\n<p>Inestabilidad ligamentaria de la rodilla<\/p>\n<h2>Resumem<\/h2>\n<p>La l\u00ednea de investigaci\u00f3n principal de mi actuaci\u00f3n como orientador del programa de postgrado es la inestabilidad ligamentaria de la rodilla, principalmente relacionada al ligamento cruzado anterior (LCA) y a los restrictores secundarios (ligamento anterolateral, meniscos) de la inestabilidad anterior y anterolateral de la rodilla. En el momento, tenemos alumnos realizando investigaciones referentes al posicionamiento de t\u00faneles tibiales y preservaci\u00f3n del remaneciente del LCA, influencia de hiperlaxitud ligamentaria e hiperextensi\u00f3n de la rodilla en los resultados cl\u00ednicos de la reconstrucci\u00f3n del LCA y papel de la lesi\u00f3n preoperatoria del ligamento anterolateral en los resultados cl\u00ednicos post-reconstrucci\u00f3n del LCA. Desde 2013 he realizado investigaciones acerca de ese tema con diversas publicaciones internacionales que hoy ya presentan gran n\u00famero de citaciones.<\/p>\n<h2>Art\u00edculos relevantes:<\/h2>\n<ol>\n<li><b>Helito CP<\/b>, da Silva AGM, Gobbi RG, P\u00e9cora JR. Recovery of Full Hyperextension after ACL Reconstruction Is Associated with Better Functional Outcomes but Greater ACL-Related Laxity after a minimum of 24 months follow up. Arthroscopy. 2024 Jun 27:S0749-8063(24)00450-X. doi: 10.1016\/j.arthro.2024.06.015.<\/li>\n<li><b>Helito CP<\/b>, da Silva AGM, Sobrado MF, Guimar\u00e3es TM, Gobbi RG, P\u00e9cora JR. Patients With More Than 6.5\u00b0 of Knee Hyperextension are 14.6 Times More Likely to Have Anterior Cruciate Ligament Hamstring Graft Rupture and Worse Knee Stability and Functional Outcomes. Arthroscopy. 2024 Mar;40(3):898-907. doi: 10.1016\/j.arthro.2023.07.057. 4.<\/li>\n<li><b>Helito CP<\/b>, da Silva AGM, Sobrado MF, Guimar\u00e3es TM, Gobbi RG, P\u00e9cora JR. Small Hamstring Tendon Graft for Anterior Cruciate Ligament Reconstruction Combined With Anterolateral Ligament Reconstruction Results in the Same Failure Rate as Larger Hamstring Tendon Graft Reconstruction Alone. Arthroscopy. 2023 Jul;39(7):1671-1679. doi: 10.1016\/j.arthro.2023.01.101. Epub 2023 Feb 10. PMID: 36774971.<\/li>\n<li><b>Helito CP<\/b>, Sobrado MF, Moreira da Silva AG, Castro de P\u00e1dua VB, Guimar\u00e3es TM, Bonadio MB, P\u00e9cora JR, Gobbi RG, Camanho GL. The Addition of Either an Anterolateral Ligament Reconstruction or an Iliotibial Band Tenodesis Is Associated With a Lower Failure Rate After Revision Anterior Cruciate Ligament Reconstruction: A\u00a0Retrospective Comparative Trial. Arthroscopy. 2023 Feb;39(2):308-319. doi: 10.1016\/j.arthro.2022.06.039.<\/li>\n<li><b>Helito CP<\/b>, Sobrado MF, Giglio PN, Bonadio MB, P\u00e9cora JR, Gobbi RG, Camanho GL. Surgical Timing Does Not Interfere on Clinical Outcomes in Combined Reconstruction of the Anterior Cruciate Ligament and Anterolateral Ligament: A Comparative Study With Minimum 2-Year Follow-Up. Arthroscopy. 2021 Jun;37(6):1909-1917. doi: 10.1016\/j.arthro.2021.01.045.<\/li>\n<\/ol>\n<h2><strong>PROJETOS ORIENTADOR\/ LINHA<\/strong><\/h2>\n<p><strong>Linha 2. DESENVOLVIMENTO DE ENSAIOS E MODELOS PARA SUBSTITUI\u00c7\u00c3O ARTICULAR E INSTABILIDADE ARTICULARES<br \/>\n<\/strong><strong>PROJETO CAMILO HELITO:<\/strong> ESTUDO DAS LES\u00d5ES LIGAMENTARES, TEND\u00cdNEAS E MENISCAIS<br \/>\n<strong>Linha 3. DIST\u00daRBIOS DEGENERATIVOS, INFLAMAT\u00d3RIOS E ESTRUTURAIS DO SISTEMA LOCOMOTOR<br \/>\n<\/strong><strong>PROJETO CAMILO HELITO:<\/strong> ESTUDO DAS ALTERA\u00c7\u00d5ES DEGENERATIVAS ARTICULARES<\/p>","protected":false},"excerpt":{"rendered":"<p>T\u00edtulo: Libre Docente E-mail: camilo_helito@yahoo.com.br Lattes: http:\/\/lattes.cnpq.br\/0585779367436024 Orcid: ID 0000-0003-1139-2524 &#8211; https:\/\/orcid.org\/0000-0003-1139-2524 Scopus: ID\u00a0 35788071100 &#8211; https:\/\/www.scopus.com\/authid\/detail.uri?authorId=35788071100 Google scholar: ID HN-7s4UAAAAJ &#8211; https:\/\/scholar.google.com.br\/citations?user=HN-7s4UAAAAJ&amp;hl=pt-BR&amp;oi=ao Research ID:\u00a0 X-3880-2019 [&hellip;]<\/p>\n","protected":false},"author":1,"featured_media":0,"parent":25,"menu_order":0,"comment_status":"closed","ping_status":"closed","template":"","meta":{"footnotes":""},"class_list":["post-572","page","type-page","status-publish","hentry"],"yoast_head":"<!-- This site is optimized with the Yoast SEO plugin v25.5 - https:\/\/yoast.com\/wordpress\/plugins\/seo\/ -->\n<title>Camilo Partezani Helito - P\u00f3s-Gradua\u00e7\u00e3o em Ci\u00eancias do Sistema Musculoesquel\u00e9tico<\/title>\n<meta name=\"robots\" content=\"index, follow, max-snippet:-1, max-image-preview:large, max-video-preview:-1\" \/>\n<link rel=\"canonical\" href=\"https:\/\/www.musculoesqueleticousp.com.br\/pesquisas\/orientadores\/camilo-partezani-helito\/\" \/>\n<meta property=\"og:locale\" content=\"es_ES\" \/>\n<meta property=\"og:type\" content=\"article\" \/>\n<meta property=\"og:title\" content=\"Camilo Partezani Helito - P\u00f3s-Gradua\u00e7\u00e3o em Ci\u00eancias do Sistema Musculoesquel\u00e9tico\" \/>\n<meta property=\"og:description\" content=\"T\u00edtulo: Libre Docente E-mail: camilo_helito@yahoo.com.br Lattes: http:\/\/lattes.cnpq.br\/0585779367436024 Orcid: ID 0000-0003-1139-2524 &#8211; https:\/\/orcid.org\/0000-0003-1139-2524 Scopus: ID\u00a0 35788071100 &#8211; https:\/\/www.scopus.com\/authid\/detail.uri?authorId=35788071100 Google scholar: ID HN-7s4UAAAAJ &#8211; https:\/\/scholar.google.com.br\/citations?user=HN-7s4UAAAAJ&amp;hl=pt-BR&amp;oi=ao Research ID:\u00a0 X-3880-2019 [&hellip;]\" \/>\n<meta property=\"og:url\" content=\"https:\/\/www.musculoesqueleticousp.com.br\/pesquisas\/orientadores\/camilo-partezani-helito\/\" \/>\n<meta property=\"og:site_name\" content=\"P\u00f3s-Gradua\u00e7\u00e3o em Ci\u00eancias do Sistema Musculoesquel\u00e9tico\" \/>\n<meta property=\"article:modified_time\" content=\"2024-07-31T01:32:58+00:00\" \/>\n<meta property=\"og:image\" content=\"http:\/\/www.musculoesqueleticousp.com.br\/wp-content\/uploads\/2020\/05\/ed_FOTO_CAMILO-PARTEZANI-HELITO.jpg\" \/>\n<meta name=\"twitter:card\" content=\"summary_large_image\" \/>\n<meta name=\"twitter:label1\" content=\"Tiempo de lectura\" \/>\n\t<meta name=\"twitter:data1\" content=\"8 minutos\" \/>\n<script type=\"application\/ld+json\" class=\"yoast-schema-graph\">{\"@context\":\"https:\/\/schema.org\",\"@graph\":[{\"@type\":\"WebPage\",\"@id\":\"https:\/\/www.musculoesqueleticousp.com.br\/pesquisas\/orientadores\/camilo-partezani-helito\/\",\"url\":\"https:\/\/www.musculoesqueleticousp.com.br\/pesquisas\/orientadores\/camilo-partezani-helito\/\",\"name\":\"Camilo Partezani Helito - P\u00f3s-Gradua\u00e7\u00e3o em Ci\u00eancias do Sistema Musculoesquel\u00e9tico\",\"isPartOf\":{\"@id\":\"https:\/\/www.musculoesqueleticousp.com.br\/en\/#website\"},\"primaryImageOfPage\":{\"@id\":\"https:\/\/www.musculoesqueleticousp.com.br\/pesquisas\/orientadores\/camilo-partezani-helito\/#primaryimage\"},\"image\":{\"@id\":\"https:\/\/www.musculoesqueleticousp.com.br\/pesquisas\/orientadores\/camilo-partezani-helito\/#primaryimage\"},\"thumbnailUrl\":\"http:\/\/www.musculoesqueleticousp.com.br\/wp-content\/uploads\/2020\/05\/ed_FOTO_CAMILO-PARTEZANI-HELITO.jpg\",\"datePublished\":\"2020-05-02T03:13:55+00:00\",\"dateModified\":\"2024-07-31T01:32:58+00:00\",\"breadcrumb\":{\"@id\":\"https:\/\/www.musculoesqueleticousp.com.br\/pesquisas\/orientadores\/camilo-partezani-helito\/#breadcrumb\"},\"inLanguage\":\"es\",\"potentialAction\":[{\"@type\":\"ReadAction\",\"target\":[\"https:\/\/www.musculoesqueleticousp.com.br\/pesquisas\/orientadores\/camilo-partezani-helito\/\"]}]},{\"@type\":\"ImageObject\",\"inLanguage\":\"es\",\"@id\":\"https:\/\/www.musculoesqueleticousp.com.br\/pesquisas\/orientadores\/camilo-partezani-helito\/#primaryimage\",\"url\":\"http:\/\/www.musculoesqueleticousp.com.br\/wp-content\/uploads\/2020\/05\/ed_FOTO_CAMILO-PARTEZANI-HELITO.jpg\",\"contentUrl\":\"http:\/\/www.musculoesqueleticousp.com.br\/wp-content\/uploads\/2020\/05\/ed_FOTO_CAMILO-PARTEZANI-HELITO.jpg\"},{\"@type\":\"BreadcrumbList\",\"@id\":\"https:\/\/www.musculoesqueleticousp.com.br\/pesquisas\/orientadores\/camilo-partezani-helito\/#breadcrumb\",\"itemListElement\":[{\"@type\":\"ListItem\",\"position\":1,\"name\":\"Home\",\"item\":\"https:\/\/www.musculoesqueleticousp.com.br\/en\/\"},{\"@type\":\"ListItem\",\"position\":2,\"name\":\"Research\",\"item\":\"https:\/\/www.musculoesqueleticousp.com.br\/en\/pesquisas\/\"},{\"@type\":\"ListItem\",\"position\":3,\"name\":\"Orientadores\",\"item\":\"https:\/\/www.musculoesqueleticousp.com.br\/pesquisas\/orientadores\/\"},{\"@type\":\"ListItem\",\"position\":4,\"name\":\"Camilo Partezani Helito\"}]},{\"@type\":\"WebSite\",\"@id\":\"https:\/\/www.musculoesqueleticousp.com.br\/en\/#website\",\"url\":\"https:\/\/www.musculoesqueleticousp.com.br\/en\/\",\"name\":\"P\u00f3s-Gradua\u00e7\u00e3o em Ci\u00eancias do Sistema Musculoesquel\u00e9tico\",\"description\":\"Website do P\u00f3s-Gradua\u00e7\u00e3o em Ci\u00eancias do Sistema Musculoesquel\u00e9tico\",\"publisher\":{\"@id\":\"https:\/\/www.musculoesqueleticousp.com.br\/en\/#organization\"},\"potentialAction\":[{\"@type\":\"SearchAction\",\"target\":{\"@type\":\"EntryPoint\",\"urlTemplate\":\"https:\/\/www.musculoesqueleticousp.com.br\/en\/?s={search_term_string}\"},\"query-input\":{\"@type\":\"PropertyValueSpecification\",\"valueRequired\":true,\"valueName\":\"search_term_string\"}}],\"inLanguage\":\"es\"},{\"@type\":\"Organization\",\"@id\":\"https:\/\/www.musculoesqueleticousp.com.br\/en\/#organization\",\"name\":\"P\u00f3s-Gradua\u00e7\u00e3o em Ci\u00eancias do Sistema Musculoesquel\u00e9tico\",\"url\":\"https:\/\/www.musculoesqueleticousp.com.br\/en\/\",\"logo\":{\"@type\":\"ImageObject\",\"inLanguage\":\"es\",\"@id\":\"https:\/\/www.musculoesqueleticousp.com.br\/en\/#\/schema\/logo\/image\/\",\"url\":\"https:\/\/www.musculoesqueleticousp.com.br\/wp-content\/uploads\/2020\/04\/logo_pg_cme_v3_h120.png\",\"contentUrl\":\"https:\/\/www.musculoesqueleticousp.com.br\/wp-content\/uploads\/2020\/04\/logo_pg_cme_v3_h120.png\",\"width\":481,\"height\":120,\"caption\":\"P\u00f3s-Gradua\u00e7\u00e3o em Ci\u00eancias do Sistema Musculoesquel\u00e9tico\"},\"image\":{\"@id\":\"https:\/\/www.musculoesqueleticousp.com.br\/en\/#\/schema\/logo\/image\/\"}}]}<\/script>\n<!-- \/ Yoast SEO plugin. -->","yoast_head_json":{"title":"Camilo Partezani Helito - P\u00f3s-Gradua\u00e7\u00e3o em Ci\u00eancias do Sistema Musculoesquel\u00e9tico","robots":{"index":"index","follow":"follow","max-snippet":"max-snippet:-1","max-image-preview":"max-image-preview:large","max-video-preview":"max-video-preview:-1"},"canonical":"https:\/\/www.musculoesqueleticousp.com.br\/pesquisas\/orientadores\/camilo-partezani-helito\/","og_locale":"es_ES","og_type":"article","og_title":"Camilo Partezani Helito - P\u00f3s-Gradua\u00e7\u00e3o em Ci\u00eancias do Sistema Musculoesquel\u00e9tico","og_description":"T\u00edtulo: Libre Docente E-mail: camilo_helito@yahoo.com.br Lattes: http:\/\/lattes.cnpq.br\/0585779367436024 Orcid: ID 0000-0003-1139-2524 &#8211; https:\/\/orcid.org\/0000-0003-1139-2524 Scopus: ID\u00a0 35788071100 &#8211; https:\/\/www.scopus.com\/authid\/detail.uri?authorId=35788071100 Google scholar: ID HN-7s4UAAAAJ &#8211; https:\/\/scholar.google.com.br\/citations?user=HN-7s4UAAAAJ&amp;hl=pt-BR&amp;oi=ao Research ID:\u00a0 X-3880-2019 [&hellip;]","og_url":"https:\/\/www.musculoesqueleticousp.com.br\/pesquisas\/orientadores\/camilo-partezani-helito\/","og_site_name":"P\u00f3s-Gradua\u00e7\u00e3o em Ci\u00eancias do Sistema Musculoesquel\u00e9tico","article_modified_time":"2024-07-31T01:32:58+00:00","og_image":[{"url":"http:\/\/www.musculoesqueleticousp.com.br\/wp-content\/uploads\/2020\/05\/ed_FOTO_CAMILO-PARTEZANI-HELITO.jpg","type":"","width":"","height":""}],"twitter_card":"summary_large_image","twitter_misc":{"Tiempo de lectura":"8 minutos"},"schema":{"@context":"https:\/\/schema.org","@graph":[{"@type":"WebPage","@id":"https:\/\/www.musculoesqueleticousp.com.br\/pesquisas\/orientadores\/camilo-partezani-helito\/","url":"https:\/\/www.musculoesqueleticousp.com.br\/pesquisas\/orientadores\/camilo-partezani-helito\/","name":"Camilo Partezani Helito - P\u00f3s-Gradua\u00e7\u00e3o em Ci\u00eancias do Sistema Musculoesquel\u00e9tico","isPartOf":{"@id":"https:\/\/www.musculoesqueleticousp.com.br\/en\/#website"},"primaryImageOfPage":{"@id":"https:\/\/www.musculoesqueleticousp.com.br\/pesquisas\/orientadores\/camilo-partezani-helito\/#primaryimage"},"image":{"@id":"https:\/\/www.musculoesqueleticousp.com.br\/pesquisas\/orientadores\/camilo-partezani-helito\/#primaryimage"},"thumbnailUrl":"http:\/\/www.musculoesqueleticousp.com.br\/wp-content\/uploads\/2020\/05\/ed_FOTO_CAMILO-PARTEZANI-HELITO.jpg","datePublished":"2020-05-02T03:13:55+00:00","dateModified":"2024-07-31T01:32:58+00:00","breadcrumb":{"@id":"https:\/\/www.musculoesqueleticousp.com.br\/pesquisas\/orientadores\/camilo-partezani-helito\/#breadcrumb"},"inLanguage":"es","potentialAction":[{"@type":"ReadAction","target":["https:\/\/www.musculoesqueleticousp.com.br\/pesquisas\/orientadores\/camilo-partezani-helito\/"]}]},{"@type":"ImageObject","inLanguage":"es","@id":"https:\/\/www.musculoesqueleticousp.com.br\/pesquisas\/orientadores\/camilo-partezani-helito\/#primaryimage","url":"http:\/\/www.musculoesqueleticousp.com.br\/wp-content\/uploads\/2020\/05\/ed_FOTO_CAMILO-PARTEZANI-HELITO.jpg","contentUrl":"http:\/\/www.musculoesqueleticousp.com.br\/wp-content\/uploads\/2020\/05\/ed_FOTO_CAMILO-PARTEZANI-HELITO.jpg"},{"@type":"BreadcrumbList","@id":"https:\/\/www.musculoesqueleticousp.com.br\/pesquisas\/orientadores\/camilo-partezani-helito\/#breadcrumb","itemListElement":[{"@type":"ListItem","position":1,"name":"Home","item":"https:\/\/www.musculoesqueleticousp.com.br\/en\/"},{"@type":"ListItem","position":2,"name":"Research","item":"https:\/\/www.musculoesqueleticousp.com.br\/en\/pesquisas\/"},{"@type":"ListItem","position":3,"name":"Orientadores","item":"https:\/\/www.musculoesqueleticousp.com.br\/pesquisas\/orientadores\/"},{"@type":"ListItem","position":4,"name":"Camilo Partezani Helito"}]},{"@type":"WebSite","@id":"https:\/\/www.musculoesqueleticousp.com.br\/en\/#website","url":"https:\/\/www.musculoesqueleticousp.com.br\/en\/","name":"P\u00f3s-Gradua\u00e7\u00e3o em Ci\u00eancias do Sistema Musculoesquel\u00e9tico","description":"Website do P\u00f3s-Gradua\u00e7\u00e3o em Ci\u00eancias do Sistema Musculoesquel\u00e9tico","publisher":{"@id":"https:\/\/www.musculoesqueleticousp.com.br\/en\/#organization"},"potentialAction":[{"@type":"SearchAction","target":{"@type":"EntryPoint","urlTemplate":"https:\/\/www.musculoesqueleticousp.com.br\/en\/?s={search_term_string}"},"query-input":{"@type":"PropertyValueSpecification","valueRequired":true,"valueName":"search_term_string"}}],"inLanguage":"es"},{"@type":"Organization","@id":"https:\/\/www.musculoesqueleticousp.com.br\/en\/#organization","name":"P\u00f3s-Gradua\u00e7\u00e3o em Ci\u00eancias do Sistema Musculoesquel\u00e9tico","url":"https:\/\/www.musculoesqueleticousp.com.br\/en\/","logo":{"@type":"ImageObject","inLanguage":"es","@id":"https:\/\/www.musculoesqueleticousp.com.br\/en\/#\/schema\/logo\/image\/","url":"https:\/\/www.musculoesqueleticousp.com.br\/wp-content\/uploads\/2020\/04\/logo_pg_cme_v3_h120.png","contentUrl":"https:\/\/www.musculoesqueleticousp.com.br\/wp-content\/uploads\/2020\/04\/logo_pg_cme_v3_h120.png","width":481,"height":120,"caption":"P\u00f3s-Gradua\u00e7\u00e3o em Ci\u00eancias do Sistema Musculoesquel\u00e9tico"},"image":{"@id":"https:\/\/www.musculoesqueleticousp.com.br\/en\/#\/schema\/logo\/image\/"}}]}},"_links":{"self":[{"href":"https:\/\/www.musculoesqueleticousp.com.br\/es\/wp-json\/wp\/v2\/pages\/572","targetHints":{"allow":["GET"]}}],"collection":[{"href":"https:\/\/www.musculoesqueleticousp.com.br\/es\/wp-json\/wp\/v2\/pages"}],"about":[{"href":"https:\/\/www.musculoesqueleticousp.com.br\/es\/wp-json\/wp\/v2\/types\/page"}],"author":[{"embeddable":true,"href":"https:\/\/www.musculoesqueleticousp.com.br\/es\/wp-json\/wp\/v2\/users\/1"}],"replies":[{"embeddable":true,"href":"https:\/\/www.musculoesqueleticousp.com.br\/es\/wp-json\/wp\/v2\/comments?post=572"}],"version-history":[{"count":13,"href":"https:\/\/www.musculoesqueleticousp.com.br\/es\/wp-json\/wp\/v2\/pages\/572\/revisions"}],"predecessor-version":[{"id":3034,"href":"https:\/\/www.musculoesqueleticousp.com.br\/es\/wp-json\/wp\/v2\/pages\/572\/revisions\/3034"}],"up":[{"embeddable":true,"href":"https:\/\/www.musculoesqueleticousp.com.br\/es\/wp-json\/wp\/v2\/pages\/25"}],"wp:attachment":[{"href":"https:\/\/www.musculoesqueleticousp.com.br\/es\/wp-json\/wp\/v2\/media?parent=572"}],"curies":[{"name":"wp","href":"https:\/\/api.w.org\/{rel}","templated":true}]}}