{"id":559,"date":"2020-05-01T22:33:09","date_gmt":"2020-05-02T01:33:09","guid":{"rendered":"http:\/\/www.musculoesqueleticousp.com.br\/?page_id=559"},"modified":"2024-06-18T16:19:56","modified_gmt":"2024-06-18T19:19:56","slug":"bryan-saunders","status":"publish","type":"page","link":"https:\/\/www.musculoesqueleticousp.com.br\/es\/pesquisas\/orientadores\/bryan-saunders\/","title":{"rendered":"Bryan Saunders"},"content":{"rendered":"<p><strong><img loading=\"lazy\" decoding=\"async\" class=\"alignleft size-full wp-image-561\" src=\"http:\/\/www.musculoesqueleticousp.com.br\/wp-content\/uploads\/2020\/05\/ed_FOTO_BRYAN-SAUNDERS.jpg\" alt=\"\" width=\"207\" height=\"225\" srcset=\"https:\/\/www.musculoesqueleticousp.com.br\/wp-content\/uploads\/2020\/05\/ed_FOTO_BRYAN-SAUNDERS.jpg 207w, https:\/\/www.musculoesqueleticousp.com.br\/wp-content\/uploads\/2020\/05\/ed_FOTO_BRYAN-SAUNDERS-134x146.jpg 134w, https:\/\/www.musculoesqueleticousp.com.br\/wp-content\/uploads\/2020\/05\/ed_FOTO_BRYAN-SAUNDERS-46x50.jpg 46w, https:\/\/www.musculoesqueleticousp.com.br\/wp-content\/uploads\/2020\/05\/ed_FOTO_BRYAN-SAUNDERS-69x75.jpg 69w\" sizes=\"auto, (max-width: 207px) 100vw, 207px\" \/><\/strong><strong>T\u00edtulo:<\/strong>\u00a0Postdoctorado<br \/>\n<strong>E-mail: <\/strong><a href=\"mailto:drbryansaunders@outlook.com\">drbryansaunders@outlook.com<\/a><br \/>\n<strong>Lattes: <\/strong><a href=\"http:\/\/lattes.cnpq.br\/9628048405661542\" target=\"_blank\" rel=\"noopener noreferrer\">http:\/\/lattes.cnpq.br\/9628048405661542<\/a><br \/>\n<strong>Orcid<\/strong>: ID \u00a00000-0003-0995-9077 &#8211; <a href=\"https:\/\/orcid.org\/0000-0003-0995-9077\">https:\/\/orcid.org\/0000-0003-0995-9077<\/a><br \/>\n<strong>Scopus<\/strong>: ID 37009241000 &#8211; <a href=\"https:\/\/www.scopus.com\/authid\/detail.uri?authorId=57218590794\">https:\/\/www.scopus.com\/authid\/detail.uri?authorId=57218590794<\/a><br \/>\n<strong>Google scholar<\/strong>: ID Gy8Uo1cAAAAJ \u00a0&#8211; <a href=\"https:\/\/scholar.google.com.br\/citations?user=Gy8Uo1cAAAAJ&amp;hl=pt-BR&amp;oi=ao\">https:\/\/scholar.google.com.br\/citations?user=Gy8Uo1cAAAAJ&amp;hl=pt-BR&amp;oi=ao<\/a><br \/>\n<strong>Research ID<\/strong>: \u00a0AAJ-7734-2020 &#8211; <a href=\"https:\/\/publons.com\/researcher\/1687784\/bryan-saunders\/\">https:\/\/publons.com\/researcher\/1687784\/bryan-saunders\/<\/a><\/p>\n<h2><strong>L\u00edneas de Investigaci\u00f3n:<\/strong><\/h2>\n<p>Principal &#8211; Nutrici\u00f3n y suplementaci\u00f3n deportiva<br \/>\nFisiolog\u00eda del ejercicio<br \/>\nDesempe\u00f1o del ejercicio<br \/>\nFisiolog\u00eda aplicada y nutrici\u00f3n<\/p>\n<h2>Resumen<\/h2>\n<p>Los suplementos ergog\u00e9nicos son recursos nutricionales predominantemente prescriptos con el objetivo de mejorar la capacidad de ejercicio y el desempe\u00f1o f\u00edsico, aunque adem\u00e1s puedan promover beneficios para la salud. Los suplementos ergog\u00e9nicos son esencialmente utilizados en asociaci\u00f3n al entrenamiento de atletas de \u00e9lite, profesionales y recreacionales, y su eficacia en la mejora de la capacidad y desempe\u00f1o del ejercicio es apoyada por sustanciales evidencias cient\u00edficas. Sin embargo, la variabilidad en las respuestas llev\u00f3 a una reciente sugesti\u00f3n de que la suplementaci\u00f3n podr\u00eda no ser ben\u00e9fica para todos los individuos. Delante de lo expuesto, se hace relevante determinar las fuentes de variaci\u00f3n inter e intraindividuales en respuesta a la suplementaci\u00f3n y si \u00e9stas pueden ser utilizadas para optimizar estrategias de administraci\u00f3n de suplementos en favor de la mejora del desempe\u00f1o durante el ejercicio. Mi enfoque principal de investigaci\u00f3n es la interacci\u00f3n entre intervenciones diet\u00e9ticas y suplementarias y la fisiolog\u00eda y desempe\u00f1o del ejercicio.<\/p>\n<h2>Art\u00edculos relevantes:<\/h2>\n<ol>\n<li>Saunders B, Franchi M, de Oliveira LF, da Eira Silva V, da Silva RP, de Salles Painelli V, Costa LAR, Sale C, Harris RC, Roschel H, Artioli GG, Gualano B. 24-Week ?-alanine ingestion does not affect muscle taurine or clinical blood parameters in healthy males. Eur J Nutr. 2020 Feb;59(1):57-65. doi: 10.1007\/s00394-018-1881-0.<\/li>\n<li>Saunders B, Elliott-Sale K, Artioli GG, Swinton PA, Dolan E, Roschel H, Sale C, Gualano B. ?-alanine supplementation to improve exercise capacity and performance: a systematic review and meta-analysis. Br J Sports Med. 2017 Apr;51(8):658-669. doi: 10.1136\/bjsports-2016-096396.<\/li>\n<li>Saunders B, DE Salles Painelli V, DE Oliveira LF, DA Eira Silva V, DA Silva, RP, Riani L, Franchi M, Gon\u00e7alves LS, Harris RC, Roschel H, Artioli GG, Sale C, Gualano B. Twenty-four Weeks of ?-Alanine Supplementation on Carnosine Content, Related Genes, and Exercise. Med Sci Sports Exerc. 2017 May;49(5):896-906. doi: 10.1249\/MSS.0000000000001173.<\/li>\n<li>Saunders B, de Oliveira LF, da Silva RP, de Salles Painelli V, Gon\u00e7alves LS, Yamaguchi G, Mutti T, Maciel E, Roschel H, Artioli GG, Gualano B. Placebo in sports nutrition: a proof-of-principle study involving caffeine supplementation. Scand J Med Sci Sports. 2017 Nov;27(11):1240-1247. doi: 10.1111\/sms.12793.<\/li>\n<li>Saunders B, Saito T, Klosterhoff R, de Oliveira LF, Barreto G, Perim P, Pinto AJ, Lima F, de S\u00e1 Pinto AL, Gualano B. \u00abI put it in my head that the supplement would help me\u00bb: Open-placebo improves exercise performance in female cyclists. PLoS One. 2019 Sep 24;14(9):e0222982. doi: 10.1371\/journal.pone.0222982.<\/li>\n<\/ol>\n<p>&nbsp;<\/p>\n<h2><strong>PROJETOS ORIENTADOR\/ LINHA<\/strong><\/h2>\n<p><strong>Linha 7. EFEITOS DO EXERC\u00cdCIO F\u00cdSICO, NUTRI\u00c7\u00c3O E GEN\u00c9TICA NA SA\u00daDE E NO DESEMPENHO F\u00cdSICO<br \/>\n<\/strong><strong>PROJETO BRYAN SAUNDERS<\/strong>: EXERC\u00cdCIO, NUTRI\u00c7\u00c3O E SUPLEMENTA\u00c7\u00c3O NUTRICIONAL PARA OTIMIZAR O DESEMPENHO DO EXERC\u00cdCIO: FOCO NAS RESPOSTAS INDIVIDUAIS E UM PASSO PARA A NUTRI\u00c7\u00c3O ESPORTIVA PERSONALIZADA<br \/>\n<strong>PROJETO BRYAN SAUNDERS:<\/strong> OS EFEITOS DE PLACEBO EM DIFERENTES FORMAS DE ADMINISTRA\u00c7\u00c3O SOBRE O DESEMPENHO, FOR\u00c7A E HIPERTROFIA<\/p>","protected":false},"excerpt":{"rendered":"<p>T\u00edtulo:\u00a0Postdoctorado E-mail: drbryansaunders@outlook.com Lattes: http:\/\/lattes.cnpq.br\/9628048405661542 Orcid: ID \u00a00000-0003-0995-9077 &#8211; https:\/\/orcid.org\/0000-0003-0995-9077 Scopus: ID 37009241000 &#8211; https:\/\/www.scopus.com\/authid\/detail.uri?authorId=57218590794 Google scholar: ID Gy8Uo1cAAAAJ \u00a0&#8211; https:\/\/scholar.google.com.br\/citations?user=Gy8Uo1cAAAAJ&amp;hl=pt-BR&amp;oi=ao Research ID: \u00a0AAJ-7734-2020 &#8211; https:\/\/publons.com\/researcher\/1687784\/bryan-saunders\/ [&hellip;]<\/p>\n","protected":false},"author":1,"featured_media":0,"parent":25,"menu_order":0,"comment_status":"closed","ping_status":"closed","template":"","meta":{"footnotes":""},"class_list":["post-559","page","type-page","status-publish","hentry"],"yoast_head":"<!-- This site is optimized with the Yoast SEO plugin v25.5 - https:\/\/yoast.com\/wordpress\/plugins\/seo\/ -->\n<title>Bryan Saunders - P\u00f3s-Gradua\u00e7\u00e3o em Ci\u00eancias do Sistema Musculoesquel\u00e9tico<\/title>\n<meta name=\"robots\" content=\"index, follow, max-snippet:-1, max-image-preview:large, max-video-preview:-1\" \/>\n<link rel=\"canonical\" href=\"https:\/\/www.musculoesqueleticousp.com.br\/pesquisas\/orientadores\/bryan-saunders\/\" \/>\n<meta property=\"og:locale\" content=\"es_ES\" \/>\n<meta property=\"og:type\" content=\"article\" \/>\n<meta property=\"og:title\" content=\"Bryan Saunders - P\u00f3s-Gradua\u00e7\u00e3o em Ci\u00eancias do Sistema Musculoesquel\u00e9tico\" \/>\n<meta property=\"og:description\" content=\"T\u00edtulo:\u00a0Postdoctorado E-mail: drbryansaunders@outlook.com Lattes: http:\/\/lattes.cnpq.br\/9628048405661542 Orcid: ID \u00a00000-0003-0995-9077 &#8211; https:\/\/orcid.org\/0000-0003-0995-9077 Scopus: ID 37009241000 &#8211; https:\/\/www.scopus.com\/authid\/detail.uri?authorId=57218590794 Google scholar: ID Gy8Uo1cAAAAJ \u00a0&#8211; https:\/\/scholar.google.com.br\/citations?user=Gy8Uo1cAAAAJ&amp;hl=pt-BR&amp;oi=ao Research ID: \u00a0AAJ-7734-2020 &#8211; https:\/\/publons.com\/researcher\/1687784\/bryan-saunders\/ [&hellip;]\" \/>\n<meta property=\"og:url\" content=\"https:\/\/www.musculoesqueleticousp.com.br\/pesquisas\/orientadores\/bryan-saunders\/\" \/>\n<meta property=\"og:site_name\" content=\"P\u00f3s-Gradua\u00e7\u00e3o em Ci\u00eancias do Sistema Musculoesquel\u00e9tico\" \/>\n<meta property=\"article:modified_time\" content=\"2024-06-18T19:19:56+00:00\" \/>\n<meta property=\"og:image\" content=\"http:\/\/www.musculoesqueleticousp.com.br\/wp-content\/uploads\/2020\/05\/ed_FOTO_BRYAN-SAUNDERS.jpg\" \/>\n<meta name=\"twitter:card\" content=\"summary_large_image\" \/>\n<meta name=\"twitter:label1\" content=\"Tiempo de lectura\" \/>\n\t<meta name=\"twitter:data1\" content=\"9 minutos\" \/>\n<script type=\"application\/ld+json\" class=\"yoast-schema-graph\">{\"@context\":\"https:\/\/schema.org\",\"@graph\":[{\"@type\":\"WebPage\",\"@id\":\"https:\/\/www.musculoesqueleticousp.com.br\/pesquisas\/orientadores\/bryan-saunders\/\",\"url\":\"https:\/\/www.musculoesqueleticousp.com.br\/pesquisas\/orientadores\/bryan-saunders\/\",\"name\":\"Bryan Saunders - P\u00f3s-Gradua\u00e7\u00e3o em Ci\u00eancias do Sistema Musculoesquel\u00e9tico\",\"isPartOf\":{\"@id\":\"https:\/\/www.musculoesqueleticousp.com.br\/en\/#website\"},\"primaryImageOfPage\":{\"@id\":\"https:\/\/www.musculoesqueleticousp.com.br\/pesquisas\/orientadores\/bryan-saunders\/#primaryimage\"},\"image\":{\"@id\":\"https:\/\/www.musculoesqueleticousp.com.br\/pesquisas\/orientadores\/bryan-saunders\/#primaryimage\"},\"thumbnailUrl\":\"http:\/\/www.musculoesqueleticousp.com.br\/wp-content\/uploads\/2020\/05\/ed_FOTO_BRYAN-SAUNDERS.jpg\",\"datePublished\":\"2020-05-02T01:33:09+00:00\",\"dateModified\":\"2024-06-18T19:19:56+00:00\",\"breadcrumb\":{\"@id\":\"https:\/\/www.musculoesqueleticousp.com.br\/pesquisas\/orientadores\/bryan-saunders\/#breadcrumb\"},\"inLanguage\":\"es\",\"potentialAction\":[{\"@type\":\"ReadAction\",\"target\":[\"https:\/\/www.musculoesqueleticousp.com.br\/pesquisas\/orientadores\/bryan-saunders\/\"]}]},{\"@type\":\"ImageObject\",\"inLanguage\":\"es\",\"@id\":\"https:\/\/www.musculoesqueleticousp.com.br\/pesquisas\/orientadores\/bryan-saunders\/#primaryimage\",\"url\":\"http:\/\/www.musculoesqueleticousp.com.br\/wp-content\/uploads\/2020\/05\/ed_FOTO_BRYAN-SAUNDERS.jpg\",\"contentUrl\":\"http:\/\/www.musculoesqueleticousp.com.br\/wp-content\/uploads\/2020\/05\/ed_FOTO_BRYAN-SAUNDERS.jpg\"},{\"@type\":\"BreadcrumbList\",\"@id\":\"https:\/\/www.musculoesqueleticousp.com.br\/pesquisas\/orientadores\/bryan-saunders\/#breadcrumb\",\"itemListElement\":[{\"@type\":\"ListItem\",\"position\":1,\"name\":\"Home\",\"item\":\"https:\/\/www.musculoesqueleticousp.com.br\/en\/\"},{\"@type\":\"ListItem\",\"position\":2,\"name\":\"Research\",\"item\":\"https:\/\/www.musculoesqueleticousp.com.br\/en\/pesquisas\/\"},{\"@type\":\"ListItem\",\"position\":3,\"name\":\"Orientadores\",\"item\":\"https:\/\/www.musculoesqueleticousp.com.br\/pesquisas\/orientadores\/\"},{\"@type\":\"ListItem\",\"position\":4,\"name\":\"Bryan Saunders\"}]},{\"@type\":\"WebSite\",\"@id\":\"https:\/\/www.musculoesqueleticousp.com.br\/en\/#website\",\"url\":\"https:\/\/www.musculoesqueleticousp.com.br\/en\/\",\"name\":\"P\u00f3s-Gradua\u00e7\u00e3o em Ci\u00eancias do Sistema Musculoesquel\u00e9tico\",\"description\":\"Website do P\u00f3s-Gradua\u00e7\u00e3o em Ci\u00eancias do Sistema Musculoesquel\u00e9tico\",\"publisher\":{\"@id\":\"https:\/\/www.musculoesqueleticousp.com.br\/en\/#organization\"},\"potentialAction\":[{\"@type\":\"SearchAction\",\"target\":{\"@type\":\"EntryPoint\",\"urlTemplate\":\"https:\/\/www.musculoesqueleticousp.com.br\/en\/?s={search_term_string}\"},\"query-input\":{\"@type\":\"PropertyValueSpecification\",\"valueRequired\":true,\"valueName\":\"search_term_string\"}}],\"inLanguage\":\"es\"},{\"@type\":\"Organization\",\"@id\":\"https:\/\/www.musculoesqueleticousp.com.br\/en\/#organization\",\"name\":\"P\u00f3s-Gradua\u00e7\u00e3o em Ci\u00eancias do Sistema Musculoesquel\u00e9tico\",\"url\":\"https:\/\/www.musculoesqueleticousp.com.br\/en\/\",\"logo\":{\"@type\":\"ImageObject\",\"inLanguage\":\"es\",\"@id\":\"https:\/\/www.musculoesqueleticousp.com.br\/en\/#\/schema\/logo\/image\/\",\"url\":\"https:\/\/www.musculoesqueleticousp.com.br\/wp-content\/uploads\/2020\/04\/logo_pg_cme_v3_h120.png\",\"contentUrl\":\"https:\/\/www.musculoesqueleticousp.com.br\/wp-content\/uploads\/2020\/04\/logo_pg_cme_v3_h120.png\",\"width\":481,\"height\":120,\"caption\":\"P\u00f3s-Gradua\u00e7\u00e3o em Ci\u00eancias do Sistema Musculoesquel\u00e9tico\"},\"image\":{\"@id\":\"https:\/\/www.musculoesqueleticousp.com.br\/en\/#\/schema\/logo\/image\/\"}}]}<\/script>\n<!-- \/ Yoast SEO plugin. -->","yoast_head_json":{"title":"Bryan Saunders - P\u00f3s-Gradua\u00e7\u00e3o em Ci\u00eancias do Sistema Musculoesquel\u00e9tico","robots":{"index":"index","follow":"follow","max-snippet":"max-snippet:-1","max-image-preview":"max-image-preview:large","max-video-preview":"max-video-preview:-1"},"canonical":"https:\/\/www.musculoesqueleticousp.com.br\/pesquisas\/orientadores\/bryan-saunders\/","og_locale":"es_ES","og_type":"article","og_title":"Bryan Saunders - P\u00f3s-Gradua\u00e7\u00e3o em Ci\u00eancias do Sistema Musculoesquel\u00e9tico","og_description":"T\u00edtulo:\u00a0Postdoctorado E-mail: drbryansaunders@outlook.com Lattes: http:\/\/lattes.cnpq.br\/9628048405661542 Orcid: ID \u00a00000-0003-0995-9077 &#8211; https:\/\/orcid.org\/0000-0003-0995-9077 Scopus: ID 37009241000 &#8211; https:\/\/www.scopus.com\/authid\/detail.uri?authorId=57218590794 Google scholar: ID Gy8Uo1cAAAAJ \u00a0&#8211; https:\/\/scholar.google.com.br\/citations?user=Gy8Uo1cAAAAJ&amp;hl=pt-BR&amp;oi=ao Research ID: \u00a0AAJ-7734-2020 &#8211; https:\/\/publons.com\/researcher\/1687784\/bryan-saunders\/ [&hellip;]","og_url":"https:\/\/www.musculoesqueleticousp.com.br\/pesquisas\/orientadores\/bryan-saunders\/","og_site_name":"P\u00f3s-Gradua\u00e7\u00e3o em Ci\u00eancias do Sistema Musculoesquel\u00e9tico","article_modified_time":"2024-06-18T19:19:56+00:00","og_image":[{"url":"http:\/\/www.musculoesqueleticousp.com.br\/wp-content\/uploads\/2020\/05\/ed_FOTO_BRYAN-SAUNDERS.jpg","type":"","width":"","height":""}],"twitter_card":"summary_large_image","twitter_misc":{"Tiempo de lectura":"9 minutos"},"schema":{"@context":"https:\/\/schema.org","@graph":[{"@type":"WebPage","@id":"https:\/\/www.musculoesqueleticousp.com.br\/pesquisas\/orientadores\/bryan-saunders\/","url":"https:\/\/www.musculoesqueleticousp.com.br\/pesquisas\/orientadores\/bryan-saunders\/","name":"Bryan Saunders - P\u00f3s-Gradua\u00e7\u00e3o em Ci\u00eancias do Sistema Musculoesquel\u00e9tico","isPartOf":{"@id":"https:\/\/www.musculoesqueleticousp.com.br\/en\/#website"},"primaryImageOfPage":{"@id":"https:\/\/www.musculoesqueleticousp.com.br\/pesquisas\/orientadores\/bryan-saunders\/#primaryimage"},"image":{"@id":"https:\/\/www.musculoesqueleticousp.com.br\/pesquisas\/orientadores\/bryan-saunders\/#primaryimage"},"thumbnailUrl":"http:\/\/www.musculoesqueleticousp.com.br\/wp-content\/uploads\/2020\/05\/ed_FOTO_BRYAN-SAUNDERS.jpg","datePublished":"2020-05-02T01:33:09+00:00","dateModified":"2024-06-18T19:19:56+00:00","breadcrumb":{"@id":"https:\/\/www.musculoesqueleticousp.com.br\/pesquisas\/orientadores\/bryan-saunders\/#breadcrumb"},"inLanguage":"es","potentialAction":[{"@type":"ReadAction","target":["https:\/\/www.musculoesqueleticousp.com.br\/pesquisas\/orientadores\/bryan-saunders\/"]}]},{"@type":"ImageObject","inLanguage":"es","@id":"https:\/\/www.musculoesqueleticousp.com.br\/pesquisas\/orientadores\/bryan-saunders\/#primaryimage","url":"http:\/\/www.musculoesqueleticousp.com.br\/wp-content\/uploads\/2020\/05\/ed_FOTO_BRYAN-SAUNDERS.jpg","contentUrl":"http:\/\/www.musculoesqueleticousp.com.br\/wp-content\/uploads\/2020\/05\/ed_FOTO_BRYAN-SAUNDERS.jpg"},{"@type":"BreadcrumbList","@id":"https:\/\/www.musculoesqueleticousp.com.br\/pesquisas\/orientadores\/bryan-saunders\/#breadcrumb","itemListElement":[{"@type":"ListItem","position":1,"name":"Home","item":"https:\/\/www.musculoesqueleticousp.com.br\/en\/"},{"@type":"ListItem","position":2,"name":"Research","item":"https:\/\/www.musculoesqueleticousp.com.br\/en\/pesquisas\/"},{"@type":"ListItem","position":3,"name":"Orientadores","item":"https:\/\/www.musculoesqueleticousp.com.br\/pesquisas\/orientadores\/"},{"@type":"ListItem","position":4,"name":"Bryan Saunders"}]},{"@type":"WebSite","@id":"https:\/\/www.musculoesqueleticousp.com.br\/en\/#website","url":"https:\/\/www.musculoesqueleticousp.com.br\/en\/","name":"P\u00f3s-Gradua\u00e7\u00e3o em Ci\u00eancias do Sistema Musculoesquel\u00e9tico","description":"Website do P\u00f3s-Gradua\u00e7\u00e3o em Ci\u00eancias do Sistema Musculoesquel\u00e9tico","publisher":{"@id":"https:\/\/www.musculoesqueleticousp.com.br\/en\/#organization"},"potentialAction":[{"@type":"SearchAction","target":{"@type":"EntryPoint","urlTemplate":"https:\/\/www.musculoesqueleticousp.com.br\/en\/?s={search_term_string}"},"query-input":{"@type":"PropertyValueSpecification","valueRequired":true,"valueName":"search_term_string"}}],"inLanguage":"es"},{"@type":"Organization","@id":"https:\/\/www.musculoesqueleticousp.com.br\/en\/#organization","name":"P\u00f3s-Gradua\u00e7\u00e3o em Ci\u00eancias do Sistema Musculoesquel\u00e9tico","url":"https:\/\/www.musculoesqueleticousp.com.br\/en\/","logo":{"@type":"ImageObject","inLanguage":"es","@id":"https:\/\/www.musculoesqueleticousp.com.br\/en\/#\/schema\/logo\/image\/","url":"https:\/\/www.musculoesqueleticousp.com.br\/wp-content\/uploads\/2020\/04\/logo_pg_cme_v3_h120.png","contentUrl":"https:\/\/www.musculoesqueleticousp.com.br\/wp-content\/uploads\/2020\/04\/logo_pg_cme_v3_h120.png","width":481,"height":120,"caption":"P\u00f3s-Gradua\u00e7\u00e3o em Ci\u00eancias do Sistema Musculoesquel\u00e9tico"},"image":{"@id":"https:\/\/www.musculoesqueleticousp.com.br\/en\/#\/schema\/logo\/image\/"}}]}},"_links":{"self":[{"href":"https:\/\/www.musculoesqueleticousp.com.br\/es\/wp-json\/wp\/v2\/pages\/559","targetHints":{"allow":["GET"]}}],"collection":[{"href":"https:\/\/www.musculoesqueleticousp.com.br\/es\/wp-json\/wp\/v2\/pages"}],"about":[{"href":"https:\/\/www.musculoesqueleticousp.com.br\/es\/wp-json\/wp\/v2\/types\/page"}],"author":[{"embeddable":true,"href":"https:\/\/www.musculoesqueleticousp.com.br\/es\/wp-json\/wp\/v2\/users\/1"}],"replies":[{"embeddable":true,"href":"https:\/\/www.musculoesqueleticousp.com.br\/es\/wp-json\/wp\/v2\/comments?post=559"}],"version-history":[{"count":10,"href":"https:\/\/www.musculoesqueleticousp.com.br\/es\/wp-json\/wp\/v2\/pages\/559\/revisions"}],"predecessor-version":[{"id":2830,"href":"https:\/\/www.musculoesqueleticousp.com.br\/es\/wp-json\/wp\/v2\/pages\/559\/revisions\/2830"}],"up":[{"embeddable":true,"href":"https:\/\/www.musculoesqueleticousp.com.br\/es\/wp-json\/wp\/v2\/pages\/25"}],"wp:attachment":[{"href":"https:\/\/www.musculoesqueleticousp.com.br\/es\/wp-json\/wp\/v2\/media?parent=559"}],"curies":[{"name":"wp","href":"https:\/\/api.w.org\/{rel}","templated":true}]}}