{"id":515,"date":"2020-04-14T20:52:21","date_gmt":"2020-04-14T23:52:21","guid":{"rendered":"http:\/\/www.musculoesqueleticousp.com.br\/?page_id=515"},"modified":"2021-05-20T10:21:56","modified_gmt":"2021-05-20T13:21:56","slug":"nucel-e-o-medcell","status":"publish","type":"page","link":"https:\/\/www.musculoesqueleticousp.com.br\/es\/sobre-nos\/infraestrutura\/laboratorios\/nucel-e-o-medcell\/","title":{"rendered":"NUCEL y MedCell"},"content":{"rendered":"<p>Conviene destacar que la filosof\u00eda administrativa y el regimiento de la Facultad de Medicina y de la Universidad de S\u00e3o Paulo facilitan el acceso de alumnos y orientadores a otros laboratorios y parques de equipamientos de la Instituci\u00f3n. En lo tocante a las l\u00edneas de investigaci\u00f3n de este Programa, se destaca el reciente desarrollo de laboratorios de terapia celular. Esos laboratorios, que buscan aproximar la investigaci\u00f3n b\u00e1sica a la aplicaci\u00f3n cl\u00ednica buscan, actualmente, autorizaciones de ANVISA para funcionamiento en l\u00ednea con las normas de la RDC 260 del 21\/12\/2018 y RDC 214, que disponen sobre las buenas pr\u00e1cticas en c\u00e9lulas humanas para uso terap\u00e9utico y en investigaci\u00f3n cl\u00ednica. En esa l\u00ednea, se encuentran NUCEL y MedCell. MedCell &#8211; Centro de Medicina Celular y Regenerativa del HC-FMUSP &#8211; consiste en un \u00e1rea estrat\u00e9gicamente construida adjunta al Centro Quir\u00fargico, de modo que se permita facilitar el tr\u00e1nsito de \u00f3rganos, tejidos y c\u00e9lulas de donantes para receptores en condiciones est\u00e9riles. Esa \u00e1rea fue concebida con vistas a permitir el aislamiento, cultivo y manipulaci\u00f3n de c\u00e9lulas a ser utilizadas en protocolos cl\u00ednicos de terapia celular y de ingenier\u00eda de tejidos de toda la Instituci\u00f3n. El N\u00facleo de Terapia Celular y Molecular (NUCEL \u2013 www.usp.br\/nucel) fue creado en abril de 2012, por medio de una Ordenanza de la Rector\u00eda de la Universidad de S\u00e3o Paulo (GR3.337), como un N\u00facleo de Apoyo a la Investigaci\u00f3n (NAP), que congrega a docentes de diversos Departamentos de la USP con l\u00edneas afines. El Centro de Investigaci\u00f3n Traslacional, CTC-NUCEL, fruto en el N\u00facleo, que a partir de diciembre de 2012 pas\u00f3 a pertenecer a la Facultad de Medicina de la USP, posee tres pisos de 500m2 cada uno, un piso t\u00e9cnico de 500m2 y un ed\u00edculo de 250m2, conteniendo recintos separados para los dos transformadores y el generador, que alimentan a cerca de 75% del predio, y un dep\u00f3sito de agua de 2.500 litros. El Centro posee tres laboratorios para procesamiento celular (26 m2, 21,4 m2 y 21,4 m2 de \u00e1rea) y un laboratorio para procesamiento de c\u00e9lulas gen\u00e9ticamente modificadas (26,7 m2 de \u00e1rea). Creemos que el Centro incentivar\u00e1 la realizaci\u00f3n de proyectos relacionados a la terapia celular en el sistema musculoesquel\u00e9tico, con mayor interacci\u00f3n entre diversas \u00e1reas del conocimiento (como, por ejemplo, bioingenier\u00eda). En las \u00e1reas de interface de la ciencia, ser\u00e1 posible la realizaci\u00f3n de proyectos pioneros y de vanguardia, permitiendo ampliar el rango y el impacto acad\u00e9mico-cient\u00edfico de nuestro Programa.<\/p>","protected":false},"excerpt":{"rendered":"<p>Conviene destacar que la filosof\u00eda administrativa y el regimiento de la Facultad de Medicina y de la Universidad de S\u00e3o Paulo facilitan el acceso de alumnos [&hellip;]<\/p>\n","protected":false},"author":1,"featured_media":0,"parent":466,"menu_order":0,"comment_status":"closed","ping_status":"closed","template":"","meta":{"footnotes":""},"class_list":["post-515","page","type-page","status-publish","hentry"],"yoast_head":"<!-- This site is optimized with the Yoast SEO plugin v25.5 - https:\/\/yoast.com\/wordpress\/plugins\/seo\/ -->\n<title>NUCEL y MedCell - P\u00f3s-Gradua\u00e7\u00e3o em Ci\u00eancias do Sistema Musculoesquel\u00e9tico<\/title>\n<meta name=\"robots\" content=\"index, follow, max-snippet:-1, max-image-preview:large, max-video-preview:-1\" \/>\n<link rel=\"canonical\" href=\"https:\/\/www.musculoesqueleticousp.com.br\/sobre-nos\/infraestrutura\/laboratorios\/nucel-e-o-medcell\/\" \/>\n<meta property=\"og:locale\" content=\"es_ES\" \/>\n<meta property=\"og:type\" content=\"article\" \/>\n<meta property=\"og:title\" content=\"NUCEL y MedCell - P\u00f3s-Gradua\u00e7\u00e3o em Ci\u00eancias do Sistema Musculoesquel\u00e9tico\" \/>\n<meta property=\"og:description\" content=\"Conviene destacar que la filosof\u00eda administrativa y el regimiento de la Facultad de Medicina y de la Universidad de S\u00e3o Paulo facilitan el acceso de alumnos [&hellip;]\" \/>\n<meta property=\"og:url\" content=\"https:\/\/www.musculoesqueleticousp.com.br\/sobre-nos\/infraestrutura\/laboratorios\/nucel-e-o-medcell\/\" \/>\n<meta property=\"og:site_name\" content=\"P\u00f3s-Gradua\u00e7\u00e3o em Ci\u00eancias do Sistema Musculoesquel\u00e9tico\" \/>\n<meta property=\"article:modified_time\" content=\"2021-05-20T13:21:56+00:00\" \/>\n<meta name=\"twitter:card\" content=\"summary_large_image\" \/>\n<meta name=\"twitter:label1\" content=\"Tiempo de lectura\" \/>\n\t<meta name=\"twitter:data1\" content=\"6 minutos\" \/>\n<script type=\"application\/ld+json\" class=\"yoast-schema-graph\">{\"@context\":\"https:\/\/schema.org\",\"@graph\":[{\"@type\":\"WebPage\",\"@id\":\"https:\/\/www.musculoesqueleticousp.com.br\/sobre-nos\/infraestrutura\/laboratorios\/nucel-e-o-medcell\/\",\"url\":\"https:\/\/www.musculoesqueleticousp.com.br\/sobre-nos\/infraestrutura\/laboratorios\/nucel-e-o-medcell\/\",\"name\":\"NUCEL y MedCell - P\u00f3s-Gradua\u00e7\u00e3o em Ci\u00eancias do Sistema Musculoesquel\u00e9tico\",\"isPartOf\":{\"@id\":\"https:\/\/www.musculoesqueleticousp.com.br\/en\/#website\"},\"datePublished\":\"2020-04-14T23:52:21+00:00\",\"dateModified\":\"2021-05-20T13:21:56+00:00\",\"breadcrumb\":{\"@id\":\"https:\/\/www.musculoesqueleticousp.com.br\/sobre-nos\/infraestrutura\/laboratorios\/nucel-e-o-medcell\/#breadcrumb\"},\"inLanguage\":\"es\",\"potentialAction\":[{\"@type\":\"ReadAction\",\"target\":[\"https:\/\/www.musculoesqueleticousp.com.br\/sobre-nos\/infraestrutura\/laboratorios\/nucel-e-o-medcell\/\"]}]},{\"@type\":\"BreadcrumbList\",\"@id\":\"https:\/\/www.musculoesqueleticousp.com.br\/sobre-nos\/infraestrutura\/laboratorios\/nucel-e-o-medcell\/#breadcrumb\",\"itemListElement\":[{\"@type\":\"ListItem\",\"position\":1,\"name\":\"Home\",\"item\":\"https:\/\/www.musculoesqueleticousp.com.br\/en\/\"},{\"@type\":\"ListItem\",\"position\":2,\"name\":\"Sobre N\u00f3s\",\"item\":\"https:\/\/www.musculoesqueleticousp.com.br\/sobre-nos\/\"},{\"@type\":\"ListItem\",\"position\":3,\"name\":\"Infraestrutura\",\"item\":\"https:\/\/www.musculoesqueleticousp.com.br\/sobre-nos\/infraestrutura\/\"},{\"@type\":\"ListItem\",\"position\":4,\"name\":\"Laborat\u00f3rios\",\"item\":\"https:\/\/www.musculoesqueleticousp.com.br\/sobre-nos\/infraestrutura\/laboratorios\/\"},{\"@type\":\"ListItem\",\"position\":5,\"name\":\"NUCEL e o MedCell\"}]},{\"@type\":\"WebSite\",\"@id\":\"https:\/\/www.musculoesqueleticousp.com.br\/en\/#website\",\"url\":\"https:\/\/www.musculoesqueleticousp.com.br\/en\/\",\"name\":\"P\u00f3s-Gradua\u00e7\u00e3o em Ci\u00eancias do Sistema Musculoesquel\u00e9tico\",\"description\":\"Website do P\u00f3s-Gradua\u00e7\u00e3o em Ci\u00eancias do Sistema Musculoesquel\u00e9tico\",\"publisher\":{\"@id\":\"https:\/\/www.musculoesqueleticousp.com.br\/en\/#organization\"},\"potentialAction\":[{\"@type\":\"SearchAction\",\"target\":{\"@type\":\"EntryPoint\",\"urlTemplate\":\"https:\/\/www.musculoesqueleticousp.com.br\/en\/?s={search_term_string}\"},\"query-input\":{\"@type\":\"PropertyValueSpecification\",\"valueRequired\":true,\"valueName\":\"search_term_string\"}}],\"inLanguage\":\"es\"},{\"@type\":\"Organization\",\"@id\":\"https:\/\/www.musculoesqueleticousp.com.br\/en\/#organization\",\"name\":\"P\u00f3s-Gradua\u00e7\u00e3o em Ci\u00eancias do Sistema Musculoesquel\u00e9tico\",\"url\":\"https:\/\/www.musculoesqueleticousp.com.br\/en\/\",\"logo\":{\"@type\":\"ImageObject\",\"inLanguage\":\"es\",\"@id\":\"https:\/\/www.musculoesqueleticousp.com.br\/en\/#\/schema\/logo\/image\/\",\"url\":\"https:\/\/www.musculoesqueleticousp.com.br\/wp-content\/uploads\/2020\/04\/logo_pg_cme_v3_h120.png\",\"contentUrl\":\"https:\/\/www.musculoesqueleticousp.com.br\/wp-content\/uploads\/2020\/04\/logo_pg_cme_v3_h120.png\",\"width\":481,\"height\":120,\"caption\":\"P\u00f3s-Gradua\u00e7\u00e3o em Ci\u00eancias do Sistema Musculoesquel\u00e9tico\"},\"image\":{\"@id\":\"https:\/\/www.musculoesqueleticousp.com.br\/en\/#\/schema\/logo\/image\/\"}}]}<\/script>\n<!-- \/ Yoast SEO plugin. -->","yoast_head_json":{"title":"NUCEL y MedCell - P\u00f3s-Gradua\u00e7\u00e3o em Ci\u00eancias do Sistema Musculoesquel\u00e9tico","robots":{"index":"index","follow":"follow","max-snippet":"max-snippet:-1","max-image-preview":"max-image-preview:large","max-video-preview":"max-video-preview:-1"},"canonical":"https:\/\/www.musculoesqueleticousp.com.br\/sobre-nos\/infraestrutura\/laboratorios\/nucel-e-o-medcell\/","og_locale":"es_ES","og_type":"article","og_title":"NUCEL y MedCell - P\u00f3s-Gradua\u00e7\u00e3o em Ci\u00eancias do Sistema Musculoesquel\u00e9tico","og_description":"Conviene destacar que la filosof\u00eda administrativa y el regimiento de la Facultad de Medicina y de la Universidad de S\u00e3o Paulo facilitan el acceso de alumnos [&hellip;]","og_url":"https:\/\/www.musculoesqueleticousp.com.br\/sobre-nos\/infraestrutura\/laboratorios\/nucel-e-o-medcell\/","og_site_name":"P\u00f3s-Gradua\u00e7\u00e3o em Ci\u00eancias do Sistema Musculoesquel\u00e9tico","article_modified_time":"2021-05-20T13:21:56+00:00","twitter_card":"summary_large_image","twitter_misc":{"Tiempo de lectura":"6 minutos"},"schema":{"@context":"https:\/\/schema.org","@graph":[{"@type":"WebPage","@id":"https:\/\/www.musculoesqueleticousp.com.br\/sobre-nos\/infraestrutura\/laboratorios\/nucel-e-o-medcell\/","url":"https:\/\/www.musculoesqueleticousp.com.br\/sobre-nos\/infraestrutura\/laboratorios\/nucel-e-o-medcell\/","name":"NUCEL y MedCell - P\u00f3s-Gradua\u00e7\u00e3o em Ci\u00eancias do Sistema Musculoesquel\u00e9tico","isPartOf":{"@id":"https:\/\/www.musculoesqueleticousp.com.br\/en\/#website"},"datePublished":"2020-04-14T23:52:21+00:00","dateModified":"2021-05-20T13:21:56+00:00","breadcrumb":{"@id":"https:\/\/www.musculoesqueleticousp.com.br\/sobre-nos\/infraestrutura\/laboratorios\/nucel-e-o-medcell\/#breadcrumb"},"inLanguage":"es","potentialAction":[{"@type":"ReadAction","target":["https:\/\/www.musculoesqueleticousp.com.br\/sobre-nos\/infraestrutura\/laboratorios\/nucel-e-o-medcell\/"]}]},{"@type":"BreadcrumbList","@id":"https:\/\/www.musculoesqueleticousp.com.br\/sobre-nos\/infraestrutura\/laboratorios\/nucel-e-o-medcell\/#breadcrumb","itemListElement":[{"@type":"ListItem","position":1,"name":"Home","item":"https:\/\/www.musculoesqueleticousp.com.br\/en\/"},{"@type":"ListItem","position":2,"name":"Sobre N\u00f3s","item":"https:\/\/www.musculoesqueleticousp.com.br\/sobre-nos\/"},{"@type":"ListItem","position":3,"name":"Infraestrutura","item":"https:\/\/www.musculoesqueleticousp.com.br\/sobre-nos\/infraestrutura\/"},{"@type":"ListItem","position":4,"name":"Laborat\u00f3rios","item":"https:\/\/www.musculoesqueleticousp.com.br\/sobre-nos\/infraestrutura\/laboratorios\/"},{"@type":"ListItem","position":5,"name":"NUCEL e o MedCell"}]},{"@type":"WebSite","@id":"https:\/\/www.musculoesqueleticousp.com.br\/en\/#website","url":"https:\/\/www.musculoesqueleticousp.com.br\/en\/","name":"P\u00f3s-Gradua\u00e7\u00e3o em Ci\u00eancias do Sistema Musculoesquel\u00e9tico","description":"Website do P\u00f3s-Gradua\u00e7\u00e3o em Ci\u00eancias do Sistema Musculoesquel\u00e9tico","publisher":{"@id":"https:\/\/www.musculoesqueleticousp.com.br\/en\/#organization"},"potentialAction":[{"@type":"SearchAction","target":{"@type":"EntryPoint","urlTemplate":"https:\/\/www.musculoesqueleticousp.com.br\/en\/?s={search_term_string}"},"query-input":{"@type":"PropertyValueSpecification","valueRequired":true,"valueName":"search_term_string"}}],"inLanguage":"es"},{"@type":"Organization","@id":"https:\/\/www.musculoesqueleticousp.com.br\/en\/#organization","name":"P\u00f3s-Gradua\u00e7\u00e3o em Ci\u00eancias do Sistema Musculoesquel\u00e9tico","url":"https:\/\/www.musculoesqueleticousp.com.br\/en\/","logo":{"@type":"ImageObject","inLanguage":"es","@id":"https:\/\/www.musculoesqueleticousp.com.br\/en\/#\/schema\/logo\/image\/","url":"https:\/\/www.musculoesqueleticousp.com.br\/wp-content\/uploads\/2020\/04\/logo_pg_cme_v3_h120.png","contentUrl":"https:\/\/www.musculoesqueleticousp.com.br\/wp-content\/uploads\/2020\/04\/logo_pg_cme_v3_h120.png","width":481,"height":120,"caption":"P\u00f3s-Gradua\u00e7\u00e3o em Ci\u00eancias do Sistema Musculoesquel\u00e9tico"},"image":{"@id":"https:\/\/www.musculoesqueleticousp.com.br\/en\/#\/schema\/logo\/image\/"}}]}},"_links":{"self":[{"href":"https:\/\/www.musculoesqueleticousp.com.br\/es\/wp-json\/wp\/v2\/pages\/515","targetHints":{"allow":["GET"]}}],"collection":[{"href":"https:\/\/www.musculoesqueleticousp.com.br\/es\/wp-json\/wp\/v2\/pages"}],"about":[{"href":"https:\/\/www.musculoesqueleticousp.com.br\/es\/wp-json\/wp\/v2\/types\/page"}],"author":[{"embeddable":true,"href":"https:\/\/www.musculoesqueleticousp.com.br\/es\/wp-json\/wp\/v2\/users\/1"}],"replies":[{"embeddable":true,"href":"https:\/\/www.musculoesqueleticousp.com.br\/es\/wp-json\/wp\/v2\/comments?post=515"}],"version-history":[{"count":3,"href":"https:\/\/www.musculoesqueleticousp.com.br\/es\/wp-json\/wp\/v2\/pages\/515\/revisions"}],"predecessor-version":[{"id":1696,"href":"https:\/\/www.musculoesqueleticousp.com.br\/es\/wp-json\/wp\/v2\/pages\/515\/revisions\/1696"}],"up":[{"embeddable":true,"href":"https:\/\/www.musculoesqueleticousp.com.br\/es\/wp-json\/wp\/v2\/pages\/466"}],"wp:attachment":[{"href":"https:\/\/www.musculoesqueleticousp.com.br\/es\/wp-json\/wp\/v2\/media?parent=515"}],"curies":[{"name":"wp","href":"https:\/\/api.w.org\/{rel}","templated":true}]}}