{"id":507,"date":"2020-04-14T20:49:53","date_gmt":"2020-04-14T23:49:53","guid":{"rendered":"http:\/\/www.musculoesqueleticousp.com.br\/?page_id=507"},"modified":"2021-05-20T10:19:18","modified_gmt":"2021-05-20T13:19:18","slug":"laboratorio-de-metabolismo-osseo-hr-pqct-densitometria-ossea-e-biopsia-ossea","status":"publish","type":"page","link":"https:\/\/www.musculoesqueleticousp.com.br\/es\/sobre-nos\/infraestrutura\/laboratorios\/laboratorio-de-metabolismo-osseo-hr-pqct-densitometria-ossea-e-biopsia-ossea\/","title":{"rendered":"LABORATORIO DE METABOLISMO \u00d3SEO, HR-pQCT, DENSITOMETR\u00cdA \u00d3SEA Y BIOPSIA \u00d3SEA"},"content":{"rendered":"<p>El Laboratorio de Metabolismo \u00d3seo dispone de infraestructura para estudios asociados al metabolismo \u00f3seo a trav\u00e9s del an\u00e1lisis de par\u00e1metros de densidad mineral \u00f3sea y microarquitectura \u00f3sea. Estos an\u00e1lisis son posibles a trav\u00e9s de la adquisici\u00f3n de im\u00e1genes por los equipamientos de densitometr\u00eda \u00f3sea instalados en nuestra unidad de laboratorio (equipamientos: HOLOGIC-modelo Discovery y GE \u2013 modelo iDXA, adquiridos con financiamiento FAPESP y FINEP, respectivamente). Adicionalmente, los equipamientos son capaces de realizar an\u00e1lisis de la composici\u00f3n corporal a trav\u00e9s de la adquisici\u00f3n de imagen del cuerpo entero, bastante empleado en los estudios longitudinales evaluando a individuos obesos sometidos a cirug\u00eda bari\u00e1trica, as\u00ed como en estudios evaluando masa muscular y masa gorda de pacientes sometidos a ejercicios f\u00edsicos.<\/p>\n<p>Los equipamientos de densitometr\u00eda \u00f3sea poseen software para evaluaci\u00f3n de fractura vertebral, masa \u00f3sea en ni\u00f1os, adem\u00e1s de poseer un software capaz de evaluar la microarquitectura \u00f3sea evaluando el score de hueso trabecular (TBS).<\/p>\n<p>La unidad de laboratorio dispone tambi\u00e9n de equipamiento de tomograf\u00eda computadorizada de regi\u00f3n perif\u00e9rica de alta resoluci\u00f3n (HR-pQCT), adquirido a trav\u00e9s de financiamiento FAPESP, que permite evaluar tridimensionalmente de forma no invasiva, par\u00e1metros de densidad y estructura \u00f3seas. M\u00e1s recientemente, tambi\u00e9n a trav\u00e9s de financiamiento FAPESP, la unidad adquiri\u00f3 equipamiento de alta resoluci\u00f3n para an\u00e1lisis de histomorfometr\u00eda \u00f3sea a partir de biopsia \u00f3sea, poseyendo infraestructura para procesamiento de los fragmentos \u00f3seos hasta el an\u00e1lisis final.<\/p>\n<p>Estas metodolog\u00edas son bastante empleadas por postgraduandos m\u00e9dicos y no m\u00e9dicos de las \u00e1reas de reumatolog\u00eda, cardiolog\u00eda, nefrolog\u00eda, gastroenterolog\u00eda, educaci\u00f3n f\u00edsica, endocrinolog\u00eda que desarrollan trabajos en colaboraci\u00f3n. Adem\u00e1s del \u00e1rea de imagen, el laboratorio posee infraestructura para estudios en el \u00e1rea de biolog\u00eda celular con metodolog\u00eda desarrollada para cultivo de osteoclastos y osteoblastos; y estudios asociados a la biolog\u00eda molecular y gen\u00e9tica, con estructura para la realizaci\u00f3n de extracci\u00f3n de ARN y ADN, PCR y secuenciaci\u00f3n.<\/p>","protected":false},"excerpt":{"rendered":"<p>El Laboratorio de Metabolismo \u00d3seo dispone de infraestructura para estudios asociados al metabolismo \u00f3seo a trav\u00e9s del an\u00e1lisis de par\u00e1metros de densidad mineral \u00f3sea y microarquitectura [&hellip;]<\/p>\n","protected":false},"author":1,"featured_media":0,"parent":466,"menu_order":0,"comment_status":"closed","ping_status":"closed","template":"","meta":{"footnotes":""},"class_list":["post-507","page","type-page","status-publish","hentry"],"yoast_head":"<!-- This site is optimized with the Yoast SEO plugin v25.5 - https:\/\/yoast.com\/wordpress\/plugins\/seo\/ -->\n<title>LABORATORIO DE METABOLISMO \u00d3SEO, HR-pQCT, DENSITOMETR\u00cdA \u00d3SEA Y BIOPSIA \u00d3SEA - P\u00f3s-Gradua\u00e7\u00e3o em Ci\u00eancias do Sistema Musculoesquel\u00e9tico<\/title>\n<meta name=\"robots\" content=\"index, follow, max-snippet:-1, max-image-preview:large, max-video-preview:-1\" \/>\n<link rel=\"canonical\" href=\"https:\/\/www.musculoesqueleticousp.com.br\/sobre-nos\/infraestrutura\/laboratorios\/laboratorio-de-metabolismo-osseo-hr-pqct-densitometria-ossea-e-biopsia-ossea\/\" \/>\n<meta property=\"og:locale\" content=\"es_ES\" \/>\n<meta property=\"og:type\" content=\"article\" \/>\n<meta property=\"og:title\" content=\"LABORATORIO DE METABOLISMO \u00d3SEO, HR-pQCT, DENSITOMETR\u00cdA \u00d3SEA Y BIOPSIA \u00d3SEA - P\u00f3s-Gradua\u00e7\u00e3o em Ci\u00eancias do Sistema Musculoesquel\u00e9tico\" \/>\n<meta property=\"og:description\" content=\"El Laboratorio de Metabolismo \u00d3seo dispone de infraestructura para estudios asociados al metabolismo \u00f3seo a trav\u00e9s del an\u00e1lisis de par\u00e1metros de densidad mineral \u00f3sea y microarquitectura [&hellip;]\" \/>\n<meta property=\"og:url\" content=\"https:\/\/www.musculoesqueleticousp.com.br\/sobre-nos\/infraestrutura\/laboratorios\/laboratorio-de-metabolismo-osseo-hr-pqct-densitometria-ossea-e-biopsia-ossea\/\" \/>\n<meta property=\"og:site_name\" content=\"P\u00f3s-Gradua\u00e7\u00e3o em Ci\u00eancias do Sistema Musculoesquel\u00e9tico\" \/>\n<meta property=\"article:modified_time\" content=\"2021-05-20T13:19:18+00:00\" \/>\n<meta name=\"twitter:card\" content=\"summary_large_image\" \/>\n<meta name=\"twitter:label1\" content=\"Tiempo de lectura\" \/>\n\t<meta name=\"twitter:data1\" content=\"5 minutos\" \/>\n<script type=\"application\/ld+json\" class=\"yoast-schema-graph\">{\"@context\":\"https:\/\/schema.org\",\"@graph\":[{\"@type\":\"WebPage\",\"@id\":\"https:\/\/www.musculoesqueleticousp.com.br\/sobre-nos\/infraestrutura\/laboratorios\/laboratorio-de-metabolismo-osseo-hr-pqct-densitometria-ossea-e-biopsia-ossea\/\",\"url\":\"https:\/\/www.musculoesqueleticousp.com.br\/sobre-nos\/infraestrutura\/laboratorios\/laboratorio-de-metabolismo-osseo-hr-pqct-densitometria-ossea-e-biopsia-ossea\/\",\"name\":\"LABORATORIO DE METABOLISMO \u00d3SEO, HR-pQCT, DENSITOMETR\u00cdA \u00d3SEA Y BIOPSIA \u00d3SEA - P\u00f3s-Gradua\u00e7\u00e3o em Ci\u00eancias do Sistema Musculoesquel\u00e9tico\",\"isPartOf\":{\"@id\":\"https:\/\/www.musculoesqueleticousp.com.br\/en\/#website\"},\"datePublished\":\"2020-04-14T23:49:53+00:00\",\"dateModified\":\"2021-05-20T13:19:18+00:00\",\"breadcrumb\":{\"@id\":\"https:\/\/www.musculoesqueleticousp.com.br\/sobre-nos\/infraestrutura\/laboratorios\/laboratorio-de-metabolismo-osseo-hr-pqct-densitometria-ossea-e-biopsia-ossea\/#breadcrumb\"},\"inLanguage\":\"es\",\"potentialAction\":[{\"@type\":\"ReadAction\",\"target\":[\"https:\/\/www.musculoesqueleticousp.com.br\/sobre-nos\/infraestrutura\/laboratorios\/laboratorio-de-metabolismo-osseo-hr-pqct-densitometria-ossea-e-biopsia-ossea\/\"]}]},{\"@type\":\"BreadcrumbList\",\"@id\":\"https:\/\/www.musculoesqueleticousp.com.br\/sobre-nos\/infraestrutura\/laboratorios\/laboratorio-de-metabolismo-osseo-hr-pqct-densitometria-ossea-e-biopsia-ossea\/#breadcrumb\",\"itemListElement\":[{\"@type\":\"ListItem\",\"position\":1,\"name\":\"Home\",\"item\":\"https:\/\/www.musculoesqueleticousp.com.br\/en\/\"},{\"@type\":\"ListItem\",\"position\":2,\"name\":\"Sobre N\u00f3s\",\"item\":\"https:\/\/www.musculoesqueleticousp.com.br\/sobre-nos\/\"},{\"@type\":\"ListItem\",\"position\":3,\"name\":\"Infraestrutura\",\"item\":\"https:\/\/www.musculoesqueleticousp.com.br\/sobre-nos\/infraestrutura\/\"},{\"@type\":\"ListItem\",\"position\":4,\"name\":\"Laborat\u00f3rios\",\"item\":\"https:\/\/www.musculoesqueleticousp.com.br\/sobre-nos\/infraestrutura\/laboratorios\/\"},{\"@type\":\"ListItem\",\"position\":5,\"name\":\"LABORAT\u00d3RIO DE METABOLISMO \u00d3SSEO, HR-pQCT, DENSITOMETRIA \u00d3SSEA E BI\u00d3PSIA \u00d3SSEA\"}]},{\"@type\":\"WebSite\",\"@id\":\"https:\/\/www.musculoesqueleticousp.com.br\/en\/#website\",\"url\":\"https:\/\/www.musculoesqueleticousp.com.br\/en\/\",\"name\":\"P\u00f3s-Gradua\u00e7\u00e3o em Ci\u00eancias do Sistema Musculoesquel\u00e9tico\",\"description\":\"Website do P\u00f3s-Gradua\u00e7\u00e3o em Ci\u00eancias do Sistema Musculoesquel\u00e9tico\",\"publisher\":{\"@id\":\"https:\/\/www.musculoesqueleticousp.com.br\/en\/#organization\"},\"potentialAction\":[{\"@type\":\"SearchAction\",\"target\":{\"@type\":\"EntryPoint\",\"urlTemplate\":\"https:\/\/www.musculoesqueleticousp.com.br\/en\/?s={search_term_string}\"},\"query-input\":{\"@type\":\"PropertyValueSpecification\",\"valueRequired\":true,\"valueName\":\"search_term_string\"}}],\"inLanguage\":\"es\"},{\"@type\":\"Organization\",\"@id\":\"https:\/\/www.musculoesqueleticousp.com.br\/en\/#organization\",\"name\":\"P\u00f3s-Gradua\u00e7\u00e3o em Ci\u00eancias do Sistema Musculoesquel\u00e9tico\",\"url\":\"https:\/\/www.musculoesqueleticousp.com.br\/en\/\",\"logo\":{\"@type\":\"ImageObject\",\"inLanguage\":\"es\",\"@id\":\"https:\/\/www.musculoesqueleticousp.com.br\/en\/#\/schema\/logo\/image\/\",\"url\":\"https:\/\/www.musculoesqueleticousp.com.br\/wp-content\/uploads\/2020\/04\/logo_pg_cme_v3_h120.png\",\"contentUrl\":\"https:\/\/www.musculoesqueleticousp.com.br\/wp-content\/uploads\/2020\/04\/logo_pg_cme_v3_h120.png\",\"width\":481,\"height\":120,\"caption\":\"P\u00f3s-Gradua\u00e7\u00e3o em Ci\u00eancias do Sistema Musculoesquel\u00e9tico\"},\"image\":{\"@id\":\"https:\/\/www.musculoesqueleticousp.com.br\/en\/#\/schema\/logo\/image\/\"}}]}<\/script>\n<!-- \/ Yoast SEO plugin. -->","yoast_head_json":{"title":"LABORATORIO DE METABOLISMO \u00d3SEO, HR-pQCT, DENSITOMETR\u00cdA \u00d3SEA Y BIOPSIA \u00d3SEA - P\u00f3s-Gradua\u00e7\u00e3o em Ci\u00eancias do Sistema Musculoesquel\u00e9tico","robots":{"index":"index","follow":"follow","max-snippet":"max-snippet:-1","max-image-preview":"max-image-preview:large","max-video-preview":"max-video-preview:-1"},"canonical":"https:\/\/www.musculoesqueleticousp.com.br\/sobre-nos\/infraestrutura\/laboratorios\/laboratorio-de-metabolismo-osseo-hr-pqct-densitometria-ossea-e-biopsia-ossea\/","og_locale":"es_ES","og_type":"article","og_title":"LABORATORIO DE METABOLISMO \u00d3SEO, HR-pQCT, DENSITOMETR\u00cdA \u00d3SEA Y BIOPSIA \u00d3SEA - P\u00f3s-Gradua\u00e7\u00e3o em Ci\u00eancias do Sistema Musculoesquel\u00e9tico","og_description":"El Laboratorio de Metabolismo \u00d3seo dispone de infraestructura para estudios asociados al metabolismo \u00f3seo a trav\u00e9s del an\u00e1lisis de par\u00e1metros de densidad mineral \u00f3sea y microarquitectura [&hellip;]","og_url":"https:\/\/www.musculoesqueleticousp.com.br\/sobre-nos\/infraestrutura\/laboratorios\/laboratorio-de-metabolismo-osseo-hr-pqct-densitometria-ossea-e-biopsia-ossea\/","og_site_name":"P\u00f3s-Gradua\u00e7\u00e3o em Ci\u00eancias do Sistema Musculoesquel\u00e9tico","article_modified_time":"2021-05-20T13:19:18+00:00","twitter_card":"summary_large_image","twitter_misc":{"Tiempo de lectura":"5 minutos"},"schema":{"@context":"https:\/\/schema.org","@graph":[{"@type":"WebPage","@id":"https:\/\/www.musculoesqueleticousp.com.br\/sobre-nos\/infraestrutura\/laboratorios\/laboratorio-de-metabolismo-osseo-hr-pqct-densitometria-ossea-e-biopsia-ossea\/","url":"https:\/\/www.musculoesqueleticousp.com.br\/sobre-nos\/infraestrutura\/laboratorios\/laboratorio-de-metabolismo-osseo-hr-pqct-densitometria-ossea-e-biopsia-ossea\/","name":"LABORATORIO DE METABOLISMO \u00d3SEO, HR-pQCT, DENSITOMETR\u00cdA \u00d3SEA Y BIOPSIA \u00d3SEA - P\u00f3s-Gradua\u00e7\u00e3o em Ci\u00eancias do Sistema Musculoesquel\u00e9tico","isPartOf":{"@id":"https:\/\/www.musculoesqueleticousp.com.br\/en\/#website"},"datePublished":"2020-04-14T23:49:53+00:00","dateModified":"2021-05-20T13:19:18+00:00","breadcrumb":{"@id":"https:\/\/www.musculoesqueleticousp.com.br\/sobre-nos\/infraestrutura\/laboratorios\/laboratorio-de-metabolismo-osseo-hr-pqct-densitometria-ossea-e-biopsia-ossea\/#breadcrumb"},"inLanguage":"es","potentialAction":[{"@type":"ReadAction","target":["https:\/\/www.musculoesqueleticousp.com.br\/sobre-nos\/infraestrutura\/laboratorios\/laboratorio-de-metabolismo-osseo-hr-pqct-densitometria-ossea-e-biopsia-ossea\/"]}]},{"@type":"BreadcrumbList","@id":"https:\/\/www.musculoesqueleticousp.com.br\/sobre-nos\/infraestrutura\/laboratorios\/laboratorio-de-metabolismo-osseo-hr-pqct-densitometria-ossea-e-biopsia-ossea\/#breadcrumb","itemListElement":[{"@type":"ListItem","position":1,"name":"Home","item":"https:\/\/www.musculoesqueleticousp.com.br\/en\/"},{"@type":"ListItem","position":2,"name":"Sobre N\u00f3s","item":"https:\/\/www.musculoesqueleticousp.com.br\/sobre-nos\/"},{"@type":"ListItem","position":3,"name":"Infraestrutura","item":"https:\/\/www.musculoesqueleticousp.com.br\/sobre-nos\/infraestrutura\/"},{"@type":"ListItem","position":4,"name":"Laborat\u00f3rios","item":"https:\/\/www.musculoesqueleticousp.com.br\/sobre-nos\/infraestrutura\/laboratorios\/"},{"@type":"ListItem","position":5,"name":"LABORAT\u00d3RIO DE METABOLISMO \u00d3SSEO, HR-pQCT, DENSITOMETRIA \u00d3SSEA E BI\u00d3PSIA \u00d3SSEA"}]},{"@type":"WebSite","@id":"https:\/\/www.musculoesqueleticousp.com.br\/en\/#website","url":"https:\/\/www.musculoesqueleticousp.com.br\/en\/","name":"P\u00f3s-Gradua\u00e7\u00e3o em Ci\u00eancias do Sistema Musculoesquel\u00e9tico","description":"Website do P\u00f3s-Gradua\u00e7\u00e3o em Ci\u00eancias do Sistema Musculoesquel\u00e9tico","publisher":{"@id":"https:\/\/www.musculoesqueleticousp.com.br\/en\/#organization"},"potentialAction":[{"@type":"SearchAction","target":{"@type":"EntryPoint","urlTemplate":"https:\/\/www.musculoesqueleticousp.com.br\/en\/?s={search_term_string}"},"query-input":{"@type":"PropertyValueSpecification","valueRequired":true,"valueName":"search_term_string"}}],"inLanguage":"es"},{"@type":"Organization","@id":"https:\/\/www.musculoesqueleticousp.com.br\/en\/#organization","name":"P\u00f3s-Gradua\u00e7\u00e3o em Ci\u00eancias do Sistema Musculoesquel\u00e9tico","url":"https:\/\/www.musculoesqueleticousp.com.br\/en\/","logo":{"@type":"ImageObject","inLanguage":"es","@id":"https:\/\/www.musculoesqueleticousp.com.br\/en\/#\/schema\/logo\/image\/","url":"https:\/\/www.musculoesqueleticousp.com.br\/wp-content\/uploads\/2020\/04\/logo_pg_cme_v3_h120.png","contentUrl":"https:\/\/www.musculoesqueleticousp.com.br\/wp-content\/uploads\/2020\/04\/logo_pg_cme_v3_h120.png","width":481,"height":120,"caption":"P\u00f3s-Gradua\u00e7\u00e3o em Ci\u00eancias do Sistema Musculoesquel\u00e9tico"},"image":{"@id":"https:\/\/www.musculoesqueleticousp.com.br\/en\/#\/schema\/logo\/image\/"}}]}},"_links":{"self":[{"href":"https:\/\/www.musculoesqueleticousp.com.br\/es\/wp-json\/wp\/v2\/pages\/507","targetHints":{"allow":["GET"]}}],"collection":[{"href":"https:\/\/www.musculoesqueleticousp.com.br\/es\/wp-json\/wp\/v2\/pages"}],"about":[{"href":"https:\/\/www.musculoesqueleticousp.com.br\/es\/wp-json\/wp\/v2\/types\/page"}],"author":[{"embeddable":true,"href":"https:\/\/www.musculoesqueleticousp.com.br\/es\/wp-json\/wp\/v2\/users\/1"}],"replies":[{"embeddable":true,"href":"https:\/\/www.musculoesqueleticousp.com.br\/es\/wp-json\/wp\/v2\/comments?post=507"}],"version-history":[{"count":3,"href":"https:\/\/www.musculoesqueleticousp.com.br\/es\/wp-json\/wp\/v2\/pages\/507\/revisions"}],"predecessor-version":[{"id":1692,"href":"https:\/\/www.musculoesqueleticousp.com.br\/es\/wp-json\/wp\/v2\/pages\/507\/revisions\/1692"}],"up":[{"embeddable":true,"href":"https:\/\/www.musculoesqueleticousp.com.br\/es\/wp-json\/wp\/v2\/pages\/466"}],"wp:attachment":[{"href":"https:\/\/www.musculoesqueleticousp.com.br\/es\/wp-json\/wp\/v2\/media?parent=507"}],"curies":[{"name":"wp","href":"https:\/\/api.w.org\/{rel}","templated":true}]}}