{"id":501,"date":"2020-04-14T20:48:26","date_gmt":"2020-04-14T23:48:26","guid":{"rendered":"http:\/\/www.musculoesqueleticousp.com.br\/?page_id=501"},"modified":"2021-05-20T10:15:22","modified_gmt":"2021-05-20T13:15:22","slug":"laboratorio-de-avaliacao-e-condicionamento-em-reumatologia-lacre","status":"publish","type":"page","link":"https:\/\/www.musculoesqueleticousp.com.br\/es\/sobre-nos\/infraestrutura\/laboratorios\/laboratorio-de-avaliacao-e-condicionamento-em-reumatologia-lacre\/","title":{"rendered":"LABORATORIO DE EVALUACI\u00d3N Y ACONDICIONAMIENTO EN REUMATOLOG\u00cdA (LACRE)"},"content":{"rendered":"<p>El LACRE tiene como objetivo estudiar los efectos del ejercicio f\u00edsico programado (entrenamiento f\u00edsico) en los pacientes con las diversas patolog\u00edas reumatol\u00f3gicas. Adem\u00e1s de la finalidad de investigaci\u00f3n, el laboratorio tambi\u00e9n atiende la finalidad did\u00e1ctica, pues el equipo imparte clases sobre aparato locomotor y actividad f\u00edsica y adem\u00e1s entrena a los residentes y postgraduandos a prescribir el acondicionamiento f\u00edsico a los pacientes reumatol\u00f3gicos.<\/p>\n<p>El Laboratorio est\u00e1 compuesto por equipamientos de musculaci\u00f3n, cintas ergom\u00e9tricas y aparatos para ejecuci\u00f3n de test ergoespirom\u00e9trico y tests f\u00edsicos funcionales. El laboratorio dispone tambi\u00e9n de aceler\u00f3metros y frecuenc\u00edmetros, que permiten evaluaci\u00f3n del nivel de actividad f\u00edsica en los pacientes. La colecta de sangre es hecha en cooperaci\u00f3n con el Laboratorio Central. El LACRE tambi\u00e9n cuenta con sala especialmente destinada para procedimientos invasivos (colecta de sangre y biopsia muscular), que permiten la investigaci\u00f3n de mecanismos asociados a las adaptaciones agudas y cr\u00f3nicas al ejercicio. Aunque el enfoque central del LACRE sea el estudio de las enfermedades reumatol\u00f3gicas, el laboratorio tambi\u00e9n contribuye con proyectos de diversas otras disciplinas, como Neurolog\u00eda.<\/p>\n<p>Son varios los proyectos desarrollados en el laboratorio, no s\u00f3lo con pacientes de Reumatolog\u00eda, sino tambi\u00e9n de cl\u00ednicas asociadas, como las de Cirug\u00eda Bari\u00e1trica, Gastroenterolog\u00eda, Endocrinolog\u00eda, Pediatr\u00eda, Urolog\u00eda, Nefrolog\u00eda y Cardiolog\u00eda.<\/p>\n<p>El LACRE es sede de las actividades principales del Grupo de Fisiolog\u00eda Aplicada y Nutrici\u00f3n, que tiene como misi\u00f3n conducir estudios amplios, de naturaleza cl\u00ednica o experimental, con el objetivo de desvendar el papel de la actividad f\u00edsica y de la nutrici\u00f3n en el deporte, en el envejecimiento, en la obesidad y en enfermedades cr\u00f3nicas. El grupo act\u00faa de forma transdisciplinaria, siendo formado por alumnos de Iniciaci\u00f3n Cient\u00edfica, maestr\u00eda, doctorado e investigadores de postdoctorado, con formaciones b\u00e1sicas bastante distintas, incluyendo Educaci\u00f3n F\u00edsica, Deporte, Nutrici\u00f3n, Fisioterapia, Medicina, Biolog\u00eda, Farmacia y Matem\u00e1tica. Los laboratorios de investigaci\u00f3n ocupados por el grupo se encuentran en la Facultad de Medicina (LIM-17), en el Hospital de Cl\u00ednicas (LACRE) y en la Escuela de Educaci\u00f3n F\u00edsica y Deporte de la USP. En conjunto, esos laboratorios ofrecen amplia posibilidad de testeo y evaluaci\u00f3n fisiol\u00f3gica de pacientes y atletas, bien como la prescripci\u00f3n de programas de ejercicios. Los an\u00e1lisis moleculares de expresi\u00f3n g\u00e9nica y proteica, ensayos enzim\u00e1ticos, cromatograf\u00eda l\u00edquida de alto desempe\u00f1o, histolog\u00eda y citolog\u00eda son t\u00e9cnicas realizadas por el grupo, que tambi\u00e9n cuenta con una balanza del tipo \u201cfish-pole\u201d, desarrollada en cooperaci\u00f3n con la Escuela Polit\u00e9cnica de la USP, y que permite medir fibras aisladas, paso esencial para la investigaci\u00f3n de la fisiolog\u00eda celular. El grupo tambi\u00e9n colabora activamente con diversos investigadores del programa y otros de la Instituci\u00f3n.<\/p>","protected":false},"excerpt":{"rendered":"<p>El LACRE tiene como objetivo estudiar los efectos del ejercicio f\u00edsico programado (entrenamiento f\u00edsico) en los pacientes con las diversas patolog\u00edas reumatol\u00f3gicas. Adem\u00e1s de la finalidad [&hellip;]<\/p>\n","protected":false},"author":1,"featured_media":0,"parent":466,"menu_order":0,"comment_status":"closed","ping_status":"closed","template":"","meta":{"footnotes":""},"class_list":["post-501","page","type-page","status-publish","hentry"],"yoast_head":"<!-- This site is optimized with the Yoast SEO plugin v25.5 - https:\/\/yoast.com\/wordpress\/plugins\/seo\/ -->\n<title>LABORATORIO DE EVALUACI\u00d3N Y ACONDICIONAMIENTO EN REUMATOLOG\u00cdA (LACRE) - P\u00f3s-Gradua\u00e7\u00e3o em Ci\u00eancias do Sistema Musculoesquel\u00e9tico<\/title>\n<meta name=\"robots\" content=\"index, follow, max-snippet:-1, max-image-preview:large, max-video-preview:-1\" \/>\n<link rel=\"canonical\" href=\"https:\/\/www.musculoesqueleticousp.com.br\/sobre-nos\/infraestrutura\/laboratorios\/laboratorio-de-avaliacao-e-condicionamento-em-reumatologia-lacre\/\" \/>\n<meta property=\"og:locale\" content=\"es_ES\" \/>\n<meta property=\"og:type\" content=\"article\" \/>\n<meta property=\"og:title\" content=\"LABORATORIO DE EVALUACI\u00d3N Y ACONDICIONAMIENTO EN REUMATOLOG\u00cdA (LACRE) - P\u00f3s-Gradua\u00e7\u00e3o em Ci\u00eancias do Sistema Musculoesquel\u00e9tico\" \/>\n<meta property=\"og:description\" content=\"El LACRE tiene como objetivo estudiar los efectos del ejercicio f\u00edsico programado (entrenamiento f\u00edsico) en los pacientes con las diversas patolog\u00edas reumatol\u00f3gicas. Adem\u00e1s de la finalidad [&hellip;]\" \/>\n<meta property=\"og:url\" content=\"https:\/\/www.musculoesqueleticousp.com.br\/sobre-nos\/infraestrutura\/laboratorios\/laboratorio-de-avaliacao-e-condicionamento-em-reumatologia-lacre\/\" \/>\n<meta property=\"og:site_name\" content=\"P\u00f3s-Gradua\u00e7\u00e3o em Ci\u00eancias do Sistema Musculoesquel\u00e9tico\" \/>\n<meta property=\"article:modified_time\" content=\"2021-05-20T13:15:22+00:00\" \/>\n<meta name=\"twitter:card\" content=\"summary_large_image\" \/>\n<meta name=\"twitter:label1\" content=\"Tiempo de lectura\" \/>\n\t<meta name=\"twitter:data1\" content=\"7 minutos\" \/>\n<script type=\"application\/ld+json\" class=\"yoast-schema-graph\">{\"@context\":\"https:\/\/schema.org\",\"@graph\":[{\"@type\":\"WebPage\",\"@id\":\"https:\/\/www.musculoesqueleticousp.com.br\/sobre-nos\/infraestrutura\/laboratorios\/laboratorio-de-avaliacao-e-condicionamento-em-reumatologia-lacre\/\",\"url\":\"https:\/\/www.musculoesqueleticousp.com.br\/sobre-nos\/infraestrutura\/laboratorios\/laboratorio-de-avaliacao-e-condicionamento-em-reumatologia-lacre\/\",\"name\":\"LABORATORIO DE EVALUACI\u00d3N Y ACONDICIONAMIENTO EN REUMATOLOG\u00cdA (LACRE) - P\u00f3s-Gradua\u00e7\u00e3o em Ci\u00eancias do Sistema Musculoesquel\u00e9tico\",\"isPartOf\":{\"@id\":\"https:\/\/www.musculoesqueleticousp.com.br\/en\/#website\"},\"datePublished\":\"2020-04-14T23:48:26+00:00\",\"dateModified\":\"2021-05-20T13:15:22+00:00\",\"breadcrumb\":{\"@id\":\"https:\/\/www.musculoesqueleticousp.com.br\/sobre-nos\/infraestrutura\/laboratorios\/laboratorio-de-avaliacao-e-condicionamento-em-reumatologia-lacre\/#breadcrumb\"},\"inLanguage\":\"es\",\"potentialAction\":[{\"@type\":\"ReadAction\",\"target\":[\"https:\/\/www.musculoesqueleticousp.com.br\/sobre-nos\/infraestrutura\/laboratorios\/laboratorio-de-avaliacao-e-condicionamento-em-reumatologia-lacre\/\"]}]},{\"@type\":\"BreadcrumbList\",\"@id\":\"https:\/\/www.musculoesqueleticousp.com.br\/sobre-nos\/infraestrutura\/laboratorios\/laboratorio-de-avaliacao-e-condicionamento-em-reumatologia-lacre\/#breadcrumb\",\"itemListElement\":[{\"@type\":\"ListItem\",\"position\":1,\"name\":\"Home\",\"item\":\"https:\/\/www.musculoesqueleticousp.com.br\/en\/\"},{\"@type\":\"ListItem\",\"position\":2,\"name\":\"Sobre N\u00f3s\",\"item\":\"https:\/\/www.musculoesqueleticousp.com.br\/sobre-nos\/\"},{\"@type\":\"ListItem\",\"position\":3,\"name\":\"Infraestrutura\",\"item\":\"https:\/\/www.musculoesqueleticousp.com.br\/sobre-nos\/infraestrutura\/\"},{\"@type\":\"ListItem\",\"position\":4,\"name\":\"Laborat\u00f3rios\",\"item\":\"https:\/\/www.musculoesqueleticousp.com.br\/sobre-nos\/infraestrutura\/laboratorios\/\"},{\"@type\":\"ListItem\",\"position\":5,\"name\":\"LABORAT\u00d3RIO DE AVALIA\u00c7\u00c3O E CONDICIONAMENTO EM REUMATOLOGIA (LACRE)\"}]},{\"@type\":\"WebSite\",\"@id\":\"https:\/\/www.musculoesqueleticousp.com.br\/en\/#website\",\"url\":\"https:\/\/www.musculoesqueleticousp.com.br\/en\/\",\"name\":\"P\u00f3s-Gradua\u00e7\u00e3o em Ci\u00eancias do Sistema Musculoesquel\u00e9tico\",\"description\":\"Website do P\u00f3s-Gradua\u00e7\u00e3o em Ci\u00eancias do Sistema Musculoesquel\u00e9tico\",\"publisher\":{\"@id\":\"https:\/\/www.musculoesqueleticousp.com.br\/en\/#organization\"},\"potentialAction\":[{\"@type\":\"SearchAction\",\"target\":{\"@type\":\"EntryPoint\",\"urlTemplate\":\"https:\/\/www.musculoesqueleticousp.com.br\/en\/?s={search_term_string}\"},\"query-input\":{\"@type\":\"PropertyValueSpecification\",\"valueRequired\":true,\"valueName\":\"search_term_string\"}}],\"inLanguage\":\"es\"},{\"@type\":\"Organization\",\"@id\":\"https:\/\/www.musculoesqueleticousp.com.br\/en\/#organization\",\"name\":\"P\u00f3s-Gradua\u00e7\u00e3o em Ci\u00eancias do Sistema Musculoesquel\u00e9tico\",\"url\":\"https:\/\/www.musculoesqueleticousp.com.br\/en\/\",\"logo\":{\"@type\":\"ImageObject\",\"inLanguage\":\"es\",\"@id\":\"https:\/\/www.musculoesqueleticousp.com.br\/en\/#\/schema\/logo\/image\/\",\"url\":\"https:\/\/www.musculoesqueleticousp.com.br\/wp-content\/uploads\/2020\/04\/logo_pg_cme_v3_h120.png\",\"contentUrl\":\"https:\/\/www.musculoesqueleticousp.com.br\/wp-content\/uploads\/2020\/04\/logo_pg_cme_v3_h120.png\",\"width\":481,\"height\":120,\"caption\":\"P\u00f3s-Gradua\u00e7\u00e3o em Ci\u00eancias do Sistema Musculoesquel\u00e9tico\"},\"image\":{\"@id\":\"https:\/\/www.musculoesqueleticousp.com.br\/en\/#\/schema\/logo\/image\/\"}}]}<\/script>\n<!-- \/ Yoast SEO plugin. -->","yoast_head_json":{"title":"LABORATORIO DE EVALUACI\u00d3N Y ACONDICIONAMIENTO EN REUMATOLOG\u00cdA (LACRE) - P\u00f3s-Gradua\u00e7\u00e3o em Ci\u00eancias do Sistema Musculoesquel\u00e9tico","robots":{"index":"index","follow":"follow","max-snippet":"max-snippet:-1","max-image-preview":"max-image-preview:large","max-video-preview":"max-video-preview:-1"},"canonical":"https:\/\/www.musculoesqueleticousp.com.br\/sobre-nos\/infraestrutura\/laboratorios\/laboratorio-de-avaliacao-e-condicionamento-em-reumatologia-lacre\/","og_locale":"es_ES","og_type":"article","og_title":"LABORATORIO DE EVALUACI\u00d3N Y ACONDICIONAMIENTO EN REUMATOLOG\u00cdA (LACRE) - P\u00f3s-Gradua\u00e7\u00e3o em Ci\u00eancias do Sistema Musculoesquel\u00e9tico","og_description":"El LACRE tiene como objetivo estudiar los efectos del ejercicio f\u00edsico programado (entrenamiento f\u00edsico) en los pacientes con las diversas patolog\u00edas reumatol\u00f3gicas. Adem\u00e1s de la finalidad [&hellip;]","og_url":"https:\/\/www.musculoesqueleticousp.com.br\/sobre-nos\/infraestrutura\/laboratorios\/laboratorio-de-avaliacao-e-condicionamento-em-reumatologia-lacre\/","og_site_name":"P\u00f3s-Gradua\u00e7\u00e3o em Ci\u00eancias do Sistema Musculoesquel\u00e9tico","article_modified_time":"2021-05-20T13:15:22+00:00","twitter_card":"summary_large_image","twitter_misc":{"Tiempo de lectura":"7 minutos"},"schema":{"@context":"https:\/\/schema.org","@graph":[{"@type":"WebPage","@id":"https:\/\/www.musculoesqueleticousp.com.br\/sobre-nos\/infraestrutura\/laboratorios\/laboratorio-de-avaliacao-e-condicionamento-em-reumatologia-lacre\/","url":"https:\/\/www.musculoesqueleticousp.com.br\/sobre-nos\/infraestrutura\/laboratorios\/laboratorio-de-avaliacao-e-condicionamento-em-reumatologia-lacre\/","name":"LABORATORIO DE EVALUACI\u00d3N Y ACONDICIONAMIENTO EN REUMATOLOG\u00cdA (LACRE) - P\u00f3s-Gradua\u00e7\u00e3o em Ci\u00eancias do Sistema Musculoesquel\u00e9tico","isPartOf":{"@id":"https:\/\/www.musculoesqueleticousp.com.br\/en\/#website"},"datePublished":"2020-04-14T23:48:26+00:00","dateModified":"2021-05-20T13:15:22+00:00","breadcrumb":{"@id":"https:\/\/www.musculoesqueleticousp.com.br\/sobre-nos\/infraestrutura\/laboratorios\/laboratorio-de-avaliacao-e-condicionamento-em-reumatologia-lacre\/#breadcrumb"},"inLanguage":"es","potentialAction":[{"@type":"ReadAction","target":["https:\/\/www.musculoesqueleticousp.com.br\/sobre-nos\/infraestrutura\/laboratorios\/laboratorio-de-avaliacao-e-condicionamento-em-reumatologia-lacre\/"]}]},{"@type":"BreadcrumbList","@id":"https:\/\/www.musculoesqueleticousp.com.br\/sobre-nos\/infraestrutura\/laboratorios\/laboratorio-de-avaliacao-e-condicionamento-em-reumatologia-lacre\/#breadcrumb","itemListElement":[{"@type":"ListItem","position":1,"name":"Home","item":"https:\/\/www.musculoesqueleticousp.com.br\/en\/"},{"@type":"ListItem","position":2,"name":"Sobre N\u00f3s","item":"https:\/\/www.musculoesqueleticousp.com.br\/sobre-nos\/"},{"@type":"ListItem","position":3,"name":"Infraestrutura","item":"https:\/\/www.musculoesqueleticousp.com.br\/sobre-nos\/infraestrutura\/"},{"@type":"ListItem","position":4,"name":"Laborat\u00f3rios","item":"https:\/\/www.musculoesqueleticousp.com.br\/sobre-nos\/infraestrutura\/laboratorios\/"},{"@type":"ListItem","position":5,"name":"LABORAT\u00d3RIO DE AVALIA\u00c7\u00c3O E CONDICIONAMENTO EM REUMATOLOGIA (LACRE)"}]},{"@type":"WebSite","@id":"https:\/\/www.musculoesqueleticousp.com.br\/en\/#website","url":"https:\/\/www.musculoesqueleticousp.com.br\/en\/","name":"P\u00f3s-Gradua\u00e7\u00e3o em Ci\u00eancias do Sistema Musculoesquel\u00e9tico","description":"Website do P\u00f3s-Gradua\u00e7\u00e3o em Ci\u00eancias do Sistema Musculoesquel\u00e9tico","publisher":{"@id":"https:\/\/www.musculoesqueleticousp.com.br\/en\/#organization"},"potentialAction":[{"@type":"SearchAction","target":{"@type":"EntryPoint","urlTemplate":"https:\/\/www.musculoesqueleticousp.com.br\/en\/?s={search_term_string}"},"query-input":{"@type":"PropertyValueSpecification","valueRequired":true,"valueName":"search_term_string"}}],"inLanguage":"es"},{"@type":"Organization","@id":"https:\/\/www.musculoesqueleticousp.com.br\/en\/#organization","name":"P\u00f3s-Gradua\u00e7\u00e3o em Ci\u00eancias do Sistema Musculoesquel\u00e9tico","url":"https:\/\/www.musculoesqueleticousp.com.br\/en\/","logo":{"@type":"ImageObject","inLanguage":"es","@id":"https:\/\/www.musculoesqueleticousp.com.br\/en\/#\/schema\/logo\/image\/","url":"https:\/\/www.musculoesqueleticousp.com.br\/wp-content\/uploads\/2020\/04\/logo_pg_cme_v3_h120.png","contentUrl":"https:\/\/www.musculoesqueleticousp.com.br\/wp-content\/uploads\/2020\/04\/logo_pg_cme_v3_h120.png","width":481,"height":120,"caption":"P\u00f3s-Gradua\u00e7\u00e3o em Ci\u00eancias do Sistema Musculoesquel\u00e9tico"},"image":{"@id":"https:\/\/www.musculoesqueleticousp.com.br\/en\/#\/schema\/logo\/image\/"}}]}},"_links":{"self":[{"href":"https:\/\/www.musculoesqueleticousp.com.br\/es\/wp-json\/wp\/v2\/pages\/501","targetHints":{"allow":["GET"]}}],"collection":[{"href":"https:\/\/www.musculoesqueleticousp.com.br\/es\/wp-json\/wp\/v2\/pages"}],"about":[{"href":"https:\/\/www.musculoesqueleticousp.com.br\/es\/wp-json\/wp\/v2\/types\/page"}],"author":[{"embeddable":true,"href":"https:\/\/www.musculoesqueleticousp.com.br\/es\/wp-json\/wp\/v2\/users\/1"}],"replies":[{"embeddable":true,"href":"https:\/\/www.musculoesqueleticousp.com.br\/es\/wp-json\/wp\/v2\/comments?post=501"}],"version-history":[{"count":3,"href":"https:\/\/www.musculoesqueleticousp.com.br\/es\/wp-json\/wp\/v2\/pages\/501\/revisions"}],"predecessor-version":[{"id":1688,"href":"https:\/\/www.musculoesqueleticousp.com.br\/es\/wp-json\/wp\/v2\/pages\/501\/revisions\/1688"}],"up":[{"embeddable":true,"href":"https:\/\/www.musculoesqueleticousp.com.br\/es\/wp-json\/wp\/v2\/pages\/466"}],"wp:attachment":[{"href":"https:\/\/www.musculoesqueleticousp.com.br\/es\/wp-json\/wp\/v2\/media?parent=501"}],"curies":[{"name":"wp","href":"https:\/\/api.w.org\/{rel}","templated":true}]}}