{"id":493,"date":"2020-04-14T20:46:54","date_gmt":"2020-04-14T23:46:54","guid":{"rendered":"http:\/\/www.musculoesqueleticousp.com.br\/?page_id=493"},"modified":"2021-05-20T10:09:38","modified_gmt":"2021-05-20T13:09:38","slug":"nucleo-de-ortopedia-regenerativa-banco-de-tecidos-e-terapia-celular","status":"publish","type":"page","link":"https:\/\/www.musculoesqueleticousp.com.br\/es\/sobre-nos\/infraestrutura\/laboratorios\/nucleo-de-ortopedia-regenerativa-banco-de-tecidos-e-terapia-celular\/","title":{"rendered":"N\u00daCLEO DE ORTOPEDIA REGENERATIVA, BANCO DE TEJIDOS Y TERAPIA CELULAR"},"content":{"rendered":"<p><img loading=\"lazy\" decoding=\"async\" class=\"alignnone wp-image-1469\" src=\"https:\/\/www.musculoesqueleticousp.com.br\/wp-content\/uploads\/2021\/04\/IMG_3544-e1597151730438-1024x386-1-300x113.jpg\" alt=\"\" width=\"1349\" height=\"508\" srcset=\"https:\/\/www.musculoesqueleticousp.com.br\/wp-content\/uploads\/2021\/04\/IMG_3544-e1597151730438-1024x386-1-300x113.jpg 300w, https:\/\/www.musculoesqueleticousp.com.br\/wp-content\/uploads\/2021\/04\/IMG_3544-e1597151730438-1024x386-1-768x290.jpg 768w, https:\/\/www.musculoesqueleticousp.com.br\/wp-content\/uploads\/2021\/04\/IMG_3544-e1597151730438-1024x386-1-260x98.jpg 260w, https:\/\/www.musculoesqueleticousp.com.br\/wp-content\/uploads\/2021\/04\/IMG_3544-e1597151730438-1024x386-1-50x19.jpg 50w, https:\/\/www.musculoesqueleticousp.com.br\/wp-content\/uploads\/2021\/04\/IMG_3544-e1597151730438-1024x386-1-150x57.jpg 150w, https:\/\/www.musculoesqueleticousp.com.br\/wp-content\/uploads\/2021\/04\/IMG_3544-e1597151730438-1024x386-1.jpg 1024w\" sizes=\"auto, (max-width: 1349px) 100vw, 1349px\" \/>El N\u00facleo de Ortopedia Regenerativa, Banco de Tejidos y Terapia Celular fue instituido en 2018 siguiendo tendencia de vanguardia en el desarrollo de este tipo de l\u00ednea de investigaci\u00f3n. Centros importantes en EE.UU. y Europa iniciaron este perfil de n\u00facleos de investigaci\u00f3n y desarrollo. Actualmente, se destaca que el \u00e1rea de medicina regenerativa en el sistema musculoesquel\u00e9tico presenta franco y exponencial desarrollo. En el \u00e1mbito de la terapia celular, en febrero de 2018 fue publicada la nueva reglamentaci\u00f3n\/legislaci\u00f3n brasile\u00f1a, demostrando actualidad del tema.<\/p>\n<p>Se pretende establecer y ampliar el desarrollo de Biobanco\/Biorepositorio de investigaci\u00f3n en esta \u00e1rea. Con la existencia de este n\u00facleo, se permite ampliar las l\u00edneas de investigaci\u00f3n abarcando Terapia Celular y Ortopedia Regenerativa. El N\u00facleo engloba al Banco de Tejidos que existe desde 1952 y cuenta hoy con las m\u00e1s modernas tecnolog\u00edas para atender las normas de ANVISA y del Sistema Nacional de Trasplantes. Tiene como objetivo b\u00e1sico la captaci\u00f3n y procesamiento de tejido \u00f3seo, cart\u00edlagos, tendones, fascias y ligamentos. Posee un \u00e1rea de procesamiento y de criopreservaci\u00f3n propia, adem\u00e1s de Centro Quir\u00fargico aut\u00f3nomo.<\/p>","protected":false},"excerpt":{"rendered":"<p>El N\u00facleo de Ortopedia Regenerativa, Banco de Tejidos y Terapia Celular fue instituido en 2018 siguiendo tendencia de vanguardia en el desarrollo de este tipo de [&hellip;]<\/p>\n","protected":false},"author":1,"featured_media":0,"parent":466,"menu_order":0,"comment_status":"closed","ping_status":"closed","template":"","meta":{"footnotes":""},"class_list":["post-493","page","type-page","status-publish","hentry"],"yoast_head":"<!-- This site is optimized with the Yoast SEO plugin v25.5 - https:\/\/yoast.com\/wordpress\/plugins\/seo\/ -->\n<title>N\u00daCLEO DE ORTOPEDIA REGENERATIVA, BANCO DE TEJIDOS Y TERAPIA CELULAR - P\u00f3s-Gradua\u00e7\u00e3o em Ci\u00eancias do Sistema Musculoesquel\u00e9tico<\/title>\n<meta name=\"robots\" content=\"index, follow, max-snippet:-1, max-image-preview:large, max-video-preview:-1\" \/>\n<link rel=\"canonical\" href=\"https:\/\/www.musculoesqueleticousp.com.br\/sobre-nos\/infraestrutura\/laboratorios\/nucleo-de-ortopedia-regenerativa-banco-de-tecidos-e-terapia-celular\/\" \/>\n<meta property=\"og:locale\" content=\"es_ES\" \/>\n<meta property=\"og:type\" content=\"article\" \/>\n<meta property=\"og:title\" content=\"N\u00daCLEO DE ORTOPEDIA REGENERATIVA, BANCO DE TEJIDOS Y TERAPIA CELULAR - P\u00f3s-Gradua\u00e7\u00e3o em Ci\u00eancias do Sistema Musculoesquel\u00e9tico\" \/>\n<meta property=\"og:description\" content=\"El N\u00facleo de Ortopedia Regenerativa, Banco de Tejidos y Terapia Celular fue instituido en 2018 siguiendo tendencia de vanguardia en el desarrollo de este tipo de [&hellip;]\" \/>\n<meta property=\"og:url\" content=\"https:\/\/www.musculoesqueleticousp.com.br\/sobre-nos\/infraestrutura\/laboratorios\/nucleo-de-ortopedia-regenerativa-banco-de-tecidos-e-terapia-celular\/\" \/>\n<meta property=\"og:site_name\" content=\"P\u00f3s-Gradua\u00e7\u00e3o em Ci\u00eancias do Sistema Musculoesquel\u00e9tico\" \/>\n<meta property=\"article:modified_time\" content=\"2021-05-20T13:09:38+00:00\" \/>\n<meta property=\"og:image\" content=\"https:\/\/www.musculoesqueleticousp.com.br\/wp-content\/uploads\/2021\/04\/IMG_3544-e1597151730438-1024x386-1-300x113.jpg\" \/>\n<meta name=\"twitter:card\" content=\"summary_large_image\" \/>\n<meta name=\"twitter:label1\" content=\"Tiempo de lectura\" \/>\n\t<meta name=\"twitter:data1\" content=\"3 minutos\" \/>\n<script type=\"application\/ld+json\" class=\"yoast-schema-graph\">{\"@context\":\"https:\/\/schema.org\",\"@graph\":[{\"@type\":\"WebPage\",\"@id\":\"https:\/\/www.musculoesqueleticousp.com.br\/sobre-nos\/infraestrutura\/laboratorios\/nucleo-de-ortopedia-regenerativa-banco-de-tecidos-e-terapia-celular\/\",\"url\":\"https:\/\/www.musculoesqueleticousp.com.br\/sobre-nos\/infraestrutura\/laboratorios\/nucleo-de-ortopedia-regenerativa-banco-de-tecidos-e-terapia-celular\/\",\"name\":\"N\u00daCLEO DE ORTOPEDIA REGENERATIVA, BANCO DE TEJIDOS Y TERAPIA CELULAR - P\u00f3s-Gradua\u00e7\u00e3o em Ci\u00eancias do Sistema Musculoesquel\u00e9tico\",\"isPartOf\":{\"@id\":\"https:\/\/www.musculoesqueleticousp.com.br\/en\/#website\"},\"primaryImageOfPage\":{\"@id\":\"https:\/\/www.musculoesqueleticousp.com.br\/sobre-nos\/infraestrutura\/laboratorios\/nucleo-de-ortopedia-regenerativa-banco-de-tecidos-e-terapia-celular\/#primaryimage\"},\"image\":{\"@id\":\"https:\/\/www.musculoesqueleticousp.com.br\/sobre-nos\/infraestrutura\/laboratorios\/nucleo-de-ortopedia-regenerativa-banco-de-tecidos-e-terapia-celular\/#primaryimage\"},\"thumbnailUrl\":\"https:\/\/www.musculoesqueleticousp.com.br\/wp-content\/uploads\/2021\/04\/IMG_3544-e1597151730438-1024x386-1-300x113.jpg\",\"datePublished\":\"2020-04-14T23:46:54+00:00\",\"dateModified\":\"2021-05-20T13:09:38+00:00\",\"breadcrumb\":{\"@id\":\"https:\/\/www.musculoesqueleticousp.com.br\/sobre-nos\/infraestrutura\/laboratorios\/nucleo-de-ortopedia-regenerativa-banco-de-tecidos-e-terapia-celular\/#breadcrumb\"},\"inLanguage\":\"es\",\"potentialAction\":[{\"@type\":\"ReadAction\",\"target\":[\"https:\/\/www.musculoesqueleticousp.com.br\/sobre-nos\/infraestrutura\/laboratorios\/nucleo-de-ortopedia-regenerativa-banco-de-tecidos-e-terapia-celular\/\"]}]},{\"@type\":\"ImageObject\",\"inLanguage\":\"es\",\"@id\":\"https:\/\/www.musculoesqueleticousp.com.br\/sobre-nos\/infraestrutura\/laboratorios\/nucleo-de-ortopedia-regenerativa-banco-de-tecidos-e-terapia-celular\/#primaryimage\",\"url\":\"https:\/\/www.musculoesqueleticousp.com.br\/wp-content\/uploads\/2021\/04\/IMG_3544-e1597151730438-1024x386-1-300x113.jpg\",\"contentUrl\":\"https:\/\/www.musculoesqueleticousp.com.br\/wp-content\/uploads\/2021\/04\/IMG_3544-e1597151730438-1024x386-1-300x113.jpg\"},{\"@type\":\"BreadcrumbList\",\"@id\":\"https:\/\/www.musculoesqueleticousp.com.br\/sobre-nos\/infraestrutura\/laboratorios\/nucleo-de-ortopedia-regenerativa-banco-de-tecidos-e-terapia-celular\/#breadcrumb\",\"itemListElement\":[{\"@type\":\"ListItem\",\"position\":1,\"name\":\"Home\",\"item\":\"https:\/\/www.musculoesqueleticousp.com.br\/en\/\"},{\"@type\":\"ListItem\",\"position\":2,\"name\":\"Sobre N\u00f3s\",\"item\":\"https:\/\/www.musculoesqueleticousp.com.br\/sobre-nos\/\"},{\"@type\":\"ListItem\",\"position\":3,\"name\":\"Infraestrutura\",\"item\":\"https:\/\/www.musculoesqueleticousp.com.br\/sobre-nos\/infraestrutura\/\"},{\"@type\":\"ListItem\",\"position\":4,\"name\":\"Laborat\u00f3rios\",\"item\":\"https:\/\/www.musculoesqueleticousp.com.br\/sobre-nos\/infraestrutura\/laboratorios\/\"},{\"@type\":\"ListItem\",\"position\":5,\"name\":\"N\u00daCLEO DE ORTOPEDIA REGENERATIVA, BANCO DE TECIDOS E TERAPIA CELULAR\"}]},{\"@type\":\"WebSite\",\"@id\":\"https:\/\/www.musculoesqueleticousp.com.br\/en\/#website\",\"url\":\"https:\/\/www.musculoesqueleticousp.com.br\/en\/\",\"name\":\"P\u00f3s-Gradua\u00e7\u00e3o em Ci\u00eancias do Sistema Musculoesquel\u00e9tico\",\"description\":\"Website do P\u00f3s-Gradua\u00e7\u00e3o em Ci\u00eancias do Sistema Musculoesquel\u00e9tico\",\"publisher\":{\"@id\":\"https:\/\/www.musculoesqueleticousp.com.br\/en\/#organization\"},\"potentialAction\":[{\"@type\":\"SearchAction\",\"target\":{\"@type\":\"EntryPoint\",\"urlTemplate\":\"https:\/\/www.musculoesqueleticousp.com.br\/en\/?s={search_term_string}\"},\"query-input\":{\"@type\":\"PropertyValueSpecification\",\"valueRequired\":true,\"valueName\":\"search_term_string\"}}],\"inLanguage\":\"es\"},{\"@type\":\"Organization\",\"@id\":\"https:\/\/www.musculoesqueleticousp.com.br\/en\/#organization\",\"name\":\"P\u00f3s-Gradua\u00e7\u00e3o em Ci\u00eancias do Sistema Musculoesquel\u00e9tico\",\"url\":\"https:\/\/www.musculoesqueleticousp.com.br\/en\/\",\"logo\":{\"@type\":\"ImageObject\",\"inLanguage\":\"es\",\"@id\":\"https:\/\/www.musculoesqueleticousp.com.br\/en\/#\/schema\/logo\/image\/\",\"url\":\"https:\/\/www.musculoesqueleticousp.com.br\/wp-content\/uploads\/2020\/04\/logo_pg_cme_v3_h120.png\",\"contentUrl\":\"https:\/\/www.musculoesqueleticousp.com.br\/wp-content\/uploads\/2020\/04\/logo_pg_cme_v3_h120.png\",\"width\":481,\"height\":120,\"caption\":\"P\u00f3s-Gradua\u00e7\u00e3o em Ci\u00eancias do Sistema Musculoesquel\u00e9tico\"},\"image\":{\"@id\":\"https:\/\/www.musculoesqueleticousp.com.br\/en\/#\/schema\/logo\/image\/\"}}]}<\/script>\n<!-- \/ Yoast SEO plugin. -->","yoast_head_json":{"title":"N\u00daCLEO DE ORTOPEDIA REGENERATIVA, BANCO DE TEJIDOS Y TERAPIA CELULAR - P\u00f3s-Gradua\u00e7\u00e3o em Ci\u00eancias do Sistema Musculoesquel\u00e9tico","robots":{"index":"index","follow":"follow","max-snippet":"max-snippet:-1","max-image-preview":"max-image-preview:large","max-video-preview":"max-video-preview:-1"},"canonical":"https:\/\/www.musculoesqueleticousp.com.br\/sobre-nos\/infraestrutura\/laboratorios\/nucleo-de-ortopedia-regenerativa-banco-de-tecidos-e-terapia-celular\/","og_locale":"es_ES","og_type":"article","og_title":"N\u00daCLEO DE ORTOPEDIA REGENERATIVA, BANCO DE TEJIDOS Y TERAPIA CELULAR - P\u00f3s-Gradua\u00e7\u00e3o em Ci\u00eancias do Sistema Musculoesquel\u00e9tico","og_description":"El N\u00facleo de Ortopedia Regenerativa, Banco de Tejidos y Terapia Celular fue instituido en 2018 siguiendo tendencia de vanguardia en el desarrollo de este tipo de [&hellip;]","og_url":"https:\/\/www.musculoesqueleticousp.com.br\/sobre-nos\/infraestrutura\/laboratorios\/nucleo-de-ortopedia-regenerativa-banco-de-tecidos-e-terapia-celular\/","og_site_name":"P\u00f3s-Gradua\u00e7\u00e3o em Ci\u00eancias do Sistema Musculoesquel\u00e9tico","article_modified_time":"2021-05-20T13:09:38+00:00","og_image":[{"url":"https:\/\/www.musculoesqueleticousp.com.br\/wp-content\/uploads\/2021\/04\/IMG_3544-e1597151730438-1024x386-1-300x113.jpg","type":"","width":"","height":""}],"twitter_card":"summary_large_image","twitter_misc":{"Tiempo de lectura":"3 minutos"},"schema":{"@context":"https:\/\/schema.org","@graph":[{"@type":"WebPage","@id":"https:\/\/www.musculoesqueleticousp.com.br\/sobre-nos\/infraestrutura\/laboratorios\/nucleo-de-ortopedia-regenerativa-banco-de-tecidos-e-terapia-celular\/","url":"https:\/\/www.musculoesqueleticousp.com.br\/sobre-nos\/infraestrutura\/laboratorios\/nucleo-de-ortopedia-regenerativa-banco-de-tecidos-e-terapia-celular\/","name":"N\u00daCLEO DE ORTOPEDIA REGENERATIVA, BANCO DE TEJIDOS Y TERAPIA CELULAR - P\u00f3s-Gradua\u00e7\u00e3o em Ci\u00eancias do Sistema Musculoesquel\u00e9tico","isPartOf":{"@id":"https:\/\/www.musculoesqueleticousp.com.br\/en\/#website"},"primaryImageOfPage":{"@id":"https:\/\/www.musculoesqueleticousp.com.br\/sobre-nos\/infraestrutura\/laboratorios\/nucleo-de-ortopedia-regenerativa-banco-de-tecidos-e-terapia-celular\/#primaryimage"},"image":{"@id":"https:\/\/www.musculoesqueleticousp.com.br\/sobre-nos\/infraestrutura\/laboratorios\/nucleo-de-ortopedia-regenerativa-banco-de-tecidos-e-terapia-celular\/#primaryimage"},"thumbnailUrl":"https:\/\/www.musculoesqueleticousp.com.br\/wp-content\/uploads\/2021\/04\/IMG_3544-e1597151730438-1024x386-1-300x113.jpg","datePublished":"2020-04-14T23:46:54+00:00","dateModified":"2021-05-20T13:09:38+00:00","breadcrumb":{"@id":"https:\/\/www.musculoesqueleticousp.com.br\/sobre-nos\/infraestrutura\/laboratorios\/nucleo-de-ortopedia-regenerativa-banco-de-tecidos-e-terapia-celular\/#breadcrumb"},"inLanguage":"es","potentialAction":[{"@type":"ReadAction","target":["https:\/\/www.musculoesqueleticousp.com.br\/sobre-nos\/infraestrutura\/laboratorios\/nucleo-de-ortopedia-regenerativa-banco-de-tecidos-e-terapia-celular\/"]}]},{"@type":"ImageObject","inLanguage":"es","@id":"https:\/\/www.musculoesqueleticousp.com.br\/sobre-nos\/infraestrutura\/laboratorios\/nucleo-de-ortopedia-regenerativa-banco-de-tecidos-e-terapia-celular\/#primaryimage","url":"https:\/\/www.musculoesqueleticousp.com.br\/wp-content\/uploads\/2021\/04\/IMG_3544-e1597151730438-1024x386-1-300x113.jpg","contentUrl":"https:\/\/www.musculoesqueleticousp.com.br\/wp-content\/uploads\/2021\/04\/IMG_3544-e1597151730438-1024x386-1-300x113.jpg"},{"@type":"BreadcrumbList","@id":"https:\/\/www.musculoesqueleticousp.com.br\/sobre-nos\/infraestrutura\/laboratorios\/nucleo-de-ortopedia-regenerativa-banco-de-tecidos-e-terapia-celular\/#breadcrumb","itemListElement":[{"@type":"ListItem","position":1,"name":"Home","item":"https:\/\/www.musculoesqueleticousp.com.br\/en\/"},{"@type":"ListItem","position":2,"name":"Sobre N\u00f3s","item":"https:\/\/www.musculoesqueleticousp.com.br\/sobre-nos\/"},{"@type":"ListItem","position":3,"name":"Infraestrutura","item":"https:\/\/www.musculoesqueleticousp.com.br\/sobre-nos\/infraestrutura\/"},{"@type":"ListItem","position":4,"name":"Laborat\u00f3rios","item":"https:\/\/www.musculoesqueleticousp.com.br\/sobre-nos\/infraestrutura\/laboratorios\/"},{"@type":"ListItem","position":5,"name":"N\u00daCLEO DE ORTOPEDIA REGENERATIVA, BANCO DE TECIDOS E TERAPIA CELULAR"}]},{"@type":"WebSite","@id":"https:\/\/www.musculoesqueleticousp.com.br\/en\/#website","url":"https:\/\/www.musculoesqueleticousp.com.br\/en\/","name":"P\u00f3s-Gradua\u00e7\u00e3o em Ci\u00eancias do Sistema Musculoesquel\u00e9tico","description":"Website do P\u00f3s-Gradua\u00e7\u00e3o em Ci\u00eancias do Sistema Musculoesquel\u00e9tico","publisher":{"@id":"https:\/\/www.musculoesqueleticousp.com.br\/en\/#organization"},"potentialAction":[{"@type":"SearchAction","target":{"@type":"EntryPoint","urlTemplate":"https:\/\/www.musculoesqueleticousp.com.br\/en\/?s={search_term_string}"},"query-input":{"@type":"PropertyValueSpecification","valueRequired":true,"valueName":"search_term_string"}}],"inLanguage":"es"},{"@type":"Organization","@id":"https:\/\/www.musculoesqueleticousp.com.br\/en\/#organization","name":"P\u00f3s-Gradua\u00e7\u00e3o em Ci\u00eancias do Sistema Musculoesquel\u00e9tico","url":"https:\/\/www.musculoesqueleticousp.com.br\/en\/","logo":{"@type":"ImageObject","inLanguage":"es","@id":"https:\/\/www.musculoesqueleticousp.com.br\/en\/#\/schema\/logo\/image\/","url":"https:\/\/www.musculoesqueleticousp.com.br\/wp-content\/uploads\/2020\/04\/logo_pg_cme_v3_h120.png","contentUrl":"https:\/\/www.musculoesqueleticousp.com.br\/wp-content\/uploads\/2020\/04\/logo_pg_cme_v3_h120.png","width":481,"height":120,"caption":"P\u00f3s-Gradua\u00e7\u00e3o em Ci\u00eancias do Sistema Musculoesquel\u00e9tico"},"image":{"@id":"https:\/\/www.musculoesqueleticousp.com.br\/en\/#\/schema\/logo\/image\/"}}]}},"_links":{"self":[{"href":"https:\/\/www.musculoesqueleticousp.com.br\/es\/wp-json\/wp\/v2\/pages\/493","targetHints":{"allow":["GET"]}}],"collection":[{"href":"https:\/\/www.musculoesqueleticousp.com.br\/es\/wp-json\/wp\/v2\/pages"}],"about":[{"href":"https:\/\/www.musculoesqueleticousp.com.br\/es\/wp-json\/wp\/v2\/types\/page"}],"author":[{"embeddable":true,"href":"https:\/\/www.musculoesqueleticousp.com.br\/es\/wp-json\/wp\/v2\/users\/1"}],"replies":[{"embeddable":true,"href":"https:\/\/www.musculoesqueleticousp.com.br\/es\/wp-json\/wp\/v2\/comments?post=493"}],"version-history":[{"count":4,"href":"https:\/\/www.musculoesqueleticousp.com.br\/es\/wp-json\/wp\/v2\/pages\/493\/revisions"}],"predecessor-version":[{"id":1684,"href":"https:\/\/www.musculoesqueleticousp.com.br\/es\/wp-json\/wp\/v2\/pages\/493\/revisions\/1684"}],"up":[{"embeddable":true,"href":"https:\/\/www.musculoesqueleticousp.com.br\/es\/wp-json\/wp\/v2\/pages\/466"}],"wp:attachment":[{"href":"https:\/\/www.musculoesqueleticousp.com.br\/es\/wp-json\/wp\/v2\/media?parent=493"}],"curies":[{"name":"wp","href":"https:\/\/api.w.org\/{rel}","templated":true}]}}