{"id":489,"date":"2020-04-14T20:46:04","date_gmt":"2020-04-14T23:46:04","guid":{"rendered":"http:\/\/www.musculoesqueleticousp.com.br\/?page_id=489"},"modified":"2021-05-20T10:45:00","modified_gmt":"2021-05-20T13:45:00","slug":"laboratorio-de-microcirurgia-reconstrutiva","status":"publish","type":"page","link":"https:\/\/www.musculoesqueleticousp.com.br\/es\/sobre-nos\/infraestrutura\/laboratorios\/laboratorio-de-microcirurgia-reconstrutiva\/","title":{"rendered":"LABORATORIO DE MICROCIRUG\u00cdA RECONSTRUCTIVA"},"content":{"rendered":"<p><img loading=\"lazy\" decoding=\"async\" class=\"alignnone wp-image-1445\" src=\"https:\/\/www.musculoesqueleticousp.com.br\/wp-content\/uploads\/2021\/04\/00-e1594928138898-1024x522-1-300x153.jpg\" alt=\"\" width=\"1361\" height=\"694\" srcset=\"https:\/\/www.musculoesqueleticousp.com.br\/wp-content\/uploads\/2021\/04\/00-e1594928138898-1024x522-1-300x153.jpg 300w, https:\/\/www.musculoesqueleticousp.com.br\/wp-content\/uploads\/2021\/04\/00-e1594928138898-1024x522-1-768x392.jpg 768w, https:\/\/www.musculoesqueleticousp.com.br\/wp-content\/uploads\/2021\/04\/00-e1594928138898-1024x522-1-260x133.jpg 260w, https:\/\/www.musculoesqueleticousp.com.br\/wp-content\/uploads\/2021\/04\/00-e1594928138898-1024x522-1-50x25.jpg 50w, https:\/\/www.musculoesqueleticousp.com.br\/wp-content\/uploads\/2021\/04\/00-e1594928138898-1024x522-1-147x75.jpg 147w, https:\/\/www.musculoesqueleticousp.com.br\/wp-content\/uploads\/2021\/04\/00-e1594928138898-1024x522-1.jpg 1024w\" sizes=\"auto, (max-width: 1361px) 100vw, 1361px\" \/>Act\u00faa en la ense\u00f1anza y entrenamiento de m\u00e9dicos en el \u00e1rea de microcirug\u00eda reconstructiva, adem\u00e1s de la realizaci\u00f3n de investigaciones en cirug\u00edas reconstructivas de nervios perif\u00e9ricos y m\u00e9dula, con significativa contribuci\u00f3n para el avance cient\u00edfico del \u00e1rea. Dispone de monitoreo constante y programaci\u00f3n de entrenamiento extensivo (4 meses) e intensivo de una semana, de acuerdo con la disponibilidad del interesado. El Centro de Atenci\u00f3n de Emergencia en Microcirug\u00eda Reconstructiva y Cirug\u00eda de la Mano atiende a los pacientes v\u00edctimas de traumas que resulten en fracturas expuestas del tipo III-B y III-C de Gustillo y Anderson, amputaciones traum\u00e1ticas de miembros, lesiones de nervios perif\u00e9ricos y traumas complejos de la mano, reimplantes de extremidades amputadas, colgajos microquir\u00fargicos de urgencia, reconstrucci\u00f3n de nervios perif\u00e9ricos de urgencia, tratamiento de lesiones complejas de la mano (osteos\u00edntesis, reparaci\u00f3n de las lesiones de tendones, cirug\u00edas reconstructivas). En 2018 recibi\u00f3 financiamiento de la Fundaci\u00f3n Ita\u00fa Social para readecuaci\u00f3n de la sala de microcirug\u00eda perteneciente al Laboratorio de Microcirug\u00eda del IOT\/HC\/FMUSP (ver \u00edtem espec\u00edfico de captaci\u00f3n de recursos).<\/p>\n<p>La estructura permite la realizaci\u00f3n de entrenamiento de varios postgraduandos simult\u00e1neamente, as\u00ed como la realizaci\u00f3n de proyectos de investigaci\u00f3n complejos en microcirug\u00eda. La estructura cuenta con cinco microscopios quir\u00fargicos DF Vasconcelos MC-A184, tres bancadas, dos microcoaguladores Emai BO-50, dos cajas de micro instrumentales quir\u00fargicos ASSI, cinco cajas de micro instrumentales quir\u00fargicos AESCULAP, autoclave Stermax, estufa para secado de materiales Odontobr\u00e1s EL, Sistemas de televisi\u00f3n y grabaci\u00f3n de im\u00e1genes.<\/p>\n<p>En 2018 recibi\u00f3 de la Fundaci\u00f3n Ita\u00fa Social la cantidad de R$200.000,00 para la readecuaci\u00f3n de la sala de microcirug\u00eda perteneciente al Laboratorio de Microcirug\u00eda del IOT\/HC\/FMUSP.<\/p>\n<p>El Laboratorio Rotary de Microcirug\u00eda del Instituto de Ortopedia y Traumatolog\u00eda (IOT), fundado en 1997, fue reinaugurado el d\u00eda 11 de octubre de 2019. Est\u00e1 m\u00e1s amplio y equipado con doce microscopios de \u00faltima generaci\u00f3n para entrenamientos que van desde sutura en guantes hasta la t\u00e9cnica de microanastomosis en vasos sangu\u00edneos de peque\u00f1o calibre. El laboratorio reinicia las actividades despu\u00e9s de cuatro meses de reforma. La repaginada estructural, para mejor acomodaci\u00f3n y realizaci\u00f3n de los cursos, fue posible a trav\u00e9s de un acuerdo de cooperaci\u00f3n del IOT,\u00a0<em>Rotary Club<\/em>\u00a0y Banco Ita\u00fa. \u00abLa excelencia del Laboratorio de Microcirug\u00eda es una prueba de la importancia del acuerdo de cooperaci\u00f3n con la iniciativa privada, uniendo la\u00a0<em>experiencia<\/em>\u00a0universitaria con los recursos de la iniciativa privada.\u201d<\/p>","protected":false},"excerpt":{"rendered":"<p>Act\u00faa en la ense\u00f1anza y entrenamiento de m\u00e9dicos en el \u00e1rea de microcirug\u00eda reconstructiva, adem\u00e1s de la realizaci\u00f3n de investigaciones en cirug\u00edas reconstructivas de nervios perif\u00e9ricos [&hellip;]<\/p>\n","protected":false},"author":1,"featured_media":0,"parent":466,"menu_order":0,"comment_status":"closed","ping_status":"closed","template":"","meta":{"footnotes":""},"class_list":["post-489","page","type-page","status-publish","hentry"],"yoast_head":"<!-- This site is optimized with the Yoast SEO plugin v25.5 - https:\/\/yoast.com\/wordpress\/plugins\/seo\/ -->\n<title>LABORATORIO DE MICROCIRUG\u00cdA RECONSTRUCTIVA - P\u00f3s-Gradua\u00e7\u00e3o em Ci\u00eancias do Sistema Musculoesquel\u00e9tico<\/title>\n<meta name=\"robots\" content=\"index, follow, max-snippet:-1, max-image-preview:large, max-video-preview:-1\" \/>\n<link rel=\"canonical\" href=\"https:\/\/www.musculoesqueleticousp.com.br\/sobre-nos\/infraestrutura\/laboratorios\/laboratorio-de-microcirurgia-reconstrutiva\/\" \/>\n<meta property=\"og:locale\" content=\"es_ES\" \/>\n<meta property=\"og:type\" content=\"article\" \/>\n<meta property=\"og:title\" content=\"LABORATORIO DE MICROCIRUG\u00cdA RECONSTRUCTIVA - P\u00f3s-Gradua\u00e7\u00e3o em Ci\u00eancias do Sistema Musculoesquel\u00e9tico\" \/>\n<meta property=\"og:description\" content=\"Act\u00faa en la ense\u00f1anza y entrenamiento de m\u00e9dicos en el \u00e1rea de microcirug\u00eda reconstructiva, adem\u00e1s de la realizaci\u00f3n de investigaciones en cirug\u00edas reconstructivas de nervios perif\u00e9ricos [&hellip;]\" \/>\n<meta property=\"og:url\" content=\"https:\/\/www.musculoesqueleticousp.com.br\/sobre-nos\/infraestrutura\/laboratorios\/laboratorio-de-microcirurgia-reconstrutiva\/\" \/>\n<meta property=\"og:site_name\" content=\"P\u00f3s-Gradua\u00e7\u00e3o em Ci\u00eancias do Sistema Musculoesquel\u00e9tico\" \/>\n<meta property=\"article:modified_time\" content=\"2021-05-20T13:45:00+00:00\" \/>\n<meta property=\"og:image\" content=\"https:\/\/www.musculoesqueleticousp.com.br\/wp-content\/uploads\/2021\/04\/00-e1594928138898-1024x522-1-300x153.jpg\" \/>\n<meta name=\"twitter:card\" content=\"summary_large_image\" \/>\n<meta name=\"twitter:label1\" content=\"Tiempo de lectura\" \/>\n\t<meta name=\"twitter:data1\" content=\"6 minutos\" \/>\n<script type=\"application\/ld+json\" class=\"yoast-schema-graph\">{\"@context\":\"https:\/\/schema.org\",\"@graph\":[{\"@type\":\"WebPage\",\"@id\":\"https:\/\/www.musculoesqueleticousp.com.br\/sobre-nos\/infraestrutura\/laboratorios\/laboratorio-de-microcirurgia-reconstrutiva\/\",\"url\":\"https:\/\/www.musculoesqueleticousp.com.br\/sobre-nos\/infraestrutura\/laboratorios\/laboratorio-de-microcirurgia-reconstrutiva\/\",\"name\":\"LABORATORIO DE MICROCIRUG\u00cdA RECONSTRUCTIVA - P\u00f3s-Gradua\u00e7\u00e3o em Ci\u00eancias do Sistema Musculoesquel\u00e9tico\",\"isPartOf\":{\"@id\":\"https:\/\/www.musculoesqueleticousp.com.br\/en\/#website\"},\"primaryImageOfPage\":{\"@id\":\"https:\/\/www.musculoesqueleticousp.com.br\/sobre-nos\/infraestrutura\/laboratorios\/laboratorio-de-microcirurgia-reconstrutiva\/#primaryimage\"},\"image\":{\"@id\":\"https:\/\/www.musculoesqueleticousp.com.br\/sobre-nos\/infraestrutura\/laboratorios\/laboratorio-de-microcirurgia-reconstrutiva\/#primaryimage\"},\"thumbnailUrl\":\"https:\/\/www.musculoesqueleticousp.com.br\/wp-content\/uploads\/2021\/04\/00-e1594928138898-1024x522-1-300x153.jpg\",\"datePublished\":\"2020-04-14T23:46:04+00:00\",\"dateModified\":\"2021-05-20T13:45:00+00:00\",\"breadcrumb\":{\"@id\":\"https:\/\/www.musculoesqueleticousp.com.br\/sobre-nos\/infraestrutura\/laboratorios\/laboratorio-de-microcirurgia-reconstrutiva\/#breadcrumb\"},\"inLanguage\":\"es\",\"potentialAction\":[{\"@type\":\"ReadAction\",\"target\":[\"https:\/\/www.musculoesqueleticousp.com.br\/sobre-nos\/infraestrutura\/laboratorios\/laboratorio-de-microcirurgia-reconstrutiva\/\"]}]},{\"@type\":\"ImageObject\",\"inLanguage\":\"es\",\"@id\":\"https:\/\/www.musculoesqueleticousp.com.br\/sobre-nos\/infraestrutura\/laboratorios\/laboratorio-de-microcirurgia-reconstrutiva\/#primaryimage\",\"url\":\"https:\/\/www.musculoesqueleticousp.com.br\/wp-content\/uploads\/2021\/04\/00-e1594928138898-1024x522-1-300x153.jpg\",\"contentUrl\":\"https:\/\/www.musculoesqueleticousp.com.br\/wp-content\/uploads\/2021\/04\/00-e1594928138898-1024x522-1-300x153.jpg\"},{\"@type\":\"BreadcrumbList\",\"@id\":\"https:\/\/www.musculoesqueleticousp.com.br\/sobre-nos\/infraestrutura\/laboratorios\/laboratorio-de-microcirurgia-reconstrutiva\/#breadcrumb\",\"itemListElement\":[{\"@type\":\"ListItem\",\"position\":1,\"name\":\"Home\",\"item\":\"https:\/\/www.musculoesqueleticousp.com.br\/en\/\"},{\"@type\":\"ListItem\",\"position\":2,\"name\":\"Sobre N\u00f3s\",\"item\":\"https:\/\/www.musculoesqueleticousp.com.br\/sobre-nos\/\"},{\"@type\":\"ListItem\",\"position\":3,\"name\":\"Infraestrutura\",\"item\":\"https:\/\/www.musculoesqueleticousp.com.br\/sobre-nos\/infraestrutura\/\"},{\"@type\":\"ListItem\",\"position\":4,\"name\":\"Laborat\u00f3rios\",\"item\":\"https:\/\/www.musculoesqueleticousp.com.br\/sobre-nos\/infraestrutura\/laboratorios\/\"},{\"@type\":\"ListItem\",\"position\":5,\"name\":\"LABORAT\u00d3RIO DE MICROCIRURGIA RECONSTRUTIVA\"}]},{\"@type\":\"WebSite\",\"@id\":\"https:\/\/www.musculoesqueleticousp.com.br\/en\/#website\",\"url\":\"https:\/\/www.musculoesqueleticousp.com.br\/en\/\",\"name\":\"P\u00f3s-Gradua\u00e7\u00e3o em Ci\u00eancias do Sistema Musculoesquel\u00e9tico\",\"description\":\"Website do P\u00f3s-Gradua\u00e7\u00e3o em Ci\u00eancias do Sistema Musculoesquel\u00e9tico\",\"publisher\":{\"@id\":\"https:\/\/www.musculoesqueleticousp.com.br\/en\/#organization\"},\"potentialAction\":[{\"@type\":\"SearchAction\",\"target\":{\"@type\":\"EntryPoint\",\"urlTemplate\":\"https:\/\/www.musculoesqueleticousp.com.br\/en\/?s={search_term_string}\"},\"query-input\":{\"@type\":\"PropertyValueSpecification\",\"valueRequired\":true,\"valueName\":\"search_term_string\"}}],\"inLanguage\":\"es\"},{\"@type\":\"Organization\",\"@id\":\"https:\/\/www.musculoesqueleticousp.com.br\/en\/#organization\",\"name\":\"P\u00f3s-Gradua\u00e7\u00e3o em Ci\u00eancias do Sistema Musculoesquel\u00e9tico\",\"url\":\"https:\/\/www.musculoesqueleticousp.com.br\/en\/\",\"logo\":{\"@type\":\"ImageObject\",\"inLanguage\":\"es\",\"@id\":\"https:\/\/www.musculoesqueleticousp.com.br\/en\/#\/schema\/logo\/image\/\",\"url\":\"https:\/\/www.musculoesqueleticousp.com.br\/wp-content\/uploads\/2020\/04\/logo_pg_cme_v3_h120.png\",\"contentUrl\":\"https:\/\/www.musculoesqueleticousp.com.br\/wp-content\/uploads\/2020\/04\/logo_pg_cme_v3_h120.png\",\"width\":481,\"height\":120,\"caption\":\"P\u00f3s-Gradua\u00e7\u00e3o em Ci\u00eancias do Sistema Musculoesquel\u00e9tico\"},\"image\":{\"@id\":\"https:\/\/www.musculoesqueleticousp.com.br\/en\/#\/schema\/logo\/image\/\"}}]}<\/script>\n<!-- \/ Yoast SEO plugin. -->","yoast_head_json":{"title":"LABORATORIO DE MICROCIRUG\u00cdA RECONSTRUCTIVA - P\u00f3s-Gradua\u00e7\u00e3o em Ci\u00eancias do Sistema Musculoesquel\u00e9tico","robots":{"index":"index","follow":"follow","max-snippet":"max-snippet:-1","max-image-preview":"max-image-preview:large","max-video-preview":"max-video-preview:-1"},"canonical":"https:\/\/www.musculoesqueleticousp.com.br\/sobre-nos\/infraestrutura\/laboratorios\/laboratorio-de-microcirurgia-reconstrutiva\/","og_locale":"es_ES","og_type":"article","og_title":"LABORATORIO DE MICROCIRUG\u00cdA RECONSTRUCTIVA - P\u00f3s-Gradua\u00e7\u00e3o em Ci\u00eancias do Sistema Musculoesquel\u00e9tico","og_description":"Act\u00faa en la ense\u00f1anza y entrenamiento de m\u00e9dicos en el \u00e1rea de microcirug\u00eda reconstructiva, adem\u00e1s de la realizaci\u00f3n de investigaciones en cirug\u00edas reconstructivas de nervios perif\u00e9ricos [&hellip;]","og_url":"https:\/\/www.musculoesqueleticousp.com.br\/sobre-nos\/infraestrutura\/laboratorios\/laboratorio-de-microcirurgia-reconstrutiva\/","og_site_name":"P\u00f3s-Gradua\u00e7\u00e3o em Ci\u00eancias do Sistema Musculoesquel\u00e9tico","article_modified_time":"2021-05-20T13:45:00+00:00","og_image":[{"url":"https:\/\/www.musculoesqueleticousp.com.br\/wp-content\/uploads\/2021\/04\/00-e1594928138898-1024x522-1-300x153.jpg","type":"","width":"","height":""}],"twitter_card":"summary_large_image","twitter_misc":{"Tiempo de lectura":"6 minutos"},"schema":{"@context":"https:\/\/schema.org","@graph":[{"@type":"WebPage","@id":"https:\/\/www.musculoesqueleticousp.com.br\/sobre-nos\/infraestrutura\/laboratorios\/laboratorio-de-microcirurgia-reconstrutiva\/","url":"https:\/\/www.musculoesqueleticousp.com.br\/sobre-nos\/infraestrutura\/laboratorios\/laboratorio-de-microcirurgia-reconstrutiva\/","name":"LABORATORIO DE MICROCIRUG\u00cdA RECONSTRUCTIVA - P\u00f3s-Gradua\u00e7\u00e3o em Ci\u00eancias do Sistema Musculoesquel\u00e9tico","isPartOf":{"@id":"https:\/\/www.musculoesqueleticousp.com.br\/en\/#website"},"primaryImageOfPage":{"@id":"https:\/\/www.musculoesqueleticousp.com.br\/sobre-nos\/infraestrutura\/laboratorios\/laboratorio-de-microcirurgia-reconstrutiva\/#primaryimage"},"image":{"@id":"https:\/\/www.musculoesqueleticousp.com.br\/sobre-nos\/infraestrutura\/laboratorios\/laboratorio-de-microcirurgia-reconstrutiva\/#primaryimage"},"thumbnailUrl":"https:\/\/www.musculoesqueleticousp.com.br\/wp-content\/uploads\/2021\/04\/00-e1594928138898-1024x522-1-300x153.jpg","datePublished":"2020-04-14T23:46:04+00:00","dateModified":"2021-05-20T13:45:00+00:00","breadcrumb":{"@id":"https:\/\/www.musculoesqueleticousp.com.br\/sobre-nos\/infraestrutura\/laboratorios\/laboratorio-de-microcirurgia-reconstrutiva\/#breadcrumb"},"inLanguage":"es","potentialAction":[{"@type":"ReadAction","target":["https:\/\/www.musculoesqueleticousp.com.br\/sobre-nos\/infraestrutura\/laboratorios\/laboratorio-de-microcirurgia-reconstrutiva\/"]}]},{"@type":"ImageObject","inLanguage":"es","@id":"https:\/\/www.musculoesqueleticousp.com.br\/sobre-nos\/infraestrutura\/laboratorios\/laboratorio-de-microcirurgia-reconstrutiva\/#primaryimage","url":"https:\/\/www.musculoesqueleticousp.com.br\/wp-content\/uploads\/2021\/04\/00-e1594928138898-1024x522-1-300x153.jpg","contentUrl":"https:\/\/www.musculoesqueleticousp.com.br\/wp-content\/uploads\/2021\/04\/00-e1594928138898-1024x522-1-300x153.jpg"},{"@type":"BreadcrumbList","@id":"https:\/\/www.musculoesqueleticousp.com.br\/sobre-nos\/infraestrutura\/laboratorios\/laboratorio-de-microcirurgia-reconstrutiva\/#breadcrumb","itemListElement":[{"@type":"ListItem","position":1,"name":"Home","item":"https:\/\/www.musculoesqueleticousp.com.br\/en\/"},{"@type":"ListItem","position":2,"name":"Sobre N\u00f3s","item":"https:\/\/www.musculoesqueleticousp.com.br\/sobre-nos\/"},{"@type":"ListItem","position":3,"name":"Infraestrutura","item":"https:\/\/www.musculoesqueleticousp.com.br\/sobre-nos\/infraestrutura\/"},{"@type":"ListItem","position":4,"name":"Laborat\u00f3rios","item":"https:\/\/www.musculoesqueleticousp.com.br\/sobre-nos\/infraestrutura\/laboratorios\/"},{"@type":"ListItem","position":5,"name":"LABORAT\u00d3RIO DE MICROCIRURGIA RECONSTRUTIVA"}]},{"@type":"WebSite","@id":"https:\/\/www.musculoesqueleticousp.com.br\/en\/#website","url":"https:\/\/www.musculoesqueleticousp.com.br\/en\/","name":"P\u00f3s-Gradua\u00e7\u00e3o em Ci\u00eancias do Sistema Musculoesquel\u00e9tico","description":"Website do P\u00f3s-Gradua\u00e7\u00e3o em Ci\u00eancias do Sistema Musculoesquel\u00e9tico","publisher":{"@id":"https:\/\/www.musculoesqueleticousp.com.br\/en\/#organization"},"potentialAction":[{"@type":"SearchAction","target":{"@type":"EntryPoint","urlTemplate":"https:\/\/www.musculoesqueleticousp.com.br\/en\/?s={search_term_string}"},"query-input":{"@type":"PropertyValueSpecification","valueRequired":true,"valueName":"search_term_string"}}],"inLanguage":"es"},{"@type":"Organization","@id":"https:\/\/www.musculoesqueleticousp.com.br\/en\/#organization","name":"P\u00f3s-Gradua\u00e7\u00e3o em Ci\u00eancias do Sistema Musculoesquel\u00e9tico","url":"https:\/\/www.musculoesqueleticousp.com.br\/en\/","logo":{"@type":"ImageObject","inLanguage":"es","@id":"https:\/\/www.musculoesqueleticousp.com.br\/en\/#\/schema\/logo\/image\/","url":"https:\/\/www.musculoesqueleticousp.com.br\/wp-content\/uploads\/2020\/04\/logo_pg_cme_v3_h120.png","contentUrl":"https:\/\/www.musculoesqueleticousp.com.br\/wp-content\/uploads\/2020\/04\/logo_pg_cme_v3_h120.png","width":481,"height":120,"caption":"P\u00f3s-Gradua\u00e7\u00e3o em Ci\u00eancias do Sistema Musculoesquel\u00e9tico"},"image":{"@id":"https:\/\/www.musculoesqueleticousp.com.br\/en\/#\/schema\/logo\/image\/"}}]}},"_links":{"self":[{"href":"https:\/\/www.musculoesqueleticousp.com.br\/es\/wp-json\/wp\/v2\/pages\/489","targetHints":{"allow":["GET"]}}],"collection":[{"href":"https:\/\/www.musculoesqueleticousp.com.br\/es\/wp-json\/wp\/v2\/pages"}],"about":[{"href":"https:\/\/www.musculoesqueleticousp.com.br\/es\/wp-json\/wp\/v2\/types\/page"}],"author":[{"embeddable":true,"href":"https:\/\/www.musculoesqueleticousp.com.br\/es\/wp-json\/wp\/v2\/users\/1"}],"replies":[{"embeddable":true,"href":"https:\/\/www.musculoesqueleticousp.com.br\/es\/wp-json\/wp\/v2\/comments?post=489"}],"version-history":[{"count":6,"href":"https:\/\/www.musculoesqueleticousp.com.br\/es\/wp-json\/wp\/v2\/pages\/489\/revisions"}],"predecessor-version":[{"id":1705,"href":"https:\/\/www.musculoesqueleticousp.com.br\/es\/wp-json\/wp\/v2\/pages\/489\/revisions\/1705"}],"up":[{"embeddable":true,"href":"https:\/\/www.musculoesqueleticousp.com.br\/es\/wp-json\/wp\/v2\/pages\/466"}],"wp:attachment":[{"href":"https:\/\/www.musculoesqueleticousp.com.br\/es\/wp-json\/wp\/v2\/media?parent=489"}],"curies":[{"name":"wp","href":"https:\/\/api.w.org\/{rel}","templated":true}]}}