{"id":487,"date":"2020-04-14T20:45:35","date_gmt":"2020-04-14T23:45:35","guid":{"rendered":"http:\/\/www.musculoesqueleticousp.com.br\/?page_id=487"},"modified":"2021-05-20T09:52:25","modified_gmt":"2021-05-20T12:52:25","slug":"laboratorio-de-biomecanica-do-aparelho-locomotor","status":"publish","type":"page","link":"https:\/\/www.musculoesqueleticousp.com.br\/es\/sobre-nos\/infraestrutura\/laboratorios\/laboratorio-de-biomecanica-do-aparelho-locomotor\/","title":{"rendered":"LABORATORIO DE BIOMEC\u00c1NICA DEL APARATO LOCOMOTOR"},"content":{"rendered":"<p>Tiene como l\u00ednea principal la elaboraci\u00f3n de investigaciones que contemplan an\u00e1lisis mec\u00e1nicos de las estructuras del aparato locomotor y de simulaciones de reconstrucciones quir\u00fargicas. En ese laboratorio son desarrollados proyectos de equipamientos y el control de calidad y desempe\u00f1o de productos biomec\u00e1nicos utilizados en el Instituto. Integra e interact\u00faa con el Laboratorio de Biomec\u00e1nica la Divisi\u00f3n de Pr\u00f3tesis y \u00d3rtesis, un taller ortop\u00e9dico que confecciona dispositivos especiales y prototipos de equipamientos en desarrollo. Su actuaci\u00f3n abarca, adem\u00e1s, la confecci\u00f3n y mantenimiento de instrumentos quir\u00fargicos y materiales de implante de diversos tipos y usos. Este laboratorio contempla un \u00e1rea de almacenamiento y conservaci\u00f3n de partes anat\u00f3micas y de preparaci\u00f3n de cuerpos de prueba, un \u00e1rea de tests y ensayos mec\u00e1nicos y simulaciones biomec\u00e1nicas y an\u00e1lisis de tensiones y metrolog\u00eda, y un \u00e1rea de estudios biol\u00f3gicos (con sala de higienizaci\u00f3n y vestimentas; cuarentena; centro quir\u00fargico experimental, bioterio de mantenimiento y \u00e1reas de apoyo).<\/p>\n<p>Destacamos los siguientes equipamientos que pertenecen al laboratorio:<\/p>\n<p>\u00c1rea de Bioingenier\u00eda:<\/p>\n<ul>\n<li>M\u00e1quina universal de ensayos mec\u00e1nicos Kratos K5002<\/li>\n<li>Sistema digital de adquisici\u00f3n de datos Lynx ADS 2000<\/li>\n<li>Sistema de navegaci\u00f3n \u00f3ptica tridimensional Claron Microntracker<\/li>\n<li>Dur\u00f3metro, modelo Panambra Pantec RBS<\/li>\n<li>Equipamiento para extensometr\u00eda el\u00e9ctrica (strain gage) Micro-Measurement modelo P-3500<\/li>\n<li>Equipamiento para fotoelasticimetr\u00eda Micro-Measurement MOD 031-A<\/li>\n<li>Proyector de perfil Deltronic DV 114<\/li>\n<li>Rugos\u00edmetro Mitutoyo 178-934<\/li>\n<li>Microscopio metalogr\u00e1fico Micronal modelo SIT_SZ<\/li>\n<li>Prensa para confecci\u00f3n de cuerpos de prueba &#8211; norma ASTM D-638<\/li>\n<li>Torqu\u00edmetro digital Metalac MTE-100<\/li>\n<li>Paqu\u00edmetros, micr\u00f3metros y otros instrumentos de metrolog\u00eda, marca Mitutoyo<\/li>\n<li>Balanza electr\u00f3nica de 1,2kg Acculab V-1200<\/li>\n<li>Lector digital de temperatura Robertshaw LDT 900<\/li>\n<li>Ba\u00f1o-Mar\u00eda microprocesado Nueva T\u00e9cnica NT \u2013 245<\/li>\n<li>Osciloscopio de dos canales-20 MHz ICEL SC-6020<\/li>\n<li>Lux\u00f3metro digital ICEL LD 500<\/li>\n<li>Grabador y depurador de microcontroladores PIC (Microchip) Labtools ICD2<\/li>\n<\/ul>\n<p>\u00c1rea de Investigaciones Biol\u00f3gicas:<\/p>\n<ul>\n<li>Centro quir\u00fargico experimental con flujo laminar<\/li>\n<li>Bioterio de mantenimiento climatizado para animales (36 animales simult\u00e1neos)<\/li>\n<li>Sala de recepci\u00f3n de animales de laboratorio (cuarentena)<\/li>\n<li>Aparato de anestesia con ventilador Takaoka 2604<\/li>\n<li>Monitor de ECG, presi\u00f3n, temperatura y saturaci\u00f3n de O<sub>2<\/sub> HP 78339A<\/li>\n<li>Foco quir\u00fargico Baumer Centr-450<\/li>\n<li>Electrocoagulador CG-1 CEC<\/li>\n<li>Autoclave Dri-Tec Statim 5000<\/li>\n<li>Autoclave Webeco A12\/30<\/li>\n<li>Destilador de agua Fisatom<\/li>\n<li>Deshumidificador Arsec 200M3U<\/li>\n<li>Balanza electr\u00f3nica de 10 kg Balmak MP10<\/li>\n<li>Espectrofot\u00f3metro Fento 432C<\/li>\n<li>Diluidor Celm DA 500<\/li>\n<\/ul>\n<ul>\n<li>pHmetro port\u00e1til Hanna Instruments HI 8314<\/li>\n<\/ul>\n<ul>\n<li>Refract\u00f3metro Drucker<\/li>\n<li>Aspirador de polvo industrial New Japan NJ 300<\/li>\n<\/ul>\n<p><\/p>","protected":false},"excerpt":{"rendered":"<p>Tiene como l\u00ednea principal la elaboraci\u00f3n de investigaciones que contemplan an\u00e1lisis mec\u00e1nicos de las estructuras del aparato locomotor y de simulaciones de reconstrucciones quir\u00fargicas. En ese [&hellip;]<\/p>\n","protected":false},"author":1,"featured_media":0,"parent":466,"menu_order":0,"comment_status":"closed","ping_status":"closed","template":"","meta":{"footnotes":""},"class_list":["post-487","page","type-page","status-publish","hentry"],"yoast_head":"<!-- This site is optimized with the Yoast SEO plugin v25.5 - https:\/\/yoast.com\/wordpress\/plugins\/seo\/ -->\n<title>LABORATORIO DE BIOMEC\u00c1NICA DEL APARATO LOCOMOTOR - P\u00f3s-Gradua\u00e7\u00e3o em Ci\u00eancias do Sistema Musculoesquel\u00e9tico<\/title>\n<meta name=\"robots\" content=\"index, follow, max-snippet:-1, max-image-preview:large, max-video-preview:-1\" \/>\n<link rel=\"canonical\" href=\"https:\/\/www.musculoesqueleticousp.com.br\/sobre-nos\/infraestrutura\/laboratorios\/laboratorio-de-biomecanica-do-aparelho-locomotor\/\" \/>\n<meta property=\"og:locale\" content=\"es_ES\" \/>\n<meta property=\"og:type\" content=\"article\" \/>\n<meta property=\"og:title\" content=\"LABORATORIO DE BIOMEC\u00c1NICA DEL APARATO LOCOMOTOR - P\u00f3s-Gradua\u00e7\u00e3o em Ci\u00eancias do Sistema Musculoesquel\u00e9tico\" \/>\n<meta property=\"og:description\" content=\"Tiene como l\u00ednea principal la elaboraci\u00f3n de investigaciones que contemplan an\u00e1lisis mec\u00e1nicos de las estructuras del aparato locomotor y de simulaciones de reconstrucciones quir\u00fargicas. En ese [&hellip;]\" \/>\n<meta property=\"og:url\" content=\"https:\/\/www.musculoesqueleticousp.com.br\/sobre-nos\/infraestrutura\/laboratorios\/laboratorio-de-biomecanica-do-aparelho-locomotor\/\" \/>\n<meta property=\"og:site_name\" content=\"P\u00f3s-Gradua\u00e7\u00e3o em Ci\u00eancias do Sistema Musculoesquel\u00e9tico\" \/>\n<meta property=\"article:modified_time\" content=\"2021-05-20T12:52:25+00:00\" \/>\n<meta name=\"twitter:card\" content=\"summary_large_image\" \/>\n<meta name=\"twitter:label1\" content=\"Tiempo de lectura\" \/>\n\t<meta name=\"twitter:data1\" content=\"6 minutos\" \/>\n<script type=\"application\/ld+json\" class=\"yoast-schema-graph\">{\"@context\":\"https:\/\/schema.org\",\"@graph\":[{\"@type\":\"WebPage\",\"@id\":\"https:\/\/www.musculoesqueleticousp.com.br\/sobre-nos\/infraestrutura\/laboratorios\/laboratorio-de-biomecanica-do-aparelho-locomotor\/\",\"url\":\"https:\/\/www.musculoesqueleticousp.com.br\/sobre-nos\/infraestrutura\/laboratorios\/laboratorio-de-biomecanica-do-aparelho-locomotor\/\",\"name\":\"LABORATORIO DE BIOMEC\u00c1NICA DEL APARATO LOCOMOTOR - P\u00f3s-Gradua\u00e7\u00e3o em Ci\u00eancias do Sistema Musculoesquel\u00e9tico\",\"isPartOf\":{\"@id\":\"https:\/\/www.musculoesqueleticousp.com.br\/en\/#website\"},\"datePublished\":\"2020-04-14T23:45:35+00:00\",\"dateModified\":\"2021-05-20T12:52:25+00:00\",\"breadcrumb\":{\"@id\":\"https:\/\/www.musculoesqueleticousp.com.br\/sobre-nos\/infraestrutura\/laboratorios\/laboratorio-de-biomecanica-do-aparelho-locomotor\/#breadcrumb\"},\"inLanguage\":\"es\",\"potentialAction\":[{\"@type\":\"ReadAction\",\"target\":[\"https:\/\/www.musculoesqueleticousp.com.br\/sobre-nos\/infraestrutura\/laboratorios\/laboratorio-de-biomecanica-do-aparelho-locomotor\/\"]}]},{\"@type\":\"BreadcrumbList\",\"@id\":\"https:\/\/www.musculoesqueleticousp.com.br\/sobre-nos\/infraestrutura\/laboratorios\/laboratorio-de-biomecanica-do-aparelho-locomotor\/#breadcrumb\",\"itemListElement\":[{\"@type\":\"ListItem\",\"position\":1,\"name\":\"Home\",\"item\":\"https:\/\/www.musculoesqueleticousp.com.br\/en\/\"},{\"@type\":\"ListItem\",\"position\":2,\"name\":\"Sobre N\u00f3s\",\"item\":\"https:\/\/www.musculoesqueleticousp.com.br\/sobre-nos\/\"},{\"@type\":\"ListItem\",\"position\":3,\"name\":\"Infraestrutura\",\"item\":\"https:\/\/www.musculoesqueleticousp.com.br\/sobre-nos\/infraestrutura\/\"},{\"@type\":\"ListItem\",\"position\":4,\"name\":\"Laborat\u00f3rios\",\"item\":\"https:\/\/www.musculoesqueleticousp.com.br\/sobre-nos\/infraestrutura\/laboratorios\/\"},{\"@type\":\"ListItem\",\"position\":5,\"name\":\"LABORAT\u00d3RIO DE BIOMEC\u00c2NICA DO APARELHO LOCOMOTOR\"}]},{\"@type\":\"WebSite\",\"@id\":\"https:\/\/www.musculoesqueleticousp.com.br\/en\/#website\",\"url\":\"https:\/\/www.musculoesqueleticousp.com.br\/en\/\",\"name\":\"P\u00f3s-Gradua\u00e7\u00e3o em Ci\u00eancias do Sistema Musculoesquel\u00e9tico\",\"description\":\"Website do P\u00f3s-Gradua\u00e7\u00e3o em Ci\u00eancias do Sistema Musculoesquel\u00e9tico\",\"publisher\":{\"@id\":\"https:\/\/www.musculoesqueleticousp.com.br\/en\/#organization\"},\"potentialAction\":[{\"@type\":\"SearchAction\",\"target\":{\"@type\":\"EntryPoint\",\"urlTemplate\":\"https:\/\/www.musculoesqueleticousp.com.br\/en\/?s={search_term_string}\"},\"query-input\":{\"@type\":\"PropertyValueSpecification\",\"valueRequired\":true,\"valueName\":\"search_term_string\"}}],\"inLanguage\":\"es\"},{\"@type\":\"Organization\",\"@id\":\"https:\/\/www.musculoesqueleticousp.com.br\/en\/#organization\",\"name\":\"P\u00f3s-Gradua\u00e7\u00e3o em Ci\u00eancias do Sistema Musculoesquel\u00e9tico\",\"url\":\"https:\/\/www.musculoesqueleticousp.com.br\/en\/\",\"logo\":{\"@type\":\"ImageObject\",\"inLanguage\":\"es\",\"@id\":\"https:\/\/www.musculoesqueleticousp.com.br\/en\/#\/schema\/logo\/image\/\",\"url\":\"https:\/\/www.musculoesqueleticousp.com.br\/wp-content\/uploads\/2020\/04\/logo_pg_cme_v3_h120.png\",\"contentUrl\":\"https:\/\/www.musculoesqueleticousp.com.br\/wp-content\/uploads\/2020\/04\/logo_pg_cme_v3_h120.png\",\"width\":481,\"height\":120,\"caption\":\"P\u00f3s-Gradua\u00e7\u00e3o em Ci\u00eancias do Sistema Musculoesquel\u00e9tico\"},\"image\":{\"@id\":\"https:\/\/www.musculoesqueleticousp.com.br\/en\/#\/schema\/logo\/image\/\"}}]}<\/script>\n<!-- \/ Yoast SEO plugin. -->","yoast_head_json":{"title":"LABORATORIO DE BIOMEC\u00c1NICA DEL APARATO LOCOMOTOR - P\u00f3s-Gradua\u00e7\u00e3o em Ci\u00eancias do Sistema Musculoesquel\u00e9tico","robots":{"index":"index","follow":"follow","max-snippet":"max-snippet:-1","max-image-preview":"max-image-preview:large","max-video-preview":"max-video-preview:-1"},"canonical":"https:\/\/www.musculoesqueleticousp.com.br\/sobre-nos\/infraestrutura\/laboratorios\/laboratorio-de-biomecanica-do-aparelho-locomotor\/","og_locale":"es_ES","og_type":"article","og_title":"LABORATORIO DE BIOMEC\u00c1NICA DEL APARATO LOCOMOTOR - P\u00f3s-Gradua\u00e7\u00e3o em Ci\u00eancias do Sistema Musculoesquel\u00e9tico","og_description":"Tiene como l\u00ednea principal la elaboraci\u00f3n de investigaciones que contemplan an\u00e1lisis mec\u00e1nicos de las estructuras del aparato locomotor y de simulaciones de reconstrucciones quir\u00fargicas. En ese [&hellip;]","og_url":"https:\/\/www.musculoesqueleticousp.com.br\/sobre-nos\/infraestrutura\/laboratorios\/laboratorio-de-biomecanica-do-aparelho-locomotor\/","og_site_name":"P\u00f3s-Gradua\u00e7\u00e3o em Ci\u00eancias do Sistema Musculoesquel\u00e9tico","article_modified_time":"2021-05-20T12:52:25+00:00","twitter_card":"summary_large_image","twitter_misc":{"Tiempo de lectura":"6 minutos"},"schema":{"@context":"https:\/\/schema.org","@graph":[{"@type":"WebPage","@id":"https:\/\/www.musculoesqueleticousp.com.br\/sobre-nos\/infraestrutura\/laboratorios\/laboratorio-de-biomecanica-do-aparelho-locomotor\/","url":"https:\/\/www.musculoesqueleticousp.com.br\/sobre-nos\/infraestrutura\/laboratorios\/laboratorio-de-biomecanica-do-aparelho-locomotor\/","name":"LABORATORIO DE BIOMEC\u00c1NICA DEL APARATO LOCOMOTOR - P\u00f3s-Gradua\u00e7\u00e3o em Ci\u00eancias do Sistema Musculoesquel\u00e9tico","isPartOf":{"@id":"https:\/\/www.musculoesqueleticousp.com.br\/en\/#website"},"datePublished":"2020-04-14T23:45:35+00:00","dateModified":"2021-05-20T12:52:25+00:00","breadcrumb":{"@id":"https:\/\/www.musculoesqueleticousp.com.br\/sobre-nos\/infraestrutura\/laboratorios\/laboratorio-de-biomecanica-do-aparelho-locomotor\/#breadcrumb"},"inLanguage":"es","potentialAction":[{"@type":"ReadAction","target":["https:\/\/www.musculoesqueleticousp.com.br\/sobre-nos\/infraestrutura\/laboratorios\/laboratorio-de-biomecanica-do-aparelho-locomotor\/"]}]},{"@type":"BreadcrumbList","@id":"https:\/\/www.musculoesqueleticousp.com.br\/sobre-nos\/infraestrutura\/laboratorios\/laboratorio-de-biomecanica-do-aparelho-locomotor\/#breadcrumb","itemListElement":[{"@type":"ListItem","position":1,"name":"Home","item":"https:\/\/www.musculoesqueleticousp.com.br\/en\/"},{"@type":"ListItem","position":2,"name":"Sobre N\u00f3s","item":"https:\/\/www.musculoesqueleticousp.com.br\/sobre-nos\/"},{"@type":"ListItem","position":3,"name":"Infraestrutura","item":"https:\/\/www.musculoesqueleticousp.com.br\/sobre-nos\/infraestrutura\/"},{"@type":"ListItem","position":4,"name":"Laborat\u00f3rios","item":"https:\/\/www.musculoesqueleticousp.com.br\/sobre-nos\/infraestrutura\/laboratorios\/"},{"@type":"ListItem","position":5,"name":"LABORAT\u00d3RIO DE BIOMEC\u00c2NICA DO APARELHO LOCOMOTOR"}]},{"@type":"WebSite","@id":"https:\/\/www.musculoesqueleticousp.com.br\/en\/#website","url":"https:\/\/www.musculoesqueleticousp.com.br\/en\/","name":"P\u00f3s-Gradua\u00e7\u00e3o em Ci\u00eancias do Sistema Musculoesquel\u00e9tico","description":"Website do P\u00f3s-Gradua\u00e7\u00e3o em Ci\u00eancias do Sistema Musculoesquel\u00e9tico","publisher":{"@id":"https:\/\/www.musculoesqueleticousp.com.br\/en\/#organization"},"potentialAction":[{"@type":"SearchAction","target":{"@type":"EntryPoint","urlTemplate":"https:\/\/www.musculoesqueleticousp.com.br\/en\/?s={search_term_string}"},"query-input":{"@type":"PropertyValueSpecification","valueRequired":true,"valueName":"search_term_string"}}],"inLanguage":"es"},{"@type":"Organization","@id":"https:\/\/www.musculoesqueleticousp.com.br\/en\/#organization","name":"P\u00f3s-Gradua\u00e7\u00e3o em Ci\u00eancias do Sistema Musculoesquel\u00e9tico","url":"https:\/\/www.musculoesqueleticousp.com.br\/en\/","logo":{"@type":"ImageObject","inLanguage":"es","@id":"https:\/\/www.musculoesqueleticousp.com.br\/en\/#\/schema\/logo\/image\/","url":"https:\/\/www.musculoesqueleticousp.com.br\/wp-content\/uploads\/2020\/04\/logo_pg_cme_v3_h120.png","contentUrl":"https:\/\/www.musculoesqueleticousp.com.br\/wp-content\/uploads\/2020\/04\/logo_pg_cme_v3_h120.png","width":481,"height":120,"caption":"P\u00f3s-Gradua\u00e7\u00e3o em Ci\u00eancias do Sistema Musculoesquel\u00e9tico"},"image":{"@id":"https:\/\/www.musculoesqueleticousp.com.br\/en\/#\/schema\/logo\/image\/"}}]}},"_links":{"self":[{"href":"https:\/\/www.musculoesqueleticousp.com.br\/es\/wp-json\/wp\/v2\/pages\/487","targetHints":{"allow":["GET"]}}],"collection":[{"href":"https:\/\/www.musculoesqueleticousp.com.br\/es\/wp-json\/wp\/v2\/pages"}],"about":[{"href":"https:\/\/www.musculoesqueleticousp.com.br\/es\/wp-json\/wp\/v2\/types\/page"}],"author":[{"embeddable":true,"href":"https:\/\/www.musculoesqueleticousp.com.br\/es\/wp-json\/wp\/v2\/users\/1"}],"replies":[{"embeddable":true,"href":"https:\/\/www.musculoesqueleticousp.com.br\/es\/wp-json\/wp\/v2\/comments?post=487"}],"version-history":[{"count":3,"href":"https:\/\/www.musculoesqueleticousp.com.br\/es\/wp-json\/wp\/v2\/pages\/487\/revisions"}],"predecessor-version":[{"id":1681,"href":"https:\/\/www.musculoesqueleticousp.com.br\/es\/wp-json\/wp\/v2\/pages\/487\/revisions\/1681"}],"up":[{"embeddable":true,"href":"https:\/\/www.musculoesqueleticousp.com.br\/es\/wp-json\/wp\/v2\/pages\/466"}],"wp:attachment":[{"href":"https:\/\/www.musculoesqueleticousp.com.br\/es\/wp-json\/wp\/v2\/media?parent=487"}],"curies":[{"name":"wp","href":"https:\/\/api.w.org\/{rel}","templated":true}]}}