{"id":471,"date":"2020-04-14T20:36:27","date_gmt":"2020-04-14T23:36:27","guid":{"rendered":"http:\/\/www.musculoesqueleticousp.com.br\/?page_id=471"},"modified":"2021-05-20T10:27:09","modified_gmt":"2021-05-20T13:27:09","slug":"biblioteca","status":"publish","type":"page","link":"https:\/\/www.musculoesqueleticousp.com.br\/es\/sobre-nos\/infraestrutura\/biblioteca\/","title":{"rendered":"Biblioteca"},"content":{"rendered":"<p>El Servicio de Biblioteca, Documentaci\u00f3n Cient\u00edfica y Did\u00e1ctica (SBDCD) Prof. Manlio Mario Marco Napoli, del Instituto de Ortopedia y Traumatolog\u00eda, tiene como objetivo dar soporte a las actividades de Ense\u00f1anza e Investigaci\u00f3n de la comunidad m\u00e9dica, param\u00e9dica y estudiantes de postgrado de la instituci\u00f3n, por medio de tratamiento, recuperaci\u00f3n y diseminaci\u00f3n de informaciones del \u00e1rea. El servicio est\u00e1 organizado en las secciones de Biblioteca, Documentaci\u00f3n Cient\u00edfica y Apoyo a la Actividad Did\u00e1ctica e Institucional. Constituye la m\u00e1s completa biblioteca en el \u00e1rea de Ortopedia y Traumatolog\u00eda de toda Sudam\u00e9rica. Creada en 1953, por su acervo hist\u00f3rico de libros y peri\u00f3dicos es considerada referencia para todas las instituciones de ense\u00f1anza del pa\u00eds.<\/p>\n<p>Esta Biblioteca posee un acervo de aproximadamente 2.200 libros, 369 disertaciones de maestr\u00eda, 368 tesis de doctorado, 85 monograf\u00edas, 108 memoriales, 93 apostillas de cursos, 136 t\u00edtulos de peri\u00f3dicos, 384 CD-ROMs y 301 DVDs, adem\u00e1s de un acervo de 23.000 diapositivas. Cuenta adem\u00e1s con acceso a las bases de datos SIBI, CAPES, PUBMED, BIREME, ISI, entre otras en el \u00e1rea de Salud para recuperaci\u00f3n de art\u00edculos cient\u00edficos en texto integral y realizaci\u00f3n de levantamientos bibliogr\u00e1ficos.<\/p>\n<p>El SBDCD cuenta con recursos propios y del Centro de Estudio Godoy Moreira &#8211; CEGOM y busca captar recursos financieros junto a agencias financiadoras oficiales y, principalmente, junto a la iniciativa privada a trav\u00e9s de donaciones.<\/p>\n<p>La Secci\u00f3n de Documentaci\u00f3n Cient\u00edfica y Did\u00e1ctica proporciona el apoyo did\u00e1ctico necesario para las presentaciones de los trabajos cient\u00edficos por medio de la realizaci\u00f3n de im\u00e1genes, v\u00eddeos y montaje de clases con recursos de multimedios, bien como las Reuniones Cl\u00ednicas y Teleortopedia.<\/p>\n<p>Servicios Prestados: Investigaciones de art\u00edculos en Bases de Datos Nacionales e Internacionales; Levantamientos bibliogr\u00e1ficos; Compra de Art\u00edculos v\u00eda Bireme\/SCAD; Orientaci\u00f3n a la investigaci\u00f3n en Bases de Datos Nacionales e Internacionales; Orientaci\u00f3n, Investigaci\u00f3n y Localizaci\u00f3n de Informaciones y Materiales Bibliogr\u00e1ficos en Base de Datos Local (acervo f\u00edsico); Orientaci\u00f3n bibliogr\u00e1fica (auxilio en la elaboraci\u00f3n de referencias y citaciones); Diseminaci\u00f3n Selectiva de Informaciones: env\u00edo mensual de sumarios de los principales peri\u00f3dicos del \u00e1rea a los asociados de la biblioteca.<\/p>\n<p>Apoyo a la Actividad Did\u00e1ctica e Institucional: Producci\u00f3n Gr\u00e1fica. Montaje de Clase; Grabaci\u00f3n de CDs y DVDs; Edici\u00f3n de V\u00eddeos; Escaneo de Im\u00e1genes, diapositivas y negativos; Tratamiento de Im\u00e1genes; Creaci\u00f3n de logo, banners, folders e im\u00e1genes; Atenci\u00f3n t\u00e9cnica especializada en Teleortopedia. Soporte t\u00e9cnico en el \u00e1rea de inform\u00e1tica para los usuarios.<\/p>\n<p>Tenemos a disposici\u00f3n a dos bibliotecarias que auxilian a nuestros estudiantes en lo que sea necesario para el desarrollo de normalizaci\u00f3n de las tesis y disertaciones.<\/p>\n<p>Tenemos tambi\u00e9n la biblioteca localizada en la Facultad de Medicina de la USP que tiene integraci\u00f3n con los contenidos de la Biblioteca Digital de Producci\u00f3n Intelectual y Biblioteca Virtual de Educaci\u00f3n en Ciencias de la Salud. Posee mesas para trabajos colaborativos entre estudiantes, con acceso a TVs Led para proyecciones y recurso de proyecci\u00f3n a trav\u00e9s de proyector multimedio de alto desempe\u00f1o de luminosidad. Posee tambi\u00e9n 40 Tablets y 10 Ultrabooks para pr\u00e9stamo a los alumnos, para uso dentro de la biblioteca, acceso a Internet por WiFi (ruteadores de alto desempe\u00f1o) con control de tiempo de uso (semejante a Telecentros) y por cable (en las mesas interactivas o stand de descarga), cuatro TVs Led Interactivas de 60 pulgadas (tipo Smart TV) con soporte m\u00f3vil, y con recurso de recepci\u00f3n de datos por WiFi o Bluetooth, 50 auriculares individuales para pr\u00e9stamo y con transmisores WiFi (semejante al sistema de traducci\u00f3n simult\u00e1nea) y central de apoyo al usuario con una impresora l\u00e1ser blanco y negro, un esc\u00e1ner de mesa, una c\u00e1mara y una impresora l\u00e1ser a colores.<\/p>\n<p>Posee acceso a diversas bases de datos como Dedalus, SIBi (Sistema Integrado de Bibliotecas de la Universidad de S\u00e3o Paulo), PBi (Portal de B\u00fasqueda Integrada), BVS (Biblioteca Virtual en Salud), PubMed, adem\u00e1s de Embase, Scopus, UpToDate, Web of Science y otras bases.<\/p>\n<p>El panorama general de 2019 para los servicios y productos de la Biblioteca de la FMUSP fue:<\/p>\n<p>Acervo &#8211; 54.612 libros, 14.773 tesis, 253.546 fasc\u00edculos de peri\u00f3dicos, 182 multimedios y 49.917 otros. Total general del acervo: 373.030.<\/p>\n<p>Circulaci\u00f3n en el acervo &#8211; 8.414 pr\u00e9stamos, 18.506 consultas, E-books: 25.740 accesos y 4.207 descargas.<\/p>\n<p>Disertaciones y Tesis Digitales de la FMUSP (datos de la BDTD &#8211; Biblioteca Digital de Tesis y Disertaciones): 3.948 tesis, 2.611 disertaciones, 39 libre-docencias. Total general: 6.598<\/p>\n<p>El equipo de la Biblioteca organiza toda la informaci\u00f3n del Observatorio de la Producci\u00f3n Intelectual del Sistema FMUSP-HC, que tiene el objetivo de reunir y dar visibilidad a un trabajo conjunto y de relevancia nacional e internacional, con acceso a los datos de la producci\u00f3n cient\u00edfica m\u00e1s relevante de forma automatizada de los Institutos HCFMUSP, FMUSP, Hospital Universitario \u2013 HU, Instituto de Medicina Tropical \u2013 IMT y de los Laboratorios de Investigaci\u00f3n M\u00e9dica \u2013 LIMs.<\/p>\n<p>La Biblioteca de la FMUSP tambi\u00e9n organiza diversos cursos y eventos abiertos para los alumnos de grado y postgrado, que son divulgados en la p\u00e1gina de la Facultad de Medicina.<\/p>","protected":false},"excerpt":{"rendered":"<p>El Servicio de Biblioteca, Documentaci\u00f3n Cient\u00edfica y Did\u00e1ctica (SBDCD) Prof. Manlio Mario Marco Napoli, del Instituto de Ortopedia y Traumatolog\u00eda, tiene como objetivo dar soporte a [&hellip;]<\/p>\n","protected":false},"author":1,"featured_media":0,"parent":21,"menu_order":0,"comment_status":"closed","ping_status":"closed","template":"","meta":{"footnotes":""},"class_list":["post-471","page","type-page","status-publish","hentry"],"yoast_head":"<!-- This site is optimized with the Yoast SEO plugin v25.5 - https:\/\/yoast.com\/wordpress\/plugins\/seo\/ -->\n<title>Biblioteca - P\u00f3s-Gradua\u00e7\u00e3o em Ci\u00eancias do Sistema Musculoesquel\u00e9tico<\/title>\n<meta name=\"robots\" content=\"index, follow, max-snippet:-1, max-image-preview:large, max-video-preview:-1\" \/>\n<link rel=\"canonical\" href=\"https:\/\/www.musculoesqueleticousp.com.br\/sobre-nos\/infraestrutura\/biblioteca\/\" \/>\n<meta property=\"og:locale\" content=\"es_ES\" \/>\n<meta property=\"og:type\" content=\"article\" \/>\n<meta property=\"og:title\" content=\"Biblioteca - P\u00f3s-Gradua\u00e7\u00e3o em Ci\u00eancias do Sistema Musculoesquel\u00e9tico\" \/>\n<meta property=\"og:description\" content=\"El Servicio de Biblioteca, Documentaci\u00f3n Cient\u00edfica y Did\u00e1ctica (SBDCD) Prof. Manlio Mario Marco Napoli, del Instituto de Ortopedia y Traumatolog\u00eda, tiene como objetivo dar soporte a [&hellip;]\" \/>\n<meta property=\"og:url\" content=\"https:\/\/www.musculoesqueleticousp.com.br\/sobre-nos\/infraestrutura\/biblioteca\/\" \/>\n<meta property=\"og:site_name\" content=\"P\u00f3s-Gradua\u00e7\u00e3o em Ci\u00eancias do Sistema Musculoesquel\u00e9tico\" \/>\n<meta property=\"article:modified_time\" content=\"2021-05-20T13:27:09+00:00\" \/>\n<meta name=\"twitter:card\" content=\"summary_large_image\" \/>\n<meta name=\"twitter:label1\" content=\"Tiempo de lectura\" \/>\n\t<meta name=\"twitter:data1\" content=\"12 minutos\" \/>\n<script type=\"application\/ld+json\" class=\"yoast-schema-graph\">{\"@context\":\"https:\/\/schema.org\",\"@graph\":[{\"@type\":\"WebPage\",\"@id\":\"https:\/\/www.musculoesqueleticousp.com.br\/sobre-nos\/infraestrutura\/biblioteca\/\",\"url\":\"https:\/\/www.musculoesqueleticousp.com.br\/sobre-nos\/infraestrutura\/biblioteca\/\",\"name\":\"Biblioteca - P\u00f3s-Gradua\u00e7\u00e3o em Ci\u00eancias do Sistema Musculoesquel\u00e9tico\",\"isPartOf\":{\"@id\":\"https:\/\/www.musculoesqueleticousp.com.br\/en\/#website\"},\"datePublished\":\"2020-04-14T23:36:27+00:00\",\"dateModified\":\"2021-05-20T13:27:09+00:00\",\"breadcrumb\":{\"@id\":\"https:\/\/www.musculoesqueleticousp.com.br\/sobre-nos\/infraestrutura\/biblioteca\/#breadcrumb\"},\"inLanguage\":\"es\",\"potentialAction\":[{\"@type\":\"ReadAction\",\"target\":[\"https:\/\/www.musculoesqueleticousp.com.br\/sobre-nos\/infraestrutura\/biblioteca\/\"]}]},{\"@type\":\"BreadcrumbList\",\"@id\":\"https:\/\/www.musculoesqueleticousp.com.br\/sobre-nos\/infraestrutura\/biblioteca\/#breadcrumb\",\"itemListElement\":[{\"@type\":\"ListItem\",\"position\":1,\"name\":\"Home\",\"item\":\"https:\/\/www.musculoesqueleticousp.com.br\/en\/\"},{\"@type\":\"ListItem\",\"position\":2,\"name\":\"Sobre N\u00f3s\",\"item\":\"https:\/\/www.musculoesqueleticousp.com.br\/sobre-nos\/\"},{\"@type\":\"ListItem\",\"position\":3,\"name\":\"Infraestrutura\",\"item\":\"https:\/\/www.musculoesqueleticousp.com.br\/sobre-nos\/infraestrutura\/\"},{\"@type\":\"ListItem\",\"position\":4,\"name\":\"Biblioteca\"}]},{\"@type\":\"WebSite\",\"@id\":\"https:\/\/www.musculoesqueleticousp.com.br\/en\/#website\",\"url\":\"https:\/\/www.musculoesqueleticousp.com.br\/en\/\",\"name\":\"P\u00f3s-Gradua\u00e7\u00e3o em Ci\u00eancias do Sistema Musculoesquel\u00e9tico\",\"description\":\"Website do P\u00f3s-Gradua\u00e7\u00e3o em Ci\u00eancias do Sistema Musculoesquel\u00e9tico\",\"publisher\":{\"@id\":\"https:\/\/www.musculoesqueleticousp.com.br\/en\/#organization\"},\"potentialAction\":[{\"@type\":\"SearchAction\",\"target\":{\"@type\":\"EntryPoint\",\"urlTemplate\":\"https:\/\/www.musculoesqueleticousp.com.br\/en\/?s={search_term_string}\"},\"query-input\":{\"@type\":\"PropertyValueSpecification\",\"valueRequired\":true,\"valueName\":\"search_term_string\"}}],\"inLanguage\":\"es\"},{\"@type\":\"Organization\",\"@id\":\"https:\/\/www.musculoesqueleticousp.com.br\/en\/#organization\",\"name\":\"P\u00f3s-Gradua\u00e7\u00e3o em Ci\u00eancias do Sistema Musculoesquel\u00e9tico\",\"url\":\"https:\/\/www.musculoesqueleticousp.com.br\/en\/\",\"logo\":{\"@type\":\"ImageObject\",\"inLanguage\":\"es\",\"@id\":\"https:\/\/www.musculoesqueleticousp.com.br\/en\/#\/schema\/logo\/image\/\",\"url\":\"https:\/\/www.musculoesqueleticousp.com.br\/wp-content\/uploads\/2020\/04\/logo_pg_cme_v3_h120.png\",\"contentUrl\":\"https:\/\/www.musculoesqueleticousp.com.br\/wp-content\/uploads\/2020\/04\/logo_pg_cme_v3_h120.png\",\"width\":481,\"height\":120,\"caption\":\"P\u00f3s-Gradua\u00e7\u00e3o em Ci\u00eancias do Sistema Musculoesquel\u00e9tico\"},\"image\":{\"@id\":\"https:\/\/www.musculoesqueleticousp.com.br\/en\/#\/schema\/logo\/image\/\"}}]}<\/script>\n<!-- \/ Yoast SEO plugin. -->","yoast_head_json":{"title":"Biblioteca - P\u00f3s-Gradua\u00e7\u00e3o em Ci\u00eancias do Sistema Musculoesquel\u00e9tico","robots":{"index":"index","follow":"follow","max-snippet":"max-snippet:-1","max-image-preview":"max-image-preview:large","max-video-preview":"max-video-preview:-1"},"canonical":"https:\/\/www.musculoesqueleticousp.com.br\/sobre-nos\/infraestrutura\/biblioteca\/","og_locale":"es_ES","og_type":"article","og_title":"Biblioteca - P\u00f3s-Gradua\u00e7\u00e3o em Ci\u00eancias do Sistema Musculoesquel\u00e9tico","og_description":"El Servicio de Biblioteca, Documentaci\u00f3n Cient\u00edfica y Did\u00e1ctica (SBDCD) Prof. Manlio Mario Marco Napoli, del Instituto de Ortopedia y Traumatolog\u00eda, tiene como objetivo dar soporte a [&hellip;]","og_url":"https:\/\/www.musculoesqueleticousp.com.br\/sobre-nos\/infraestrutura\/biblioteca\/","og_site_name":"P\u00f3s-Gradua\u00e7\u00e3o em Ci\u00eancias do Sistema Musculoesquel\u00e9tico","article_modified_time":"2021-05-20T13:27:09+00:00","twitter_card":"summary_large_image","twitter_misc":{"Tiempo de lectura":"12 minutos"},"schema":{"@context":"https:\/\/schema.org","@graph":[{"@type":"WebPage","@id":"https:\/\/www.musculoesqueleticousp.com.br\/sobre-nos\/infraestrutura\/biblioteca\/","url":"https:\/\/www.musculoesqueleticousp.com.br\/sobre-nos\/infraestrutura\/biblioteca\/","name":"Biblioteca - P\u00f3s-Gradua\u00e7\u00e3o em Ci\u00eancias do Sistema Musculoesquel\u00e9tico","isPartOf":{"@id":"https:\/\/www.musculoesqueleticousp.com.br\/en\/#website"},"datePublished":"2020-04-14T23:36:27+00:00","dateModified":"2021-05-20T13:27:09+00:00","breadcrumb":{"@id":"https:\/\/www.musculoesqueleticousp.com.br\/sobre-nos\/infraestrutura\/biblioteca\/#breadcrumb"},"inLanguage":"es","potentialAction":[{"@type":"ReadAction","target":["https:\/\/www.musculoesqueleticousp.com.br\/sobre-nos\/infraestrutura\/biblioteca\/"]}]},{"@type":"BreadcrumbList","@id":"https:\/\/www.musculoesqueleticousp.com.br\/sobre-nos\/infraestrutura\/biblioteca\/#breadcrumb","itemListElement":[{"@type":"ListItem","position":1,"name":"Home","item":"https:\/\/www.musculoesqueleticousp.com.br\/en\/"},{"@type":"ListItem","position":2,"name":"Sobre N\u00f3s","item":"https:\/\/www.musculoesqueleticousp.com.br\/sobre-nos\/"},{"@type":"ListItem","position":3,"name":"Infraestrutura","item":"https:\/\/www.musculoesqueleticousp.com.br\/sobre-nos\/infraestrutura\/"},{"@type":"ListItem","position":4,"name":"Biblioteca"}]},{"@type":"WebSite","@id":"https:\/\/www.musculoesqueleticousp.com.br\/en\/#website","url":"https:\/\/www.musculoesqueleticousp.com.br\/en\/","name":"P\u00f3s-Gradua\u00e7\u00e3o em Ci\u00eancias do Sistema Musculoesquel\u00e9tico","description":"Website do P\u00f3s-Gradua\u00e7\u00e3o em Ci\u00eancias do Sistema Musculoesquel\u00e9tico","publisher":{"@id":"https:\/\/www.musculoesqueleticousp.com.br\/en\/#organization"},"potentialAction":[{"@type":"SearchAction","target":{"@type":"EntryPoint","urlTemplate":"https:\/\/www.musculoesqueleticousp.com.br\/en\/?s={search_term_string}"},"query-input":{"@type":"PropertyValueSpecification","valueRequired":true,"valueName":"search_term_string"}}],"inLanguage":"es"},{"@type":"Organization","@id":"https:\/\/www.musculoesqueleticousp.com.br\/en\/#organization","name":"P\u00f3s-Gradua\u00e7\u00e3o em Ci\u00eancias do Sistema Musculoesquel\u00e9tico","url":"https:\/\/www.musculoesqueleticousp.com.br\/en\/","logo":{"@type":"ImageObject","inLanguage":"es","@id":"https:\/\/www.musculoesqueleticousp.com.br\/en\/#\/schema\/logo\/image\/","url":"https:\/\/www.musculoesqueleticousp.com.br\/wp-content\/uploads\/2020\/04\/logo_pg_cme_v3_h120.png","contentUrl":"https:\/\/www.musculoesqueleticousp.com.br\/wp-content\/uploads\/2020\/04\/logo_pg_cme_v3_h120.png","width":481,"height":120,"caption":"P\u00f3s-Gradua\u00e7\u00e3o em Ci\u00eancias do Sistema Musculoesquel\u00e9tico"},"image":{"@id":"https:\/\/www.musculoesqueleticousp.com.br\/en\/#\/schema\/logo\/image\/"}}]}},"_links":{"self":[{"href":"https:\/\/www.musculoesqueleticousp.com.br\/es\/wp-json\/wp\/v2\/pages\/471","targetHints":{"allow":["GET"]}}],"collection":[{"href":"https:\/\/www.musculoesqueleticousp.com.br\/es\/wp-json\/wp\/v2\/pages"}],"about":[{"href":"https:\/\/www.musculoesqueleticousp.com.br\/es\/wp-json\/wp\/v2\/types\/page"}],"author":[{"embeddable":true,"href":"https:\/\/www.musculoesqueleticousp.com.br\/es\/wp-json\/wp\/v2\/users\/1"}],"replies":[{"embeddable":true,"href":"https:\/\/www.musculoesqueleticousp.com.br\/es\/wp-json\/wp\/v2\/comments?post=471"}],"version-history":[{"count":4,"href":"https:\/\/www.musculoesqueleticousp.com.br\/es\/wp-json\/wp\/v2\/pages\/471\/revisions"}],"predecessor-version":[{"id":1698,"href":"https:\/\/www.musculoesqueleticousp.com.br\/es\/wp-json\/wp\/v2\/pages\/471\/revisions\/1698"}],"up":[{"embeddable":true,"href":"https:\/\/www.musculoesqueleticousp.com.br\/es\/wp-json\/wp\/v2\/pages\/21"}],"wp:attachment":[{"href":"https:\/\/www.musculoesqueleticousp.com.br\/es\/wp-json\/wp\/v2\/media?parent=471"}],"curies":[{"name":"wp","href":"https:\/\/api.w.org\/{rel}","templated":true}]}}