{"id":2937,"date":"2024-06-21T10:44:49","date_gmt":"2024-06-21T13:44:49","guid":{"rendered":"https:\/\/www.musculoesqueleticousp.com.br\/?page_id=2937"},"modified":"2024-06-28T09:28:26","modified_gmt":"2024-06-28T12:28:26","slug":"marcia-uchoa-de-rezende","status":"publish","type":"page","link":"https:\/\/www.musculoesqueleticousp.com.br\/es\/pesquisas\/orientadores\/marcia-uchoa-de-rezende\/","title":{"rendered":"Marcia Uchoa de Rezende"},"content":{"rendered":"<p><strong><img loading=\"lazy\" decoding=\"async\" class=\"wp-image-2978  alignleft\" src=\"https:\/\/www.musculoesqueleticousp.com.br\/wp-content\/uploads\/2024\/06\/Screenshot_1.jpg\" alt=\"\" width=\"145\" height=\"190\" srcset=\"https:\/\/www.musculoesqueleticousp.com.br\/wp-content\/uploads\/2024\/06\/Screenshot_1.jpg 182w, https:\/\/www.musculoesqueleticousp.com.br\/wp-content\/uploads\/2024\/06\/Screenshot_1-111x146.jpg 111w, https:\/\/www.musculoesqueleticousp.com.br\/wp-content\/uploads\/2024\/06\/Screenshot_1-38x50.jpg 38w, https:\/\/www.musculoesqueleticousp.com.br\/wp-content\/uploads\/2024\/06\/Screenshot_1-57x75.jpg 57w\" sizes=\"auto, (max-width: 145px) 100vw, 145px\" \/><\/strong><\/p>\n<p style=\"font-weight: 400;\"><b><strong>T\u00edtulo:<\/strong><\/b>\u00a0Livre Docente<br \/>\n<b><strong>E-mail:<\/strong><\/b>\u00a0<a href=\"mailto:marcia.uchoa@hc.fm.usp.br\">marcia.uchoa@hc.fm.usp.br<\/a><br \/>\n<b><strong>Lattes<\/strong><\/b><b><strong>:<\/strong><\/b>\u00a0<a href=\"http:\/\/lattes.cnpq.br\/0308464551657141\">http:\/\/lattes.cnpq.br\/0308464551657141<\/a><br \/>\n<b><strong>Orcid:<\/strong><\/b>\u00a0ID\u00a0<a href=\"https:\/\/orcid.org\/0000-0002-2020-9501\">0000-0002-2020-9501<\/a>&#8211;\u00a0<a href=\"https:\/\/orcid.org\/0000-0002-2020-9501\">https:\/\/orcid.org\/0000-0002-2020-9501<\/a><br \/>\n<b><strong>Scopus<\/strong><\/b>: ID 15046503700 &#8211;\u00a0<a href=\"https:\/\/www.scopus.com\/authid\/detail.uri?authorId=15046503700\">https:\/\/www.scopus.com\/authid\/detail.uri?authorId=15046503700<\/a><br \/>\n<b><strong>Google Scholar:<\/strong><\/b>\u00a0 ID CY0EMzsAAAAJ \u00a0&#8211;\u00a0<a href=\"https:\/\/scholar.google.com\/citations?hl=pt-BR&amp;user=CY0EMzsAAAAJ\">https:\/\/scholar.google.com\/citations?hl=pt-BR&amp;user=CY0EMzsAAAAJ<\/a><br \/>\n<b><strong>Research ID:<\/strong><\/b>\u00a0\u00a0ID\u00a0GPC-5913-2022\u00a0&#8211;\u00a0<a href=\"https:\/\/www-webofscience-com.ez67.periodicos.capes.gov.br\/wos\/author\/record\/32586144\">https:\/\/www-webofscience-com.ez67.periodicos.capes.gov.br\/wos\/author\/record\/32586144<\/a><\/p>\n<p>&nbsp;<\/p>\n<h3>Linha de Pesquisa<\/h3>\n<p>&nbsp;<\/p>\n<h3>Resumo<\/h3>\n<p>&nbsp;<\/p>\n<h3>Principais Publica\u00e7\u00f5es<\/h3>\n<p>&nbsp;<\/p>\n<h3><strong>PROJETOS ORIENTADOR\/ LINHA<\/strong><\/h3>\n<p><strong>Linha 3. DIST\u00daRBIOS DEGENERATIVOS, INFLAMAT\u00d3RIOS E ESTRUTURAIS DO SISTEMA LOCOMOTOR<br \/>\n<\/strong><strong>PROJETO MARCIA UCHOA:<\/strong> INOVA\u00c7\u00d5ES CIR\u00daRGICAS E TERAPIAS INTERVENCIONISTAS<\/p>\n","protected":false},"excerpt":{"rendered":"<p>T\u00edtulo:\u00a0Livre Docente E-mail:\u00a0marcia.uchoa@hc.fm.usp.br Lattes:\u00a0http:\/\/lattes.cnpq.br\/0308464551657141 Orcid:\u00a0ID\u00a00000-0002-2020-9501&#8211;\u00a0https:\/\/orcid.org\/0000-0002-2020-9501 Scopus: ID 15046503700 &#8211;\u00a0https:\/\/www.scopus.com\/authid\/detail.uri?authorId=15046503700 Google Scholar:\u00a0 ID CY0EMzsAAAAJ \u00a0&#8211;\u00a0https:\/\/scholar.google.com\/citations?hl=pt-BR&amp;user=CY0EMzsAAAAJ Research ID:\u00a0\u00a0ID\u00a0GPC-5913-2022\u00a0&#8211;\u00a0https:\/\/www-webofscience-com.ez67.periodicos.capes.gov.br\/wos\/author\/record\/32586144 &nbsp; Linha de Pesquisa &nbsp; Resumo &nbsp; Principais Publica\u00e7\u00f5es &nbsp; [&hellip;]<\/p>\n","protected":false},"author":3,"featured_media":0,"parent":25,"menu_order":0,"comment_status":"closed","ping_status":"closed","template":"","meta":{"footnotes":""},"class_list":["post-2937","page","type-page","status-publish","hentry"],"yoast_head":"<!-- This site is optimized with the Yoast SEO plugin v25.5 - https:\/\/yoast.com\/wordpress\/plugins\/seo\/ -->\n<title>Marcia Uchoa de Rezende - P\u00f3s-Gradua\u00e7\u00e3o em Ci\u00eancias do Sistema Musculoesquel\u00e9tico<\/title>\n<meta name=\"robots\" content=\"index, follow, max-snippet:-1, max-image-preview:large, max-video-preview:-1\" \/>\n<link rel=\"canonical\" href=\"https:\/\/www.musculoesqueleticousp.com.br\/pesquisas\/orientadores\/marcia-uchoa-de-rezende\/\" \/>\n<meta property=\"og:locale\" content=\"es_ES\" \/>\n<meta property=\"og:type\" content=\"article\" \/>\n<meta property=\"og:title\" content=\"Marcia Uchoa de Rezende - P\u00f3s-Gradua\u00e7\u00e3o em Ci\u00eancias do Sistema Musculoesquel\u00e9tico\" \/>\n<meta property=\"og:description\" content=\"T\u00edtulo:\u00a0Livre Docente E-mail:\u00a0marcia.uchoa@hc.fm.usp.br Lattes:\u00a0http:\/\/lattes.cnpq.br\/0308464551657141 Orcid:\u00a0ID\u00a00000-0002-2020-9501&#8211;\u00a0https:\/\/orcid.org\/0000-0002-2020-9501 Scopus: ID 15046503700 &#8211;\u00a0https:\/\/www.scopus.com\/authid\/detail.uri?authorId=15046503700 Google Scholar:\u00a0 ID CY0EMzsAAAAJ \u00a0&#8211;\u00a0https:\/\/scholar.google.com\/citations?hl=pt-BR&amp;user=CY0EMzsAAAAJ Research ID:\u00a0\u00a0ID\u00a0GPC-5913-2022\u00a0&#8211;\u00a0https:\/\/www-webofscience-com.ez67.periodicos.capes.gov.br\/wos\/author\/record\/32586144 &nbsp; Linha de Pesquisa &nbsp; Resumo &nbsp; Principais Publica\u00e7\u00f5es &nbsp; [&hellip;]\" \/>\n<meta property=\"og:url\" content=\"https:\/\/www.musculoesqueleticousp.com.br\/pesquisas\/orientadores\/marcia-uchoa-de-rezende\/\" \/>\n<meta property=\"og:site_name\" content=\"P\u00f3s-Gradua\u00e7\u00e3o em Ci\u00eancias do Sistema Musculoesquel\u00e9tico\" \/>\n<meta property=\"article:modified_time\" content=\"2024-06-28T12:28:26+00:00\" \/>\n<meta property=\"og:image\" content=\"https:\/\/www.musculoesqueleticousp.com.br\/wp-content\/uploads\/2024\/06\/Screenshot_1.jpg\" \/>\n<meta name=\"twitter:card\" content=\"summary_large_image\" \/>\n<meta name=\"twitter:label1\" content=\"Tiempo de lectura\" \/>\n\t<meta name=\"twitter:data1\" content=\"1 minuto\" \/>\n<script type=\"application\/ld+json\" class=\"yoast-schema-graph\">{\"@context\":\"https:\/\/schema.org\",\"@graph\":[{\"@type\":\"WebPage\",\"@id\":\"https:\/\/www.musculoesqueleticousp.com.br\/pesquisas\/orientadores\/marcia-uchoa-de-rezende\/\",\"url\":\"https:\/\/www.musculoesqueleticousp.com.br\/pesquisas\/orientadores\/marcia-uchoa-de-rezende\/\",\"name\":\"Marcia Uchoa de Rezende - P\u00f3s-Gradua\u00e7\u00e3o em Ci\u00eancias do Sistema Musculoesquel\u00e9tico\",\"isPartOf\":{\"@id\":\"https:\/\/www.musculoesqueleticousp.com.br\/en\/#website\"},\"primaryImageOfPage\":{\"@id\":\"https:\/\/www.musculoesqueleticousp.com.br\/pesquisas\/orientadores\/marcia-uchoa-de-rezende\/#primaryimage\"},\"image\":{\"@id\":\"https:\/\/www.musculoesqueleticousp.com.br\/pesquisas\/orientadores\/marcia-uchoa-de-rezende\/#primaryimage\"},\"thumbnailUrl\":\"https:\/\/www.musculoesqueleticousp.com.br\/wp-content\/uploads\/2024\/06\/Screenshot_1.jpg\",\"datePublished\":\"2024-06-21T13:44:49+00:00\",\"dateModified\":\"2024-06-28T12:28:26+00:00\",\"breadcrumb\":{\"@id\":\"https:\/\/www.musculoesqueleticousp.com.br\/pesquisas\/orientadores\/marcia-uchoa-de-rezende\/#breadcrumb\"},\"inLanguage\":\"es\",\"potentialAction\":[{\"@type\":\"ReadAction\",\"target\":[\"https:\/\/www.musculoesqueleticousp.com.br\/pesquisas\/orientadores\/marcia-uchoa-de-rezende\/\"]}]},{\"@type\":\"ImageObject\",\"inLanguage\":\"es\",\"@id\":\"https:\/\/www.musculoesqueleticousp.com.br\/pesquisas\/orientadores\/marcia-uchoa-de-rezende\/#primaryimage\",\"url\":\"https:\/\/www.musculoesqueleticousp.com.br\/wp-content\/uploads\/2024\/06\/Screenshot_1.jpg\",\"contentUrl\":\"https:\/\/www.musculoesqueleticousp.com.br\/wp-content\/uploads\/2024\/06\/Screenshot_1.jpg\"},{\"@type\":\"BreadcrumbList\",\"@id\":\"https:\/\/www.musculoesqueleticousp.com.br\/pesquisas\/orientadores\/marcia-uchoa-de-rezende\/#breadcrumb\",\"itemListElement\":[{\"@type\":\"ListItem\",\"position\":1,\"name\":\"Home\",\"item\":\"https:\/\/www.musculoesqueleticousp.com.br\/en\/\"},{\"@type\":\"ListItem\",\"position\":2,\"name\":\"Research\",\"item\":\"https:\/\/www.musculoesqueleticousp.com.br\/en\/pesquisas\/\"},{\"@type\":\"ListItem\",\"position\":3,\"name\":\"Orientadores\",\"item\":\"https:\/\/www.musculoesqueleticousp.com.br\/pesquisas\/orientadores\/\"},{\"@type\":\"ListItem\",\"position\":4,\"name\":\"Marcia Uchoa de Rezende\"}]},{\"@type\":\"WebSite\",\"@id\":\"https:\/\/www.musculoesqueleticousp.com.br\/en\/#website\",\"url\":\"https:\/\/www.musculoesqueleticousp.com.br\/en\/\",\"name\":\"P\u00f3s-Gradua\u00e7\u00e3o em Ci\u00eancias do Sistema Musculoesquel\u00e9tico\",\"description\":\"Website do P\u00f3s-Gradua\u00e7\u00e3o em Ci\u00eancias do Sistema Musculoesquel\u00e9tico\",\"publisher\":{\"@id\":\"https:\/\/www.musculoesqueleticousp.com.br\/en\/#organization\"},\"potentialAction\":[{\"@type\":\"SearchAction\",\"target\":{\"@type\":\"EntryPoint\",\"urlTemplate\":\"https:\/\/www.musculoesqueleticousp.com.br\/en\/?s={search_term_string}\"},\"query-input\":{\"@type\":\"PropertyValueSpecification\",\"valueRequired\":true,\"valueName\":\"search_term_string\"}}],\"inLanguage\":\"es\"},{\"@type\":\"Organization\",\"@id\":\"https:\/\/www.musculoesqueleticousp.com.br\/en\/#organization\",\"name\":\"P\u00f3s-Gradua\u00e7\u00e3o em Ci\u00eancias do Sistema Musculoesquel\u00e9tico\",\"url\":\"https:\/\/www.musculoesqueleticousp.com.br\/en\/\",\"logo\":{\"@type\":\"ImageObject\",\"inLanguage\":\"es\",\"@id\":\"https:\/\/www.musculoesqueleticousp.com.br\/en\/#\/schema\/logo\/image\/\",\"url\":\"https:\/\/www.musculoesqueleticousp.com.br\/wp-content\/uploads\/2020\/04\/logo_pg_cme_v3_h120.png\",\"contentUrl\":\"https:\/\/www.musculoesqueleticousp.com.br\/wp-content\/uploads\/2020\/04\/logo_pg_cme_v3_h120.png\",\"width\":481,\"height\":120,\"caption\":\"P\u00f3s-Gradua\u00e7\u00e3o em Ci\u00eancias do Sistema Musculoesquel\u00e9tico\"},\"image\":{\"@id\":\"https:\/\/www.musculoesqueleticousp.com.br\/en\/#\/schema\/logo\/image\/\"}}]}<\/script>\n<!-- \/ Yoast SEO plugin. -->","yoast_head_json":{"title":"Marcia Uchoa de Rezende - P\u00f3s-Gradua\u00e7\u00e3o em Ci\u00eancias do Sistema Musculoesquel\u00e9tico","robots":{"index":"index","follow":"follow","max-snippet":"max-snippet:-1","max-image-preview":"max-image-preview:large","max-video-preview":"max-video-preview:-1"},"canonical":"https:\/\/www.musculoesqueleticousp.com.br\/pesquisas\/orientadores\/marcia-uchoa-de-rezende\/","og_locale":"es_ES","og_type":"article","og_title":"Marcia Uchoa de Rezende - P\u00f3s-Gradua\u00e7\u00e3o em Ci\u00eancias do Sistema Musculoesquel\u00e9tico","og_description":"T\u00edtulo:\u00a0Livre Docente E-mail:\u00a0marcia.uchoa@hc.fm.usp.br Lattes:\u00a0http:\/\/lattes.cnpq.br\/0308464551657141 Orcid:\u00a0ID\u00a00000-0002-2020-9501&#8211;\u00a0https:\/\/orcid.org\/0000-0002-2020-9501 Scopus: ID 15046503700 &#8211;\u00a0https:\/\/www.scopus.com\/authid\/detail.uri?authorId=15046503700 Google Scholar:\u00a0 ID CY0EMzsAAAAJ \u00a0&#8211;\u00a0https:\/\/scholar.google.com\/citations?hl=pt-BR&amp;user=CY0EMzsAAAAJ Research ID:\u00a0\u00a0ID\u00a0GPC-5913-2022\u00a0&#8211;\u00a0https:\/\/www-webofscience-com.ez67.periodicos.capes.gov.br\/wos\/author\/record\/32586144 &nbsp; Linha de Pesquisa &nbsp; Resumo &nbsp; Principais Publica\u00e7\u00f5es &nbsp; [&hellip;]","og_url":"https:\/\/www.musculoesqueleticousp.com.br\/pesquisas\/orientadores\/marcia-uchoa-de-rezende\/","og_site_name":"P\u00f3s-Gradua\u00e7\u00e3o em Ci\u00eancias do Sistema Musculoesquel\u00e9tico","article_modified_time":"2024-06-28T12:28:26+00:00","og_image":[{"url":"https:\/\/www.musculoesqueleticousp.com.br\/wp-content\/uploads\/2024\/06\/Screenshot_1.jpg","type":"","width":"","height":""}],"twitter_card":"summary_large_image","twitter_misc":{"Tiempo de lectura":"1 minuto"},"schema":{"@context":"https:\/\/schema.org","@graph":[{"@type":"WebPage","@id":"https:\/\/www.musculoesqueleticousp.com.br\/pesquisas\/orientadores\/marcia-uchoa-de-rezende\/","url":"https:\/\/www.musculoesqueleticousp.com.br\/pesquisas\/orientadores\/marcia-uchoa-de-rezende\/","name":"Marcia Uchoa de Rezende - P\u00f3s-Gradua\u00e7\u00e3o em Ci\u00eancias do Sistema Musculoesquel\u00e9tico","isPartOf":{"@id":"https:\/\/www.musculoesqueleticousp.com.br\/en\/#website"},"primaryImageOfPage":{"@id":"https:\/\/www.musculoesqueleticousp.com.br\/pesquisas\/orientadores\/marcia-uchoa-de-rezende\/#primaryimage"},"image":{"@id":"https:\/\/www.musculoesqueleticousp.com.br\/pesquisas\/orientadores\/marcia-uchoa-de-rezende\/#primaryimage"},"thumbnailUrl":"https:\/\/www.musculoesqueleticousp.com.br\/wp-content\/uploads\/2024\/06\/Screenshot_1.jpg","datePublished":"2024-06-21T13:44:49+00:00","dateModified":"2024-06-28T12:28:26+00:00","breadcrumb":{"@id":"https:\/\/www.musculoesqueleticousp.com.br\/pesquisas\/orientadores\/marcia-uchoa-de-rezende\/#breadcrumb"},"inLanguage":"es","potentialAction":[{"@type":"ReadAction","target":["https:\/\/www.musculoesqueleticousp.com.br\/pesquisas\/orientadores\/marcia-uchoa-de-rezende\/"]}]},{"@type":"ImageObject","inLanguage":"es","@id":"https:\/\/www.musculoesqueleticousp.com.br\/pesquisas\/orientadores\/marcia-uchoa-de-rezende\/#primaryimage","url":"https:\/\/www.musculoesqueleticousp.com.br\/wp-content\/uploads\/2024\/06\/Screenshot_1.jpg","contentUrl":"https:\/\/www.musculoesqueleticousp.com.br\/wp-content\/uploads\/2024\/06\/Screenshot_1.jpg"},{"@type":"BreadcrumbList","@id":"https:\/\/www.musculoesqueleticousp.com.br\/pesquisas\/orientadores\/marcia-uchoa-de-rezende\/#breadcrumb","itemListElement":[{"@type":"ListItem","position":1,"name":"Home","item":"https:\/\/www.musculoesqueleticousp.com.br\/en\/"},{"@type":"ListItem","position":2,"name":"Research","item":"https:\/\/www.musculoesqueleticousp.com.br\/en\/pesquisas\/"},{"@type":"ListItem","position":3,"name":"Orientadores","item":"https:\/\/www.musculoesqueleticousp.com.br\/pesquisas\/orientadores\/"},{"@type":"ListItem","position":4,"name":"Marcia Uchoa de Rezende"}]},{"@type":"WebSite","@id":"https:\/\/www.musculoesqueleticousp.com.br\/en\/#website","url":"https:\/\/www.musculoesqueleticousp.com.br\/en\/","name":"P\u00f3s-Gradua\u00e7\u00e3o em Ci\u00eancias do Sistema Musculoesquel\u00e9tico","description":"Website do P\u00f3s-Gradua\u00e7\u00e3o em Ci\u00eancias do Sistema Musculoesquel\u00e9tico","publisher":{"@id":"https:\/\/www.musculoesqueleticousp.com.br\/en\/#organization"},"potentialAction":[{"@type":"SearchAction","target":{"@type":"EntryPoint","urlTemplate":"https:\/\/www.musculoesqueleticousp.com.br\/en\/?s={search_term_string}"},"query-input":{"@type":"PropertyValueSpecification","valueRequired":true,"valueName":"search_term_string"}}],"inLanguage":"es"},{"@type":"Organization","@id":"https:\/\/www.musculoesqueleticousp.com.br\/en\/#organization","name":"P\u00f3s-Gradua\u00e7\u00e3o em Ci\u00eancias do Sistema Musculoesquel\u00e9tico","url":"https:\/\/www.musculoesqueleticousp.com.br\/en\/","logo":{"@type":"ImageObject","inLanguage":"es","@id":"https:\/\/www.musculoesqueleticousp.com.br\/en\/#\/schema\/logo\/image\/","url":"https:\/\/www.musculoesqueleticousp.com.br\/wp-content\/uploads\/2020\/04\/logo_pg_cme_v3_h120.png","contentUrl":"https:\/\/www.musculoesqueleticousp.com.br\/wp-content\/uploads\/2020\/04\/logo_pg_cme_v3_h120.png","width":481,"height":120,"caption":"P\u00f3s-Gradua\u00e7\u00e3o em Ci\u00eancias do Sistema Musculoesquel\u00e9tico"},"image":{"@id":"https:\/\/www.musculoesqueleticousp.com.br\/en\/#\/schema\/logo\/image\/"}}]}},"_links":{"self":[{"href":"https:\/\/www.musculoesqueleticousp.com.br\/es\/wp-json\/wp\/v2\/pages\/2937","targetHints":{"allow":["GET"]}}],"collection":[{"href":"https:\/\/www.musculoesqueleticousp.com.br\/es\/wp-json\/wp\/v2\/pages"}],"about":[{"href":"https:\/\/www.musculoesqueleticousp.com.br\/es\/wp-json\/wp\/v2\/types\/page"}],"author":[{"embeddable":true,"href":"https:\/\/www.musculoesqueleticousp.com.br\/es\/wp-json\/wp\/v2\/users\/3"}],"replies":[{"embeddable":true,"href":"https:\/\/www.musculoesqueleticousp.com.br\/es\/wp-json\/wp\/v2\/comments?post=2937"}],"version-history":[{"count":2,"href":"https:\/\/www.musculoesqueleticousp.com.br\/es\/wp-json\/wp\/v2\/pages\/2937\/revisions"}],"predecessor-version":[{"id":2979,"href":"https:\/\/www.musculoesqueleticousp.com.br\/es\/wp-json\/wp\/v2\/pages\/2937\/revisions\/2979"}],"up":[{"embeddable":true,"href":"https:\/\/www.musculoesqueleticousp.com.br\/es\/wp-json\/wp\/v2\/pages\/25"}],"wp:attachment":[{"href":"https:\/\/www.musculoesqueleticousp.com.br\/es\/wp-json\/wp\/v2\/media?parent=2937"}],"curies":[{"name":"wp","href":"https:\/\/api.w.org\/{rel}","templated":true}]}}