{"id":25,"date":"2020-03-25T15:17:34","date_gmt":"2020-03-25T18:17:34","guid":{"rendered":"http:\/\/www.musculoesqueleticousp.com.br\/pesquisas\/orientadores\/"},"modified":"2026-02-06T08:22:32","modified_gmt":"2026-02-06T11:22:32","slug":"orientadores","status":"publish","type":"page","link":"https:\/\/www.musculoesqueleticousp.com.br\/es\/pesquisas\/orientadores\/","title":{"rendered":"Orientadores"},"content":{"rendered":"<ul>\n<li><a href=\"http:\/\/www.musculoesqueleticousp.com.br\/pesquisas\/orientadores\/alexandre-fogaca-cristante\/\">Alexandre Foga\u00e7a Cristante<\/a><\/li>\n<li><a href=\"http:\/\/www.musculoesqueleticousp.com.br\/pesquisas\/orientadores\/alexandre-leme-godoy-dos-santos\/\">Alexandre Leme Godoy dos Santos<\/a><\/li>\n<li><a href=\"https:\/\/www.musculoesqueleticousp.com.br\/pesquisas\/orientadores\/ana-cristina-de-medeiros-ribeiro\/\">Ana Cristina de Medeiros Ribeiro<\/a><\/li>\n<li><a href=\"http:\/\/www.musculoesqueleticousp.com.br\/pesquisas\/orientadores\/ana-lucia-lei-munhoz-lima\/\">Ana L\u00facia Lei Munhoz Lima<\/a><\/li>\n<li><a href=\"http:\/\/www.musculoesqueleticousp.com.br\/pesquisas\/orientadores\/arnaldo-jose-hernandez\/\">Arnaldo Jos\u00e9 Hernandez<\/a><\/li>\n<li><a href=\"http:\/\/www.musculoesqueleticousp.com.br\/pesquisas\/orientadores\/bruno-gualano\/\">Bruno Gualano<\/a><\/li>\n<li><a href=\"http:\/\/www.musculoesqueleticousp.com.br\/pesquisas\/orientadores\/bryan-saunders\/\">Bryan Saunders<\/a><\/li>\n<li><a href=\"http:\/\/www.musculoesqueleticousp.com.br\/pesquisas\/orientadores\/camilo-partezani-helito\/\">Camilo Partezani Helito<\/a><\/li>\n<li>\n<div><a href=\"https:\/\/www.musculoesqueleticousp.com.br\/pesquisas\/orientadores\/carolina-nicoletti\/\">Carolina Nicoletti<\/a><\/div>\n<\/li>\n<li><a href=\"http:\/\/www.musculoesqueleticousp.com.br\/pesquisas\/orientadores\/clovis-arthur-almeida-da-silva\/\">Cl\u00f3vis Artur Almeida da Silva<\/a><\/li>\n<li><a href=\"http:\/\/www.musculoesqueleticousp.com.br\/pesquisas\/orientadores\/danieli-castro-oliveira-de-andrade\/\">Danieli Castro Oliveira de Andrade<\/a><\/li>\n<li><a href=\"https:\/\/www.musculoesqueleticousp.com.br\/pesquisas\/orientadores\/diogo-souza-domiciano\/\">Diogo Souza Domiciano<\/a><\/li>\n<li><a href=\"http:\/\/www.musculoesqueleticousp.com.br\/pesquisas\/orientadores\/eduardo-angeli-malavolta\/\">Eduardo Angeli Malavolta<\/a><\/li>\n<li><a href=\"http:\/\/www.musculoesqueleticousp.com.br\/pesquisas\/orientadores\/eduardo-ferreira-borba-neto\/\">Eduardo Ferreira Borba Neto<\/a><\/li>\n<li><a href=\"http:\/\/www.musculoesqueleticousp.com.br\/pesquisas\/orientadores\/eimear-bernadette-dolan\/\">Eimear Bernadette Dolan<\/a><\/li>\n<li><a href=\"http:\/\/www.musculoesqueleticousp.com.br\/pesquisas\/orientadores\/eloisa-silva-dutra-de-oliveira-bonfa\/\">Eloisa Silva Dutra de Oliveira Bonf\u00e1<\/a><\/li>\n<li><a href=\"http:\/\/www.musculoesqueleticousp.com.br\/pesquisas\/orientadores\/guilherme-giannini-artioli\/\">Guilherme Giannini Artioli<\/a><\/li>\n<li><a href=\"https:\/\/www.musculoesqueleticousp.com.br\/pesquisas\/orientadores\/hamilton-roschel\/\">Hamilton Roschel<\/a><\/li>\n<li><a href=\"https:\/\/www.musculoesqueleticousp.com.br\/es\/pesquisas\/orientadores\/heitor-martins-pasquim\/\">Heitor Martins Pasquim<\/a><\/li>\n<li><a href=\"https:\/\/www.musculoesqueleticousp.com.br\/pesquisas\/orientadores\/henrique-melo-de-campos-gurgel\/\">Henrique Melo de Campos Gurgel<\/a><\/li>\n<li><a href=\"https:\/\/www.musculoesqueleticousp.com.br\/pesquisas\/orientadores\/kodi-edson-kojima\/\">Kodi Edson Kojima<\/a><\/li>\n<li><a href=\"https:\/\/www.musculoesqueleticousp.com.br\/pesquisas\/orientadores\/luis-eduardo-passarelli-tirico\/\">Luis Eduardo Passarelli Tirico<\/a><\/li>\n<li><a href=\"http:\/\/www.musculoesqueleticousp.com.br\/pesquisas\/orientadores\/marcelo-rosa-de-rezende\/\">Marcelo Rosa de Rezende<\/a><\/li>\n<li><a href=\"https:\/\/www.musculoesqueleticousp.com.br\/pesquisas\/orientadores\/marcia-uchoa-de-rezende\/\">Marcia Uchoa de Rezende<\/a><\/li>\n<li><a href=\"http:\/\/www.musculoesqueleticousp.com.br\/pesquisas\/orientadores\/marco-kawamura-demange\/\">Marco Kawamura Demange<\/a><\/li>\n<li><a href=\"http:\/\/www.musculoesqueleticousp.com.br\/pesquisas\/orientadores\/nadia-emi-aikawa\/\">N\u00e1dia Emi Aikawa<\/a><\/li>\n<li><a href=\"http:\/\/www.musculoesqueleticousp.com.br\/pesquisas\/orientadores\/olavo-pires-de-camargo\/\">Olavo Pires de Camargo<\/a><\/li>\n<li><a href=\"https:\/\/www.musculoesqueleticousp.com.br\/pesquisas\/orientadores\/patricia-moreno-grangeiro\/\">Patr\u00edcia Moreno Grangeiro<\/a><\/li>\n<li><a href=\"http:\/\/www.musculoesqueleticousp.com.br\/pesquisas\/orientadores\/rames-mattar-junior\/\">Rames Mattar Junior<\/a><\/li>\n<li><a href=\"http:\/\/www.musculoesqueleticousp.com.br\/pesquisas\/orientadores\/raphael-martus-marcon\/\">Raphael Martus Marcon<\/a><\/li>\n<li><a href=\"http:\/\/www.musculoesqueleticousp.com.br\/pesquisas\/orientadores\/ricardo-fuller\/\">Ricardo Fuller<\/a><\/li>\n<li><a href=\"http:\/\/www.musculoesqueleticousp.com.br\/pesquisas\/orientadores\/riccardo-gomes-gobbi\/\">Riccardo Gomes Gobbi<\/a><\/li>\n<li><a href=\"http:\/\/www.musculoesqueleticousp.com.br\/pesquisas\/orientadores\/samuel-katsuyuki-shinjo\/\">Samuel Katsuyuki Shinjo<\/a><\/li>\n<li><a href=\"https:\/\/www.musculoesqueleticousp.com.br\/pesquisas\/orientadores\/sandra-gofinet-pasoto\/\">Sandra Gofinet Pasoto<\/a><\/li>\n<li><a href=\"http:\/\/www.musculoesqueleticousp.com.br\/pesquisas\/orientadores\/tarcisio-eloy-pessoa-de-barros-filho\/\">Tarcisio Eloy Pessoa de Barros Filho<\/a><\/li>\n<li><a href=\"https:\/\/www.musculoesqueleticousp.com.br\/pesquisas\/orientadores\/tiago-lazzaretti-fernandes\/\">Tiago Lazzaretti Fernandes<\/a><\/li>\n<li><a href=\"http:\/\/www.musculoesqueleticousp.com.br\/pesquisas\/orientadores\/walcy-paganelli-rosolia-teodoro\/\">Walcy Paganelli Rosolia Teodoro<\/a><\/li>\n<\/ul>\n","protected":false},"excerpt":{"rendered":"<p>Alexandre Foga\u00e7a Cristante Alexandre Leme Godoy dos Santos Ana Cristina de Medeiros Ribeiro Ana L\u00facia Lei Munhoz Lima Arnaldo Jos\u00e9 Hernandez Bruno Gualano Bryan Saunders Camilo [&hellip;]<\/p>\n","protected":false},"author":1,"featured_media":0,"parent":16,"menu_order":12,"comment_status":"closed","ping_status":"closed","template":"","meta":{"footnotes":""},"class_list":["post-25","page","type-page","status-publish","hentry"],"yoast_head":"<!-- This site is optimized with the Yoast SEO plugin v25.5 - https:\/\/yoast.com\/wordpress\/plugins\/seo\/ -->\n<title>Orientadores - P\u00f3s-Gradua\u00e7\u00e3o em Ci\u00eancias do Sistema Musculoesquel\u00e9tico<\/title>\n<meta name=\"robots\" content=\"index, follow, max-snippet:-1, max-image-preview:large, max-video-preview:-1\" \/>\n<link rel=\"canonical\" href=\"https:\/\/www.musculoesqueleticousp.com.br\/pesquisas\/orientadores\/\" \/>\n<meta property=\"og:locale\" content=\"es_ES\" \/>\n<meta property=\"og:type\" content=\"article\" \/>\n<meta property=\"og:title\" content=\"Orientadores - P\u00f3s-Gradua\u00e7\u00e3o em Ci\u00eancias do Sistema Musculoesquel\u00e9tico\" \/>\n<meta property=\"og:description\" content=\"Alexandre Foga\u00e7a Cristante Alexandre Leme Godoy dos Santos Ana Cristina de Medeiros Ribeiro Ana L\u00facia Lei Munhoz Lima Arnaldo Jos\u00e9 Hernandez Bruno Gualano Bryan Saunders Camilo [&hellip;]\" \/>\n<meta property=\"og:url\" content=\"https:\/\/www.musculoesqueleticousp.com.br\/pesquisas\/orientadores\/\" \/>\n<meta property=\"og:site_name\" content=\"P\u00f3s-Gradua\u00e7\u00e3o em Ci\u00eancias do Sistema Musculoesquel\u00e9tico\" \/>\n<meta property=\"article:modified_time\" content=\"2026-02-06T11:22:32+00:00\" \/>\n<meta name=\"twitter:card\" content=\"summary_large_image\" \/>\n<meta name=\"twitter:label1\" content=\"Tiempo de lectura\" \/>\n\t<meta name=\"twitter:data1\" content=\"1 minuto\" \/>\n<script type=\"application\/ld+json\" class=\"yoast-schema-graph\">{\"@context\":\"https:\/\/schema.org\",\"@graph\":[{\"@type\":\"WebPage\",\"@id\":\"https:\/\/www.musculoesqueleticousp.com.br\/pesquisas\/orientadores\/\",\"url\":\"https:\/\/www.musculoesqueleticousp.com.br\/pesquisas\/orientadores\/\",\"name\":\"Orientadores - P\u00f3s-Gradua\u00e7\u00e3o em Ci\u00eancias do Sistema Musculoesquel\u00e9tico\",\"isPartOf\":{\"@id\":\"https:\/\/www.musculoesqueleticousp.com.br\/en\/#website\"},\"datePublished\":\"2020-03-25T18:17:34+00:00\",\"dateModified\":\"2026-02-06T11:22:32+00:00\",\"breadcrumb\":{\"@id\":\"https:\/\/www.musculoesqueleticousp.com.br\/pesquisas\/orientadores\/#breadcrumb\"},\"inLanguage\":\"es\",\"potentialAction\":[{\"@type\":\"ReadAction\",\"target\":[\"https:\/\/www.musculoesqueleticousp.com.br\/pesquisas\/orientadores\/\"]}]},{\"@type\":\"BreadcrumbList\",\"@id\":\"https:\/\/www.musculoesqueleticousp.com.br\/pesquisas\/orientadores\/#breadcrumb\",\"itemListElement\":[{\"@type\":\"ListItem\",\"position\":1,\"name\":\"Home\",\"item\":\"https:\/\/www.musculoesqueleticousp.com.br\/en\/\"},{\"@type\":\"ListItem\",\"position\":2,\"name\":\"Research\",\"item\":\"https:\/\/www.musculoesqueleticousp.com.br\/en\/pesquisas\/\"},{\"@type\":\"ListItem\",\"position\":3,\"name\":\"Orientadores\"}]},{\"@type\":\"WebSite\",\"@id\":\"https:\/\/www.musculoesqueleticousp.com.br\/en\/#website\",\"url\":\"https:\/\/www.musculoesqueleticousp.com.br\/en\/\",\"name\":\"P\u00f3s-Gradua\u00e7\u00e3o em Ci\u00eancias do Sistema Musculoesquel\u00e9tico\",\"description\":\"Website do P\u00f3s-Gradua\u00e7\u00e3o em Ci\u00eancias do Sistema Musculoesquel\u00e9tico\",\"publisher\":{\"@id\":\"https:\/\/www.musculoesqueleticousp.com.br\/en\/#organization\"},\"potentialAction\":[{\"@type\":\"SearchAction\",\"target\":{\"@type\":\"EntryPoint\",\"urlTemplate\":\"https:\/\/www.musculoesqueleticousp.com.br\/en\/?s={search_term_string}\"},\"query-input\":{\"@type\":\"PropertyValueSpecification\",\"valueRequired\":true,\"valueName\":\"search_term_string\"}}],\"inLanguage\":\"es\"},{\"@type\":\"Organization\",\"@id\":\"https:\/\/www.musculoesqueleticousp.com.br\/en\/#organization\",\"name\":\"P\u00f3s-Gradua\u00e7\u00e3o em Ci\u00eancias do Sistema Musculoesquel\u00e9tico\",\"url\":\"https:\/\/www.musculoesqueleticousp.com.br\/en\/\",\"logo\":{\"@type\":\"ImageObject\",\"inLanguage\":\"es\",\"@id\":\"https:\/\/www.musculoesqueleticousp.com.br\/en\/#\/schema\/logo\/image\/\",\"url\":\"https:\/\/www.musculoesqueleticousp.com.br\/wp-content\/uploads\/2020\/04\/logo_pg_cme_v3_h120.png\",\"contentUrl\":\"https:\/\/www.musculoesqueleticousp.com.br\/wp-content\/uploads\/2020\/04\/logo_pg_cme_v3_h120.png\",\"width\":481,\"height\":120,\"caption\":\"P\u00f3s-Gradua\u00e7\u00e3o em Ci\u00eancias do Sistema Musculoesquel\u00e9tico\"},\"image\":{\"@id\":\"https:\/\/www.musculoesqueleticousp.com.br\/en\/#\/schema\/logo\/image\/\"}}]}<\/script>\n<!-- \/ Yoast SEO plugin. -->","yoast_head_json":{"title":"Orientadores - P\u00f3s-Gradua\u00e7\u00e3o em Ci\u00eancias do Sistema Musculoesquel\u00e9tico","robots":{"index":"index","follow":"follow","max-snippet":"max-snippet:-1","max-image-preview":"max-image-preview:large","max-video-preview":"max-video-preview:-1"},"canonical":"https:\/\/www.musculoesqueleticousp.com.br\/pesquisas\/orientadores\/","og_locale":"es_ES","og_type":"article","og_title":"Orientadores - P\u00f3s-Gradua\u00e7\u00e3o em Ci\u00eancias do Sistema Musculoesquel\u00e9tico","og_description":"Alexandre Foga\u00e7a Cristante Alexandre Leme Godoy dos Santos Ana Cristina de Medeiros Ribeiro Ana L\u00facia Lei Munhoz Lima Arnaldo Jos\u00e9 Hernandez Bruno Gualano Bryan Saunders Camilo [&hellip;]","og_url":"https:\/\/www.musculoesqueleticousp.com.br\/pesquisas\/orientadores\/","og_site_name":"P\u00f3s-Gradua\u00e7\u00e3o em Ci\u00eancias do Sistema Musculoesquel\u00e9tico","article_modified_time":"2026-02-06T11:22:32+00:00","twitter_card":"summary_large_image","twitter_misc":{"Tiempo de lectura":"1 minuto"},"schema":{"@context":"https:\/\/schema.org","@graph":[{"@type":"WebPage","@id":"https:\/\/www.musculoesqueleticousp.com.br\/pesquisas\/orientadores\/","url":"https:\/\/www.musculoesqueleticousp.com.br\/pesquisas\/orientadores\/","name":"Orientadores - P\u00f3s-Gradua\u00e7\u00e3o em Ci\u00eancias do Sistema Musculoesquel\u00e9tico","isPartOf":{"@id":"https:\/\/www.musculoesqueleticousp.com.br\/en\/#website"},"datePublished":"2020-03-25T18:17:34+00:00","dateModified":"2026-02-06T11:22:32+00:00","breadcrumb":{"@id":"https:\/\/www.musculoesqueleticousp.com.br\/pesquisas\/orientadores\/#breadcrumb"},"inLanguage":"es","potentialAction":[{"@type":"ReadAction","target":["https:\/\/www.musculoesqueleticousp.com.br\/pesquisas\/orientadores\/"]}]},{"@type":"BreadcrumbList","@id":"https:\/\/www.musculoesqueleticousp.com.br\/pesquisas\/orientadores\/#breadcrumb","itemListElement":[{"@type":"ListItem","position":1,"name":"Home","item":"https:\/\/www.musculoesqueleticousp.com.br\/en\/"},{"@type":"ListItem","position":2,"name":"Research","item":"https:\/\/www.musculoesqueleticousp.com.br\/en\/pesquisas\/"},{"@type":"ListItem","position":3,"name":"Orientadores"}]},{"@type":"WebSite","@id":"https:\/\/www.musculoesqueleticousp.com.br\/en\/#website","url":"https:\/\/www.musculoesqueleticousp.com.br\/en\/","name":"P\u00f3s-Gradua\u00e7\u00e3o em Ci\u00eancias do Sistema Musculoesquel\u00e9tico","description":"Website do P\u00f3s-Gradua\u00e7\u00e3o em Ci\u00eancias do Sistema Musculoesquel\u00e9tico","publisher":{"@id":"https:\/\/www.musculoesqueleticousp.com.br\/en\/#organization"},"potentialAction":[{"@type":"SearchAction","target":{"@type":"EntryPoint","urlTemplate":"https:\/\/www.musculoesqueleticousp.com.br\/en\/?s={search_term_string}"},"query-input":{"@type":"PropertyValueSpecification","valueRequired":true,"valueName":"search_term_string"}}],"inLanguage":"es"},{"@type":"Organization","@id":"https:\/\/www.musculoesqueleticousp.com.br\/en\/#organization","name":"P\u00f3s-Gradua\u00e7\u00e3o em Ci\u00eancias do Sistema Musculoesquel\u00e9tico","url":"https:\/\/www.musculoesqueleticousp.com.br\/en\/","logo":{"@type":"ImageObject","inLanguage":"es","@id":"https:\/\/www.musculoesqueleticousp.com.br\/en\/#\/schema\/logo\/image\/","url":"https:\/\/www.musculoesqueleticousp.com.br\/wp-content\/uploads\/2020\/04\/logo_pg_cme_v3_h120.png","contentUrl":"https:\/\/www.musculoesqueleticousp.com.br\/wp-content\/uploads\/2020\/04\/logo_pg_cme_v3_h120.png","width":481,"height":120,"caption":"P\u00f3s-Gradua\u00e7\u00e3o em Ci\u00eancias do Sistema Musculoesquel\u00e9tico"},"image":{"@id":"https:\/\/www.musculoesqueleticousp.com.br\/en\/#\/schema\/logo\/image\/"}}]}},"_links":{"self":[{"href":"https:\/\/www.musculoesqueleticousp.com.br\/es\/wp-json\/wp\/v2\/pages\/25","targetHints":{"allow":["GET"]}}],"collection":[{"href":"https:\/\/www.musculoesqueleticousp.com.br\/es\/wp-json\/wp\/v2\/pages"}],"about":[{"href":"https:\/\/www.musculoesqueleticousp.com.br\/es\/wp-json\/wp\/v2\/types\/page"}],"author":[{"embeddable":true,"href":"https:\/\/www.musculoesqueleticousp.com.br\/es\/wp-json\/wp\/v2\/users\/1"}],"replies":[{"embeddable":true,"href":"https:\/\/www.musculoesqueleticousp.com.br\/es\/wp-json\/wp\/v2\/comments?post=25"}],"version-history":[{"count":60,"href":"https:\/\/www.musculoesqueleticousp.com.br\/es\/wp-json\/wp\/v2\/pages\/25\/revisions"}],"predecessor-version":[{"id":78393,"href":"https:\/\/www.musculoesqueleticousp.com.br\/es\/wp-json\/wp\/v2\/pages\/25\/revisions\/78393"}],"up":[{"embeddable":true,"href":"https:\/\/www.musculoesqueleticousp.com.br\/es\/wp-json\/wp\/v2\/pages\/16"}],"wp:attachment":[{"href":"https:\/\/www.musculoesqueleticousp.com.br\/es\/wp-json\/wp\/v2\/media?parent=25"}],"curies":[{"name":"wp","href":"https:\/\/api.w.org\/{rel}","templated":true}]}}