{"id":2469,"date":"2023-04-17T07:19:45","date_gmt":"2023-04-17T10:19:45","guid":{"rendered":"https:\/\/www.musculoesqueleticousp.com.br\/?page_id=2469"},"modified":"2024-06-18T16:29:06","modified_gmt":"2024-06-18T19:29:06","slug":"henrique-melo-de-campos-gurgel","status":"publish","type":"page","link":"https:\/\/www.musculoesqueleticousp.com.br\/es\/pesquisas\/orientadores\/henrique-melo-de-campos-gurgel\/","title":{"rendered":"Henrique Melo de Campos Gurgel"},"content":{"rendered":"<p><strong><img loading=\"lazy\" decoding=\"async\" class=\"wp-image-2470 alignleft\" src=\"https:\/\/www.musculoesqueleticousp.com.br\/wp-content\/uploads\/2023\/04\/Foto_HENRIQUE-MELO-DE-CAMPOS-GURGEL-225x300.jpg\" alt=\"\" width=\"166\" height=\"221\" srcset=\"https:\/\/www.musculoesqueleticousp.com.br\/wp-content\/uploads\/2023\/04\/Foto_HENRIQUE-MELO-DE-CAMPOS-GURGEL-225x300.jpg 225w, https:\/\/www.musculoesqueleticousp.com.br\/wp-content\/uploads\/2023\/04\/Foto_HENRIQUE-MELO-DE-CAMPOS-GURGEL-769x1024.jpg 769w, https:\/\/www.musculoesqueleticousp.com.br\/wp-content\/uploads\/2023\/04\/Foto_HENRIQUE-MELO-DE-CAMPOS-GURGEL-768x1023.jpg 768w, https:\/\/www.musculoesqueleticousp.com.br\/wp-content\/uploads\/2023\/04\/Foto_HENRIQUE-MELO-DE-CAMPOS-GURGEL-1154x1536.jpg 1154w, https:\/\/www.musculoesqueleticousp.com.br\/wp-content\/uploads\/2023\/04\/Foto_HENRIQUE-MELO-DE-CAMPOS-GURGEL-1538x2048.jpg 1538w, https:\/\/www.musculoesqueleticousp.com.br\/wp-content\/uploads\/2023\/04\/Foto_HENRIQUE-MELO-DE-CAMPOS-GURGEL-110x146.jpg 110w, https:\/\/www.musculoesqueleticousp.com.br\/wp-content\/uploads\/2023\/04\/Foto_HENRIQUE-MELO-DE-CAMPOS-GURGEL-38x50.jpg 38w, https:\/\/www.musculoesqueleticousp.com.br\/wp-content\/uploads\/2023\/04\/Foto_HENRIQUE-MELO-DE-CAMPOS-GURGEL-56x75.jpg 56w, https:\/\/www.musculoesqueleticousp.com.br\/wp-content\/uploads\/2023\/04\/Foto_HENRIQUE-MELO-DE-CAMPOS-GURGEL.jpg 1919w\" sizes=\"auto, (max-width: 166px) 100vw, 166px\" \/><\/strong><\/p>\n<p><strong>T\u00edtulo:<\/strong> Doctor<br \/>\n<strong>E-mail: <\/strong><a href=\"mailto:henrique.gurgel@hc.fm.usp.br\">henrique.gurgel@hc.fm.usp.br<\/a><strong> \/ <a href=\"mailto:gurgel@institutovita.com.br\">gurgel@institutovita.com.br<\/a><\/strong><br \/>\n<strong>Lattes: <\/strong><a href=\"http:\/\/lattes.cnpq.br\/6141303947351692\">http:\/\/lattes.cnpq.br\/6141303947351692<\/a><br \/>\n<strong>Orcid<\/strong>: ID 0000-0002-2005-0553 \/ <a href=\"https:\/\/orcid.org\/0000-0002-2005-0553\">https:\/\/orcid.org\/0000-0002-2005-0553<\/a><br \/>\n<strong>Scopus<\/strong>: ID \u00a06508026949 &#8211; <a href=\"https:\/\/www.scopus.com\/authid\/detail.uri?authorId=6508026949\">https:\/\/www.scopus.com\/authid\/detail.uri?authorId=6508026949<\/a><br \/>\n<strong>Google Scholar<\/strong>: <a href=\"https:\/\/scholar.google.com.br\/citations?user=ReopU48AAAAJ&amp;hl=pt-BR\">https:\/\/scholar.google.com.br\/citations?user=ReopU48AAAAJ&amp;hl=pt-BR<\/a><br \/>\n<strong>Research ID<\/strong>: K-1841-2016 &#8211; https:\/\/webofscience.com\/wos\/author\/record\/39377501<\/p>\n<p>&nbsp;<\/p>\n<p>&nbsp;<\/p>\n<h2>L\u00ednea de Investigaci\u00f3n<\/h2>\n<p>Desarrollo de ensayos y modelos para sustituci\u00f3n articular y ensayos sobre inestabilidades articulares.<\/p>\n<h2>Resumen<\/h2>\n<p>Las articulaciones son el encuentro de los huesos, que se dan a trav\u00e9s de sus superficies llenas de cart\u00edlago. Cuando est\u00e1n muy desgastadas, el tratamiento es la sustituci\u00f3n con una pr\u00f3tesis (artroplastia). El buen funcionamiento de la pr\u00f3tesis permite una vida plena, con nuestro cuerpo en movimiento y permiti\u00e9ndonos realizar tareas y disfrutar de los muchos buenos momentos que nos brinda la vida. El estudio de estas artroplastias es el centro de nuestra investigaci\u00f3n, asegurando su correcto funcionamiento y longevidad.<\/p>\n<h2>Principales Publicaciones<\/h2>\n<ol>\n<li>Gurgel HMC, Croci AT, Cabrita HABA, Vicente JRN, Leonhardt MC, Rodrigues JC. Acetabular component positioning in total hip arthroplasty with and without a computer-assisted system: A prospective, randomized and controlled study. Journal of Arthroplasty. 2014 29 (1).<\/li>\n<li>Santos LEN, Navarro TP, Machado CJ, Cabrita HABA, Pires RE, Figueiredo LB, Gurgel HMC, Pfeilsticker RM, Grandinetti H, Souza AD, Andrade MAP. Relationship of the Pelvic-Trochanteric Index with greater trochanteric pain syndrome. Clinics (Sao Paulo). 2021 Nov 26;76:e3312. doi: 10.6061\/clinics\/2021\/e3312<\/li>\n<li>Rudelli BA, Giglio PN, de Carvalho VC, P\u00e9cora JR, Gurgel HMC, Gobbi RG, Vicente JRN, Lima ALLM, Helito CP. Bacteria drug resistance profile affects knee and hip periprosthetic joint infection outcome with debridement, antibiotics and implant retention. BMC Musculoskelet Disord. 2020 Aug 24;21(1):574. doi: 10.1186\/s12891-020-03570-1.<\/li>\n<li>Miyahara HS, Rudelli BA, Ranzoni LV, Ejnisman L, Vicente JRN, Gurgel HMC. Femoral head decompression and graft: technique with new instruments. Acta Ortop Bras. 2022 Aug 26;30(4):e250481. doi: 10.1590\/1413-785220223004e250481.<\/li>\n<li>Fagotti L, Ejnisman L, Almeida-Santos MA, Gurgel HMC, Miyahara HS, Pedrinelli A. Epidemiology of hip pain in brazilian bodybuilders. Acta Ortop Bras. 2021 May-Jun;29(3):124-126. doi: 10.1590\/1413-785220212903242430.<\/li>\n<\/ol>\n<p>&nbsp;<\/p>\n<h2><strong>PROJETOS ORIENTADOR\/ LINHA<\/strong><\/h2>\n<p><strong>Linha 2. DESENVOLVIMENTO DE ENSAIOS E MODELOS PARA SUBSTITUI\u00c7\u00c3O ARTICULAR E INSTABILIDADE ARTICULARES<br \/>\n<\/strong><strong>PROJETO HENRIQUE GURGEL<\/strong>: MODELOS PARA AN\u00c1LISE DE DOEN\u00c7AS DA ARTICULA\u00c7\u00c3O DO QUADRIL E SEUS TRATAMENTOS<\/p>","protected":false},"excerpt":{"rendered":"<p>T\u00edtulo: Doctor E-mail: henrique.gurgel@hc.fm.usp.br \/ gurgel@institutovita.com.br Lattes: http:\/\/lattes.cnpq.br\/6141303947351692 Orcid: ID 0000-0002-2005-0553 \/ https:\/\/orcid.org\/0000-0002-2005-0553 Scopus: ID \u00a06508026949 &#8211; https:\/\/www.scopus.com\/authid\/detail.uri?authorId=6508026949 Google Scholar: https:\/\/scholar.google.com.br\/citations?user=ReopU48AAAAJ&amp;hl=pt-BR Research ID: K-1841-2016 &#8211; https:\/\/webofscience.com\/wos\/author\/record\/39377501 [&hellip;]<\/p>\n","protected":false},"author":3,"featured_media":0,"parent":25,"menu_order":0,"comment_status":"closed","ping_status":"closed","template":"","meta":{"footnotes":""},"class_list":["post-2469","page","type-page","status-publish","hentry"],"yoast_head":"<!-- This site is optimized with the Yoast SEO plugin v25.5 - https:\/\/yoast.com\/wordpress\/plugins\/seo\/ -->\n<title>Henrique Melo de Campos Gurgel - P\u00f3s-Gradua\u00e7\u00e3o em Ci\u00eancias do Sistema Musculoesquel\u00e9tico<\/title>\n<meta name=\"robots\" content=\"index, follow, max-snippet:-1, max-image-preview:large, max-video-preview:-1\" \/>\n<link rel=\"canonical\" href=\"https:\/\/www.musculoesqueleticousp.com.br\/pesquisas\/orientadores\/henrique-melo-de-campos-gurgel\/\" \/>\n<meta property=\"og:locale\" content=\"es_ES\" \/>\n<meta property=\"og:type\" content=\"article\" \/>\n<meta property=\"og:title\" content=\"Henrique Melo de Campos Gurgel - P\u00f3s-Gradua\u00e7\u00e3o em Ci\u00eancias do Sistema Musculoesquel\u00e9tico\" \/>\n<meta property=\"og:description\" content=\"T\u00edtulo: Doctor E-mail: henrique.gurgel@hc.fm.usp.br \/ gurgel@institutovita.com.br Lattes: http:\/\/lattes.cnpq.br\/6141303947351692 Orcid: ID 0000-0002-2005-0553 \/ https:\/\/orcid.org\/0000-0002-2005-0553 Scopus: ID \u00a06508026949 &#8211; https:\/\/www.scopus.com\/authid\/detail.uri?authorId=6508026949 Google Scholar: https:\/\/scholar.google.com.br\/citations?user=ReopU48AAAAJ&amp;hl=pt-BR Research ID: K-1841-2016 &#8211; https:\/\/webofscience.com\/wos\/author\/record\/39377501 [&hellip;]\" \/>\n<meta property=\"og:url\" content=\"https:\/\/www.musculoesqueleticousp.com.br\/pesquisas\/orientadores\/henrique-melo-de-campos-gurgel\/\" \/>\n<meta property=\"og:site_name\" content=\"P\u00f3s-Gradua\u00e7\u00e3o em Ci\u00eancias do Sistema Musculoesquel\u00e9tico\" \/>\n<meta property=\"article:modified_time\" content=\"2024-06-18T19:29:06+00:00\" \/>\n<meta property=\"og:image\" content=\"https:\/\/www.musculoesqueleticousp.com.br\/wp-content\/uploads\/2023\/04\/Foto_HENRIQUE-MELO-DE-CAMPOS-GURGEL-225x300.jpg\" \/>\n<meta name=\"twitter:card\" content=\"summary_large_image\" \/>\n<meta name=\"twitter:label1\" content=\"Tiempo de lectura\" \/>\n\t<meta name=\"twitter:data1\" content=\"6 minutos\" \/>\n<script type=\"application\/ld+json\" class=\"yoast-schema-graph\">{\"@context\":\"https:\/\/schema.org\",\"@graph\":[{\"@type\":\"WebPage\",\"@id\":\"https:\/\/www.musculoesqueleticousp.com.br\/pesquisas\/orientadores\/henrique-melo-de-campos-gurgel\/\",\"url\":\"https:\/\/www.musculoesqueleticousp.com.br\/pesquisas\/orientadores\/henrique-melo-de-campos-gurgel\/\",\"name\":\"Henrique Melo de Campos Gurgel - P\u00f3s-Gradua\u00e7\u00e3o em Ci\u00eancias do Sistema Musculoesquel\u00e9tico\",\"isPartOf\":{\"@id\":\"https:\/\/www.musculoesqueleticousp.com.br\/en\/#website\"},\"primaryImageOfPage\":{\"@id\":\"https:\/\/www.musculoesqueleticousp.com.br\/pesquisas\/orientadores\/henrique-melo-de-campos-gurgel\/#primaryimage\"},\"image\":{\"@id\":\"https:\/\/www.musculoesqueleticousp.com.br\/pesquisas\/orientadores\/henrique-melo-de-campos-gurgel\/#primaryimage\"},\"thumbnailUrl\":\"https:\/\/www.musculoesqueleticousp.com.br\/wp-content\/uploads\/2023\/04\/Foto_HENRIQUE-MELO-DE-CAMPOS-GURGEL-225x300.jpg\",\"datePublished\":\"2023-04-17T10:19:45+00:00\",\"dateModified\":\"2024-06-18T19:29:06+00:00\",\"breadcrumb\":{\"@id\":\"https:\/\/www.musculoesqueleticousp.com.br\/pesquisas\/orientadores\/henrique-melo-de-campos-gurgel\/#breadcrumb\"},\"inLanguage\":\"es\",\"potentialAction\":[{\"@type\":\"ReadAction\",\"target\":[\"https:\/\/www.musculoesqueleticousp.com.br\/pesquisas\/orientadores\/henrique-melo-de-campos-gurgel\/\"]}]},{\"@type\":\"ImageObject\",\"inLanguage\":\"es\",\"@id\":\"https:\/\/www.musculoesqueleticousp.com.br\/pesquisas\/orientadores\/henrique-melo-de-campos-gurgel\/#primaryimage\",\"url\":\"https:\/\/www.musculoesqueleticousp.com.br\/wp-content\/uploads\/2023\/04\/Foto_HENRIQUE-MELO-DE-CAMPOS-GURGEL-225x300.jpg\",\"contentUrl\":\"https:\/\/www.musculoesqueleticousp.com.br\/wp-content\/uploads\/2023\/04\/Foto_HENRIQUE-MELO-DE-CAMPOS-GURGEL-225x300.jpg\"},{\"@type\":\"BreadcrumbList\",\"@id\":\"https:\/\/www.musculoesqueleticousp.com.br\/pesquisas\/orientadores\/henrique-melo-de-campos-gurgel\/#breadcrumb\",\"itemListElement\":[{\"@type\":\"ListItem\",\"position\":1,\"name\":\"Home\",\"item\":\"https:\/\/www.musculoesqueleticousp.com.br\/en\/\"},{\"@type\":\"ListItem\",\"position\":2,\"name\":\"Research\",\"item\":\"https:\/\/www.musculoesqueleticousp.com.br\/en\/pesquisas\/\"},{\"@type\":\"ListItem\",\"position\":3,\"name\":\"Orientadores\",\"item\":\"https:\/\/www.musculoesqueleticousp.com.br\/pesquisas\/orientadores\/\"},{\"@type\":\"ListItem\",\"position\":4,\"name\":\"Henrique Melo de Campos Gurgel\"}]},{\"@type\":\"WebSite\",\"@id\":\"https:\/\/www.musculoesqueleticousp.com.br\/en\/#website\",\"url\":\"https:\/\/www.musculoesqueleticousp.com.br\/en\/\",\"name\":\"P\u00f3s-Gradua\u00e7\u00e3o em Ci\u00eancias do Sistema Musculoesquel\u00e9tico\",\"description\":\"Website do P\u00f3s-Gradua\u00e7\u00e3o em Ci\u00eancias do Sistema Musculoesquel\u00e9tico\",\"publisher\":{\"@id\":\"https:\/\/www.musculoesqueleticousp.com.br\/en\/#organization\"},\"potentialAction\":[{\"@type\":\"SearchAction\",\"target\":{\"@type\":\"EntryPoint\",\"urlTemplate\":\"https:\/\/www.musculoesqueleticousp.com.br\/en\/?s={search_term_string}\"},\"query-input\":{\"@type\":\"PropertyValueSpecification\",\"valueRequired\":true,\"valueName\":\"search_term_string\"}}],\"inLanguage\":\"es\"},{\"@type\":\"Organization\",\"@id\":\"https:\/\/www.musculoesqueleticousp.com.br\/en\/#organization\",\"name\":\"P\u00f3s-Gradua\u00e7\u00e3o em Ci\u00eancias do Sistema Musculoesquel\u00e9tico\",\"url\":\"https:\/\/www.musculoesqueleticousp.com.br\/en\/\",\"logo\":{\"@type\":\"ImageObject\",\"inLanguage\":\"es\",\"@id\":\"https:\/\/www.musculoesqueleticousp.com.br\/en\/#\/schema\/logo\/image\/\",\"url\":\"https:\/\/www.musculoesqueleticousp.com.br\/wp-content\/uploads\/2020\/04\/logo_pg_cme_v3_h120.png\",\"contentUrl\":\"https:\/\/www.musculoesqueleticousp.com.br\/wp-content\/uploads\/2020\/04\/logo_pg_cme_v3_h120.png\",\"width\":481,\"height\":120,\"caption\":\"P\u00f3s-Gradua\u00e7\u00e3o em Ci\u00eancias do Sistema Musculoesquel\u00e9tico\"},\"image\":{\"@id\":\"https:\/\/www.musculoesqueleticousp.com.br\/en\/#\/schema\/logo\/image\/\"}}]}<\/script>\n<!-- \/ Yoast SEO plugin. -->","yoast_head_json":{"title":"Henrique Melo de Campos Gurgel - P\u00f3s-Gradua\u00e7\u00e3o em Ci\u00eancias do Sistema Musculoesquel\u00e9tico","robots":{"index":"index","follow":"follow","max-snippet":"max-snippet:-1","max-image-preview":"max-image-preview:large","max-video-preview":"max-video-preview:-1"},"canonical":"https:\/\/www.musculoesqueleticousp.com.br\/pesquisas\/orientadores\/henrique-melo-de-campos-gurgel\/","og_locale":"es_ES","og_type":"article","og_title":"Henrique Melo de Campos Gurgel - P\u00f3s-Gradua\u00e7\u00e3o em Ci\u00eancias do Sistema Musculoesquel\u00e9tico","og_description":"T\u00edtulo: Doctor E-mail: henrique.gurgel@hc.fm.usp.br \/ gurgel@institutovita.com.br Lattes: http:\/\/lattes.cnpq.br\/6141303947351692 Orcid: ID 0000-0002-2005-0553 \/ https:\/\/orcid.org\/0000-0002-2005-0553 Scopus: ID \u00a06508026949 &#8211; https:\/\/www.scopus.com\/authid\/detail.uri?authorId=6508026949 Google Scholar: https:\/\/scholar.google.com.br\/citations?user=ReopU48AAAAJ&amp;hl=pt-BR Research ID: K-1841-2016 &#8211; https:\/\/webofscience.com\/wos\/author\/record\/39377501 [&hellip;]","og_url":"https:\/\/www.musculoesqueleticousp.com.br\/pesquisas\/orientadores\/henrique-melo-de-campos-gurgel\/","og_site_name":"P\u00f3s-Gradua\u00e7\u00e3o em Ci\u00eancias do Sistema Musculoesquel\u00e9tico","article_modified_time":"2024-06-18T19:29:06+00:00","og_image":[{"url":"https:\/\/www.musculoesqueleticousp.com.br\/wp-content\/uploads\/2023\/04\/Foto_HENRIQUE-MELO-DE-CAMPOS-GURGEL-225x300.jpg","type":"","width":"","height":""}],"twitter_card":"summary_large_image","twitter_misc":{"Tiempo de lectura":"6 minutos"},"schema":{"@context":"https:\/\/schema.org","@graph":[{"@type":"WebPage","@id":"https:\/\/www.musculoesqueleticousp.com.br\/pesquisas\/orientadores\/henrique-melo-de-campos-gurgel\/","url":"https:\/\/www.musculoesqueleticousp.com.br\/pesquisas\/orientadores\/henrique-melo-de-campos-gurgel\/","name":"Henrique Melo de Campos Gurgel - P\u00f3s-Gradua\u00e7\u00e3o em Ci\u00eancias do Sistema Musculoesquel\u00e9tico","isPartOf":{"@id":"https:\/\/www.musculoesqueleticousp.com.br\/en\/#website"},"primaryImageOfPage":{"@id":"https:\/\/www.musculoesqueleticousp.com.br\/pesquisas\/orientadores\/henrique-melo-de-campos-gurgel\/#primaryimage"},"image":{"@id":"https:\/\/www.musculoesqueleticousp.com.br\/pesquisas\/orientadores\/henrique-melo-de-campos-gurgel\/#primaryimage"},"thumbnailUrl":"https:\/\/www.musculoesqueleticousp.com.br\/wp-content\/uploads\/2023\/04\/Foto_HENRIQUE-MELO-DE-CAMPOS-GURGEL-225x300.jpg","datePublished":"2023-04-17T10:19:45+00:00","dateModified":"2024-06-18T19:29:06+00:00","breadcrumb":{"@id":"https:\/\/www.musculoesqueleticousp.com.br\/pesquisas\/orientadores\/henrique-melo-de-campos-gurgel\/#breadcrumb"},"inLanguage":"es","potentialAction":[{"@type":"ReadAction","target":["https:\/\/www.musculoesqueleticousp.com.br\/pesquisas\/orientadores\/henrique-melo-de-campos-gurgel\/"]}]},{"@type":"ImageObject","inLanguage":"es","@id":"https:\/\/www.musculoesqueleticousp.com.br\/pesquisas\/orientadores\/henrique-melo-de-campos-gurgel\/#primaryimage","url":"https:\/\/www.musculoesqueleticousp.com.br\/wp-content\/uploads\/2023\/04\/Foto_HENRIQUE-MELO-DE-CAMPOS-GURGEL-225x300.jpg","contentUrl":"https:\/\/www.musculoesqueleticousp.com.br\/wp-content\/uploads\/2023\/04\/Foto_HENRIQUE-MELO-DE-CAMPOS-GURGEL-225x300.jpg"},{"@type":"BreadcrumbList","@id":"https:\/\/www.musculoesqueleticousp.com.br\/pesquisas\/orientadores\/henrique-melo-de-campos-gurgel\/#breadcrumb","itemListElement":[{"@type":"ListItem","position":1,"name":"Home","item":"https:\/\/www.musculoesqueleticousp.com.br\/en\/"},{"@type":"ListItem","position":2,"name":"Research","item":"https:\/\/www.musculoesqueleticousp.com.br\/en\/pesquisas\/"},{"@type":"ListItem","position":3,"name":"Orientadores","item":"https:\/\/www.musculoesqueleticousp.com.br\/pesquisas\/orientadores\/"},{"@type":"ListItem","position":4,"name":"Henrique Melo de Campos Gurgel"}]},{"@type":"WebSite","@id":"https:\/\/www.musculoesqueleticousp.com.br\/en\/#website","url":"https:\/\/www.musculoesqueleticousp.com.br\/en\/","name":"P\u00f3s-Gradua\u00e7\u00e3o em Ci\u00eancias do Sistema Musculoesquel\u00e9tico","description":"Website do P\u00f3s-Gradua\u00e7\u00e3o em Ci\u00eancias do Sistema Musculoesquel\u00e9tico","publisher":{"@id":"https:\/\/www.musculoesqueleticousp.com.br\/en\/#organization"},"potentialAction":[{"@type":"SearchAction","target":{"@type":"EntryPoint","urlTemplate":"https:\/\/www.musculoesqueleticousp.com.br\/en\/?s={search_term_string}"},"query-input":{"@type":"PropertyValueSpecification","valueRequired":true,"valueName":"search_term_string"}}],"inLanguage":"es"},{"@type":"Organization","@id":"https:\/\/www.musculoesqueleticousp.com.br\/en\/#organization","name":"P\u00f3s-Gradua\u00e7\u00e3o em Ci\u00eancias do Sistema Musculoesquel\u00e9tico","url":"https:\/\/www.musculoesqueleticousp.com.br\/en\/","logo":{"@type":"ImageObject","inLanguage":"es","@id":"https:\/\/www.musculoesqueleticousp.com.br\/en\/#\/schema\/logo\/image\/","url":"https:\/\/www.musculoesqueleticousp.com.br\/wp-content\/uploads\/2020\/04\/logo_pg_cme_v3_h120.png","contentUrl":"https:\/\/www.musculoesqueleticousp.com.br\/wp-content\/uploads\/2020\/04\/logo_pg_cme_v3_h120.png","width":481,"height":120,"caption":"P\u00f3s-Gradua\u00e7\u00e3o em Ci\u00eancias do Sistema Musculoesquel\u00e9tico"},"image":{"@id":"https:\/\/www.musculoesqueleticousp.com.br\/en\/#\/schema\/logo\/image\/"}}]}},"_links":{"self":[{"href":"https:\/\/www.musculoesqueleticousp.com.br\/es\/wp-json\/wp\/v2\/pages\/2469","targetHints":{"allow":["GET"]}}],"collection":[{"href":"https:\/\/www.musculoesqueleticousp.com.br\/es\/wp-json\/wp\/v2\/pages"}],"about":[{"href":"https:\/\/www.musculoesqueleticousp.com.br\/es\/wp-json\/wp\/v2\/types\/page"}],"author":[{"embeddable":true,"href":"https:\/\/www.musculoesqueleticousp.com.br\/es\/wp-json\/wp\/v2\/users\/3"}],"replies":[{"embeddable":true,"href":"https:\/\/www.musculoesqueleticousp.com.br\/es\/wp-json\/wp\/v2\/comments?post=2469"}],"version-history":[{"count":2,"href":"https:\/\/www.musculoesqueleticousp.com.br\/es\/wp-json\/wp\/v2\/pages\/2469\/revisions"}],"predecessor-version":[{"id":2843,"href":"https:\/\/www.musculoesqueleticousp.com.br\/es\/wp-json\/wp\/v2\/pages\/2469\/revisions\/2843"}],"up":[{"embeddable":true,"href":"https:\/\/www.musculoesqueleticousp.com.br\/es\/wp-json\/wp\/v2\/pages\/25"}],"wp:attachment":[{"href":"https:\/\/www.musculoesqueleticousp.com.br\/es\/wp-json\/wp\/v2\/media?parent=2469"}],"curies":[{"name":"wp","href":"https:\/\/api.w.org\/{rel}","templated":true}]}}