{"id":21,"date":"2020-03-25T15:17:34","date_gmt":"2020-03-25T18:17:34","guid":{"rendered":"http:\/\/www.musculoesqueleticousp.com.br\/sobre-nos\/infra-estrutura\/"},"modified":"2026-02-06T08:44:22","modified_gmt":"2026-02-06T11:44:22","slug":"infraestrutura","status":"publish","type":"page","link":"https:\/\/www.musculoesqueleticousp.com.br\/es\/sobre-nos\/infraestrutura\/","title":{"rendered":"Infraestrutura"},"content":{"rendered":"<p>O Programa conta com uma ROBUSTA INFRAESTRUTURA INSTITUCIONAL, com destaque aos laborat\u00f3rios de ponta.<\/p>\n<p>Temos acesso ao parque de infraestrutura da Universidade de S\u00e3o Paulo e, principalmente, do Complexo do Hospital das Cl\u00ednicas e da Faculdade de Medicina da USP. O Complexo HC ocupa uma \u00e1rea total de 600 mil metros quadrados com cerca de 2.400 leitos distribu\u00eddos entre seus 8 institutos especializados e 2 Hospitais Auxiliares.<\/p>\n<p>A Faculdade de Medicina da Universidade de S\u00e3o Paulo (FMUSP) \u00e9 reconhecida pelo seu pioneirismo e excel\u00eancia nos \u00e2mbitos de ensino, pesquisa e extens\u00e3o universit\u00e1ria. A Institui\u00e7\u00e3o investe em moderniza\u00e7\u00e3o, inova\u00e7\u00e3o tecnol\u00f3gica e plataforma educacional, al\u00e9m de firmar parcerias com a iniciativa privada e expandir o processo de internacionaliza\u00e7\u00e3o para ser um centro educacional de refer\u00eancia no mundo. A Faculdade de Medicina da USP \u00e9 constitu\u00edda por 17 departamentos, entre eles o Departamento de Ortopedia e Traumatologia e o Departamento de Cl\u00ednica M\u00e9dica, a qual pertence a Disciplina de Reumatologia junto com as disciplinas de Cl\u00ednica Geral e Proped\u00eautica, Emerg\u00eancias Cl\u00ednicas, Endocrinologia e Metabologia, Geriatria, Hematologia e Hemoterapia, Imunologia Cl\u00ednica e Alergia, Medicina Molecular e Nefrologia.<\/p>\n<p>Para desenvolvimento dos projetos de pesquisa temos no Programa, \u00e0 disposi\u00e7\u00e3o dos nossos alunos, o pr\u00e9dio do Instituto de Ortopedia e Traumatologia (IOT) da FMUSP, que congrega todas as atividades de ensino, pesquisa e assist\u00eancia do Departamento de Ortopedia e toda \u00e1rea da Reumatologia, que possui os laborat\u00f3rios no pr\u00e9dio principal da FMUSP e tamb\u00e9m \u00e1reas dentro do pr\u00f3prio Hospital das Cl\u00ednicas.<\/p>\n<p>A estrutura do IOT ocupa dois edif\u00edcios: o primeiro com dez pavimentos e o segundo com quatro, totalizando 25.000m\u00b2 de \u00e1rea constru\u00edda. Ambos est\u00e3o destinados ao tratamento das enfermidades do aparelho locomotor. O IOT conta ainda com sete laborat\u00f3rios de especialidades e um corpo cl\u00ednico com aproximadamente 160 m\u00e9dicos, entre os quais: ortopedistas, residentes na especialidade e um grupo pr\u00f3prio de anestesiologistas. Ainda fazem parte deste grupo: pediatras, geriatras, fisiatras, cirurgi\u00f5es de t\u00f3rax e pl\u00e1sticos, urologistas e cardiologistas, os quais d\u00e3o apoio m\u00e9dico aos pacientes em tratamento ortop\u00e9dico. Conta com laborat\u00f3rios equipados para atender as necessidades dos docentes, discentes e pesquisadores e com um Centro Cir\u00fargico com 11 salas, considerado tamb\u00e9m como local de ensino e desenvolvimento de v\u00e1rios projetos de pesquisa. Dentro da estrutura, um Centro de Pesquisas Cl\u00ednicas foi projetado e concebido dentro das r\u00edgidas normas de Boas Pr\u00e1ticas de Pesquisa Cl\u00ednica. Destaca-se a exist\u00eancia de Divis\u00e3o de Medicina F\u00edsica (625 m<sup>2<\/sup> de infraestrutura de reabilita\u00e7\u00e3o), contemplando Servi\u00e7os de Fisiodiagn\u00f3stico, Servi\u00e7o de Reabilita\u00e7\u00e3o e Servi\u00e7o de Fisioterapia. H\u00e1 Servi\u00e7o de Terapia Ocupacional, Servi\u00e7o de Psicologia e Servi\u00e7o Social M\u00e9dico. H\u00e1 tamb\u00e9m a divis\u00e3o espec\u00edfica de Pr\u00f3teses e \u00d3rteses (760m<sup>2<\/sup> de oficinas), composta pelo Servi\u00e7o de Produ\u00e7\u00e3o de Instrumental Cir\u00fargico &#8211; Se\u00e7\u00e3o de Pr\u00f3teses, Se\u00e7\u00e3o de \u00d3rteses, Se\u00e7\u00e3o de Selaria, Coletaria e Sapataria, al\u00e9m de Se\u00e7\u00e3o de Expediente, almoxarifados e \u00e1reas de apoio. O IOT contempla o centro de Radiologia com resson\u00e2ncia magn\u00e9tica, aparelhos de radiografia e ultrassonografia e sala de laudos voltada para o Sistema Musculoesquel\u00e9tico, o que facilita o acesso do p\u00f3s-graduando ao aprendizado pr\u00e1tico, bem como a utiliza\u00e7\u00e3o desses m\u00e9todos nos projetos de pesquisa.<\/p>\n<p>Na Reumatologia, temos a \u00e1rea de pesquisa dentro da Faculdade onde se situa o LIM 17 (Laborat\u00f3rio de Investiga\u00e7\u00e3o em Reumatologia), que conta com oito laborat\u00f3rios, todos reformados com aux\u00edlio FAPESP, e que oferecem treinamento em pesquisa b\u00e1sica e cl\u00ednica em Imunologia Celular; Imunologia Humoral; Matriz Extracelular; Metabolismo \u00d3sseo, HR-pQCT, Densitometria \u00d3ssea e Bi\u00f3psia \u00d3ssea; Lyme (S\u00edndrome Baggio Yoshinari); Miopatias Inflamat\u00f3rias; Fisiologia Aplicada &amp; Nutri\u00e7\u00e3o e S\u00edndrome Antifosfol\u00edpide. Possu\u00edmos tamb\u00e9m um Biot\u00e9rio para experimenta\u00e7\u00e3o do Departamento de Cl\u00ednica M\u00e9dica que \u00e9 coordenado pela Disciplina de Reumatologia. A enfermaria da Reumatologia est\u00e1 localizada no Instituto Central do Hospital das Cl\u00ednicas, possui 16 leitos para interna\u00e7\u00e3o distribu\u00eddos em apartamentos duplos e 10 leitos destinados ao hospital-dia de Reumatologia. Nosso grupo atende aproximadamente 29.000 pacientes por ano, distribu\u00eddos em 24 ambulat\u00f3rios especializados, triagem, pedido de consulta e infiltra\u00e7\u00e3o. Todo o atendimento \u00e9 realizado em prontu\u00e1rio eletr\u00f4nico, em um programa pioneiro de base de dados espec\u00edfico da especialidade. Tamb\u00e9m possui as \u00e1reas de treinamento em ultrassom, capilaroscopia, medicina esportiva aplicada \u00e0s doen\u00e7as reumatol\u00f3gicas, centro de infus\u00e3o e experi\u00eancia em pesquisa. Assim sendo, faz parte do nosso Servi\u00e7o um Laborat\u00f3rio de Condicionamento F\u00edsico e Reabilita\u00e7\u00e3o de Pacientes Reumatol\u00f3gicos (LACRE) e um Centro Multidisciplinar de Dispensa\u00e7\u00e3o de Medica\u00e7\u00e3o de Alto Custo (CEDMAC). Este \u00faltimo possui uma parceria com a Secretaria do Estado de S\u00e3o Paulo e se tornou o Centro Coordenador de uma rede de centro de biol\u00f3gicos no Estado de S\u00e3o Paulo associadas a hospitais terci\u00e1rios.<\/p>\n<p style=\"font-weight: 400;\">No in\u00edcio de 2020, como um fruto deste Programa, foi criado o Centro de Ci\u00eancias do Sistema Musculoesquel\u00e9tico (CCSiM) pelos departamentos de Cl\u00ednica M\u00e9dica e de Ortopedia e Traumatologia, com aprova\u00e7\u00e3o da Congrega\u00e7\u00e3o e pelo Conselho T\u00e9cnico Administrativo da FMUSP. Gra\u00e7as a sua atua\u00e7\u00e3o destacada no campo do estilo de vida, com a participa\u00e7\u00e3o ativa da maioria dos membros do Programa, o CCSiM foi ent\u00e3o renomeado como Centro de Medicina do Estilo de Vida (CMEV). Este tem sido um celeiro de atividades acad\u00eamicas de excel\u00eancia em ensino, pesquisa e extens\u00e3o, projetando-se como um modelo de centro bem-sucedido na Universidade.<\/p>\n<p style=\"font-weight: 400;\">O Programa tem como MISS\u00c3O\u00a0a forma\u00e7\u00e3o de pesquisadores e docentes dotados de habilidades acad\u00eamico-cient\u00edficas plenas que permitam atua\u00e7\u00e3o na doc\u00eancia e na pesquisa de maneira aut\u00f4noma, cr\u00edtica e inovadora em seu campo do saber, qual seja, ci\u00eancias do sistema musculoesquel\u00e9tico e sub\u00e1reas.<\/p>\n<p style=\"font-weight: 400;\">Os objetivos espec\u00edficos incluem:<\/p>\n<p style=\"font-weight: 400;\">1) Formar mestres e doutores com excel\u00eancia na \u00e1rea de ci\u00eancias do sistema musculoesquel\u00e9tico.<\/p>\n<p style=\"font-weight: 400;\">2) Formar pesquisadores e docentes com conhecimento cient\u00edfico amplo e profundo nas ci\u00eancias do sistema musculoesquel\u00e9tico e sub\u00e1reas.<\/p>\n<p style=\"font-weight: 400;\">3) Formar pesquisadores e docentes capazes de avaliarem aut\u00f4noma e criticamente o conhecimento produzido, de modo a implement\u00e1-lo em todas as esferas da sa\u00fade em prol do paciente e da popula\u00e7\u00e3o.<\/p>\n<p style=\"font-weight: 400;\">4) Produzir conhecimento cient\u00edfico de ponta nos cen\u00e1rios nacional e internacional.<\/p>\n<p style=\"font-weight: 400;\">5) Consolidar-se como um Programa de forma\u00e7\u00e3o acad\u00eamica e produ\u00e7\u00e3o cient\u00edfica de excel\u00eancia de padr\u00e3o internacional nas ci\u00eancias do sistema musculoesquel\u00e9tico.<\/p>\n<p style=\"font-weight: 400;\">Nosso programa \u00e9 estruturado na \u00c1rea de Concentra\u00e7\u00e3o \u00abCi\u00eancias do Sistema Musculoesquel\u00e9tico\u00bb, que abrange diversas \u00e1reas de atua\u00e7\u00e3o, incluindo Ortopedia e Traumatologia, Fisiatria, Reumatologia, Medicina Veterin\u00e1ria Ortop\u00e9dica, Medicina do Esporte, Enfermagem, Educa\u00e7\u00e3o F\u00edsica, Fisioterapia, Nutri\u00e7\u00e3o e Biologia.<\/p>\n<h2>LABORAT\u00d3RIOS<\/h2>\n<p><strong><a href=\"http:\/\/www.musculoesqueleticousp.com.br\/sobre-nos\/infraestrutura\/laboratorios\/laboratorio-de-investigacao-medica-do-sistema-musculo-esqueletico\/\">LABORAT\u00d3RIO DE INVESTIGA\u00c7\u00c3O M\u00c9DICA DO SISTEMA M\u00daSCULO ESQUEL\u00c9TICO<\/a> <\/strong><\/p>\n<p><a href=\"http:\/\/www.musculoesqueleticousp.com.br\/sobre-nos\/infraestrutura\/laboratorios\/laboratorio-de-estudos-dos-movimentos-lem\/\"><strong>LABORAT\u00d3RIO DE ESTUDOS DOS MOVIMENTOS (LEM)<\/strong><\/a><\/p>\n<p><a href=\"http:\/\/www.musculoesqueleticousp.com.br\/sobre-nos\/infraestrutura\/laboratorios\/laboratorio-de-anatomia-patologica\/\"><strong>LABORAT\u00d3RIO DE ANATOMIA PATOL\u00d3GICA<\/strong><\/a><\/p>\n<p><a href=\"http:\/\/www.musculoesqueleticousp.com.br\/sobre-nos\/infraestrutura\/laboratorios\/laboratorio-de-biomecanica-do-aparelho-locomotor\/\"><strong>LABORAT\u00d3RIO DE BIOMEC\u00c2NICA DO APARELHO LOCOMOTOR<\/strong><\/a><\/p>\n<p><a href=\"http:\/\/www.musculoesqueleticousp.com.br\/sobre-nos\/infraestrutura\/laboratorios\/laboratorio-de-microcirurgia-reconstrutiva\/\"><strong>LABORAT\u00d3RIO DE MICROCIRURGIA RECONSTRUTIVA<\/strong><\/a><\/p>\n<p><a href=\"http:\/\/www.musculoesqueleticousp.com.br\/sobre-nos\/infraestrutura\/laboratorios\/laboratorio-de-artroscopia\/\"><strong>LABORAT\u00d3RIO DE ARTROSCOPIA<\/strong><\/a><\/p>\n<p><a href=\"http:\/\/www.musculoesqueleticousp.com.br\/sobre-nos\/infraestrutura\/laboratorios\/nucleo-de-ortopedia-regenerativa-banco-de-tecidos-e-terapia-celular\/\"><strong>N\u00daCLEO DE ORTOPEDIA REGENERATIVA, BANCO DE TECIDOS E TERAPIA CELULAR<\/strong><\/a><\/p>\n<p><a href=\"http:\/\/www.musculoesqueleticousp.com.br\/sobre-nos\/infraestrutura\/laboratorios\/centro-de-pesquisas-clinicas\/\"><strong>CENTRO DE PESQUISAS CL\u00cdNICAS<br \/>\n<\/strong><\/a><\/p>\n<p><a href=\"https:\/\/www.musculoesqueleticousp.com.br\/sobre-nos\/infraestrutura\/laboratorios\/centro-de-ciencias-do-sistema-musculoesqueletico\/\"><b>CENTRO DE CI\u00caNCIAS DO SISTEMA MUSCULOESQUEL\u00c9TICO<\/b><\/a><\/p>\n<p><strong><a href=\"http:\/\/www.musculoesqueleticousp.com.br\/sobre-nos\/infraestrutura\/laboratorios\/laboratorio-de-estudos-do-traumatizado-raquimedular-e-nervos-letran\/\">LABORAT\u00d3RIO DE ESTUDOS DO TRAUMATIZADO RAQUIMEDULAR E NERVOS \u2013 LETRAN<\/a> <\/strong><\/p>\n<p><a href=\"http:\/\/www.musculoesqueleticousp.com.br\/sobre-nos\/infraestrutura\/laboratorios\/laboratorio-de-microorganismo-e-artrite\/\"><strong>LABORAT\u00d3RIO DE MICROORGANISMO E ARTRITE<\/strong><\/a><\/p>\n<p><a href=\"http:\/\/www.musculoesqueleticousp.com.br\/sobre-nos\/infraestrutura\/laboratorios\/laboratorio-de-avaliacao-e-condicionamento-em-reumatologia-lacre\/\"><strong>LABORAT\u00d3RIO DE AVALIA\u00c7\u00c3O E CONDICIONAMENTO EM REUMATOLOGIA (LACRE)<\/strong><\/a><\/p>\n<p><a href=\"http:\/\/www.musculoesqueleticousp.com.br\/sobre-nos\/infraestrutura\/laboratorios\/laboratorio-de-imunologia-celular\/\"><strong>LABORAT\u00d3RIO DE IMUNOLOGIA CELULAR<\/strong><\/a><\/p>\n<p><a href=\"http:\/\/www.musculoesqueleticousp.com.br\/sobre-nos\/infraestrutura\/laboratorios\/laboratorio-de-imunologia-humoral\/\"><strong>LABORAT\u00d3RIO DE IMUNOLOGIA HUMORAL<\/strong><\/a><\/p>\n<p><a href=\"http:\/\/www.musculoesqueleticousp.com.br\/sobre-nos\/infraestrutura\/laboratorios\/laboratorio-de-metabolismo-osseo-hr-pqct-densitometria-ossea-e-biopsia-ossea\/\"><strong>LABORAT\u00d3RIO DE METABOLISMO \u00d3SSEO, HR-pQCT, DENSITOMETRIA \u00d3SSEA E BI\u00d3PSIA \u00d3SSEA<\/strong><\/a><\/p>\n<p><a href=\"http:\/\/www.musculoesqueleticousp.com.br\/sobre-nos\/infraestrutura\/laboratorios\/laboratorio-de-miopatias-inflamatorias\/\"><strong>LABORAT\u00d3RIO DE MIOPATIAS INFLAMAT\u00d3RIAS<\/strong><\/a><\/p>\n<p><a href=\"http:\/\/www.musculoesqueleticousp.com.br\/sobre-nos\/infraestrutura\/laboratorios\/laboratorio-de-sindrome-antifosfolipide\/\"><strong>LABORAT\u00d3RIO DE S\u00cdNDROME ANTIFOSFOL\u00cdPIDE<\/strong><\/a><\/p>\n<p><a href=\"http:\/\/www.musculoesqueleticousp.com.br\/sobre-nos\/infraestrutura\/laboratorios\/laboratorio-de-matriz-extracelular\/\"><strong>LABORAT\u00d3RIO DE MATRIZ EXTRACELULAR<\/strong><\/a><\/p>\n<p><a href=\"http:\/\/www.musculoesqueleticousp.com.br\/sobre-nos\/infraestrutura\/laboratorios\/nucel-e-o-medcell\/\"><strong>NUCEL e o MedCell<\/strong><\/a><\/p>\n<h2><a href=\"http:\/\/www.musculoesqueleticousp.com.br\/sobre-nos\/infraestrutura\/informatica\/\">Inform\u00e1tica<\/a><\/h2>\n<h2><a href=\"http:\/\/www.musculoesqueleticousp.com.br\/sobre-nos\/infraestrutura\/administrativa\/\">Administrativa<\/a><\/h2>\n<p><\/p>","protected":false},"excerpt":{"rendered":"<p>O Programa conta com uma ROBUSTA INFRAESTRUTURA INSTITUCIONAL, com destaque aos laborat\u00f3rios de ponta. Temos acesso ao parque de infraestrutura da Universidade de S\u00e3o Paulo e, [&hellip;]<\/p>\n","protected":false},"author":1,"featured_media":0,"parent":15,"menu_order":4,"comment_status":"closed","ping_status":"closed","template":"","meta":{"footnotes":""},"class_list":["post-21","page","type-page","status-publish","hentry"],"yoast_head":"<!-- This site is optimized with the Yoast SEO plugin v25.5 - https:\/\/yoast.com\/wordpress\/plugins\/seo\/ -->\n<title>Infraestrutura - P\u00f3s-Gradua\u00e7\u00e3o em Ci\u00eancias do Sistema Musculoesquel\u00e9tico<\/title>\n<meta name=\"robots\" content=\"index, follow, max-snippet:-1, max-image-preview:large, max-video-preview:-1\" \/>\n<link rel=\"canonical\" href=\"https:\/\/www.musculoesqueleticousp.com.br\/sobre-nos\/infraestrutura\/\" \/>\n<meta property=\"og:locale\" content=\"es_ES\" \/>\n<meta property=\"og:type\" content=\"article\" \/>\n<meta property=\"og:title\" content=\"Infraestrutura - P\u00f3s-Gradua\u00e7\u00e3o em Ci\u00eancias do Sistema Musculoesquel\u00e9tico\" \/>\n<meta property=\"og:description\" content=\"O Programa conta com uma ROBUSTA INFRAESTRUTURA INSTITUCIONAL, com destaque aos laborat\u00f3rios de ponta. Temos acesso ao parque de infraestrutura da Universidade de S\u00e3o Paulo e, [&hellip;]\" \/>\n<meta property=\"og:url\" content=\"https:\/\/www.musculoesqueleticousp.com.br\/sobre-nos\/infraestrutura\/\" \/>\n<meta property=\"og:site_name\" content=\"P\u00f3s-Gradua\u00e7\u00e3o em Ci\u00eancias do Sistema Musculoesquel\u00e9tico\" \/>\n<meta property=\"article:modified_time\" content=\"2026-02-06T11:44:22+00:00\" \/>\n<meta name=\"twitter:card\" content=\"summary_large_image\" \/>\n<meta name=\"twitter:label1\" content=\"Tiempo de lectura\" \/>\n\t<meta name=\"twitter:data1\" content=\"7 minutos\" \/>\n<script type=\"application\/ld+json\" class=\"yoast-schema-graph\">{\"@context\":\"https:\/\/schema.org\",\"@graph\":[{\"@type\":\"WebPage\",\"@id\":\"https:\/\/www.musculoesqueleticousp.com.br\/sobre-nos\/infraestrutura\/\",\"url\":\"https:\/\/www.musculoesqueleticousp.com.br\/sobre-nos\/infraestrutura\/\",\"name\":\"Infraestrutura - P\u00f3s-Gradua\u00e7\u00e3o em Ci\u00eancias do Sistema Musculoesquel\u00e9tico\",\"isPartOf\":{\"@id\":\"https:\/\/www.musculoesqueleticousp.com.br\/en\/#website\"},\"datePublished\":\"2020-03-25T18:17:34+00:00\",\"dateModified\":\"2026-02-06T11:44:22+00:00\",\"breadcrumb\":{\"@id\":\"https:\/\/www.musculoesqueleticousp.com.br\/sobre-nos\/infraestrutura\/#breadcrumb\"},\"inLanguage\":\"es\",\"potentialAction\":[{\"@type\":\"ReadAction\",\"target\":[\"https:\/\/www.musculoesqueleticousp.com.br\/sobre-nos\/infraestrutura\/\"]}]},{\"@type\":\"BreadcrumbList\",\"@id\":\"https:\/\/www.musculoesqueleticousp.com.br\/sobre-nos\/infraestrutura\/#breadcrumb\",\"itemListElement\":[{\"@type\":\"ListItem\",\"position\":1,\"name\":\"Home\",\"item\":\"https:\/\/www.musculoesqueleticousp.com.br\/en\/\"},{\"@type\":\"ListItem\",\"position\":2,\"name\":\"Sobre N\u00f3s\",\"item\":\"https:\/\/www.musculoesqueleticousp.com.br\/sobre-nos\/\"},{\"@type\":\"ListItem\",\"position\":3,\"name\":\"Infraestrutura\"}]},{\"@type\":\"WebSite\",\"@id\":\"https:\/\/www.musculoesqueleticousp.com.br\/en\/#website\",\"url\":\"https:\/\/www.musculoesqueleticousp.com.br\/en\/\",\"name\":\"P\u00f3s-Gradua\u00e7\u00e3o em Ci\u00eancias do Sistema Musculoesquel\u00e9tico\",\"description\":\"Website do P\u00f3s-Gradua\u00e7\u00e3o em Ci\u00eancias do Sistema Musculoesquel\u00e9tico\",\"publisher\":{\"@id\":\"https:\/\/www.musculoesqueleticousp.com.br\/en\/#organization\"},\"potentialAction\":[{\"@type\":\"SearchAction\",\"target\":{\"@type\":\"EntryPoint\",\"urlTemplate\":\"https:\/\/www.musculoesqueleticousp.com.br\/en\/?s={search_term_string}\"},\"query-input\":{\"@type\":\"PropertyValueSpecification\",\"valueRequired\":true,\"valueName\":\"search_term_string\"}}],\"inLanguage\":\"es\"},{\"@type\":\"Organization\",\"@id\":\"https:\/\/www.musculoesqueleticousp.com.br\/en\/#organization\",\"name\":\"P\u00f3s-Gradua\u00e7\u00e3o em Ci\u00eancias do Sistema Musculoesquel\u00e9tico\",\"url\":\"https:\/\/www.musculoesqueleticousp.com.br\/en\/\",\"logo\":{\"@type\":\"ImageObject\",\"inLanguage\":\"es\",\"@id\":\"https:\/\/www.musculoesqueleticousp.com.br\/en\/#\/schema\/logo\/image\/\",\"url\":\"https:\/\/www.musculoesqueleticousp.com.br\/wp-content\/uploads\/2020\/04\/logo_pg_cme_v3_h120.png\",\"contentUrl\":\"https:\/\/www.musculoesqueleticousp.com.br\/wp-content\/uploads\/2020\/04\/logo_pg_cme_v3_h120.png\",\"width\":481,\"height\":120,\"caption\":\"P\u00f3s-Gradua\u00e7\u00e3o em Ci\u00eancias do Sistema Musculoesquel\u00e9tico\"},\"image\":{\"@id\":\"https:\/\/www.musculoesqueleticousp.com.br\/en\/#\/schema\/logo\/image\/\"}}]}<\/script>\n<!-- \/ Yoast SEO plugin. -->","yoast_head_json":{"title":"Infraestrutura - P\u00f3s-Gradua\u00e7\u00e3o em Ci\u00eancias do Sistema Musculoesquel\u00e9tico","robots":{"index":"index","follow":"follow","max-snippet":"max-snippet:-1","max-image-preview":"max-image-preview:large","max-video-preview":"max-video-preview:-1"},"canonical":"https:\/\/www.musculoesqueleticousp.com.br\/sobre-nos\/infraestrutura\/","og_locale":"es_ES","og_type":"article","og_title":"Infraestrutura - P\u00f3s-Gradua\u00e7\u00e3o em Ci\u00eancias do Sistema Musculoesquel\u00e9tico","og_description":"O Programa conta com uma ROBUSTA INFRAESTRUTURA INSTITUCIONAL, com destaque aos laborat\u00f3rios de ponta. Temos acesso ao parque de infraestrutura da Universidade de S\u00e3o Paulo e, [&hellip;]","og_url":"https:\/\/www.musculoesqueleticousp.com.br\/sobre-nos\/infraestrutura\/","og_site_name":"P\u00f3s-Gradua\u00e7\u00e3o em Ci\u00eancias do Sistema Musculoesquel\u00e9tico","article_modified_time":"2026-02-06T11:44:22+00:00","twitter_card":"summary_large_image","twitter_misc":{"Tiempo de lectura":"7 minutos"},"schema":{"@context":"https:\/\/schema.org","@graph":[{"@type":"WebPage","@id":"https:\/\/www.musculoesqueleticousp.com.br\/sobre-nos\/infraestrutura\/","url":"https:\/\/www.musculoesqueleticousp.com.br\/sobre-nos\/infraestrutura\/","name":"Infraestrutura - P\u00f3s-Gradua\u00e7\u00e3o em Ci\u00eancias do Sistema Musculoesquel\u00e9tico","isPartOf":{"@id":"https:\/\/www.musculoesqueleticousp.com.br\/en\/#website"},"datePublished":"2020-03-25T18:17:34+00:00","dateModified":"2026-02-06T11:44:22+00:00","breadcrumb":{"@id":"https:\/\/www.musculoesqueleticousp.com.br\/sobre-nos\/infraestrutura\/#breadcrumb"},"inLanguage":"es","potentialAction":[{"@type":"ReadAction","target":["https:\/\/www.musculoesqueleticousp.com.br\/sobre-nos\/infraestrutura\/"]}]},{"@type":"BreadcrumbList","@id":"https:\/\/www.musculoesqueleticousp.com.br\/sobre-nos\/infraestrutura\/#breadcrumb","itemListElement":[{"@type":"ListItem","position":1,"name":"Home","item":"https:\/\/www.musculoesqueleticousp.com.br\/en\/"},{"@type":"ListItem","position":2,"name":"Sobre N\u00f3s","item":"https:\/\/www.musculoesqueleticousp.com.br\/sobre-nos\/"},{"@type":"ListItem","position":3,"name":"Infraestrutura"}]},{"@type":"WebSite","@id":"https:\/\/www.musculoesqueleticousp.com.br\/en\/#website","url":"https:\/\/www.musculoesqueleticousp.com.br\/en\/","name":"P\u00f3s-Gradua\u00e7\u00e3o em Ci\u00eancias do Sistema Musculoesquel\u00e9tico","description":"Website do P\u00f3s-Gradua\u00e7\u00e3o em Ci\u00eancias do Sistema Musculoesquel\u00e9tico","publisher":{"@id":"https:\/\/www.musculoesqueleticousp.com.br\/en\/#organization"},"potentialAction":[{"@type":"SearchAction","target":{"@type":"EntryPoint","urlTemplate":"https:\/\/www.musculoesqueleticousp.com.br\/en\/?s={search_term_string}"},"query-input":{"@type":"PropertyValueSpecification","valueRequired":true,"valueName":"search_term_string"}}],"inLanguage":"es"},{"@type":"Organization","@id":"https:\/\/www.musculoesqueleticousp.com.br\/en\/#organization","name":"P\u00f3s-Gradua\u00e7\u00e3o em Ci\u00eancias do Sistema Musculoesquel\u00e9tico","url":"https:\/\/www.musculoesqueleticousp.com.br\/en\/","logo":{"@type":"ImageObject","inLanguage":"es","@id":"https:\/\/www.musculoesqueleticousp.com.br\/en\/#\/schema\/logo\/image\/","url":"https:\/\/www.musculoesqueleticousp.com.br\/wp-content\/uploads\/2020\/04\/logo_pg_cme_v3_h120.png","contentUrl":"https:\/\/www.musculoesqueleticousp.com.br\/wp-content\/uploads\/2020\/04\/logo_pg_cme_v3_h120.png","width":481,"height":120,"caption":"P\u00f3s-Gradua\u00e7\u00e3o em Ci\u00eancias do Sistema Musculoesquel\u00e9tico"},"image":{"@id":"https:\/\/www.musculoesqueleticousp.com.br\/en\/#\/schema\/logo\/image\/"}}]}},"_links":{"self":[{"href":"https:\/\/www.musculoesqueleticousp.com.br\/es\/wp-json\/wp\/v2\/pages\/21","targetHints":{"allow":["GET"]}}],"collection":[{"href":"https:\/\/www.musculoesqueleticousp.com.br\/es\/wp-json\/wp\/v2\/pages"}],"about":[{"href":"https:\/\/www.musculoesqueleticousp.com.br\/es\/wp-json\/wp\/v2\/types\/page"}],"author":[{"embeddable":true,"href":"https:\/\/www.musculoesqueleticousp.com.br\/es\/wp-json\/wp\/v2\/users\/1"}],"replies":[{"embeddable":true,"href":"https:\/\/www.musculoesqueleticousp.com.br\/es\/wp-json\/wp\/v2\/comments?post=21"}],"version-history":[{"count":44,"href":"https:\/\/www.musculoesqueleticousp.com.br\/es\/wp-json\/wp\/v2\/pages\/21\/revisions"}],"predecessor-version":[{"id":78403,"href":"https:\/\/www.musculoesqueleticousp.com.br\/es\/wp-json\/wp\/v2\/pages\/21\/revisions\/78403"}],"up":[{"embeddable":true,"href":"https:\/\/www.musculoesqueleticousp.com.br\/es\/wp-json\/wp\/v2\/pages\/15"}],"wp:attachment":[{"href":"https:\/\/www.musculoesqueleticousp.com.br\/es\/wp-json\/wp\/v2\/media?parent=21"}],"curies":[{"name":"wp","href":"https:\/\/api.w.org\/{rel}","templated":true}]}}