{"id":20,"date":"2020-03-25T15:17:34","date_gmt":"2020-03-25T18:17:34","guid":{"rendered":"http:\/\/www.musculoesqueleticousp.com.br\/sobre-nos\/coordenacao\/"},"modified":"2025-10-24T08:15:26","modified_gmt":"2025-10-24T11:15:26","slug":"coordenacao","status":"publish","type":"page","link":"https:\/\/www.musculoesqueleticousp.com.br\/es\/sobre-nos\/coordenacao\/","title":{"rendered":"Coordinaci\u00f3n"},"content":{"rendered":"<p><\/p>\n<div class=\"mceTemp\">\n<div class=\"mceTemp\">\n<div id=\"attachment_555\" style=\"width: 204px\" class=\"wp-caption alignright\"><img loading=\"lazy\" decoding=\"async\" aria-describedby=\"caption-attachment-555\" class=\"wp-image-555 size-full\" src=\"https:\/\/www.musculoesqueleticousp.com.br\/wp-content\/uploads\/2025\/10\/Foto-Marco-Kawamura-Demange.jpg\" alt=\"Bruno Gualano- Coordenador do Programa de P\u00f3s-Gradua\u00e7\u00e3o\" width=\"194\" height=\"225\" data-wp-editing=\"1\" \/><p id=\"caption-attachment-555\" class=\"wp-caption-text\">Marco Kawamura Demange &#8211; Coordenador do Programa de P\u00f3s-Gradua\u00e7\u00e3o<\/p><\/div>\n<div>\n<p><strong>COMISS\u00c3O COORDENADORA DO PROGRAMA \u2013 BI\u00caNIO 2025\/2027<\/strong><\/p>\n<p><b><strong>Coordenador:<\/strong><\/b> \u00a0Marco Kawamura Demange<br \/>\n<b><strong>Suplente Coordenador:<\/strong><\/b>\u00a0\u00a0Bruno Gualano<\/p>\n<\/div>\n<div><\/div>\n<div><b>Membros Titulares<\/b><b><\/b><\/div>\n<div>\n<ul>\n<li>Marco Kawamura Demange<\/li>\n<li>Bruno Gualano<\/li>\n<li>Camilo Partezani Helito<\/li>\n<li>Hamilton Roschel<\/li>\n<li>Danieli Castro Oliveira de Andrade<\/li>\n<\/ul>\n<p><b>Suplentes<\/b><\/p>\n<ul>\n<li>Riccardo Gomes Gobbi<\/li>\n<li>N\u00e1dia Emi Aikawa<\/li>\n<li>Raphael Martus Marcon<\/li>\n<li>Diogo Souza Domiciano<\/li>\n<li>Eduardo Angeli Malavolta<\/li>\n<\/ul>\n<p><strong>Representantes discentes: 01.10.2025 a 30.09.2026<\/strong><\/p>\n<ul>\n<li>Andresa Rossilho Casale\u00a0\u2013 Titular<\/li>\n<li>Henrique Fuller\u00a0\u2013 Suplente<\/li>\n<\/ul>\n<\/div>\n<hr \/>\n<div class=\"accordion\">\n<div class=\"mfn-acc accordion_wrapper \">\n<div class=\"question\">\n<div class=\"title\"><i class=\"icon-plus acc-icon-plus\"><\/i><i class=\"icon-minus acc-icon-minus\"><\/i>CCP ANTERIORES<\/div>\n<div class=\"answer\" style=\"display: none;\">\n<p><strong>CCP &#8211;\u00a02021\/2023<\/strong><br \/>\nBruno Gualano \u2013 Coordenador<br \/>\nMarco Kawamura Demange \u2013 Vice-Coordenador<\/p>\n<p>Titulares<br \/>\nSamuel Katsuyuki Shinjo<br \/>\nRames Mattar Junior<br \/>\nRaphael Martus Marcon<\/p>\n<p>Suplentes<br \/>\nAlexandre Leme Godoy dos Santos<br \/>\nHamilton Roschel<br \/>\nMarcelo Rosa de Rezende<br \/>\nRiccardo Gomes Gobbi<br \/>\nSandra Gofinet Pasoto<\/p>\n<p>Representantes discentes: 01.10.2021 a 30.09.2022<br \/>\nDiego Ubrig Munhoz \u2013 Titular<br \/>\nChilan Bou Ghosson Leite \u2013 Suplente<\/p>\n<p><strong>CCP &#8211;\u00a0 01\/10\/2013 a 30\/09\/2015 e 01\/10\/2015 a 30\/09\/2017<\/strong><br \/>\nOlavo Pires de Camargo &#8211; Coordenador<br \/>\nLuiz Eugenio Garcez Leme &#8211; Vice Coordenador<\/p>\n<p>Titulares<br \/>\nOlavo Pires de Camargo<br \/>\nLuiz Eugenio Garcez Leme<br \/>\nAlberto Tesconi Croci<\/p>\n<p>Suplentes<br \/>\nRames Mattar Junior<br \/>\nArnaldo Jos\u00e9 Hernandez<br \/>\nAlexandre Foga\u00e7a Cristante<\/p>\n<p><strong>CCP &#8211;\u00a0 01\/10\/2017 a 30\/09\/2019<br \/>\n<\/strong>Marco Kawamura Demange &#8211; Coordenador<br \/>\nLuiz Eugenio Garcez Leme &#8211; Vice Coordenador<\/p>\n<p>Titulares<br \/>\nMarco Kawamura Demange<br \/>\nLuiz Eugenio Garcez Leme<br \/>\nRosa Maria Rodrigues Pereira<br \/>\nRames Mattar Junior<\/p>\n<p>Suplentes<br \/>\nAlberto Tesconi Croci<br \/>\nTulio Diniz Fernandes<br \/>\nEduardo Ferreira Borba Neto<br \/>\nArnaldo Jos\u00e9 Hernandez<\/p>\n<p><strong>CCP &#8211;\u00a0 01\/10\/2019 a 30\/09\/2021<br \/>\n<\/strong>Marco Kawamura Demange &#8211; Coordenador<br \/>\nBruno Gualano &#8211; Vice Coordenador<\/p>\n<p>Titulares<br \/>\nMarco Kawamura Demange<br \/>\nBruno Gualano<br \/>\nRames Mattar Junior<br \/>\nRaphael Martus Marcon<br \/>\nSamuel Katsuyuki Shinjo<\/p>\n<p>Suplentes<br \/>\nAlexandre Leme Godoy dos Santos<br \/>\nHamilton Roschel<br \/>\nMarcelo Rosa de Rezende<br \/>\nRiccardo Gomes Gobbi<br \/>\nSandra Gofinet Pasoto<\/p>\n<\/div>\n<\/div>\n<\/div>\n<\/div>\n<\/div>\n<div class=\"accordion\">\n<div class=\"mfn-acc accordion_wrapper \">\n<div class=\"question\">\n<div class=\"answer\" style=\"display: none;\">\n<p><strong>CCP &#8211;\u00a02021\/2023<\/strong><br \/>\nBruno Gualano \u2013 Coordenador<br \/>\nMarco Kawamura Demange \u2013 Vice-Coordenador<\/p>\n<p>Titulares<br \/>\nSamuel Katsuyuki Shinjo<br \/>\nRames Mattar Junior<br \/>\nRaphael Martus Marcon<\/p>\n<p>Suplentes<br \/>\nAlexandre Leme Godoy dos Santos<br \/>\nHamilton Roschel<br \/>\nMarcelo Rosa de Rezende<br \/>\nRiccardo Gomes Gobbi<br \/>\nSandra Gofinet Pasoto<\/p>\n<p>Representantes discentes: 01.10.2021 a 30.09.2022<br \/>\nDiego Ubrig Munhoz \u2013 Titular<br \/>\nChilan Bou Ghosson Leite \u2013 Suplente<\/p>\n<p><strong>CCP &#8211;\u00a0 01\/10\/2013 a 30\/09\/2015 e 01\/10\/2015 a 30\/09\/2017<\/strong><br \/>\nOlavo Pires de Camargo &#8211; Coordenador<br \/>\nLuiz Eugenio Garcez Leme &#8211; Vice Coordenador<\/p>\n<p>Titulares<br \/>\nOlavo Pires de Camargo<br \/>\nLuiz Eugenio Garcez Leme<br \/>\nAlberto Tesconi Croci<\/p>\n<p>Suplentes<br \/>\nRames Mattar Junior<br \/>\nArnaldo Jos\u00e9 Hernandez<br \/>\nAlexandre Foga\u00e7a Cristante<\/p>\n<p><strong>CCP &#8211;\u00a0 01\/10\/2017 a 30\/09\/2019<br \/>\n<\/strong>Marco Kawamura Demange &#8211; Coordenador<br \/>\nLuiz Eugenio Garcez Leme &#8211; Vice Coordenador<\/p>\n<p>Titulares<br \/>\nMarco Kawamura Demange<br \/>\nLuiz Eugenio Garcez Leme<br \/>\nRosa Maria Rodrigues Pereira<br \/>\nRames Mattar Junior<\/p>\n<p>Suplentes<br \/>\nAlberto Tesconi Croci<br \/>\nTulio Diniz Fernandes<br \/>\nEduardo Ferreira Borba Neto<br \/>\nArnaldo Jos\u00e9 Hernandez<\/p>\n<p><strong>CCP &#8211;\u00a0 01\/10\/2019 a 30\/09\/2021<br \/>\n<\/strong>Marco Kawamura Demange &#8211; Coordenador<br \/>\nBruno Gualano &#8211; Vice Coordenador<\/p>\n<p>Titulares<br \/>\nMarco Kawamura Demange<br \/>\nBruno Gualano<br \/>\nRames Mattar Junior<br \/>\nRaphael Martus Marcon<br \/>\nSamuel Katsuyuki Shinjo<\/p>\n<p>Suplentes<br \/>\nAlexandre Leme Godoy dos Santos<br \/>\nHamilton Roschel<br \/>\nMarcelo Rosa de Rezende<br \/>\nRiccardo Gomes Gobbi<br \/>\nSandra Gofinet Pasoto<\/p>\n<\/div>\n<\/div>\n<\/div>\n<\/div>\n<\/div>\n<div class=\"accordion\">\n<div class=\"mfn-acc accordion_wrapper \">\n<div class=\"question\">\n<div class=\"answer\" style=\"display: none;\">\n<p><strong>CCP &#8211;\u00a02021\/2023<\/strong><br \/>\nBruno Gualano \u2013 Coordenador<br \/>\nMarco Kawamura Demange \u2013 Vice-Coordenador<\/p>\n<p>Titulares<br \/>\nSamuel Katsuyuki Shinjo<br \/>\nRames Mattar Junior<br \/>\nRaphael Martus Marcon<\/p>\n<p>Suplentes<br \/>\nAlexandre Leme Godoy dos Santos<br \/>\nHamilton Roschel<br \/>\nMarcelo Rosa de Rezende<br \/>\nRiccardo Gomes Gobbi<br \/>\nSandra Gofinet Pasoto<\/p>\n<p>Representantes discentes: 01.10.2021 a 30.09.2022<br \/>\nDiego Ubrig Munhoz \u2013 Titular<br \/>\nChilan Bou Ghosson Leite \u2013 Suplente<\/p>\n<p><strong>CCP &#8211;\u00a0 01\/10\/2013 a 30\/09\/2015 e 01\/10\/2015 a 30\/09\/2017<\/strong><br \/>\nOlavo Pires de Camargo &#8211; Coordenador<br \/>\nLuiz Eugenio Garcez Leme &#8211; Vice Coordenador<\/p>\n<p>Titulares<br \/>\nOlavo Pires de Camargo<br \/>\nLuiz Eugenio Garcez Leme<br \/>\nAlberto Tesconi Croci<\/p>\n<p>Suplentes<br \/>\nRames Mattar Junior<br \/>\nArnaldo Jos\u00e9 Hernandez<br \/>\nAlexandre Foga\u00e7a Cristante<\/p>\n<p><strong>CCP &#8211;\u00a0 01\/10\/2017 a 30\/09\/2019<br \/>\n<\/strong>Marco Kawamura Demange &#8211; Coordenador<br \/>\nLuiz Eugenio Garcez Leme &#8211; Vice Coordenador<\/p>\n<p>Titulares<br \/>\nMarco Kawamura Demange<br \/>\nLuiz Eugenio Garcez Leme<br \/>\nRosa Maria Rodrigues Pereira<br \/>\nRames Mattar Junior<\/p>\n<p>Suplentes<br \/>\nAlberto Tesconi Croci<br \/>\nTulio Diniz Fernandes<br \/>\nEduardo Ferreira Borba Neto<br \/>\nArnaldo Jos\u00e9 Hernandez<\/p>\n<p><strong>CCP &#8211;\u00a0 01\/10\/2019 a 30\/09\/2021<br \/>\n<\/strong>Marco Kawamura Demange &#8211; Coordenador<br \/>\nBruno Gualano &#8211; Vice Coordenador<\/p>\n<p>Titulares<br \/>\nMarco Kawamura Demange<br \/>\nBruno Gualano<br \/>\nRames Mattar Junior<br \/>\nRaphael Martus Marcon<br \/>\nSamuel Katsuyuki Shinjo<\/p>\n<p>Suplentes<br \/>\nAlexandre Leme Godoy dos Santos<br \/>\nHamilton Roschel<br \/>\nMarcelo Rosa de Rezende<br \/>\nRiccardo Gomes Gobbi<br \/>\nSandra Gofinet Pasoto<\/p>\n<\/div>\n<\/div>\n<\/div>\n<\/div>\n<p><\/p>","protected":false},"excerpt":{"rendered":"<p>COMISS\u00c3O COORDENADORA DO PROGRAMA \u2013 BI\u00caNIO 2025\/2027 Coordenador: \u00a0Marco Kawamura Demange Suplente Coordenador:\u00a0\u00a0Bruno Gualano Membros Titulares Marco Kawamura Demange Bruno Gualano Camilo Partezani Helito Hamilton Roschel [&hellip;]<\/p>\n","protected":false},"author":1,"featured_media":0,"parent":15,"menu_order":3,"comment_status":"closed","ping_status":"closed","template":"","meta":{"footnotes":""},"class_list":["post-20","page","type-page","status-publish","hentry"],"yoast_head":"<!-- This site is optimized with the Yoast SEO plugin v25.5 - https:\/\/yoast.com\/wordpress\/plugins\/seo\/ -->\n<title>Coordinaci\u00f3n - P\u00f3s-Gradua\u00e7\u00e3o em Ci\u00eancias do Sistema Musculoesquel\u00e9tico<\/title>\n<meta name=\"robots\" content=\"index, follow, max-snippet:-1, max-image-preview:large, max-video-preview:-1\" \/>\n<link rel=\"canonical\" href=\"https:\/\/www.musculoesqueleticousp.com.br\/sobre-nos\/coordenacao\/\" \/>\n<meta property=\"og:locale\" content=\"es_ES\" \/>\n<meta property=\"og:type\" content=\"article\" \/>\n<meta property=\"og:title\" content=\"Coordinaci\u00f3n - P\u00f3s-Gradua\u00e7\u00e3o em Ci\u00eancias do Sistema Musculoesquel\u00e9tico\" \/>\n<meta property=\"og:description\" content=\"COMISS\u00c3O COORDENADORA DO PROGRAMA \u2013 BI\u00caNIO 2025\/2027 Coordenador: \u00a0Marco Kawamura Demange Suplente Coordenador:\u00a0\u00a0Bruno Gualano Membros Titulares Marco Kawamura Demange Bruno Gualano Camilo Partezani Helito Hamilton Roschel [&hellip;]\" \/>\n<meta property=\"og:url\" content=\"https:\/\/www.musculoesqueleticousp.com.br\/sobre-nos\/coordenacao\/\" \/>\n<meta property=\"og:site_name\" content=\"P\u00f3s-Gradua\u00e7\u00e3o em Ci\u00eancias do Sistema Musculoesquel\u00e9tico\" \/>\n<meta property=\"article:modified_time\" content=\"2025-10-24T11:15:26+00:00\" \/>\n<meta property=\"og:image\" content=\"https:\/\/www.musculoesqueleticousp.com.br\/wp-content\/uploads\/2020\/05\/ed_FOTO_BRUNO-GUALANO.jpg\" \/>\n\t<meta property=\"og:image:width\" content=\"194\" \/>\n\t<meta property=\"og:image:height\" content=\"225\" \/>\n\t<meta property=\"og:image:type\" content=\"image\/jpeg\" \/>\n<meta name=\"twitter:card\" content=\"summary_large_image\" \/>\n<meta name=\"twitter:label1\" content=\"Tiempo de lectura\" \/>\n\t<meta name=\"twitter:data1\" content=\"4 minutos\" \/>\n<script type=\"application\/ld+json\" class=\"yoast-schema-graph\">{\"@context\":\"https:\/\/schema.org\",\"@graph\":[{\"@type\":\"WebPage\",\"@id\":\"https:\/\/www.musculoesqueleticousp.com.br\/sobre-nos\/coordenacao\/\",\"url\":\"https:\/\/www.musculoesqueleticousp.com.br\/sobre-nos\/coordenacao\/\",\"name\":\"Coordinaci\u00f3n - P\u00f3s-Gradua\u00e7\u00e3o em Ci\u00eancias do Sistema Musculoesquel\u00e9tico\",\"isPartOf\":{\"@id\":\"https:\/\/www.musculoesqueleticousp.com.br\/en\/#website\"},\"primaryImageOfPage\":{\"@id\":\"https:\/\/www.musculoesqueleticousp.com.br\/sobre-nos\/coordenacao\/#primaryimage\"},\"image\":{\"@id\":\"https:\/\/www.musculoesqueleticousp.com.br\/sobre-nos\/coordenacao\/#primaryimage\"},\"thumbnailUrl\":\"https:\/\/www.musculoesqueleticousp.com.br\/wp-content\/uploads\/2025\/10\/Foto-Marco-Kawamura-Demange.jpg\",\"datePublished\":\"2020-03-25T18:17:34+00:00\",\"dateModified\":\"2025-10-24T11:15:26+00:00\",\"breadcrumb\":{\"@id\":\"https:\/\/www.musculoesqueleticousp.com.br\/sobre-nos\/coordenacao\/#breadcrumb\"},\"inLanguage\":\"es\",\"potentialAction\":[{\"@type\":\"ReadAction\",\"target\":[\"https:\/\/www.musculoesqueleticousp.com.br\/sobre-nos\/coordenacao\/\"]}]},{\"@type\":\"ImageObject\",\"inLanguage\":\"es\",\"@id\":\"https:\/\/www.musculoesqueleticousp.com.br\/sobre-nos\/coordenacao\/#primaryimage\",\"url\":\"https:\/\/www.musculoesqueleticousp.com.br\/wp-content\/uploads\/2025\/10\/Foto-Marco-Kawamura-Demange.jpg\",\"contentUrl\":\"https:\/\/www.musculoesqueleticousp.com.br\/wp-content\/uploads\/2025\/10\/Foto-Marco-Kawamura-Demange.jpg\"},{\"@type\":\"BreadcrumbList\",\"@id\":\"https:\/\/www.musculoesqueleticousp.com.br\/sobre-nos\/coordenacao\/#breadcrumb\",\"itemListElement\":[{\"@type\":\"ListItem\",\"position\":1,\"name\":\"Home\",\"item\":\"https:\/\/www.musculoesqueleticousp.com.br\/en\/\"},{\"@type\":\"ListItem\",\"position\":2,\"name\":\"Sobre N\u00f3s\",\"item\":\"https:\/\/www.musculoesqueleticousp.com.br\/sobre-nos\/\"},{\"@type\":\"ListItem\",\"position\":3,\"name\":\"Coordena\u00e7\u00e3o\"}]},{\"@type\":\"WebSite\",\"@id\":\"https:\/\/www.musculoesqueleticousp.com.br\/en\/#website\",\"url\":\"https:\/\/www.musculoesqueleticousp.com.br\/en\/\",\"name\":\"P\u00f3s-Gradua\u00e7\u00e3o em Ci\u00eancias do Sistema Musculoesquel\u00e9tico\",\"description\":\"Website do P\u00f3s-Gradua\u00e7\u00e3o em Ci\u00eancias do Sistema Musculoesquel\u00e9tico\",\"publisher\":{\"@id\":\"https:\/\/www.musculoesqueleticousp.com.br\/en\/#organization\"},\"potentialAction\":[{\"@type\":\"SearchAction\",\"target\":{\"@type\":\"EntryPoint\",\"urlTemplate\":\"https:\/\/www.musculoesqueleticousp.com.br\/en\/?s={search_term_string}\"},\"query-input\":{\"@type\":\"PropertyValueSpecification\",\"valueRequired\":true,\"valueName\":\"search_term_string\"}}],\"inLanguage\":\"es\"},{\"@type\":\"Organization\",\"@id\":\"https:\/\/www.musculoesqueleticousp.com.br\/en\/#organization\",\"name\":\"P\u00f3s-Gradua\u00e7\u00e3o em Ci\u00eancias do Sistema Musculoesquel\u00e9tico\",\"url\":\"https:\/\/www.musculoesqueleticousp.com.br\/en\/\",\"logo\":{\"@type\":\"ImageObject\",\"inLanguage\":\"es\",\"@id\":\"https:\/\/www.musculoesqueleticousp.com.br\/en\/#\/schema\/logo\/image\/\",\"url\":\"https:\/\/www.musculoesqueleticousp.com.br\/wp-content\/uploads\/2020\/04\/logo_pg_cme_v3_h120.png\",\"contentUrl\":\"https:\/\/www.musculoesqueleticousp.com.br\/wp-content\/uploads\/2020\/04\/logo_pg_cme_v3_h120.png\",\"width\":481,\"height\":120,\"caption\":\"P\u00f3s-Gradua\u00e7\u00e3o em Ci\u00eancias do Sistema Musculoesquel\u00e9tico\"},\"image\":{\"@id\":\"https:\/\/www.musculoesqueleticousp.com.br\/en\/#\/schema\/logo\/image\/\"}}]}<\/script>\n<!-- \/ Yoast SEO plugin. -->","yoast_head_json":{"title":"Coordinaci\u00f3n - P\u00f3s-Gradua\u00e7\u00e3o em Ci\u00eancias do Sistema Musculoesquel\u00e9tico","robots":{"index":"index","follow":"follow","max-snippet":"max-snippet:-1","max-image-preview":"max-image-preview:large","max-video-preview":"max-video-preview:-1"},"canonical":"https:\/\/www.musculoesqueleticousp.com.br\/sobre-nos\/coordenacao\/","og_locale":"es_ES","og_type":"article","og_title":"Coordinaci\u00f3n - P\u00f3s-Gradua\u00e7\u00e3o em Ci\u00eancias do Sistema Musculoesquel\u00e9tico","og_description":"COMISS\u00c3O COORDENADORA DO PROGRAMA \u2013 BI\u00caNIO 2025\/2027 Coordenador: \u00a0Marco Kawamura Demange Suplente Coordenador:\u00a0\u00a0Bruno Gualano Membros Titulares Marco Kawamura Demange Bruno Gualano Camilo Partezani Helito Hamilton Roschel [&hellip;]","og_url":"https:\/\/www.musculoesqueleticousp.com.br\/sobre-nos\/coordenacao\/","og_site_name":"P\u00f3s-Gradua\u00e7\u00e3o em Ci\u00eancias do Sistema Musculoesquel\u00e9tico","article_modified_time":"2025-10-24T11:15:26+00:00","og_image":[{"width":194,"height":225,"url":"https:\/\/www.musculoesqueleticousp.com.br\/wp-content\/uploads\/2020\/05\/ed_FOTO_BRUNO-GUALANO.jpg","type":"image\/jpeg"}],"twitter_card":"summary_large_image","twitter_misc":{"Tiempo de lectura":"4 minutos"},"schema":{"@context":"https:\/\/schema.org","@graph":[{"@type":"WebPage","@id":"https:\/\/www.musculoesqueleticousp.com.br\/sobre-nos\/coordenacao\/","url":"https:\/\/www.musculoesqueleticousp.com.br\/sobre-nos\/coordenacao\/","name":"Coordinaci\u00f3n - P\u00f3s-Gradua\u00e7\u00e3o em Ci\u00eancias do Sistema Musculoesquel\u00e9tico","isPartOf":{"@id":"https:\/\/www.musculoesqueleticousp.com.br\/en\/#website"},"primaryImageOfPage":{"@id":"https:\/\/www.musculoesqueleticousp.com.br\/sobre-nos\/coordenacao\/#primaryimage"},"image":{"@id":"https:\/\/www.musculoesqueleticousp.com.br\/sobre-nos\/coordenacao\/#primaryimage"},"thumbnailUrl":"https:\/\/www.musculoesqueleticousp.com.br\/wp-content\/uploads\/2025\/10\/Foto-Marco-Kawamura-Demange.jpg","datePublished":"2020-03-25T18:17:34+00:00","dateModified":"2025-10-24T11:15:26+00:00","breadcrumb":{"@id":"https:\/\/www.musculoesqueleticousp.com.br\/sobre-nos\/coordenacao\/#breadcrumb"},"inLanguage":"es","potentialAction":[{"@type":"ReadAction","target":["https:\/\/www.musculoesqueleticousp.com.br\/sobre-nos\/coordenacao\/"]}]},{"@type":"ImageObject","inLanguage":"es","@id":"https:\/\/www.musculoesqueleticousp.com.br\/sobre-nos\/coordenacao\/#primaryimage","url":"https:\/\/www.musculoesqueleticousp.com.br\/wp-content\/uploads\/2025\/10\/Foto-Marco-Kawamura-Demange.jpg","contentUrl":"https:\/\/www.musculoesqueleticousp.com.br\/wp-content\/uploads\/2025\/10\/Foto-Marco-Kawamura-Demange.jpg"},{"@type":"BreadcrumbList","@id":"https:\/\/www.musculoesqueleticousp.com.br\/sobre-nos\/coordenacao\/#breadcrumb","itemListElement":[{"@type":"ListItem","position":1,"name":"Home","item":"https:\/\/www.musculoesqueleticousp.com.br\/en\/"},{"@type":"ListItem","position":2,"name":"Sobre N\u00f3s","item":"https:\/\/www.musculoesqueleticousp.com.br\/sobre-nos\/"},{"@type":"ListItem","position":3,"name":"Coordena\u00e7\u00e3o"}]},{"@type":"WebSite","@id":"https:\/\/www.musculoesqueleticousp.com.br\/en\/#website","url":"https:\/\/www.musculoesqueleticousp.com.br\/en\/","name":"P\u00f3s-Gradua\u00e7\u00e3o em Ci\u00eancias do Sistema Musculoesquel\u00e9tico","description":"Website do P\u00f3s-Gradua\u00e7\u00e3o em Ci\u00eancias do Sistema Musculoesquel\u00e9tico","publisher":{"@id":"https:\/\/www.musculoesqueleticousp.com.br\/en\/#organization"},"potentialAction":[{"@type":"SearchAction","target":{"@type":"EntryPoint","urlTemplate":"https:\/\/www.musculoesqueleticousp.com.br\/en\/?s={search_term_string}"},"query-input":{"@type":"PropertyValueSpecification","valueRequired":true,"valueName":"search_term_string"}}],"inLanguage":"es"},{"@type":"Organization","@id":"https:\/\/www.musculoesqueleticousp.com.br\/en\/#organization","name":"P\u00f3s-Gradua\u00e7\u00e3o em Ci\u00eancias do Sistema Musculoesquel\u00e9tico","url":"https:\/\/www.musculoesqueleticousp.com.br\/en\/","logo":{"@type":"ImageObject","inLanguage":"es","@id":"https:\/\/www.musculoesqueleticousp.com.br\/en\/#\/schema\/logo\/image\/","url":"https:\/\/www.musculoesqueleticousp.com.br\/wp-content\/uploads\/2020\/04\/logo_pg_cme_v3_h120.png","contentUrl":"https:\/\/www.musculoesqueleticousp.com.br\/wp-content\/uploads\/2020\/04\/logo_pg_cme_v3_h120.png","width":481,"height":120,"caption":"P\u00f3s-Gradua\u00e7\u00e3o em Ci\u00eancias do Sistema Musculoesquel\u00e9tico"},"image":{"@id":"https:\/\/www.musculoesqueleticousp.com.br\/en\/#\/schema\/logo\/image\/"}}]}},"_links":{"self":[{"href":"https:\/\/www.musculoesqueleticousp.com.br\/es\/wp-json\/wp\/v2\/pages\/20","targetHints":{"allow":["GET"]}}],"collection":[{"href":"https:\/\/www.musculoesqueleticousp.com.br\/es\/wp-json\/wp\/v2\/pages"}],"about":[{"href":"https:\/\/www.musculoesqueleticousp.com.br\/es\/wp-json\/wp\/v2\/types\/page"}],"author":[{"embeddable":true,"href":"https:\/\/www.musculoesqueleticousp.com.br\/es\/wp-json\/wp\/v2\/users\/1"}],"replies":[{"embeddable":true,"href":"https:\/\/www.musculoesqueleticousp.com.br\/es\/wp-json\/wp\/v2\/comments?post=20"}],"version-history":[{"count":22,"href":"https:\/\/www.musculoesqueleticousp.com.br\/es\/wp-json\/wp\/v2\/pages\/20\/revisions"}],"predecessor-version":[{"id":78326,"href":"https:\/\/www.musculoesqueleticousp.com.br\/es\/wp-json\/wp\/v2\/pages\/20\/revisions\/78326"}],"up":[{"embeddable":true,"href":"https:\/\/www.musculoesqueleticousp.com.br\/es\/wp-json\/wp\/v2\/pages\/15"}],"wp:attachment":[{"href":"https:\/\/www.musculoesqueleticousp.com.br\/es\/wp-json\/wp\/v2\/media?parent=20"}],"curies":[{"name":"wp","href":"https:\/\/api.w.org\/{rel}","templated":true}]}}