{"id":1999,"date":"2022-07-21T18:20:22","date_gmt":"2022-07-21T21:20:22","guid":{"rendered":"https:\/\/www.musculoesqueleticousp.com.br\/?page_id=1999"},"modified":"2024-06-18T16:37:53","modified_gmt":"2024-06-18T19:37:53","slug":"kodi-edson-kojima","status":"publish","type":"page","link":"https:\/\/www.musculoesqueleticousp.com.br\/es\/pesquisas\/orientadores\/kodi-edson-kojima\/","title":{"rendered":"Kodi Edson Kojima"},"content":{"rendered":"<p><strong><img loading=\"lazy\" decoding=\"async\" class=\"wp-image-2006 alignleft\" src=\"https:\/\/www.musculoesqueleticousp.com.br\/wp-content\/uploads\/2022\/07\/KODI-EDSON-KOJIMA-217x300.jpg\" alt=\"\" width=\"151\" height=\"209\" srcset=\"https:\/\/www.musculoesqueleticousp.com.br\/wp-content\/uploads\/2022\/07\/KODI-EDSON-KOJIMA-217x300.jpg 217w, https:\/\/www.musculoesqueleticousp.com.br\/wp-content\/uploads\/2022\/07\/KODI-EDSON-KOJIMA-105x146.jpg 105w, https:\/\/www.musculoesqueleticousp.com.br\/wp-content\/uploads\/2022\/07\/KODI-EDSON-KOJIMA-36x50.jpg 36w, https:\/\/www.musculoesqueleticousp.com.br\/wp-content\/uploads\/2022\/07\/KODI-EDSON-KOJIMA-54x75.jpg 54w, https:\/\/www.musculoesqueleticousp.com.br\/wp-content\/uploads\/2022\/07\/KODI-EDSON-KOJIMA.jpg 304w\" sizes=\"auto, (max-width: 151px) 100vw, 151px\" \/><\/strong><\/p>\n<p><strong>T\u00edtulo:<\/strong> Doctorado<br \/>\n<strong>E-mail: <a href=\"mailto:kodi.kojima@hc.fm.usp.br\">kodi.kojima@hc.fm.usp.br<\/a><\/strong><br \/>\n<strong>Lattes:<a href=\"http:\/\/lattes.cnpq.br\/1140972252445424\">\u00a0<\/a><\/strong><a href=\"http:\/\/lattes.cnpq.br\/1140972252445424\">http:\/\/lattes.cnpq.br\/7705881205786732<\/a><br \/>\n<strong>Orcid<\/strong>: ID0000-0002-3700-2718 &#8211; <a href=\"https:\/\/orcid.org\/0000-0002-3700-2718\">https:\/\/orcid.org\/0000-0002-3700-2718<\/a><br \/>\n<strong>Scopus<\/strong>: ID 35189131400 &#8211; \u00a0<a class=\"no-pjax\" href=\"https:\/\/suporte.trajettoria.com\/scp\/l.php?url=https%3A%2F%2Fwww.scopus.com%2Fauthid%2Fdetail.uri%3FauthorId%3D35189131400&amp;auth=11864e12c808e3377d21b175f49d3278\" target=\"_blank\" rel=\"noopener noreferrer\">https:\/\/www.scopus.com\/authid\/detail.uri?authorId=35189131400<\/a><br \/>\n<strong>Google Scholar<\/strong>: ID Gm8toh4AAAAJ \u00a0&#8211; <a href=\"https:\/\/scholar.google.com.br\/citations?hl=pt-BR&amp;user=gTq6vv4AAAAJ\">https:\/\/scholar.google.com.br\/citations?hl=pt-BR&amp;user=gTq6vv4AAAAJ<\/a><br \/>\n<strong>Research ID<\/strong>: DVW-8053-2022\u00a0 &#8211;\u00a0<a class=\"no-pjax\" href=\"https:\/\/suporte.trajettoria.com\/scp\/l.php?url=https%3A%2F%2Fwww-webofscience.ez67.periodicos.capes.gov.br%2Fwos%2Fauthor%2Frecord%2F15398459&amp;auth=11864e12c808e3377d21b175f49d3278\" target=\"_blank\" rel=\"noopener noreferrer\">https:\/\/www-webofscience.ez67.periodicos.capes.gov.br\/wos\/author\/record\/15398459<\/a><\/p>\n<h2><strong>L\u00ednea de Investigaci\u00f3n <\/strong><\/h2>\n<p>Modelos de an\u00e1lisis de lesiones traum\u00e1ticas del sistema m\u00fasculo-esquel\u00e9tico<\/p>\n<h2><strong>Resumen <\/strong><\/h2>\n<p>L\u00ednea de investigaci\u00f3n integral que engloba las lesiones traum\u00e1ticas del esqueleto apendicular (miembros superiores e inferiores) y de la pelvis. Cubre lesiones traum\u00e1ticas desde ni\u00f1os hasta ancianos y ambos sexos. Estudios cl\u00ednicos, quir\u00fargicos y experimentales de lesiones de tejidos blandos que cubren las extremidades, lesiones de mecanismos extensores y flexores, fracturas diafisiarias y articulares. Estudios cl\u00ednicos, quir\u00fargicos y experimentales de m\u00e9todos de tratamiento de lesiones de tejidos blandos y osteos\u00edntesis de fracturas.<\/p>\n<h2><strong>Principales Publicaciones <\/strong><\/h2>\n<ol>\n<li>Kojima KE, Pires RES. Absolute and relative stabilities for fracture fixation: the concept revisited. Injury. 2017 Oct;48 Suppl 4:S1. doi: 10.1016\/S0020-1383(17)30766-0.<\/li>\n<li>Gomes GS, Zderic I, Ahrend MD, Kojima KE, Varga P, Belangero WD, Richards G, Lambert SM, Gueorguiev B. Is Bridge plating of comminuted humeral shaft fractures advantageous when using compression plates with three versus two screws per fragment? A biomechanical cadaveric study. Biomed Res Int. 2021 2021:6649712. doi: 10.1155\/2021\/6649712.<\/li>\n<li>Gaiarsa GP, Dos Reis PR, Kojima KE, Targa WHC, Fragomen AT. A novel translation system for circular external fixation to correct translational bony deformities. Injury. 2021; 52(4):1079-1082. doi: 10.1016\/j.injury.2020.11.058.<\/li>\n<li>Gracitelli MEC, Dotta TAG, Assun\u00e7\u00e3o JH, Malavolta EA, Andrade-Silva FB, Kojima KE, Ferreira Neto AA. Intraobserver and interobserver agreement in the classification and treatment of proximal humeral fractures. J Shoulder Elbow Surg. 2017 Jun;26(6):1097-1102. doi: 10.1016\/j.jse.2016.11.047.<\/li>\n<li>Abagge M, Uliana CS, Fischer ST, Kojima KE. Effectiveness of a step-by-step oral recount before a practical simulation of fracture fixation. Injury. 2017 Oct;48 Suppl 4:S50-S53. doi: 10.1016\/S0020-1383(17)30775-1.<\/li>\n<\/ol>\n<p>&nbsp;<\/p>\n<h2><strong>PROJETOS ORIENTADOR\/ LINHA<\/strong><\/h2>\n<p><strong>Linha 3. DIST\u00daRBIOS DEGENERATIVOS, INFLAMAT\u00d3RIOS E ESTRUTURAIS DO SISTEMA LOCOMOTOR<br \/>\n<\/strong><strong>PROJETO NOVO KODI KOJIMA<\/strong>: LES\u00d5ES TRAUM\u00c1TICAS DO SISTEMA MUSCULOESQUEL\u00c9TICO<\/p>","protected":false},"excerpt":{"rendered":"<p>T\u00edtulo: Doctorado E-mail: kodi.kojima@hc.fm.usp.br Lattes:\u00a0http:\/\/lattes.cnpq.br\/7705881205786732 Orcid: ID0000-0002-3700-2718 &#8211; https:\/\/orcid.org\/0000-0002-3700-2718 Scopus: ID 35189131400 &#8211; \u00a0https:\/\/www.scopus.com\/authid\/detail.uri?authorId=35189131400 Google Scholar: ID Gm8toh4AAAAJ \u00a0&#8211; https:\/\/scholar.google.com.br\/citations?hl=pt-BR&amp;user=gTq6vv4AAAAJ Research ID: DVW-8053-2022\u00a0 &#8211;\u00a0https:\/\/www-webofscience.ez67.periodicos.capes.gov.br\/wos\/author\/record\/15398459 L\u00ednea de [&hellip;]<\/p>\n","protected":false},"author":3,"featured_media":0,"parent":25,"menu_order":0,"comment_status":"closed","ping_status":"closed","template":"","meta":{"footnotes":""},"class_list":["post-1999","page","type-page","status-publish","hentry"],"yoast_head":"<!-- This site is optimized with the Yoast SEO plugin v25.5 - https:\/\/yoast.com\/wordpress\/plugins\/seo\/ -->\n<title>Kodi Edson Kojima - P\u00f3s-Gradua\u00e7\u00e3o em Ci\u00eancias do Sistema Musculoesquel\u00e9tico<\/title>\n<meta name=\"robots\" content=\"index, follow, max-snippet:-1, max-image-preview:large, max-video-preview:-1\" \/>\n<link rel=\"canonical\" href=\"https:\/\/www.musculoesqueleticousp.com.br\/pesquisas\/orientadores\/kodi-edson-kojima\/\" \/>\n<meta property=\"og:locale\" content=\"es_ES\" \/>\n<meta property=\"og:type\" content=\"article\" \/>\n<meta property=\"og:title\" content=\"Kodi Edson Kojima - P\u00f3s-Gradua\u00e7\u00e3o em Ci\u00eancias do Sistema Musculoesquel\u00e9tico\" \/>\n<meta property=\"og:description\" content=\"T\u00edtulo: Doctorado E-mail: kodi.kojima@hc.fm.usp.br Lattes:\u00a0http:\/\/lattes.cnpq.br\/7705881205786732 Orcid: ID0000-0002-3700-2718 &#8211; https:\/\/orcid.org\/0000-0002-3700-2718 Scopus: ID 35189131400 &#8211; \u00a0https:\/\/www.scopus.com\/authid\/detail.uri?authorId=35189131400 Google Scholar: ID Gm8toh4AAAAJ \u00a0&#8211; https:\/\/scholar.google.com.br\/citations?hl=pt-BR&amp;user=gTq6vv4AAAAJ Research ID: DVW-8053-2022\u00a0 &#8211;\u00a0https:\/\/www-webofscience.ez67.periodicos.capes.gov.br\/wos\/author\/record\/15398459 L\u00ednea de [&hellip;]\" \/>\n<meta property=\"og:url\" content=\"https:\/\/www.musculoesqueleticousp.com.br\/pesquisas\/orientadores\/kodi-edson-kojima\/\" \/>\n<meta property=\"og:site_name\" content=\"P\u00f3s-Gradua\u00e7\u00e3o em Ci\u00eancias do Sistema Musculoesquel\u00e9tico\" \/>\n<meta property=\"article:modified_time\" content=\"2024-06-18T19:37:53+00:00\" \/>\n<meta property=\"og:image\" content=\"https:\/\/www.musculoesqueleticousp.com.br\/wp-content\/uploads\/2022\/07\/KODI-EDSON-KOJIMA-217x300.jpg\" \/>\n<meta name=\"twitter:card\" content=\"summary_large_image\" \/>\n<meta name=\"twitter:label1\" content=\"Tiempo de lectura\" \/>\n\t<meta name=\"twitter:data1\" content=\"5 minutos\" \/>\n<script type=\"application\/ld+json\" class=\"yoast-schema-graph\">{\"@context\":\"https:\/\/schema.org\",\"@graph\":[{\"@type\":\"WebPage\",\"@id\":\"https:\/\/www.musculoesqueleticousp.com.br\/pesquisas\/orientadores\/kodi-edson-kojima\/\",\"url\":\"https:\/\/www.musculoesqueleticousp.com.br\/pesquisas\/orientadores\/kodi-edson-kojima\/\",\"name\":\"Kodi Edson Kojima - P\u00f3s-Gradua\u00e7\u00e3o em Ci\u00eancias do Sistema Musculoesquel\u00e9tico\",\"isPartOf\":{\"@id\":\"https:\/\/www.musculoesqueleticousp.com.br\/en\/#website\"},\"primaryImageOfPage\":{\"@id\":\"https:\/\/www.musculoesqueleticousp.com.br\/pesquisas\/orientadores\/kodi-edson-kojima\/#primaryimage\"},\"image\":{\"@id\":\"https:\/\/www.musculoesqueleticousp.com.br\/pesquisas\/orientadores\/kodi-edson-kojima\/#primaryimage\"},\"thumbnailUrl\":\"https:\/\/www.musculoesqueleticousp.com.br\/wp-content\/uploads\/2022\/07\/KODI-EDSON-KOJIMA-217x300.jpg\",\"datePublished\":\"2022-07-21T21:20:22+00:00\",\"dateModified\":\"2024-06-18T19:37:53+00:00\",\"breadcrumb\":{\"@id\":\"https:\/\/www.musculoesqueleticousp.com.br\/pesquisas\/orientadores\/kodi-edson-kojima\/#breadcrumb\"},\"inLanguage\":\"es\",\"potentialAction\":[{\"@type\":\"ReadAction\",\"target\":[\"https:\/\/www.musculoesqueleticousp.com.br\/pesquisas\/orientadores\/kodi-edson-kojima\/\"]}]},{\"@type\":\"ImageObject\",\"inLanguage\":\"es\",\"@id\":\"https:\/\/www.musculoesqueleticousp.com.br\/pesquisas\/orientadores\/kodi-edson-kojima\/#primaryimage\",\"url\":\"https:\/\/www.musculoesqueleticousp.com.br\/wp-content\/uploads\/2022\/07\/KODI-EDSON-KOJIMA-217x300.jpg\",\"contentUrl\":\"https:\/\/www.musculoesqueleticousp.com.br\/wp-content\/uploads\/2022\/07\/KODI-EDSON-KOJIMA-217x300.jpg\"},{\"@type\":\"BreadcrumbList\",\"@id\":\"https:\/\/www.musculoesqueleticousp.com.br\/pesquisas\/orientadores\/kodi-edson-kojima\/#breadcrumb\",\"itemListElement\":[{\"@type\":\"ListItem\",\"position\":1,\"name\":\"Home\",\"item\":\"https:\/\/www.musculoesqueleticousp.com.br\/en\/\"},{\"@type\":\"ListItem\",\"position\":2,\"name\":\"Research\",\"item\":\"https:\/\/www.musculoesqueleticousp.com.br\/en\/pesquisas\/\"},{\"@type\":\"ListItem\",\"position\":3,\"name\":\"Orientadores\",\"item\":\"https:\/\/www.musculoesqueleticousp.com.br\/pesquisas\/orientadores\/\"},{\"@type\":\"ListItem\",\"position\":4,\"name\":\"Kodi Edson Kojima\"}]},{\"@type\":\"WebSite\",\"@id\":\"https:\/\/www.musculoesqueleticousp.com.br\/en\/#website\",\"url\":\"https:\/\/www.musculoesqueleticousp.com.br\/en\/\",\"name\":\"P\u00f3s-Gradua\u00e7\u00e3o em Ci\u00eancias do Sistema Musculoesquel\u00e9tico\",\"description\":\"Website do P\u00f3s-Gradua\u00e7\u00e3o em Ci\u00eancias do Sistema Musculoesquel\u00e9tico\",\"publisher\":{\"@id\":\"https:\/\/www.musculoesqueleticousp.com.br\/en\/#organization\"},\"potentialAction\":[{\"@type\":\"SearchAction\",\"target\":{\"@type\":\"EntryPoint\",\"urlTemplate\":\"https:\/\/www.musculoesqueleticousp.com.br\/en\/?s={search_term_string}\"},\"query-input\":{\"@type\":\"PropertyValueSpecification\",\"valueRequired\":true,\"valueName\":\"search_term_string\"}}],\"inLanguage\":\"es\"},{\"@type\":\"Organization\",\"@id\":\"https:\/\/www.musculoesqueleticousp.com.br\/en\/#organization\",\"name\":\"P\u00f3s-Gradua\u00e7\u00e3o em Ci\u00eancias do Sistema Musculoesquel\u00e9tico\",\"url\":\"https:\/\/www.musculoesqueleticousp.com.br\/en\/\",\"logo\":{\"@type\":\"ImageObject\",\"inLanguage\":\"es\",\"@id\":\"https:\/\/www.musculoesqueleticousp.com.br\/en\/#\/schema\/logo\/image\/\",\"url\":\"https:\/\/www.musculoesqueleticousp.com.br\/wp-content\/uploads\/2020\/04\/logo_pg_cme_v3_h120.png\",\"contentUrl\":\"https:\/\/www.musculoesqueleticousp.com.br\/wp-content\/uploads\/2020\/04\/logo_pg_cme_v3_h120.png\",\"width\":481,\"height\":120,\"caption\":\"P\u00f3s-Gradua\u00e7\u00e3o em Ci\u00eancias do Sistema Musculoesquel\u00e9tico\"},\"image\":{\"@id\":\"https:\/\/www.musculoesqueleticousp.com.br\/en\/#\/schema\/logo\/image\/\"}}]}<\/script>\n<!-- \/ Yoast SEO plugin. -->","yoast_head_json":{"title":"Kodi Edson Kojima - P\u00f3s-Gradua\u00e7\u00e3o em Ci\u00eancias do Sistema Musculoesquel\u00e9tico","robots":{"index":"index","follow":"follow","max-snippet":"max-snippet:-1","max-image-preview":"max-image-preview:large","max-video-preview":"max-video-preview:-1"},"canonical":"https:\/\/www.musculoesqueleticousp.com.br\/pesquisas\/orientadores\/kodi-edson-kojima\/","og_locale":"es_ES","og_type":"article","og_title":"Kodi Edson Kojima - P\u00f3s-Gradua\u00e7\u00e3o em Ci\u00eancias do Sistema Musculoesquel\u00e9tico","og_description":"T\u00edtulo: Doctorado E-mail: kodi.kojima@hc.fm.usp.br Lattes:\u00a0http:\/\/lattes.cnpq.br\/7705881205786732 Orcid: ID0000-0002-3700-2718 &#8211; https:\/\/orcid.org\/0000-0002-3700-2718 Scopus: ID 35189131400 &#8211; \u00a0https:\/\/www.scopus.com\/authid\/detail.uri?authorId=35189131400 Google Scholar: ID Gm8toh4AAAAJ \u00a0&#8211; https:\/\/scholar.google.com.br\/citations?hl=pt-BR&amp;user=gTq6vv4AAAAJ Research ID: DVW-8053-2022\u00a0 &#8211;\u00a0https:\/\/www-webofscience.ez67.periodicos.capes.gov.br\/wos\/author\/record\/15398459 L\u00ednea de [&hellip;]","og_url":"https:\/\/www.musculoesqueleticousp.com.br\/pesquisas\/orientadores\/kodi-edson-kojima\/","og_site_name":"P\u00f3s-Gradua\u00e7\u00e3o em Ci\u00eancias do Sistema Musculoesquel\u00e9tico","article_modified_time":"2024-06-18T19:37:53+00:00","og_image":[{"url":"https:\/\/www.musculoesqueleticousp.com.br\/wp-content\/uploads\/2022\/07\/KODI-EDSON-KOJIMA-217x300.jpg","type":"","width":"","height":""}],"twitter_card":"summary_large_image","twitter_misc":{"Tiempo de lectura":"5 minutos"},"schema":{"@context":"https:\/\/schema.org","@graph":[{"@type":"WebPage","@id":"https:\/\/www.musculoesqueleticousp.com.br\/pesquisas\/orientadores\/kodi-edson-kojima\/","url":"https:\/\/www.musculoesqueleticousp.com.br\/pesquisas\/orientadores\/kodi-edson-kojima\/","name":"Kodi Edson Kojima - P\u00f3s-Gradua\u00e7\u00e3o em Ci\u00eancias do Sistema Musculoesquel\u00e9tico","isPartOf":{"@id":"https:\/\/www.musculoesqueleticousp.com.br\/en\/#website"},"primaryImageOfPage":{"@id":"https:\/\/www.musculoesqueleticousp.com.br\/pesquisas\/orientadores\/kodi-edson-kojima\/#primaryimage"},"image":{"@id":"https:\/\/www.musculoesqueleticousp.com.br\/pesquisas\/orientadores\/kodi-edson-kojima\/#primaryimage"},"thumbnailUrl":"https:\/\/www.musculoesqueleticousp.com.br\/wp-content\/uploads\/2022\/07\/KODI-EDSON-KOJIMA-217x300.jpg","datePublished":"2022-07-21T21:20:22+00:00","dateModified":"2024-06-18T19:37:53+00:00","breadcrumb":{"@id":"https:\/\/www.musculoesqueleticousp.com.br\/pesquisas\/orientadores\/kodi-edson-kojima\/#breadcrumb"},"inLanguage":"es","potentialAction":[{"@type":"ReadAction","target":["https:\/\/www.musculoesqueleticousp.com.br\/pesquisas\/orientadores\/kodi-edson-kojima\/"]}]},{"@type":"ImageObject","inLanguage":"es","@id":"https:\/\/www.musculoesqueleticousp.com.br\/pesquisas\/orientadores\/kodi-edson-kojima\/#primaryimage","url":"https:\/\/www.musculoesqueleticousp.com.br\/wp-content\/uploads\/2022\/07\/KODI-EDSON-KOJIMA-217x300.jpg","contentUrl":"https:\/\/www.musculoesqueleticousp.com.br\/wp-content\/uploads\/2022\/07\/KODI-EDSON-KOJIMA-217x300.jpg"},{"@type":"BreadcrumbList","@id":"https:\/\/www.musculoesqueleticousp.com.br\/pesquisas\/orientadores\/kodi-edson-kojima\/#breadcrumb","itemListElement":[{"@type":"ListItem","position":1,"name":"Home","item":"https:\/\/www.musculoesqueleticousp.com.br\/en\/"},{"@type":"ListItem","position":2,"name":"Research","item":"https:\/\/www.musculoesqueleticousp.com.br\/en\/pesquisas\/"},{"@type":"ListItem","position":3,"name":"Orientadores","item":"https:\/\/www.musculoesqueleticousp.com.br\/pesquisas\/orientadores\/"},{"@type":"ListItem","position":4,"name":"Kodi Edson Kojima"}]},{"@type":"WebSite","@id":"https:\/\/www.musculoesqueleticousp.com.br\/en\/#website","url":"https:\/\/www.musculoesqueleticousp.com.br\/en\/","name":"P\u00f3s-Gradua\u00e7\u00e3o em Ci\u00eancias do Sistema Musculoesquel\u00e9tico","description":"Website do P\u00f3s-Gradua\u00e7\u00e3o em Ci\u00eancias do Sistema Musculoesquel\u00e9tico","publisher":{"@id":"https:\/\/www.musculoesqueleticousp.com.br\/en\/#organization"},"potentialAction":[{"@type":"SearchAction","target":{"@type":"EntryPoint","urlTemplate":"https:\/\/www.musculoesqueleticousp.com.br\/en\/?s={search_term_string}"},"query-input":{"@type":"PropertyValueSpecification","valueRequired":true,"valueName":"search_term_string"}}],"inLanguage":"es"},{"@type":"Organization","@id":"https:\/\/www.musculoesqueleticousp.com.br\/en\/#organization","name":"P\u00f3s-Gradua\u00e7\u00e3o em Ci\u00eancias do Sistema Musculoesquel\u00e9tico","url":"https:\/\/www.musculoesqueleticousp.com.br\/en\/","logo":{"@type":"ImageObject","inLanguage":"es","@id":"https:\/\/www.musculoesqueleticousp.com.br\/en\/#\/schema\/logo\/image\/","url":"https:\/\/www.musculoesqueleticousp.com.br\/wp-content\/uploads\/2020\/04\/logo_pg_cme_v3_h120.png","contentUrl":"https:\/\/www.musculoesqueleticousp.com.br\/wp-content\/uploads\/2020\/04\/logo_pg_cme_v3_h120.png","width":481,"height":120,"caption":"P\u00f3s-Gradua\u00e7\u00e3o em Ci\u00eancias do Sistema Musculoesquel\u00e9tico"},"image":{"@id":"https:\/\/www.musculoesqueleticousp.com.br\/en\/#\/schema\/logo\/image\/"}}]}},"_links":{"self":[{"href":"https:\/\/www.musculoesqueleticousp.com.br\/es\/wp-json\/wp\/v2\/pages\/1999","targetHints":{"allow":["GET"]}}],"collection":[{"href":"https:\/\/www.musculoesqueleticousp.com.br\/es\/wp-json\/wp\/v2\/pages"}],"about":[{"href":"https:\/\/www.musculoesqueleticousp.com.br\/es\/wp-json\/wp\/v2\/types\/page"}],"author":[{"embeddable":true,"href":"https:\/\/www.musculoesqueleticousp.com.br\/es\/wp-json\/wp\/v2\/users\/3"}],"replies":[{"embeddable":true,"href":"https:\/\/www.musculoesqueleticousp.com.br\/es\/wp-json\/wp\/v2\/comments?post=1999"}],"version-history":[{"count":8,"href":"https:\/\/www.musculoesqueleticousp.com.br\/es\/wp-json\/wp\/v2\/pages\/1999\/revisions"}],"predecessor-version":[{"id":2845,"href":"https:\/\/www.musculoesqueleticousp.com.br\/es\/wp-json\/wp\/v2\/pages\/1999\/revisions\/2845"}],"up":[{"embeddable":true,"href":"https:\/\/www.musculoesqueleticousp.com.br\/es\/wp-json\/wp\/v2\/pages\/25"}],"wp:attachment":[{"href":"https:\/\/www.musculoesqueleticousp.com.br\/es\/wp-json\/wp\/v2\/media?parent=1999"}],"curies":[{"name":"wp","href":"https:\/\/api.w.org\/{rel}","templated":true}]}}