{"id":19,"date":"2020-03-25T15:17:34","date_gmt":"2020-03-25T18:17:34","guid":{"rendered":"http:\/\/www.musculoesqueleticousp.com.br\/sobre-nos\/o-programa\/"},"modified":"2022-10-19T08:58:48","modified_gmt":"2022-10-19T11:58:48","slug":"o-programa","status":"publish","type":"page","link":"https:\/\/www.musculoesqueleticousp.com.br\/es\/sobre-nos\/o-programa\/","title":{"rendered":"El Programa"},"content":{"rendered":"<p><strong><em>EL PROGRAMA DE POSTGRADO CIENCIAS DEL SISTEMA MUSCULOESQUEL\u00c9TICO<\/em><\/strong> pertenece a la Facultad de Medicina de la Universidad de S\u00e3o Paulo (FMUSP). El Programa, con cursos acad\u00e9micos de Doctorado y Maestr\u00eda, inici\u00f3 sus actividades en 1973, hoy denominado Ortopedia y Traumatolog\u00eda, y ya titul\u00f3 a m\u00e1s de 300 m\u00e1steres y doctores a lo largo de su existencia.<\/p>\n<p>En 2016, el Programa pas\u00f3 por una profunda reformulaci\u00f3n, llevada a efecto por la fusi\u00f3n entre investigadores altamente productivos del \u00e1rea de Reumatolog\u00eda y Educaci\u00f3n F\u00edsica que hac\u00edan parte de los Programas de Ciencias M\u00e9dicas de la FMUSP y de Educaci\u00f3n F\u00edsica de la Escuela de Educaci\u00f3n F\u00edsica y Deporte de la USP (EEFEUSP), que poseen notas 6 y 7 en la CAPES, respectivamente, con prestigiosos investigadores del Instituto de Ortopedia y Traumatolog\u00eda de la USP (IOT). El objetivo central de la referida fusi\u00f3n fue crear un Programa altamente especializado en la investigaci\u00f3n del sistema musculoesquel\u00e9tico, de modo multi y transdisciplinario, con vistas a una producci\u00f3n cient\u00edfica y formaci\u00f3n acad\u00e9mica amplias e impactantes en el \u00e1rea en que se coloca. La configuraci\u00f3n actual del Programa abarca las siguientes \u00e1reas de actuaci\u00f3n: Ortopedia y Traumatolog\u00eda, Fisiatr\u00eda, Reumatolog\u00eda, Medicina Veterinaria Ortop\u00e9dica, Medicina del Deporte, Enfermer\u00eda, Educaci\u00f3n F\u00edsica, Fisioterapia, Nutrici\u00f3n y Biolog\u00eda.<\/p>\n<p>LA FUSI\u00d3N DE LAS TRES \u00c1REAS DEL SABER (Ortopedia, Reumatolog\u00eda y Educaci\u00f3n F\u00edsica) ya se revela fruct\u00edfera en diversos niveles. Un ejemplo es el productivo acuerdo de cooperaci\u00f3n entre los grupos de Reumatolog\u00eda y de Educaci\u00f3n F\u00edsica, materializado por la creaci\u00f3n del Laboratorio de Acondicionamiento y Rehabilitaci\u00f3n en Reumatolog\u00eda (LACRE), en donde act\u00faan, de modo transdisciplinario, investigadores y alumnos de diferentes \u00e1reas del conocimiento, contribuyendo para una expresiva producci\u00f3n cient\u00edfica y s\u00f3lida formaci\u00f3n acad\u00e9mica. La interacci\u00f3n tambi\u00e9n se expresa en la actuaci\u00f3n colaborativa institucional entre los servicios de Ortopedia y Reumatolog\u00eda, con m\u00e9dicos Ortopedistas actuando en el ambulatorio de Reumatolog\u00eda y viceversa. La acci\u00f3n pionera reciente que ilustra la plena alineaci\u00f3n entre las especialidades fue la creaci\u00f3n de un ambulatorio de Reumatolog\u00eda dentro del Instituto de Ortopedia. Tal iniciativa foment\u00f3 diversas oportunidades de colaboraci\u00f3n cient\u00edfica, en particular en las l\u00edneas de osteoinmunolog\u00eda, inflamaci\u00f3n, autoinmunidad y ciencia del ejercicio, en consonancia con la propuesta actual del Programa.<\/p>\n<p>El Programa<strong>\u00a0<\/strong>tiene un PAPEL IMPORTANTE EN LA GRADUACI\u00d3N M\u00c9DICA Y EN LOS POSTGRADOS LATO Y STRICTO SENSU, formando a nuevos docentes y profesionales que act\u00faan difundiendo los conocimientos adquiridos en los m\u00e1s importantes centros acad\u00e9micos de Brasil y de Sudam\u00e9rica. Las l\u00edneas de actuaci\u00f3n del Programa convergen con la asistencia, la cual est\u00e1 totalmente volcada al desarrollo de protocolos y directrices que posibiliten la aplicaci\u00f3n de nuevos procedimientos. Por eso, es referencia nacional en la asistencia de pacientes con enfermedades musculoesquel\u00e9ticas con pionerismo comprobado en las \u00e1reas de lesiones raquimedulares, microcirug\u00eda reconstructiva, reimplantes de miembros, cirug\u00edas microinvasivas de las fracturas, t\u00e9cnicas de artroscopia, reconstrucciones con endopr\u00f3tesis o con banco de tejidos, enfermedades metab\u00f3licas, enfermedades autoinmunes, enfermedades inflamatorias, rehabilitaci\u00f3n de pacientes, entrenamiento en ultrasonido, capilaroscopia, medicina deportiva y uso de terapia biol\u00f3gica. Se destaca que somos el centro coordinador de una red Estatal de Hospitales Universitarios, que fue creada en cooperaci\u00f3n con la Secretar\u00eda del Estado de S\u00e3o Paulo y apoyo de la FAPESP, para dispensaci\u00f3n de medicaci\u00f3n biol\u00f3gica y actividades de investigaci\u00f3n y ense\u00f1anza.<\/p>\n<p><strong>OBJETIVO DEL PROGRAMA:<\/strong><\/p>\n<p>El Programa tiene como objetivo principal la formaci\u00f3n de investigadores y docentes dotados de habilidades acad\u00e9mico-cient\u00edficas plenas que permitan actuaci\u00f3n en la docencia y en la investigaci\u00f3n de manera aut\u00f3noma, cr\u00edtica e innovadora en su campo del saber, cual sea, ciencias del sistema musculoesquel\u00e9tico y sub\u00e1reas.<\/p>\n<p>Los objetivos espec\u00edficos incluyen:<\/p>\n<p>1) Formar m\u00e1steres y doctores con excelencia en el \u00e1rea de ciencias del sistema musculoesquel\u00e9tico.<\/p>\n<p>2) Formar investigadores y docentes con conocimiento cient\u00edfico amplio y profundo en las ciencias del sistema musculoesquel\u00e9tico y sub\u00e1reas.<\/p>\n<p>3) Formar investigadores y docentes capaces de evaluar aut\u00f3noma y cr\u00edticamente el conocimiento producido, de modo a implementarlo en todas las esferas de la salud en favor del paciente y de la poblaci\u00f3n.<\/p>\n<p>4) Producir conocimiento cient\u00edfico de punta en los escenarios nacional e internacional.<\/p>\n<p>5) Consolidarse como un Programa de formaci\u00f3n acad\u00e9mica y producci\u00f3n cient\u00edfica de excelencia de est\u00e1ndar internacional en las ciencias del sistema musculoesquel\u00e9tico.<\/p>\n<p><strong><u>Alumnos:<\/u><\/strong><br \/>\nConsulten con frecuencia sus fichas y plazos en el sitio web:\u00a0<a href=\"https:\/\/www.sistemas.usp.br\/janus\">https:\/\/www.sistemas.usp.br\/janus<\/a><\/p>\n<p><strong><u>Estimados orientadores<\/u><\/strong><strong>:<\/strong><br \/>\nConsulten con frecuencia las fichas de sus alumnos:\u00a0<a href=\"https:\/\/www.sistemas.usp.br\/janus\">https:\/\/www.sistemas.usp.br\/janus<\/a><\/p>\n<p><strong><u>Informaciones:<\/u><\/strong><br \/>\nSecretar\u00eda de Postgrado en Ciencias del Sistema Musculoesquel\u00e9tico<br \/>\nRua Dr. Ov\u00eddio Pires de Campos, 333 \u2013 3\u00ba andar \u2013 sala B313<br \/>\nCEP: 05403-010 \u2013 Cerqueira C\u00e9sar \u2013 S\u00e3o Paulo<br \/>\nHorario de funcionamiento: de lunes a viernes, de 08:00 a 16:00 horas<br \/>\nTel\u00e9fono: (11) 2661-6908<br \/>\nSecretarias: Rosana Costa y Tania Borges<br \/>\nE-mail:\u00a0<a href=\"mailto:sec.posgrad.iot@hc.fm.usp.br\">sec.posgrad.iot@hc.fm.usp.br<\/a><\/p>\n<p><strong>COORDINACI\u00d3N<\/strong><\/p>\n<p><strong>COMISI\u00d3N COORDINADORA DEL PROGRAMA \u2013 01\/10\/2019 al 30\/09\/2021<\/strong><\/p>\n<ul>\n<li>Marco Kawamura Demange \u2013 Coordinador<\/li>\n<li>Bruno Gualano \u2013 Vicecoordinador<\/li>\n<li>Samuel Katsuyuki Shinjo \u2013 Titular<\/li>\n<li>Rames Mattar Junior \u2013 Titular<\/li>\n<li>Raphael Martus Marcon &#8211; Titular<\/li>\n<\/ul>\n<p><strong>Suplentes<\/strong><\/p>\n<ul>\n<li>Alexandre Leme Godoy dos Santos<\/li>\n<li>Hamilton Augusto Roschel da Silva<\/li>\n<li>Marcelo Rosa de Rezende<\/li>\n<li>Riccardo Gomes Gobbi<\/li>\n<li>Sandra Gofinet Pasoto<\/li>\n<\/ul>\n<p><strong>Representantes discentes: 01\/10\/2020 al 30\/09\/2021<\/strong><\/p>\n<ul>\n<li>Ricardo Teixeira e Silva &#8211; Titular<\/li>\n<li>Diego Ubrig Munhoz &#8211; Suplente<\/li>\n<\/ul>\n<p><\/p>","protected":false},"excerpt":{"rendered":"<p>EL PROGRAMA DE POSTGRADO CIENCIAS DEL SISTEMA MUSCULOESQUEL\u00c9TICO pertenece a la Facultad de Medicina de la Universidad de S\u00e3o Paulo (FMUSP). El Programa, con cursos acad\u00e9micos [&hellip;]<\/p>\n","protected":false},"author":1,"featured_media":0,"parent":15,"menu_order":1,"comment_status":"closed","ping_status":"closed","template":"","meta":{"footnotes":""},"class_list":["post-19","page","type-page","status-publish","hentry"],"yoast_head":"<!-- This site is optimized with the Yoast SEO plugin v25.5 - https:\/\/yoast.com\/wordpress\/plugins\/seo\/ -->\n<title>El Programa - P\u00f3s-Gradua\u00e7\u00e3o em Ci\u00eancias do Sistema Musculoesquel\u00e9tico<\/title>\n<meta name=\"robots\" content=\"index, follow, max-snippet:-1, max-image-preview:large, max-video-preview:-1\" \/>\n<link rel=\"canonical\" href=\"https:\/\/www.musculoesqueleticousp.com.br\/sobre-nos\/o-programa\/\" \/>\n<meta property=\"og:locale\" content=\"es_ES\" \/>\n<meta property=\"og:type\" content=\"article\" \/>\n<meta property=\"og:title\" content=\"El Programa - P\u00f3s-Gradua\u00e7\u00e3o em Ci\u00eancias do Sistema Musculoesquel\u00e9tico\" \/>\n<meta property=\"og:description\" content=\"EL PROGRAMA DE POSTGRADO CIENCIAS DEL SISTEMA MUSCULOESQUEL\u00c9TICO pertenece a la Facultad de Medicina de la Universidad de S\u00e3o Paulo (FMUSP). El Programa, con cursos acad\u00e9micos [&hellip;]\" \/>\n<meta property=\"og:url\" content=\"https:\/\/www.musculoesqueleticousp.com.br\/sobre-nos\/o-programa\/\" \/>\n<meta property=\"og:site_name\" content=\"P\u00f3s-Gradua\u00e7\u00e3o em Ci\u00eancias do Sistema Musculoesquel\u00e9tico\" \/>\n<meta property=\"article:modified_time\" content=\"2022-10-19T11:58:48+00:00\" \/>\n<meta name=\"twitter:card\" content=\"summary_large_image\" \/>\n<meta name=\"twitter:label1\" content=\"Tiempo de lectura\" \/>\n\t<meta name=\"twitter:data1\" content=\"13 minutos\" \/>\n<script type=\"application\/ld+json\" class=\"yoast-schema-graph\">{\"@context\":\"https:\/\/schema.org\",\"@graph\":[{\"@type\":\"WebPage\",\"@id\":\"https:\/\/www.musculoesqueleticousp.com.br\/sobre-nos\/o-programa\/\",\"url\":\"https:\/\/www.musculoesqueleticousp.com.br\/sobre-nos\/o-programa\/\",\"name\":\"El Programa - P\u00f3s-Gradua\u00e7\u00e3o em Ci\u00eancias do Sistema Musculoesquel\u00e9tico\",\"isPartOf\":{\"@id\":\"https:\/\/www.musculoesqueleticousp.com.br\/en\/#website\"},\"datePublished\":\"2020-03-25T18:17:34+00:00\",\"dateModified\":\"2022-10-19T11:58:48+00:00\",\"breadcrumb\":{\"@id\":\"https:\/\/www.musculoesqueleticousp.com.br\/sobre-nos\/o-programa\/#breadcrumb\"},\"inLanguage\":\"es\",\"potentialAction\":[{\"@type\":\"ReadAction\",\"target\":[\"https:\/\/www.musculoesqueleticousp.com.br\/sobre-nos\/o-programa\/\"]}]},{\"@type\":\"BreadcrumbList\",\"@id\":\"https:\/\/www.musculoesqueleticousp.com.br\/sobre-nos\/o-programa\/#breadcrumb\",\"itemListElement\":[{\"@type\":\"ListItem\",\"position\":1,\"name\":\"Home\",\"item\":\"https:\/\/www.musculoesqueleticousp.com.br\/en\/\"},{\"@type\":\"ListItem\",\"position\":2,\"name\":\"Sobre N\u00f3s\",\"item\":\"https:\/\/www.musculoesqueleticousp.com.br\/sobre-nos\/\"},{\"@type\":\"ListItem\",\"position\":3,\"name\":\"O Programa\"}]},{\"@type\":\"WebSite\",\"@id\":\"https:\/\/www.musculoesqueleticousp.com.br\/en\/#website\",\"url\":\"https:\/\/www.musculoesqueleticousp.com.br\/en\/\",\"name\":\"P\u00f3s-Gradua\u00e7\u00e3o em Ci\u00eancias do Sistema Musculoesquel\u00e9tico\",\"description\":\"Website do P\u00f3s-Gradua\u00e7\u00e3o em Ci\u00eancias do Sistema Musculoesquel\u00e9tico\",\"publisher\":{\"@id\":\"https:\/\/www.musculoesqueleticousp.com.br\/en\/#organization\"},\"potentialAction\":[{\"@type\":\"SearchAction\",\"target\":{\"@type\":\"EntryPoint\",\"urlTemplate\":\"https:\/\/www.musculoesqueleticousp.com.br\/en\/?s={search_term_string}\"},\"query-input\":{\"@type\":\"PropertyValueSpecification\",\"valueRequired\":true,\"valueName\":\"search_term_string\"}}],\"inLanguage\":\"es\"},{\"@type\":\"Organization\",\"@id\":\"https:\/\/www.musculoesqueleticousp.com.br\/en\/#organization\",\"name\":\"P\u00f3s-Gradua\u00e7\u00e3o em Ci\u00eancias do Sistema Musculoesquel\u00e9tico\",\"url\":\"https:\/\/www.musculoesqueleticousp.com.br\/en\/\",\"logo\":{\"@type\":\"ImageObject\",\"inLanguage\":\"es\",\"@id\":\"https:\/\/www.musculoesqueleticousp.com.br\/en\/#\/schema\/logo\/image\/\",\"url\":\"https:\/\/www.musculoesqueleticousp.com.br\/wp-content\/uploads\/2020\/04\/logo_pg_cme_v3_h120.png\",\"contentUrl\":\"https:\/\/www.musculoesqueleticousp.com.br\/wp-content\/uploads\/2020\/04\/logo_pg_cme_v3_h120.png\",\"width\":481,\"height\":120,\"caption\":\"P\u00f3s-Gradua\u00e7\u00e3o em Ci\u00eancias do Sistema Musculoesquel\u00e9tico\"},\"image\":{\"@id\":\"https:\/\/www.musculoesqueleticousp.com.br\/en\/#\/schema\/logo\/image\/\"}}]}<\/script>\n<!-- \/ Yoast SEO plugin. -->","yoast_head_json":{"title":"El Programa - P\u00f3s-Gradua\u00e7\u00e3o em Ci\u00eancias do Sistema Musculoesquel\u00e9tico","robots":{"index":"index","follow":"follow","max-snippet":"max-snippet:-1","max-image-preview":"max-image-preview:large","max-video-preview":"max-video-preview:-1"},"canonical":"https:\/\/www.musculoesqueleticousp.com.br\/sobre-nos\/o-programa\/","og_locale":"es_ES","og_type":"article","og_title":"El Programa - P\u00f3s-Gradua\u00e7\u00e3o em Ci\u00eancias do Sistema Musculoesquel\u00e9tico","og_description":"EL PROGRAMA DE POSTGRADO CIENCIAS DEL SISTEMA MUSCULOESQUEL\u00c9TICO pertenece a la Facultad de Medicina de la Universidad de S\u00e3o Paulo (FMUSP). El Programa, con cursos acad\u00e9micos [&hellip;]","og_url":"https:\/\/www.musculoesqueleticousp.com.br\/sobre-nos\/o-programa\/","og_site_name":"P\u00f3s-Gradua\u00e7\u00e3o em Ci\u00eancias do Sistema Musculoesquel\u00e9tico","article_modified_time":"2022-10-19T11:58:48+00:00","twitter_card":"summary_large_image","twitter_misc":{"Tiempo de lectura":"13 minutos"},"schema":{"@context":"https:\/\/schema.org","@graph":[{"@type":"WebPage","@id":"https:\/\/www.musculoesqueleticousp.com.br\/sobre-nos\/o-programa\/","url":"https:\/\/www.musculoesqueleticousp.com.br\/sobre-nos\/o-programa\/","name":"El Programa - P\u00f3s-Gradua\u00e7\u00e3o em Ci\u00eancias do Sistema Musculoesquel\u00e9tico","isPartOf":{"@id":"https:\/\/www.musculoesqueleticousp.com.br\/en\/#website"},"datePublished":"2020-03-25T18:17:34+00:00","dateModified":"2022-10-19T11:58:48+00:00","breadcrumb":{"@id":"https:\/\/www.musculoesqueleticousp.com.br\/sobre-nos\/o-programa\/#breadcrumb"},"inLanguage":"es","potentialAction":[{"@type":"ReadAction","target":["https:\/\/www.musculoesqueleticousp.com.br\/sobre-nos\/o-programa\/"]}]},{"@type":"BreadcrumbList","@id":"https:\/\/www.musculoesqueleticousp.com.br\/sobre-nos\/o-programa\/#breadcrumb","itemListElement":[{"@type":"ListItem","position":1,"name":"Home","item":"https:\/\/www.musculoesqueleticousp.com.br\/en\/"},{"@type":"ListItem","position":2,"name":"Sobre N\u00f3s","item":"https:\/\/www.musculoesqueleticousp.com.br\/sobre-nos\/"},{"@type":"ListItem","position":3,"name":"O Programa"}]},{"@type":"WebSite","@id":"https:\/\/www.musculoesqueleticousp.com.br\/en\/#website","url":"https:\/\/www.musculoesqueleticousp.com.br\/en\/","name":"P\u00f3s-Gradua\u00e7\u00e3o em Ci\u00eancias do Sistema Musculoesquel\u00e9tico","description":"Website do P\u00f3s-Gradua\u00e7\u00e3o em Ci\u00eancias do Sistema Musculoesquel\u00e9tico","publisher":{"@id":"https:\/\/www.musculoesqueleticousp.com.br\/en\/#organization"},"potentialAction":[{"@type":"SearchAction","target":{"@type":"EntryPoint","urlTemplate":"https:\/\/www.musculoesqueleticousp.com.br\/en\/?s={search_term_string}"},"query-input":{"@type":"PropertyValueSpecification","valueRequired":true,"valueName":"search_term_string"}}],"inLanguage":"es"},{"@type":"Organization","@id":"https:\/\/www.musculoesqueleticousp.com.br\/en\/#organization","name":"P\u00f3s-Gradua\u00e7\u00e3o em Ci\u00eancias do Sistema Musculoesquel\u00e9tico","url":"https:\/\/www.musculoesqueleticousp.com.br\/en\/","logo":{"@type":"ImageObject","inLanguage":"es","@id":"https:\/\/www.musculoesqueleticousp.com.br\/en\/#\/schema\/logo\/image\/","url":"https:\/\/www.musculoesqueleticousp.com.br\/wp-content\/uploads\/2020\/04\/logo_pg_cme_v3_h120.png","contentUrl":"https:\/\/www.musculoesqueleticousp.com.br\/wp-content\/uploads\/2020\/04\/logo_pg_cme_v3_h120.png","width":481,"height":120,"caption":"P\u00f3s-Gradua\u00e7\u00e3o em Ci\u00eancias do Sistema Musculoesquel\u00e9tico"},"image":{"@id":"https:\/\/www.musculoesqueleticousp.com.br\/en\/#\/schema\/logo\/image\/"}}]}},"_links":{"self":[{"href":"https:\/\/www.musculoesqueleticousp.com.br\/es\/wp-json\/wp\/v2\/pages\/19","targetHints":{"allow":["GET"]}}],"collection":[{"href":"https:\/\/www.musculoesqueleticousp.com.br\/es\/wp-json\/wp\/v2\/pages"}],"about":[{"href":"https:\/\/www.musculoesqueleticousp.com.br\/es\/wp-json\/wp\/v2\/types\/page"}],"author":[{"embeddable":true,"href":"https:\/\/www.musculoesqueleticousp.com.br\/es\/wp-json\/wp\/v2\/users\/1"}],"replies":[{"embeddable":true,"href":"https:\/\/www.musculoesqueleticousp.com.br\/es\/wp-json\/wp\/v2\/comments?post=19"}],"version-history":[{"count":13,"href":"https:\/\/www.musculoesqueleticousp.com.br\/es\/wp-json\/wp\/v2\/pages\/19\/revisions"}],"predecessor-version":[{"id":1328,"href":"https:\/\/www.musculoesqueleticousp.com.br\/es\/wp-json\/wp\/v2\/pages\/19\/revisions\/1328"}],"up":[{"embeddable":true,"href":"https:\/\/www.musculoesqueleticousp.com.br\/es\/wp-json\/wp\/v2\/pages\/15"}],"wp:attachment":[{"href":"https:\/\/www.musculoesqueleticousp.com.br\/es\/wp-json\/wp\/v2\/media?parent=19"}],"curies":[{"name":"wp","href":"https:\/\/api.w.org\/{rel}","templated":true}]}}