{"id":1796,"date":"2021-09-15T10:49:00","date_gmt":"2021-09-15T13:49:00","guid":{"rendered":"https:\/\/www.musculoesqueleticousp.com.br\/?page_id=1796"},"modified":"2024-06-18T16:56:52","modified_gmt":"2024-06-18T19:56:52","slug":"tiago-lazzaretti-fernandes","status":"publish","type":"page","link":"https:\/\/www.musculoesqueleticousp.com.br\/es\/pesquisas\/orientadores\/tiago-lazzaretti-fernandes\/","title":{"rendered":"Tiago Lazzaretti Fernandes"},"content":{"rendered":"<p><\/p>\n<p style=\"text-align: left;\"><strong><img loading=\"lazy\" decoding=\"async\" class=\" wp-image-3242 alignleft\" src=\"https:\/\/www.sbtoc.org.br\/wp-content\/uploads\/2021\/09\/FOTO_TIAGO-LAZZARETTI-FERNANDES-e1631713420526-243x300.jpg\" alt=\"\" width=\"182\" height=\"225\" \/><\/strong><\/p>\n<p><strong>T\u00edtulo:<\/strong> Postdoctorando<br \/>\n<strong>E-mail: <\/strong><a href=\"mailto:tiago.lazzaretti@usp.br\">tiago.lazzaretti@usp.br<\/a><br \/>\n<strong>Lattes:<\/strong><a href=\"https:\/\/na01.safelinks.protection.outlook.com\/?url=http%3A%2F%2Flattes.cnpq.br%2F4234266276512347&amp;data=04%7C01%7C%7C7870e63528de49fd094208d97449d1b9%7C84df9e7fe9f640afb435aaaaaaaaaaaa%7C1%7C0%7C637668682697464311%7CUnknown%7CTWFpbGZsb3d8eyJWIjoiMC4wLjAwMDAiLCJQIjoiV2luMzIiLCJBTiI6Ik1haWwiLCJXVCI6Mn0%3D%7C1000&amp;sdata=HIaGgYD2VwCb9aKoRUQbNh%2B%2FraZGxu4G8JHkF589yNQ%3D&amp;reserved=0\">http:\/\/lattes.cnpq.br\/4234266276512347<\/a><br \/>\n<strong>Orcid<\/strong>: ID 0000-0002-6665-3608 &#8211;\u00a0 <a href=\"https:\/\/na01.safelinks.protection.outlook.com\/?url=https%3A%2F%2Forcid.org%2F0000-0002-6665-3608&amp;data=04%7C01%7C%7C7870e63528de49fd094208d97449d1b9%7C84df9e7fe9f640afb435aaaaaaaaaaaa%7C1%7C0%7C637668682697464311%7CUnknown%7CTWFpbGZsb3d8eyJWIjoiMC4wLjAwMDAiLCJQIjoiV2luMzIiLCJBTiI6Ik1haWwiLCJXVCI6Mn0%3D%7C1000&amp;sdata=NjL47mrWkaafhVPPBvAxFXsppBSfdKK7cCS65aZDNeU%3D&amp;reserved=0\">https:\/\/orcid.org\/0000-0002-6665-3608<\/a><br \/>\n<strong>Scopus<\/strong>:ID \u00a057205589838 &#8211; <a href=\"https:\/\/www.scopus.com\/authid\/detail.uri?authorId=57205589838\">https:\/\/www.scopus.com\/authid\/detail.uri?authorId=57205589838<\/a><br \/>\n<strong>Google Scholar<\/strong>:\u00a0ID l9uMgHkAAAAJ&amp;hl &#8211; <strong>\u00a0<\/strong><a href=\"https:\/\/na01.safelinks.protection.outlook.com\/?url=https%3A%2F%2Fscholar.google.com%2Fcitations%3Fuser%3Dl9uMgHkAAAAJ%26hl%3Dpt-BR&amp;data=04%7C01%7C%7C7870e63528de49fd094208d97449d1b9%7C84df9e7fe9f640afb435aaaaaaaaaaaa%7C1%7C0%7C637668682697474306%7CUnknown%7CTWFpbGZsb3d8eyJWIjoiMC4wLjAwMDAiLCJQIjoiV2luMzIiLCJBTiI6Ik1haWwiLCJXVCI6Mn0%3D%7C1000&amp;sdata=NGQd4d7lBbmR%2BXM%2FIaAs%2Fctvk1JU1gTV2FDL9i1wTa4%3D&amp;reserved=0\">https:\/\/scholar.google.com\/citations?user=l9uMgHkAAAAJ&amp;hl=pt-BR<\/a><br \/>\n<strong>Research ID:<\/strong> ID <a href=\"https:\/\/publons.com\/researcher\/B-9107-2017\/\">B-9107-2017<\/a> &#8211; <a href=\"https:\/\/publons.com\/researcher\/2156792\/tiago-l-fernandes\/\">https:\/\/publons.com\/researcher\/2156792\/tiago-l-fernandes\/<\/a><\/p>\n<p>&nbsp;<\/p>\n<h2><strong>L\u00ednea de investigaci\u00f3n <\/strong><\/h2>\n<p>Estudios relacionados con la Medicina del Deporte, con \u00e9nfasis en ingenier\u00eda de tejidos, terapia celular y ortopedia biol\u00f3gica.<\/p>\n<h2><strong>Resumen<\/strong><\/h2>\n<p>La actual l\u00ednea de investigaci\u00f3n cubre las principales patolog\u00edas relacionadas con la Medicina del Deporte, incluyendo estudios de ciencia b\u00e1sica, traducci\u00f3n y aplicaci\u00f3n cl\u00ednica. Nuestro grupo desarrolla estudios precl\u00ednicos en animales grandes y ensayos cl\u00ednicos de fase I \/ II \u00abprimeros en humanos\u00bb para la evaluaci\u00f3n del cart\u00edlago articular a partir del tratamiento con ingenier\u00eda de tejidos y terapia celular con c\u00e9lulas mesenquimales. Adem\u00e1s, nuestro grupo cuenta con l\u00edneas de investigaci\u00f3n y publicaciones relativas a la reconstrucci\u00f3n del ligamento cruzado anterior en deportistas y evaluaci\u00f3n del rendimiento de deportistas y practicantes de actividad f\u00edsica utilizando nuevas tecnolog\u00edas como la termograf\u00eda y la evaluaci\u00f3n exerg\u00e9tica. La colaboraci\u00f3n entre varias instituciones nacionales e internacionales es una fortaleza del grupo y de las l\u00edneas de investigaci\u00f3n en desarrollo. Nos permite avanzar en el \u00e1rea de conocimiento sobre Medicina del Deporte, innovando y desarrollando tecnolog\u00eda nacional. Nuestro objetivo es transformar el conocimiento en aplicaci\u00f3n pr\u00e1ctica para el paciente o deportista.<\/p>\n<h2><strong>Art\u00edculos relevantes<\/strong><\/h2>\n<ol>\n<li>Fernandes TL, Gomoll AH, Lattermann C, Hernandez AJ, Bueno DF, Amano MT. Macrophage: A Potential Target on Cartilage Regeneration. Front Immunol. 2020;11:111<\/li>\n<li>Fernandes TL, Cortez de SantAnna JP, Frisene I, Gazarini JP, Gomes Pinheiro CC, Gomoll AH, Lattermann C, Hernandez AJ, Franco Bueno D. Systematic Review of Human Dental Pulp Stem Cells for Cartilage Regeneration. Tissue Eng Part B Rev. 2020;26(1):1-12.<\/li>\n<li>Fernandes TL, Kimura HA, Pinheiro CCG, Shimomura K, Nakamura N, Ferreira JR, Gomoll AH, Hernandez AJ, Bueno DF. Human Synovial Mesenchymal Stem Cells Good Manufacturing Practices for Articular Cartilage Regeneration. Tissue Eng Part C Methods. 2018;24(12):709-716<\/li>\n<li>Brindo da Cruz IC, Velosa APP, Carrasco S, Dos Santos Filho A, Tomaz de Miranda J, Pompeu E, Fernandes TL, Bueno DF, Fanelli C, Goldenstein-Schainberg C, Fabro AT, Fuller R, Silva PL, Capelozzi VL, Teodoro WR. Post-Adipose-Derived Stem Cells (ADSC) Stimulated by Collagen Type V (Col V) Mitigate the Progression of Osteoarthritic Rabbit Articular Cartilage. Front Cell Dev Biol. 2021;9:606890<\/li>\n<li>Hinckel BB, Thomas D, Vellios EE, Hancock KJ, Calcei JG, Sherman SL, Eliasberg CD, Fernandes TL, Farr J, Lattermann C, Gomoll AH. Algorithm for Treatment of Focal Cartilage Defects of the Knee: Classic and New Procedures. Cartilage. 2021:1947603521993219. [Online ahead of print]<\/li>\n<\/ol>\n<p style=\"text-align: left;\"><strong>\u00a0<\/strong><\/p>\n<h2><strong>PROJETOS ORIENTADOR\/ LINHA<\/strong><\/h2>\n<p><strong>Linha 4. OSTEOIMUNOLOGIA E AVALIA\u00c7\u00c3O DOS PROCESSOS DE REGENERA\u00c7\u00c3O M\u00daSCULOESQUEL\u00c9TICA<br \/>\n<\/strong><strong>PROJETO TIAGO LAZZARETTI:<\/strong> ENGENHARIA TECIDUAL, TERAPIA CELULAR E ORTOPEDIA BIOL\u00d3GICA RELACIONADAS \u00c0 PR\u00c1TICA DE ATIVIDADE F\u00cdSICA<br \/>\n<strong>Linha 5. MODELOS CL\u00cdNICOS E EXPERIMENTAIS DA AN\u00c1LISE FUNCIONAL DO MOVIMENTO HUMANO<br \/>\n<\/strong><strong>PROJETO TIAGO LAZZARETTI:<\/strong> ESTUDOS SOBRE A AVALIA\u00c7\u00c3O DA FISIOLOGIA E TRAUMA DO ESPORTE<br \/>\n<strong>Linha 7. EFEITOS DO EXERC\u00cdCIO F\u00cdSICO, NUTRI\u00c7\u00c3O E GEN\u00c9TICA NA SA\u00daDE E NO DESEMPENHO F\u00cdSICO<br \/>\n<\/strong><strong>PROJETO TIAGO LAZZARETTI:<\/strong> INOVA\u00c7\u00c3O, EMPREENDEDORISMO E CAPACITA\u00c7\u00c3O NA \u00c1REA DE MEDICINA DO ESPORTE E ORTOPEDIA<\/p>","protected":false},"excerpt":{"rendered":"<p>T\u00edtulo: Postdoctorando E-mail: tiago.lazzaretti@usp.br Lattes:http:\/\/lattes.cnpq.br\/4234266276512347 Orcid: ID 0000-0002-6665-3608 &#8211;\u00a0 https:\/\/orcid.org\/0000-0002-6665-3608 Scopus:ID \u00a057205589838 &#8211; https:\/\/www.scopus.com\/authid\/detail.uri?authorId=57205589838 Google Scholar:\u00a0ID l9uMgHkAAAAJ&amp;hl &#8211; \u00a0https:\/\/scholar.google.com\/citations?user=l9uMgHkAAAAJ&amp;hl=pt-BR Research ID: ID B-9107-2017 &#8211; https:\/\/publons.com\/researcher\/2156792\/tiago-l-fernandes\/ &nbsp; [&hellip;]<\/p>\n","protected":false},"author":3,"featured_media":0,"parent":25,"menu_order":0,"comment_status":"closed","ping_status":"closed","template":"","meta":{"footnotes":""},"class_list":["post-1796","page","type-page","status-publish","hentry"],"yoast_head":"<!-- This site is optimized with the Yoast SEO plugin v25.5 - https:\/\/yoast.com\/wordpress\/plugins\/seo\/ -->\n<title>Tiago Lazzaretti Fernandes - P\u00f3s-Gradua\u00e7\u00e3o em Ci\u00eancias do Sistema Musculoesquel\u00e9tico<\/title>\n<meta name=\"robots\" content=\"index, follow, max-snippet:-1, max-image-preview:large, max-video-preview:-1\" \/>\n<link rel=\"canonical\" href=\"https:\/\/www.musculoesqueleticousp.com.br\/pesquisas\/orientadores\/tiago-lazzaretti-fernandes\/\" \/>\n<meta property=\"og:locale\" content=\"es_ES\" \/>\n<meta property=\"og:type\" content=\"article\" \/>\n<meta property=\"og:title\" content=\"Tiago Lazzaretti Fernandes - P\u00f3s-Gradua\u00e7\u00e3o em Ci\u00eancias do Sistema Musculoesquel\u00e9tico\" \/>\n<meta property=\"og:description\" content=\"T\u00edtulo: Postdoctorando E-mail: tiago.lazzaretti@usp.br Lattes:http:\/\/lattes.cnpq.br\/4234266276512347 Orcid: ID 0000-0002-6665-3608 &#8211;\u00a0 https:\/\/orcid.org\/0000-0002-6665-3608 Scopus:ID \u00a057205589838 &#8211; https:\/\/www.scopus.com\/authid\/detail.uri?authorId=57205589838 Google Scholar:\u00a0ID l9uMgHkAAAAJ&amp;hl &#8211; \u00a0https:\/\/scholar.google.com\/citations?user=l9uMgHkAAAAJ&amp;hl=pt-BR Research ID: ID B-9107-2017 &#8211; https:\/\/publons.com\/researcher\/2156792\/tiago-l-fernandes\/ &nbsp; [&hellip;]\" \/>\n<meta property=\"og:url\" content=\"https:\/\/www.musculoesqueleticousp.com.br\/pesquisas\/orientadores\/tiago-lazzaretti-fernandes\/\" \/>\n<meta property=\"og:site_name\" content=\"P\u00f3s-Gradua\u00e7\u00e3o em Ci\u00eancias do Sistema Musculoesquel\u00e9tico\" \/>\n<meta property=\"article:modified_time\" content=\"2024-06-18T19:56:52+00:00\" \/>\n<meta property=\"og:image\" content=\"https:\/\/www.sbtoc.org.br\/wp-content\/uploads\/2021\/09\/FOTO_TIAGO-LAZZARETTI-FERNANDES-e1631713420526-243x300.jpg\" \/>\n<meta name=\"twitter:card\" content=\"summary_large_image\" \/>\n<meta name=\"twitter:label1\" content=\"Tiempo de lectura\" \/>\n\t<meta name=\"twitter:data1\" content=\"8 minutos\" \/>\n<script type=\"application\/ld+json\" class=\"yoast-schema-graph\">{\"@context\":\"https:\/\/schema.org\",\"@graph\":[{\"@type\":\"WebPage\",\"@id\":\"https:\/\/www.musculoesqueleticousp.com.br\/pesquisas\/orientadores\/tiago-lazzaretti-fernandes\/\",\"url\":\"https:\/\/www.musculoesqueleticousp.com.br\/pesquisas\/orientadores\/tiago-lazzaretti-fernandes\/\",\"name\":\"Tiago Lazzaretti Fernandes - P\u00f3s-Gradua\u00e7\u00e3o em Ci\u00eancias do Sistema Musculoesquel\u00e9tico\",\"isPartOf\":{\"@id\":\"https:\/\/www.musculoesqueleticousp.com.br\/en\/#website\"},\"primaryImageOfPage\":{\"@id\":\"https:\/\/www.musculoesqueleticousp.com.br\/pesquisas\/orientadores\/tiago-lazzaretti-fernandes\/#primaryimage\"},\"image\":{\"@id\":\"https:\/\/www.musculoesqueleticousp.com.br\/pesquisas\/orientadores\/tiago-lazzaretti-fernandes\/#primaryimage\"},\"thumbnailUrl\":\"https:\/\/www.sbtoc.org.br\/wp-content\/uploads\/2021\/09\/FOTO_TIAGO-LAZZARETTI-FERNANDES-e1631713420526-243x300.jpg\",\"datePublished\":\"2021-09-15T13:49:00+00:00\",\"dateModified\":\"2024-06-18T19:56:52+00:00\",\"breadcrumb\":{\"@id\":\"https:\/\/www.musculoesqueleticousp.com.br\/pesquisas\/orientadores\/tiago-lazzaretti-fernandes\/#breadcrumb\"},\"inLanguage\":\"es\",\"potentialAction\":[{\"@type\":\"ReadAction\",\"target\":[\"https:\/\/www.musculoesqueleticousp.com.br\/pesquisas\/orientadores\/tiago-lazzaretti-fernandes\/\"]}]},{\"@type\":\"ImageObject\",\"inLanguage\":\"es\",\"@id\":\"https:\/\/www.musculoesqueleticousp.com.br\/pesquisas\/orientadores\/tiago-lazzaretti-fernandes\/#primaryimage\",\"url\":\"https:\/\/www.sbtoc.org.br\/wp-content\/uploads\/2021\/09\/FOTO_TIAGO-LAZZARETTI-FERNANDES-e1631713420526-243x300.jpg\",\"contentUrl\":\"https:\/\/www.sbtoc.org.br\/wp-content\/uploads\/2021\/09\/FOTO_TIAGO-LAZZARETTI-FERNANDES-e1631713420526-243x300.jpg\"},{\"@type\":\"BreadcrumbList\",\"@id\":\"https:\/\/www.musculoesqueleticousp.com.br\/pesquisas\/orientadores\/tiago-lazzaretti-fernandes\/#breadcrumb\",\"itemListElement\":[{\"@type\":\"ListItem\",\"position\":1,\"name\":\"Home\",\"item\":\"https:\/\/www.musculoesqueleticousp.com.br\/en\/\"},{\"@type\":\"ListItem\",\"position\":2,\"name\":\"Research\",\"item\":\"https:\/\/www.musculoesqueleticousp.com.br\/en\/pesquisas\/\"},{\"@type\":\"ListItem\",\"position\":3,\"name\":\"Orientadores\",\"item\":\"https:\/\/www.musculoesqueleticousp.com.br\/pesquisas\/orientadores\/\"},{\"@type\":\"ListItem\",\"position\":4,\"name\":\"Tiago Lazzaretti Fernandes\"}]},{\"@type\":\"WebSite\",\"@id\":\"https:\/\/www.musculoesqueleticousp.com.br\/en\/#website\",\"url\":\"https:\/\/www.musculoesqueleticousp.com.br\/en\/\",\"name\":\"P\u00f3s-Gradua\u00e7\u00e3o em Ci\u00eancias do Sistema Musculoesquel\u00e9tico\",\"description\":\"Website do P\u00f3s-Gradua\u00e7\u00e3o em Ci\u00eancias do Sistema Musculoesquel\u00e9tico\",\"publisher\":{\"@id\":\"https:\/\/www.musculoesqueleticousp.com.br\/en\/#organization\"},\"potentialAction\":[{\"@type\":\"SearchAction\",\"target\":{\"@type\":\"EntryPoint\",\"urlTemplate\":\"https:\/\/www.musculoesqueleticousp.com.br\/en\/?s={search_term_string}\"},\"query-input\":{\"@type\":\"PropertyValueSpecification\",\"valueRequired\":true,\"valueName\":\"search_term_string\"}}],\"inLanguage\":\"es\"},{\"@type\":\"Organization\",\"@id\":\"https:\/\/www.musculoesqueleticousp.com.br\/en\/#organization\",\"name\":\"P\u00f3s-Gradua\u00e7\u00e3o em Ci\u00eancias do Sistema Musculoesquel\u00e9tico\",\"url\":\"https:\/\/www.musculoesqueleticousp.com.br\/en\/\",\"logo\":{\"@type\":\"ImageObject\",\"inLanguage\":\"es\",\"@id\":\"https:\/\/www.musculoesqueleticousp.com.br\/en\/#\/schema\/logo\/image\/\",\"url\":\"https:\/\/www.musculoesqueleticousp.com.br\/wp-content\/uploads\/2020\/04\/logo_pg_cme_v3_h120.png\",\"contentUrl\":\"https:\/\/www.musculoesqueleticousp.com.br\/wp-content\/uploads\/2020\/04\/logo_pg_cme_v3_h120.png\",\"width\":481,\"height\":120,\"caption\":\"P\u00f3s-Gradua\u00e7\u00e3o em Ci\u00eancias do Sistema Musculoesquel\u00e9tico\"},\"image\":{\"@id\":\"https:\/\/www.musculoesqueleticousp.com.br\/en\/#\/schema\/logo\/image\/\"}}]}<\/script>\n<!-- \/ Yoast SEO plugin. -->","yoast_head_json":{"title":"Tiago Lazzaretti Fernandes - P\u00f3s-Gradua\u00e7\u00e3o em Ci\u00eancias do Sistema Musculoesquel\u00e9tico","robots":{"index":"index","follow":"follow","max-snippet":"max-snippet:-1","max-image-preview":"max-image-preview:large","max-video-preview":"max-video-preview:-1"},"canonical":"https:\/\/www.musculoesqueleticousp.com.br\/pesquisas\/orientadores\/tiago-lazzaretti-fernandes\/","og_locale":"es_ES","og_type":"article","og_title":"Tiago Lazzaretti Fernandes - P\u00f3s-Gradua\u00e7\u00e3o em Ci\u00eancias do Sistema Musculoesquel\u00e9tico","og_description":"T\u00edtulo: Postdoctorando E-mail: tiago.lazzaretti@usp.br Lattes:http:\/\/lattes.cnpq.br\/4234266276512347 Orcid: ID 0000-0002-6665-3608 &#8211;\u00a0 https:\/\/orcid.org\/0000-0002-6665-3608 Scopus:ID \u00a057205589838 &#8211; https:\/\/www.scopus.com\/authid\/detail.uri?authorId=57205589838 Google Scholar:\u00a0ID l9uMgHkAAAAJ&amp;hl &#8211; \u00a0https:\/\/scholar.google.com\/citations?user=l9uMgHkAAAAJ&amp;hl=pt-BR Research ID: ID B-9107-2017 &#8211; https:\/\/publons.com\/researcher\/2156792\/tiago-l-fernandes\/ &nbsp; [&hellip;]","og_url":"https:\/\/www.musculoesqueleticousp.com.br\/pesquisas\/orientadores\/tiago-lazzaretti-fernandes\/","og_site_name":"P\u00f3s-Gradua\u00e7\u00e3o em Ci\u00eancias do Sistema Musculoesquel\u00e9tico","article_modified_time":"2024-06-18T19:56:52+00:00","og_image":[{"url":"https:\/\/www.sbtoc.org.br\/wp-content\/uploads\/2021\/09\/FOTO_TIAGO-LAZZARETTI-FERNANDES-e1631713420526-243x300.jpg","type":"","width":"","height":""}],"twitter_card":"summary_large_image","twitter_misc":{"Tiempo de lectura":"8 minutos"},"schema":{"@context":"https:\/\/schema.org","@graph":[{"@type":"WebPage","@id":"https:\/\/www.musculoesqueleticousp.com.br\/pesquisas\/orientadores\/tiago-lazzaretti-fernandes\/","url":"https:\/\/www.musculoesqueleticousp.com.br\/pesquisas\/orientadores\/tiago-lazzaretti-fernandes\/","name":"Tiago Lazzaretti Fernandes - P\u00f3s-Gradua\u00e7\u00e3o em Ci\u00eancias do Sistema Musculoesquel\u00e9tico","isPartOf":{"@id":"https:\/\/www.musculoesqueleticousp.com.br\/en\/#website"},"primaryImageOfPage":{"@id":"https:\/\/www.musculoesqueleticousp.com.br\/pesquisas\/orientadores\/tiago-lazzaretti-fernandes\/#primaryimage"},"image":{"@id":"https:\/\/www.musculoesqueleticousp.com.br\/pesquisas\/orientadores\/tiago-lazzaretti-fernandes\/#primaryimage"},"thumbnailUrl":"https:\/\/www.sbtoc.org.br\/wp-content\/uploads\/2021\/09\/FOTO_TIAGO-LAZZARETTI-FERNANDES-e1631713420526-243x300.jpg","datePublished":"2021-09-15T13:49:00+00:00","dateModified":"2024-06-18T19:56:52+00:00","breadcrumb":{"@id":"https:\/\/www.musculoesqueleticousp.com.br\/pesquisas\/orientadores\/tiago-lazzaretti-fernandes\/#breadcrumb"},"inLanguage":"es","potentialAction":[{"@type":"ReadAction","target":["https:\/\/www.musculoesqueleticousp.com.br\/pesquisas\/orientadores\/tiago-lazzaretti-fernandes\/"]}]},{"@type":"ImageObject","inLanguage":"es","@id":"https:\/\/www.musculoesqueleticousp.com.br\/pesquisas\/orientadores\/tiago-lazzaretti-fernandes\/#primaryimage","url":"https:\/\/www.sbtoc.org.br\/wp-content\/uploads\/2021\/09\/FOTO_TIAGO-LAZZARETTI-FERNANDES-e1631713420526-243x300.jpg","contentUrl":"https:\/\/www.sbtoc.org.br\/wp-content\/uploads\/2021\/09\/FOTO_TIAGO-LAZZARETTI-FERNANDES-e1631713420526-243x300.jpg"},{"@type":"BreadcrumbList","@id":"https:\/\/www.musculoesqueleticousp.com.br\/pesquisas\/orientadores\/tiago-lazzaretti-fernandes\/#breadcrumb","itemListElement":[{"@type":"ListItem","position":1,"name":"Home","item":"https:\/\/www.musculoesqueleticousp.com.br\/en\/"},{"@type":"ListItem","position":2,"name":"Research","item":"https:\/\/www.musculoesqueleticousp.com.br\/en\/pesquisas\/"},{"@type":"ListItem","position":3,"name":"Orientadores","item":"https:\/\/www.musculoesqueleticousp.com.br\/pesquisas\/orientadores\/"},{"@type":"ListItem","position":4,"name":"Tiago Lazzaretti Fernandes"}]},{"@type":"WebSite","@id":"https:\/\/www.musculoesqueleticousp.com.br\/en\/#website","url":"https:\/\/www.musculoesqueleticousp.com.br\/en\/","name":"P\u00f3s-Gradua\u00e7\u00e3o em Ci\u00eancias do Sistema Musculoesquel\u00e9tico","description":"Website do P\u00f3s-Gradua\u00e7\u00e3o em Ci\u00eancias do Sistema Musculoesquel\u00e9tico","publisher":{"@id":"https:\/\/www.musculoesqueleticousp.com.br\/en\/#organization"},"potentialAction":[{"@type":"SearchAction","target":{"@type":"EntryPoint","urlTemplate":"https:\/\/www.musculoesqueleticousp.com.br\/en\/?s={search_term_string}"},"query-input":{"@type":"PropertyValueSpecification","valueRequired":true,"valueName":"search_term_string"}}],"inLanguage":"es"},{"@type":"Organization","@id":"https:\/\/www.musculoesqueleticousp.com.br\/en\/#organization","name":"P\u00f3s-Gradua\u00e7\u00e3o em Ci\u00eancias do Sistema Musculoesquel\u00e9tico","url":"https:\/\/www.musculoesqueleticousp.com.br\/en\/","logo":{"@type":"ImageObject","inLanguage":"es","@id":"https:\/\/www.musculoesqueleticousp.com.br\/en\/#\/schema\/logo\/image\/","url":"https:\/\/www.musculoesqueleticousp.com.br\/wp-content\/uploads\/2020\/04\/logo_pg_cme_v3_h120.png","contentUrl":"https:\/\/www.musculoesqueleticousp.com.br\/wp-content\/uploads\/2020\/04\/logo_pg_cme_v3_h120.png","width":481,"height":120,"caption":"P\u00f3s-Gradua\u00e7\u00e3o em Ci\u00eancias do Sistema Musculoesquel\u00e9tico"},"image":{"@id":"https:\/\/www.musculoesqueleticousp.com.br\/en\/#\/schema\/logo\/image\/"}}]}},"_links":{"self":[{"href":"https:\/\/www.musculoesqueleticousp.com.br\/es\/wp-json\/wp\/v2\/pages\/1796","targetHints":{"allow":["GET"]}}],"collection":[{"href":"https:\/\/www.musculoesqueleticousp.com.br\/es\/wp-json\/wp\/v2\/pages"}],"about":[{"href":"https:\/\/www.musculoesqueleticousp.com.br\/es\/wp-json\/wp\/v2\/types\/page"}],"author":[{"embeddable":true,"href":"https:\/\/www.musculoesqueleticousp.com.br\/es\/wp-json\/wp\/v2\/users\/3"}],"replies":[{"embeddable":true,"href":"https:\/\/www.musculoesqueleticousp.com.br\/es\/wp-json\/wp\/v2\/comments?post=1796"}],"version-history":[{"count":4,"href":"https:\/\/www.musculoesqueleticousp.com.br\/es\/wp-json\/wp\/v2\/pages\/1796\/revisions"}],"predecessor-version":[{"id":2863,"href":"https:\/\/www.musculoesqueleticousp.com.br\/es\/wp-json\/wp\/v2\/pages\/1796\/revisions\/2863"}],"up":[{"embeddable":true,"href":"https:\/\/www.musculoesqueleticousp.com.br\/es\/wp-json\/wp\/v2\/pages\/25"}],"wp:attachment":[{"href":"https:\/\/www.musculoesqueleticousp.com.br\/es\/wp-json\/wp\/v2\/media?parent=1796"}],"curies":[{"name":"wp","href":"https:\/\/api.w.org\/{rel}","templated":true}]}}