{"id":15,"date":"2020-03-25T15:17:34","date_gmt":"2020-03-25T18:17:34","guid":{"rendered":"http:\/\/www.musculoesqueleticousp.com.br\/sobre-nos\/"},"modified":"2021-03-06T13:33:15","modified_gmt":"2021-03-06T16:33:15","slug":"sobre-nos","status":"publish","type":"page","link":"https:\/\/www.musculoesqueleticousp.com.br\/es\/sobre-nos\/","title":{"rendered":"Sobre Nosotros"},"content":{"rendered":"\t\t<div class=\"shailan-subpages-container\">\r\n            <ul class=\"subpages\">\r\n                <li class=\"page_item page-item-19\"><a href=\"https:\/\/www.musculoesqueleticousp.com.br\/es\/sobre-nos\/o-programa\/\">El Programa<\/a><\/li>\n<li class=\"page_item page-item-2310\"><a href=\"https:\/\/www.musculoesqueleticousp.com.br\/es\/sobre-nos\/google-scholar\/\">Google Scholar<\/a><\/li>\n<li class=\"page_item page-item-20\"><a href=\"https:\/\/www.musculoesqueleticousp.com.br\/es\/sobre-nos\/coordenacao\/\">Coordinaci\u00f3n<\/a><\/li>\n<li class=\"page_item page-item-21 page_item_has_children\"><a href=\"https:\/\/www.musculoesqueleticousp.com.br\/es\/sobre-nos\/infraestrutura\/\">Infraestrutura<\/a>\n<ul class='children'>\n\t<li class=\"page_item page-item-473\"><a href=\"https:\/\/www.musculoesqueleticousp.com.br\/es\/sobre-nos\/infraestrutura\/administrativa\/\">Administrativa<\/a><\/li>\n\t<li class=\"page_item page-item-471\"><a href=\"https:\/\/www.musculoesqueleticousp.com.br\/es\/sobre-nos\/infraestrutura\/biblioteca\/\">Biblioteca<\/a><\/li>\n\t<li class=\"page_item page-item-469\"><a href=\"https:\/\/www.musculoesqueleticousp.com.br\/es\/sobre-nos\/infraestrutura\/informatica\/\">Inform\u00e1tica<\/a><\/li>\n\t<li class=\"page_item page-item-466 page_item_has_children\"><a href=\"https:\/\/www.musculoesqueleticousp.com.br\/es\/sobre-nos\/infraestrutura\/laboratorios\/\">(Portugu\u00eas) Laborat\u00f3rios<\/a>\n\t<ul class='children'>\n\t\t<li class=\"page_item page-item-495\"><a href=\"https:\/\/www.musculoesqueleticousp.com.br\/es\/sobre-nos\/infraestrutura\/laboratorios\/centro-de-pesquisas-clinicas\/\">CENTRO DE INVESTIGACIONES CL\u00cdNICAS<\/a><\/li>\n\t\t<li class=\"page_item page-item-485\"><a href=\"https:\/\/www.musculoesqueleticousp.com.br\/es\/sobre-nos\/infraestrutura\/laboratorios\/laboratorio-de-anatomia-patologica\/\">LABORATORIO DE ANATOM\u00cdA PATOL\u00d3GICA<\/a><\/li>\n\t\t<li class=\"page_item page-item-491\"><a href=\"https:\/\/www.musculoesqueleticousp.com.br\/es\/sobre-nos\/infraestrutura\/laboratorios\/laboratorio-de-artroscopia\/\">LABORATORIO DE ARTROSCOP\u00cdA<\/a><\/li>\n\t\t<li class=\"page_item page-item-501\"><a href=\"https:\/\/www.musculoesqueleticousp.com.br\/es\/sobre-nos\/infraestrutura\/laboratorios\/laboratorio-de-avaliacao-e-condicionamento-em-reumatologia-lacre\/\">LABORATORIO DE EVALUACI\u00d3N Y ACONDICIONAMIENTO EN REUMATOLOG\u00cdA (LACRE)<\/a><\/li>\n\t\t<li class=\"page_item page-item-487\"><a href=\"https:\/\/www.musculoesqueleticousp.com.br\/es\/sobre-nos\/infraestrutura\/laboratorios\/laboratorio-de-biomecanica-do-aparelho-locomotor\/\">LABORATORIO DE BIOMEC\u00c1NICA DEL APARATO LOCOMOTOR<\/a><\/li>\n\t\t<li class=\"page_item page-item-497\"><a href=\"https:\/\/www.musculoesqueleticousp.com.br\/es\/sobre-nos\/infraestrutura\/laboratorios\/laboratorio-de-estudos-do-traumatizado-raquimedular-e-nervos-letran\/\">LABORATORIO DE ESTUDIOS DEL TRAUMATIZADO RAQUIMEDULAR Y NERVIOS \u2013 LETRAN<\/a><\/li>\n\t\t<li class=\"page_item page-item-483\"><a href=\"https:\/\/www.musculoesqueleticousp.com.br\/es\/sobre-nos\/infraestrutura\/laboratorios\/laboratorio-de-estudos-dos-movimentos-lem\/\">LABORATORIO DE ESTUDIOS DE LOS MOVIMIENTOS (LEM)<\/a><\/li>\n\t\t<li class=\"page_item page-item-503\"><a href=\"https:\/\/www.musculoesqueleticousp.com.br\/es\/sobre-nos\/infraestrutura\/laboratorios\/laboratorio-de-imunologia-celular\/\">LABORATORIO DE INMUNOLOG\u00cdA CELULAR<\/a><\/li>\n\t\t<li class=\"page_item page-item-505\"><a href=\"https:\/\/www.musculoesqueleticousp.com.br\/es\/sobre-nos\/infraestrutura\/laboratorios\/laboratorio-de-imunologia-humoral\/\">LABORATORIO DE INMUNOLOG\u00cdA HUMORAL<\/a><\/li>\n\t\t<li class=\"page_item page-item-481\"><a href=\"https:\/\/www.musculoesqueleticousp.com.br\/es\/sobre-nos\/infraestrutura\/laboratorios\/laboratorio-de-investigacao-medica-do-sistema-musculo-esqueletico\/\">LABORATORIO DE INVESTIGACI\u00d3N M\u00c9DICA DEL SISTEMA M\u00daSCULOESQUEL\u00c9TICO<\/a><\/li>\n\t\t<li class=\"page_item page-item-513\"><a href=\"https:\/\/www.musculoesqueleticousp.com.br\/es\/sobre-nos\/infraestrutura\/laboratorios\/laboratorio-de-matriz-extracelular\/\">LABORATORIO DE MATRIZ EXTRACELULAR<\/a><\/li>\n\t\t<li class=\"page_item page-item-507\"><a href=\"https:\/\/www.musculoesqueleticousp.com.br\/es\/sobre-nos\/infraestrutura\/laboratorios\/laboratorio-de-metabolismo-osseo-hr-pqct-densitometria-ossea-e-biopsia-ossea\/\">LABORATORIO DE METABOLISMO \u00d3SEO, HR-pQCT, DENSITOMETR\u00cdA \u00d3SEA Y BIOPSIA \u00d3SEA<\/a><\/li>\n\t\t<li class=\"page_item page-item-489\"><a href=\"https:\/\/www.musculoesqueleticousp.com.br\/es\/sobre-nos\/infraestrutura\/laboratorios\/laboratorio-de-microcirurgia-reconstrutiva\/\">LABORATORIO DE MICROCIRUG\u00cdA RECONSTRUCTIVA<\/a><\/li>\n\t\t<li class=\"page_item page-item-499\"><a href=\"https:\/\/www.musculoesqueleticousp.com.br\/es\/sobre-nos\/infraestrutura\/laboratorios\/laboratorio-de-microorganismo-e-artrite\/\">LABORATORIO DE MICROORGANISMO Y ARTRITIS<\/a><\/li>\n\t\t<li class=\"page_item page-item-509\"><a href=\"https:\/\/www.musculoesqueleticousp.com.br\/es\/sobre-nos\/infraestrutura\/laboratorios\/laboratorio-de-miopatias-inflamatorias\/\">LABORATORIO DE MIOPAT\u00cdAS INFLAMATORIAS<\/a><\/li>\n\t\t<li class=\"page_item page-item-511\"><a href=\"https:\/\/www.musculoesqueleticousp.com.br\/es\/sobre-nos\/infraestrutura\/laboratorios\/laboratorio-de-sindrome-antifosfolipide\/\">LABORATORIO DE S\u00cdNDROME ANTIFOSFOL\u00cdPIDO<\/a><\/li>\n\t\t<li class=\"page_item page-item-515\"><a href=\"https:\/\/www.musculoesqueleticousp.com.br\/es\/sobre-nos\/infraestrutura\/laboratorios\/nucel-e-o-medcell\/\">NUCEL y MedCell<\/a><\/li>\n\t\t<li class=\"page_item page-item-493\"><a href=\"https:\/\/www.musculoesqueleticousp.com.br\/es\/sobre-nos\/infraestrutura\/laboratorios\/nucleo-de-ortopedia-regenerativa-banco-de-tecidos-e-terapia-celular\/\">N\u00daCLEO DE ORTOPEDIA REGENERATIVA, BANCO DE TEJIDOS Y TERAPIA CELULAR<\/a><\/li>\n\t\t<li class=\"page_item page-item-2075\"><a href=\"https:\/\/www.musculoesqueleticousp.com.br\/es\/sobre-nos\/infraestrutura\/laboratorios\/centro-de-ciencias-do-sistema-musculoesqueletico\/\">CENTRO DE CI\u00caNCIAS DO SISTEMA MUSCULOESQUEL\u00c9TICO<\/a><\/li>\n\t<\/ul>\n<\/li>\n<\/ul>\n<\/li>\n<li class=\"page_item page-item-1435 page_item_has_children\"><a href=\"https:\/\/www.musculoesqueleticousp.com.br\/es\/sobre-nos\/biblioteca\/\">Biblioteca<\/a>\n<ul class='children'>\n\t<li class=\"page_item page-item-1454\"><a href=\"https:\/\/www.musculoesqueleticousp.com.br\/es\/sobre-nos\/biblioteca\/documentacao-cientifica\/\">(Portugu\u00eas) Documenta\u00e7\u00e3o Cient\u00edfica<\/a><\/li>\n\t<li class=\"page_item page-item-1457\"><a href=\"https:\/\/www.musculoesqueleticousp.com.br\/es\/sobre-nos\/biblioteca\/politica-de-desenvolvimento-de-colecoes\/\">(Portugu\u00eas) Pol\u00edtica de Desenvolvimento de Cole\u00e7\u00f5es<\/a><\/li>\n\t<li class=\"page_item page-item-1459\"><a href=\"https:\/\/www.musculoesqueleticousp.com.br\/es\/sobre-nos\/biblioteca\/regulamento-da-biblioteca\/\">(Portugu\u00eas) Regulamento da Biblioteca<\/a><\/li>\n\t<li class=\"page_item page-item-1465\"><a href=\"https:\/\/www.musculoesqueleticousp.com.br\/es\/sobre-nos\/biblioteca\/formulario-para-indicacao-de-livro-periodico\/\">(Portugu\u00eas) Formul\u00e1rio para indica\u00e7\u00e3o de Livro\/Peri\u00f3dico<\/a><\/li>\n<\/ul>\n<\/li>\n<li class=\"page_item page-item-22 page_item_has_children\"><a href=\"https:\/\/www.musculoesqueleticousp.com.br\/es\/sobre-nos\/avaliacao-capes\/\">Evaluaci\u00f3n CAPES<\/a>\n<ul class='children'>\n\t<li class=\"page_item page-item-2588\"><a href=\"https:\/\/www.musculoesqueleticousp.com.br\/es\/sobre-nos\/avaliacao-capes\/quadrienal-2017-nota-4\/\">Quadrienal 2017 \u2013 Nota 4<\/a><\/li>\n\t<li class=\"page_item page-item-2610\"><a href=\"https:\/\/www.musculoesqueleticousp.com.br\/es\/sobre-nos\/avaliacao-capes\/quadrienal-2021\/\">Quadrienal 2021<\/a><\/li>\n<\/ul>\n<\/li>\n<li class=\"page_item page-item-23\"><a href=\"https:\/\/www.musculoesqueleticousp.com.br\/es\/sobre-nos\/agenda\/\">Agenda<\/a><\/li>\n<li class=\"page_item page-item-24\"><a href=\"https:\/\/www.musculoesqueleticousp.com.br\/es\/sobre-nos\/contato\/\">Contacto<\/a><\/li>\n            <\/ul>\r\n\t\t<\/div>\r\n\t\t","protected":false},"excerpt":{"rendered":"<p>El Programa Google Scholar Coordinaci\u00f3n Infraestrutura Administrativa Biblioteca Inform\u00e1tica (Portugu\u00eas) Laborat\u00f3rios CENTRO DE INVESTIGACIONES CL\u00cdNICAS LABORATORIO DE ANATOM\u00cdA PATOL\u00d3GICA LABORATORIO DE ARTROSCOP\u00cdA LABORATORIO DE EVALUACI\u00d3N Y [&hellip;]<\/p>\n","protected":false},"author":1,"featured_media":0,"parent":0,"menu_order":2,"comment_status":"closed","ping_status":"closed","template":"","meta":{"footnotes":""},"class_list":["post-15","page","type-page","status-publish","hentry"],"yoast_head":"<!-- This site is optimized with the Yoast SEO plugin v25.5 - https:\/\/yoast.com\/wordpress\/plugins\/seo\/ -->\n<title>Sobre Nosotros - P\u00f3s-Gradua\u00e7\u00e3o em Ci\u00eancias do Sistema Musculoesquel\u00e9tico<\/title>\n<meta name=\"robots\" content=\"index, follow, max-snippet:-1, max-image-preview:large, max-video-preview:-1\" \/>\n<link rel=\"canonical\" href=\"https:\/\/www.musculoesqueleticousp.com.br\/sobre-nos\/\" \/>\n<meta property=\"og:locale\" content=\"es_ES\" \/>\n<meta property=\"og:type\" content=\"article\" \/>\n<meta property=\"og:title\" content=\"Sobre Nosotros - P\u00f3s-Gradua\u00e7\u00e3o em Ci\u00eancias do Sistema Musculoesquel\u00e9tico\" \/>\n<meta property=\"og:description\" content=\"El Programa Google Scholar Coordinaci\u00f3n Infraestrutura Administrativa Biblioteca Inform\u00e1tica (Portugu\u00eas) Laborat\u00f3rios CENTRO DE INVESTIGACIONES CL\u00cdNICAS LABORATORIO DE ANATOM\u00cdA PATOL\u00d3GICA LABORATORIO DE ARTROSCOP\u00cdA LABORATORIO DE EVALUACI\u00d3N Y [&hellip;]\" \/>\n<meta property=\"og:url\" content=\"https:\/\/www.musculoesqueleticousp.com.br\/sobre-nos\/\" \/>\n<meta property=\"og:site_name\" content=\"P\u00f3s-Gradua\u00e7\u00e3o em Ci\u00eancias do Sistema Musculoesquel\u00e9tico\" \/>\n<meta property=\"article:modified_time\" content=\"2021-03-06T16:33:15+00:00\" \/>\n<meta name=\"twitter:card\" content=\"summary_large_image\" \/>\n<script type=\"application\/ld+json\" class=\"yoast-schema-graph\">{\"@context\":\"https:\/\/schema.org\",\"@graph\":[{\"@type\":\"WebPage\",\"@id\":\"https:\/\/www.musculoesqueleticousp.com.br\/sobre-nos\/\",\"url\":\"https:\/\/www.musculoesqueleticousp.com.br\/sobre-nos\/\",\"name\":\"Sobre Nosotros - P\u00f3s-Gradua\u00e7\u00e3o em Ci\u00eancias do Sistema Musculoesquel\u00e9tico\",\"isPartOf\":{\"@id\":\"https:\/\/www.musculoesqueleticousp.com.br\/en\/#website\"},\"datePublished\":\"2020-03-25T18:17:34+00:00\",\"dateModified\":\"2021-03-06T16:33:15+00:00\",\"breadcrumb\":{\"@id\":\"https:\/\/www.musculoesqueleticousp.com.br\/sobre-nos\/#breadcrumb\"},\"inLanguage\":\"es\",\"potentialAction\":[{\"@type\":\"ReadAction\",\"target\":[\"https:\/\/www.musculoesqueleticousp.com.br\/sobre-nos\/\"]}]},{\"@type\":\"BreadcrumbList\",\"@id\":\"https:\/\/www.musculoesqueleticousp.com.br\/sobre-nos\/#breadcrumb\",\"itemListElement\":[{\"@type\":\"ListItem\",\"position\":1,\"name\":\"Home\",\"item\":\"https:\/\/www.musculoesqueleticousp.com.br\/en\/\"},{\"@type\":\"ListItem\",\"position\":2,\"name\":\"Sobre N\u00f3s\"}]},{\"@type\":\"WebSite\",\"@id\":\"https:\/\/www.musculoesqueleticousp.com.br\/en\/#website\",\"url\":\"https:\/\/www.musculoesqueleticousp.com.br\/en\/\",\"name\":\"P\u00f3s-Gradua\u00e7\u00e3o em Ci\u00eancias do Sistema Musculoesquel\u00e9tico\",\"description\":\"Website do P\u00f3s-Gradua\u00e7\u00e3o em Ci\u00eancias do Sistema Musculoesquel\u00e9tico\",\"publisher\":{\"@id\":\"https:\/\/www.musculoesqueleticousp.com.br\/en\/#organization\"},\"potentialAction\":[{\"@type\":\"SearchAction\",\"target\":{\"@type\":\"EntryPoint\",\"urlTemplate\":\"https:\/\/www.musculoesqueleticousp.com.br\/en\/?s={search_term_string}\"},\"query-input\":{\"@type\":\"PropertyValueSpecification\",\"valueRequired\":true,\"valueName\":\"search_term_string\"}}],\"inLanguage\":\"es\"},{\"@type\":\"Organization\",\"@id\":\"https:\/\/www.musculoesqueleticousp.com.br\/en\/#organization\",\"name\":\"P\u00f3s-Gradua\u00e7\u00e3o em Ci\u00eancias do Sistema Musculoesquel\u00e9tico\",\"url\":\"https:\/\/www.musculoesqueleticousp.com.br\/en\/\",\"logo\":{\"@type\":\"ImageObject\",\"inLanguage\":\"es\",\"@id\":\"https:\/\/www.musculoesqueleticousp.com.br\/en\/#\/schema\/logo\/image\/\",\"url\":\"https:\/\/www.musculoesqueleticousp.com.br\/wp-content\/uploads\/2020\/04\/logo_pg_cme_v3_h120.png\",\"contentUrl\":\"https:\/\/www.musculoesqueleticousp.com.br\/wp-content\/uploads\/2020\/04\/logo_pg_cme_v3_h120.png\",\"width\":481,\"height\":120,\"caption\":\"P\u00f3s-Gradua\u00e7\u00e3o em Ci\u00eancias do Sistema Musculoesquel\u00e9tico\"},\"image\":{\"@id\":\"https:\/\/www.musculoesqueleticousp.com.br\/en\/#\/schema\/logo\/image\/\"}}]}<\/script>\n<!-- \/ Yoast SEO plugin. -->","yoast_head_json":{"title":"Sobre Nosotros - P\u00f3s-Gradua\u00e7\u00e3o em Ci\u00eancias do Sistema Musculoesquel\u00e9tico","robots":{"index":"index","follow":"follow","max-snippet":"max-snippet:-1","max-image-preview":"max-image-preview:large","max-video-preview":"max-video-preview:-1"},"canonical":"https:\/\/www.musculoesqueleticousp.com.br\/sobre-nos\/","og_locale":"es_ES","og_type":"article","og_title":"Sobre Nosotros - P\u00f3s-Gradua\u00e7\u00e3o em Ci\u00eancias do Sistema Musculoesquel\u00e9tico","og_description":"El Programa Google Scholar Coordinaci\u00f3n Infraestrutura Administrativa Biblioteca Inform\u00e1tica (Portugu\u00eas) Laborat\u00f3rios CENTRO DE INVESTIGACIONES CL\u00cdNICAS LABORATORIO DE ANATOM\u00cdA PATOL\u00d3GICA LABORATORIO DE ARTROSCOP\u00cdA LABORATORIO DE EVALUACI\u00d3N Y [&hellip;]","og_url":"https:\/\/www.musculoesqueleticousp.com.br\/sobre-nos\/","og_site_name":"P\u00f3s-Gradua\u00e7\u00e3o em Ci\u00eancias do Sistema Musculoesquel\u00e9tico","article_modified_time":"2021-03-06T16:33:15+00:00","twitter_card":"summary_large_image","schema":{"@context":"https:\/\/schema.org","@graph":[{"@type":"WebPage","@id":"https:\/\/www.musculoesqueleticousp.com.br\/sobre-nos\/","url":"https:\/\/www.musculoesqueleticousp.com.br\/sobre-nos\/","name":"Sobre Nosotros - P\u00f3s-Gradua\u00e7\u00e3o em Ci\u00eancias do Sistema Musculoesquel\u00e9tico","isPartOf":{"@id":"https:\/\/www.musculoesqueleticousp.com.br\/en\/#website"},"datePublished":"2020-03-25T18:17:34+00:00","dateModified":"2021-03-06T16:33:15+00:00","breadcrumb":{"@id":"https:\/\/www.musculoesqueleticousp.com.br\/sobre-nos\/#breadcrumb"},"inLanguage":"es","potentialAction":[{"@type":"ReadAction","target":["https:\/\/www.musculoesqueleticousp.com.br\/sobre-nos\/"]}]},{"@type":"BreadcrumbList","@id":"https:\/\/www.musculoesqueleticousp.com.br\/sobre-nos\/#breadcrumb","itemListElement":[{"@type":"ListItem","position":1,"name":"Home","item":"https:\/\/www.musculoesqueleticousp.com.br\/en\/"},{"@type":"ListItem","position":2,"name":"Sobre N\u00f3s"}]},{"@type":"WebSite","@id":"https:\/\/www.musculoesqueleticousp.com.br\/en\/#website","url":"https:\/\/www.musculoesqueleticousp.com.br\/en\/","name":"P\u00f3s-Gradua\u00e7\u00e3o em Ci\u00eancias do Sistema Musculoesquel\u00e9tico","description":"Website do P\u00f3s-Gradua\u00e7\u00e3o em Ci\u00eancias do Sistema Musculoesquel\u00e9tico","publisher":{"@id":"https:\/\/www.musculoesqueleticousp.com.br\/en\/#organization"},"potentialAction":[{"@type":"SearchAction","target":{"@type":"EntryPoint","urlTemplate":"https:\/\/www.musculoesqueleticousp.com.br\/en\/?s={search_term_string}"},"query-input":{"@type":"PropertyValueSpecification","valueRequired":true,"valueName":"search_term_string"}}],"inLanguage":"es"},{"@type":"Organization","@id":"https:\/\/www.musculoesqueleticousp.com.br\/en\/#organization","name":"P\u00f3s-Gradua\u00e7\u00e3o em Ci\u00eancias do Sistema Musculoesquel\u00e9tico","url":"https:\/\/www.musculoesqueleticousp.com.br\/en\/","logo":{"@type":"ImageObject","inLanguage":"es","@id":"https:\/\/www.musculoesqueleticousp.com.br\/en\/#\/schema\/logo\/image\/","url":"https:\/\/www.musculoesqueleticousp.com.br\/wp-content\/uploads\/2020\/04\/logo_pg_cme_v3_h120.png","contentUrl":"https:\/\/www.musculoesqueleticousp.com.br\/wp-content\/uploads\/2020\/04\/logo_pg_cme_v3_h120.png","width":481,"height":120,"caption":"P\u00f3s-Gradua\u00e7\u00e3o em Ci\u00eancias do Sistema Musculoesquel\u00e9tico"},"image":{"@id":"https:\/\/www.musculoesqueleticousp.com.br\/en\/#\/schema\/logo\/image\/"}}]}},"_links":{"self":[{"href":"https:\/\/www.musculoesqueleticousp.com.br\/es\/wp-json\/wp\/v2\/pages\/15","targetHints":{"allow":["GET"]}}],"collection":[{"href":"https:\/\/www.musculoesqueleticousp.com.br\/es\/wp-json\/wp\/v2\/pages"}],"about":[{"href":"https:\/\/www.musculoesqueleticousp.com.br\/es\/wp-json\/wp\/v2\/types\/page"}],"author":[{"embeddable":true,"href":"https:\/\/www.musculoesqueleticousp.com.br\/es\/wp-json\/wp\/v2\/users\/1"}],"replies":[{"embeddable":true,"href":"https:\/\/www.musculoesqueleticousp.com.br\/es\/wp-json\/wp\/v2\/comments?post=15"}],"version-history":[{"count":3,"href":"https:\/\/www.musculoesqueleticousp.com.br\/es\/wp-json\/wp\/v2\/pages\/15\/revisions"}],"predecessor-version":[{"id":1250,"href":"https:\/\/www.musculoesqueleticousp.com.br\/es\/wp-json\/wp\/v2\/pages\/15\/revisions\/1250"}],"wp:attachment":[{"href":"https:\/\/www.musculoesqueleticousp.com.br\/es\/wp-json\/wp\/v2\/media?parent=15"}],"curies":[{"name":"wp","href":"https:\/\/api.w.org\/{rel}","templated":true}]}}