{"id":869,"date":"2020-09-22T08:37:05","date_gmt":"2020-09-22T11:37:05","guid":{"rendered":"https:\/\/www.musculoesqueleticousp.com.br\/?page_id=869"},"modified":"2024-06-18T16:54:59","modified_gmt":"2024-06-18T19:54:59","slug":"sandra-gofinet-pasoto","status":"publish","type":"page","link":"https:\/\/www.musculoesqueleticousp.com.br\/en\/pesquisas\/orientadores\/sandra-gofinet-pasoto\/","title":{"rendered":"Sandra Gofinet Pasoto"},"content":{"rendered":"<p><strong><img loading=\"lazy\" decoding=\"async\" class=\"alignleft wp-image-870\" src=\"https:\/\/www.musculoesqueleticousp.com.br\/wp-content\/uploads\/2020\/09\/FOTO_SANDRA-GOFINET-PASOTO-209x300.jpg\" alt=\"\" width=\"157\" height=\"226\" srcset=\"https:\/\/www.musculoesqueleticousp.com.br\/wp-content\/uploads\/2020\/09\/FOTO_SANDRA-GOFINET-PASOTO-209x300.jpg 209w, https:\/\/www.musculoesqueleticousp.com.br\/wp-content\/uploads\/2020\/09\/FOTO_SANDRA-GOFINET-PASOTO-102x146.jpg 102w, https:\/\/www.musculoesqueleticousp.com.br\/wp-content\/uploads\/2020\/09\/FOTO_SANDRA-GOFINET-PASOTO-35x50.jpg 35w, https:\/\/www.musculoesqueleticousp.com.br\/wp-content\/uploads\/2020\/09\/FOTO_SANDRA-GOFINET-PASOTO-52x75.jpg 52w, https:\/\/www.musculoesqueleticousp.com.br\/wp-content\/uploads\/2020\/09\/FOTO_SANDRA-GOFINET-PASOTO.jpg 608w\" sizes=\"auto, (max-width: 157px) 100vw, 157px\" \/>Livre Docente:<\/strong> PhD<br \/>\n<strong>E-mail: <\/strong><a href=\"sandra.pasoto@hc.fm.usp.br\">sandra.pasoto@hc.fm.usp.br<\/a><br \/>\n<strong>Lattes:<\/strong> <a href=\"http:\/\/lattes.cnpq.br\/2825364157697922\" target=\"_blank\" rel=\"noopener noreferrer\">http:\/\/lattes.cnpq.br\/2825364157697922<\/a><br \/>\n<strong>Orcid<\/strong>: ID\u00a0 0000-0002-7343-6804<strong> &#8211; <\/strong><a href=\"https:\/\/orcid.org\/0000-0002-7343-6804\">https:\/\/orcid.org\/0000-0002-7343-6804<\/a><br \/>\n<strong>Scopus<\/strong>: ID 16027582400\u00a0 &#8211;<a href=\"https:\/\/www.scopus.com\/authid\/detail.uri?authorId=16027582400\">https:\/\/www.scopus.com\/authid\/detail.uri?authorId=16027582400<\/a><br \/>\n<strong>Google Scholar<\/strong>:\u00a0 ID K1lcdwa4soQC &#8211; <a href=\"https:\/\/scholar.google.com.br\/citations?user=K1lcdwa4soQC&amp;hl=pt-BR&amp;oi=ao\">https:\/\/scholar.google.com.br\/citations?user=K1lcdwa4soQC&amp;hl=pt-BR&amp;oi=ao<\/a><br \/>\n<strong>Research ID<\/strong>: E-1213-2012 &#8211; <a href=\"https:\/\/publons.com\/researcher\/2733417\/sandra-g-pasoto\/\">https:\/\/publons.com\/researcher\/2733417\/sandra-g-pasoto\/<\/a><\/p>\n<h2><strong>Line of research: \u00a0<\/strong><\/h2>\n<p>Sj\u00f6gren\u2019s syndrome, systemic lupus erythematosus<\/p>\n<h2><strong>Summary<\/strong><\/h2>\n<p>I have 3 lines of research: Sj\u00f6gren\u2019s syndrome, systemic lupus erythematosus and autoantibodies. Since I earned my Master\u2019s (1994-1997) and also my Doctorate (1999-2002), I have dedicated myself to the study of systemic lupus erythematosus, especially to the clinical aspects, autoantibody profile and, more recently, to its treatment. Since 2009, when I assumed the coordination of the Sj\u00f6gren\u2019s Syndrome Outpatient Clinic of the Hospital das Cl\u00ednicas HCFMUSP, University of S\u00e3o Paulo Medical School, I have been studying this disease in relation to its clinical aspects, autoantibodies, comorbidities and, more recently, its treatment. In 2019, I completed a post-doctorate in Sj\u00f6gren\u2019s syndrome with the supervision of Prof. Dr. Eloisa Bonfa. I have participated in international cooperations in systemic lupus erythematosus and Sj\u00f6gren\u2019s syndrome that have resulted in the publication of several works in indexed periodicals.<\/p>\n<h2><b>Relevant Articles<\/b><\/h2>\n<ol>\n<li>Pedrosa TN, Pasoto SG, Aikawa NE, Yuki EF, Borba EF, Filho JCF, Carricondo PC, Zanetti CB, Conde PG, Duarte NJ, Fontoura N, Romano P, Carvalho VM, Silva CA, Bonfa E. Understanding the dynamics of hydroxychloroquine blood levels in lupus nephritis. Lupus. 2020 May;29(6):560-568. doi: 10.1177\/0961203320912832.<\/li>\n<li>Guedes LKN, Leon EP, Bocate TS, Bonfigliolli KR, Louren\u00e7o SV, Bonfa E, Pasoto SG. Characterizing hand and wrist ultrasound pattern in primary Sj\u00f6gren&#8217;s syndrome: a case-control study. Clin Rheumatol. 2020 Jun;39(6):1907-1918. doi: 10.1007\/s10067-020-04983-y.<\/li>\n<li>Brito-Zer\u00f3n P, Acar-Denizli N, Ng WF, Horv\u00e1th IF, Rasmussen A, Seror R, Li X, Baldini C, Gottenberg JE, Danda D, Quartuccio L, Priori R, Hernandez-Molina G, Armagan B, Kruize AA, Kwok SK, Kvarnstrom M, Praprotnik S, Sene D, Gerli R, Solans R, Rischmueller M, Mandl T, Suzuki Y, Isenberg D, Valim V, Wiland P, Nordmark G, Fraile G, Bootsma H, Nakamura H, Giacomelli R, Devauchelle-Pensec V, Hofauer B, Bombardieri M, Trevisani VFM, Hammenfors D, Pasoto SG, Retamozo S, Gheita TA, Atzeni F, Morel J, Vollenweider C, Zeher M, Sivils K, Xu B, Bombardieri S, Sandhya P, De Vita S, Minniti A, S\u00e1nchez-Guerrero J, Kilic L, van der Heijden E, Park SH, Wahren-Herlenius M, Mariette X, Ramos-Casals M; Sj\u00f6gren Big Data Consortium. Epidemiological profile and north-south gradient driving baseline systemic involvement of primary Sj\u00f6gren&#8217;s syndrome. heumatology (Oxford). 2020 Sep 1;59(9):2350-2359. doi: 10.1093\/rheumatology\/kez578.<\/li>\n<li>Hammenfors DS, Valim V, Bica BERG, Pasoto SG, Lilleby V, Nieto-Gonz\u00e1lez JC, Silva CA, Mossel E, Pereira RMR, Coelho A, Bootsma H, Thatayatikom A, Brun JG, Jonsson MV. Juvenile Sj\u00f6gren&#8217;s Syndrome: Clinical Characteristics With Focus on Salivary Gland Ultrasonography. Arthritis Care Res (Hoboken). 2020;72(1):78-87. doi: 10.1002\/acr.23839.<\/li>\n<li>Pasoto SG, Augusto KL, Alvarenga JC, Takayama L, Oliveira RM, Bonfa E, Pereira RM. Cortical bone density and thickness alterations by high-resolution peripheral quantitative computed tomography: association with vertebral fractures in primary Sj\u00f6gren&#8217;s syndrome. Rheumatology (Oxford). 2016 ;55(12):2200-2211. doi: 10.1093\/rheumatology\/kew332.<\/li>\n<\/ol>\n<p>&nbsp;<\/p>\n<h2><strong>PROJETOS ORIENTADOR\/ LINHA<\/strong><\/h2>\n<p><strong>Linha 6. SISTEMA IMUNE E AUTOIMUNE<br \/>\n<\/strong><strong>PROJETO SANDRA GOFINET:<\/strong> COLABORA\u00c7\u00c3O PARA O ESTUDO DA DOEN\u00c7A DE SJ\u00d6GREN E DO L\u00daPUS ERITEMATOSO SIST\u00caMICO: CARACTERIZA\u00c7\u00c3O DE FEN\u00d3TIPOS CL\u00cdNICOS, PRODU\u00c7\u00c3O DE AUTOANTICORPOS, COMORBIDADES, FATORES PROGN\u00d3STICOS E TRATAMENTO.<\/p>","protected":false},"excerpt":{"rendered":"<p>Livre Docente: PhD E-mail: sandra.pasoto@hc.fm.usp.br Lattes: http:\/\/lattes.cnpq.br\/2825364157697922 Orcid: ID\u00a0 0000-0002-7343-6804 &#8211; https:\/\/orcid.org\/0000-0002-7343-6804 Scopus: ID 16027582400\u00a0 &#8211;https:\/\/www.scopus.com\/authid\/detail.uri?authorId=16027582400 Google Scholar:\u00a0 ID K1lcdwa4soQC &#8211; https:\/\/scholar.google.com.br\/citations?user=K1lcdwa4soQC&amp;hl=pt-BR&amp;oi=ao Research ID: E-1213-2012 &#8211; [&hellip;]<\/p>\n","protected":false},"author":3,"featured_media":0,"parent":25,"menu_order":0,"comment_status":"closed","ping_status":"closed","template":"","meta":{"footnotes":""},"class_list":["post-869","page","type-page","status-publish","hentry"],"yoast_head":"<!-- This site is optimized with the Yoast SEO plugin v25.5 - https:\/\/yoast.com\/wordpress\/plugins\/seo\/ -->\n<title>Sandra Gofinet Pasoto - P\u00f3s-Gradua\u00e7\u00e3o em Ci\u00eancias do Sistema Musculoesquel\u00e9tico<\/title>\n<meta name=\"robots\" content=\"index, follow, max-snippet:-1, max-image-preview:large, max-video-preview:-1\" \/>\n<link rel=\"canonical\" href=\"https:\/\/www.musculoesqueleticousp.com.br\/pesquisas\/orientadores\/sandra-gofinet-pasoto\/\" \/>\n<meta property=\"og:locale\" content=\"en_US\" \/>\n<meta property=\"og:type\" content=\"article\" \/>\n<meta property=\"og:title\" content=\"Sandra Gofinet Pasoto - P\u00f3s-Gradua\u00e7\u00e3o em Ci\u00eancias do Sistema Musculoesquel\u00e9tico\" \/>\n<meta property=\"og:description\" content=\"Livre Docente: PhD E-mail: sandra.pasoto@hc.fm.usp.br Lattes: http:\/\/lattes.cnpq.br\/2825364157697922 Orcid: ID\u00a0 0000-0002-7343-6804 &#8211; https:\/\/orcid.org\/0000-0002-7343-6804 Scopus: ID 16027582400\u00a0 &#8211;https:\/\/www.scopus.com\/authid\/detail.uri?authorId=16027582400 Google Scholar:\u00a0 ID K1lcdwa4soQC &#8211; https:\/\/scholar.google.com.br\/citations?user=K1lcdwa4soQC&amp;hl=pt-BR&amp;oi=ao Research ID: E-1213-2012 &#8211; [&hellip;]\" \/>\n<meta property=\"og:url\" content=\"https:\/\/www.musculoesqueleticousp.com.br\/pesquisas\/orientadores\/sandra-gofinet-pasoto\/\" \/>\n<meta property=\"og:site_name\" content=\"P\u00f3s-Gradua\u00e7\u00e3o em Ci\u00eancias do Sistema Musculoesquel\u00e9tico\" \/>\n<meta property=\"article:modified_time\" content=\"2024-06-18T19:54:59+00:00\" \/>\n<meta property=\"og:image\" content=\"https:\/\/www.musculoesqueleticousp.com.br\/wp-content\/uploads\/2020\/09\/FOTO_SANDRA-GOFINET-PASOTO-209x300.jpg\" \/>\n<meta name=\"twitter:card\" content=\"summary_large_image\" \/>\n<meta name=\"twitter:label1\" content=\"Est. reading time\" \/>\n\t<meta name=\"twitter:data1\" content=\"9 minutes\" \/>\n<script type=\"application\/ld+json\" class=\"yoast-schema-graph\">{\"@context\":\"https:\/\/schema.org\",\"@graph\":[{\"@type\":\"WebPage\",\"@id\":\"https:\/\/www.musculoesqueleticousp.com.br\/pesquisas\/orientadores\/sandra-gofinet-pasoto\/\",\"url\":\"https:\/\/www.musculoesqueleticousp.com.br\/pesquisas\/orientadores\/sandra-gofinet-pasoto\/\",\"name\":\"Sandra Gofinet Pasoto - P\u00f3s-Gradua\u00e7\u00e3o em Ci\u00eancias do Sistema Musculoesquel\u00e9tico\",\"isPartOf\":{\"@id\":\"https:\/\/www.musculoesqueleticousp.com.br\/en\/#website\"},\"primaryImageOfPage\":{\"@id\":\"https:\/\/www.musculoesqueleticousp.com.br\/pesquisas\/orientadores\/sandra-gofinet-pasoto\/#primaryimage\"},\"image\":{\"@id\":\"https:\/\/www.musculoesqueleticousp.com.br\/pesquisas\/orientadores\/sandra-gofinet-pasoto\/#primaryimage\"},\"thumbnailUrl\":\"https:\/\/www.musculoesqueleticousp.com.br\/wp-content\/uploads\/2020\/09\/FOTO_SANDRA-GOFINET-PASOTO-209x300.jpg\",\"datePublished\":\"2020-09-22T11:37:05+00:00\",\"dateModified\":\"2024-06-18T19:54:59+00:00\",\"breadcrumb\":{\"@id\":\"https:\/\/www.musculoesqueleticousp.com.br\/pesquisas\/orientadores\/sandra-gofinet-pasoto\/#breadcrumb\"},\"inLanguage\":\"en-US\",\"potentialAction\":[{\"@type\":\"ReadAction\",\"target\":[\"https:\/\/www.musculoesqueleticousp.com.br\/pesquisas\/orientadores\/sandra-gofinet-pasoto\/\"]}]},{\"@type\":\"ImageObject\",\"inLanguage\":\"en-US\",\"@id\":\"https:\/\/www.musculoesqueleticousp.com.br\/pesquisas\/orientadores\/sandra-gofinet-pasoto\/#primaryimage\",\"url\":\"https:\/\/www.musculoesqueleticousp.com.br\/wp-content\/uploads\/2020\/09\/FOTO_SANDRA-GOFINET-PASOTO-209x300.jpg\",\"contentUrl\":\"https:\/\/www.musculoesqueleticousp.com.br\/wp-content\/uploads\/2020\/09\/FOTO_SANDRA-GOFINET-PASOTO-209x300.jpg\"},{\"@type\":\"BreadcrumbList\",\"@id\":\"https:\/\/www.musculoesqueleticousp.com.br\/pesquisas\/orientadores\/sandra-gofinet-pasoto\/#breadcrumb\",\"itemListElement\":[{\"@type\":\"ListItem\",\"position\":1,\"name\":\"Home\",\"item\":\"https:\/\/www.musculoesqueleticousp.com.br\/en\/\"},{\"@type\":\"ListItem\",\"position\":2,\"name\":\"Research\",\"item\":\"https:\/\/www.musculoesqueleticousp.com.br\/en\/pesquisas\/\"},{\"@type\":\"ListItem\",\"position\":3,\"name\":\"Orientadores\",\"item\":\"https:\/\/www.musculoesqueleticousp.com.br\/pesquisas\/orientadores\/\"},{\"@type\":\"ListItem\",\"position\":4,\"name\":\"Sandra Gofinet Pasoto\"}]},{\"@type\":\"WebSite\",\"@id\":\"https:\/\/www.musculoesqueleticousp.com.br\/en\/#website\",\"url\":\"https:\/\/www.musculoesqueleticousp.com.br\/en\/\",\"name\":\"P\u00f3s-Gradua\u00e7\u00e3o em Ci\u00eancias do Sistema Musculoesquel\u00e9tico\",\"description\":\"Website do P\u00f3s-Gradua\u00e7\u00e3o em Ci\u00eancias do Sistema Musculoesquel\u00e9tico\",\"publisher\":{\"@id\":\"https:\/\/www.musculoesqueleticousp.com.br\/en\/#organization\"},\"potentialAction\":[{\"@type\":\"SearchAction\",\"target\":{\"@type\":\"EntryPoint\",\"urlTemplate\":\"https:\/\/www.musculoesqueleticousp.com.br\/en\/?s={search_term_string}\"},\"query-input\":{\"@type\":\"PropertyValueSpecification\",\"valueRequired\":true,\"valueName\":\"search_term_string\"}}],\"inLanguage\":\"en-US\"},{\"@type\":\"Organization\",\"@id\":\"https:\/\/www.musculoesqueleticousp.com.br\/en\/#organization\",\"name\":\"P\u00f3s-Gradua\u00e7\u00e3o em Ci\u00eancias do Sistema Musculoesquel\u00e9tico\",\"url\":\"https:\/\/www.musculoesqueleticousp.com.br\/en\/\",\"logo\":{\"@type\":\"ImageObject\",\"inLanguage\":\"en-US\",\"@id\":\"https:\/\/www.musculoesqueleticousp.com.br\/en\/#\/schema\/logo\/image\/\",\"url\":\"https:\/\/www.musculoesqueleticousp.com.br\/wp-content\/uploads\/2020\/04\/logo_pg_cme_v3_h120.png\",\"contentUrl\":\"https:\/\/www.musculoesqueleticousp.com.br\/wp-content\/uploads\/2020\/04\/logo_pg_cme_v3_h120.png\",\"width\":481,\"height\":120,\"caption\":\"P\u00f3s-Gradua\u00e7\u00e3o em Ci\u00eancias do Sistema Musculoesquel\u00e9tico\"},\"image\":{\"@id\":\"https:\/\/www.musculoesqueleticousp.com.br\/en\/#\/schema\/logo\/image\/\"}}]}<\/script>\n<!-- \/ Yoast SEO plugin. -->","yoast_head_json":{"title":"Sandra Gofinet Pasoto - P\u00f3s-Gradua\u00e7\u00e3o em Ci\u00eancias do Sistema Musculoesquel\u00e9tico","robots":{"index":"index","follow":"follow","max-snippet":"max-snippet:-1","max-image-preview":"max-image-preview:large","max-video-preview":"max-video-preview:-1"},"canonical":"https:\/\/www.musculoesqueleticousp.com.br\/pesquisas\/orientadores\/sandra-gofinet-pasoto\/","og_locale":"en_US","og_type":"article","og_title":"Sandra Gofinet Pasoto - P\u00f3s-Gradua\u00e7\u00e3o em Ci\u00eancias do Sistema Musculoesquel\u00e9tico","og_description":"Livre Docente: PhD E-mail: sandra.pasoto@hc.fm.usp.br Lattes: http:\/\/lattes.cnpq.br\/2825364157697922 Orcid: ID\u00a0 0000-0002-7343-6804 &#8211; https:\/\/orcid.org\/0000-0002-7343-6804 Scopus: ID 16027582400\u00a0 &#8211;https:\/\/www.scopus.com\/authid\/detail.uri?authorId=16027582400 Google Scholar:\u00a0 ID K1lcdwa4soQC &#8211; https:\/\/scholar.google.com.br\/citations?user=K1lcdwa4soQC&amp;hl=pt-BR&amp;oi=ao Research ID: E-1213-2012 &#8211; [&hellip;]","og_url":"https:\/\/www.musculoesqueleticousp.com.br\/pesquisas\/orientadores\/sandra-gofinet-pasoto\/","og_site_name":"P\u00f3s-Gradua\u00e7\u00e3o em Ci\u00eancias do Sistema Musculoesquel\u00e9tico","article_modified_time":"2024-06-18T19:54:59+00:00","og_image":[{"url":"https:\/\/www.musculoesqueleticousp.com.br\/wp-content\/uploads\/2020\/09\/FOTO_SANDRA-GOFINET-PASOTO-209x300.jpg","type":"","width":"","height":""}],"twitter_card":"summary_large_image","twitter_misc":{"Est. reading time":"9 minutes"},"schema":{"@context":"https:\/\/schema.org","@graph":[{"@type":"WebPage","@id":"https:\/\/www.musculoesqueleticousp.com.br\/pesquisas\/orientadores\/sandra-gofinet-pasoto\/","url":"https:\/\/www.musculoesqueleticousp.com.br\/pesquisas\/orientadores\/sandra-gofinet-pasoto\/","name":"Sandra Gofinet Pasoto - P\u00f3s-Gradua\u00e7\u00e3o em Ci\u00eancias do Sistema Musculoesquel\u00e9tico","isPartOf":{"@id":"https:\/\/www.musculoesqueleticousp.com.br\/en\/#website"},"primaryImageOfPage":{"@id":"https:\/\/www.musculoesqueleticousp.com.br\/pesquisas\/orientadores\/sandra-gofinet-pasoto\/#primaryimage"},"image":{"@id":"https:\/\/www.musculoesqueleticousp.com.br\/pesquisas\/orientadores\/sandra-gofinet-pasoto\/#primaryimage"},"thumbnailUrl":"https:\/\/www.musculoesqueleticousp.com.br\/wp-content\/uploads\/2020\/09\/FOTO_SANDRA-GOFINET-PASOTO-209x300.jpg","datePublished":"2020-09-22T11:37:05+00:00","dateModified":"2024-06-18T19:54:59+00:00","breadcrumb":{"@id":"https:\/\/www.musculoesqueleticousp.com.br\/pesquisas\/orientadores\/sandra-gofinet-pasoto\/#breadcrumb"},"inLanguage":"en-US","potentialAction":[{"@type":"ReadAction","target":["https:\/\/www.musculoesqueleticousp.com.br\/pesquisas\/orientadores\/sandra-gofinet-pasoto\/"]}]},{"@type":"ImageObject","inLanguage":"en-US","@id":"https:\/\/www.musculoesqueleticousp.com.br\/pesquisas\/orientadores\/sandra-gofinet-pasoto\/#primaryimage","url":"https:\/\/www.musculoesqueleticousp.com.br\/wp-content\/uploads\/2020\/09\/FOTO_SANDRA-GOFINET-PASOTO-209x300.jpg","contentUrl":"https:\/\/www.musculoesqueleticousp.com.br\/wp-content\/uploads\/2020\/09\/FOTO_SANDRA-GOFINET-PASOTO-209x300.jpg"},{"@type":"BreadcrumbList","@id":"https:\/\/www.musculoesqueleticousp.com.br\/pesquisas\/orientadores\/sandra-gofinet-pasoto\/#breadcrumb","itemListElement":[{"@type":"ListItem","position":1,"name":"Home","item":"https:\/\/www.musculoesqueleticousp.com.br\/en\/"},{"@type":"ListItem","position":2,"name":"Research","item":"https:\/\/www.musculoesqueleticousp.com.br\/en\/pesquisas\/"},{"@type":"ListItem","position":3,"name":"Orientadores","item":"https:\/\/www.musculoesqueleticousp.com.br\/pesquisas\/orientadores\/"},{"@type":"ListItem","position":4,"name":"Sandra Gofinet Pasoto"}]},{"@type":"WebSite","@id":"https:\/\/www.musculoesqueleticousp.com.br\/en\/#website","url":"https:\/\/www.musculoesqueleticousp.com.br\/en\/","name":"P\u00f3s-Gradua\u00e7\u00e3o em Ci\u00eancias do Sistema Musculoesquel\u00e9tico","description":"Website do P\u00f3s-Gradua\u00e7\u00e3o em Ci\u00eancias do Sistema Musculoesquel\u00e9tico","publisher":{"@id":"https:\/\/www.musculoesqueleticousp.com.br\/en\/#organization"},"potentialAction":[{"@type":"SearchAction","target":{"@type":"EntryPoint","urlTemplate":"https:\/\/www.musculoesqueleticousp.com.br\/en\/?s={search_term_string}"},"query-input":{"@type":"PropertyValueSpecification","valueRequired":true,"valueName":"search_term_string"}}],"inLanguage":"en-US"},{"@type":"Organization","@id":"https:\/\/www.musculoesqueleticousp.com.br\/en\/#organization","name":"P\u00f3s-Gradua\u00e7\u00e3o em Ci\u00eancias do Sistema Musculoesquel\u00e9tico","url":"https:\/\/www.musculoesqueleticousp.com.br\/en\/","logo":{"@type":"ImageObject","inLanguage":"en-US","@id":"https:\/\/www.musculoesqueleticousp.com.br\/en\/#\/schema\/logo\/image\/","url":"https:\/\/www.musculoesqueleticousp.com.br\/wp-content\/uploads\/2020\/04\/logo_pg_cme_v3_h120.png","contentUrl":"https:\/\/www.musculoesqueleticousp.com.br\/wp-content\/uploads\/2020\/04\/logo_pg_cme_v3_h120.png","width":481,"height":120,"caption":"P\u00f3s-Gradua\u00e7\u00e3o em Ci\u00eancias do Sistema Musculoesquel\u00e9tico"},"image":{"@id":"https:\/\/www.musculoesqueleticousp.com.br\/en\/#\/schema\/logo\/image\/"}}]}},"_links":{"self":[{"href":"https:\/\/www.musculoesqueleticousp.com.br\/en\/wp-json\/wp\/v2\/pages\/869","targetHints":{"allow":["GET"]}}],"collection":[{"href":"https:\/\/www.musculoesqueleticousp.com.br\/en\/wp-json\/wp\/v2\/pages"}],"about":[{"href":"https:\/\/www.musculoesqueleticousp.com.br\/en\/wp-json\/wp\/v2\/types\/page"}],"author":[{"embeddable":true,"href":"https:\/\/www.musculoesqueleticousp.com.br\/en\/wp-json\/wp\/v2\/users\/3"}],"replies":[{"embeddable":true,"href":"https:\/\/www.musculoesqueleticousp.com.br\/en\/wp-json\/wp\/v2\/comments?post=869"}],"version-history":[{"count":11,"href":"https:\/\/www.musculoesqueleticousp.com.br\/en\/wp-json\/wp\/v2\/pages\/869\/revisions"}],"predecessor-version":[{"id":2860,"href":"https:\/\/www.musculoesqueleticousp.com.br\/en\/wp-json\/wp\/v2\/pages\/869\/revisions\/2860"}],"up":[{"embeddable":true,"href":"https:\/\/www.musculoesqueleticousp.com.br\/en\/wp-json\/wp\/v2\/pages\/25"}],"wp:attachment":[{"href":"https:\/\/www.musculoesqueleticousp.com.br\/en\/wp-json\/wp\/v2\/media?parent=869"}],"curies":[{"name":"wp","href":"https:\/\/api.w.org\/{rel}","templated":true}]}}