{"id":689,"date":"2020-06-18T14:49:44","date_gmt":"2020-06-18T17:49:44","guid":{"rendered":"http:\/\/www.musculoesqueleticousp.com.br\/?page_id=689"},"modified":"2024-06-28T09:31:29","modified_gmt":"2024-06-28T12:31:29","slug":"ana-lucia-lei-munhoz-lima","status":"publish","type":"page","link":"https:\/\/www.musculoesqueleticousp.com.br\/en\/pesquisas\/orientadores\/ana-lucia-lei-munhoz-lima\/","title":{"rendered":"Ana Lucia Lei Munhoz Lima"},"content":{"rendered":"<p><strong><img loading=\"lazy\" decoding=\"async\" class=\"alignleft wp-image-690\" src=\"http:\/\/www.musculoesqueleticousp.com.br\/wp-content\/uploads\/2020\/06\/FOTO_ANA-LUCIA-LEI-MUNHOZ-LIMA-225x300.jpg\" alt=\"\" width=\"157\" height=\"209\" srcset=\"https:\/\/www.musculoesqueleticousp.com.br\/wp-content\/uploads\/2020\/06\/FOTO_ANA-LUCIA-LEI-MUNHOZ-LIMA-225x300.jpg 225w, https:\/\/www.musculoesqueleticousp.com.br\/wp-content\/uploads\/2020\/06\/FOTO_ANA-LUCIA-LEI-MUNHOZ-LIMA-110x146.jpg 110w, https:\/\/www.musculoesqueleticousp.com.br\/wp-content\/uploads\/2020\/06\/FOTO_ANA-LUCIA-LEI-MUNHOZ-LIMA-38x50.jpg 38w, https:\/\/www.musculoesqueleticousp.com.br\/wp-content\/uploads\/2020\/06\/FOTO_ANA-LUCIA-LEI-MUNHOZ-LIMA-56x75.jpg 56w, https:\/\/www.musculoesqueleticousp.com.br\/wp-content\/uploads\/2020\/06\/FOTO_ANA-LUCIA-LEI-MUNHOZ-LIMA-rotated.jpg 240w\" sizes=\"auto, (max-width: 157px) 100vw, 157px\" \/><\/strong><\/p>\n<p><strong>Title:<\/strong> Livre Docente<br \/>\n<strong>E-mail: <\/strong><a href=\"ana.munhoz@hc.fm.usp.br\">ana.munhoz@hc.fm.usp.br<\/a><br \/>\n<strong>Lattes: <\/strong><a href=\"http:\/\/lattes.cnpq.br\/7039869537639784\">http:\/\/lattes.cnpq.br\/7039869537639784<\/a><br \/>\n<strong>Orcid: <\/strong><strong>ID<\/strong> 0000-0002-2396-9880 &#8211; <strong>\u00a0<\/strong><a href=\"https:\/\/orcid.org\/0000-0002-2396-9880\">https:\/\/orcid.org\/0000-0002-2396-9880<\/a><br \/>\n<strong>Scopus<\/strong>: ID 35479913800 &#8211; <a href=\"https:\/\/www.scopus.com\/authid\/detail.uri?authorId=35479913800\">https:\/\/www.scopus.com\/authid\/detail.uri?authorId=35479913800<\/a><br \/>\n<strong>Google Scholar<\/strong>: \u00a0ID aVGSXyMAAAAJ &#8211; <a href=\"https:\/\/scholar.google.com.br\/citations?hl=pt-BR&amp;user=aVGSXyMAAAAJ\">https:\/\/scholar.google.com.br\/citations?hl=pt-BR&amp;user=aVGSXyMAAAAJ<\/a><br \/>\n<strong>Research ID:<\/strong> L-7898-2017 &#8211; <a href=\"https:\/\/publons.com\/researcher\/2077389\/ana-munhoz-lima\/\">https:\/\/publons.com\/researcher\/2077389\/ana-munhoz-lima\/<\/a><\/p>\n<h2><strong>Line of research:<\/strong><\/h2>\n<p>Osteoarticular Infections<\/p>\n<h2><strong>Summary<\/strong><\/h2>\n<p style=\"font-weight: 400;\">For many years as head of the IOT-HCFMUSP Infection Service, I have been developing, applying and disseminating knowledge about osteoarticular infections. This line of research is multi-thematic and has involved advising students on master\u2019s dissertations and doctoral theses on infections in joint prostheses, osteomyelitis, infections in patients with neuropathic ulcers, and traumatic orthopedic hospital infections, among others.<\/p>\n<p style=\"font-weight: 400;\">The guidance provided and the knowledge acquired have made it possible to take responsibility for the preparation of the Brazilian and Pan-American Guidelines on such topics, as well as participation in the International Consensus of Musculoskeletal Infections.<\/p>\n<p style=\"font-weight: 400;\">Today, the IOT-HCFMUSP Infection Service has become a Brazilian reference for the study of bone and joint infections and for the training of infectologists and orthopedists working in other Brazilian states.<\/p>\n<h2><strong><b>Relevant Articles<\/b><\/strong><\/h2>\n<ol>\n<li>Oliveira PR, Carvalho VC, Saconi ES, Leonhardt MC, Kojima KE, Santos JS, Rossi F, Lima ALLM. Tigecycline Versus Colistin in the Treatment of Carbapenem-resistantAcinetobacter baumannii Complex Osteomyelitis. J Bone JtInfect. 2020 Feb 21;5(2):60-66. doi: 10.7150\/jbji.42448.<\/li>\n<li>Ascione T, Barrack R, Benito N, Blevins K, Brause B, Cornu O, Frommelt L, Gant V, Goswami K, Hu R, Klement MR, Komnos G, Malhotra R, Mirza Y, Munhoz Lima AL, Nelson C, Noor SS, O&#8217;Malley M, Oussedik S, Portillo ME, Prieto H, Saxena A, Sessa G. General Assembly, Diagnosis, Pathogen Isolation &#8211; Culture Matters: Proceedings of International Consensus on Orthopedic Infections. J Arthroplasty. 2019 Feb;34(2S):S197-S206. doi: 10.1016\/j.arth.2018.09.071.<\/li>\n<li>Oliveira PR, Leonhardt MC, Carvalho VC, Kojima KE, Silva JS, Rossi F, Lima ALL. Incidence and risk factors associated with infection after intramedullary nailing of femoral and tibial diaphyseal fractures: Prospective study. Injury. 2018 Oct;49(10):1905-1911. doi: 10.1016\/j.injury.2018.07.024.<\/li>\n<li>Munhoz Lima ALL, Oliveira PR, Carvalho VC, Godoy-Santos AL, Ejnisman L, Oliveira CR, Uip DE, Duarte MIS. Osteonecrosis of the femoral head in people living with HIV: anatomopathological description and p24 antigen test. HIV AIDS (Auckl). 2018 May 25;10:83-90. doi: 10.2147\/HIV.S162305.<\/li>\n<li>Assun\u00e7\u00e3o JH, Noffs GG, Malavolta EA, Gracitelli MEC, Lima ALM, Ferreira Neto AA. Septic arthritis of the shoulder and elbow: one decade of epidemiological analysis at a tertiary referral hospital. Rev Bras Ortop. 2018 Oct 9;53(6):707-713. doi: 10.1016\/j.rboe.2017.08.025.<\/li>\n<\/ol>\n<p>&nbsp;<\/p>\n<h2><strong>PROJETOS ORIENTADOR\/ LINHA<\/strong><\/h2>\n<p><strong>Linha 3. DIST\u00daRBIOS DEGENERATIVOS, INFLAMAT\u00d3RIOS E ESTRUTURAIS DO SISTEMA LOCOMOTOR<br \/>\n<\/strong><strong>PROJETO ANA LUCIA LIMA:<\/strong> ESTUDOS DAS INFEC\u00c7\u00d5ES ARTICULARES<br \/>\n<strong>PROJETO ANA LUCIA LIMA:<\/strong> ESTUDOS DAS INFEC\u00c7\u00d5ES RELACIONADAS AOS IMPLANTES ORTOP\u00c9DICOS<br \/>\n<strong>PROJETO ANA LUCIA LIMA:<\/strong> ESTUDOS DAS OSTEOMIELITES CR\u00d4NICAS<\/p>","protected":false},"excerpt":{"rendered":"<p>Title: Livre Docente E-mail: ana.munhoz@hc.fm.usp.br Lattes: http:\/\/lattes.cnpq.br\/7039869537639784 Orcid: ID 0000-0002-2396-9880 &#8211; \u00a0https:\/\/orcid.org\/0000-0002-2396-9880 Scopus: ID 35479913800 &#8211; https:\/\/www.scopus.com\/authid\/detail.uri?authorId=35479913800 Google Scholar: \u00a0ID aVGSXyMAAAAJ &#8211; https:\/\/scholar.google.com.br\/citations?hl=pt-BR&amp;user=aVGSXyMAAAAJ Research ID: L-7898-2017 [&hellip;]<\/p>\n","protected":false},"author":3,"featured_media":0,"parent":25,"menu_order":0,"comment_status":"closed","ping_status":"closed","template":"","meta":{"footnotes":""},"class_list":["post-689","page","type-page","status-publish","hentry"],"yoast_head":"<!-- This site is optimized with the Yoast SEO plugin v25.5 - https:\/\/yoast.com\/wordpress\/plugins\/seo\/ -->\n<title>Ana Lucia Lei Munhoz Lima - P\u00f3s-Gradua\u00e7\u00e3o em Ci\u00eancias do Sistema Musculoesquel\u00e9tico<\/title>\n<meta name=\"robots\" content=\"index, follow, max-snippet:-1, max-image-preview:large, max-video-preview:-1\" \/>\n<link rel=\"canonical\" href=\"https:\/\/www.musculoesqueleticousp.com.br\/pesquisas\/orientadores\/ana-lucia-lei-munhoz-lima\/\" \/>\n<meta property=\"og:locale\" content=\"en_US\" \/>\n<meta property=\"og:type\" content=\"article\" \/>\n<meta property=\"og:title\" content=\"Ana Lucia Lei Munhoz Lima - P\u00f3s-Gradua\u00e7\u00e3o em Ci\u00eancias do Sistema Musculoesquel\u00e9tico\" \/>\n<meta property=\"og:description\" content=\"Title: Livre Docente E-mail: ana.munhoz@hc.fm.usp.br Lattes: http:\/\/lattes.cnpq.br\/7039869537639784 Orcid: ID 0000-0002-2396-9880 &#8211; \u00a0https:\/\/orcid.org\/0000-0002-2396-9880 Scopus: ID 35479913800 &#8211; https:\/\/www.scopus.com\/authid\/detail.uri?authorId=35479913800 Google Scholar: \u00a0ID aVGSXyMAAAAJ &#8211; https:\/\/scholar.google.com.br\/citations?hl=pt-BR&amp;user=aVGSXyMAAAAJ Research ID: L-7898-2017 [&hellip;]\" \/>\n<meta property=\"og:url\" content=\"https:\/\/www.musculoesqueleticousp.com.br\/pesquisas\/orientadores\/ana-lucia-lei-munhoz-lima\/\" \/>\n<meta property=\"og:site_name\" content=\"P\u00f3s-Gradua\u00e7\u00e3o em Ci\u00eancias do Sistema Musculoesquel\u00e9tico\" \/>\n<meta property=\"article:modified_time\" content=\"2024-06-28T12:31:29+00:00\" \/>\n<meta property=\"og:image\" content=\"http:\/\/www.musculoesqueleticousp.com.br\/wp-content\/uploads\/2020\/06\/FOTO_ANA-LUCIA-LEI-MUNHOZ-LIMA-225x300.jpg\" \/>\n<meta name=\"twitter:card\" content=\"summary_large_image\" \/>\n<meta name=\"twitter:label1\" content=\"Est. reading time\" \/>\n\t<meta name=\"twitter:data1\" content=\"7 minutes\" \/>\n<script type=\"application\/ld+json\" class=\"yoast-schema-graph\">{\"@context\":\"https:\/\/schema.org\",\"@graph\":[{\"@type\":\"WebPage\",\"@id\":\"https:\/\/www.musculoesqueleticousp.com.br\/pesquisas\/orientadores\/ana-lucia-lei-munhoz-lima\/\",\"url\":\"https:\/\/www.musculoesqueleticousp.com.br\/pesquisas\/orientadores\/ana-lucia-lei-munhoz-lima\/\",\"name\":\"Ana Lucia Lei Munhoz Lima - P\u00f3s-Gradua\u00e7\u00e3o em Ci\u00eancias do Sistema Musculoesquel\u00e9tico\",\"isPartOf\":{\"@id\":\"https:\/\/www.musculoesqueleticousp.com.br\/en\/#website\"},\"primaryImageOfPage\":{\"@id\":\"https:\/\/www.musculoesqueleticousp.com.br\/pesquisas\/orientadores\/ana-lucia-lei-munhoz-lima\/#primaryimage\"},\"image\":{\"@id\":\"https:\/\/www.musculoesqueleticousp.com.br\/pesquisas\/orientadores\/ana-lucia-lei-munhoz-lima\/#primaryimage\"},\"thumbnailUrl\":\"http:\/\/www.musculoesqueleticousp.com.br\/wp-content\/uploads\/2020\/06\/FOTO_ANA-LUCIA-LEI-MUNHOZ-LIMA-225x300.jpg\",\"datePublished\":\"2020-06-18T17:49:44+00:00\",\"dateModified\":\"2024-06-28T12:31:29+00:00\",\"breadcrumb\":{\"@id\":\"https:\/\/www.musculoesqueleticousp.com.br\/pesquisas\/orientadores\/ana-lucia-lei-munhoz-lima\/#breadcrumb\"},\"inLanguage\":\"en-US\",\"potentialAction\":[{\"@type\":\"ReadAction\",\"target\":[\"https:\/\/www.musculoesqueleticousp.com.br\/pesquisas\/orientadores\/ana-lucia-lei-munhoz-lima\/\"]}]},{\"@type\":\"ImageObject\",\"inLanguage\":\"en-US\",\"@id\":\"https:\/\/www.musculoesqueleticousp.com.br\/pesquisas\/orientadores\/ana-lucia-lei-munhoz-lima\/#primaryimage\",\"url\":\"http:\/\/www.musculoesqueleticousp.com.br\/wp-content\/uploads\/2020\/06\/FOTO_ANA-LUCIA-LEI-MUNHOZ-LIMA-225x300.jpg\",\"contentUrl\":\"http:\/\/www.musculoesqueleticousp.com.br\/wp-content\/uploads\/2020\/06\/FOTO_ANA-LUCIA-LEI-MUNHOZ-LIMA-225x300.jpg\"},{\"@type\":\"BreadcrumbList\",\"@id\":\"https:\/\/www.musculoesqueleticousp.com.br\/pesquisas\/orientadores\/ana-lucia-lei-munhoz-lima\/#breadcrumb\",\"itemListElement\":[{\"@type\":\"ListItem\",\"position\":1,\"name\":\"Home\",\"item\":\"https:\/\/www.musculoesqueleticousp.com.br\/en\/\"},{\"@type\":\"ListItem\",\"position\":2,\"name\":\"Research\",\"item\":\"https:\/\/www.musculoesqueleticousp.com.br\/en\/pesquisas\/\"},{\"@type\":\"ListItem\",\"position\":3,\"name\":\"Orientadores\",\"item\":\"https:\/\/www.musculoesqueleticousp.com.br\/pesquisas\/orientadores\/\"},{\"@type\":\"ListItem\",\"position\":4,\"name\":\"Ana Lucia Lei Munhoz Lima\"}]},{\"@type\":\"WebSite\",\"@id\":\"https:\/\/www.musculoesqueleticousp.com.br\/en\/#website\",\"url\":\"https:\/\/www.musculoesqueleticousp.com.br\/en\/\",\"name\":\"P\u00f3s-Gradua\u00e7\u00e3o em Ci\u00eancias do Sistema Musculoesquel\u00e9tico\",\"description\":\"Website do P\u00f3s-Gradua\u00e7\u00e3o em Ci\u00eancias do Sistema Musculoesquel\u00e9tico\",\"publisher\":{\"@id\":\"https:\/\/www.musculoesqueleticousp.com.br\/en\/#organization\"},\"potentialAction\":[{\"@type\":\"SearchAction\",\"target\":{\"@type\":\"EntryPoint\",\"urlTemplate\":\"https:\/\/www.musculoesqueleticousp.com.br\/en\/?s={search_term_string}\"},\"query-input\":{\"@type\":\"PropertyValueSpecification\",\"valueRequired\":true,\"valueName\":\"search_term_string\"}}],\"inLanguage\":\"en-US\"},{\"@type\":\"Organization\",\"@id\":\"https:\/\/www.musculoesqueleticousp.com.br\/en\/#organization\",\"name\":\"P\u00f3s-Gradua\u00e7\u00e3o em Ci\u00eancias do Sistema Musculoesquel\u00e9tico\",\"url\":\"https:\/\/www.musculoesqueleticousp.com.br\/en\/\",\"logo\":{\"@type\":\"ImageObject\",\"inLanguage\":\"en-US\",\"@id\":\"https:\/\/www.musculoesqueleticousp.com.br\/en\/#\/schema\/logo\/image\/\",\"url\":\"https:\/\/www.musculoesqueleticousp.com.br\/wp-content\/uploads\/2020\/04\/logo_pg_cme_v3_h120.png\",\"contentUrl\":\"https:\/\/www.musculoesqueleticousp.com.br\/wp-content\/uploads\/2020\/04\/logo_pg_cme_v3_h120.png\",\"width\":481,\"height\":120,\"caption\":\"P\u00f3s-Gradua\u00e7\u00e3o em Ci\u00eancias do Sistema Musculoesquel\u00e9tico\"},\"image\":{\"@id\":\"https:\/\/www.musculoesqueleticousp.com.br\/en\/#\/schema\/logo\/image\/\"}}]}<\/script>\n<!-- \/ Yoast SEO plugin. -->","yoast_head_json":{"title":"Ana Lucia Lei Munhoz Lima - P\u00f3s-Gradua\u00e7\u00e3o em Ci\u00eancias do Sistema Musculoesquel\u00e9tico","robots":{"index":"index","follow":"follow","max-snippet":"max-snippet:-1","max-image-preview":"max-image-preview:large","max-video-preview":"max-video-preview:-1"},"canonical":"https:\/\/www.musculoesqueleticousp.com.br\/pesquisas\/orientadores\/ana-lucia-lei-munhoz-lima\/","og_locale":"en_US","og_type":"article","og_title":"Ana Lucia Lei Munhoz Lima - P\u00f3s-Gradua\u00e7\u00e3o em Ci\u00eancias do Sistema Musculoesquel\u00e9tico","og_description":"Title: Livre Docente E-mail: ana.munhoz@hc.fm.usp.br Lattes: http:\/\/lattes.cnpq.br\/7039869537639784 Orcid: ID 0000-0002-2396-9880 &#8211; \u00a0https:\/\/orcid.org\/0000-0002-2396-9880 Scopus: ID 35479913800 &#8211; https:\/\/www.scopus.com\/authid\/detail.uri?authorId=35479913800 Google Scholar: \u00a0ID aVGSXyMAAAAJ &#8211; https:\/\/scholar.google.com.br\/citations?hl=pt-BR&amp;user=aVGSXyMAAAAJ Research ID: L-7898-2017 [&hellip;]","og_url":"https:\/\/www.musculoesqueleticousp.com.br\/pesquisas\/orientadores\/ana-lucia-lei-munhoz-lima\/","og_site_name":"P\u00f3s-Gradua\u00e7\u00e3o em Ci\u00eancias do Sistema Musculoesquel\u00e9tico","article_modified_time":"2024-06-28T12:31:29+00:00","og_image":[{"url":"http:\/\/www.musculoesqueleticousp.com.br\/wp-content\/uploads\/2020\/06\/FOTO_ANA-LUCIA-LEI-MUNHOZ-LIMA-225x300.jpg","type":"","width":"","height":""}],"twitter_card":"summary_large_image","twitter_misc":{"Est. reading time":"7 minutes"},"schema":{"@context":"https:\/\/schema.org","@graph":[{"@type":"WebPage","@id":"https:\/\/www.musculoesqueleticousp.com.br\/pesquisas\/orientadores\/ana-lucia-lei-munhoz-lima\/","url":"https:\/\/www.musculoesqueleticousp.com.br\/pesquisas\/orientadores\/ana-lucia-lei-munhoz-lima\/","name":"Ana Lucia Lei Munhoz Lima - P\u00f3s-Gradua\u00e7\u00e3o em Ci\u00eancias do Sistema Musculoesquel\u00e9tico","isPartOf":{"@id":"https:\/\/www.musculoesqueleticousp.com.br\/en\/#website"},"primaryImageOfPage":{"@id":"https:\/\/www.musculoesqueleticousp.com.br\/pesquisas\/orientadores\/ana-lucia-lei-munhoz-lima\/#primaryimage"},"image":{"@id":"https:\/\/www.musculoesqueleticousp.com.br\/pesquisas\/orientadores\/ana-lucia-lei-munhoz-lima\/#primaryimage"},"thumbnailUrl":"http:\/\/www.musculoesqueleticousp.com.br\/wp-content\/uploads\/2020\/06\/FOTO_ANA-LUCIA-LEI-MUNHOZ-LIMA-225x300.jpg","datePublished":"2020-06-18T17:49:44+00:00","dateModified":"2024-06-28T12:31:29+00:00","breadcrumb":{"@id":"https:\/\/www.musculoesqueleticousp.com.br\/pesquisas\/orientadores\/ana-lucia-lei-munhoz-lima\/#breadcrumb"},"inLanguage":"en-US","potentialAction":[{"@type":"ReadAction","target":["https:\/\/www.musculoesqueleticousp.com.br\/pesquisas\/orientadores\/ana-lucia-lei-munhoz-lima\/"]}]},{"@type":"ImageObject","inLanguage":"en-US","@id":"https:\/\/www.musculoesqueleticousp.com.br\/pesquisas\/orientadores\/ana-lucia-lei-munhoz-lima\/#primaryimage","url":"http:\/\/www.musculoesqueleticousp.com.br\/wp-content\/uploads\/2020\/06\/FOTO_ANA-LUCIA-LEI-MUNHOZ-LIMA-225x300.jpg","contentUrl":"http:\/\/www.musculoesqueleticousp.com.br\/wp-content\/uploads\/2020\/06\/FOTO_ANA-LUCIA-LEI-MUNHOZ-LIMA-225x300.jpg"},{"@type":"BreadcrumbList","@id":"https:\/\/www.musculoesqueleticousp.com.br\/pesquisas\/orientadores\/ana-lucia-lei-munhoz-lima\/#breadcrumb","itemListElement":[{"@type":"ListItem","position":1,"name":"Home","item":"https:\/\/www.musculoesqueleticousp.com.br\/en\/"},{"@type":"ListItem","position":2,"name":"Research","item":"https:\/\/www.musculoesqueleticousp.com.br\/en\/pesquisas\/"},{"@type":"ListItem","position":3,"name":"Orientadores","item":"https:\/\/www.musculoesqueleticousp.com.br\/pesquisas\/orientadores\/"},{"@type":"ListItem","position":4,"name":"Ana Lucia Lei Munhoz Lima"}]},{"@type":"WebSite","@id":"https:\/\/www.musculoesqueleticousp.com.br\/en\/#website","url":"https:\/\/www.musculoesqueleticousp.com.br\/en\/","name":"P\u00f3s-Gradua\u00e7\u00e3o em Ci\u00eancias do Sistema Musculoesquel\u00e9tico","description":"Website do P\u00f3s-Gradua\u00e7\u00e3o em Ci\u00eancias do Sistema Musculoesquel\u00e9tico","publisher":{"@id":"https:\/\/www.musculoesqueleticousp.com.br\/en\/#organization"},"potentialAction":[{"@type":"SearchAction","target":{"@type":"EntryPoint","urlTemplate":"https:\/\/www.musculoesqueleticousp.com.br\/en\/?s={search_term_string}"},"query-input":{"@type":"PropertyValueSpecification","valueRequired":true,"valueName":"search_term_string"}}],"inLanguage":"en-US"},{"@type":"Organization","@id":"https:\/\/www.musculoesqueleticousp.com.br\/en\/#organization","name":"P\u00f3s-Gradua\u00e7\u00e3o em Ci\u00eancias do Sistema Musculoesquel\u00e9tico","url":"https:\/\/www.musculoesqueleticousp.com.br\/en\/","logo":{"@type":"ImageObject","inLanguage":"en-US","@id":"https:\/\/www.musculoesqueleticousp.com.br\/en\/#\/schema\/logo\/image\/","url":"https:\/\/www.musculoesqueleticousp.com.br\/wp-content\/uploads\/2020\/04\/logo_pg_cme_v3_h120.png","contentUrl":"https:\/\/www.musculoesqueleticousp.com.br\/wp-content\/uploads\/2020\/04\/logo_pg_cme_v3_h120.png","width":481,"height":120,"caption":"P\u00f3s-Gradua\u00e7\u00e3o em Ci\u00eancias do Sistema Musculoesquel\u00e9tico"},"image":{"@id":"https:\/\/www.musculoesqueleticousp.com.br\/en\/#\/schema\/logo\/image\/"}}]}},"_links":{"self":[{"href":"https:\/\/www.musculoesqueleticousp.com.br\/en\/wp-json\/wp\/v2\/pages\/689","targetHints":{"allow":["GET"]}}],"collection":[{"href":"https:\/\/www.musculoesqueleticousp.com.br\/en\/wp-json\/wp\/v2\/pages"}],"about":[{"href":"https:\/\/www.musculoesqueleticousp.com.br\/en\/wp-json\/wp\/v2\/types\/page"}],"author":[{"embeddable":true,"href":"https:\/\/www.musculoesqueleticousp.com.br\/en\/wp-json\/wp\/v2\/users\/3"}],"replies":[{"embeddable":true,"href":"https:\/\/www.musculoesqueleticousp.com.br\/en\/wp-json\/wp\/v2\/comments?post=689"}],"version-history":[{"count":16,"href":"https:\/\/www.musculoesqueleticousp.com.br\/en\/wp-json\/wp\/v2\/pages\/689\/revisions"}],"predecessor-version":[{"id":2983,"href":"https:\/\/www.musculoesqueleticousp.com.br\/en\/wp-json\/wp\/v2\/pages\/689\/revisions\/2983"}],"up":[{"embeddable":true,"href":"https:\/\/www.musculoesqueleticousp.com.br\/en\/wp-json\/wp\/v2\/pages\/25"}],"wp:attachment":[{"href":"https:\/\/www.musculoesqueleticousp.com.br\/en\/wp-json\/wp\/v2\/media?parent=689"}],"curies":[{"name":"wp","href":"https:\/\/api.w.org\/{rel}","templated":true}]}}