{"id":659,"date":"2020-06-09T18:24:34","date_gmt":"2020-06-09T21:24:34","guid":{"rendered":"http:\/\/www.musculoesqueleticousp.com.br\/?page_id=659"},"modified":"2024-06-18T16:45:42","modified_gmt":"2024-06-18T19:45:42","slug":"marco-kawamura-demange","status":"publish","type":"page","link":"https:\/\/www.musculoesqueleticousp.com.br\/en\/pesquisas\/orientadores\/marco-kawamura-demange\/","title":{"rendered":"Marco Kawamura Demange"},"content":{"rendered":"<p><img loading=\"lazy\" decoding=\"async\" class=\"wp-image-660 alignleft\" src=\"http:\/\/www.musculoesqueleticousp.com.br\/wp-content\/uploads\/2020\/06\/FOTO_MARCO-KAWAMURA-DEMANGE-200x300.jpeg\" alt=\"\" width=\"149\" height=\"224\" srcset=\"https:\/\/www.musculoesqueleticousp.com.br\/wp-content\/uploads\/2020\/06\/FOTO_MARCO-KAWAMURA-DEMANGE-200x300.jpeg 200w, https:\/\/www.musculoesqueleticousp.com.br\/wp-content\/uploads\/2020\/06\/FOTO_MARCO-KAWAMURA-DEMANGE-682x1024.jpeg 682w, https:\/\/www.musculoesqueleticousp.com.br\/wp-content\/uploads\/2020\/06\/FOTO_MARCO-KAWAMURA-DEMANGE-768x1152.jpeg 768w, https:\/\/www.musculoesqueleticousp.com.br\/wp-content\/uploads\/2020\/06\/FOTO_MARCO-KAWAMURA-DEMANGE-97x146.jpeg 97w, https:\/\/www.musculoesqueleticousp.com.br\/wp-content\/uploads\/2020\/06\/FOTO_MARCO-KAWAMURA-DEMANGE-33x50.jpeg 33w, https:\/\/www.musculoesqueleticousp.com.br\/wp-content\/uploads\/2020\/06\/FOTO_MARCO-KAWAMURA-DEMANGE-50x75.jpeg 50w, https:\/\/www.musculoesqueleticousp.com.br\/wp-content\/uploads\/2020\/06\/FOTO_MARCO-KAWAMURA-DEMANGE.jpeg 853w\" sizes=\"auto, (max-width: 149px) 100vw, 149px\" \/><b><span lang=\"EN-US\">Title:\u00a0<\/span><\/b><span lang=\"EN-US\">Associate Professor<\/span><br \/>\n<strong>E-mail: <\/strong><a href=\"mailto:demange@me.com\">demange@me.com<\/a><br \/>\n<strong>Lattes: <\/strong><a href=\"http:\/\/lattes.cnpq.br\/2947608523407021\" target=\"_blank\" rel=\"noopener noreferrer\">http:\/\/lattes.cnpq.br\/2947608523407021<\/a><br \/>\n<strong>Orcid<\/strong>:\u00a0ID \u00a00000-0003-1999-9478 &#8211; <a href=\"https:\/\/orcid.org\/0000-0003-1999-9478\">https:\/\/orcid.org\/0000-0003-1999-9478<\/a><br \/>\n<strong>Scopus<\/strong>: ID 13611559300 &#8211; <a href=\"https:\/\/www.scopus.com\/authid\/detail.uri?authorId=13611559300\">https:\/\/www.scopus.com\/authid\/detail.uri?authorId=13611559300<\/a><br \/>\n<strong>Google scholar<\/strong>:\u00a0ID A39yDVgAAAAJ &#8211; <a href=\"https:\/\/scholar.google.com.br\/citations?user=A39yDVgAAAAJ&amp;hl=pt-BR&amp;oi=ao\">https:\/\/scholar.google.com.br\/citations?user=A39yDVgAAAAJ&amp;hl=pt-BR&amp;oi=ao<\/a><br \/>\n<strong>Research ID<\/strong>: D-2975-2009 &#8211; <a href=\"https:\/\/publons.com\/researcher\/2854597\/marco-k-demange\/\">https:\/\/publons.com\/researcher\/2854597\/marco-k-demange\/<\/a><\/p>\n<h2><strong>Line of Research:<\/strong><\/h2>\n<p>Orthobiologics and cell therapy in the treatment of musculoskeletal system problems<\/p>\n<p>Our main line of research involves orthobiologics and cell therapy in the treatment of problems of the musculoskeletal system. Additionally, there is a focus on treatment of knee joint injuries. In this line, there is an emphasis on treatment of injuries to the articular cartilage, ligament injuries, joint instabilities and degenerative processes of the knee. In this line of research, we highlight the study of the osteochondral unit, the subchondral bone and its interaction with joint cartilage injury. We also highlight studies related to cell therapy with emphasis on chondrocytes and mesenchymal stem cells. Thus, the objective is the study of methods to delay the evolution of joint injuries, control pain, accelerate the repair process and\/or promote joint regeneration.<\/p>\n<h2>Relevant articles:<\/h2>\n<ol>\n<li style=\"text-align: left;\">Titan A, Sch\u00e4r M, Hutchinson I, Demange M, Chen T, Rodeo S. Growth Factor Delivery to a Cartilage-Cartilage Interface Using Platelet-Rich Concentrates on a Hyaluronic Acid Scaffold. Arthroscopy. 2020 May;36(5):1431-40. doi:10.1016\/j.arthro.2019.12.004.<\/li>\n<li style=\"text-align: left;\">Demange MK, Minas T, von Keudell A, Sodha S, Bryant T, Gomoll AH.Intralesional Osteophyte Regrowth Following Autologous Chondrocyte Implantation after Previous Treatment with Marrow Stimulation Technique. Cartilage. 2017Apr;8(2)131-8. doi: 10.1177\/1947603516653208.<\/li>\n<li>de Almeida AM, Demange MK, Sobrado MF, Rodrigues MB, Pedrinelli A, Hernandez AJ. Patellar tendon healing with platelet-rich plasma: a prospective randomized controlled trial. Am J Sports Med. 2012 Jun;40(6):1282-8. doi: 10.1177\/0363546512441344.<\/li>\n<li>Bonadio MB, Giglio PN, Helito CP, P\u00e9cora JR, Camanho GL, Demange MK. Subchondroplasty for treating bone marrow lesions in the knee &#8211; initial experience. Rev Bras Ortop. 2017 Apr 28;52(3):325-30. doi:10.1016\/j.rboe.2017.04.003.<\/li>\n<li>T\u00edrico LE, Demange MK, Santos LA, de Rezende MU, Helito CP, Gobbi RG, P\u00e9cora JR, Croci AT, Bugbee WD. Development of a Fresh Osteochondral Allograft Program Outside North America. Cartilage. 2016 Jul;7(3):222-8. doi: 10.1177\/1947603515618484.<\/li>\n<\/ol>\n<p>&nbsp;<\/p>\n<h2><strong>PROJETOS ORIENTADOR\/ LINHA<\/strong><\/h2>\n<p><strong>Linha 2. DESENVOLVIMENTO DE ENSAIOS E MODELOS PARA SUBSTITUI\u00c7\u00c3O ARTICULAR E INSTABILIDADE ARTICULARES<br \/>\n<\/strong><strong>PROJETO MARCO DEMANGE:<\/strong> ESTUDOS DE ARTROPLASTIAS DE SUBSTITUI\u00c7\u00c3O ARTICULAR DO JOELHO<br \/>\n<strong>Linha 4. OSTEOIMUNOLOGIA E AVALIA\u00c7\u00c3O DOS PROCESSOS DE REGENERA\u00c7\u00c3O M\u00daSCULOESQUEL\u00c9TICA<br \/>\n<\/strong><strong>PROJETO MARCO DEMANGE:<\/strong> ESTUDOS DE ORTOBIOL\u00d3GICOS E C\u00c9LULAS TRONCO NO TRATAMENTO DE LES\u00d5ES ARTICULARES DO JOELHO<br \/>\n<strong>PROJETO MARCO DEMANGE:<\/strong> ESTUDOS DO USO DE OXIGENIOTERAPIA HIPERB\u00c1RICA NAS LES\u00d5ES DO SISTEMA MUSCULOESQUEL\u00c9TICO<br \/>\n<strong>Linha 5. MODELOS CL\u00cdNICOS E EXPERIMENTAIS DA AN\u00c1LISE FUNCIONAL DO MOVIMENTO HUMANO<br \/>\n<\/strong><strong>PROJETO MARCO DEMANGE:<\/strong> ESTUDO DAS LES\u00d5ES LIGAMENTARES DO JOELHO<\/p>","protected":false},"excerpt":{"rendered":"<p>Title:\u00a0Associate Professor E-mail: demange@me.com Lattes: http:\/\/lattes.cnpq.br\/2947608523407021 Orcid:\u00a0ID \u00a00000-0003-1999-9478 &#8211; https:\/\/orcid.org\/0000-0003-1999-9478 Scopus: ID 13611559300 &#8211; https:\/\/www.scopus.com\/authid\/detail.uri?authorId=13611559300 Google scholar:\u00a0ID A39yDVgAAAAJ &#8211; https:\/\/scholar.google.com.br\/citations?user=A39yDVgAAAAJ&amp;hl=pt-BR&amp;oi=ao Research ID: D-2975-2009 &#8211; https:\/\/publons.com\/researcher\/2854597\/marco-k-demange\/ Line [&hellip;]<\/p>\n","protected":false},"author":3,"featured_media":0,"parent":25,"menu_order":0,"comment_status":"closed","ping_status":"closed","template":"","meta":{"footnotes":""},"class_list":["post-659","page","type-page","status-publish","hentry"],"yoast_head":"<!-- This site is optimized with the Yoast SEO plugin v25.5 - https:\/\/yoast.com\/wordpress\/plugins\/seo\/ -->\n<title>Marco Kawamura Demange - P\u00f3s-Gradua\u00e7\u00e3o em Ci\u00eancias do Sistema Musculoesquel\u00e9tico<\/title>\n<meta name=\"robots\" content=\"index, follow, max-snippet:-1, max-image-preview:large, max-video-preview:-1\" \/>\n<link rel=\"canonical\" href=\"https:\/\/www.musculoesqueleticousp.com.br\/pesquisas\/orientadores\/marco-kawamura-demange\/\" \/>\n<meta property=\"og:locale\" content=\"en_US\" \/>\n<meta property=\"og:type\" content=\"article\" \/>\n<meta property=\"og:title\" content=\"Marco Kawamura Demange - P\u00f3s-Gradua\u00e7\u00e3o em Ci\u00eancias do Sistema Musculoesquel\u00e9tico\" \/>\n<meta property=\"og:description\" content=\"Title:\u00a0Associate Professor E-mail: demange@me.com Lattes: http:\/\/lattes.cnpq.br\/2947608523407021 Orcid:\u00a0ID \u00a00000-0003-1999-9478 &#8211; https:\/\/orcid.org\/0000-0003-1999-9478 Scopus: ID 13611559300 &#8211; https:\/\/www.scopus.com\/authid\/detail.uri?authorId=13611559300 Google scholar:\u00a0ID A39yDVgAAAAJ &#8211; https:\/\/scholar.google.com.br\/citations?user=A39yDVgAAAAJ&amp;hl=pt-BR&amp;oi=ao Research ID: D-2975-2009 &#8211; https:\/\/publons.com\/researcher\/2854597\/marco-k-demange\/ Line [&hellip;]\" \/>\n<meta property=\"og:url\" content=\"https:\/\/www.musculoesqueleticousp.com.br\/pesquisas\/orientadores\/marco-kawamura-demange\/\" \/>\n<meta property=\"og:site_name\" content=\"P\u00f3s-Gradua\u00e7\u00e3o em Ci\u00eancias do Sistema Musculoesquel\u00e9tico\" \/>\n<meta property=\"article:modified_time\" content=\"2024-06-18T19:45:42+00:00\" \/>\n<meta property=\"og:image\" content=\"http:\/\/www.musculoesqueleticousp.com.br\/wp-content\/uploads\/2020\/06\/FOTO_MARCO-KAWAMURA-DEMANGE-200x300.jpeg\" \/>\n<meta name=\"twitter:card\" content=\"summary_large_image\" \/>\n<meta name=\"twitter:label1\" content=\"Est. reading time\" \/>\n\t<meta name=\"twitter:data1\" content=\"7 minutes\" \/>\n<script type=\"application\/ld+json\" class=\"yoast-schema-graph\">{\"@context\":\"https:\/\/schema.org\",\"@graph\":[{\"@type\":\"WebPage\",\"@id\":\"https:\/\/www.musculoesqueleticousp.com.br\/pesquisas\/orientadores\/marco-kawamura-demange\/\",\"url\":\"https:\/\/www.musculoesqueleticousp.com.br\/pesquisas\/orientadores\/marco-kawamura-demange\/\",\"name\":\"Marco Kawamura Demange - P\u00f3s-Gradua\u00e7\u00e3o em Ci\u00eancias do Sistema Musculoesquel\u00e9tico\",\"isPartOf\":{\"@id\":\"https:\/\/www.musculoesqueleticousp.com.br\/en\/#website\"},\"primaryImageOfPage\":{\"@id\":\"https:\/\/www.musculoesqueleticousp.com.br\/pesquisas\/orientadores\/marco-kawamura-demange\/#primaryimage\"},\"image\":{\"@id\":\"https:\/\/www.musculoesqueleticousp.com.br\/pesquisas\/orientadores\/marco-kawamura-demange\/#primaryimage\"},\"thumbnailUrl\":\"http:\/\/www.musculoesqueleticousp.com.br\/wp-content\/uploads\/2020\/06\/FOTO_MARCO-KAWAMURA-DEMANGE-200x300.jpeg\",\"datePublished\":\"2020-06-09T21:24:34+00:00\",\"dateModified\":\"2024-06-18T19:45:42+00:00\",\"breadcrumb\":{\"@id\":\"https:\/\/www.musculoesqueleticousp.com.br\/pesquisas\/orientadores\/marco-kawamura-demange\/#breadcrumb\"},\"inLanguage\":\"en-US\",\"potentialAction\":[{\"@type\":\"ReadAction\",\"target\":[\"https:\/\/www.musculoesqueleticousp.com.br\/pesquisas\/orientadores\/marco-kawamura-demange\/\"]}]},{\"@type\":\"ImageObject\",\"inLanguage\":\"en-US\",\"@id\":\"https:\/\/www.musculoesqueleticousp.com.br\/pesquisas\/orientadores\/marco-kawamura-demange\/#primaryimage\",\"url\":\"http:\/\/www.musculoesqueleticousp.com.br\/wp-content\/uploads\/2020\/06\/FOTO_MARCO-KAWAMURA-DEMANGE-200x300.jpeg\",\"contentUrl\":\"http:\/\/www.musculoesqueleticousp.com.br\/wp-content\/uploads\/2020\/06\/FOTO_MARCO-KAWAMURA-DEMANGE-200x300.jpeg\"},{\"@type\":\"BreadcrumbList\",\"@id\":\"https:\/\/www.musculoesqueleticousp.com.br\/pesquisas\/orientadores\/marco-kawamura-demange\/#breadcrumb\",\"itemListElement\":[{\"@type\":\"ListItem\",\"position\":1,\"name\":\"Home\",\"item\":\"https:\/\/www.musculoesqueleticousp.com.br\/en\/\"},{\"@type\":\"ListItem\",\"position\":2,\"name\":\"Research\",\"item\":\"https:\/\/www.musculoesqueleticousp.com.br\/en\/pesquisas\/\"},{\"@type\":\"ListItem\",\"position\":3,\"name\":\"Orientadores\",\"item\":\"https:\/\/www.musculoesqueleticousp.com.br\/pesquisas\/orientadores\/\"},{\"@type\":\"ListItem\",\"position\":4,\"name\":\"Marco Kawamura Demange\"}]},{\"@type\":\"WebSite\",\"@id\":\"https:\/\/www.musculoesqueleticousp.com.br\/en\/#website\",\"url\":\"https:\/\/www.musculoesqueleticousp.com.br\/en\/\",\"name\":\"P\u00f3s-Gradua\u00e7\u00e3o em Ci\u00eancias do Sistema Musculoesquel\u00e9tico\",\"description\":\"Website do P\u00f3s-Gradua\u00e7\u00e3o em Ci\u00eancias do Sistema Musculoesquel\u00e9tico\",\"publisher\":{\"@id\":\"https:\/\/www.musculoesqueleticousp.com.br\/en\/#organization\"},\"potentialAction\":[{\"@type\":\"SearchAction\",\"target\":{\"@type\":\"EntryPoint\",\"urlTemplate\":\"https:\/\/www.musculoesqueleticousp.com.br\/en\/?s={search_term_string}\"},\"query-input\":{\"@type\":\"PropertyValueSpecification\",\"valueRequired\":true,\"valueName\":\"search_term_string\"}}],\"inLanguage\":\"en-US\"},{\"@type\":\"Organization\",\"@id\":\"https:\/\/www.musculoesqueleticousp.com.br\/en\/#organization\",\"name\":\"P\u00f3s-Gradua\u00e7\u00e3o em Ci\u00eancias do Sistema Musculoesquel\u00e9tico\",\"url\":\"https:\/\/www.musculoesqueleticousp.com.br\/en\/\",\"logo\":{\"@type\":\"ImageObject\",\"inLanguage\":\"en-US\",\"@id\":\"https:\/\/www.musculoesqueleticousp.com.br\/en\/#\/schema\/logo\/image\/\",\"url\":\"https:\/\/www.musculoesqueleticousp.com.br\/wp-content\/uploads\/2020\/04\/logo_pg_cme_v3_h120.png\",\"contentUrl\":\"https:\/\/www.musculoesqueleticousp.com.br\/wp-content\/uploads\/2020\/04\/logo_pg_cme_v3_h120.png\",\"width\":481,\"height\":120,\"caption\":\"P\u00f3s-Gradua\u00e7\u00e3o em Ci\u00eancias do Sistema Musculoesquel\u00e9tico\"},\"image\":{\"@id\":\"https:\/\/www.musculoesqueleticousp.com.br\/en\/#\/schema\/logo\/image\/\"}}]}<\/script>\n<!-- \/ Yoast SEO plugin. -->","yoast_head_json":{"title":"Marco Kawamura Demange - P\u00f3s-Gradua\u00e7\u00e3o em Ci\u00eancias do Sistema Musculoesquel\u00e9tico","robots":{"index":"index","follow":"follow","max-snippet":"max-snippet:-1","max-image-preview":"max-image-preview:large","max-video-preview":"max-video-preview:-1"},"canonical":"https:\/\/www.musculoesqueleticousp.com.br\/pesquisas\/orientadores\/marco-kawamura-demange\/","og_locale":"en_US","og_type":"article","og_title":"Marco Kawamura Demange - P\u00f3s-Gradua\u00e7\u00e3o em Ci\u00eancias do Sistema Musculoesquel\u00e9tico","og_description":"Title:\u00a0Associate Professor E-mail: demange@me.com Lattes: http:\/\/lattes.cnpq.br\/2947608523407021 Orcid:\u00a0ID \u00a00000-0003-1999-9478 &#8211; https:\/\/orcid.org\/0000-0003-1999-9478 Scopus: ID 13611559300 &#8211; https:\/\/www.scopus.com\/authid\/detail.uri?authorId=13611559300 Google scholar:\u00a0ID A39yDVgAAAAJ &#8211; https:\/\/scholar.google.com.br\/citations?user=A39yDVgAAAAJ&amp;hl=pt-BR&amp;oi=ao Research ID: D-2975-2009 &#8211; https:\/\/publons.com\/researcher\/2854597\/marco-k-demange\/ Line [&hellip;]","og_url":"https:\/\/www.musculoesqueleticousp.com.br\/pesquisas\/orientadores\/marco-kawamura-demange\/","og_site_name":"P\u00f3s-Gradua\u00e7\u00e3o em Ci\u00eancias do Sistema Musculoesquel\u00e9tico","article_modified_time":"2024-06-18T19:45:42+00:00","og_image":[{"url":"http:\/\/www.musculoesqueleticousp.com.br\/wp-content\/uploads\/2020\/06\/FOTO_MARCO-KAWAMURA-DEMANGE-200x300.jpeg","type":"","width":"","height":""}],"twitter_card":"summary_large_image","twitter_misc":{"Est. reading time":"7 minutes"},"schema":{"@context":"https:\/\/schema.org","@graph":[{"@type":"WebPage","@id":"https:\/\/www.musculoesqueleticousp.com.br\/pesquisas\/orientadores\/marco-kawamura-demange\/","url":"https:\/\/www.musculoesqueleticousp.com.br\/pesquisas\/orientadores\/marco-kawamura-demange\/","name":"Marco Kawamura Demange - P\u00f3s-Gradua\u00e7\u00e3o em Ci\u00eancias do Sistema Musculoesquel\u00e9tico","isPartOf":{"@id":"https:\/\/www.musculoesqueleticousp.com.br\/en\/#website"},"primaryImageOfPage":{"@id":"https:\/\/www.musculoesqueleticousp.com.br\/pesquisas\/orientadores\/marco-kawamura-demange\/#primaryimage"},"image":{"@id":"https:\/\/www.musculoesqueleticousp.com.br\/pesquisas\/orientadores\/marco-kawamura-demange\/#primaryimage"},"thumbnailUrl":"http:\/\/www.musculoesqueleticousp.com.br\/wp-content\/uploads\/2020\/06\/FOTO_MARCO-KAWAMURA-DEMANGE-200x300.jpeg","datePublished":"2020-06-09T21:24:34+00:00","dateModified":"2024-06-18T19:45:42+00:00","breadcrumb":{"@id":"https:\/\/www.musculoesqueleticousp.com.br\/pesquisas\/orientadores\/marco-kawamura-demange\/#breadcrumb"},"inLanguage":"en-US","potentialAction":[{"@type":"ReadAction","target":["https:\/\/www.musculoesqueleticousp.com.br\/pesquisas\/orientadores\/marco-kawamura-demange\/"]}]},{"@type":"ImageObject","inLanguage":"en-US","@id":"https:\/\/www.musculoesqueleticousp.com.br\/pesquisas\/orientadores\/marco-kawamura-demange\/#primaryimage","url":"http:\/\/www.musculoesqueleticousp.com.br\/wp-content\/uploads\/2020\/06\/FOTO_MARCO-KAWAMURA-DEMANGE-200x300.jpeg","contentUrl":"http:\/\/www.musculoesqueleticousp.com.br\/wp-content\/uploads\/2020\/06\/FOTO_MARCO-KAWAMURA-DEMANGE-200x300.jpeg"},{"@type":"BreadcrumbList","@id":"https:\/\/www.musculoesqueleticousp.com.br\/pesquisas\/orientadores\/marco-kawamura-demange\/#breadcrumb","itemListElement":[{"@type":"ListItem","position":1,"name":"Home","item":"https:\/\/www.musculoesqueleticousp.com.br\/en\/"},{"@type":"ListItem","position":2,"name":"Research","item":"https:\/\/www.musculoesqueleticousp.com.br\/en\/pesquisas\/"},{"@type":"ListItem","position":3,"name":"Orientadores","item":"https:\/\/www.musculoesqueleticousp.com.br\/pesquisas\/orientadores\/"},{"@type":"ListItem","position":4,"name":"Marco Kawamura Demange"}]},{"@type":"WebSite","@id":"https:\/\/www.musculoesqueleticousp.com.br\/en\/#website","url":"https:\/\/www.musculoesqueleticousp.com.br\/en\/","name":"P\u00f3s-Gradua\u00e7\u00e3o em Ci\u00eancias do Sistema Musculoesquel\u00e9tico","description":"Website do P\u00f3s-Gradua\u00e7\u00e3o em Ci\u00eancias do Sistema Musculoesquel\u00e9tico","publisher":{"@id":"https:\/\/www.musculoesqueleticousp.com.br\/en\/#organization"},"potentialAction":[{"@type":"SearchAction","target":{"@type":"EntryPoint","urlTemplate":"https:\/\/www.musculoesqueleticousp.com.br\/en\/?s={search_term_string}"},"query-input":{"@type":"PropertyValueSpecification","valueRequired":true,"valueName":"search_term_string"}}],"inLanguage":"en-US"},{"@type":"Organization","@id":"https:\/\/www.musculoesqueleticousp.com.br\/en\/#organization","name":"P\u00f3s-Gradua\u00e7\u00e3o em Ci\u00eancias do Sistema Musculoesquel\u00e9tico","url":"https:\/\/www.musculoesqueleticousp.com.br\/en\/","logo":{"@type":"ImageObject","inLanguage":"en-US","@id":"https:\/\/www.musculoesqueleticousp.com.br\/en\/#\/schema\/logo\/image\/","url":"https:\/\/www.musculoesqueleticousp.com.br\/wp-content\/uploads\/2020\/04\/logo_pg_cme_v3_h120.png","contentUrl":"https:\/\/www.musculoesqueleticousp.com.br\/wp-content\/uploads\/2020\/04\/logo_pg_cme_v3_h120.png","width":481,"height":120,"caption":"P\u00f3s-Gradua\u00e7\u00e3o em Ci\u00eancias do Sistema Musculoesquel\u00e9tico"},"image":{"@id":"https:\/\/www.musculoesqueleticousp.com.br\/en\/#\/schema\/logo\/image\/"}}]}},"_links":{"self":[{"href":"https:\/\/www.musculoesqueleticousp.com.br\/en\/wp-json\/wp\/v2\/pages\/659","targetHints":{"allow":["GET"]}}],"collection":[{"href":"https:\/\/www.musculoesqueleticousp.com.br\/en\/wp-json\/wp\/v2\/pages"}],"about":[{"href":"https:\/\/www.musculoesqueleticousp.com.br\/en\/wp-json\/wp\/v2\/types\/page"}],"author":[{"embeddable":true,"href":"https:\/\/www.musculoesqueleticousp.com.br\/en\/wp-json\/wp\/v2\/users\/3"}],"replies":[{"embeddable":true,"href":"https:\/\/www.musculoesqueleticousp.com.br\/en\/wp-json\/wp\/v2\/comments?post=659"}],"version-history":[{"count":18,"href":"https:\/\/www.musculoesqueleticousp.com.br\/en\/wp-json\/wp\/v2\/pages\/659\/revisions"}],"predecessor-version":[{"id":2851,"href":"https:\/\/www.musculoesqueleticousp.com.br\/en\/wp-json\/wp\/v2\/pages\/659\/revisions\/2851"}],"up":[{"embeddable":true,"href":"https:\/\/www.musculoesqueleticousp.com.br\/en\/wp-json\/wp\/v2\/pages\/25"}],"wp:attachment":[{"href":"https:\/\/www.musculoesqueleticousp.com.br\/en\/wp-json\/wp\/v2\/media?parent=659"}],"curies":[{"name":"wp","href":"https:\/\/api.w.org\/{rel}","templated":true}]}}