{"id":642,"date":"2020-05-15T11:19:28","date_gmt":"2020-05-15T14:19:28","guid":{"rendered":"http:\/\/www.musculoesqueleticousp.com.br\/?page_id=642"},"modified":"2024-06-28T09:34:03","modified_gmt":"2024-06-28T12:34:03","slug":"raphael-martus-marcon","status":"publish","type":"page","link":"https:\/\/www.musculoesqueleticousp.com.br\/en\/pesquisas\/orientadores\/raphael-martus-marcon\/","title":{"rendered":"Raphael Martus Marcon"},"content":{"rendered":"<p><strong><img loading=\"lazy\" decoding=\"async\" class=\"alignleft size-full wp-image-643\" src=\"http:\/\/www.musculoesqueleticousp.com.br\/wp-content\/uploads\/2020\/05\/ed_FOTO_RAPHAEL-MARTUS-MARCON.jpg\" alt=\"\" width=\"170\" height=\"225\" srcset=\"https:\/\/www.musculoesqueleticousp.com.br\/wp-content\/uploads\/2020\/05\/ed_FOTO_RAPHAEL-MARTUS-MARCON.jpg 170w, https:\/\/www.musculoesqueleticousp.com.br\/wp-content\/uploads\/2020\/05\/ed_FOTO_RAPHAEL-MARTUS-MARCON-110x146.jpg 110w, https:\/\/www.musculoesqueleticousp.com.br\/wp-content\/uploads\/2020\/05\/ed_FOTO_RAPHAEL-MARTUS-MARCON-38x50.jpg 38w, https:\/\/www.musculoesqueleticousp.com.br\/wp-content\/uploads\/2020\/05\/ed_FOTO_RAPHAEL-MARTUS-MARCON-57x75.jpg 57w\" sizes=\"auto, (max-width: 170px) 100vw, 170px\" \/>T\u00edtulo:<\/strong> Professor Associado<br \/>\n<strong>E-mail: <\/strong><a href=\"mailto:marconrm@me.com\">marconrm@me.com<\/a><br \/>\n<strong>Lattes: <\/strong><a href=\"http:\/\/lattes.cnpq.br\/9298324599649423\" target=\"_blank\" rel=\"noopener noreferrer\">http:\/\/lattes.cnpq.br\/9298324599649423<\/a><br \/>\n<strong>Orcid<\/strong>:\u00a0ID\u00a0 0000-0001-5958-5646 &#8211; <a href=\"https:\/\/orcid.org\/0000-0001-5958-5646\">https:\/\/orcid.org\/0000-0001-5958-5646<\/a><br \/>\n<strong>Scopus<\/strong>: ID 7004006949 &#8211; <a href=\"https:\/\/www.scopus.com\/authid\/detail.uri?authorId=7004006949\">https:\/\/www.scopus.com\/authid\/detail.uri?authorId=7004006949<\/a><br \/>\n<strong>Google scholar<\/strong>:\u00a0 ID 6sZoQXUAAAAJ &#8211; <a href=\"https:\/\/scholar.google.com.br\/citations?user=6sZoQXUAAAAJ&amp;hl=pt-BR&amp;oi=ao\">https:\/\/scholar.google.com.br\/citations?user=6sZoQXUAAAAJ&amp;hl=pt-BR&amp;oi=ao<\/a><br \/>\n<strong>Research ID<\/strong><strong>:<\/strong> \u00a0K-9330-2017 &#8211; <a href=\"https:\/\/publons.com\/researcher\/2084096\/raphael-martus-marcon\/\">https:\/\/publons.com\/researcher\/2084096\/raphael-martus-marcon\/<\/a><\/p>\n<h2><strong>Lines of research:\u00a0<\/strong><\/h2>\n<p><strong>Main:<\/strong> Spinal disorders, idiopathic scoliosis, and stem cell research<\/p>\n<h2>Summary<\/h2>\n<p><strong>Letran <\/strong>\u2013\u00a0a specialized laboratory for experimental research in the area of nerve repair and reconstruction. Implemented, standardized and validated an experimental spinal cord injury model in Wistar rats. Letran has a computerized drop weight impact tester (New York Impactor), to produce standardized and reproducible spinal contusions, developed by New York University, USA, and adopted by the Multicenter Animal Spinal Cord Injury Study \u2013 MASCIS, coordinated by Prof. Wise Young of Rutgers University, USA. Currently, it is developing new therapeutic techniques using stem cells, growth factors and tissue engineering. It is one of Cenatra\u2019s main advanced research facilities.\u00a0We are developing new ways to evaluate motor recovery in rats, developing devices for the rehabilitation of the rats to assess its importance in recovery from spinal cord injury, and we are entering into partnerships with other laboratories in order to continuously improve our research.<\/p>\n<p>Cenatra \u2013\u00a0Center of Reference for the Integrated Specialized Care of Spinal Cord Trauma. Line of work: Nuclear, multicenter, interinstitutional, multidisciplinary and multiprofessional program for medical, tertiary, quaternary and paramedical assistance for patients suffering from spinal cord trauma. It offers undergraduate and lato and stricto sensu graduate courses in basic and applied clinical and technological research, and training in technology, human resources, and guidance and dissemination of knowledge to the community. It also foresees offering pre- (prevention campaigns, etc.) and post-hospital (self-care, informal caregiver, socioeconomic re-inclusion, etc.) activities.<\/p>\n<h2>Relevant articles:<\/h2>\n<ol>\n<li>Petersen PA, Marcon RM, Letaif OB, Mello Santos MA, Oliveira RG, Passos de Barros Filho TE, Cristante AF. Does Kyphectomy Improve the Quality of Life of Patients With Myelomeningocele? Clin Orthop Relat Res. 2020 Jan;478(1):104-111.<\/li>\n<li>Tavares Junior MCM, de Souza JPV, Araujo TPF, Marcon RM, Cristante AF, de Barros Filho TEP, Letaif OB. Comparative tomographic study of the S2-alar-iliac screw versus the iliac screw. Eur Spine J. 2019;28(4):855-862.<\/li>\n<li>Fernandes LG, Cristante AF, Marcon RM, de Barros Filho TEP, Letaif OB. Feasibility of anterior screw fixation in children: a tomographic study. Eur Spine J. 2018;27(6):1388-1392.<\/li>\n<li>Tavares-J\u00fanior MCM, Munhoz DU, de Souza JPV, Marcon RM, Cristante AF, Letaif OB. Evaluation of Alternative Halo Ring Positions in Children Using Tomography. Clinics (Sao Paulo). 2019 Mar 14;74:e781.<\/li>\n<li>Fernandes LG, Cristante AF, Marcon RM, de Barros Filho TEP, Letaif OB. Feasibility of anterior screw fixation in children: a tomographic study. Eur Spine J. 2018;27(6):1388-1392.<\/li>\n<\/ol>\n<p>&nbsp;<\/p>\n<h2><strong>PROJETOS ORIENTADOR\/ LINHA<\/strong><\/h2>\n<p><strong>Linha 1. MODELOS PARA AN\u00c1LISE DE LES\u00d5ES DO SISTEMA NERVOSO<br \/>\n<\/strong><strong>PROJETO RAPHAEL MARCON<\/strong>: LES\u00c3O MEDULAR E SUAS REPERCUSS\u00d5ES<br \/>\n<strong>Linha 3. DIST\u00daRBIOS DEGENERATIVOS, INFLAMAT\u00d3RIOS E ESTRUTURAIS DO SISTEMA LOCOMOTOR<br \/>\n<\/strong><strong>PROJETO RAPHAEL MARCON<\/strong>: MEDICINA DIGITAL, INTELIG\u00caNCIA ARTIFICIAL E MEGABANCO DE DADOS<br \/>\n<strong>Linha 7. EFEITOS DO EXERC\u00cdCIO F\u00cdSICO, NUTRI\u00c7\u00c3O E GEN\u00c9TICA NA SA\u00daDE E NO DESEMPENHO F\u00cdSICO<br \/>\n<\/strong><strong>PROJETO RAPHAEL MARCON:<\/strong> ESCOLIOSE E SUAS REPERCUSS\u00d5ES<\/p>","protected":false},"excerpt":{"rendered":"<p>T\u00edtulo: Professor Associado E-mail: marconrm@me.com Lattes: http:\/\/lattes.cnpq.br\/9298324599649423 Orcid:\u00a0ID\u00a0 0000-0001-5958-5646 &#8211; https:\/\/orcid.org\/0000-0001-5958-5646 Scopus: ID 7004006949 &#8211; https:\/\/www.scopus.com\/authid\/detail.uri?authorId=7004006949 Google scholar:\u00a0 ID 6sZoQXUAAAAJ &#8211; https:\/\/scholar.google.com.br\/citations?user=6sZoQXUAAAAJ&amp;hl=pt-BR&amp;oi=ao Research ID: \u00a0K-9330-2017 &#8211; [&hellip;]<\/p>\n","protected":false},"author":1,"featured_media":0,"parent":25,"menu_order":0,"comment_status":"closed","ping_status":"closed","template":"","meta":{"footnotes":""},"class_list":["post-642","page","type-page","status-publish","hentry"],"yoast_head":"<!-- This site is optimized with the Yoast SEO plugin v25.5 - https:\/\/yoast.com\/wordpress\/plugins\/seo\/ -->\n<title>Raphael Martus Marcon - P\u00f3s-Gradua\u00e7\u00e3o em Ci\u00eancias do Sistema Musculoesquel\u00e9tico<\/title>\n<meta name=\"robots\" content=\"index, follow, max-snippet:-1, max-image-preview:large, max-video-preview:-1\" \/>\n<link rel=\"canonical\" href=\"https:\/\/www.musculoesqueleticousp.com.br\/pesquisas\/orientadores\/raphael-martus-marcon\/\" \/>\n<meta property=\"og:locale\" content=\"en_US\" \/>\n<meta property=\"og:type\" content=\"article\" \/>\n<meta property=\"og:title\" content=\"Raphael Martus Marcon - P\u00f3s-Gradua\u00e7\u00e3o em Ci\u00eancias do Sistema Musculoesquel\u00e9tico\" \/>\n<meta property=\"og:description\" content=\"T\u00edtulo: Professor Associado E-mail: marconrm@me.com Lattes: http:\/\/lattes.cnpq.br\/9298324599649423 Orcid:\u00a0ID\u00a0 0000-0001-5958-5646 &#8211; https:\/\/orcid.org\/0000-0001-5958-5646 Scopus: ID 7004006949 &#8211; https:\/\/www.scopus.com\/authid\/detail.uri?authorId=7004006949 Google scholar:\u00a0 ID 6sZoQXUAAAAJ &#8211; https:\/\/scholar.google.com.br\/citations?user=6sZoQXUAAAAJ&amp;hl=pt-BR&amp;oi=ao Research ID: \u00a0K-9330-2017 &#8211; [&hellip;]\" \/>\n<meta property=\"og:url\" content=\"https:\/\/www.musculoesqueleticousp.com.br\/pesquisas\/orientadores\/raphael-martus-marcon\/\" \/>\n<meta property=\"og:site_name\" content=\"P\u00f3s-Gradua\u00e7\u00e3o em Ci\u00eancias do Sistema Musculoesquel\u00e9tico\" \/>\n<meta property=\"article:modified_time\" content=\"2024-06-28T12:34:03+00:00\" \/>\n<meta property=\"og:image\" content=\"http:\/\/www.musculoesqueleticousp.com.br\/wp-content\/uploads\/2020\/05\/ed_FOTO_RAPHAEL-MARTUS-MARCON.jpg\" \/>\n<meta name=\"twitter:card\" content=\"summary_large_image\" \/>\n<meta name=\"twitter:label1\" content=\"Est. reading time\" \/>\n\t<meta name=\"twitter:data1\" content=\"9 minutes\" \/>\n<script type=\"application\/ld+json\" class=\"yoast-schema-graph\">{\"@context\":\"https:\/\/schema.org\",\"@graph\":[{\"@type\":\"WebPage\",\"@id\":\"https:\/\/www.musculoesqueleticousp.com.br\/pesquisas\/orientadores\/raphael-martus-marcon\/\",\"url\":\"https:\/\/www.musculoesqueleticousp.com.br\/pesquisas\/orientadores\/raphael-martus-marcon\/\",\"name\":\"Raphael Martus Marcon - P\u00f3s-Gradua\u00e7\u00e3o em Ci\u00eancias do Sistema Musculoesquel\u00e9tico\",\"isPartOf\":{\"@id\":\"https:\/\/www.musculoesqueleticousp.com.br\/en\/#website\"},\"primaryImageOfPage\":{\"@id\":\"https:\/\/www.musculoesqueleticousp.com.br\/pesquisas\/orientadores\/raphael-martus-marcon\/#primaryimage\"},\"image\":{\"@id\":\"https:\/\/www.musculoesqueleticousp.com.br\/pesquisas\/orientadores\/raphael-martus-marcon\/#primaryimage\"},\"thumbnailUrl\":\"http:\/\/www.musculoesqueleticousp.com.br\/wp-content\/uploads\/2020\/05\/ed_FOTO_RAPHAEL-MARTUS-MARCON.jpg\",\"datePublished\":\"2020-05-15T14:19:28+00:00\",\"dateModified\":\"2024-06-28T12:34:03+00:00\",\"breadcrumb\":{\"@id\":\"https:\/\/www.musculoesqueleticousp.com.br\/pesquisas\/orientadores\/raphael-martus-marcon\/#breadcrumb\"},\"inLanguage\":\"en-US\",\"potentialAction\":[{\"@type\":\"ReadAction\",\"target\":[\"https:\/\/www.musculoesqueleticousp.com.br\/pesquisas\/orientadores\/raphael-martus-marcon\/\"]}]},{\"@type\":\"ImageObject\",\"inLanguage\":\"en-US\",\"@id\":\"https:\/\/www.musculoesqueleticousp.com.br\/pesquisas\/orientadores\/raphael-martus-marcon\/#primaryimage\",\"url\":\"http:\/\/www.musculoesqueleticousp.com.br\/wp-content\/uploads\/2020\/05\/ed_FOTO_RAPHAEL-MARTUS-MARCON.jpg\",\"contentUrl\":\"http:\/\/www.musculoesqueleticousp.com.br\/wp-content\/uploads\/2020\/05\/ed_FOTO_RAPHAEL-MARTUS-MARCON.jpg\"},{\"@type\":\"BreadcrumbList\",\"@id\":\"https:\/\/www.musculoesqueleticousp.com.br\/pesquisas\/orientadores\/raphael-martus-marcon\/#breadcrumb\",\"itemListElement\":[{\"@type\":\"ListItem\",\"position\":1,\"name\":\"Home\",\"item\":\"https:\/\/www.musculoesqueleticousp.com.br\/en\/\"},{\"@type\":\"ListItem\",\"position\":2,\"name\":\"Research\",\"item\":\"https:\/\/www.musculoesqueleticousp.com.br\/en\/pesquisas\/\"},{\"@type\":\"ListItem\",\"position\":3,\"name\":\"Orientadores\",\"item\":\"https:\/\/www.musculoesqueleticousp.com.br\/pesquisas\/orientadores\/\"},{\"@type\":\"ListItem\",\"position\":4,\"name\":\"Raphael Martus Marcon\"}]},{\"@type\":\"WebSite\",\"@id\":\"https:\/\/www.musculoesqueleticousp.com.br\/en\/#website\",\"url\":\"https:\/\/www.musculoesqueleticousp.com.br\/en\/\",\"name\":\"P\u00f3s-Gradua\u00e7\u00e3o em Ci\u00eancias do Sistema Musculoesquel\u00e9tico\",\"description\":\"Website do P\u00f3s-Gradua\u00e7\u00e3o em Ci\u00eancias do Sistema Musculoesquel\u00e9tico\",\"publisher\":{\"@id\":\"https:\/\/www.musculoesqueleticousp.com.br\/en\/#organization\"},\"potentialAction\":[{\"@type\":\"SearchAction\",\"target\":{\"@type\":\"EntryPoint\",\"urlTemplate\":\"https:\/\/www.musculoesqueleticousp.com.br\/en\/?s={search_term_string}\"},\"query-input\":{\"@type\":\"PropertyValueSpecification\",\"valueRequired\":true,\"valueName\":\"search_term_string\"}}],\"inLanguage\":\"en-US\"},{\"@type\":\"Organization\",\"@id\":\"https:\/\/www.musculoesqueleticousp.com.br\/en\/#organization\",\"name\":\"P\u00f3s-Gradua\u00e7\u00e3o em Ci\u00eancias do Sistema Musculoesquel\u00e9tico\",\"url\":\"https:\/\/www.musculoesqueleticousp.com.br\/en\/\",\"logo\":{\"@type\":\"ImageObject\",\"inLanguage\":\"en-US\",\"@id\":\"https:\/\/www.musculoesqueleticousp.com.br\/en\/#\/schema\/logo\/image\/\",\"url\":\"https:\/\/www.musculoesqueleticousp.com.br\/wp-content\/uploads\/2020\/04\/logo_pg_cme_v3_h120.png\",\"contentUrl\":\"https:\/\/www.musculoesqueleticousp.com.br\/wp-content\/uploads\/2020\/04\/logo_pg_cme_v3_h120.png\",\"width\":481,\"height\":120,\"caption\":\"P\u00f3s-Gradua\u00e7\u00e3o em Ci\u00eancias do Sistema Musculoesquel\u00e9tico\"},\"image\":{\"@id\":\"https:\/\/www.musculoesqueleticousp.com.br\/en\/#\/schema\/logo\/image\/\"}}]}<\/script>\n<!-- \/ Yoast SEO plugin. -->","yoast_head_json":{"title":"Raphael Martus Marcon - P\u00f3s-Gradua\u00e7\u00e3o em Ci\u00eancias do Sistema Musculoesquel\u00e9tico","robots":{"index":"index","follow":"follow","max-snippet":"max-snippet:-1","max-image-preview":"max-image-preview:large","max-video-preview":"max-video-preview:-1"},"canonical":"https:\/\/www.musculoesqueleticousp.com.br\/pesquisas\/orientadores\/raphael-martus-marcon\/","og_locale":"en_US","og_type":"article","og_title":"Raphael Martus Marcon - P\u00f3s-Gradua\u00e7\u00e3o em Ci\u00eancias do Sistema Musculoesquel\u00e9tico","og_description":"T\u00edtulo: Professor Associado E-mail: marconrm@me.com Lattes: http:\/\/lattes.cnpq.br\/9298324599649423 Orcid:\u00a0ID\u00a0 0000-0001-5958-5646 &#8211; https:\/\/orcid.org\/0000-0001-5958-5646 Scopus: ID 7004006949 &#8211; https:\/\/www.scopus.com\/authid\/detail.uri?authorId=7004006949 Google scholar:\u00a0 ID 6sZoQXUAAAAJ &#8211; https:\/\/scholar.google.com.br\/citations?user=6sZoQXUAAAAJ&amp;hl=pt-BR&amp;oi=ao Research ID: \u00a0K-9330-2017 &#8211; [&hellip;]","og_url":"https:\/\/www.musculoesqueleticousp.com.br\/pesquisas\/orientadores\/raphael-martus-marcon\/","og_site_name":"P\u00f3s-Gradua\u00e7\u00e3o em Ci\u00eancias do Sistema Musculoesquel\u00e9tico","article_modified_time":"2024-06-28T12:34:03+00:00","og_image":[{"url":"http:\/\/www.musculoesqueleticousp.com.br\/wp-content\/uploads\/2020\/05\/ed_FOTO_RAPHAEL-MARTUS-MARCON.jpg","type":"","width":"","height":""}],"twitter_card":"summary_large_image","twitter_misc":{"Est. reading time":"9 minutes"},"schema":{"@context":"https:\/\/schema.org","@graph":[{"@type":"WebPage","@id":"https:\/\/www.musculoesqueleticousp.com.br\/pesquisas\/orientadores\/raphael-martus-marcon\/","url":"https:\/\/www.musculoesqueleticousp.com.br\/pesquisas\/orientadores\/raphael-martus-marcon\/","name":"Raphael Martus Marcon - P\u00f3s-Gradua\u00e7\u00e3o em Ci\u00eancias do Sistema Musculoesquel\u00e9tico","isPartOf":{"@id":"https:\/\/www.musculoesqueleticousp.com.br\/en\/#website"},"primaryImageOfPage":{"@id":"https:\/\/www.musculoesqueleticousp.com.br\/pesquisas\/orientadores\/raphael-martus-marcon\/#primaryimage"},"image":{"@id":"https:\/\/www.musculoesqueleticousp.com.br\/pesquisas\/orientadores\/raphael-martus-marcon\/#primaryimage"},"thumbnailUrl":"http:\/\/www.musculoesqueleticousp.com.br\/wp-content\/uploads\/2020\/05\/ed_FOTO_RAPHAEL-MARTUS-MARCON.jpg","datePublished":"2020-05-15T14:19:28+00:00","dateModified":"2024-06-28T12:34:03+00:00","breadcrumb":{"@id":"https:\/\/www.musculoesqueleticousp.com.br\/pesquisas\/orientadores\/raphael-martus-marcon\/#breadcrumb"},"inLanguage":"en-US","potentialAction":[{"@type":"ReadAction","target":["https:\/\/www.musculoesqueleticousp.com.br\/pesquisas\/orientadores\/raphael-martus-marcon\/"]}]},{"@type":"ImageObject","inLanguage":"en-US","@id":"https:\/\/www.musculoesqueleticousp.com.br\/pesquisas\/orientadores\/raphael-martus-marcon\/#primaryimage","url":"http:\/\/www.musculoesqueleticousp.com.br\/wp-content\/uploads\/2020\/05\/ed_FOTO_RAPHAEL-MARTUS-MARCON.jpg","contentUrl":"http:\/\/www.musculoesqueleticousp.com.br\/wp-content\/uploads\/2020\/05\/ed_FOTO_RAPHAEL-MARTUS-MARCON.jpg"},{"@type":"BreadcrumbList","@id":"https:\/\/www.musculoesqueleticousp.com.br\/pesquisas\/orientadores\/raphael-martus-marcon\/#breadcrumb","itemListElement":[{"@type":"ListItem","position":1,"name":"Home","item":"https:\/\/www.musculoesqueleticousp.com.br\/en\/"},{"@type":"ListItem","position":2,"name":"Research","item":"https:\/\/www.musculoesqueleticousp.com.br\/en\/pesquisas\/"},{"@type":"ListItem","position":3,"name":"Orientadores","item":"https:\/\/www.musculoesqueleticousp.com.br\/pesquisas\/orientadores\/"},{"@type":"ListItem","position":4,"name":"Raphael Martus Marcon"}]},{"@type":"WebSite","@id":"https:\/\/www.musculoesqueleticousp.com.br\/en\/#website","url":"https:\/\/www.musculoesqueleticousp.com.br\/en\/","name":"P\u00f3s-Gradua\u00e7\u00e3o em Ci\u00eancias do Sistema Musculoesquel\u00e9tico","description":"Website do P\u00f3s-Gradua\u00e7\u00e3o em Ci\u00eancias do Sistema Musculoesquel\u00e9tico","publisher":{"@id":"https:\/\/www.musculoesqueleticousp.com.br\/en\/#organization"},"potentialAction":[{"@type":"SearchAction","target":{"@type":"EntryPoint","urlTemplate":"https:\/\/www.musculoesqueleticousp.com.br\/en\/?s={search_term_string}"},"query-input":{"@type":"PropertyValueSpecification","valueRequired":true,"valueName":"search_term_string"}}],"inLanguage":"en-US"},{"@type":"Organization","@id":"https:\/\/www.musculoesqueleticousp.com.br\/en\/#organization","name":"P\u00f3s-Gradua\u00e7\u00e3o em Ci\u00eancias do Sistema Musculoesquel\u00e9tico","url":"https:\/\/www.musculoesqueleticousp.com.br\/en\/","logo":{"@type":"ImageObject","inLanguage":"en-US","@id":"https:\/\/www.musculoesqueleticousp.com.br\/en\/#\/schema\/logo\/image\/","url":"https:\/\/www.musculoesqueleticousp.com.br\/wp-content\/uploads\/2020\/04\/logo_pg_cme_v3_h120.png","contentUrl":"https:\/\/www.musculoesqueleticousp.com.br\/wp-content\/uploads\/2020\/04\/logo_pg_cme_v3_h120.png","width":481,"height":120,"caption":"P\u00f3s-Gradua\u00e7\u00e3o em Ci\u00eancias do Sistema Musculoesquel\u00e9tico"},"image":{"@id":"https:\/\/www.musculoesqueleticousp.com.br\/en\/#\/schema\/logo\/image\/"}}]}},"_links":{"self":[{"href":"https:\/\/www.musculoesqueleticousp.com.br\/en\/wp-json\/wp\/v2\/pages\/642","targetHints":{"allow":["GET"]}}],"collection":[{"href":"https:\/\/www.musculoesqueleticousp.com.br\/en\/wp-json\/wp\/v2\/pages"}],"about":[{"href":"https:\/\/www.musculoesqueleticousp.com.br\/en\/wp-json\/wp\/v2\/types\/page"}],"author":[{"embeddable":true,"href":"https:\/\/www.musculoesqueleticousp.com.br\/en\/wp-json\/wp\/v2\/users\/1"}],"replies":[{"embeddable":true,"href":"https:\/\/www.musculoesqueleticousp.com.br\/en\/wp-json\/wp\/v2\/comments?post=642"}],"version-history":[{"count":8,"href":"https:\/\/www.musculoesqueleticousp.com.br\/en\/wp-json\/wp\/v2\/pages\/642\/revisions"}],"predecessor-version":[{"id":2987,"href":"https:\/\/www.musculoesqueleticousp.com.br\/en\/wp-json\/wp\/v2\/pages\/642\/revisions\/2987"}],"up":[{"embeddable":true,"href":"https:\/\/www.musculoesqueleticousp.com.br\/en\/wp-json\/wp\/v2\/pages\/25"}],"wp:attachment":[{"href":"https:\/\/www.musculoesqueleticousp.com.br\/en\/wp-json\/wp\/v2\/media?parent=642"}],"curies":[{"name":"wp","href":"https:\/\/api.w.org\/{rel}","templated":true}]}}