{"id":613,"date":"2020-05-08T10:56:03","date_gmt":"2020-05-08T13:56:03","guid":{"rendered":"http:\/\/www.musculoesqueleticousp.com.br\/?page_id=613"},"modified":"2024-06-18T16:55:30","modified_gmt":"2024-06-18T19:55:30","slug":"tarcisio-eloy-pessoa-de-barros-filho","status":"publish","type":"page","link":"https:\/\/www.musculoesqueleticousp.com.br\/en\/pesquisas\/orientadores\/tarcisio-eloy-pessoa-de-barros-filho\/","title":{"rendered":"Tarcisio Eloy Pessoa de Barros Filho"},"content":{"rendered":"<p><strong><img loading=\"lazy\" decoding=\"async\" class=\"alignleft size-full wp-image-614\" src=\"http:\/\/www.musculoesqueleticousp.com.br\/wp-content\/uploads\/2020\/05\/e_FOTO_TARCISIO-ELOY-PESSOA-DE-BARROS-FILHO.jpg\" alt=\"\" width=\"162\" height=\"225\" srcset=\"https:\/\/www.musculoesqueleticousp.com.br\/wp-content\/uploads\/2020\/05\/e_FOTO_TARCISIO-ELOY-PESSOA-DE-BARROS-FILHO.jpg 162w, https:\/\/www.musculoesqueleticousp.com.br\/wp-content\/uploads\/2020\/05\/e_FOTO_TARCISIO-ELOY-PESSOA-DE-BARROS-FILHO-105x146.jpg 105w, https:\/\/www.musculoesqueleticousp.com.br\/wp-content\/uploads\/2020\/05\/e_FOTO_TARCISIO-ELOY-PESSOA-DE-BARROS-FILHO-36x50.jpg 36w, https:\/\/www.musculoesqueleticousp.com.br\/wp-content\/uploads\/2020\/05\/e_FOTO_TARCISIO-ELOY-PESSOA-DE-BARROS-FILHO-54x75.jpg 54w\" sizes=\"auto, (max-width: 162px) 100vw, 162px\" \/>T\u00edtulo:<\/strong> Professor Titular \/ Diretor da FMUSP<br \/>\n<strong>E-mail: <\/strong><a href=\"mailto:pebarros@globo.com\">pebarros@globo.com<\/a><br \/>\n<strong>Lattes: <\/strong><a href=\"http:\/\/lattes.cnpq.br\/0184210970787271\" target=\"_blank\" rel=\"noopener noreferrer\">http:\/\/lattes.cnpq.br\/0184210970787271<\/a><br \/>\n<strong>Orcid<\/strong>: ID 0000-0002-7969-7845 &#8211; <a href=\"https:\/\/orcid.org\/0000-0002-7969-7845\">https:\/\/orcid.org\/0000-0002-7969-7845<\/a><br \/>\n<strong>Scopus<\/strong>: ID 6603692073 &#8211; <a href=\"https:\/\/www.scopus.com\/authid\/detail.uri?authorId=6603692073\">https:\/\/www.scopus.com\/authid\/detail.uri?authorId=6603692073<\/a><br \/>\n<strong>Google Scholar<\/strong>: ID 7l3xjjyaaaaj &#8211; <a href=\"https:\/\/scholar.google.com.br\/citations?user=7l3XJjYAAAAJ&amp;hl=pt-BR&amp;oi=ao\">https:\/\/scholar.google.com.br\/citations?user=7l3XJjYAAAAJ&amp;hl=pt-BR&amp;oi=ao<\/a><br \/>\n<strong>Research ID:<\/strong> K-3138-2016 &#8211; <a href=\"https:\/\/publons.com\/researcher\/2242143\/tarcisio-ep-barros-filho\/\">https:\/\/publons.com\/researcher\/2242143\/tarcisio-ep-barros-filho\/<\/a><\/p>\n<h2><strong>Line of research: <\/strong><\/h2>\n<p><strong>Main:\u00a0<\/strong>Spinal cord trauma; spinal disorders and stem cell research in spinal disorders<\/p>\n<h2>Summary<\/h2>\n<p>Laboratory coordinator a) Letran &#8211;\u00a0a specialized laboratory for experimental research in the area of nerve repair and reconstruction; b) Cenatra &#8211; Center of Reference for the Integrated Specialized Care of Spinal Cord Trauma.<\/p>\n<ol>\n<li>a) At Letran international standards for the standardization and validation of spinal cord contusions are used. The laboratory has a computerized drop weight impact tester (New York Impactor), developed by New York University, USA, and adopted by the Multicenter Animal Spinal Cord Injury Study \u2013 MASCIS, coordinated by Prof. Wise Young of Rutgers University, for standardized use and validation of spinal cord contusions in Wistar rats.<\/li>\n<\/ol>\n<p>It develops new therapeutic techniques using stem cells, growth factors and tissue engineering. It is one of Cenatra\u2019s main advanced research facilities.<\/p>\n<ol>\n<li>b) Cenatra \u2013\u00a0Center of Reference for the Integrated Specialized Care of Spinal Cord Trauma. Line of work: Nuclear, multicenter, interinstitutional, multidisciplinary and multiprofessional program for tertiary and quaternary medical and paramedical assistance for patients suffering from spinal cord trauma.<\/li>\n<\/ol>\n<p>Both laboratories have the capacity to receive undergraduate and graduate students, residents and national and international researchers for the development of research protocols for several spinal disorders.<\/p>\n<h2>Relevant articles:<\/h2>\n<ol>\n<li>Petersen PA, Marcon RM, Letaif OB, Mello Santos MA, Oliveira RG, Barros Filho TE, Cristante AF. Does Kyphectomy Improve the Quality of Life of Patients With yelomeningocele? Clin Orthop Relat Res. 2020 Jan;478(1):104-111.<\/li>\n<li>Barros AGC, Cristante AF, Santos GBD, Natalino RJM, Ferreira RJR, Barros-Filho TEP. Evaluation of the effects of erythropoietin and interleukin-6 in rats submitted to acute spinal cord injury. Clinics (Sao Paulo). 2019;74:e674.<\/li>\n<li>Tavares Junior MCM, de Souza JPV, Araujo TPF, Marcon RM, Cristante AF, de Barros Filho TEP, Letaif OB. Comparative tomographic study of the S2-alar-iliac screw versus the iliac screw. Eur Spine J. 2019;28(4):855-862.<\/li>\n<li>Fernandes LG, Cristante AF, Marcon RM, de Barros Filho TEP, Letaif OB. Feasibility of anterior screw fixation in children: a tomographic study. Eur Spine J. 2018;27(6):1388-1392.<\/li>\n<li>de Mesquita Coutinho PR, Cristante AF, de Barros Filho TE, Ferreira R, Dos Santos GB. Effects of tacrolimus and erythropoietin in experimental spinal cord lesion in rats: functional and histological evaluation. Spinal Cord. 2016;54(6):439-44.<\/li>\n<\/ol>\n<p>&nbsp;<\/p>\n<h2><strong>PROJETOS ORIENTADOR\/ LINHA<\/strong><\/h2>\n<p><strong>Linha 1. MODELOS PARA AN\u00c1LISE DE LES\u00d5ES DO SISTEMA NERVOSO<br \/>\n<\/strong><strong>PROJETO TARCISIO BARROS: <\/strong>FRATURAS DA COLUNA VERTEBRAL<br \/>\n<strong>PROJETO TARCISIO BARROS:<\/strong> TRAUMARAQUIMEDULAR<br \/>\n<strong>Linha 3. DIST\u00daRBIOS DEGENERATIVOS, INFLAMAT\u00d3RIOS E ESTRUTURAIS DO SISTEMA LOCOMOTOR<br \/>\n<\/strong><strong>PROJETO TARCISIO BARROS:<\/strong> TUMORES DA COLUNA VERTEBRAL<\/p>","protected":false},"excerpt":{"rendered":"<p>T\u00edtulo: Professor Titular \/ Diretor da FMUSP E-mail: pebarros@globo.com Lattes: http:\/\/lattes.cnpq.br\/0184210970787271 Orcid: ID 0000-0002-7969-7845 &#8211; https:\/\/orcid.org\/0000-0002-7969-7845 Scopus: ID 6603692073 &#8211; https:\/\/www.scopus.com\/authid\/detail.uri?authorId=6603692073 Google Scholar: ID 7l3xjjyaaaaj &#8211; [&hellip;]<\/p>\n","protected":false},"author":1,"featured_media":0,"parent":25,"menu_order":0,"comment_status":"closed","ping_status":"closed","template":"","meta":{"footnotes":""},"class_list":["post-613","page","type-page","status-publish","hentry"],"yoast_head":"<!-- This site is optimized with the Yoast SEO plugin v25.5 - https:\/\/yoast.com\/wordpress\/plugins\/seo\/ -->\n<title>Tarcisio Eloy Pessoa de Barros Filho - P\u00f3s-Gradua\u00e7\u00e3o em Ci\u00eancias do Sistema Musculoesquel\u00e9tico<\/title>\n<meta name=\"robots\" content=\"index, follow, max-snippet:-1, max-image-preview:large, max-video-preview:-1\" \/>\n<link rel=\"canonical\" href=\"https:\/\/www.musculoesqueleticousp.com.br\/pesquisas\/orientadores\/tarcisio-eloy-pessoa-de-barros-filho\/\" \/>\n<meta property=\"og:locale\" content=\"en_US\" \/>\n<meta property=\"og:type\" content=\"article\" \/>\n<meta property=\"og:title\" content=\"Tarcisio Eloy Pessoa de Barros Filho - P\u00f3s-Gradua\u00e7\u00e3o em Ci\u00eancias do Sistema Musculoesquel\u00e9tico\" \/>\n<meta property=\"og:description\" content=\"T\u00edtulo: Professor Titular \/ Diretor da FMUSP E-mail: pebarros@globo.com Lattes: http:\/\/lattes.cnpq.br\/0184210970787271 Orcid: ID 0000-0002-7969-7845 &#8211; https:\/\/orcid.org\/0000-0002-7969-7845 Scopus: ID 6603692073 &#8211; https:\/\/www.scopus.com\/authid\/detail.uri?authorId=6603692073 Google Scholar: ID 7l3xjjyaaaaj &#8211; [&hellip;]\" \/>\n<meta property=\"og:url\" content=\"https:\/\/www.musculoesqueleticousp.com.br\/pesquisas\/orientadores\/tarcisio-eloy-pessoa-de-barros-filho\/\" \/>\n<meta property=\"og:site_name\" content=\"P\u00f3s-Gradua\u00e7\u00e3o em Ci\u00eancias do Sistema Musculoesquel\u00e9tico\" \/>\n<meta property=\"article:modified_time\" content=\"2024-06-18T19:55:30+00:00\" \/>\n<meta property=\"og:image\" content=\"http:\/\/www.musculoesqueleticousp.com.br\/wp-content\/uploads\/2020\/05\/e_FOTO_TARCISIO-ELOY-PESSOA-DE-BARROS-FILHO.jpg\" \/>\n<meta name=\"twitter:card\" content=\"summary_large_image\" \/>\n<meta name=\"twitter:label1\" content=\"Est. reading time\" \/>\n\t<meta name=\"twitter:data1\" content=\"8 minutes\" \/>\n<script type=\"application\/ld+json\" class=\"yoast-schema-graph\">{\"@context\":\"https:\/\/schema.org\",\"@graph\":[{\"@type\":\"WebPage\",\"@id\":\"https:\/\/www.musculoesqueleticousp.com.br\/pesquisas\/orientadores\/tarcisio-eloy-pessoa-de-barros-filho\/\",\"url\":\"https:\/\/www.musculoesqueleticousp.com.br\/pesquisas\/orientadores\/tarcisio-eloy-pessoa-de-barros-filho\/\",\"name\":\"Tarcisio Eloy Pessoa de Barros Filho - P\u00f3s-Gradua\u00e7\u00e3o em Ci\u00eancias do Sistema Musculoesquel\u00e9tico\",\"isPartOf\":{\"@id\":\"https:\/\/www.musculoesqueleticousp.com.br\/en\/#website\"},\"primaryImageOfPage\":{\"@id\":\"https:\/\/www.musculoesqueleticousp.com.br\/pesquisas\/orientadores\/tarcisio-eloy-pessoa-de-barros-filho\/#primaryimage\"},\"image\":{\"@id\":\"https:\/\/www.musculoesqueleticousp.com.br\/pesquisas\/orientadores\/tarcisio-eloy-pessoa-de-barros-filho\/#primaryimage\"},\"thumbnailUrl\":\"http:\/\/www.musculoesqueleticousp.com.br\/wp-content\/uploads\/2020\/05\/e_FOTO_TARCISIO-ELOY-PESSOA-DE-BARROS-FILHO.jpg\",\"datePublished\":\"2020-05-08T13:56:03+00:00\",\"dateModified\":\"2024-06-18T19:55:30+00:00\",\"breadcrumb\":{\"@id\":\"https:\/\/www.musculoesqueleticousp.com.br\/pesquisas\/orientadores\/tarcisio-eloy-pessoa-de-barros-filho\/#breadcrumb\"},\"inLanguage\":\"en-US\",\"potentialAction\":[{\"@type\":\"ReadAction\",\"target\":[\"https:\/\/www.musculoesqueleticousp.com.br\/pesquisas\/orientadores\/tarcisio-eloy-pessoa-de-barros-filho\/\"]}]},{\"@type\":\"ImageObject\",\"inLanguage\":\"en-US\",\"@id\":\"https:\/\/www.musculoesqueleticousp.com.br\/pesquisas\/orientadores\/tarcisio-eloy-pessoa-de-barros-filho\/#primaryimage\",\"url\":\"http:\/\/www.musculoesqueleticousp.com.br\/wp-content\/uploads\/2020\/05\/e_FOTO_TARCISIO-ELOY-PESSOA-DE-BARROS-FILHO.jpg\",\"contentUrl\":\"http:\/\/www.musculoesqueleticousp.com.br\/wp-content\/uploads\/2020\/05\/e_FOTO_TARCISIO-ELOY-PESSOA-DE-BARROS-FILHO.jpg\"},{\"@type\":\"BreadcrumbList\",\"@id\":\"https:\/\/www.musculoesqueleticousp.com.br\/pesquisas\/orientadores\/tarcisio-eloy-pessoa-de-barros-filho\/#breadcrumb\",\"itemListElement\":[{\"@type\":\"ListItem\",\"position\":1,\"name\":\"Home\",\"item\":\"https:\/\/www.musculoesqueleticousp.com.br\/en\/\"},{\"@type\":\"ListItem\",\"position\":2,\"name\":\"Research\",\"item\":\"https:\/\/www.musculoesqueleticousp.com.br\/en\/pesquisas\/\"},{\"@type\":\"ListItem\",\"position\":3,\"name\":\"Orientadores\",\"item\":\"https:\/\/www.musculoesqueleticousp.com.br\/pesquisas\/orientadores\/\"},{\"@type\":\"ListItem\",\"position\":4,\"name\":\"Tarcisio Eloy Pessoa de Barros Filho\"}]},{\"@type\":\"WebSite\",\"@id\":\"https:\/\/www.musculoesqueleticousp.com.br\/en\/#website\",\"url\":\"https:\/\/www.musculoesqueleticousp.com.br\/en\/\",\"name\":\"P\u00f3s-Gradua\u00e7\u00e3o em Ci\u00eancias do Sistema Musculoesquel\u00e9tico\",\"description\":\"Website do P\u00f3s-Gradua\u00e7\u00e3o em Ci\u00eancias do Sistema Musculoesquel\u00e9tico\",\"publisher\":{\"@id\":\"https:\/\/www.musculoesqueleticousp.com.br\/en\/#organization\"},\"potentialAction\":[{\"@type\":\"SearchAction\",\"target\":{\"@type\":\"EntryPoint\",\"urlTemplate\":\"https:\/\/www.musculoesqueleticousp.com.br\/en\/?s={search_term_string}\"},\"query-input\":{\"@type\":\"PropertyValueSpecification\",\"valueRequired\":true,\"valueName\":\"search_term_string\"}}],\"inLanguage\":\"en-US\"},{\"@type\":\"Organization\",\"@id\":\"https:\/\/www.musculoesqueleticousp.com.br\/en\/#organization\",\"name\":\"P\u00f3s-Gradua\u00e7\u00e3o em Ci\u00eancias do Sistema Musculoesquel\u00e9tico\",\"url\":\"https:\/\/www.musculoesqueleticousp.com.br\/en\/\",\"logo\":{\"@type\":\"ImageObject\",\"inLanguage\":\"en-US\",\"@id\":\"https:\/\/www.musculoesqueleticousp.com.br\/en\/#\/schema\/logo\/image\/\",\"url\":\"https:\/\/www.musculoesqueleticousp.com.br\/wp-content\/uploads\/2020\/04\/logo_pg_cme_v3_h120.png\",\"contentUrl\":\"https:\/\/www.musculoesqueleticousp.com.br\/wp-content\/uploads\/2020\/04\/logo_pg_cme_v3_h120.png\",\"width\":481,\"height\":120,\"caption\":\"P\u00f3s-Gradua\u00e7\u00e3o em Ci\u00eancias do Sistema Musculoesquel\u00e9tico\"},\"image\":{\"@id\":\"https:\/\/www.musculoesqueleticousp.com.br\/en\/#\/schema\/logo\/image\/\"}}]}<\/script>\n<!-- \/ Yoast SEO plugin. -->","yoast_head_json":{"title":"Tarcisio Eloy Pessoa de Barros Filho - P\u00f3s-Gradua\u00e7\u00e3o em Ci\u00eancias do Sistema Musculoesquel\u00e9tico","robots":{"index":"index","follow":"follow","max-snippet":"max-snippet:-1","max-image-preview":"max-image-preview:large","max-video-preview":"max-video-preview:-1"},"canonical":"https:\/\/www.musculoesqueleticousp.com.br\/pesquisas\/orientadores\/tarcisio-eloy-pessoa-de-barros-filho\/","og_locale":"en_US","og_type":"article","og_title":"Tarcisio Eloy Pessoa de Barros Filho - P\u00f3s-Gradua\u00e7\u00e3o em Ci\u00eancias do Sistema Musculoesquel\u00e9tico","og_description":"T\u00edtulo: Professor Titular \/ Diretor da FMUSP E-mail: pebarros@globo.com Lattes: http:\/\/lattes.cnpq.br\/0184210970787271 Orcid: ID 0000-0002-7969-7845 &#8211; https:\/\/orcid.org\/0000-0002-7969-7845 Scopus: ID 6603692073 &#8211; https:\/\/www.scopus.com\/authid\/detail.uri?authorId=6603692073 Google Scholar: ID 7l3xjjyaaaaj &#8211; [&hellip;]","og_url":"https:\/\/www.musculoesqueleticousp.com.br\/pesquisas\/orientadores\/tarcisio-eloy-pessoa-de-barros-filho\/","og_site_name":"P\u00f3s-Gradua\u00e7\u00e3o em Ci\u00eancias do Sistema Musculoesquel\u00e9tico","article_modified_time":"2024-06-18T19:55:30+00:00","og_image":[{"url":"http:\/\/www.musculoesqueleticousp.com.br\/wp-content\/uploads\/2020\/05\/e_FOTO_TARCISIO-ELOY-PESSOA-DE-BARROS-FILHO.jpg","type":"","width":"","height":""}],"twitter_card":"summary_large_image","twitter_misc":{"Est. reading time":"8 minutes"},"schema":{"@context":"https:\/\/schema.org","@graph":[{"@type":"WebPage","@id":"https:\/\/www.musculoesqueleticousp.com.br\/pesquisas\/orientadores\/tarcisio-eloy-pessoa-de-barros-filho\/","url":"https:\/\/www.musculoesqueleticousp.com.br\/pesquisas\/orientadores\/tarcisio-eloy-pessoa-de-barros-filho\/","name":"Tarcisio Eloy Pessoa de Barros Filho - P\u00f3s-Gradua\u00e7\u00e3o em Ci\u00eancias do Sistema Musculoesquel\u00e9tico","isPartOf":{"@id":"https:\/\/www.musculoesqueleticousp.com.br\/en\/#website"},"primaryImageOfPage":{"@id":"https:\/\/www.musculoesqueleticousp.com.br\/pesquisas\/orientadores\/tarcisio-eloy-pessoa-de-barros-filho\/#primaryimage"},"image":{"@id":"https:\/\/www.musculoesqueleticousp.com.br\/pesquisas\/orientadores\/tarcisio-eloy-pessoa-de-barros-filho\/#primaryimage"},"thumbnailUrl":"http:\/\/www.musculoesqueleticousp.com.br\/wp-content\/uploads\/2020\/05\/e_FOTO_TARCISIO-ELOY-PESSOA-DE-BARROS-FILHO.jpg","datePublished":"2020-05-08T13:56:03+00:00","dateModified":"2024-06-18T19:55:30+00:00","breadcrumb":{"@id":"https:\/\/www.musculoesqueleticousp.com.br\/pesquisas\/orientadores\/tarcisio-eloy-pessoa-de-barros-filho\/#breadcrumb"},"inLanguage":"en-US","potentialAction":[{"@type":"ReadAction","target":["https:\/\/www.musculoesqueleticousp.com.br\/pesquisas\/orientadores\/tarcisio-eloy-pessoa-de-barros-filho\/"]}]},{"@type":"ImageObject","inLanguage":"en-US","@id":"https:\/\/www.musculoesqueleticousp.com.br\/pesquisas\/orientadores\/tarcisio-eloy-pessoa-de-barros-filho\/#primaryimage","url":"http:\/\/www.musculoesqueleticousp.com.br\/wp-content\/uploads\/2020\/05\/e_FOTO_TARCISIO-ELOY-PESSOA-DE-BARROS-FILHO.jpg","contentUrl":"http:\/\/www.musculoesqueleticousp.com.br\/wp-content\/uploads\/2020\/05\/e_FOTO_TARCISIO-ELOY-PESSOA-DE-BARROS-FILHO.jpg"},{"@type":"BreadcrumbList","@id":"https:\/\/www.musculoesqueleticousp.com.br\/pesquisas\/orientadores\/tarcisio-eloy-pessoa-de-barros-filho\/#breadcrumb","itemListElement":[{"@type":"ListItem","position":1,"name":"Home","item":"https:\/\/www.musculoesqueleticousp.com.br\/en\/"},{"@type":"ListItem","position":2,"name":"Research","item":"https:\/\/www.musculoesqueleticousp.com.br\/en\/pesquisas\/"},{"@type":"ListItem","position":3,"name":"Orientadores","item":"https:\/\/www.musculoesqueleticousp.com.br\/pesquisas\/orientadores\/"},{"@type":"ListItem","position":4,"name":"Tarcisio Eloy Pessoa de Barros Filho"}]},{"@type":"WebSite","@id":"https:\/\/www.musculoesqueleticousp.com.br\/en\/#website","url":"https:\/\/www.musculoesqueleticousp.com.br\/en\/","name":"P\u00f3s-Gradua\u00e7\u00e3o em Ci\u00eancias do Sistema Musculoesquel\u00e9tico","description":"Website do P\u00f3s-Gradua\u00e7\u00e3o em Ci\u00eancias do Sistema Musculoesquel\u00e9tico","publisher":{"@id":"https:\/\/www.musculoesqueleticousp.com.br\/en\/#organization"},"potentialAction":[{"@type":"SearchAction","target":{"@type":"EntryPoint","urlTemplate":"https:\/\/www.musculoesqueleticousp.com.br\/en\/?s={search_term_string}"},"query-input":{"@type":"PropertyValueSpecification","valueRequired":true,"valueName":"search_term_string"}}],"inLanguage":"en-US"},{"@type":"Organization","@id":"https:\/\/www.musculoesqueleticousp.com.br\/en\/#organization","name":"P\u00f3s-Gradua\u00e7\u00e3o em Ci\u00eancias do Sistema Musculoesquel\u00e9tico","url":"https:\/\/www.musculoesqueleticousp.com.br\/en\/","logo":{"@type":"ImageObject","inLanguage":"en-US","@id":"https:\/\/www.musculoesqueleticousp.com.br\/en\/#\/schema\/logo\/image\/","url":"https:\/\/www.musculoesqueleticousp.com.br\/wp-content\/uploads\/2020\/04\/logo_pg_cme_v3_h120.png","contentUrl":"https:\/\/www.musculoesqueleticousp.com.br\/wp-content\/uploads\/2020\/04\/logo_pg_cme_v3_h120.png","width":481,"height":120,"caption":"P\u00f3s-Gradua\u00e7\u00e3o em Ci\u00eancias do Sistema Musculoesquel\u00e9tico"},"image":{"@id":"https:\/\/www.musculoesqueleticousp.com.br\/en\/#\/schema\/logo\/image\/"}}]}},"_links":{"self":[{"href":"https:\/\/www.musculoesqueleticousp.com.br\/en\/wp-json\/wp\/v2\/pages\/613","targetHints":{"allow":["GET"]}}],"collection":[{"href":"https:\/\/www.musculoesqueleticousp.com.br\/en\/wp-json\/wp\/v2\/pages"}],"about":[{"href":"https:\/\/www.musculoesqueleticousp.com.br\/en\/wp-json\/wp\/v2\/types\/page"}],"author":[{"embeddable":true,"href":"https:\/\/www.musculoesqueleticousp.com.br\/en\/wp-json\/wp\/v2\/users\/1"}],"replies":[{"embeddable":true,"href":"https:\/\/www.musculoesqueleticousp.com.br\/en\/wp-json\/wp\/v2\/comments?post=613"}],"version-history":[{"count":8,"href":"https:\/\/www.musculoesqueleticousp.com.br\/en\/wp-json\/wp\/v2\/pages\/613\/revisions"}],"predecessor-version":[{"id":2861,"href":"https:\/\/www.musculoesqueleticousp.com.br\/en\/wp-json\/wp\/v2\/pages\/613\/revisions\/2861"}],"up":[{"embeddable":true,"href":"https:\/\/www.musculoesqueleticousp.com.br\/en\/wp-json\/wp\/v2\/pages\/25"}],"wp:attachment":[{"href":"https:\/\/www.musculoesqueleticousp.com.br\/en\/wp-json\/wp\/v2\/media?parent=613"}],"curies":[{"name":"wp","href":"https:\/\/api.w.org\/{rel}","templated":true}]}}