{"id":608,"date":"2020-05-08T10:51:40","date_gmt":"2020-05-08T13:51:40","guid":{"rendered":"http:\/\/www.musculoesqueleticousp.com.br\/?page_id=608"},"modified":"2024-06-18T16:39:45","modified_gmt":"2024-06-18T19:39:45","slug":"marcelo-rosa-de-rezende","status":"publish","type":"page","link":"https:\/\/www.musculoesqueleticousp.com.br\/en\/pesquisas\/orientadores\/marcelo-rosa-de-rezende\/","title":{"rendered":"Marcelo Rosa de Rezende"},"content":{"rendered":"<p><strong><img loading=\"lazy\" decoding=\"async\" class=\"alignleft size-full wp-image-609\" src=\"http:\/\/www.musculoesqueleticousp.com.br\/wp-content\/uploads\/2020\/05\/e_FOTO_MARCELO-ROSA-DE-REZENDE.jpg\" alt=\"\" width=\"165\" height=\"225\" srcset=\"https:\/\/www.musculoesqueleticousp.com.br\/wp-content\/uploads\/2020\/05\/e_FOTO_MARCELO-ROSA-DE-REZENDE.jpg 165w, https:\/\/www.musculoesqueleticousp.com.br\/wp-content\/uploads\/2020\/05\/e_FOTO_MARCELO-ROSA-DE-REZENDE-107x146.jpg 107w, https:\/\/www.musculoesqueleticousp.com.br\/wp-content\/uploads\/2020\/05\/e_FOTO_MARCELO-ROSA-DE-REZENDE-37x50.jpg 37w, https:\/\/www.musculoesqueleticousp.com.br\/wp-content\/uploads\/2020\/05\/e_FOTO_MARCELO-ROSA-DE-REZENDE-55x75.jpg 55w\" sizes=\"auto, (max-width: 165px) 100vw, 165px\" \/><\/strong><\/p>\n<p><b><strong>T\u00edtulo:<\/strong><\/b> Phd<br \/>\n<b><strong>E-mail:\u00a0<\/strong><\/b><a href=\"mailto:marcelo@marcelorosaderezende.com.br\">marcelo@marcelorosaderezende.com.br<\/a><br \/>\n<b><strong>Lattes:\u00a0<\/strong><\/b><a href=\"http:\/\/buscatextual.cnpq.br\/buscatextual\/visualizacv.do?metodo=apresentar&amp;id=K4537804P7\">http:\/\/lattes.cnpq.br\/2847976529789238<\/a><br \/>\n<b><strong>Orcid<\/strong><\/b>:\u00a0ID 0000-0003-3441-8117 &#8211;\u00a0<a href=\"https:\/\/orcid.org\/0000-0003-3441-8117\">https:\/\/orcid.org\/0000-0003-3441-8117<\/a><br \/>\n<b><strong>Scopus<\/strong><\/b>: ID\u00a06603549896\u00a0&#8211;\u00a0<a href=\"https:\/\/www.scopus.com\/authid\/detail.uri?authorId=6603549896\">https:\/\/www.scopus.com\/authid\/detail.uri?authorId=6603549896<\/a><br \/>\n<b><strong>Google Scholar<\/strong><\/b>: ID 7d57I-oAAAAJ<b><strong>\u00a0&#8211;<a href=\"https:\/\/scholar.google.com.br\/citations?user=7d57I-oAAAAJ&amp;hl=pt-BR&amp;oi=ao\">\u00a0<\/a><\/strong><\/b>https:\/\/scholar.google.com.br\/citations?user=7d57I-oAAAAJ&amp;hl=pt-BR&amp;oi=ao<br \/>\n<b><strong>Research ID<\/strong><\/b>: AAZ-1293-2020 &#8211;\u00a0<a href=\"https:\/\/publons.com\/researcher\/3900995\/marcelo-rosa-de-rezende\/\">https:\/\/publons.com\/researcher\/3900995\/marcelo-rosa-de-rezende\/<\/a><\/p>\n<p><strong>Line of Research: <\/strong>Regeneration in the musculoskeletal system applied to techniques of hand surgery and reconstructive microsurgery (vascularized bone transplant, inflammatory diseases, tendon injuries, peripheral nerve injuries, brachial plexus injuries, autologous and homologous tissue transplants).<\/p>\n<h2><strong> Summary<\/strong><\/h2>\n<p>I have developed my research in:<\/p>\n<p>&#8211; Epidemiology in health services (Traumatic Injuries from Traffic\/Electric Saw Accidents)<\/p>\n<p>&#8211; Model for analysis of nervous system injuries (Brachial Plexus\/Obstetric Paralysis\/Tetraplegia)<\/p>\n<p>&#8211; Clinical and experimental models for the functional analysis of movement (Functional Transplants for the Upper Limb)<br \/>\n&#8211; Degenerative inflammatory and structural disorders of the locomotor system<\/p>\n<p>(Osteoarthrosis\/Rheumatoid disease\/Post-traumatic reconstruction of the upper and lower limbs)<\/p>\n<p>The epidemiological studies are related to patients who are victims of complex trauma, as well as to the effectiveness of specific therapies proposed for acute and chronic conditions. Peripheral nerve injuries, especially brachial plexus injury, are an important theme of our research, through reconstructive therapeutic proposals and comparative studies of procedures already established in the literature. Reconstructive microsurgery is also an important area of our studies, focused on new surgical techniques for skin coverage and replantation, and the study of factors that influence the success rates of these procedures.<\/p>\n<h2><strong>Relevant articles:<\/strong><\/h2>\n<ol>\n<li>Cho AB, Bersani Silva G, Pisani MJ, Alves JA, Iamaguchi RB, Wei TH, de Rezende MR. Comparison between donor nerves to motorize the free functional gracilis muscle transfer for elbow flexion: Retrospective study of 38 consecutive cases in traumatic adult brachial plexus injuries. 2019 Jul;39(5):400-404.<\/li>\n<li>de Rezende MR, Saito M, Paulos RG, Ribak S, Abarca Herrera AK, Cho \u00c1B, Mattar R Jr. Reduction of Morbidity With a Reverse-Flow Sural Flap: A Two-Stage Technique. J Foot Ankle Surg. 2018 Jul &#8211; Aug;57(4):821-825..<\/li>\n<li>de Carvalho HB, Andreuccetti G, Rezende MR, Bernini C, Silva JS, Leyton V, D&#8217;Andr\u00e9a Greve JM. Alcohol and drug involvement in motorcycle driver injuries in the city of Sao Paulo, Brazil: Analysis of crash culpability and other associated factors. Drug Alcohol Depend. 2016 May 1;162:199-205.<\/li>\n<li>Rezende MR, Silva GB, Paula EJ, Mattar Junior R, Camargo OP. What has changed in brachial plexus surgery?. Clinics (Sao Paulo). 2013;68(3):411-8. doi: 10.6061\/clinics\/2013(03)r02.<\/li>\n<li>Rezende MR, Rabelo NT, Wei TH, Mattar Junior R, de Paula EL, Zumiotti AV. Skin coverage of the middle-distal segment of the leg with a pedicled perforator flap. J Orthop Trauma. 2010 Apr;24(4):236-43.<\/li>\n<\/ol>\n<h2><strong>PROJETOS ORIENTADOR\/ LINHA<\/strong><\/h2>\n<p><strong>Linha 1. MODELOS PARA AN\u00c1LISE DE LES\u00d5ES DO SISTEMA NERVOSO<br \/>\n<\/strong><strong>PROJETO MARCELO ROSA: <\/strong>ESTUDO ESTRUTURAL DE NERVOS PERIF\u00c9RICOS<br \/>\n<strong>Linha 2. DESENVOLVIMENTO DE ENSAIOS E MODELOS PARA SUBSTITUI\u00c7\u00c3O ARTICULAR E INSTABILIDADE ARTICULARES<br \/>\n<\/strong><strong>PROJETO MARCELO ROSA:<\/strong> ESTUDOS DAS ALTERA\u00c7\u00d5ES DEGENERATIVAS<br \/>\n<strong>Linha 3. DIST\u00daRBIOS DEGENERATIVOS, INFLAMAT\u00d3RIOS E ESTRUTURAIS DO SISTEMA LOCOMOTOR<br \/>\n<\/strong><strong>PROJETO MARCELO ROSA:<\/strong> ESTUDOS DAS REPERCUSS\u00d5ES MUSCULOESQUEL\u00c9TICAS NAS PATOLOGIAS INFLAMAT\u00d3RIAS<\/p>","protected":false},"excerpt":{"rendered":"<p>T\u00edtulo: Phd E-mail:\u00a0marcelo@marcelorosaderezende.com.br Lattes:\u00a0http:\/\/lattes.cnpq.br\/2847976529789238 Orcid:\u00a0ID 0000-0003-3441-8117 &#8211;\u00a0https:\/\/orcid.org\/0000-0003-3441-8117 Scopus: ID\u00a06603549896\u00a0&#8211;\u00a0https:\/\/www.scopus.com\/authid\/detail.uri?authorId=6603549896 Google Scholar: ID 7d57I-oAAAAJ\u00a0&#8211;\u00a0https:\/\/scholar.google.com.br\/citations?user=7d57I-oAAAAJ&amp;hl=pt-BR&amp;oi=ao Research ID: AAZ-1293-2020 &#8211;\u00a0https:\/\/publons.com\/researcher\/3900995\/marcelo-rosa-de-rezende\/ Line of Research: Regeneration in the musculoskeletal system applied [&hellip;]<\/p>\n","protected":false},"author":1,"featured_media":0,"parent":25,"menu_order":0,"comment_status":"closed","ping_status":"closed","template":"","meta":{"footnotes":""},"class_list":["post-608","page","type-page","status-publish","hentry"],"yoast_head":"<!-- This site is optimized with the Yoast SEO plugin v25.5 - https:\/\/yoast.com\/wordpress\/plugins\/seo\/ -->\n<title>Marcelo Rosa de Rezende - P\u00f3s-Gradua\u00e7\u00e3o em Ci\u00eancias do Sistema Musculoesquel\u00e9tico<\/title>\n<meta name=\"robots\" content=\"index, follow, max-snippet:-1, max-image-preview:large, max-video-preview:-1\" \/>\n<link rel=\"canonical\" href=\"https:\/\/www.musculoesqueleticousp.com.br\/pesquisas\/orientadores\/marcelo-rosa-de-rezende\/\" \/>\n<meta property=\"og:locale\" content=\"en_US\" \/>\n<meta property=\"og:type\" content=\"article\" \/>\n<meta property=\"og:title\" content=\"Marcelo Rosa de Rezende - P\u00f3s-Gradua\u00e7\u00e3o em Ci\u00eancias do Sistema Musculoesquel\u00e9tico\" \/>\n<meta property=\"og:description\" content=\"T\u00edtulo: Phd E-mail:\u00a0marcelo@marcelorosaderezende.com.br Lattes:\u00a0http:\/\/lattes.cnpq.br\/2847976529789238 Orcid:\u00a0ID 0000-0003-3441-8117 &#8211;\u00a0https:\/\/orcid.org\/0000-0003-3441-8117 Scopus: ID\u00a06603549896\u00a0&#8211;\u00a0https:\/\/www.scopus.com\/authid\/detail.uri?authorId=6603549896 Google Scholar: ID 7d57I-oAAAAJ\u00a0&#8211;\u00a0https:\/\/scholar.google.com.br\/citations?user=7d57I-oAAAAJ&amp;hl=pt-BR&amp;oi=ao Research ID: AAZ-1293-2020 &#8211;\u00a0https:\/\/publons.com\/researcher\/3900995\/marcelo-rosa-de-rezende\/ Line of Research: Regeneration in the musculoskeletal system applied [&hellip;]\" \/>\n<meta property=\"og:url\" content=\"https:\/\/www.musculoesqueleticousp.com.br\/pesquisas\/orientadores\/marcelo-rosa-de-rezende\/\" \/>\n<meta property=\"og:site_name\" content=\"P\u00f3s-Gradua\u00e7\u00e3o em Ci\u00eancias do Sistema Musculoesquel\u00e9tico\" \/>\n<meta property=\"article:modified_time\" content=\"2024-06-18T19:39:45+00:00\" \/>\n<meta property=\"og:image\" content=\"http:\/\/www.musculoesqueleticousp.com.br\/wp-content\/uploads\/2020\/05\/e_FOTO_MARCELO-ROSA-DE-REZENDE.jpg\" \/>\n<meta name=\"twitter:card\" content=\"summary_large_image\" \/>\n<meta name=\"twitter:label1\" content=\"Est. reading time\" \/>\n\t<meta name=\"twitter:data1\" content=\"8 minutes\" \/>\n<script type=\"application\/ld+json\" class=\"yoast-schema-graph\">{\"@context\":\"https:\/\/schema.org\",\"@graph\":[{\"@type\":\"WebPage\",\"@id\":\"https:\/\/www.musculoesqueleticousp.com.br\/pesquisas\/orientadores\/marcelo-rosa-de-rezende\/\",\"url\":\"https:\/\/www.musculoesqueleticousp.com.br\/pesquisas\/orientadores\/marcelo-rosa-de-rezende\/\",\"name\":\"Marcelo Rosa de Rezende - P\u00f3s-Gradua\u00e7\u00e3o em Ci\u00eancias do Sistema Musculoesquel\u00e9tico\",\"isPartOf\":{\"@id\":\"https:\/\/www.musculoesqueleticousp.com.br\/en\/#website\"},\"primaryImageOfPage\":{\"@id\":\"https:\/\/www.musculoesqueleticousp.com.br\/pesquisas\/orientadores\/marcelo-rosa-de-rezende\/#primaryimage\"},\"image\":{\"@id\":\"https:\/\/www.musculoesqueleticousp.com.br\/pesquisas\/orientadores\/marcelo-rosa-de-rezende\/#primaryimage\"},\"thumbnailUrl\":\"http:\/\/www.musculoesqueleticousp.com.br\/wp-content\/uploads\/2020\/05\/e_FOTO_MARCELO-ROSA-DE-REZENDE.jpg\",\"datePublished\":\"2020-05-08T13:51:40+00:00\",\"dateModified\":\"2024-06-18T19:39:45+00:00\",\"breadcrumb\":{\"@id\":\"https:\/\/www.musculoesqueleticousp.com.br\/pesquisas\/orientadores\/marcelo-rosa-de-rezende\/#breadcrumb\"},\"inLanguage\":\"en-US\",\"potentialAction\":[{\"@type\":\"ReadAction\",\"target\":[\"https:\/\/www.musculoesqueleticousp.com.br\/pesquisas\/orientadores\/marcelo-rosa-de-rezende\/\"]}]},{\"@type\":\"ImageObject\",\"inLanguage\":\"en-US\",\"@id\":\"https:\/\/www.musculoesqueleticousp.com.br\/pesquisas\/orientadores\/marcelo-rosa-de-rezende\/#primaryimage\",\"url\":\"http:\/\/www.musculoesqueleticousp.com.br\/wp-content\/uploads\/2020\/05\/e_FOTO_MARCELO-ROSA-DE-REZENDE.jpg\",\"contentUrl\":\"http:\/\/www.musculoesqueleticousp.com.br\/wp-content\/uploads\/2020\/05\/e_FOTO_MARCELO-ROSA-DE-REZENDE.jpg\"},{\"@type\":\"BreadcrumbList\",\"@id\":\"https:\/\/www.musculoesqueleticousp.com.br\/pesquisas\/orientadores\/marcelo-rosa-de-rezende\/#breadcrumb\",\"itemListElement\":[{\"@type\":\"ListItem\",\"position\":1,\"name\":\"Home\",\"item\":\"https:\/\/www.musculoesqueleticousp.com.br\/en\/\"},{\"@type\":\"ListItem\",\"position\":2,\"name\":\"Research\",\"item\":\"https:\/\/www.musculoesqueleticousp.com.br\/en\/pesquisas\/\"},{\"@type\":\"ListItem\",\"position\":3,\"name\":\"Orientadores\",\"item\":\"https:\/\/www.musculoesqueleticousp.com.br\/pesquisas\/orientadores\/\"},{\"@type\":\"ListItem\",\"position\":4,\"name\":\"Marcelo Rosa de Rezende\"}]},{\"@type\":\"WebSite\",\"@id\":\"https:\/\/www.musculoesqueleticousp.com.br\/en\/#website\",\"url\":\"https:\/\/www.musculoesqueleticousp.com.br\/en\/\",\"name\":\"P\u00f3s-Gradua\u00e7\u00e3o em Ci\u00eancias do Sistema Musculoesquel\u00e9tico\",\"description\":\"Website do P\u00f3s-Gradua\u00e7\u00e3o em Ci\u00eancias do Sistema Musculoesquel\u00e9tico\",\"publisher\":{\"@id\":\"https:\/\/www.musculoesqueleticousp.com.br\/en\/#organization\"},\"potentialAction\":[{\"@type\":\"SearchAction\",\"target\":{\"@type\":\"EntryPoint\",\"urlTemplate\":\"https:\/\/www.musculoesqueleticousp.com.br\/en\/?s={search_term_string}\"},\"query-input\":{\"@type\":\"PropertyValueSpecification\",\"valueRequired\":true,\"valueName\":\"search_term_string\"}}],\"inLanguage\":\"en-US\"},{\"@type\":\"Organization\",\"@id\":\"https:\/\/www.musculoesqueleticousp.com.br\/en\/#organization\",\"name\":\"P\u00f3s-Gradua\u00e7\u00e3o em Ci\u00eancias do Sistema Musculoesquel\u00e9tico\",\"url\":\"https:\/\/www.musculoesqueleticousp.com.br\/en\/\",\"logo\":{\"@type\":\"ImageObject\",\"inLanguage\":\"en-US\",\"@id\":\"https:\/\/www.musculoesqueleticousp.com.br\/en\/#\/schema\/logo\/image\/\",\"url\":\"https:\/\/www.musculoesqueleticousp.com.br\/wp-content\/uploads\/2020\/04\/logo_pg_cme_v3_h120.png\",\"contentUrl\":\"https:\/\/www.musculoesqueleticousp.com.br\/wp-content\/uploads\/2020\/04\/logo_pg_cme_v3_h120.png\",\"width\":481,\"height\":120,\"caption\":\"P\u00f3s-Gradua\u00e7\u00e3o em Ci\u00eancias do Sistema Musculoesquel\u00e9tico\"},\"image\":{\"@id\":\"https:\/\/www.musculoesqueleticousp.com.br\/en\/#\/schema\/logo\/image\/\"}}]}<\/script>\n<!-- \/ Yoast SEO plugin. -->","yoast_head_json":{"title":"Marcelo Rosa de Rezende - P\u00f3s-Gradua\u00e7\u00e3o em Ci\u00eancias do Sistema Musculoesquel\u00e9tico","robots":{"index":"index","follow":"follow","max-snippet":"max-snippet:-1","max-image-preview":"max-image-preview:large","max-video-preview":"max-video-preview:-1"},"canonical":"https:\/\/www.musculoesqueleticousp.com.br\/pesquisas\/orientadores\/marcelo-rosa-de-rezende\/","og_locale":"en_US","og_type":"article","og_title":"Marcelo Rosa de Rezende - P\u00f3s-Gradua\u00e7\u00e3o em Ci\u00eancias do Sistema Musculoesquel\u00e9tico","og_description":"T\u00edtulo: Phd E-mail:\u00a0marcelo@marcelorosaderezende.com.br Lattes:\u00a0http:\/\/lattes.cnpq.br\/2847976529789238 Orcid:\u00a0ID 0000-0003-3441-8117 &#8211;\u00a0https:\/\/orcid.org\/0000-0003-3441-8117 Scopus: ID\u00a06603549896\u00a0&#8211;\u00a0https:\/\/www.scopus.com\/authid\/detail.uri?authorId=6603549896 Google Scholar: ID 7d57I-oAAAAJ\u00a0&#8211;\u00a0https:\/\/scholar.google.com.br\/citations?user=7d57I-oAAAAJ&amp;hl=pt-BR&amp;oi=ao Research ID: AAZ-1293-2020 &#8211;\u00a0https:\/\/publons.com\/researcher\/3900995\/marcelo-rosa-de-rezende\/ Line of Research: Regeneration in the musculoskeletal system applied [&hellip;]","og_url":"https:\/\/www.musculoesqueleticousp.com.br\/pesquisas\/orientadores\/marcelo-rosa-de-rezende\/","og_site_name":"P\u00f3s-Gradua\u00e7\u00e3o em Ci\u00eancias do Sistema Musculoesquel\u00e9tico","article_modified_time":"2024-06-18T19:39:45+00:00","og_image":[{"url":"http:\/\/www.musculoesqueleticousp.com.br\/wp-content\/uploads\/2020\/05\/e_FOTO_MARCELO-ROSA-DE-REZENDE.jpg","type":"","width":"","height":""}],"twitter_card":"summary_large_image","twitter_misc":{"Est. reading time":"8 minutes"},"schema":{"@context":"https:\/\/schema.org","@graph":[{"@type":"WebPage","@id":"https:\/\/www.musculoesqueleticousp.com.br\/pesquisas\/orientadores\/marcelo-rosa-de-rezende\/","url":"https:\/\/www.musculoesqueleticousp.com.br\/pesquisas\/orientadores\/marcelo-rosa-de-rezende\/","name":"Marcelo Rosa de Rezende - P\u00f3s-Gradua\u00e7\u00e3o em Ci\u00eancias do Sistema Musculoesquel\u00e9tico","isPartOf":{"@id":"https:\/\/www.musculoesqueleticousp.com.br\/en\/#website"},"primaryImageOfPage":{"@id":"https:\/\/www.musculoesqueleticousp.com.br\/pesquisas\/orientadores\/marcelo-rosa-de-rezende\/#primaryimage"},"image":{"@id":"https:\/\/www.musculoesqueleticousp.com.br\/pesquisas\/orientadores\/marcelo-rosa-de-rezende\/#primaryimage"},"thumbnailUrl":"http:\/\/www.musculoesqueleticousp.com.br\/wp-content\/uploads\/2020\/05\/e_FOTO_MARCELO-ROSA-DE-REZENDE.jpg","datePublished":"2020-05-08T13:51:40+00:00","dateModified":"2024-06-18T19:39:45+00:00","breadcrumb":{"@id":"https:\/\/www.musculoesqueleticousp.com.br\/pesquisas\/orientadores\/marcelo-rosa-de-rezende\/#breadcrumb"},"inLanguage":"en-US","potentialAction":[{"@type":"ReadAction","target":["https:\/\/www.musculoesqueleticousp.com.br\/pesquisas\/orientadores\/marcelo-rosa-de-rezende\/"]}]},{"@type":"ImageObject","inLanguage":"en-US","@id":"https:\/\/www.musculoesqueleticousp.com.br\/pesquisas\/orientadores\/marcelo-rosa-de-rezende\/#primaryimage","url":"http:\/\/www.musculoesqueleticousp.com.br\/wp-content\/uploads\/2020\/05\/e_FOTO_MARCELO-ROSA-DE-REZENDE.jpg","contentUrl":"http:\/\/www.musculoesqueleticousp.com.br\/wp-content\/uploads\/2020\/05\/e_FOTO_MARCELO-ROSA-DE-REZENDE.jpg"},{"@type":"BreadcrumbList","@id":"https:\/\/www.musculoesqueleticousp.com.br\/pesquisas\/orientadores\/marcelo-rosa-de-rezende\/#breadcrumb","itemListElement":[{"@type":"ListItem","position":1,"name":"Home","item":"https:\/\/www.musculoesqueleticousp.com.br\/en\/"},{"@type":"ListItem","position":2,"name":"Research","item":"https:\/\/www.musculoesqueleticousp.com.br\/en\/pesquisas\/"},{"@type":"ListItem","position":3,"name":"Orientadores","item":"https:\/\/www.musculoesqueleticousp.com.br\/pesquisas\/orientadores\/"},{"@type":"ListItem","position":4,"name":"Marcelo Rosa de Rezende"}]},{"@type":"WebSite","@id":"https:\/\/www.musculoesqueleticousp.com.br\/en\/#website","url":"https:\/\/www.musculoesqueleticousp.com.br\/en\/","name":"P\u00f3s-Gradua\u00e7\u00e3o em Ci\u00eancias do Sistema Musculoesquel\u00e9tico","description":"Website do P\u00f3s-Gradua\u00e7\u00e3o em Ci\u00eancias do Sistema Musculoesquel\u00e9tico","publisher":{"@id":"https:\/\/www.musculoesqueleticousp.com.br\/en\/#organization"},"potentialAction":[{"@type":"SearchAction","target":{"@type":"EntryPoint","urlTemplate":"https:\/\/www.musculoesqueleticousp.com.br\/en\/?s={search_term_string}"},"query-input":{"@type":"PropertyValueSpecification","valueRequired":true,"valueName":"search_term_string"}}],"inLanguage":"en-US"},{"@type":"Organization","@id":"https:\/\/www.musculoesqueleticousp.com.br\/en\/#organization","name":"P\u00f3s-Gradua\u00e7\u00e3o em Ci\u00eancias do Sistema Musculoesquel\u00e9tico","url":"https:\/\/www.musculoesqueleticousp.com.br\/en\/","logo":{"@type":"ImageObject","inLanguage":"en-US","@id":"https:\/\/www.musculoesqueleticousp.com.br\/en\/#\/schema\/logo\/image\/","url":"https:\/\/www.musculoesqueleticousp.com.br\/wp-content\/uploads\/2020\/04\/logo_pg_cme_v3_h120.png","contentUrl":"https:\/\/www.musculoesqueleticousp.com.br\/wp-content\/uploads\/2020\/04\/logo_pg_cme_v3_h120.png","width":481,"height":120,"caption":"P\u00f3s-Gradua\u00e7\u00e3o em Ci\u00eancias do Sistema Musculoesquel\u00e9tico"},"image":{"@id":"https:\/\/www.musculoesqueleticousp.com.br\/en\/#\/schema\/logo\/image\/"}}]}},"_links":{"self":[{"href":"https:\/\/www.musculoesqueleticousp.com.br\/en\/wp-json\/wp\/v2\/pages\/608","targetHints":{"allow":["GET"]}}],"collection":[{"href":"https:\/\/www.musculoesqueleticousp.com.br\/en\/wp-json\/wp\/v2\/pages"}],"about":[{"href":"https:\/\/www.musculoesqueleticousp.com.br\/en\/wp-json\/wp\/v2\/types\/page"}],"author":[{"embeddable":true,"href":"https:\/\/www.musculoesqueleticousp.com.br\/en\/wp-json\/wp\/v2\/users\/1"}],"replies":[{"embeddable":true,"href":"https:\/\/www.musculoesqueleticousp.com.br\/en\/wp-json\/wp\/v2\/comments?post=608"}],"version-history":[{"count":13,"href":"https:\/\/www.musculoesqueleticousp.com.br\/en\/wp-json\/wp\/v2\/pages\/608\/revisions"}],"predecessor-version":[{"id":2847,"href":"https:\/\/www.musculoesqueleticousp.com.br\/en\/wp-json\/wp\/v2\/pages\/608\/revisions\/2847"}],"up":[{"embeddable":true,"href":"https:\/\/www.musculoesqueleticousp.com.br\/en\/wp-json\/wp\/v2\/pages\/25"}],"wp:attachment":[{"href":"https:\/\/www.musculoesqueleticousp.com.br\/en\/wp-json\/wp\/v2\/media?parent=608"}],"curies":[{"name":"wp","href":"https:\/\/api.w.org\/{rel}","templated":true}]}}