{"id":604,"date":"2020-05-08T10:47:16","date_gmt":"2020-05-08T13:47:16","guid":{"rendered":"http:\/\/www.musculoesqueleticousp.com.br\/?page_id=604"},"modified":"2024-06-18T16:50:48","modified_gmt":"2024-06-18T19:50:48","slug":"rames-mattar-junior","status":"publish","type":"page","link":"https:\/\/www.musculoesqueleticousp.com.br\/en\/pesquisas\/orientadores\/rames-mattar-junior\/","title":{"rendered":"Rames Mattar Junior"},"content":{"rendered":"<p><strong><img loading=\"lazy\" decoding=\"async\" class=\"alignleft size-full wp-image-605\" src=\"http:\/\/www.musculoesqueleticousp.com.br\/wp-content\/uploads\/2020\/05\/e_FOTO_RAMES-MATTAR-JUNIOR.jpg\" alt=\"\" width=\"180\" height=\"225\" srcset=\"https:\/\/www.musculoesqueleticousp.com.br\/wp-content\/uploads\/2020\/05\/e_FOTO_RAMES-MATTAR-JUNIOR.jpg 180w, https:\/\/www.musculoesqueleticousp.com.br\/wp-content\/uploads\/2020\/05\/e_FOTO_RAMES-MATTAR-JUNIOR-117x146.jpg 117w, https:\/\/www.musculoesqueleticousp.com.br\/wp-content\/uploads\/2020\/05\/e_FOTO_RAMES-MATTAR-JUNIOR-40x50.jpg 40w, https:\/\/www.musculoesqueleticousp.com.br\/wp-content\/uploads\/2020\/05\/e_FOTO_RAMES-MATTAR-JUNIOR-60x75.jpg 60w\" sizes=\"auto, (max-width: 180px) 100vw, 180px\" \/>T\u00edtulo:<\/strong> Professor Associado<br \/>\n<strong>E-mail: <\/strong><a href=\"mailto:rames@usp.br\">rames@usp.br<\/a><br \/>\n<strong>Lattes: <\/strong><a href=\"http:\/\/lattes.cnpq.br\/7312422602842320\" target=\"_blank\" rel=\"noopener noreferrer\">http:\/\/lattes.cnpq.br\/7312422602842320<\/a><br \/>\n<strong>Orcid<\/strong>: ID\u00a0 0000-0003-4202-4652 &#8211; <a href=\"https:\/\/orcid.org\/0000-0003-4202-4652\">https:\/\/orcid.org\/0000-0003-4202-4652<\/a><br \/>\n<strong>Scopus<\/strong>: ID 16028879600 &#8211; <a href=\"https:\/\/www.scopus.com\/authid\/detail.uri?authorId=16028879600\">https:\/\/www.scopus.com\/authid\/detail.uri?authorId=16028879600<\/a><br \/>\n<strong>Google scholar<\/strong>: ID wbvvomkaaaaj &#8211; <a href=\"https:\/\/scholar.google.com.br\/citations?user=WBvvOmkAAAAJ&amp;hl=pt-BR&amp;oi=ao\">https:\/\/scholar.google.com.br\/citations?user=WBvvOmkAAAAJ&amp;hl=pt-BR&amp;oi=ao<\/a><br \/>\n<strong>Research ID<\/strong>: K-3191-2016 &#8211; <a href=\"https:\/\/publons.com\/researcher\/2242097\/rames-mattar-junior\/\">https:\/\/publons.com\/researcher\/2242097\/rames-mattar-junior\/<\/a><\/p>\n<h2><strong>Line of research:\u00a0<\/strong><strong>\u00a0<\/strong><\/h2>\n<p>Regeneration in the Musculoskeletal System applied to Hand Surgery and Reconstructive Microsurgery techniques (vascularized bone transplantation, inflammatory diseases, tendon injuries, peripheral nerve injuries, brachial plexus injuries, autologous and homologous tissue transplantation).<\/p>\n<h2>Summary<\/h2>\n<p>I have developed lines of research in both clinical and experimental areas. In the clinical area we created CEMIM (Center for Reconstructive Microsurgery and Hand Surgery) at the IOT HC FMUSP with 22 medical professionals and a multidisciplinary team. Our center develops comparative studies of different approaches to injuries and pathologies of the musculoskeletal system. Among the studies, we highlight evaluation of techniques for skin lining, traumatic brachial plexus injuries, peripheral nerve injuries, tendon injuries, fractures and dislocations and comparative studies of implants using osteosynthesis techniques. A little over a decade ago, we created the Reconstructive Surgery Laboratory of the IOT HC FMUSP, which has supported the teaching, training and development of basic lines of reconstructive microsurgery research. We highlight the studies of the learning curve in reconstructive microsurgery, studies of peripheral nerve regeneration, vascular microanastomoses and of the biology of healing and muscle-tendon regeneration.<\/p>\n<h2>Relevant articles:<\/h2>\n<ol>\n<li>Silva GB, Vellosa MT, Cho AB, Costa RBID, Camargo OP, Mattar R J\u00fanior. Medial femoral condyle corticoperiosteal flap: anatomic study. Acta Ortop Bras. 2018May-Jun;26(3):179-182.<\/li>\n<li>de Rezende MR, Saito M, Paulos RG, Ribak S, Abarca Herrera AK, Cho \u00c1B, Mattar R Jr. Reduction of Morbidity With a Reverse-Flow Sural Flap: A Two-StageTechnique. J Foot Ankle Surg. 2018 Jul &#8211; Aug;57(4):821-825.<\/li>\n<li>Iamaguchi RB, Takemura RL, Silva GB, de Oliveira Alves JA, Torres LR, Cho AB, \u00a0Wei TH, de Rezende MR, Mattar R Jr. Peri-operative risk factors for complications of free flaps in traumatic wounds &#8211; a cross-sectional study. Int Orthop. 2018 May;42(5):1149-1156.<\/li>\n<li>Cavinatto L, Malavolta EA, Pereira CAM, Miranda-Rodrigues M, Silva LCM,Gouveia CH, de Cesar Netto C, Mattar Junior R, Fereira Neto AA. Early versus late repair of rotator cuff tears in rats. J Shoulder Elbow Surg. 2018Apr;27(4):606-613.<\/li>\n<li>Dos Anjos KC, de Rezende MR, Mattar R J\u00fanior. Social and hospital costs of patients admitted to a university hospital in Brazil due to motorcycle crashes.Traffic Inj Prev. 2017 Aug 18;18(6):585-592.<\/li>\n<\/ol>\n<p>&nbsp;<\/p>\n<h2><strong>PROJETOS ORIENTADOR\/ LINHA<\/strong><\/h2>\n<p><strong>Linha 3. DIST\u00daRBIOS DEGENERATIVOS, INFLAMAT\u00d3RIOS E ESTRUTURAIS DO SISTEMA LOCOMOTOR<br \/>\n<\/strong><strong>PROJETO RAMES MATTAR<\/strong>: ESTUDOS DA EPIDEMIOLOGIA, FISIOLOGIA, FISIOPATOLOGIA, ANATOMIA E TERAP\u00caUTICA EM LES\u00d5ES E ALTERA\u00c7\u00d5ES DA FISIOLOGIA DOS SISTEMAS MUSCULOESQUEL\u00c9TICO E DOS NERVOS PERIF\u00c9RICOS<\/p>","protected":false},"excerpt":{"rendered":"<p>T\u00edtulo: Professor Associado E-mail: rames@usp.br Lattes: http:\/\/lattes.cnpq.br\/7312422602842320 Orcid: ID\u00a0 0000-0003-4202-4652 &#8211; https:\/\/orcid.org\/0000-0003-4202-4652 Scopus: ID 16028879600 &#8211; https:\/\/www.scopus.com\/authid\/detail.uri?authorId=16028879600 Google scholar: ID wbvvomkaaaaj &#8211; https:\/\/scholar.google.com.br\/citations?user=WBvvOmkAAAAJ&amp;hl=pt-BR&amp;oi=ao Research ID: K-3191-2016 [&hellip;]<\/p>\n","protected":false},"author":1,"featured_media":0,"parent":25,"menu_order":0,"comment_status":"closed","ping_status":"closed","template":"","meta":{"footnotes":""},"class_list":["post-604","page","type-page","status-publish","hentry"],"yoast_head":"<!-- This site is optimized with the Yoast SEO plugin v25.5 - https:\/\/yoast.com\/wordpress\/plugins\/seo\/ -->\n<title>Rames Mattar Junior - P\u00f3s-Gradua\u00e7\u00e3o em Ci\u00eancias do Sistema Musculoesquel\u00e9tico<\/title>\n<meta name=\"robots\" content=\"index, follow, max-snippet:-1, max-image-preview:large, max-video-preview:-1\" \/>\n<link rel=\"canonical\" href=\"https:\/\/www.musculoesqueleticousp.com.br\/pesquisas\/orientadores\/rames-mattar-junior\/\" \/>\n<meta property=\"og:locale\" content=\"en_US\" \/>\n<meta property=\"og:type\" content=\"article\" \/>\n<meta property=\"og:title\" content=\"Rames Mattar Junior - P\u00f3s-Gradua\u00e7\u00e3o em Ci\u00eancias do Sistema Musculoesquel\u00e9tico\" \/>\n<meta property=\"og:description\" content=\"T\u00edtulo: Professor Associado E-mail: rames@usp.br Lattes: http:\/\/lattes.cnpq.br\/7312422602842320 Orcid: ID\u00a0 0000-0003-4202-4652 &#8211; https:\/\/orcid.org\/0000-0003-4202-4652 Scopus: ID 16028879600 &#8211; https:\/\/www.scopus.com\/authid\/detail.uri?authorId=16028879600 Google scholar: ID wbvvomkaaaaj &#8211; https:\/\/scholar.google.com.br\/citations?user=WBvvOmkAAAAJ&amp;hl=pt-BR&amp;oi=ao Research ID: K-3191-2016 [&hellip;]\" \/>\n<meta property=\"og:url\" content=\"https:\/\/www.musculoesqueleticousp.com.br\/pesquisas\/orientadores\/rames-mattar-junior\/\" \/>\n<meta property=\"og:site_name\" content=\"P\u00f3s-Gradua\u00e7\u00e3o em Ci\u00eancias do Sistema Musculoesquel\u00e9tico\" \/>\n<meta property=\"article:modified_time\" content=\"2024-06-18T19:50:48+00:00\" \/>\n<meta property=\"og:image\" content=\"http:\/\/www.musculoesqueleticousp.com.br\/wp-content\/uploads\/2020\/05\/e_FOTO_RAMES-MATTAR-JUNIOR.jpg\" \/>\n<meta name=\"twitter:card\" content=\"summary_large_image\" \/>\n<meta name=\"twitter:label1\" content=\"Est. reading time\" \/>\n\t<meta name=\"twitter:data1\" content=\"7 minutes\" \/>\n<script type=\"application\/ld+json\" class=\"yoast-schema-graph\">{\"@context\":\"https:\/\/schema.org\",\"@graph\":[{\"@type\":\"WebPage\",\"@id\":\"https:\/\/www.musculoesqueleticousp.com.br\/pesquisas\/orientadores\/rames-mattar-junior\/\",\"url\":\"https:\/\/www.musculoesqueleticousp.com.br\/pesquisas\/orientadores\/rames-mattar-junior\/\",\"name\":\"Rames Mattar Junior - P\u00f3s-Gradua\u00e7\u00e3o em Ci\u00eancias do Sistema Musculoesquel\u00e9tico\",\"isPartOf\":{\"@id\":\"https:\/\/www.musculoesqueleticousp.com.br\/en\/#website\"},\"primaryImageOfPage\":{\"@id\":\"https:\/\/www.musculoesqueleticousp.com.br\/pesquisas\/orientadores\/rames-mattar-junior\/#primaryimage\"},\"image\":{\"@id\":\"https:\/\/www.musculoesqueleticousp.com.br\/pesquisas\/orientadores\/rames-mattar-junior\/#primaryimage\"},\"thumbnailUrl\":\"http:\/\/www.musculoesqueleticousp.com.br\/wp-content\/uploads\/2020\/05\/e_FOTO_RAMES-MATTAR-JUNIOR.jpg\",\"datePublished\":\"2020-05-08T13:47:16+00:00\",\"dateModified\":\"2024-06-18T19:50:48+00:00\",\"breadcrumb\":{\"@id\":\"https:\/\/www.musculoesqueleticousp.com.br\/pesquisas\/orientadores\/rames-mattar-junior\/#breadcrumb\"},\"inLanguage\":\"en-US\",\"potentialAction\":[{\"@type\":\"ReadAction\",\"target\":[\"https:\/\/www.musculoesqueleticousp.com.br\/pesquisas\/orientadores\/rames-mattar-junior\/\"]}]},{\"@type\":\"ImageObject\",\"inLanguage\":\"en-US\",\"@id\":\"https:\/\/www.musculoesqueleticousp.com.br\/pesquisas\/orientadores\/rames-mattar-junior\/#primaryimage\",\"url\":\"http:\/\/www.musculoesqueleticousp.com.br\/wp-content\/uploads\/2020\/05\/e_FOTO_RAMES-MATTAR-JUNIOR.jpg\",\"contentUrl\":\"http:\/\/www.musculoesqueleticousp.com.br\/wp-content\/uploads\/2020\/05\/e_FOTO_RAMES-MATTAR-JUNIOR.jpg\"},{\"@type\":\"BreadcrumbList\",\"@id\":\"https:\/\/www.musculoesqueleticousp.com.br\/pesquisas\/orientadores\/rames-mattar-junior\/#breadcrumb\",\"itemListElement\":[{\"@type\":\"ListItem\",\"position\":1,\"name\":\"Home\",\"item\":\"https:\/\/www.musculoesqueleticousp.com.br\/en\/\"},{\"@type\":\"ListItem\",\"position\":2,\"name\":\"Research\",\"item\":\"https:\/\/www.musculoesqueleticousp.com.br\/en\/pesquisas\/\"},{\"@type\":\"ListItem\",\"position\":3,\"name\":\"Orientadores\",\"item\":\"https:\/\/www.musculoesqueleticousp.com.br\/pesquisas\/orientadores\/\"},{\"@type\":\"ListItem\",\"position\":4,\"name\":\"Rames Mattar Junior\"}]},{\"@type\":\"WebSite\",\"@id\":\"https:\/\/www.musculoesqueleticousp.com.br\/en\/#website\",\"url\":\"https:\/\/www.musculoesqueleticousp.com.br\/en\/\",\"name\":\"P\u00f3s-Gradua\u00e7\u00e3o em Ci\u00eancias do Sistema Musculoesquel\u00e9tico\",\"description\":\"Website do P\u00f3s-Gradua\u00e7\u00e3o em Ci\u00eancias do Sistema Musculoesquel\u00e9tico\",\"publisher\":{\"@id\":\"https:\/\/www.musculoesqueleticousp.com.br\/en\/#organization\"},\"potentialAction\":[{\"@type\":\"SearchAction\",\"target\":{\"@type\":\"EntryPoint\",\"urlTemplate\":\"https:\/\/www.musculoesqueleticousp.com.br\/en\/?s={search_term_string}\"},\"query-input\":{\"@type\":\"PropertyValueSpecification\",\"valueRequired\":true,\"valueName\":\"search_term_string\"}}],\"inLanguage\":\"en-US\"},{\"@type\":\"Organization\",\"@id\":\"https:\/\/www.musculoesqueleticousp.com.br\/en\/#organization\",\"name\":\"P\u00f3s-Gradua\u00e7\u00e3o em Ci\u00eancias do Sistema Musculoesquel\u00e9tico\",\"url\":\"https:\/\/www.musculoesqueleticousp.com.br\/en\/\",\"logo\":{\"@type\":\"ImageObject\",\"inLanguage\":\"en-US\",\"@id\":\"https:\/\/www.musculoesqueleticousp.com.br\/en\/#\/schema\/logo\/image\/\",\"url\":\"https:\/\/www.musculoesqueleticousp.com.br\/wp-content\/uploads\/2020\/04\/logo_pg_cme_v3_h120.png\",\"contentUrl\":\"https:\/\/www.musculoesqueleticousp.com.br\/wp-content\/uploads\/2020\/04\/logo_pg_cme_v3_h120.png\",\"width\":481,\"height\":120,\"caption\":\"P\u00f3s-Gradua\u00e7\u00e3o em Ci\u00eancias do Sistema Musculoesquel\u00e9tico\"},\"image\":{\"@id\":\"https:\/\/www.musculoesqueleticousp.com.br\/en\/#\/schema\/logo\/image\/\"}}]}<\/script>\n<!-- \/ Yoast SEO plugin. -->","yoast_head_json":{"title":"Rames Mattar Junior - P\u00f3s-Gradua\u00e7\u00e3o em Ci\u00eancias do Sistema Musculoesquel\u00e9tico","robots":{"index":"index","follow":"follow","max-snippet":"max-snippet:-1","max-image-preview":"max-image-preview:large","max-video-preview":"max-video-preview:-1"},"canonical":"https:\/\/www.musculoesqueleticousp.com.br\/pesquisas\/orientadores\/rames-mattar-junior\/","og_locale":"en_US","og_type":"article","og_title":"Rames Mattar Junior - P\u00f3s-Gradua\u00e7\u00e3o em Ci\u00eancias do Sistema Musculoesquel\u00e9tico","og_description":"T\u00edtulo: Professor Associado E-mail: rames@usp.br Lattes: http:\/\/lattes.cnpq.br\/7312422602842320 Orcid: ID\u00a0 0000-0003-4202-4652 &#8211; https:\/\/orcid.org\/0000-0003-4202-4652 Scopus: ID 16028879600 &#8211; https:\/\/www.scopus.com\/authid\/detail.uri?authorId=16028879600 Google scholar: ID wbvvomkaaaaj &#8211; https:\/\/scholar.google.com.br\/citations?user=WBvvOmkAAAAJ&amp;hl=pt-BR&amp;oi=ao Research ID: K-3191-2016 [&hellip;]","og_url":"https:\/\/www.musculoesqueleticousp.com.br\/pesquisas\/orientadores\/rames-mattar-junior\/","og_site_name":"P\u00f3s-Gradua\u00e7\u00e3o em Ci\u00eancias do Sistema Musculoesquel\u00e9tico","article_modified_time":"2024-06-18T19:50:48+00:00","og_image":[{"url":"http:\/\/www.musculoesqueleticousp.com.br\/wp-content\/uploads\/2020\/05\/e_FOTO_RAMES-MATTAR-JUNIOR.jpg","type":"","width":"","height":""}],"twitter_card":"summary_large_image","twitter_misc":{"Est. reading time":"7 minutes"},"schema":{"@context":"https:\/\/schema.org","@graph":[{"@type":"WebPage","@id":"https:\/\/www.musculoesqueleticousp.com.br\/pesquisas\/orientadores\/rames-mattar-junior\/","url":"https:\/\/www.musculoesqueleticousp.com.br\/pesquisas\/orientadores\/rames-mattar-junior\/","name":"Rames Mattar Junior - P\u00f3s-Gradua\u00e7\u00e3o em Ci\u00eancias do Sistema Musculoesquel\u00e9tico","isPartOf":{"@id":"https:\/\/www.musculoesqueleticousp.com.br\/en\/#website"},"primaryImageOfPage":{"@id":"https:\/\/www.musculoesqueleticousp.com.br\/pesquisas\/orientadores\/rames-mattar-junior\/#primaryimage"},"image":{"@id":"https:\/\/www.musculoesqueleticousp.com.br\/pesquisas\/orientadores\/rames-mattar-junior\/#primaryimage"},"thumbnailUrl":"http:\/\/www.musculoesqueleticousp.com.br\/wp-content\/uploads\/2020\/05\/e_FOTO_RAMES-MATTAR-JUNIOR.jpg","datePublished":"2020-05-08T13:47:16+00:00","dateModified":"2024-06-18T19:50:48+00:00","breadcrumb":{"@id":"https:\/\/www.musculoesqueleticousp.com.br\/pesquisas\/orientadores\/rames-mattar-junior\/#breadcrumb"},"inLanguage":"en-US","potentialAction":[{"@type":"ReadAction","target":["https:\/\/www.musculoesqueleticousp.com.br\/pesquisas\/orientadores\/rames-mattar-junior\/"]}]},{"@type":"ImageObject","inLanguage":"en-US","@id":"https:\/\/www.musculoesqueleticousp.com.br\/pesquisas\/orientadores\/rames-mattar-junior\/#primaryimage","url":"http:\/\/www.musculoesqueleticousp.com.br\/wp-content\/uploads\/2020\/05\/e_FOTO_RAMES-MATTAR-JUNIOR.jpg","contentUrl":"http:\/\/www.musculoesqueleticousp.com.br\/wp-content\/uploads\/2020\/05\/e_FOTO_RAMES-MATTAR-JUNIOR.jpg"},{"@type":"BreadcrumbList","@id":"https:\/\/www.musculoesqueleticousp.com.br\/pesquisas\/orientadores\/rames-mattar-junior\/#breadcrumb","itemListElement":[{"@type":"ListItem","position":1,"name":"Home","item":"https:\/\/www.musculoesqueleticousp.com.br\/en\/"},{"@type":"ListItem","position":2,"name":"Research","item":"https:\/\/www.musculoesqueleticousp.com.br\/en\/pesquisas\/"},{"@type":"ListItem","position":3,"name":"Orientadores","item":"https:\/\/www.musculoesqueleticousp.com.br\/pesquisas\/orientadores\/"},{"@type":"ListItem","position":4,"name":"Rames Mattar Junior"}]},{"@type":"WebSite","@id":"https:\/\/www.musculoesqueleticousp.com.br\/en\/#website","url":"https:\/\/www.musculoesqueleticousp.com.br\/en\/","name":"P\u00f3s-Gradua\u00e7\u00e3o em Ci\u00eancias do Sistema Musculoesquel\u00e9tico","description":"Website do P\u00f3s-Gradua\u00e7\u00e3o em Ci\u00eancias do Sistema Musculoesquel\u00e9tico","publisher":{"@id":"https:\/\/www.musculoesqueleticousp.com.br\/en\/#organization"},"potentialAction":[{"@type":"SearchAction","target":{"@type":"EntryPoint","urlTemplate":"https:\/\/www.musculoesqueleticousp.com.br\/en\/?s={search_term_string}"},"query-input":{"@type":"PropertyValueSpecification","valueRequired":true,"valueName":"search_term_string"}}],"inLanguage":"en-US"},{"@type":"Organization","@id":"https:\/\/www.musculoesqueleticousp.com.br\/en\/#organization","name":"P\u00f3s-Gradua\u00e7\u00e3o em Ci\u00eancias do Sistema Musculoesquel\u00e9tico","url":"https:\/\/www.musculoesqueleticousp.com.br\/en\/","logo":{"@type":"ImageObject","inLanguage":"en-US","@id":"https:\/\/www.musculoesqueleticousp.com.br\/en\/#\/schema\/logo\/image\/","url":"https:\/\/www.musculoesqueleticousp.com.br\/wp-content\/uploads\/2020\/04\/logo_pg_cme_v3_h120.png","contentUrl":"https:\/\/www.musculoesqueleticousp.com.br\/wp-content\/uploads\/2020\/04\/logo_pg_cme_v3_h120.png","width":481,"height":120,"caption":"P\u00f3s-Gradua\u00e7\u00e3o em Ci\u00eancias do Sistema Musculoesquel\u00e9tico"},"image":{"@id":"https:\/\/www.musculoesqueleticousp.com.br\/en\/#\/schema\/logo\/image\/"}}]}},"_links":{"self":[{"href":"https:\/\/www.musculoesqueleticousp.com.br\/en\/wp-json\/wp\/v2\/pages\/604","targetHints":{"allow":["GET"]}}],"collection":[{"href":"https:\/\/www.musculoesqueleticousp.com.br\/en\/wp-json\/wp\/v2\/pages"}],"about":[{"href":"https:\/\/www.musculoesqueleticousp.com.br\/en\/wp-json\/wp\/v2\/types\/page"}],"author":[{"embeddable":true,"href":"https:\/\/www.musculoesqueleticousp.com.br\/en\/wp-json\/wp\/v2\/users\/1"}],"replies":[{"embeddable":true,"href":"https:\/\/www.musculoesqueleticousp.com.br\/en\/wp-json\/wp\/v2\/comments?post=604"}],"version-history":[{"count":9,"href":"https:\/\/www.musculoesqueleticousp.com.br\/en\/wp-json\/wp\/v2\/pages\/604\/revisions"}],"predecessor-version":[{"id":2855,"href":"https:\/\/www.musculoesqueleticousp.com.br\/en\/wp-json\/wp\/v2\/pages\/604\/revisions\/2855"}],"up":[{"embeddable":true,"href":"https:\/\/www.musculoesqueleticousp.com.br\/en\/wp-json\/wp\/v2\/pages\/25"}],"wp:attachment":[{"href":"https:\/\/www.musculoesqueleticousp.com.br\/en\/wp-json\/wp\/v2\/media?parent=604"}],"curies":[{"name":"wp","href":"https:\/\/api.w.org\/{rel}","templated":true}]}}