{"id":590,"date":"2020-05-02T00:26:04","date_gmt":"2020-05-02T03:26:04","guid":{"rendered":"http:\/\/www.musculoesqueleticousp.com.br\/?page_id=590"},"modified":"2024-08-01T09:30:04","modified_gmt":"2024-08-01T12:30:04","slug":"hamilton-roschel","status":"publish","type":"page","link":"https:\/\/www.musculoesqueleticousp.com.br\/en\/pesquisas\/orientadores\/hamilton-roschel\/","title":{"rendered":"Hamilton Roschel"},"content":{"rendered":"<p><strong><img loading=\"lazy\" decoding=\"async\" class=\"alignleft size-full wp-image-592\" src=\"http:\/\/www.musculoesqueleticousp.com.br\/wp-content\/uploads\/2020\/05\/ed_FOTO_HAMILTON-ROSCHEL.jpg\" alt=\"\" width=\"225\" height=\"225\" srcset=\"https:\/\/www.musculoesqueleticousp.com.br\/wp-content\/uploads\/2020\/05\/ed_FOTO_HAMILTON-ROSCHEL.jpg 225w, https:\/\/www.musculoesqueleticousp.com.br\/wp-content\/uploads\/2020\/05\/ed_FOTO_HAMILTON-ROSCHEL-150x150.jpg 150w, https:\/\/www.musculoesqueleticousp.com.br\/wp-content\/uploads\/2020\/05\/ed_FOTO_HAMILTON-ROSCHEL-146x146.jpg 146w, https:\/\/www.musculoesqueleticousp.com.br\/wp-content\/uploads\/2020\/05\/ed_FOTO_HAMILTON-ROSCHEL-50x50.jpg 50w, https:\/\/www.musculoesqueleticousp.com.br\/wp-content\/uploads\/2020\/05\/ed_FOTO_HAMILTON-ROSCHEL-80x80.jpg 80w, https:\/\/www.musculoesqueleticousp.com.br\/wp-content\/uploads\/2020\/05\/ed_FOTO_HAMILTON-ROSCHEL-75x75.jpg 75w, https:\/\/www.musculoesqueleticousp.com.br\/wp-content\/uploads\/2020\/05\/ed_FOTO_HAMILTON-ROSCHEL-85x85.jpg 85w\" sizes=\"auto, (max-width: 225px) 100vw, 225px\" \/><\/strong><b><span lang=\"EN-US\">Title:<\/span><\/b><b><span lang=\"EN-US\">\u00a0<\/span><\/b><span lang=\"EN-US\">Doctor<\/span><b><span lang=\"EN-US\">\u00a0<\/span><\/b><span lang=\"EN-US\">Professor<\/span><br \/>\n<strong>E-mail: <\/strong><a href=\"mailto:hars@usp.br\">hars@usp.br<\/a><br \/>\n<strong>Lattes: <\/strong><a href=\"http:\/\/lattes.cnpq.br\/8590499566979006\" target=\"_blank\" rel=\"noopener noreferrer\">http:\/\/lattes.cnpq.br\/8590499566979006<\/a><br \/>\n<strong>Bolsa produtividade CNPq<\/strong>: PQ 1D<br \/>\n<strong>Orcid<\/strong>:\u00a0 ID 0000-0002-9513-6132 &#8211; <a href=\"https:\/\/orcid.org\/0000-0002-9513-6132\">https:\/\/orcid.org\/0000-0002-9513-6132<\/a><br \/>\n<strong>Scopus<\/strong>: ID 6505559523 &#8211; <a href=\"https:\/\/www.scopus.com\/authid\/detail.uri?authorId=6505559523\">https:\/\/www.scopus.com\/authid\/detail.uri?authorId=6505559523<\/a><br \/>\n<strong>Google scholar<\/strong>:\u00a0ID nw8gag4aaaaj &#8211; <a href=\"https:\/\/scholar.google.com.br\/citations?user=NW8Gag4AAAAJ&amp;hl=pt-BR&amp;oi=ao\">https:\/\/scholar.google.com.br\/citations?user=NW8Gag4AAAAJ&amp;hl=pt-BR&amp;oi=ao<\/a><br \/>\n<strong>Research ID<\/strong>: D-4353-2012 &#8211; <a href=\"https:\/\/publons.com\/researcher\/1491665\/hamilton-roschel\/\">https:\/\/publons.com\/researcher\/1491665\/hamilton-roschel\/<\/a><\/p>\n<h2><strong><br \/>\nLine of research: <\/strong><\/h2>\n<p>Effects of exercise, nutrition and genetics on health and physical performance.<\/p>\n<h2>Summary<\/h2>\n<p>The Applied Physiology &amp; Nutrition Group is part of the Center of\u00a0 Lifestyle Medicine and is dedicated to conducting comprehensive and transdisciplinary studies, whether clinical or experimental, aimed at uncovering the role of physical activity and nutrition in sports, aging, obesity, and chronic diseases. The research laboratories utilized by the group are located at the School of Medicine (LIM-17), the University Clinical Hospital\u00a0 (Laboratory of Rheumatology Assessment and Conditioning), and the School of Physical Education and Sports at USP. Together, these laboratories offer extensive possibilities for nutritional and physiological testing and assessment of patients and athletes, as well as the prescription of intervention programs. The research involves investigations ranging from in vitro models to experimental and clinical designs aimed at expanding clinical, mechanistic (including physiology, biomechanics, motor control, etc., as well as behavioral aspects), and integrative understanding of the acute and chronic roles of nutrition, physical activity, and genetics on health, quality of life, and athletic performance in various populations. We conduct clinical trials, molecular analyses of gene and protein expression, enzymatic assays, high-performance liquid chromatography, histology, and cytology. The Group has over 75 members, including undergraduate (IC) and graduate students (master&#8217;s and doctoral candidates), postdoctoral researchers, and foreign professors, and also actively collaborates with various national and international researchers.<\/p>\n<h2>Relevant article<\/h2>\n<div>\n<div><\/div>\n<div>\n<p>1. Leit\u00e3o AE, Esteves GP, Mazzolani BC, Smaira FI, Santini MH, Santo Andr\u00e9 HC,\u00a0Gualano B,\u00a0<strong>Roschel H<\/strong>. Protein and Amino Acid Adequacy and Food Consumption by\u00a0Processing Level in Vegans in Brazil. JAMA Netw Open. 2024 Jun 3;7(6):e2418226.\u00a0doi: 10.1001\/jamanetworkopen.2024.18226.<\/p>\n<p>2. Mazzolani BC, Smaira FI, Esteves GP, Santini MH, Leit\u00e3o AE, Santo Andr\u00e9 HC, Gualano B,\u00a0<strong>Roschel H.<\/strong> Disordered Eating Attitudes and Food Choice Motives Among Individuals Who Follow a Vegan Diet in Brazil. JAMA Netw Open. 2023 Jun 1;6(6):e2321065. doi: 10.1001\/jamanetworkopen.2023.21065.<\/p>\n<p>3. Longobardi I, Goessler K, de Oliveira J\u00fanior GN, Prado DMLD, Santos JVP, Meletti MM, de Andrade DCO, Gil S, Boza JASO, Lima FR, Gualano B,\u00a0<strong>Roschel H.<\/strong>\u00a0Effects of a 16-week home-based exercise training programme on health-related quality of life, functional capacity, and persistent symptoms in survivors of severe\/critical COVID-19: a randomised controlled trial. Br J Sports Med. 2023 Oct;57(20):1295-1303. doi: 10.1136\/bjsports-2022-106681.<\/p>\n<p>4. Gil S, Jacob Filho W, Shinjo SK, Ferriolli E, Busse AL, Avelino-Silva TJ, Longobardi I, de Oliveira J\u00fanior GN, Swinton P, Gualano B,\u00a0<strong>Roschel H<\/strong>; HCFMUSP COVID-19 Study Group. Muscle strength and muscle mass as predictors of hospital length of stay in patients with moderate to severe COVID-19: a prospective observational study. J Cachexia Sarcopenia Muscle. 2021 Dec;12(6):1871-1878. doi: 10.1002\/jcsm.12789.<\/p>\n<p>5.<strong>\u00a0Roschel H<\/strong>, Hayashi AP, Fernandes AL, Jambassi-Filho JC, Hevia-Larra\u00edn V, de Capitani M, Santana DA, Gon\u00e7alves LS, de S\u00e1-Pinto AL, Lima FR, Sapienza MT, Duarte AJS, Pereira RMR, Phillips SM, Gualano B. Supplement-based nutritional strategies to tackle frailty: A multifactorial, double-blind, randomized placebo-controlled trial. Clin Nutr. 2021 Aug;40(8):4849-4858. doi: 10.1016\/j.clnu.2021.06.024.<\/p>\n<\/div>\n<h2><strong>PROJETOS ORIENTADOR\/ LINHA<\/strong><\/h2>\n<p><strong>Linha 7 &#8211; EFEITOS DO EXERC\u00cdCIO F\u00cdSICO, NUTRI\u00c7\u00c3O E GEN\u00c9TICA NA SA\u00daDE E NO DESEMPENHO F\u00cdSICO<br \/>\n<\/strong><strong>PROJETO HAMILTON ROSCHEL:<\/strong> ESTUDOS SOBRE O PAPEL SINERG\u00c9TICO DO EXERCICIO E DA NUTRI\u00c7\u00c3O EM DOEN\u00c7AS CR\u00d4NICAS E NO ENVELHECIMENTO<\/p>\n<\/div>\n<p><\/p>","protected":false},"excerpt":{"rendered":"<p>Title:\u00a0Doctor\u00a0Professor E-mail: hars@usp.br Lattes: http:\/\/lattes.cnpq.br\/8590499566979006 Bolsa produtividade CNPq: PQ 1D Orcid:\u00a0 ID 0000-0002-9513-6132 &#8211; https:\/\/orcid.org\/0000-0002-9513-6132 Scopus: ID 6505559523 &#8211; https:\/\/www.scopus.com\/authid\/detail.uri?authorId=6505559523 Google scholar:\u00a0ID nw8gag4aaaaj &#8211; https:\/\/scholar.google.com.br\/citations?user=NW8Gag4AAAAJ&amp;hl=pt-BR&amp;oi=ao Research [&hellip;]<\/p>\n","protected":false},"author":1,"featured_media":0,"parent":25,"menu_order":0,"comment_status":"closed","ping_status":"closed","template":"","meta":{"footnotes":""},"class_list":["post-590","page","type-page","status-publish","hentry"],"yoast_head":"<!-- This site is optimized with the Yoast SEO plugin v25.5 - https:\/\/yoast.com\/wordpress\/plugins\/seo\/ -->\n<title>Hamilton Roschel - P\u00f3s-Gradua\u00e7\u00e3o em Ci\u00eancias do Sistema Musculoesquel\u00e9tico<\/title>\n<meta name=\"robots\" content=\"index, follow, max-snippet:-1, max-image-preview:large, max-video-preview:-1\" \/>\n<link rel=\"canonical\" href=\"https:\/\/www.musculoesqueleticousp.com.br\/pesquisas\/orientadores\/hamilton-roschel\/\" \/>\n<meta property=\"og:locale\" content=\"en_US\" \/>\n<meta property=\"og:type\" content=\"article\" \/>\n<meta property=\"og:title\" content=\"Hamilton Roschel - P\u00f3s-Gradua\u00e7\u00e3o em Ci\u00eancias do Sistema Musculoesquel\u00e9tico\" \/>\n<meta property=\"og:description\" content=\"Title:\u00a0Doctor\u00a0Professor E-mail: hars@usp.br Lattes: http:\/\/lattes.cnpq.br\/8590499566979006 Bolsa produtividade CNPq: PQ 1D Orcid:\u00a0 ID 0000-0002-9513-6132 &#8211; https:\/\/orcid.org\/0000-0002-9513-6132 Scopus: ID 6505559523 &#8211; https:\/\/www.scopus.com\/authid\/detail.uri?authorId=6505559523 Google scholar:\u00a0ID nw8gag4aaaaj &#8211; https:\/\/scholar.google.com.br\/citations?user=NW8Gag4AAAAJ&amp;hl=pt-BR&amp;oi=ao Research [&hellip;]\" \/>\n<meta property=\"og:url\" content=\"https:\/\/www.musculoesqueleticousp.com.br\/pesquisas\/orientadores\/hamilton-roschel\/\" \/>\n<meta property=\"og:site_name\" content=\"P\u00f3s-Gradua\u00e7\u00e3o em Ci\u00eancias do Sistema Musculoesquel\u00e9tico\" \/>\n<meta property=\"article:modified_time\" content=\"2024-08-01T12:30:04+00:00\" \/>\n<meta property=\"og:image\" content=\"http:\/\/www.musculoesqueleticousp.com.br\/wp-content\/uploads\/2020\/05\/ed_FOTO_HAMILTON-ROSCHEL.jpg\" \/>\n<meta name=\"twitter:card\" content=\"summary_large_image\" \/>\n<meta name=\"twitter:label1\" content=\"Est. reading time\" \/>\n\t<meta name=\"twitter:data1\" content=\"10 minutes\" \/>\n<script type=\"application\/ld+json\" class=\"yoast-schema-graph\">{\"@context\":\"https:\/\/schema.org\",\"@graph\":[{\"@type\":\"WebPage\",\"@id\":\"https:\/\/www.musculoesqueleticousp.com.br\/pesquisas\/orientadores\/hamilton-roschel\/\",\"url\":\"https:\/\/www.musculoesqueleticousp.com.br\/pesquisas\/orientadores\/hamilton-roschel\/\",\"name\":\"Hamilton Roschel - P\u00f3s-Gradua\u00e7\u00e3o em Ci\u00eancias do Sistema Musculoesquel\u00e9tico\",\"isPartOf\":{\"@id\":\"https:\/\/www.musculoesqueleticousp.com.br\/en\/#website\"},\"primaryImageOfPage\":{\"@id\":\"https:\/\/www.musculoesqueleticousp.com.br\/pesquisas\/orientadores\/hamilton-roschel\/#primaryimage\"},\"image\":{\"@id\":\"https:\/\/www.musculoesqueleticousp.com.br\/pesquisas\/orientadores\/hamilton-roschel\/#primaryimage\"},\"thumbnailUrl\":\"http:\/\/www.musculoesqueleticousp.com.br\/wp-content\/uploads\/2020\/05\/ed_FOTO_HAMILTON-ROSCHEL.jpg\",\"datePublished\":\"2020-05-02T03:26:04+00:00\",\"dateModified\":\"2024-08-01T12:30:04+00:00\",\"breadcrumb\":{\"@id\":\"https:\/\/www.musculoesqueleticousp.com.br\/pesquisas\/orientadores\/hamilton-roschel\/#breadcrumb\"},\"inLanguage\":\"en-US\",\"potentialAction\":[{\"@type\":\"ReadAction\",\"target\":[\"https:\/\/www.musculoesqueleticousp.com.br\/pesquisas\/orientadores\/hamilton-roschel\/\"]}]},{\"@type\":\"ImageObject\",\"inLanguage\":\"en-US\",\"@id\":\"https:\/\/www.musculoesqueleticousp.com.br\/pesquisas\/orientadores\/hamilton-roschel\/#primaryimage\",\"url\":\"http:\/\/www.musculoesqueleticousp.com.br\/wp-content\/uploads\/2020\/05\/ed_FOTO_HAMILTON-ROSCHEL.jpg\",\"contentUrl\":\"http:\/\/www.musculoesqueleticousp.com.br\/wp-content\/uploads\/2020\/05\/ed_FOTO_HAMILTON-ROSCHEL.jpg\"},{\"@type\":\"BreadcrumbList\",\"@id\":\"https:\/\/www.musculoesqueleticousp.com.br\/pesquisas\/orientadores\/hamilton-roschel\/#breadcrumb\",\"itemListElement\":[{\"@type\":\"ListItem\",\"position\":1,\"name\":\"Home\",\"item\":\"https:\/\/www.musculoesqueleticousp.com.br\/en\/\"},{\"@type\":\"ListItem\",\"position\":2,\"name\":\"Research\",\"item\":\"https:\/\/www.musculoesqueleticousp.com.br\/en\/pesquisas\/\"},{\"@type\":\"ListItem\",\"position\":3,\"name\":\"Orientadores\",\"item\":\"https:\/\/www.musculoesqueleticousp.com.br\/pesquisas\/orientadores\/\"},{\"@type\":\"ListItem\",\"position\":4,\"name\":\"Hamilton Roschel\"}]},{\"@type\":\"WebSite\",\"@id\":\"https:\/\/www.musculoesqueleticousp.com.br\/en\/#website\",\"url\":\"https:\/\/www.musculoesqueleticousp.com.br\/en\/\",\"name\":\"P\u00f3s-Gradua\u00e7\u00e3o em Ci\u00eancias do Sistema Musculoesquel\u00e9tico\",\"description\":\"Website do P\u00f3s-Gradua\u00e7\u00e3o em Ci\u00eancias do Sistema Musculoesquel\u00e9tico\",\"publisher\":{\"@id\":\"https:\/\/www.musculoesqueleticousp.com.br\/en\/#organization\"},\"potentialAction\":[{\"@type\":\"SearchAction\",\"target\":{\"@type\":\"EntryPoint\",\"urlTemplate\":\"https:\/\/www.musculoesqueleticousp.com.br\/en\/?s={search_term_string}\"},\"query-input\":{\"@type\":\"PropertyValueSpecification\",\"valueRequired\":true,\"valueName\":\"search_term_string\"}}],\"inLanguage\":\"en-US\"},{\"@type\":\"Organization\",\"@id\":\"https:\/\/www.musculoesqueleticousp.com.br\/en\/#organization\",\"name\":\"P\u00f3s-Gradua\u00e7\u00e3o em Ci\u00eancias do Sistema Musculoesquel\u00e9tico\",\"url\":\"https:\/\/www.musculoesqueleticousp.com.br\/en\/\",\"logo\":{\"@type\":\"ImageObject\",\"inLanguage\":\"en-US\",\"@id\":\"https:\/\/www.musculoesqueleticousp.com.br\/en\/#\/schema\/logo\/image\/\",\"url\":\"https:\/\/www.musculoesqueleticousp.com.br\/wp-content\/uploads\/2020\/04\/logo_pg_cme_v3_h120.png\",\"contentUrl\":\"https:\/\/www.musculoesqueleticousp.com.br\/wp-content\/uploads\/2020\/04\/logo_pg_cme_v3_h120.png\",\"width\":481,\"height\":120,\"caption\":\"P\u00f3s-Gradua\u00e7\u00e3o em Ci\u00eancias do Sistema Musculoesquel\u00e9tico\"},\"image\":{\"@id\":\"https:\/\/www.musculoesqueleticousp.com.br\/en\/#\/schema\/logo\/image\/\"}}]}<\/script>\n<!-- \/ Yoast SEO plugin. -->","yoast_head_json":{"title":"Hamilton Roschel - P\u00f3s-Gradua\u00e7\u00e3o em Ci\u00eancias do Sistema Musculoesquel\u00e9tico","robots":{"index":"index","follow":"follow","max-snippet":"max-snippet:-1","max-image-preview":"max-image-preview:large","max-video-preview":"max-video-preview:-1"},"canonical":"https:\/\/www.musculoesqueleticousp.com.br\/pesquisas\/orientadores\/hamilton-roschel\/","og_locale":"en_US","og_type":"article","og_title":"Hamilton Roschel - P\u00f3s-Gradua\u00e7\u00e3o em Ci\u00eancias do Sistema Musculoesquel\u00e9tico","og_description":"Title:\u00a0Doctor\u00a0Professor E-mail: hars@usp.br Lattes: http:\/\/lattes.cnpq.br\/8590499566979006 Bolsa produtividade CNPq: PQ 1D Orcid:\u00a0 ID 0000-0002-9513-6132 &#8211; https:\/\/orcid.org\/0000-0002-9513-6132 Scopus: ID 6505559523 &#8211; https:\/\/www.scopus.com\/authid\/detail.uri?authorId=6505559523 Google scholar:\u00a0ID nw8gag4aaaaj &#8211; https:\/\/scholar.google.com.br\/citations?user=NW8Gag4AAAAJ&amp;hl=pt-BR&amp;oi=ao Research [&hellip;]","og_url":"https:\/\/www.musculoesqueleticousp.com.br\/pesquisas\/orientadores\/hamilton-roschel\/","og_site_name":"P\u00f3s-Gradua\u00e7\u00e3o em Ci\u00eancias do Sistema Musculoesquel\u00e9tico","article_modified_time":"2024-08-01T12:30:04+00:00","og_image":[{"url":"http:\/\/www.musculoesqueleticousp.com.br\/wp-content\/uploads\/2020\/05\/ed_FOTO_HAMILTON-ROSCHEL.jpg","type":"","width":"","height":""}],"twitter_card":"summary_large_image","twitter_misc":{"Est. reading time":"10 minutes"},"schema":{"@context":"https:\/\/schema.org","@graph":[{"@type":"WebPage","@id":"https:\/\/www.musculoesqueleticousp.com.br\/pesquisas\/orientadores\/hamilton-roschel\/","url":"https:\/\/www.musculoesqueleticousp.com.br\/pesquisas\/orientadores\/hamilton-roschel\/","name":"Hamilton Roschel - P\u00f3s-Gradua\u00e7\u00e3o em Ci\u00eancias do Sistema Musculoesquel\u00e9tico","isPartOf":{"@id":"https:\/\/www.musculoesqueleticousp.com.br\/en\/#website"},"primaryImageOfPage":{"@id":"https:\/\/www.musculoesqueleticousp.com.br\/pesquisas\/orientadores\/hamilton-roschel\/#primaryimage"},"image":{"@id":"https:\/\/www.musculoesqueleticousp.com.br\/pesquisas\/orientadores\/hamilton-roschel\/#primaryimage"},"thumbnailUrl":"http:\/\/www.musculoesqueleticousp.com.br\/wp-content\/uploads\/2020\/05\/ed_FOTO_HAMILTON-ROSCHEL.jpg","datePublished":"2020-05-02T03:26:04+00:00","dateModified":"2024-08-01T12:30:04+00:00","breadcrumb":{"@id":"https:\/\/www.musculoesqueleticousp.com.br\/pesquisas\/orientadores\/hamilton-roschel\/#breadcrumb"},"inLanguage":"en-US","potentialAction":[{"@type":"ReadAction","target":["https:\/\/www.musculoesqueleticousp.com.br\/pesquisas\/orientadores\/hamilton-roschel\/"]}]},{"@type":"ImageObject","inLanguage":"en-US","@id":"https:\/\/www.musculoesqueleticousp.com.br\/pesquisas\/orientadores\/hamilton-roschel\/#primaryimage","url":"http:\/\/www.musculoesqueleticousp.com.br\/wp-content\/uploads\/2020\/05\/ed_FOTO_HAMILTON-ROSCHEL.jpg","contentUrl":"http:\/\/www.musculoesqueleticousp.com.br\/wp-content\/uploads\/2020\/05\/ed_FOTO_HAMILTON-ROSCHEL.jpg"},{"@type":"BreadcrumbList","@id":"https:\/\/www.musculoesqueleticousp.com.br\/pesquisas\/orientadores\/hamilton-roschel\/#breadcrumb","itemListElement":[{"@type":"ListItem","position":1,"name":"Home","item":"https:\/\/www.musculoesqueleticousp.com.br\/en\/"},{"@type":"ListItem","position":2,"name":"Research","item":"https:\/\/www.musculoesqueleticousp.com.br\/en\/pesquisas\/"},{"@type":"ListItem","position":3,"name":"Orientadores","item":"https:\/\/www.musculoesqueleticousp.com.br\/pesquisas\/orientadores\/"},{"@type":"ListItem","position":4,"name":"Hamilton Roschel"}]},{"@type":"WebSite","@id":"https:\/\/www.musculoesqueleticousp.com.br\/en\/#website","url":"https:\/\/www.musculoesqueleticousp.com.br\/en\/","name":"P\u00f3s-Gradua\u00e7\u00e3o em Ci\u00eancias do Sistema Musculoesquel\u00e9tico","description":"Website do P\u00f3s-Gradua\u00e7\u00e3o em Ci\u00eancias do Sistema Musculoesquel\u00e9tico","publisher":{"@id":"https:\/\/www.musculoesqueleticousp.com.br\/en\/#organization"},"potentialAction":[{"@type":"SearchAction","target":{"@type":"EntryPoint","urlTemplate":"https:\/\/www.musculoesqueleticousp.com.br\/en\/?s={search_term_string}"},"query-input":{"@type":"PropertyValueSpecification","valueRequired":true,"valueName":"search_term_string"}}],"inLanguage":"en-US"},{"@type":"Organization","@id":"https:\/\/www.musculoesqueleticousp.com.br\/en\/#organization","name":"P\u00f3s-Gradua\u00e7\u00e3o em Ci\u00eancias do Sistema Musculoesquel\u00e9tico","url":"https:\/\/www.musculoesqueleticousp.com.br\/en\/","logo":{"@type":"ImageObject","inLanguage":"en-US","@id":"https:\/\/www.musculoesqueleticousp.com.br\/en\/#\/schema\/logo\/image\/","url":"https:\/\/www.musculoesqueleticousp.com.br\/wp-content\/uploads\/2020\/04\/logo_pg_cme_v3_h120.png","contentUrl":"https:\/\/www.musculoesqueleticousp.com.br\/wp-content\/uploads\/2020\/04\/logo_pg_cme_v3_h120.png","width":481,"height":120,"caption":"P\u00f3s-Gradua\u00e7\u00e3o em Ci\u00eancias do Sistema Musculoesquel\u00e9tico"},"image":{"@id":"https:\/\/www.musculoesqueleticousp.com.br\/en\/#\/schema\/logo\/image\/"}}]}},"_links":{"self":[{"href":"https:\/\/www.musculoesqueleticousp.com.br\/en\/wp-json\/wp\/v2\/pages\/590","targetHints":{"allow":["GET"]}}],"collection":[{"href":"https:\/\/www.musculoesqueleticousp.com.br\/en\/wp-json\/wp\/v2\/pages"}],"about":[{"href":"https:\/\/www.musculoesqueleticousp.com.br\/en\/wp-json\/wp\/v2\/types\/page"}],"author":[{"embeddable":true,"href":"https:\/\/www.musculoesqueleticousp.com.br\/en\/wp-json\/wp\/v2\/users\/1"}],"replies":[{"embeddable":true,"href":"https:\/\/www.musculoesqueleticousp.com.br\/en\/wp-json\/wp\/v2\/comments?post=590"}],"version-history":[{"count":34,"href":"https:\/\/www.musculoesqueleticousp.com.br\/en\/wp-json\/wp\/v2\/pages\/590\/revisions"}],"predecessor-version":[{"id":3061,"href":"https:\/\/www.musculoesqueleticousp.com.br\/en\/wp-json\/wp\/v2\/pages\/590\/revisions\/3061"}],"up":[{"embeddable":true,"href":"https:\/\/www.musculoesqueleticousp.com.br\/en\/wp-json\/wp\/v2\/pages\/25"}],"wp:attachment":[{"href":"https:\/\/www.musculoesqueleticousp.com.br\/en\/wp-json\/wp\/v2\/media?parent=590"}],"curies":[{"name":"wp","href":"https:\/\/api.w.org\/{rel}","templated":true}]}}