{"id":586,"date":"2020-05-02T00:22:25","date_gmt":"2020-05-02T03:22:25","guid":{"rendered":"http:\/\/www.musculoesqueleticousp.com.br\/?page_id=586"},"modified":"2024-06-18T16:27:44","modified_gmt":"2024-06-18T19:27:44","slug":"guilherme-giannini-artioli","status":"publish","type":"page","link":"https:\/\/www.musculoesqueleticousp.com.br\/en\/pesquisas\/orientadores\/guilherme-giannini-artioli\/","title":{"rendered":"Guilherme Giannini Artioli"},"content":{"rendered":"<p><strong><img loading=\"lazy\" decoding=\"async\" class=\"alignleft size-full wp-image-587\" src=\"http:\/\/www.musculoesqueleticousp.com.br\/wp-content\/uploads\/2020\/05\/ed_FOTO_GUILHERME-GIANNINI-ARTIOLI.jpg\" alt=\"\" width=\"166\" height=\"225\" srcset=\"https:\/\/www.musculoesqueleticousp.com.br\/wp-content\/uploads\/2020\/05\/ed_FOTO_GUILHERME-GIANNINI-ARTIOLI.jpg 166w, https:\/\/www.musculoesqueleticousp.com.br\/wp-content\/uploads\/2020\/05\/ed_FOTO_GUILHERME-GIANNINI-ARTIOLI-108x146.jpg 108w, https:\/\/www.musculoesqueleticousp.com.br\/wp-content\/uploads\/2020\/05\/ed_FOTO_GUILHERME-GIANNINI-ARTIOLI-37x50.jpg 37w, https:\/\/www.musculoesqueleticousp.com.br\/wp-content\/uploads\/2020\/05\/ed_FOTO_GUILHERME-GIANNINI-ARTIOLI-55x75.jpg 55w\" sizes=\"auto, (max-width: 166px) 100vw, 166px\" \/><\/strong><strong><span lang=\"EN-US\">Title:\u00a0<\/span><\/strong><span lang=\"EN-US\">Associate Professor<\/span><br \/>\n<strong>E-mail: <\/strong><a href=\"mailto:artioli@usp.br\">artioli@usp.br<\/a><br \/>\n<strong>Lattes: <\/strong><a href=\"http:\/\/lattes.cnpq.br\/7797827593708315\" target=\"_blank\" rel=\"noopener noreferrer\">http:\/\/lattes.cnpq.br\/7797827593708315<\/a><br \/>\n<strong>Bolsa produtividade CNPq<\/strong>: PQ 2<br \/>\n<strong>Orcid<\/strong>:\u00a0ID\u00a0 0000-0001-8463-2213 &#8211; <a href=\"https:\/\/orcid.org\/0000-0001-8463-2213\">https:\/\/orcid.org\/0000-0001-8463-2213<\/a><br \/>\n<strong>Scopus<\/strong>: ID 7006091541 &#8211; <a href=\"https:\/\/www.scopus.com\/authid\/detail.uri?authorId=7006091541\">https:\/\/www.scopus.com\/authid\/detail.uri?authorId=7006091541<\/a><br \/>\n<strong>Google scholar<\/strong>:\u00a0 ID lrqf7NUAAAAJ &#8211; <a href=\"https:\/\/scholar.google.com.br\/citations?user=lrqf7NUAAAAJ&amp;hl=pt-BR&amp;oi=ao\">https:\/\/scholar.google.com.br\/citations?user=lrqf7NUAAAAJ&amp;hl=pt-BR&amp;oi=ao<\/a><br \/>\n<strong>Research ID<\/strong>:\u00a0 K-5925-2013 &#8211; <a href=\"https:\/\/publons.com\/researcher\/1262956\/guilherme-giannini-artioli\/\">https:\/\/publons.com\/researcher\/1262956\/guilherme-giannini-artioli\/<\/a><\/p>\n<p>&nbsp;<\/p>\n<h2><strong>Lines of research:<\/strong><\/h2>\n<p>Sports nutrition, ergogenic resources, exercise physiology and the physiology of histidine-containing dipeptides (carnosine, anserine and balenine).<\/p>\n<h2>Summary<\/h2>\n<p>Nutrition plays a fundamental role in health and physical performance. Some nutrients and dietary supplements can exercise important functions in the regulation of physiological processes relevant to health and performance, such as muscle protein synthesis, acid-base balance, redox balance and energy availability, among others. Several of these nutrients, especially \u03b2-alanine and carnosine, the effects and potential therapeutic and sports applications of which are of special interest as targets for investigations in our group.<\/p>\n<h2>Relevant articles:<\/h2>\n<ol>\n<li>Gon\u00e7alves LS, Kratz C, Santos L, Carvalho VH, Sales LP, Nemezio K, Longobardi I, Riani LA, de Oliveira Lima MM, Saito T, Fernandes AL, Rodrigues J, James RM, Sale C, Gualano B, Geloneze B, de Medeiros MHG, Artioli GG. Insulin does not stimulate ?-alanine transport into human skeletal muscle. Am J Physiol Cell Physiol. 2020 Feb 26. doi: 0.1152\/ajpcell.00550.2019<\/li>\n<li>de Oliveira LF, Saunders B, Yamaguchi G, Swinton P, Artioli GG. Is Individualization of Sodium Bicarbonate Ingestion based on Time to Peak Necessary? Med Sci Sports Exerc. 2020 Feb 25. doi: 10.1249\/MSS.0000000000002313.<\/li>\n<li>Matthews JJ, Artioli GG, Turner MD, Sale C. The Physiological Roles of Carnosine and ?-Alanine in Exercising Human Skeletal Muscle. Med Sci Sports Exerc. 2019 Oct;51(10):2098-2108. doi: 10.1249\/MSS.0000000000002033.<\/li>\n<li>DE Salles Painelli V, Nemezio KM, Pinto AJ, Franchi M, Andrade I, Riani LA, Saunders B, Sale C, Harris RC, Gualano B, Artioli GG. High-Intensity Interval Training Augments Muscle Carnosine in the Absence of Dietary Beta-alanine Intake. Med Sci Sports Exerc. 2018 Nov;50(11):2242-2252. doi: 10.1249\/MSS.0000000000001697<\/li>\n<li>Carvalho VH, Oliveira AHS, de Oliveira LF, da Silva RP, Di Mascio P, Gualano B, Artioli GG, Medeiros MHG.\u00a0Exercise and ?-alanine supplementation on carnosine-acrolein adduct in skeletal muscle. Redox Biol. 2018 Sep;18:222-228. doi: 10.1016\/j.redox.2018.07.009.<\/li>\n<\/ol>\n<p>&nbsp;<\/p>\n<h2><strong>PROJETOS ORIENTADOR\/ LINHA<\/strong><\/h2>\n<p><strong>Linha 7. EFEITOS DO EXERC\u00cdCIO F\u00cdSICO, NUTRI\u00c7\u00c3O E GEN\u00c9TICA NA SA\u00daDE E NO DESEMPENHO F\u00cdSICO<br \/>\n<\/strong><strong>PROJETO GUILHERME ARTIOLI:<\/strong> ESTUDO SOBRE A INTERFACE ENTRE GEN\u00c9TICA, NUTRI\u00c7\u00c3O E EXERC\u00cdCIO NA SA\u00daDE E NO DESEMPENHO ESPORTIVO<\/p>","protected":false},"excerpt":{"rendered":"<p>Title:\u00a0Associate Professor E-mail: artioli@usp.br Lattes: http:\/\/lattes.cnpq.br\/7797827593708315 Bolsa produtividade CNPq: PQ 2 Orcid:\u00a0ID\u00a0 0000-0001-8463-2213 &#8211; https:\/\/orcid.org\/0000-0001-8463-2213 Scopus: ID 7006091541 &#8211; https:\/\/www.scopus.com\/authid\/detail.uri?authorId=7006091541 Google scholar:\u00a0 ID lrqf7NUAAAAJ &#8211; https:\/\/scholar.google.com.br\/citations?user=lrqf7NUAAAAJ&amp;hl=pt-BR&amp;oi=ao [&hellip;]<\/p>\n","protected":false},"author":1,"featured_media":0,"parent":25,"menu_order":0,"comment_status":"closed","ping_status":"closed","template":"","meta":{"footnotes":""},"class_list":["post-586","page","type-page","status-publish","hentry"],"yoast_head":"<!-- This site is optimized with the Yoast SEO plugin v25.5 - https:\/\/yoast.com\/wordpress\/plugins\/seo\/ -->\n<title>Guilherme Giannini Artioli - P\u00f3s-Gradua\u00e7\u00e3o em Ci\u00eancias do Sistema Musculoesquel\u00e9tico<\/title>\n<meta name=\"robots\" content=\"index, follow, max-snippet:-1, max-image-preview:large, max-video-preview:-1\" \/>\n<link rel=\"canonical\" href=\"https:\/\/www.musculoesqueleticousp.com.br\/pesquisas\/orientadores\/guilherme-giannini-artioli\/\" \/>\n<meta property=\"og:locale\" content=\"en_US\" \/>\n<meta property=\"og:type\" content=\"article\" \/>\n<meta property=\"og:title\" content=\"Guilherme Giannini Artioli - P\u00f3s-Gradua\u00e7\u00e3o em Ci\u00eancias do Sistema Musculoesquel\u00e9tico\" \/>\n<meta property=\"og:description\" content=\"Title:\u00a0Associate Professor E-mail: artioli@usp.br Lattes: http:\/\/lattes.cnpq.br\/7797827593708315 Bolsa produtividade CNPq: PQ 2 Orcid:\u00a0ID\u00a0 0000-0001-8463-2213 &#8211; https:\/\/orcid.org\/0000-0001-8463-2213 Scopus: ID 7006091541 &#8211; https:\/\/www.scopus.com\/authid\/detail.uri?authorId=7006091541 Google scholar:\u00a0 ID lrqf7NUAAAAJ &#8211; https:\/\/scholar.google.com.br\/citations?user=lrqf7NUAAAAJ&amp;hl=pt-BR&amp;oi=ao [&hellip;]\" \/>\n<meta property=\"og:url\" content=\"https:\/\/www.musculoesqueleticousp.com.br\/pesquisas\/orientadores\/guilherme-giannini-artioli\/\" \/>\n<meta property=\"og:site_name\" content=\"P\u00f3s-Gradua\u00e7\u00e3o em Ci\u00eancias do Sistema Musculoesquel\u00e9tico\" \/>\n<meta property=\"article:modified_time\" content=\"2024-06-18T19:27:44+00:00\" \/>\n<meta property=\"og:image\" content=\"http:\/\/www.musculoesqueleticousp.com.br\/wp-content\/uploads\/2020\/05\/ed_FOTO_GUILHERME-GIANNINI-ARTIOLI.jpg\" \/>\n<meta name=\"twitter:card\" content=\"summary_large_image\" \/>\n<meta name=\"twitter:label1\" content=\"Est. reading time\" \/>\n\t<meta name=\"twitter:data1\" content=\"6 minutes\" \/>\n<script type=\"application\/ld+json\" class=\"yoast-schema-graph\">{\"@context\":\"https:\/\/schema.org\",\"@graph\":[{\"@type\":\"WebPage\",\"@id\":\"https:\/\/www.musculoesqueleticousp.com.br\/pesquisas\/orientadores\/guilherme-giannini-artioli\/\",\"url\":\"https:\/\/www.musculoesqueleticousp.com.br\/pesquisas\/orientadores\/guilherme-giannini-artioli\/\",\"name\":\"Guilherme Giannini Artioli - P\u00f3s-Gradua\u00e7\u00e3o em Ci\u00eancias do Sistema Musculoesquel\u00e9tico\",\"isPartOf\":{\"@id\":\"https:\/\/www.musculoesqueleticousp.com.br\/en\/#website\"},\"primaryImageOfPage\":{\"@id\":\"https:\/\/www.musculoesqueleticousp.com.br\/pesquisas\/orientadores\/guilherme-giannini-artioli\/#primaryimage\"},\"image\":{\"@id\":\"https:\/\/www.musculoesqueleticousp.com.br\/pesquisas\/orientadores\/guilherme-giannini-artioli\/#primaryimage\"},\"thumbnailUrl\":\"http:\/\/www.musculoesqueleticousp.com.br\/wp-content\/uploads\/2020\/05\/ed_FOTO_GUILHERME-GIANNINI-ARTIOLI.jpg\",\"datePublished\":\"2020-05-02T03:22:25+00:00\",\"dateModified\":\"2024-06-18T19:27:44+00:00\",\"breadcrumb\":{\"@id\":\"https:\/\/www.musculoesqueleticousp.com.br\/pesquisas\/orientadores\/guilherme-giannini-artioli\/#breadcrumb\"},\"inLanguage\":\"en-US\",\"potentialAction\":[{\"@type\":\"ReadAction\",\"target\":[\"https:\/\/www.musculoesqueleticousp.com.br\/pesquisas\/orientadores\/guilherme-giannini-artioli\/\"]}]},{\"@type\":\"ImageObject\",\"inLanguage\":\"en-US\",\"@id\":\"https:\/\/www.musculoesqueleticousp.com.br\/pesquisas\/orientadores\/guilherme-giannini-artioli\/#primaryimage\",\"url\":\"http:\/\/www.musculoesqueleticousp.com.br\/wp-content\/uploads\/2020\/05\/ed_FOTO_GUILHERME-GIANNINI-ARTIOLI.jpg\",\"contentUrl\":\"http:\/\/www.musculoesqueleticousp.com.br\/wp-content\/uploads\/2020\/05\/ed_FOTO_GUILHERME-GIANNINI-ARTIOLI.jpg\"},{\"@type\":\"BreadcrumbList\",\"@id\":\"https:\/\/www.musculoesqueleticousp.com.br\/pesquisas\/orientadores\/guilherme-giannini-artioli\/#breadcrumb\",\"itemListElement\":[{\"@type\":\"ListItem\",\"position\":1,\"name\":\"Home\",\"item\":\"https:\/\/www.musculoesqueleticousp.com.br\/en\/\"},{\"@type\":\"ListItem\",\"position\":2,\"name\":\"Research\",\"item\":\"https:\/\/www.musculoesqueleticousp.com.br\/en\/pesquisas\/\"},{\"@type\":\"ListItem\",\"position\":3,\"name\":\"Orientadores\",\"item\":\"https:\/\/www.musculoesqueleticousp.com.br\/pesquisas\/orientadores\/\"},{\"@type\":\"ListItem\",\"position\":4,\"name\":\"Guilherme Giannini Artioli\"}]},{\"@type\":\"WebSite\",\"@id\":\"https:\/\/www.musculoesqueleticousp.com.br\/en\/#website\",\"url\":\"https:\/\/www.musculoesqueleticousp.com.br\/en\/\",\"name\":\"P\u00f3s-Gradua\u00e7\u00e3o em Ci\u00eancias do Sistema Musculoesquel\u00e9tico\",\"description\":\"Website do P\u00f3s-Gradua\u00e7\u00e3o em Ci\u00eancias do Sistema Musculoesquel\u00e9tico\",\"publisher\":{\"@id\":\"https:\/\/www.musculoesqueleticousp.com.br\/en\/#organization\"},\"potentialAction\":[{\"@type\":\"SearchAction\",\"target\":{\"@type\":\"EntryPoint\",\"urlTemplate\":\"https:\/\/www.musculoesqueleticousp.com.br\/en\/?s={search_term_string}\"},\"query-input\":{\"@type\":\"PropertyValueSpecification\",\"valueRequired\":true,\"valueName\":\"search_term_string\"}}],\"inLanguage\":\"en-US\"},{\"@type\":\"Organization\",\"@id\":\"https:\/\/www.musculoesqueleticousp.com.br\/en\/#organization\",\"name\":\"P\u00f3s-Gradua\u00e7\u00e3o em Ci\u00eancias do Sistema Musculoesquel\u00e9tico\",\"url\":\"https:\/\/www.musculoesqueleticousp.com.br\/en\/\",\"logo\":{\"@type\":\"ImageObject\",\"inLanguage\":\"en-US\",\"@id\":\"https:\/\/www.musculoesqueleticousp.com.br\/en\/#\/schema\/logo\/image\/\",\"url\":\"https:\/\/www.musculoesqueleticousp.com.br\/wp-content\/uploads\/2020\/04\/logo_pg_cme_v3_h120.png\",\"contentUrl\":\"https:\/\/www.musculoesqueleticousp.com.br\/wp-content\/uploads\/2020\/04\/logo_pg_cme_v3_h120.png\",\"width\":481,\"height\":120,\"caption\":\"P\u00f3s-Gradua\u00e7\u00e3o em Ci\u00eancias do Sistema Musculoesquel\u00e9tico\"},\"image\":{\"@id\":\"https:\/\/www.musculoesqueleticousp.com.br\/en\/#\/schema\/logo\/image\/\"}}]}<\/script>\n<!-- \/ Yoast SEO plugin. -->","yoast_head_json":{"title":"Guilherme Giannini Artioli - P\u00f3s-Gradua\u00e7\u00e3o em Ci\u00eancias do Sistema Musculoesquel\u00e9tico","robots":{"index":"index","follow":"follow","max-snippet":"max-snippet:-1","max-image-preview":"max-image-preview:large","max-video-preview":"max-video-preview:-1"},"canonical":"https:\/\/www.musculoesqueleticousp.com.br\/pesquisas\/orientadores\/guilherme-giannini-artioli\/","og_locale":"en_US","og_type":"article","og_title":"Guilherme Giannini Artioli - P\u00f3s-Gradua\u00e7\u00e3o em Ci\u00eancias do Sistema Musculoesquel\u00e9tico","og_description":"Title:\u00a0Associate Professor E-mail: artioli@usp.br Lattes: http:\/\/lattes.cnpq.br\/7797827593708315 Bolsa produtividade CNPq: PQ 2 Orcid:\u00a0ID\u00a0 0000-0001-8463-2213 &#8211; https:\/\/orcid.org\/0000-0001-8463-2213 Scopus: ID 7006091541 &#8211; https:\/\/www.scopus.com\/authid\/detail.uri?authorId=7006091541 Google scholar:\u00a0 ID lrqf7NUAAAAJ &#8211; https:\/\/scholar.google.com.br\/citations?user=lrqf7NUAAAAJ&amp;hl=pt-BR&amp;oi=ao [&hellip;]","og_url":"https:\/\/www.musculoesqueleticousp.com.br\/pesquisas\/orientadores\/guilherme-giannini-artioli\/","og_site_name":"P\u00f3s-Gradua\u00e7\u00e3o em Ci\u00eancias do Sistema Musculoesquel\u00e9tico","article_modified_time":"2024-06-18T19:27:44+00:00","og_image":[{"url":"http:\/\/www.musculoesqueleticousp.com.br\/wp-content\/uploads\/2020\/05\/ed_FOTO_GUILHERME-GIANNINI-ARTIOLI.jpg","type":"","width":"","height":""}],"twitter_card":"summary_large_image","twitter_misc":{"Est. reading time":"6 minutes"},"schema":{"@context":"https:\/\/schema.org","@graph":[{"@type":"WebPage","@id":"https:\/\/www.musculoesqueleticousp.com.br\/pesquisas\/orientadores\/guilherme-giannini-artioli\/","url":"https:\/\/www.musculoesqueleticousp.com.br\/pesquisas\/orientadores\/guilherme-giannini-artioli\/","name":"Guilherme Giannini Artioli - P\u00f3s-Gradua\u00e7\u00e3o em Ci\u00eancias do Sistema Musculoesquel\u00e9tico","isPartOf":{"@id":"https:\/\/www.musculoesqueleticousp.com.br\/en\/#website"},"primaryImageOfPage":{"@id":"https:\/\/www.musculoesqueleticousp.com.br\/pesquisas\/orientadores\/guilherme-giannini-artioli\/#primaryimage"},"image":{"@id":"https:\/\/www.musculoesqueleticousp.com.br\/pesquisas\/orientadores\/guilherme-giannini-artioli\/#primaryimage"},"thumbnailUrl":"http:\/\/www.musculoesqueleticousp.com.br\/wp-content\/uploads\/2020\/05\/ed_FOTO_GUILHERME-GIANNINI-ARTIOLI.jpg","datePublished":"2020-05-02T03:22:25+00:00","dateModified":"2024-06-18T19:27:44+00:00","breadcrumb":{"@id":"https:\/\/www.musculoesqueleticousp.com.br\/pesquisas\/orientadores\/guilherme-giannini-artioli\/#breadcrumb"},"inLanguage":"en-US","potentialAction":[{"@type":"ReadAction","target":["https:\/\/www.musculoesqueleticousp.com.br\/pesquisas\/orientadores\/guilherme-giannini-artioli\/"]}]},{"@type":"ImageObject","inLanguage":"en-US","@id":"https:\/\/www.musculoesqueleticousp.com.br\/pesquisas\/orientadores\/guilherme-giannini-artioli\/#primaryimage","url":"http:\/\/www.musculoesqueleticousp.com.br\/wp-content\/uploads\/2020\/05\/ed_FOTO_GUILHERME-GIANNINI-ARTIOLI.jpg","contentUrl":"http:\/\/www.musculoesqueleticousp.com.br\/wp-content\/uploads\/2020\/05\/ed_FOTO_GUILHERME-GIANNINI-ARTIOLI.jpg"},{"@type":"BreadcrumbList","@id":"https:\/\/www.musculoesqueleticousp.com.br\/pesquisas\/orientadores\/guilherme-giannini-artioli\/#breadcrumb","itemListElement":[{"@type":"ListItem","position":1,"name":"Home","item":"https:\/\/www.musculoesqueleticousp.com.br\/en\/"},{"@type":"ListItem","position":2,"name":"Research","item":"https:\/\/www.musculoesqueleticousp.com.br\/en\/pesquisas\/"},{"@type":"ListItem","position":3,"name":"Orientadores","item":"https:\/\/www.musculoesqueleticousp.com.br\/pesquisas\/orientadores\/"},{"@type":"ListItem","position":4,"name":"Guilherme Giannini Artioli"}]},{"@type":"WebSite","@id":"https:\/\/www.musculoesqueleticousp.com.br\/en\/#website","url":"https:\/\/www.musculoesqueleticousp.com.br\/en\/","name":"P\u00f3s-Gradua\u00e7\u00e3o em Ci\u00eancias do Sistema Musculoesquel\u00e9tico","description":"Website do P\u00f3s-Gradua\u00e7\u00e3o em Ci\u00eancias do Sistema Musculoesquel\u00e9tico","publisher":{"@id":"https:\/\/www.musculoesqueleticousp.com.br\/en\/#organization"},"potentialAction":[{"@type":"SearchAction","target":{"@type":"EntryPoint","urlTemplate":"https:\/\/www.musculoesqueleticousp.com.br\/en\/?s={search_term_string}"},"query-input":{"@type":"PropertyValueSpecification","valueRequired":true,"valueName":"search_term_string"}}],"inLanguage":"en-US"},{"@type":"Organization","@id":"https:\/\/www.musculoesqueleticousp.com.br\/en\/#organization","name":"P\u00f3s-Gradua\u00e7\u00e3o em Ci\u00eancias do Sistema Musculoesquel\u00e9tico","url":"https:\/\/www.musculoesqueleticousp.com.br\/en\/","logo":{"@type":"ImageObject","inLanguage":"en-US","@id":"https:\/\/www.musculoesqueleticousp.com.br\/en\/#\/schema\/logo\/image\/","url":"https:\/\/www.musculoesqueleticousp.com.br\/wp-content\/uploads\/2020\/04\/logo_pg_cme_v3_h120.png","contentUrl":"https:\/\/www.musculoesqueleticousp.com.br\/wp-content\/uploads\/2020\/04\/logo_pg_cme_v3_h120.png","width":481,"height":120,"caption":"P\u00f3s-Gradua\u00e7\u00e3o em Ci\u00eancias do Sistema Musculoesquel\u00e9tico"},"image":{"@id":"https:\/\/www.musculoesqueleticousp.com.br\/en\/#\/schema\/logo\/image\/"}}]}},"_links":{"self":[{"href":"https:\/\/www.musculoesqueleticousp.com.br\/en\/wp-json\/wp\/v2\/pages\/586","targetHints":{"allow":["GET"]}}],"collection":[{"href":"https:\/\/www.musculoesqueleticousp.com.br\/en\/wp-json\/wp\/v2\/pages"}],"about":[{"href":"https:\/\/www.musculoesqueleticousp.com.br\/en\/wp-json\/wp\/v2\/types\/page"}],"author":[{"embeddable":true,"href":"https:\/\/www.musculoesqueleticousp.com.br\/en\/wp-json\/wp\/v2\/users\/1"}],"replies":[{"embeddable":true,"href":"https:\/\/www.musculoesqueleticousp.com.br\/en\/wp-json\/wp\/v2\/comments?post=586"}],"version-history":[{"count":8,"href":"https:\/\/www.musculoesqueleticousp.com.br\/en\/wp-json\/wp\/v2\/pages\/586\/revisions"}],"predecessor-version":[{"id":2841,"href":"https:\/\/www.musculoesqueleticousp.com.br\/en\/wp-json\/wp\/v2\/pages\/586\/revisions\/2841"}],"up":[{"embeddable":true,"href":"https:\/\/www.musculoesqueleticousp.com.br\/en\/wp-json\/wp\/v2\/pages\/25"}],"wp:attachment":[{"href":"https:\/\/www.musculoesqueleticousp.com.br\/en\/wp-json\/wp\/v2\/media?parent=586"}],"curies":[{"name":"wp","href":"https:\/\/api.w.org\/{rel}","templated":true}]}}