{"id":554,"date":"2020-05-01T22:29:32","date_gmt":"2020-05-02T01:29:32","guid":{"rendered":"http:\/\/www.musculoesqueleticousp.com.br\/?page_id=554"},"modified":"2024-06-18T16:19:27","modified_gmt":"2024-06-18T19:19:27","slug":"bruno-gualano","status":"publish","type":"page","link":"https:\/\/www.musculoesqueleticousp.com.br\/en\/pesquisas\/orientadores\/bruno-gualano\/","title":{"rendered":"Bruno Gualano"},"content":{"rendered":"<p><strong><img loading=\"lazy\" decoding=\"async\" class=\"alignleft size-full wp-image-555\" src=\"http:\/\/www.musculoesqueleticousp.com.br\/wp-content\/uploads\/2020\/05\/ed_FOTO_BRUNO-GUALANO.jpg\" alt=\"\" width=\"194\" height=\"225\" srcset=\"https:\/\/www.musculoesqueleticousp.com.br\/wp-content\/uploads\/2020\/05\/ed_FOTO_BRUNO-GUALANO.jpg 194w, https:\/\/www.musculoesqueleticousp.com.br\/wp-content\/uploads\/2020\/05\/ed_FOTO_BRUNO-GUALANO-126x146.jpg 126w, https:\/\/www.musculoesqueleticousp.com.br\/wp-content\/uploads\/2020\/05\/ed_FOTO_BRUNO-GUALANO-43x50.jpg 43w, https:\/\/www.musculoesqueleticousp.com.br\/wp-content\/uploads\/2020\/05\/ed_FOTO_BRUNO-GUALANO-65x75.jpg 65w\" sizes=\"auto, (max-width: 194px) 100vw, 194px\" \/><\/strong><strong><span lang=\"EN-US\">Title:<\/span><\/strong><span lang=\"EN-US\">\u00a0Associate Professor<\/span><br \/>\n<strong>E-mail: <\/strong><a href=\"mailto:gualano@usp.br\">gualano@usp.br<\/a><br \/>\n<strong>Lattes: <\/strong><a href=\"http:\/\/lattes.cnpq.br\/1709968253015428\" target=\"_blank\" rel=\"noopener noreferrer\">http:\/\/lattes.cnpq.br\/1709968253015428<\/a><br \/>\n<strong>Bolsa produtividade CNPq<\/strong>: PQ 2<br \/>\n<strong>Orcid<\/strong>:\u00a0 ID 0000-0001-7100-8681 &#8211; <a href=\"https:\/\/orcid.org\/0000-0001-7100-8681\">https:\/\/orcid.org\/0000-0001-7100-8681<\/a><br \/>\n<strong>Scopus<\/strong>: ID 16506514000 &#8211; <a href=\"https:\/\/www.scopus.com\/authid\/detail.uri?authorId=16506514000\">https:\/\/www.scopus.com\/authid\/detail.uri?authorId=16506514000<\/a><br \/>\n<strong>Google scholar<\/strong>: ID 4Q4PYZ8AAAAJ &#8211; <a href=\"https:\/\/scholar.google.com.br\/citations?user=4Q4pYZ8AAAAJ&amp;hl=pt-BR&amp;oi=ao\">https:\/\/scholar.google.com.br\/citations?user=4Q4pYZ8AAAAJ&amp;hl=pt-BR&amp;oi=ao<\/a><br \/>\n<strong>Research ID<\/strong>\u00a0: \u00a0C-7190-2012 &#8211; <a href=\"https:\/\/publons.com\/researcher\/2743755\/bruno-gualano\/\">https:\/\/publons.com\/researcher\/2743755\/bruno-gualano\/<\/a><\/p>\n<h2><strong>Line of Research: <\/strong><\/h2>\n<p>Applied Physiology and Nutrition<\/p>\n<h2><strong> Summary<\/strong><\/h2>\n<p>The mission of the Applied Physiology &amp; Nutrition Group is to conduct comprehensive and transdisciplinary studies of clinical or experimental nature, aimed at unraveling <em>the role of physical activity and nutrition in sports, in aging, in obesity and in chronic diseases<\/em>. The research laboratories occupied by the group are located at the Medical School (LIM-17), at the Hospital das Cl\u00ednicas (Rheumatology Evaluation and Conditioning Laboratory) and at the USP School of Physical Education and Sports. Together, these laboratories offer ample possibilities for testing and physiological assessment of patients and athletes, as well as for prescribing exercise programs. We perform molecular analyses of gene and protein expression, enzymatic assays, high performance liquid chromatography, histology and cytology. The group has more than 75 members, including undergraduate (SI) and graduate students (master\u2019s and doctoral candidates), post-doctoral students and foreign professors, and it also actively collaborates with several national and international researchers.<\/p>\n<h2>Relevant articles:<\/h2>\n<ol>\n<li>Murai IH, Roschel H, Dantas WS, Gil S, Merege-Filho C, de Cleva R, de S\u00e1-PintoAL, Lima F, Santo MA, Benatti FB, Kirwan JP, Pereira RM, Gualano B. ExerciseMitigates Bone Loss in Women With Severe Obesity After Roux-en-Y Gastric Bypass: A Randomized Controlled Trial. J Clin Endocrinol Metab. 2019 Oct1;104(10):4639-4650. doi: 10.1210\/jc.2019-00074.<\/li>\n<li>Atalla M, Pinto AJ, Mielke GI, Benatti FB, Gualano B. Impact of a Real-World Lifestyle Intervention in an Entire Latin\u00a0American City with More Than 50,000 People. Obesity (Silver Spring). 2019 Dec;27(12):1967-1974. doi: 10.1002\/oby.22575.<\/li>\n<li>Gualano B, Bonfa E, Pereira RMR, Silva CA. Physical activity for paediatric rheumatic diseases: standing up against old paradigms. Nat Rev Rheumatol. 2017 May 23;13(6):368-379. doi: 10.1038\/nrrheum.2017.75.<\/li>\n<li>Dantas WS, Gil S, Murai IH, Costa-Hong V, Pe\u00e7anha T, Merege-Filho CAA, de S\u00e1-Pinto AL, de Cleva R, Santo MA, Pereira RMR, Kirwan JP, Roschel H, Gualano B. Reversal of Improved Endothelial Function After Bariatric Surgery Is Mitigated by Exercise\u00a0Training. J Am Coll Cardiol. 2018 Oct 30;72(18):2278-2279. doi:10.1016\/j.jacc.2018.07.094.<\/li>\n<li>Pereira RT, D\u00f6rr FA, Pinto E, Solis MY, Artioli GG, Fernandes AL, Murai IH,Dantas WS, Seguro AC, Santinho MA, Roschel H, Carpentier A, Poortmans JR, Gualano B. Can creatine supplementation form carcinogenic heterocyclic amines in humans? J Physiol. 2015 Sep 1;593(17):3959-71. doi: 10.1113\/JP270861. Suppl 1:S5-17.<\/li>\n<\/ol>\n<p>&nbsp;<\/p>\n<h2><strong>PROJETOS ORIENTADOR\/ LINHA<\/strong><\/h2>\n<p><strong>Linha 7. EFEITOS DO EXERC\u00cdCIO F\u00cdSICO, NUTRI\u00c7\u00c3O E GEN\u00c9TICA NA SA\u00daDE E NO DESEMPENHO F\u00cdSICO<br \/>\n<\/strong><strong>PROJETO BRUNO GUALANO:<\/strong> ESTUDOS SOBRE O PAPEL DA ATIVIDADE F\u00cdSICA NAS DOEN\u00c7AS CR\u00d4NICAS: MECANISMOS E EFEITOS SOBRE A SA\u00daDE<\/p>","protected":false},"excerpt":{"rendered":"<p>Title:\u00a0Associate Professor E-mail: gualano@usp.br Lattes: http:\/\/lattes.cnpq.br\/1709968253015428 Bolsa produtividade CNPq: PQ 2 Orcid:\u00a0 ID 0000-0001-7100-8681 &#8211; https:\/\/orcid.org\/0000-0001-7100-8681 Scopus: ID 16506514000 &#8211; https:\/\/www.scopus.com\/authid\/detail.uri?authorId=16506514000 Google scholar: ID 4Q4PYZ8AAAAJ &#8211; [&hellip;]<\/p>\n","protected":false},"author":1,"featured_media":0,"parent":25,"menu_order":0,"comment_status":"closed","ping_status":"closed","template":"","meta":{"footnotes":""},"class_list":["post-554","page","type-page","status-publish","hentry"],"yoast_head":"<!-- This site is optimized with the Yoast SEO plugin v25.5 - https:\/\/yoast.com\/wordpress\/plugins\/seo\/ -->\n<title>Bruno Gualano - P\u00f3s-Gradua\u00e7\u00e3o em Ci\u00eancias do Sistema Musculoesquel\u00e9tico<\/title>\n<meta name=\"robots\" content=\"index, follow, max-snippet:-1, max-image-preview:large, max-video-preview:-1\" \/>\n<link rel=\"canonical\" href=\"https:\/\/www.musculoesqueleticousp.com.br\/pesquisas\/orientadores\/bruno-gualano\/\" \/>\n<meta property=\"og:locale\" content=\"en_US\" \/>\n<meta property=\"og:type\" content=\"article\" \/>\n<meta property=\"og:title\" content=\"Bruno Gualano - P\u00f3s-Gradua\u00e7\u00e3o em Ci\u00eancias do Sistema Musculoesquel\u00e9tico\" \/>\n<meta property=\"og:description\" content=\"Title:\u00a0Associate Professor E-mail: gualano@usp.br Lattes: http:\/\/lattes.cnpq.br\/1709968253015428 Bolsa produtividade CNPq: PQ 2 Orcid:\u00a0 ID 0000-0001-7100-8681 &#8211; https:\/\/orcid.org\/0000-0001-7100-8681 Scopus: ID 16506514000 &#8211; https:\/\/www.scopus.com\/authid\/detail.uri?authorId=16506514000 Google scholar: ID 4Q4PYZ8AAAAJ &#8211; [&hellip;]\" \/>\n<meta property=\"og:url\" content=\"https:\/\/www.musculoesqueleticousp.com.br\/pesquisas\/orientadores\/bruno-gualano\/\" \/>\n<meta property=\"og:site_name\" content=\"P\u00f3s-Gradua\u00e7\u00e3o em Ci\u00eancias do Sistema Musculoesquel\u00e9tico\" \/>\n<meta property=\"article:modified_time\" content=\"2024-06-18T19:19:27+00:00\" \/>\n<meta property=\"og:image\" content=\"http:\/\/www.musculoesqueleticousp.com.br\/wp-content\/uploads\/2020\/05\/ed_FOTO_BRUNO-GUALANO.jpg\" \/>\n<meta name=\"twitter:card\" content=\"summary_large_image\" \/>\n<meta name=\"twitter:label1\" content=\"Est. reading time\" \/>\n\t<meta name=\"twitter:data1\" content=\"8 minutes\" \/>\n<script type=\"application\/ld+json\" class=\"yoast-schema-graph\">{\"@context\":\"https:\/\/schema.org\",\"@graph\":[{\"@type\":\"WebPage\",\"@id\":\"https:\/\/www.musculoesqueleticousp.com.br\/pesquisas\/orientadores\/bruno-gualano\/\",\"url\":\"https:\/\/www.musculoesqueleticousp.com.br\/pesquisas\/orientadores\/bruno-gualano\/\",\"name\":\"Bruno Gualano - P\u00f3s-Gradua\u00e7\u00e3o em Ci\u00eancias do Sistema Musculoesquel\u00e9tico\",\"isPartOf\":{\"@id\":\"https:\/\/www.musculoesqueleticousp.com.br\/en\/#website\"},\"primaryImageOfPage\":{\"@id\":\"https:\/\/www.musculoesqueleticousp.com.br\/pesquisas\/orientadores\/bruno-gualano\/#primaryimage\"},\"image\":{\"@id\":\"https:\/\/www.musculoesqueleticousp.com.br\/pesquisas\/orientadores\/bruno-gualano\/#primaryimage\"},\"thumbnailUrl\":\"http:\/\/www.musculoesqueleticousp.com.br\/wp-content\/uploads\/2020\/05\/ed_FOTO_BRUNO-GUALANO.jpg\",\"datePublished\":\"2020-05-02T01:29:32+00:00\",\"dateModified\":\"2024-06-18T19:19:27+00:00\",\"breadcrumb\":{\"@id\":\"https:\/\/www.musculoesqueleticousp.com.br\/pesquisas\/orientadores\/bruno-gualano\/#breadcrumb\"},\"inLanguage\":\"en-US\",\"potentialAction\":[{\"@type\":\"ReadAction\",\"target\":[\"https:\/\/www.musculoesqueleticousp.com.br\/pesquisas\/orientadores\/bruno-gualano\/\"]}]},{\"@type\":\"ImageObject\",\"inLanguage\":\"en-US\",\"@id\":\"https:\/\/www.musculoesqueleticousp.com.br\/pesquisas\/orientadores\/bruno-gualano\/#primaryimage\",\"url\":\"http:\/\/www.musculoesqueleticousp.com.br\/wp-content\/uploads\/2020\/05\/ed_FOTO_BRUNO-GUALANO.jpg\",\"contentUrl\":\"http:\/\/www.musculoesqueleticousp.com.br\/wp-content\/uploads\/2020\/05\/ed_FOTO_BRUNO-GUALANO.jpg\"},{\"@type\":\"BreadcrumbList\",\"@id\":\"https:\/\/www.musculoesqueleticousp.com.br\/pesquisas\/orientadores\/bruno-gualano\/#breadcrumb\",\"itemListElement\":[{\"@type\":\"ListItem\",\"position\":1,\"name\":\"Home\",\"item\":\"https:\/\/www.musculoesqueleticousp.com.br\/en\/\"},{\"@type\":\"ListItem\",\"position\":2,\"name\":\"Research\",\"item\":\"https:\/\/www.musculoesqueleticousp.com.br\/en\/pesquisas\/\"},{\"@type\":\"ListItem\",\"position\":3,\"name\":\"Orientadores\",\"item\":\"https:\/\/www.musculoesqueleticousp.com.br\/pesquisas\/orientadores\/\"},{\"@type\":\"ListItem\",\"position\":4,\"name\":\"Bruno Gualano\"}]},{\"@type\":\"WebSite\",\"@id\":\"https:\/\/www.musculoesqueleticousp.com.br\/en\/#website\",\"url\":\"https:\/\/www.musculoesqueleticousp.com.br\/en\/\",\"name\":\"P\u00f3s-Gradua\u00e7\u00e3o em Ci\u00eancias do Sistema Musculoesquel\u00e9tico\",\"description\":\"Website do P\u00f3s-Gradua\u00e7\u00e3o em Ci\u00eancias do Sistema Musculoesquel\u00e9tico\",\"publisher\":{\"@id\":\"https:\/\/www.musculoesqueleticousp.com.br\/en\/#organization\"},\"potentialAction\":[{\"@type\":\"SearchAction\",\"target\":{\"@type\":\"EntryPoint\",\"urlTemplate\":\"https:\/\/www.musculoesqueleticousp.com.br\/en\/?s={search_term_string}\"},\"query-input\":{\"@type\":\"PropertyValueSpecification\",\"valueRequired\":true,\"valueName\":\"search_term_string\"}}],\"inLanguage\":\"en-US\"},{\"@type\":\"Organization\",\"@id\":\"https:\/\/www.musculoesqueleticousp.com.br\/en\/#organization\",\"name\":\"P\u00f3s-Gradua\u00e7\u00e3o em Ci\u00eancias do Sistema Musculoesquel\u00e9tico\",\"url\":\"https:\/\/www.musculoesqueleticousp.com.br\/en\/\",\"logo\":{\"@type\":\"ImageObject\",\"inLanguage\":\"en-US\",\"@id\":\"https:\/\/www.musculoesqueleticousp.com.br\/en\/#\/schema\/logo\/image\/\",\"url\":\"https:\/\/www.musculoesqueleticousp.com.br\/wp-content\/uploads\/2020\/04\/logo_pg_cme_v3_h120.png\",\"contentUrl\":\"https:\/\/www.musculoesqueleticousp.com.br\/wp-content\/uploads\/2020\/04\/logo_pg_cme_v3_h120.png\",\"width\":481,\"height\":120,\"caption\":\"P\u00f3s-Gradua\u00e7\u00e3o em Ci\u00eancias do Sistema Musculoesquel\u00e9tico\"},\"image\":{\"@id\":\"https:\/\/www.musculoesqueleticousp.com.br\/en\/#\/schema\/logo\/image\/\"}}]}<\/script>\n<!-- \/ Yoast SEO plugin. -->","yoast_head_json":{"title":"Bruno Gualano - P\u00f3s-Gradua\u00e7\u00e3o em Ci\u00eancias do Sistema Musculoesquel\u00e9tico","robots":{"index":"index","follow":"follow","max-snippet":"max-snippet:-1","max-image-preview":"max-image-preview:large","max-video-preview":"max-video-preview:-1"},"canonical":"https:\/\/www.musculoesqueleticousp.com.br\/pesquisas\/orientadores\/bruno-gualano\/","og_locale":"en_US","og_type":"article","og_title":"Bruno Gualano - P\u00f3s-Gradua\u00e7\u00e3o em Ci\u00eancias do Sistema Musculoesquel\u00e9tico","og_description":"Title:\u00a0Associate Professor E-mail: gualano@usp.br Lattes: http:\/\/lattes.cnpq.br\/1709968253015428 Bolsa produtividade CNPq: PQ 2 Orcid:\u00a0 ID 0000-0001-7100-8681 &#8211; https:\/\/orcid.org\/0000-0001-7100-8681 Scopus: ID 16506514000 &#8211; https:\/\/www.scopus.com\/authid\/detail.uri?authorId=16506514000 Google scholar: ID 4Q4PYZ8AAAAJ &#8211; [&hellip;]","og_url":"https:\/\/www.musculoesqueleticousp.com.br\/pesquisas\/orientadores\/bruno-gualano\/","og_site_name":"P\u00f3s-Gradua\u00e7\u00e3o em Ci\u00eancias do Sistema Musculoesquel\u00e9tico","article_modified_time":"2024-06-18T19:19:27+00:00","og_image":[{"url":"http:\/\/www.musculoesqueleticousp.com.br\/wp-content\/uploads\/2020\/05\/ed_FOTO_BRUNO-GUALANO.jpg","type":"","width":"","height":""}],"twitter_card":"summary_large_image","twitter_misc":{"Est. reading time":"8 minutes"},"schema":{"@context":"https:\/\/schema.org","@graph":[{"@type":"WebPage","@id":"https:\/\/www.musculoesqueleticousp.com.br\/pesquisas\/orientadores\/bruno-gualano\/","url":"https:\/\/www.musculoesqueleticousp.com.br\/pesquisas\/orientadores\/bruno-gualano\/","name":"Bruno Gualano - P\u00f3s-Gradua\u00e7\u00e3o em Ci\u00eancias do Sistema Musculoesquel\u00e9tico","isPartOf":{"@id":"https:\/\/www.musculoesqueleticousp.com.br\/en\/#website"},"primaryImageOfPage":{"@id":"https:\/\/www.musculoesqueleticousp.com.br\/pesquisas\/orientadores\/bruno-gualano\/#primaryimage"},"image":{"@id":"https:\/\/www.musculoesqueleticousp.com.br\/pesquisas\/orientadores\/bruno-gualano\/#primaryimage"},"thumbnailUrl":"http:\/\/www.musculoesqueleticousp.com.br\/wp-content\/uploads\/2020\/05\/ed_FOTO_BRUNO-GUALANO.jpg","datePublished":"2020-05-02T01:29:32+00:00","dateModified":"2024-06-18T19:19:27+00:00","breadcrumb":{"@id":"https:\/\/www.musculoesqueleticousp.com.br\/pesquisas\/orientadores\/bruno-gualano\/#breadcrumb"},"inLanguage":"en-US","potentialAction":[{"@type":"ReadAction","target":["https:\/\/www.musculoesqueleticousp.com.br\/pesquisas\/orientadores\/bruno-gualano\/"]}]},{"@type":"ImageObject","inLanguage":"en-US","@id":"https:\/\/www.musculoesqueleticousp.com.br\/pesquisas\/orientadores\/bruno-gualano\/#primaryimage","url":"http:\/\/www.musculoesqueleticousp.com.br\/wp-content\/uploads\/2020\/05\/ed_FOTO_BRUNO-GUALANO.jpg","contentUrl":"http:\/\/www.musculoesqueleticousp.com.br\/wp-content\/uploads\/2020\/05\/ed_FOTO_BRUNO-GUALANO.jpg"},{"@type":"BreadcrumbList","@id":"https:\/\/www.musculoesqueleticousp.com.br\/pesquisas\/orientadores\/bruno-gualano\/#breadcrumb","itemListElement":[{"@type":"ListItem","position":1,"name":"Home","item":"https:\/\/www.musculoesqueleticousp.com.br\/en\/"},{"@type":"ListItem","position":2,"name":"Research","item":"https:\/\/www.musculoesqueleticousp.com.br\/en\/pesquisas\/"},{"@type":"ListItem","position":3,"name":"Orientadores","item":"https:\/\/www.musculoesqueleticousp.com.br\/pesquisas\/orientadores\/"},{"@type":"ListItem","position":4,"name":"Bruno Gualano"}]},{"@type":"WebSite","@id":"https:\/\/www.musculoesqueleticousp.com.br\/en\/#website","url":"https:\/\/www.musculoesqueleticousp.com.br\/en\/","name":"P\u00f3s-Gradua\u00e7\u00e3o em Ci\u00eancias do Sistema Musculoesquel\u00e9tico","description":"Website do P\u00f3s-Gradua\u00e7\u00e3o em Ci\u00eancias do Sistema Musculoesquel\u00e9tico","publisher":{"@id":"https:\/\/www.musculoesqueleticousp.com.br\/en\/#organization"},"potentialAction":[{"@type":"SearchAction","target":{"@type":"EntryPoint","urlTemplate":"https:\/\/www.musculoesqueleticousp.com.br\/en\/?s={search_term_string}"},"query-input":{"@type":"PropertyValueSpecification","valueRequired":true,"valueName":"search_term_string"}}],"inLanguage":"en-US"},{"@type":"Organization","@id":"https:\/\/www.musculoesqueleticousp.com.br\/en\/#organization","name":"P\u00f3s-Gradua\u00e7\u00e3o em Ci\u00eancias do Sistema Musculoesquel\u00e9tico","url":"https:\/\/www.musculoesqueleticousp.com.br\/en\/","logo":{"@type":"ImageObject","inLanguage":"en-US","@id":"https:\/\/www.musculoesqueleticousp.com.br\/en\/#\/schema\/logo\/image\/","url":"https:\/\/www.musculoesqueleticousp.com.br\/wp-content\/uploads\/2020\/04\/logo_pg_cme_v3_h120.png","contentUrl":"https:\/\/www.musculoesqueleticousp.com.br\/wp-content\/uploads\/2020\/04\/logo_pg_cme_v3_h120.png","width":481,"height":120,"caption":"P\u00f3s-Gradua\u00e7\u00e3o em Ci\u00eancias do Sistema Musculoesquel\u00e9tico"},"image":{"@id":"https:\/\/www.musculoesqueleticousp.com.br\/en\/#\/schema\/logo\/image\/"}}]}},"_links":{"self":[{"href":"https:\/\/www.musculoesqueleticousp.com.br\/en\/wp-json\/wp\/v2\/pages\/554","targetHints":{"allow":["GET"]}}],"collection":[{"href":"https:\/\/www.musculoesqueleticousp.com.br\/en\/wp-json\/wp\/v2\/pages"}],"about":[{"href":"https:\/\/www.musculoesqueleticousp.com.br\/en\/wp-json\/wp\/v2\/types\/page"}],"author":[{"embeddable":true,"href":"https:\/\/www.musculoesqueleticousp.com.br\/en\/wp-json\/wp\/v2\/users\/1"}],"replies":[{"embeddable":true,"href":"https:\/\/www.musculoesqueleticousp.com.br\/en\/wp-json\/wp\/v2\/comments?post=554"}],"version-history":[{"count":12,"href":"https:\/\/www.musculoesqueleticousp.com.br\/en\/wp-json\/wp\/v2\/pages\/554\/revisions"}],"predecessor-version":[{"id":2829,"href":"https:\/\/www.musculoesqueleticousp.com.br\/en\/wp-json\/wp\/v2\/pages\/554\/revisions\/2829"}],"up":[{"embeddable":true,"href":"https:\/\/www.musculoesqueleticousp.com.br\/en\/wp-json\/wp\/v2\/pages\/25"}],"wp:attachment":[{"href":"https:\/\/www.musculoesqueleticousp.com.br\/en\/wp-json\/wp\/v2\/media?parent=554"}],"curies":[{"name":"wp","href":"https:\/\/api.w.org\/{rel}","templated":true}]}}