{"id":550,"date":"2020-05-01T22:13:31","date_gmt":"2020-05-02T01:13:31","guid":{"rendered":"http:\/\/www.musculoesqueleticousp.com.br\/?page_id=550"},"modified":"2024-06-21T10:37:26","modified_gmt":"2024-06-21T13:37:26","slug":"alexandre-fogaca-cristante","status":"publish","type":"page","link":"https:\/\/www.musculoesqueleticousp.com.br\/en\/pesquisas\/orientadores\/alexandre-fogaca-cristante\/","title":{"rendered":"Alexandre Foga\u00e7a Cristante"},"content":{"rendered":"<p><strong><img loading=\"lazy\" decoding=\"async\" class=\"alignleft size-full wp-image-551\" src=\"http:\/\/www.musculoesqueleticousp.com.br\/wp-content\/uploads\/2020\/05\/ed_FOTO_ALEXANDRE-FOGA\u00c7A-CRISTANTE.jpg\" alt=\"\" width=\"179\" height=\"225\" srcset=\"https:\/\/www.musculoesqueleticousp.com.br\/wp-content\/uploads\/2020\/05\/ed_FOTO_ALEXANDRE-FOGA\u00c7A-CRISTANTE.jpg 179w, https:\/\/www.musculoesqueleticousp.com.br\/wp-content\/uploads\/2020\/05\/ed_FOTO_ALEXANDRE-FOGA\u00c7A-CRISTANTE-116x146.jpg 116w, https:\/\/www.musculoesqueleticousp.com.br\/wp-content\/uploads\/2020\/05\/ed_FOTO_ALEXANDRE-FOGA\u00c7A-CRISTANTE-40x50.jpg 40w, https:\/\/www.musculoesqueleticousp.com.br\/wp-content\/uploads\/2020\/05\/ed_FOTO_ALEXANDRE-FOGA\u00c7A-CRISTANTE-60x75.jpg 60w\" sizes=\"auto, (max-width: 179px) 100vw, 179px\" \/>T\u00edtulo:<\/strong> Professor Titular<br \/>\n<strong>E-mail: <\/strong><a href=\"mailto:aacristante@gmail.com\">aacristante@gmail.com<\/a><br \/>\n<strong>Lattes: <\/strong><a href=\"http:\/\/lattes.cnpq.br\/7705881205786732\" target=\"_blank\" rel=\"noopener noreferrer\">http:\/\/lattes.cnpq.br\/7705881205786732<\/a><br \/>\n<strong>Orcid<\/strong>: ID 0000-0002-7797-5274 &#8211; \u00a0\u00a0<a href=\"https:\/\/orcid.org\/0000-0002-7797-5274\">https:\/\/orcid.org\/0000-0002-7797-5274<\/a><br \/>\n<strong>Scopus<\/strong>: ID \u00a06508026949 &#8211; <a href=\"https:\/\/www.scopus.com\/authid\/detail.uri?authorId=6508026949\">https:\/\/www.scopus.com\/authid\/detail.uri?authorId=6508026949<\/a><br \/>\n<strong>Google Scholar<\/strong>: ID Gm8toh4AAAAJ \u00a0&#8211; \u00a0<a href=\"https:\/\/scholar.google.com.br\/citations?hl=pt-BR&amp;user=Gm8toh4AAAAJ\">https:\/\/scholar.google.com.br\/citations?hl=pt-BR&amp;user=Gm8toh4AAAAJ<\/a><br \/>\n<strong>Research ID<\/strong>: K-1841-2016 &#8211; <a href=\"https:\/\/publons.com\/researcher\/2243275\/alexandre-f-cristante\/\">https:\/\/publons.com\/researcher\/2243275\/alexandre-f-cristante\/<\/a><\/p>\n<p>&nbsp;<\/p>\n<h2><strong>Line of research:\u00a0<\/strong><\/h2>\n<p><strong>Main:<\/strong> Spinal cord trauma, Spinal deformities, Minimally invasive techniques for spine surgery<\/p>\n<p><strong>Letran <\/strong>\u2013\u00a0a specialized laboratory for experimental research in the area of nerve repair and reconstruction. Implemented, standardized and validated an experimental spinal cord injury model in Wistar rats. Letran has a computerized drop weight impact tester (New York Impactor) to produce standardized and reproducible spinal contusions, developed by New York University, USA, and adopted by the Multicenter Animal Spinal Cord Injury Study \u2013 MASCIS, coordinated by Prof. Wise Young of Rutgers University, USA. Currently, it is developing new therapeutic techniques using stem cells, growth factors and tissue engineering. It is one of Cenatra\u2019s main advanced research facilities.\u00a0We are developing new ways to evaluate motor recovery in rats, developing devices for the rehabilitation of the rats to assess its importance in recovery from spinal cord injury, and we are entering into partnerships with other laboratories in order to continuously improve our research.<\/p>\n<p><strong>C<\/strong><strong>enatra<\/strong> \u2013\u00a0Center of Reference for the Integrated Specialized Care of Spinal Cord Trauma. Line of work: Nuclear, multicenter, interinstitutional, multidisciplinary and multiprofessional program for tertiary and quaternary medical and paramedical care of patients suffering from spinal cord trauma. It offers undergraduate and lato and stricto sensu graduate courses in basic and applied clinical and technological research, and training in technology, human resources, and guidance and dissemination of knowledge to the community. It also foresees offering pre- (prevention campaigns, etc.) and post-hospital (self-care, informal caregiver, socioeconomic re-inclusion, etc.) activities.<\/p>\n<h2>Relevant articles:<\/h2>\n<ol>\n<li>Paschon V, Correia FF, Morena BC, da Silva VA, Dos Santos GB, da Silva MCC, Cristante AF, Willerth SM, Perrin FE, Kihara AH. CRISPR, Prime Editing, Optogenetics, and DREADDs: New Therapeutic Approaches Provided by Emerging Technologies in the Treatment of Spinal Cord Injury. Mol Neurobiol. 2020 Apr;57(4):2085-2100.<\/li>\n<li>Paschon V, Morena BC, Correia FF, Beltrame GR, Dos Santos GB, Cristante AF, Kihara AH. VDAC1 is essential for neurite maintenance and the inhibition of its oligomerization protects spinal cord from demyelination and facilitates locomotor function recovery after spinal cord injury. Sci Rep. 2019 Oct 1;9(1):14063.<\/li>\n<li>Petersen PA, Marcon RM, Letaif OB, Mello Santos MA, Oliveira RG, Passos de Barros Filho TE, Cristante AF. Does Kyphectomy Improve the Quality of Life of Patients With \u00a0yelomeningocele? Clin Orthop Relat Res. 2020 Jan;478(1):104-111.<\/li>\n<li>Barros AGC, Cristante AF, Santos GBD, Natalino RJM, Ferreira RJR, Barros-Filho TEP. Evaluation of the effects of erythropoietin and interleukin-6 in rats submitted to acute spinal cord injury. Clinics (Sao Paulo). 2019;74:e674.<\/li>\n<li>Huang H, Sun T, Chen L, Moviglia G, Chernykh E, von Wild K, Deda H, Kang KS, Kumar A, Jeon SR, Zhang S, Brunelli G, Bohbot A, Soler MD, Li J, Cristante AF, Xi H, Onose G, Kern H, Carraro U, Saberi H, Sharma HS, Sharma A, He X, Muresanu D, Feng S, Otom A, Wang D, Iwatsu K, Lu J, Al-Zoubi A. Consensus of clinical neurorestorative progress in patients with complete chronic spinal cord injury. Cell Transplant. 2014;23 Suppl 1:S5-17.<\/li>\n<\/ol>\n<p>&nbsp;<\/p>\n<h2><strong>PROJETOS ORIENTADOR\/ LINHA<\/strong><\/h2>\n<p><strong>Linha 1. MODELOS PARA AN\u00c1LISE DE LES\u00d5ES DO SISTEMA NERVOSO<br \/>\n<\/strong><strong>PROJETO ALEXANDRE FOGA\u00c7A<\/strong>: MODELOS EXPERIMENTAIS DE TRAUMATISMOS DA MEDULA ESPINAL<br \/>\n<strong>Linha 3. DIST\u00daRBIOS DEGENERATIVOS, INFLAMAT\u00d3RIOS E ESTRUTURAIS DO SISTEMA LOCOMOTOR<br \/>\n<\/strong><strong>PROJETO ALEXANDRE FOGA\u00c7A:<\/strong> ALTERA\u00c7\u00d5ES DEGENERATIVAS DA COLUNA VERTEBRAL<br \/>\n<strong>PROJETO ALEXANDRE FOGA\u00c7A:<\/strong> DEFORMIDADE DE COLUNA VERTEBRAL<\/p>","protected":false},"excerpt":{"rendered":"<p>T\u00edtulo: Professor Titular E-mail: aacristante@gmail.com Lattes: http:\/\/lattes.cnpq.br\/7705881205786732 Orcid: ID 0000-0002-7797-5274 &#8211; \u00a0\u00a0https:\/\/orcid.org\/0000-0002-7797-5274 Scopus: ID \u00a06508026949 &#8211; https:\/\/www.scopus.com\/authid\/detail.uri?authorId=6508026949 Google Scholar: ID Gm8toh4AAAAJ \u00a0&#8211; \u00a0https:\/\/scholar.google.com.br\/citations?hl=pt-BR&amp;user=Gm8toh4AAAAJ Research ID: K-1841-2016 [&hellip;]<\/p>\n","protected":false},"author":1,"featured_media":0,"parent":25,"menu_order":0,"comment_status":"closed","ping_status":"closed","template":"","meta":{"footnotes":""},"class_list":["post-550","page","type-page","status-publish","hentry"],"yoast_head":"<!-- This site is optimized with the Yoast SEO plugin v25.5 - https:\/\/yoast.com\/wordpress\/plugins\/seo\/ -->\n<title>Alexandre Foga\u00e7a Cristante - P\u00f3s-Gradua\u00e7\u00e3o em Ci\u00eancias do Sistema Musculoesquel\u00e9tico<\/title>\n<meta name=\"robots\" content=\"index, follow, max-snippet:-1, max-image-preview:large, max-video-preview:-1\" \/>\n<link rel=\"canonical\" href=\"https:\/\/www.musculoesqueleticousp.com.br\/pesquisas\/orientadores\/alexandre-fogaca-cristante\/\" \/>\n<meta property=\"og:locale\" content=\"en_US\" \/>\n<meta property=\"og:type\" content=\"article\" \/>\n<meta property=\"og:title\" content=\"Alexandre Foga\u00e7a Cristante - P\u00f3s-Gradua\u00e7\u00e3o em Ci\u00eancias do Sistema Musculoesquel\u00e9tico\" \/>\n<meta property=\"og:description\" content=\"T\u00edtulo: Professor Titular E-mail: aacristante@gmail.com Lattes: http:\/\/lattes.cnpq.br\/7705881205786732 Orcid: ID 0000-0002-7797-5274 &#8211; \u00a0\u00a0https:\/\/orcid.org\/0000-0002-7797-5274 Scopus: ID \u00a06508026949 &#8211; https:\/\/www.scopus.com\/authid\/detail.uri?authorId=6508026949 Google Scholar: ID Gm8toh4AAAAJ \u00a0&#8211; \u00a0https:\/\/scholar.google.com.br\/citations?hl=pt-BR&amp;user=Gm8toh4AAAAJ Research ID: K-1841-2016 [&hellip;]\" \/>\n<meta property=\"og:url\" content=\"https:\/\/www.musculoesqueleticousp.com.br\/pesquisas\/orientadores\/alexandre-fogaca-cristante\/\" \/>\n<meta property=\"og:site_name\" content=\"P\u00f3s-Gradua\u00e7\u00e3o em Ci\u00eancias do Sistema Musculoesquel\u00e9tico\" \/>\n<meta property=\"article:modified_time\" content=\"2024-06-21T13:37:26+00:00\" \/>\n<meta name=\"twitter:card\" content=\"summary_large_image\" \/>\n<meta name=\"twitter:label1\" content=\"Est. reading time\" \/>\n\t<meta name=\"twitter:data1\" content=\"10 minutes\" \/>\n<script type=\"application\/ld+json\" class=\"yoast-schema-graph\">{\"@context\":\"https:\/\/schema.org\",\"@graph\":[{\"@type\":\"WebPage\",\"@id\":\"https:\/\/www.musculoesqueleticousp.com.br\/pesquisas\/orientadores\/alexandre-fogaca-cristante\/\",\"url\":\"https:\/\/www.musculoesqueleticousp.com.br\/pesquisas\/orientadores\/alexandre-fogaca-cristante\/\",\"name\":\"Alexandre Foga\u00e7a Cristante - P\u00f3s-Gradua\u00e7\u00e3o em Ci\u00eancias do Sistema Musculoesquel\u00e9tico\",\"isPartOf\":{\"@id\":\"https:\/\/www.musculoesqueleticousp.com.br\/en\/#website\"},\"datePublished\":\"2020-05-02T01:13:31+00:00\",\"dateModified\":\"2024-06-21T13:37:26+00:00\",\"breadcrumb\":{\"@id\":\"https:\/\/www.musculoesqueleticousp.com.br\/pesquisas\/orientadores\/alexandre-fogaca-cristante\/#breadcrumb\"},\"inLanguage\":\"en-US\",\"potentialAction\":[{\"@type\":\"ReadAction\",\"target\":[\"https:\/\/www.musculoesqueleticousp.com.br\/pesquisas\/orientadores\/alexandre-fogaca-cristante\/\"]}]},{\"@type\":\"BreadcrumbList\",\"@id\":\"https:\/\/www.musculoesqueleticousp.com.br\/pesquisas\/orientadores\/alexandre-fogaca-cristante\/#breadcrumb\",\"itemListElement\":[{\"@type\":\"ListItem\",\"position\":1,\"name\":\"Home\",\"item\":\"https:\/\/www.musculoesqueleticousp.com.br\/en\/\"},{\"@type\":\"ListItem\",\"position\":2,\"name\":\"Research\",\"item\":\"https:\/\/www.musculoesqueleticousp.com.br\/en\/pesquisas\/\"},{\"@type\":\"ListItem\",\"position\":3,\"name\":\"Orientadores\",\"item\":\"https:\/\/www.musculoesqueleticousp.com.br\/pesquisas\/orientadores\/\"},{\"@type\":\"ListItem\",\"position\":4,\"name\":\"Alexandre Foga\u00e7a Cristante\"}]},{\"@type\":\"WebSite\",\"@id\":\"https:\/\/www.musculoesqueleticousp.com.br\/en\/#website\",\"url\":\"https:\/\/www.musculoesqueleticousp.com.br\/en\/\",\"name\":\"P\u00f3s-Gradua\u00e7\u00e3o em Ci\u00eancias do Sistema Musculoesquel\u00e9tico\",\"description\":\"Website do P\u00f3s-Gradua\u00e7\u00e3o em Ci\u00eancias do Sistema Musculoesquel\u00e9tico\",\"publisher\":{\"@id\":\"https:\/\/www.musculoesqueleticousp.com.br\/en\/#organization\"},\"potentialAction\":[{\"@type\":\"SearchAction\",\"target\":{\"@type\":\"EntryPoint\",\"urlTemplate\":\"https:\/\/www.musculoesqueleticousp.com.br\/en\/?s={search_term_string}\"},\"query-input\":{\"@type\":\"PropertyValueSpecification\",\"valueRequired\":true,\"valueName\":\"search_term_string\"}}],\"inLanguage\":\"en-US\"},{\"@type\":\"Organization\",\"@id\":\"https:\/\/www.musculoesqueleticousp.com.br\/en\/#organization\",\"name\":\"P\u00f3s-Gradua\u00e7\u00e3o em Ci\u00eancias do Sistema Musculoesquel\u00e9tico\",\"url\":\"https:\/\/www.musculoesqueleticousp.com.br\/en\/\",\"logo\":{\"@type\":\"ImageObject\",\"inLanguage\":\"en-US\",\"@id\":\"https:\/\/www.musculoesqueleticousp.com.br\/en\/#\/schema\/logo\/image\/\",\"url\":\"https:\/\/www.musculoesqueleticousp.com.br\/wp-content\/uploads\/2020\/04\/logo_pg_cme_v3_h120.png\",\"contentUrl\":\"https:\/\/www.musculoesqueleticousp.com.br\/wp-content\/uploads\/2020\/04\/logo_pg_cme_v3_h120.png\",\"width\":481,\"height\":120,\"caption\":\"P\u00f3s-Gradua\u00e7\u00e3o em Ci\u00eancias do Sistema Musculoesquel\u00e9tico\"},\"image\":{\"@id\":\"https:\/\/www.musculoesqueleticousp.com.br\/en\/#\/schema\/logo\/image\/\"}}]}<\/script>\n<!-- \/ Yoast SEO plugin. -->","yoast_head_json":{"title":"Alexandre Foga\u00e7a Cristante - P\u00f3s-Gradua\u00e7\u00e3o em Ci\u00eancias do Sistema Musculoesquel\u00e9tico","robots":{"index":"index","follow":"follow","max-snippet":"max-snippet:-1","max-image-preview":"max-image-preview:large","max-video-preview":"max-video-preview:-1"},"canonical":"https:\/\/www.musculoesqueleticousp.com.br\/pesquisas\/orientadores\/alexandre-fogaca-cristante\/","og_locale":"en_US","og_type":"article","og_title":"Alexandre Foga\u00e7a Cristante - P\u00f3s-Gradua\u00e7\u00e3o em Ci\u00eancias do Sistema Musculoesquel\u00e9tico","og_description":"T\u00edtulo: Professor Titular E-mail: aacristante@gmail.com Lattes: http:\/\/lattes.cnpq.br\/7705881205786732 Orcid: ID 0000-0002-7797-5274 &#8211; \u00a0\u00a0https:\/\/orcid.org\/0000-0002-7797-5274 Scopus: ID \u00a06508026949 &#8211; https:\/\/www.scopus.com\/authid\/detail.uri?authorId=6508026949 Google Scholar: ID Gm8toh4AAAAJ \u00a0&#8211; \u00a0https:\/\/scholar.google.com.br\/citations?hl=pt-BR&amp;user=Gm8toh4AAAAJ Research ID: K-1841-2016 [&hellip;]","og_url":"https:\/\/www.musculoesqueleticousp.com.br\/pesquisas\/orientadores\/alexandre-fogaca-cristante\/","og_site_name":"P\u00f3s-Gradua\u00e7\u00e3o em Ci\u00eancias do Sistema Musculoesquel\u00e9tico","article_modified_time":"2024-06-21T13:37:26+00:00","twitter_card":"summary_large_image","twitter_misc":{"Est. reading time":"10 minutes"},"schema":{"@context":"https:\/\/schema.org","@graph":[{"@type":"WebPage","@id":"https:\/\/www.musculoesqueleticousp.com.br\/pesquisas\/orientadores\/alexandre-fogaca-cristante\/","url":"https:\/\/www.musculoesqueleticousp.com.br\/pesquisas\/orientadores\/alexandre-fogaca-cristante\/","name":"Alexandre Foga\u00e7a Cristante - P\u00f3s-Gradua\u00e7\u00e3o em Ci\u00eancias do Sistema Musculoesquel\u00e9tico","isPartOf":{"@id":"https:\/\/www.musculoesqueleticousp.com.br\/en\/#website"},"datePublished":"2020-05-02T01:13:31+00:00","dateModified":"2024-06-21T13:37:26+00:00","breadcrumb":{"@id":"https:\/\/www.musculoesqueleticousp.com.br\/pesquisas\/orientadores\/alexandre-fogaca-cristante\/#breadcrumb"},"inLanguage":"en-US","potentialAction":[{"@type":"ReadAction","target":["https:\/\/www.musculoesqueleticousp.com.br\/pesquisas\/orientadores\/alexandre-fogaca-cristante\/"]}]},{"@type":"BreadcrumbList","@id":"https:\/\/www.musculoesqueleticousp.com.br\/pesquisas\/orientadores\/alexandre-fogaca-cristante\/#breadcrumb","itemListElement":[{"@type":"ListItem","position":1,"name":"Home","item":"https:\/\/www.musculoesqueleticousp.com.br\/en\/"},{"@type":"ListItem","position":2,"name":"Research","item":"https:\/\/www.musculoesqueleticousp.com.br\/en\/pesquisas\/"},{"@type":"ListItem","position":3,"name":"Orientadores","item":"https:\/\/www.musculoesqueleticousp.com.br\/pesquisas\/orientadores\/"},{"@type":"ListItem","position":4,"name":"Alexandre Foga\u00e7a Cristante"}]},{"@type":"WebSite","@id":"https:\/\/www.musculoesqueleticousp.com.br\/en\/#website","url":"https:\/\/www.musculoesqueleticousp.com.br\/en\/","name":"P\u00f3s-Gradua\u00e7\u00e3o em Ci\u00eancias do Sistema Musculoesquel\u00e9tico","description":"Website do P\u00f3s-Gradua\u00e7\u00e3o em Ci\u00eancias do Sistema Musculoesquel\u00e9tico","publisher":{"@id":"https:\/\/www.musculoesqueleticousp.com.br\/en\/#organization"},"potentialAction":[{"@type":"SearchAction","target":{"@type":"EntryPoint","urlTemplate":"https:\/\/www.musculoesqueleticousp.com.br\/en\/?s={search_term_string}"},"query-input":{"@type":"PropertyValueSpecification","valueRequired":true,"valueName":"search_term_string"}}],"inLanguage":"en-US"},{"@type":"Organization","@id":"https:\/\/www.musculoesqueleticousp.com.br\/en\/#organization","name":"P\u00f3s-Gradua\u00e7\u00e3o em Ci\u00eancias do Sistema Musculoesquel\u00e9tico","url":"https:\/\/www.musculoesqueleticousp.com.br\/en\/","logo":{"@type":"ImageObject","inLanguage":"en-US","@id":"https:\/\/www.musculoesqueleticousp.com.br\/en\/#\/schema\/logo\/image\/","url":"https:\/\/www.musculoesqueleticousp.com.br\/wp-content\/uploads\/2020\/04\/logo_pg_cme_v3_h120.png","contentUrl":"https:\/\/www.musculoesqueleticousp.com.br\/wp-content\/uploads\/2020\/04\/logo_pg_cme_v3_h120.png","width":481,"height":120,"caption":"P\u00f3s-Gradua\u00e7\u00e3o em Ci\u00eancias do Sistema Musculoesquel\u00e9tico"},"image":{"@id":"https:\/\/www.musculoesqueleticousp.com.br\/en\/#\/schema\/logo\/image\/"}}]}},"_links":{"self":[{"href":"https:\/\/www.musculoesqueleticousp.com.br\/en\/wp-json\/wp\/v2\/pages\/550","targetHints":{"allow":["GET"]}}],"collection":[{"href":"https:\/\/www.musculoesqueleticousp.com.br\/en\/wp-json\/wp\/v2\/pages"}],"about":[{"href":"https:\/\/www.musculoesqueleticousp.com.br\/en\/wp-json\/wp\/v2\/types\/page"}],"author":[{"embeddable":true,"href":"https:\/\/www.musculoesqueleticousp.com.br\/en\/wp-json\/wp\/v2\/users\/1"}],"replies":[{"embeddable":true,"href":"https:\/\/www.musculoesqueleticousp.com.br\/en\/wp-json\/wp\/v2\/comments?post=550"}],"version-history":[{"count":16,"href":"https:\/\/www.musculoesqueleticousp.com.br\/en\/wp-json\/wp\/v2\/pages\/550\/revisions"}],"predecessor-version":[{"id":2935,"href":"https:\/\/www.musculoesqueleticousp.com.br\/en\/wp-json\/wp\/v2\/pages\/550\/revisions\/2935"}],"up":[{"embeddable":true,"href":"https:\/\/www.musculoesqueleticousp.com.br\/en\/wp-json\/wp\/v2\/pages\/25"}],"wp:attachment":[{"href":"https:\/\/www.musculoesqueleticousp.com.br\/en\/wp-json\/wp\/v2\/media?parent=550"}],"curies":[{"name":"wp","href":"https:\/\/api.w.org\/{rel}","templated":true}]}}