{"id":546,"date":"2020-05-01T22:04:30","date_gmt":"2020-05-02T01:04:30","guid":{"rendered":"http:\/\/www.musculoesqueleticousp.com.br\/?page_id=546"},"modified":"2024-11-04T08:47:21","modified_gmt":"2024-11-04T11:47:21","slug":"alexandre-leme-godoy-dos-santos","status":"publish","type":"page","link":"https:\/\/www.musculoesqueleticousp.com.br\/en\/pesquisas\/orientadores\/alexandre-leme-godoy-dos-santos\/","title":{"rendered":"Alexandre Leme Godoy dos Santos"},"content":{"rendered":"<p><strong><img loading=\"lazy\" decoding=\"async\" class=\"alignleft size-full wp-image-547\" src=\"http:\/\/www.musculoesqueleticousp.com.br\/wp-content\/uploads\/2020\/05\/ed_FOTO_ALEXANDRE-LEME-GODOY-DOS-SANTOS.jpg\" alt=\"\" width=\"139\" height=\"225\" srcset=\"https:\/\/www.musculoesqueleticousp.com.br\/wp-content\/uploads\/2020\/05\/ed_FOTO_ALEXANDRE-LEME-GODOY-DOS-SANTOS.jpg 139w, https:\/\/www.musculoesqueleticousp.com.br\/wp-content\/uploads\/2020\/05\/ed_FOTO_ALEXANDRE-LEME-GODOY-DOS-SANTOS-90x146.jpg 90w, https:\/\/www.musculoesqueleticousp.com.br\/wp-content\/uploads\/2020\/05\/ed_FOTO_ALEXANDRE-LEME-GODOY-DOS-SANTOS-31x50.jpg 31w, https:\/\/www.musculoesqueleticousp.com.br\/wp-content\/uploads\/2020\/05\/ed_FOTO_ALEXANDRE-LEME-GODOY-DOS-SANTOS-46x75.jpg 46w\" sizes=\"auto, (max-width: 139px) 100vw, 139px\" \/>Livre Docente:<\/strong> Livre Docente<br \/>\n<strong>E-mail: <\/strong><a href=\"mailto:alexandrelemegodoy@gmail.com\">alexandrelemegodoy@gmail.com<\/a><br \/>\n<strong>Lattes: <\/strong><a href=\"http:\/\/lattes.cnpq.br\/0831980401575289\" target=\"_blank\" rel=\"noopener noreferrer\">http:\/\/lattes.cnpq.br\/0831980401575289<\/a><br \/>\n<strong>Orcid: <\/strong><strong>ID<\/strong> \u00a00000-0002-6672-1869 &#8211; <a href=\"https:\/\/orcid.org\/0000-0002-6672-1869\">https:\/\/orcid.org\/0000-0002-6672-1869<\/a><br \/>\n<strong>Scopus: <\/strong><strong>ID<\/strong> 36102207100 &#8211; <a href=\"https:\/\/www.scopus.com\/authid\/detail.uri?authorId=36102207100\">https:\/\/www.scopus.com\/authid\/detail.uri?authorId=36102207100<\/a><br \/>\n<strong>Google Scholar:\u00a0<\/strong>\u00a0<strong>ID<\/strong> Mj2Ug9kAAAAJ &#8211; <a href=\"https:\/\/scholar.google.com.br\/citations?user=Mj2Uq9kAAAAJ&amp;hl=pt-BR&amp;oi=ao\">https:\/\/scholar.google.com.br\/citations?user=Mj2Uq9kAAAAJ&amp;hl=pt-BR&amp;oi=ao<\/a><br \/>\n<strong>Research ID:<\/strong> F-7507-2016 &#8211;\u00a0<a class=\"no-pjax\" href=\"https:\/\/suporte.trajettoria.com\/scp\/l.php?url=https%3A%2F%2Fwww-webofscience-com.ez67.periodicos.capes.gov.br%2Fwos%2Fauthor%2Frecord%2F1002043&amp;auth=996ffd1e35340ef27481bfbbd1433ac2\" target=\"_blank\" rel=\"noopener noreferrer\">https:\/\/www-webofscience-com.ez67.periodicos.capes.gov.br\/wos\/author\/record\/1002043<\/a><\/p>\n<h2><b><span lang=\"EN-US\">Line of research:<\/span><\/b><\/h2>\n<p>Degenerative and traumatic injuries of the ankle and foot.<\/p>\n<p>Line of research focused on the degenerative and traumatic injuries of the ankle and foot with emphasis on molecular imaging diagnosis.<\/p>\n<h2><b>Relevant articles<\/b><\/h2>\n<ol>\n<li>de Cesar Netto C, Godoy-Santos AL, Saito GH, Lintz F,Siegler S, O&#8217;Malley MJ, Deland JT, Ellis SJ. Subluxation ofthe Middle Facet of the Subtalar Joint as a Marker of Peritalar Subluxation inAdult Acquired Flatfoot Deformity: A Case-Control Study. J Bone Joint Surg Am. 2019 Oct16;101(20):1838-1844. doi: 10.2106\/JBJS.19.00073.<\/li>\n<li>Koury K, Staggers JR, Pinto MC, Godoy-Santos AL, Smyth NA, Shah AB, deCesar Netto C. Radiographic Assessment of First Tarsometatarsal Joint Shape and Orientation. Foot Ankle Int. 2019 Dec;40(12):1438-1446.doi: 10.1177\/1071100719868503.<\/li>\n<li>Dinhane KGI, Godoy-Santos AL, Fabro AT, Moretto MR, Depr\u00e1 I, Yoshida WB. Short-term Changes After Corticosteroid Injections Into the Normal Tendons of Rabbits: A Controlled Randomized Study. Am J Sports Med. 2019 Mar;47(3):721-728. doi:10.1177\/0363546518818819.<\/li>\n<li>Godoy-Santos AL, Ranzoni L, Teodoro WR, Capelozzi V, Giglio P, Fernandes TD, Rammelt S. Increasedcytokine levels and histological changes in cartilage, synovial cells andsynovial fluid after malleolar fractures. Injury. 2017 Oct;48 Suppl 4:S27-S33. doi:10.1016\/S0020-1383(17)30772-6.<\/li>\n<li>Godoy-Santos A, Cunha MV, Ortiz RT, Fernandes TD, Mattar R Jr, dos Santos MC. MMP-1 promoter polymorphism is associated with primary tendinopathy of the posterior tibial tendon. J Orthop Res. 2013 Jul;31(7):1103-7. doi: 10.1002\/jor.22321.<\/li>\n<\/ol>\n<p>&nbsp;<\/p>\n<h2><strong>PROJETOS ORIENTADOR\/ LINHA<\/strong><\/h2>\n<p><strong>Linha 2. DESENVOLVIMENTO DE ENSAIOS E MODELOS PARA SUBSTITUI\u00c7\u00c3O ARTICULAR E INSTABILIDADE ARTICULARES<br \/>\n<\/strong><strong>PROJETO ALEXANDRE LEME:<\/strong> MODELOS CL\u00cdNICOS E EXPERIMENTAIS DAS ALTERA\u00c7\u00d5ES OSTEOARTICULARES DO TORNOZELO E P\u00c9.<\/p>","protected":false},"excerpt":{"rendered":"<p>Livre Docente: Livre Docente E-mail: alexandrelemegodoy@gmail.com Lattes: http:\/\/lattes.cnpq.br\/0831980401575289 Orcid: ID \u00a00000-0002-6672-1869 &#8211; https:\/\/orcid.org\/0000-0002-6672-1869 Scopus: ID 36102207100 &#8211; https:\/\/www.scopus.com\/authid\/detail.uri?authorId=36102207100 Google Scholar:\u00a0\u00a0ID Mj2Ug9kAAAAJ &#8211; https:\/\/scholar.google.com.br\/citations?user=Mj2Uq9kAAAAJ&amp;hl=pt-BR&amp;oi=ao Research ID: F-7507-2016 [&hellip;]<\/p>\n","protected":false},"author":1,"featured_media":0,"parent":25,"menu_order":0,"comment_status":"closed","ping_status":"closed","template":"","meta":{"footnotes":""},"class_list":["post-546","page","type-page","status-publish","hentry"],"yoast_head":"<!-- This site is optimized with the Yoast SEO plugin v25.5 - https:\/\/yoast.com\/wordpress\/plugins\/seo\/ -->\n<title>Alexandre Leme Godoy dos Santos - P\u00f3s-Gradua\u00e7\u00e3o em Ci\u00eancias do Sistema Musculoesquel\u00e9tico<\/title>\n<meta name=\"robots\" content=\"index, follow, max-snippet:-1, max-image-preview:large, max-video-preview:-1\" \/>\n<link rel=\"canonical\" href=\"https:\/\/www.musculoesqueleticousp.com.br\/pesquisas\/orientadores\/alexandre-leme-godoy-dos-santos\/\" \/>\n<meta property=\"og:locale\" content=\"en_US\" \/>\n<meta property=\"og:type\" content=\"article\" \/>\n<meta property=\"og:title\" content=\"Alexandre Leme Godoy dos Santos - P\u00f3s-Gradua\u00e7\u00e3o em Ci\u00eancias do Sistema Musculoesquel\u00e9tico\" \/>\n<meta property=\"og:description\" content=\"Livre Docente: Livre Docente E-mail: alexandrelemegodoy@gmail.com Lattes: http:\/\/lattes.cnpq.br\/0831980401575289 Orcid: ID \u00a00000-0002-6672-1869 &#8211; https:\/\/orcid.org\/0000-0002-6672-1869 Scopus: ID 36102207100 &#8211; https:\/\/www.scopus.com\/authid\/detail.uri?authorId=36102207100 Google Scholar:\u00a0\u00a0ID Mj2Ug9kAAAAJ &#8211; https:\/\/scholar.google.com.br\/citations?user=Mj2Uq9kAAAAJ&amp;hl=pt-BR&amp;oi=ao Research ID: F-7507-2016 [&hellip;]\" \/>\n<meta property=\"og:url\" content=\"https:\/\/www.musculoesqueleticousp.com.br\/pesquisas\/orientadores\/alexandre-leme-godoy-dos-santos\/\" \/>\n<meta property=\"og:site_name\" content=\"P\u00f3s-Gradua\u00e7\u00e3o em Ci\u00eancias do Sistema Musculoesquel\u00e9tico\" \/>\n<meta property=\"article:modified_time\" content=\"2024-11-04T11:47:21+00:00\" \/>\n<meta property=\"og:image\" content=\"http:\/\/www.musculoesqueleticousp.com.br\/wp-content\/uploads\/2020\/05\/ed_FOTO_ALEXANDRE-LEME-GODOY-DOS-SANTOS.jpg\" \/>\n<meta name=\"twitter:card\" content=\"summary_large_image\" \/>\n<meta name=\"twitter:label1\" content=\"Est. reading time\" \/>\n\t<meta name=\"twitter:data1\" content=\"5 minutes\" \/>\n<script type=\"application\/ld+json\" class=\"yoast-schema-graph\">{\"@context\":\"https:\/\/schema.org\",\"@graph\":[{\"@type\":\"WebPage\",\"@id\":\"https:\/\/www.musculoesqueleticousp.com.br\/pesquisas\/orientadores\/alexandre-leme-godoy-dos-santos\/\",\"url\":\"https:\/\/www.musculoesqueleticousp.com.br\/pesquisas\/orientadores\/alexandre-leme-godoy-dos-santos\/\",\"name\":\"Alexandre Leme Godoy dos Santos - P\u00f3s-Gradua\u00e7\u00e3o em Ci\u00eancias do Sistema Musculoesquel\u00e9tico\",\"isPartOf\":{\"@id\":\"https:\/\/www.musculoesqueleticousp.com.br\/en\/#website\"},\"primaryImageOfPage\":{\"@id\":\"https:\/\/www.musculoesqueleticousp.com.br\/pesquisas\/orientadores\/alexandre-leme-godoy-dos-santos\/#primaryimage\"},\"image\":{\"@id\":\"https:\/\/www.musculoesqueleticousp.com.br\/pesquisas\/orientadores\/alexandre-leme-godoy-dos-santos\/#primaryimage\"},\"thumbnailUrl\":\"http:\/\/www.musculoesqueleticousp.com.br\/wp-content\/uploads\/2020\/05\/ed_FOTO_ALEXANDRE-LEME-GODOY-DOS-SANTOS.jpg\",\"datePublished\":\"2020-05-02T01:04:30+00:00\",\"dateModified\":\"2024-11-04T11:47:21+00:00\",\"breadcrumb\":{\"@id\":\"https:\/\/www.musculoesqueleticousp.com.br\/pesquisas\/orientadores\/alexandre-leme-godoy-dos-santos\/#breadcrumb\"},\"inLanguage\":\"en-US\",\"potentialAction\":[{\"@type\":\"ReadAction\",\"target\":[\"https:\/\/www.musculoesqueleticousp.com.br\/pesquisas\/orientadores\/alexandre-leme-godoy-dos-santos\/\"]}]},{\"@type\":\"ImageObject\",\"inLanguage\":\"en-US\",\"@id\":\"https:\/\/www.musculoesqueleticousp.com.br\/pesquisas\/orientadores\/alexandre-leme-godoy-dos-santos\/#primaryimage\",\"url\":\"http:\/\/www.musculoesqueleticousp.com.br\/wp-content\/uploads\/2020\/05\/ed_FOTO_ALEXANDRE-LEME-GODOY-DOS-SANTOS.jpg\",\"contentUrl\":\"http:\/\/www.musculoesqueleticousp.com.br\/wp-content\/uploads\/2020\/05\/ed_FOTO_ALEXANDRE-LEME-GODOY-DOS-SANTOS.jpg\"},{\"@type\":\"BreadcrumbList\",\"@id\":\"https:\/\/www.musculoesqueleticousp.com.br\/pesquisas\/orientadores\/alexandre-leme-godoy-dos-santos\/#breadcrumb\",\"itemListElement\":[{\"@type\":\"ListItem\",\"position\":1,\"name\":\"Home\",\"item\":\"https:\/\/www.musculoesqueleticousp.com.br\/en\/\"},{\"@type\":\"ListItem\",\"position\":2,\"name\":\"Research\",\"item\":\"https:\/\/www.musculoesqueleticousp.com.br\/en\/pesquisas\/\"},{\"@type\":\"ListItem\",\"position\":3,\"name\":\"Orientadores\",\"item\":\"https:\/\/www.musculoesqueleticousp.com.br\/pesquisas\/orientadores\/\"},{\"@type\":\"ListItem\",\"position\":4,\"name\":\"Alexandre Leme Godoy dos Santos\"}]},{\"@type\":\"WebSite\",\"@id\":\"https:\/\/www.musculoesqueleticousp.com.br\/en\/#website\",\"url\":\"https:\/\/www.musculoesqueleticousp.com.br\/en\/\",\"name\":\"P\u00f3s-Gradua\u00e7\u00e3o em Ci\u00eancias do Sistema Musculoesquel\u00e9tico\",\"description\":\"Website do P\u00f3s-Gradua\u00e7\u00e3o em Ci\u00eancias do Sistema Musculoesquel\u00e9tico\",\"publisher\":{\"@id\":\"https:\/\/www.musculoesqueleticousp.com.br\/en\/#organization\"},\"potentialAction\":[{\"@type\":\"SearchAction\",\"target\":{\"@type\":\"EntryPoint\",\"urlTemplate\":\"https:\/\/www.musculoesqueleticousp.com.br\/en\/?s={search_term_string}\"},\"query-input\":{\"@type\":\"PropertyValueSpecification\",\"valueRequired\":true,\"valueName\":\"search_term_string\"}}],\"inLanguage\":\"en-US\"},{\"@type\":\"Organization\",\"@id\":\"https:\/\/www.musculoesqueleticousp.com.br\/en\/#organization\",\"name\":\"P\u00f3s-Gradua\u00e7\u00e3o em Ci\u00eancias do Sistema Musculoesquel\u00e9tico\",\"url\":\"https:\/\/www.musculoesqueleticousp.com.br\/en\/\",\"logo\":{\"@type\":\"ImageObject\",\"inLanguage\":\"en-US\",\"@id\":\"https:\/\/www.musculoesqueleticousp.com.br\/en\/#\/schema\/logo\/image\/\",\"url\":\"https:\/\/www.musculoesqueleticousp.com.br\/wp-content\/uploads\/2020\/04\/logo_pg_cme_v3_h120.png\",\"contentUrl\":\"https:\/\/www.musculoesqueleticousp.com.br\/wp-content\/uploads\/2020\/04\/logo_pg_cme_v3_h120.png\",\"width\":481,\"height\":120,\"caption\":\"P\u00f3s-Gradua\u00e7\u00e3o em Ci\u00eancias do Sistema Musculoesquel\u00e9tico\"},\"image\":{\"@id\":\"https:\/\/www.musculoesqueleticousp.com.br\/en\/#\/schema\/logo\/image\/\"}}]}<\/script>\n<!-- \/ Yoast SEO plugin. -->","yoast_head_json":{"title":"Alexandre Leme Godoy dos Santos - P\u00f3s-Gradua\u00e7\u00e3o em Ci\u00eancias do Sistema Musculoesquel\u00e9tico","robots":{"index":"index","follow":"follow","max-snippet":"max-snippet:-1","max-image-preview":"max-image-preview:large","max-video-preview":"max-video-preview:-1"},"canonical":"https:\/\/www.musculoesqueleticousp.com.br\/pesquisas\/orientadores\/alexandre-leme-godoy-dos-santos\/","og_locale":"en_US","og_type":"article","og_title":"Alexandre Leme Godoy dos Santos - P\u00f3s-Gradua\u00e7\u00e3o em Ci\u00eancias do Sistema Musculoesquel\u00e9tico","og_description":"Livre Docente: Livre Docente E-mail: alexandrelemegodoy@gmail.com Lattes: http:\/\/lattes.cnpq.br\/0831980401575289 Orcid: ID \u00a00000-0002-6672-1869 &#8211; https:\/\/orcid.org\/0000-0002-6672-1869 Scopus: ID 36102207100 &#8211; https:\/\/www.scopus.com\/authid\/detail.uri?authorId=36102207100 Google Scholar:\u00a0\u00a0ID Mj2Ug9kAAAAJ &#8211; https:\/\/scholar.google.com.br\/citations?user=Mj2Uq9kAAAAJ&amp;hl=pt-BR&amp;oi=ao Research ID: F-7507-2016 [&hellip;]","og_url":"https:\/\/www.musculoesqueleticousp.com.br\/pesquisas\/orientadores\/alexandre-leme-godoy-dos-santos\/","og_site_name":"P\u00f3s-Gradua\u00e7\u00e3o em Ci\u00eancias do Sistema Musculoesquel\u00e9tico","article_modified_time":"2024-11-04T11:47:21+00:00","og_image":[{"url":"http:\/\/www.musculoesqueleticousp.com.br\/wp-content\/uploads\/2020\/05\/ed_FOTO_ALEXANDRE-LEME-GODOY-DOS-SANTOS.jpg","type":"","width":"","height":""}],"twitter_card":"summary_large_image","twitter_misc":{"Est. reading time":"5 minutes"},"schema":{"@context":"https:\/\/schema.org","@graph":[{"@type":"WebPage","@id":"https:\/\/www.musculoesqueleticousp.com.br\/pesquisas\/orientadores\/alexandre-leme-godoy-dos-santos\/","url":"https:\/\/www.musculoesqueleticousp.com.br\/pesquisas\/orientadores\/alexandre-leme-godoy-dos-santos\/","name":"Alexandre Leme Godoy dos Santos - P\u00f3s-Gradua\u00e7\u00e3o em Ci\u00eancias do Sistema Musculoesquel\u00e9tico","isPartOf":{"@id":"https:\/\/www.musculoesqueleticousp.com.br\/en\/#website"},"primaryImageOfPage":{"@id":"https:\/\/www.musculoesqueleticousp.com.br\/pesquisas\/orientadores\/alexandre-leme-godoy-dos-santos\/#primaryimage"},"image":{"@id":"https:\/\/www.musculoesqueleticousp.com.br\/pesquisas\/orientadores\/alexandre-leme-godoy-dos-santos\/#primaryimage"},"thumbnailUrl":"http:\/\/www.musculoesqueleticousp.com.br\/wp-content\/uploads\/2020\/05\/ed_FOTO_ALEXANDRE-LEME-GODOY-DOS-SANTOS.jpg","datePublished":"2020-05-02T01:04:30+00:00","dateModified":"2024-11-04T11:47:21+00:00","breadcrumb":{"@id":"https:\/\/www.musculoesqueleticousp.com.br\/pesquisas\/orientadores\/alexandre-leme-godoy-dos-santos\/#breadcrumb"},"inLanguage":"en-US","potentialAction":[{"@type":"ReadAction","target":["https:\/\/www.musculoesqueleticousp.com.br\/pesquisas\/orientadores\/alexandre-leme-godoy-dos-santos\/"]}]},{"@type":"ImageObject","inLanguage":"en-US","@id":"https:\/\/www.musculoesqueleticousp.com.br\/pesquisas\/orientadores\/alexandre-leme-godoy-dos-santos\/#primaryimage","url":"http:\/\/www.musculoesqueleticousp.com.br\/wp-content\/uploads\/2020\/05\/ed_FOTO_ALEXANDRE-LEME-GODOY-DOS-SANTOS.jpg","contentUrl":"http:\/\/www.musculoesqueleticousp.com.br\/wp-content\/uploads\/2020\/05\/ed_FOTO_ALEXANDRE-LEME-GODOY-DOS-SANTOS.jpg"},{"@type":"BreadcrumbList","@id":"https:\/\/www.musculoesqueleticousp.com.br\/pesquisas\/orientadores\/alexandre-leme-godoy-dos-santos\/#breadcrumb","itemListElement":[{"@type":"ListItem","position":1,"name":"Home","item":"https:\/\/www.musculoesqueleticousp.com.br\/en\/"},{"@type":"ListItem","position":2,"name":"Research","item":"https:\/\/www.musculoesqueleticousp.com.br\/en\/pesquisas\/"},{"@type":"ListItem","position":3,"name":"Orientadores","item":"https:\/\/www.musculoesqueleticousp.com.br\/pesquisas\/orientadores\/"},{"@type":"ListItem","position":4,"name":"Alexandre Leme Godoy dos Santos"}]},{"@type":"WebSite","@id":"https:\/\/www.musculoesqueleticousp.com.br\/en\/#website","url":"https:\/\/www.musculoesqueleticousp.com.br\/en\/","name":"P\u00f3s-Gradua\u00e7\u00e3o em Ci\u00eancias do Sistema Musculoesquel\u00e9tico","description":"Website do P\u00f3s-Gradua\u00e7\u00e3o em Ci\u00eancias do Sistema Musculoesquel\u00e9tico","publisher":{"@id":"https:\/\/www.musculoesqueleticousp.com.br\/en\/#organization"},"potentialAction":[{"@type":"SearchAction","target":{"@type":"EntryPoint","urlTemplate":"https:\/\/www.musculoesqueleticousp.com.br\/en\/?s={search_term_string}"},"query-input":{"@type":"PropertyValueSpecification","valueRequired":true,"valueName":"search_term_string"}}],"inLanguage":"en-US"},{"@type":"Organization","@id":"https:\/\/www.musculoesqueleticousp.com.br\/en\/#organization","name":"P\u00f3s-Gradua\u00e7\u00e3o em Ci\u00eancias do Sistema Musculoesquel\u00e9tico","url":"https:\/\/www.musculoesqueleticousp.com.br\/en\/","logo":{"@type":"ImageObject","inLanguage":"en-US","@id":"https:\/\/www.musculoesqueleticousp.com.br\/en\/#\/schema\/logo\/image\/","url":"https:\/\/www.musculoesqueleticousp.com.br\/wp-content\/uploads\/2020\/04\/logo_pg_cme_v3_h120.png","contentUrl":"https:\/\/www.musculoesqueleticousp.com.br\/wp-content\/uploads\/2020\/04\/logo_pg_cme_v3_h120.png","width":481,"height":120,"caption":"P\u00f3s-Gradua\u00e7\u00e3o em Ci\u00eancias do Sistema Musculoesquel\u00e9tico"},"image":{"@id":"https:\/\/www.musculoesqueleticousp.com.br\/en\/#\/schema\/logo\/image\/"}}]}},"_links":{"self":[{"href":"https:\/\/www.musculoesqueleticousp.com.br\/en\/wp-json\/wp\/v2\/pages\/546","targetHints":{"allow":["GET"]}}],"collection":[{"href":"https:\/\/www.musculoesqueleticousp.com.br\/en\/wp-json\/wp\/v2\/pages"}],"about":[{"href":"https:\/\/www.musculoesqueleticousp.com.br\/en\/wp-json\/wp\/v2\/types\/page"}],"author":[{"embeddable":true,"href":"https:\/\/www.musculoesqueleticousp.com.br\/en\/wp-json\/wp\/v2\/users\/1"}],"replies":[{"embeddable":true,"href":"https:\/\/www.musculoesqueleticousp.com.br\/en\/wp-json\/wp\/v2\/comments?post=546"}],"version-history":[{"count":16,"href":"https:\/\/www.musculoesqueleticousp.com.br\/en\/wp-json\/wp\/v2\/pages\/546\/revisions"}],"predecessor-version":[{"id":3111,"href":"https:\/\/www.musculoesqueleticousp.com.br\/en\/wp-json\/wp\/v2\/pages\/546\/revisions\/3111"}],"up":[{"embeddable":true,"href":"https:\/\/www.musculoesqueleticousp.com.br\/en\/wp-json\/wp\/v2\/pages\/25"}],"wp:attachment":[{"href":"https:\/\/www.musculoesqueleticousp.com.br\/en\/wp-json\/wp\/v2\/media?parent=546"}],"curies":[{"name":"wp","href":"https:\/\/api.w.org\/{rel}","templated":true}]}}