{"id":499,"date":"2020-04-14T20:48:01","date_gmt":"2020-04-14T23:48:01","guid":{"rendered":"http:\/\/www.musculoesqueleticousp.com.br\/?page_id=499"},"modified":"2021-05-20T10:13:29","modified_gmt":"2021-05-20T13:13:29","slug":"laboratorio-de-microorganismo-e-artrite","status":"publish","type":"page","link":"https:\/\/www.musculoesqueleticousp.com.br\/en\/sobre-nos\/infraestrutura\/laboratorios\/laboratorio-de-microorganismo-e-artrite\/","title":{"rendered":"MICROORGANISM AND ARTHRITIS LABORATORY"},"content":{"rendered":"<p>The Microorganism and Arthritis Interaction Laboratory studies an infectious disease transmitted by the bite of ticks called Lyme-like Disease or Baggio-Yoshinari Syndrome. This disease has skin, joint, neurological and cardiac involvement. The disease is diagnosed considering the clinical manifestations, the epidemiology and serological analysis against the etiological agent of the disease. Thus, the laboratory developed and standardized immunological assays for the detection of IgG- and IgM-class immunoglobulins and currently conducts ELISA (Enzyme Linked Immunosorbent Assay) and Western Blotting for the entire HCFMUSP complex, as well as for university hospitals, institutes and central laboratories throughout Brazil. The Microorganism and Arthritis Interaction Laboratory develops research in the area of Molecular Biology in order to identify species of bacteria (<em>Borrelia sp<\/em>) involved in the etiology of the disease in biological material from humans, domestic and wild animals, and ticks with the collaboration of veterinarians and biologists. Bacteriological and biotechnical research is currently underway in collaboration with Butantan Institute, the main goal of which is to improve laboratory diagnosis of the disease to assist clinical practice. This project is called \u201cImprovement of the serological testing and physiological characterization of the Baggio-Yoshinari Syndrome (Lyme-like disease) as a way to assist diagnosis\u201d and has robust funding from FAPESP. The laboratory makes equipment, supplies and knowledge in the areas of microbiology, immunology and molecular biology available to undergraduate and graduate students.<\/p>","protected":false},"excerpt":{"rendered":"<p>The Microorganism and Arthritis Interaction Laboratory studies an infectious disease transmitted by the bite of ticks called Lyme-like Disease or Baggio-Yoshinari Syndrome. This disease has skin, [&hellip;]<\/p>\n","protected":false},"author":1,"featured_media":0,"parent":466,"menu_order":0,"comment_status":"closed","ping_status":"closed","template":"","meta":{"footnotes":""},"class_list":["post-499","page","type-page","status-publish","hentry"],"yoast_head":"<!-- This site is optimized with the Yoast SEO plugin v25.5 - https:\/\/yoast.com\/wordpress\/plugins\/seo\/ -->\n<title>MICROORGANISM AND ARTHRITIS LABORATORY - P\u00f3s-Gradua\u00e7\u00e3o em Ci\u00eancias do Sistema Musculoesquel\u00e9tico<\/title>\n<meta name=\"robots\" content=\"index, follow, max-snippet:-1, max-image-preview:large, max-video-preview:-1\" \/>\n<link rel=\"canonical\" href=\"https:\/\/www.musculoesqueleticousp.com.br\/sobre-nos\/infraestrutura\/laboratorios\/laboratorio-de-microorganismo-e-artrite\/\" \/>\n<meta property=\"og:locale\" content=\"en_US\" \/>\n<meta property=\"og:type\" content=\"article\" \/>\n<meta property=\"og:title\" content=\"MICROORGANISM AND ARTHRITIS LABORATORY - P\u00f3s-Gradua\u00e7\u00e3o em Ci\u00eancias do Sistema Musculoesquel\u00e9tico\" \/>\n<meta property=\"og:description\" content=\"The Microorganism and Arthritis Interaction Laboratory studies an infectious disease transmitted by the bite of ticks called Lyme-like Disease or Baggio-Yoshinari Syndrome. This disease has skin, [&hellip;]\" \/>\n<meta property=\"og:url\" content=\"https:\/\/www.musculoesqueleticousp.com.br\/sobre-nos\/infraestrutura\/laboratorios\/laboratorio-de-microorganismo-e-artrite\/\" \/>\n<meta property=\"og:site_name\" content=\"P\u00f3s-Gradua\u00e7\u00e3o em Ci\u00eancias do Sistema Musculoesquel\u00e9tico\" \/>\n<meta property=\"article:modified_time\" content=\"2021-05-20T13:13:29+00:00\" \/>\n<meta name=\"twitter:card\" content=\"summary_large_image\" \/>\n<meta name=\"twitter:label1\" content=\"Est. reading time\" \/>\n\t<meta name=\"twitter:data1\" content=\"4 minutes\" \/>\n<script type=\"application\/ld+json\" class=\"yoast-schema-graph\">{\"@context\":\"https:\/\/schema.org\",\"@graph\":[{\"@type\":\"WebPage\",\"@id\":\"https:\/\/www.musculoesqueleticousp.com.br\/sobre-nos\/infraestrutura\/laboratorios\/laboratorio-de-microorganismo-e-artrite\/\",\"url\":\"https:\/\/www.musculoesqueleticousp.com.br\/sobre-nos\/infraestrutura\/laboratorios\/laboratorio-de-microorganismo-e-artrite\/\",\"name\":\"MICROORGANISM AND ARTHRITIS LABORATORY - P\u00f3s-Gradua\u00e7\u00e3o em Ci\u00eancias do Sistema Musculoesquel\u00e9tico\",\"isPartOf\":{\"@id\":\"https:\/\/www.musculoesqueleticousp.com.br\/en\/#website\"},\"datePublished\":\"2020-04-14T23:48:01+00:00\",\"dateModified\":\"2021-05-20T13:13:29+00:00\",\"breadcrumb\":{\"@id\":\"https:\/\/www.musculoesqueleticousp.com.br\/sobre-nos\/infraestrutura\/laboratorios\/laboratorio-de-microorganismo-e-artrite\/#breadcrumb\"},\"inLanguage\":\"en-US\",\"potentialAction\":[{\"@type\":\"ReadAction\",\"target\":[\"https:\/\/www.musculoesqueleticousp.com.br\/sobre-nos\/infraestrutura\/laboratorios\/laboratorio-de-microorganismo-e-artrite\/\"]}]},{\"@type\":\"BreadcrumbList\",\"@id\":\"https:\/\/www.musculoesqueleticousp.com.br\/sobre-nos\/infraestrutura\/laboratorios\/laboratorio-de-microorganismo-e-artrite\/#breadcrumb\",\"itemListElement\":[{\"@type\":\"ListItem\",\"position\":1,\"name\":\"Home\",\"item\":\"https:\/\/www.musculoesqueleticousp.com.br\/en\/\"},{\"@type\":\"ListItem\",\"position\":2,\"name\":\"Sobre N\u00f3s\",\"item\":\"https:\/\/www.musculoesqueleticousp.com.br\/sobre-nos\/\"},{\"@type\":\"ListItem\",\"position\":3,\"name\":\"Infraestrutura\",\"item\":\"https:\/\/www.musculoesqueleticousp.com.br\/sobre-nos\/infraestrutura\/\"},{\"@type\":\"ListItem\",\"position\":4,\"name\":\"Laborat\u00f3rios\",\"item\":\"https:\/\/www.musculoesqueleticousp.com.br\/sobre-nos\/infraestrutura\/laboratorios\/\"},{\"@type\":\"ListItem\",\"position\":5,\"name\":\"LABORAT\u00d3RIO DE MICROORGANISMO E ARTRITE\"}]},{\"@type\":\"WebSite\",\"@id\":\"https:\/\/www.musculoesqueleticousp.com.br\/en\/#website\",\"url\":\"https:\/\/www.musculoesqueleticousp.com.br\/en\/\",\"name\":\"P\u00f3s-Gradua\u00e7\u00e3o em Ci\u00eancias do Sistema Musculoesquel\u00e9tico\",\"description\":\"Website do P\u00f3s-Gradua\u00e7\u00e3o em Ci\u00eancias do Sistema Musculoesquel\u00e9tico\",\"publisher\":{\"@id\":\"https:\/\/www.musculoesqueleticousp.com.br\/en\/#organization\"},\"potentialAction\":[{\"@type\":\"SearchAction\",\"target\":{\"@type\":\"EntryPoint\",\"urlTemplate\":\"https:\/\/www.musculoesqueleticousp.com.br\/en\/?s={search_term_string}\"},\"query-input\":{\"@type\":\"PropertyValueSpecification\",\"valueRequired\":true,\"valueName\":\"search_term_string\"}}],\"inLanguage\":\"en-US\"},{\"@type\":\"Organization\",\"@id\":\"https:\/\/www.musculoesqueleticousp.com.br\/en\/#organization\",\"name\":\"P\u00f3s-Gradua\u00e7\u00e3o em Ci\u00eancias do Sistema Musculoesquel\u00e9tico\",\"url\":\"https:\/\/www.musculoesqueleticousp.com.br\/en\/\",\"logo\":{\"@type\":\"ImageObject\",\"inLanguage\":\"en-US\",\"@id\":\"https:\/\/www.musculoesqueleticousp.com.br\/en\/#\/schema\/logo\/image\/\",\"url\":\"https:\/\/www.musculoesqueleticousp.com.br\/wp-content\/uploads\/2020\/04\/logo_pg_cme_v3_h120.png\",\"contentUrl\":\"https:\/\/www.musculoesqueleticousp.com.br\/wp-content\/uploads\/2020\/04\/logo_pg_cme_v3_h120.png\",\"width\":481,\"height\":120,\"caption\":\"P\u00f3s-Gradua\u00e7\u00e3o em Ci\u00eancias do Sistema Musculoesquel\u00e9tico\"},\"image\":{\"@id\":\"https:\/\/www.musculoesqueleticousp.com.br\/en\/#\/schema\/logo\/image\/\"}}]}<\/script>\n<!-- \/ Yoast SEO plugin. -->","yoast_head_json":{"title":"MICROORGANISM AND ARTHRITIS LABORATORY - P\u00f3s-Gradua\u00e7\u00e3o em Ci\u00eancias do Sistema Musculoesquel\u00e9tico","robots":{"index":"index","follow":"follow","max-snippet":"max-snippet:-1","max-image-preview":"max-image-preview:large","max-video-preview":"max-video-preview:-1"},"canonical":"https:\/\/www.musculoesqueleticousp.com.br\/sobre-nos\/infraestrutura\/laboratorios\/laboratorio-de-microorganismo-e-artrite\/","og_locale":"en_US","og_type":"article","og_title":"MICROORGANISM AND ARTHRITIS LABORATORY - P\u00f3s-Gradua\u00e7\u00e3o em Ci\u00eancias do Sistema Musculoesquel\u00e9tico","og_description":"The Microorganism and Arthritis Interaction Laboratory studies an infectious disease transmitted by the bite of ticks called Lyme-like Disease or Baggio-Yoshinari Syndrome. This disease has skin, [&hellip;]","og_url":"https:\/\/www.musculoesqueleticousp.com.br\/sobre-nos\/infraestrutura\/laboratorios\/laboratorio-de-microorganismo-e-artrite\/","og_site_name":"P\u00f3s-Gradua\u00e7\u00e3o em Ci\u00eancias do Sistema Musculoesquel\u00e9tico","article_modified_time":"2021-05-20T13:13:29+00:00","twitter_card":"summary_large_image","twitter_misc":{"Est. reading time":"4 minutes"},"schema":{"@context":"https:\/\/schema.org","@graph":[{"@type":"WebPage","@id":"https:\/\/www.musculoesqueleticousp.com.br\/sobre-nos\/infraestrutura\/laboratorios\/laboratorio-de-microorganismo-e-artrite\/","url":"https:\/\/www.musculoesqueleticousp.com.br\/sobre-nos\/infraestrutura\/laboratorios\/laboratorio-de-microorganismo-e-artrite\/","name":"MICROORGANISM AND ARTHRITIS LABORATORY - P\u00f3s-Gradua\u00e7\u00e3o em Ci\u00eancias do Sistema Musculoesquel\u00e9tico","isPartOf":{"@id":"https:\/\/www.musculoesqueleticousp.com.br\/en\/#website"},"datePublished":"2020-04-14T23:48:01+00:00","dateModified":"2021-05-20T13:13:29+00:00","breadcrumb":{"@id":"https:\/\/www.musculoesqueleticousp.com.br\/sobre-nos\/infraestrutura\/laboratorios\/laboratorio-de-microorganismo-e-artrite\/#breadcrumb"},"inLanguage":"en-US","potentialAction":[{"@type":"ReadAction","target":["https:\/\/www.musculoesqueleticousp.com.br\/sobre-nos\/infraestrutura\/laboratorios\/laboratorio-de-microorganismo-e-artrite\/"]}]},{"@type":"BreadcrumbList","@id":"https:\/\/www.musculoesqueleticousp.com.br\/sobre-nos\/infraestrutura\/laboratorios\/laboratorio-de-microorganismo-e-artrite\/#breadcrumb","itemListElement":[{"@type":"ListItem","position":1,"name":"Home","item":"https:\/\/www.musculoesqueleticousp.com.br\/en\/"},{"@type":"ListItem","position":2,"name":"Sobre N\u00f3s","item":"https:\/\/www.musculoesqueleticousp.com.br\/sobre-nos\/"},{"@type":"ListItem","position":3,"name":"Infraestrutura","item":"https:\/\/www.musculoesqueleticousp.com.br\/sobre-nos\/infraestrutura\/"},{"@type":"ListItem","position":4,"name":"Laborat\u00f3rios","item":"https:\/\/www.musculoesqueleticousp.com.br\/sobre-nos\/infraestrutura\/laboratorios\/"},{"@type":"ListItem","position":5,"name":"LABORAT\u00d3RIO DE MICROORGANISMO E ARTRITE"}]},{"@type":"WebSite","@id":"https:\/\/www.musculoesqueleticousp.com.br\/en\/#website","url":"https:\/\/www.musculoesqueleticousp.com.br\/en\/","name":"P\u00f3s-Gradua\u00e7\u00e3o em Ci\u00eancias do Sistema Musculoesquel\u00e9tico","description":"Website do P\u00f3s-Gradua\u00e7\u00e3o em Ci\u00eancias do Sistema Musculoesquel\u00e9tico","publisher":{"@id":"https:\/\/www.musculoesqueleticousp.com.br\/en\/#organization"},"potentialAction":[{"@type":"SearchAction","target":{"@type":"EntryPoint","urlTemplate":"https:\/\/www.musculoesqueleticousp.com.br\/en\/?s={search_term_string}"},"query-input":{"@type":"PropertyValueSpecification","valueRequired":true,"valueName":"search_term_string"}}],"inLanguage":"en-US"},{"@type":"Organization","@id":"https:\/\/www.musculoesqueleticousp.com.br\/en\/#organization","name":"P\u00f3s-Gradua\u00e7\u00e3o em Ci\u00eancias do Sistema Musculoesquel\u00e9tico","url":"https:\/\/www.musculoesqueleticousp.com.br\/en\/","logo":{"@type":"ImageObject","inLanguage":"en-US","@id":"https:\/\/www.musculoesqueleticousp.com.br\/en\/#\/schema\/logo\/image\/","url":"https:\/\/www.musculoesqueleticousp.com.br\/wp-content\/uploads\/2020\/04\/logo_pg_cme_v3_h120.png","contentUrl":"https:\/\/www.musculoesqueleticousp.com.br\/wp-content\/uploads\/2020\/04\/logo_pg_cme_v3_h120.png","width":481,"height":120,"caption":"P\u00f3s-Gradua\u00e7\u00e3o em Ci\u00eancias do Sistema Musculoesquel\u00e9tico"},"image":{"@id":"https:\/\/www.musculoesqueleticousp.com.br\/en\/#\/schema\/logo\/image\/"}}]}},"_links":{"self":[{"href":"https:\/\/www.musculoesqueleticousp.com.br\/en\/wp-json\/wp\/v2\/pages\/499","targetHints":{"allow":["GET"]}}],"collection":[{"href":"https:\/\/www.musculoesqueleticousp.com.br\/en\/wp-json\/wp\/v2\/pages"}],"about":[{"href":"https:\/\/www.musculoesqueleticousp.com.br\/en\/wp-json\/wp\/v2\/types\/page"}],"author":[{"embeddable":true,"href":"https:\/\/www.musculoesqueleticousp.com.br\/en\/wp-json\/wp\/v2\/users\/1"}],"replies":[{"embeddable":true,"href":"https:\/\/www.musculoesqueleticousp.com.br\/en\/wp-json\/wp\/v2\/comments?post=499"}],"version-history":[{"count":3,"href":"https:\/\/www.musculoesqueleticousp.com.br\/en\/wp-json\/wp\/v2\/pages\/499\/revisions"}],"predecessor-version":[{"id":1687,"href":"https:\/\/www.musculoesqueleticousp.com.br\/en\/wp-json\/wp\/v2\/pages\/499\/revisions\/1687"}],"up":[{"embeddable":true,"href":"https:\/\/www.musculoesqueleticousp.com.br\/en\/wp-json\/wp\/v2\/pages\/466"}],"wp:attachment":[{"href":"https:\/\/www.musculoesqueleticousp.com.br\/en\/wp-json\/wp\/v2\/media?parent=499"}],"curies":[{"name":"wp","href":"https:\/\/api.w.org\/{rel}","templated":true}]}}