{"id":489,"date":"2020-04-14T20:46:04","date_gmt":"2020-04-14T23:46:04","guid":{"rendered":"http:\/\/www.musculoesqueleticousp.com.br\/?page_id=489"},"modified":"2021-05-20T10:45:00","modified_gmt":"2021-05-20T13:45:00","slug":"laboratorio-de-microcirurgia-reconstrutiva","status":"publish","type":"page","link":"https:\/\/www.musculoesqueleticousp.com.br\/en\/sobre-nos\/infraestrutura\/laboratorios\/laboratorio-de-microcirurgia-reconstrutiva\/","title":{"rendered":"RECONSTRUCTIVE MICROSURGERY LABORATORY"},"content":{"rendered":"<p><img loading=\"lazy\" decoding=\"async\" class=\"alignnone wp-image-1445\" src=\"https:\/\/www.musculoesqueleticousp.com.br\/wp-content\/uploads\/2021\/04\/00-e1594928138898-1024x522-1-300x153.jpg\" alt=\"\" width=\"1361\" height=\"694\" srcset=\"https:\/\/www.musculoesqueleticousp.com.br\/wp-content\/uploads\/2021\/04\/00-e1594928138898-1024x522-1-300x153.jpg 300w, https:\/\/www.musculoesqueleticousp.com.br\/wp-content\/uploads\/2021\/04\/00-e1594928138898-1024x522-1-768x392.jpg 768w, https:\/\/www.musculoesqueleticousp.com.br\/wp-content\/uploads\/2021\/04\/00-e1594928138898-1024x522-1-260x133.jpg 260w, https:\/\/www.musculoesqueleticousp.com.br\/wp-content\/uploads\/2021\/04\/00-e1594928138898-1024x522-1-50x25.jpg 50w, https:\/\/www.musculoesqueleticousp.com.br\/wp-content\/uploads\/2021\/04\/00-e1594928138898-1024x522-1-147x75.jpg 147w, https:\/\/www.musculoesqueleticousp.com.br\/wp-content\/uploads\/2021\/04\/00-e1594928138898-1024x522-1.jpg 1024w\" sizes=\"auto, (max-width: 1361px) 100vw, 1361px\" \/><\/p>\n<p>It works to train doctors in the area of reconstructive microsurgery, in addition to conducting research in reconstructive surgery of peripheral nerves and the spinal cord, with a significant contribution to the scientific advancement of the area. It has constant monitoring and an extensive training program (4 months) and an intensive one-week program, according to the availability of the interested party. The Reconstructive Microsurgery and Hand Surgery Emergency Care Center assists patients who are victims of trauma resulting in type III-B and III-C Gustilo and Anderson exposed fractures, traumatic limb amputations, peripheral nerve injuries and complex traumas of the hand, amputated limb replantations, emergency microsurgical flaps, emergency peripheral nerve reconstruction, treatment of complex hand injuries (osteosyntheses, repairs of tendon injuries, reconstructive surgeries). In 2018, it received funding from the Ita\u00fa Social Foundation to readapt the microsurgery room belonging to the Microsurgery Laboratory of the IOT\/HC\/FMUSP (see specific fundraising item).<\/p>\n<p>The structure enables the simultaneous training of several graduate students, as well as the execution of complex microsurgery research projects. The laboratory is equipped with 5 DF Vasconcelos MC-A184 surgical microscopes, 3 workbenches, 2 Emai BO-50 microcoagulators, 2 ASSI surgical microinstrument toolboxes, 5 AESCULAP surgical microinstrument toolboxes, Stermax autoclave, Odontobr\u00e1s EL material drying oven, television and image recording systems.<\/p>\n<p>In 2018, the laboratory received R$200,000.00 from the Ita\u00fa Social Foundation to readapt the microsurgery room belonging to the Microsurgery Laboratory of the IOT\/HC\/FMUSP.<\/p>\n<p>The Rotary Microsurgery Laboratory of the Institute of Orthopedics and Traumatology (IOT), founded in 1997, was reopened on October 11, 2019. It is larger and equipped with twelve state-of-the-art microscopes for training that ranges from suturing in gloves to the technique of microanastomoses in small-caliber blood vessels. The laboratory is resuming its activities after a 4-month renovation. The structural redesign to better accommodate and teach courses was made possible through a partnership with the IOT, the Rotary Club and Banco Ita\u00fa. &#8220;The excellence of the Microsurgery Laboratory is proof of the importance of partnerships with the private sector, combining university expertise with private sector resources.\u201d<\/p>","protected":false},"excerpt":{"rendered":"<p>It works to train doctors in the area of reconstructive microsurgery, in addition to conducting research in reconstructive surgery of peripheral nerves and the spinal cord, [&hellip;]<\/p>\n","protected":false},"author":1,"featured_media":0,"parent":466,"menu_order":0,"comment_status":"closed","ping_status":"closed","template":"","meta":{"footnotes":""},"class_list":["post-489","page","type-page","status-publish","hentry"],"yoast_head":"<!-- This site is optimized with the Yoast SEO plugin v25.5 - https:\/\/yoast.com\/wordpress\/plugins\/seo\/ -->\n<title>RECONSTRUCTIVE MICROSURGERY LABORATORY - P\u00f3s-Gradua\u00e7\u00e3o em Ci\u00eancias do Sistema Musculoesquel\u00e9tico<\/title>\n<meta name=\"robots\" content=\"index, follow, max-snippet:-1, max-image-preview:large, max-video-preview:-1\" \/>\n<link rel=\"canonical\" href=\"https:\/\/www.musculoesqueleticousp.com.br\/sobre-nos\/infraestrutura\/laboratorios\/laboratorio-de-microcirurgia-reconstrutiva\/\" \/>\n<meta property=\"og:locale\" content=\"en_US\" \/>\n<meta property=\"og:type\" content=\"article\" \/>\n<meta property=\"og:title\" content=\"RECONSTRUCTIVE MICROSURGERY LABORATORY - P\u00f3s-Gradua\u00e7\u00e3o em Ci\u00eancias do Sistema Musculoesquel\u00e9tico\" \/>\n<meta property=\"og:description\" content=\"It works to train doctors in the area of reconstructive microsurgery, in addition to conducting research in reconstructive surgery of peripheral nerves and the spinal cord, [&hellip;]\" \/>\n<meta property=\"og:url\" content=\"https:\/\/www.musculoesqueleticousp.com.br\/sobre-nos\/infraestrutura\/laboratorios\/laboratorio-de-microcirurgia-reconstrutiva\/\" \/>\n<meta property=\"og:site_name\" content=\"P\u00f3s-Gradua\u00e7\u00e3o em Ci\u00eancias do Sistema Musculoesquel\u00e9tico\" \/>\n<meta property=\"article:modified_time\" content=\"2021-05-20T13:45:00+00:00\" \/>\n<meta property=\"og:image\" content=\"https:\/\/www.musculoesqueleticousp.com.br\/wp-content\/uploads\/2021\/04\/00-e1594928138898-1024x522-1-300x153.jpg\" \/>\n<meta name=\"twitter:card\" content=\"summary_large_image\" \/>\n<meta name=\"twitter:label1\" content=\"Est. reading time\" \/>\n\t<meta name=\"twitter:data1\" content=\"6 minutes\" \/>\n<script type=\"application\/ld+json\" class=\"yoast-schema-graph\">{\"@context\":\"https:\/\/schema.org\",\"@graph\":[{\"@type\":\"WebPage\",\"@id\":\"https:\/\/www.musculoesqueleticousp.com.br\/sobre-nos\/infraestrutura\/laboratorios\/laboratorio-de-microcirurgia-reconstrutiva\/\",\"url\":\"https:\/\/www.musculoesqueleticousp.com.br\/sobre-nos\/infraestrutura\/laboratorios\/laboratorio-de-microcirurgia-reconstrutiva\/\",\"name\":\"RECONSTRUCTIVE MICROSURGERY LABORATORY - P\u00f3s-Gradua\u00e7\u00e3o em Ci\u00eancias do Sistema Musculoesquel\u00e9tico\",\"isPartOf\":{\"@id\":\"https:\/\/www.musculoesqueleticousp.com.br\/en\/#website\"},\"primaryImageOfPage\":{\"@id\":\"https:\/\/www.musculoesqueleticousp.com.br\/sobre-nos\/infraestrutura\/laboratorios\/laboratorio-de-microcirurgia-reconstrutiva\/#primaryimage\"},\"image\":{\"@id\":\"https:\/\/www.musculoesqueleticousp.com.br\/sobre-nos\/infraestrutura\/laboratorios\/laboratorio-de-microcirurgia-reconstrutiva\/#primaryimage\"},\"thumbnailUrl\":\"https:\/\/www.musculoesqueleticousp.com.br\/wp-content\/uploads\/2021\/04\/00-e1594928138898-1024x522-1-300x153.jpg\",\"datePublished\":\"2020-04-14T23:46:04+00:00\",\"dateModified\":\"2021-05-20T13:45:00+00:00\",\"breadcrumb\":{\"@id\":\"https:\/\/www.musculoesqueleticousp.com.br\/sobre-nos\/infraestrutura\/laboratorios\/laboratorio-de-microcirurgia-reconstrutiva\/#breadcrumb\"},\"inLanguage\":\"en-US\",\"potentialAction\":[{\"@type\":\"ReadAction\",\"target\":[\"https:\/\/www.musculoesqueleticousp.com.br\/sobre-nos\/infraestrutura\/laboratorios\/laboratorio-de-microcirurgia-reconstrutiva\/\"]}]},{\"@type\":\"ImageObject\",\"inLanguage\":\"en-US\",\"@id\":\"https:\/\/www.musculoesqueleticousp.com.br\/sobre-nos\/infraestrutura\/laboratorios\/laboratorio-de-microcirurgia-reconstrutiva\/#primaryimage\",\"url\":\"https:\/\/www.musculoesqueleticousp.com.br\/wp-content\/uploads\/2021\/04\/00-e1594928138898-1024x522-1-300x153.jpg\",\"contentUrl\":\"https:\/\/www.musculoesqueleticousp.com.br\/wp-content\/uploads\/2021\/04\/00-e1594928138898-1024x522-1-300x153.jpg\"},{\"@type\":\"BreadcrumbList\",\"@id\":\"https:\/\/www.musculoesqueleticousp.com.br\/sobre-nos\/infraestrutura\/laboratorios\/laboratorio-de-microcirurgia-reconstrutiva\/#breadcrumb\",\"itemListElement\":[{\"@type\":\"ListItem\",\"position\":1,\"name\":\"Home\",\"item\":\"https:\/\/www.musculoesqueleticousp.com.br\/en\/\"},{\"@type\":\"ListItem\",\"position\":2,\"name\":\"Sobre N\u00f3s\",\"item\":\"https:\/\/www.musculoesqueleticousp.com.br\/sobre-nos\/\"},{\"@type\":\"ListItem\",\"position\":3,\"name\":\"Infraestrutura\",\"item\":\"https:\/\/www.musculoesqueleticousp.com.br\/sobre-nos\/infraestrutura\/\"},{\"@type\":\"ListItem\",\"position\":4,\"name\":\"Laborat\u00f3rios\",\"item\":\"https:\/\/www.musculoesqueleticousp.com.br\/sobre-nos\/infraestrutura\/laboratorios\/\"},{\"@type\":\"ListItem\",\"position\":5,\"name\":\"LABORAT\u00d3RIO DE MICROCIRURGIA RECONSTRUTIVA\"}]},{\"@type\":\"WebSite\",\"@id\":\"https:\/\/www.musculoesqueleticousp.com.br\/en\/#website\",\"url\":\"https:\/\/www.musculoesqueleticousp.com.br\/en\/\",\"name\":\"P\u00f3s-Gradua\u00e7\u00e3o em Ci\u00eancias do Sistema Musculoesquel\u00e9tico\",\"description\":\"Website do P\u00f3s-Gradua\u00e7\u00e3o em Ci\u00eancias do Sistema Musculoesquel\u00e9tico\",\"publisher\":{\"@id\":\"https:\/\/www.musculoesqueleticousp.com.br\/en\/#organization\"},\"potentialAction\":[{\"@type\":\"SearchAction\",\"target\":{\"@type\":\"EntryPoint\",\"urlTemplate\":\"https:\/\/www.musculoesqueleticousp.com.br\/en\/?s={search_term_string}\"},\"query-input\":{\"@type\":\"PropertyValueSpecification\",\"valueRequired\":true,\"valueName\":\"search_term_string\"}}],\"inLanguage\":\"en-US\"},{\"@type\":\"Organization\",\"@id\":\"https:\/\/www.musculoesqueleticousp.com.br\/en\/#organization\",\"name\":\"P\u00f3s-Gradua\u00e7\u00e3o em Ci\u00eancias do Sistema Musculoesquel\u00e9tico\",\"url\":\"https:\/\/www.musculoesqueleticousp.com.br\/en\/\",\"logo\":{\"@type\":\"ImageObject\",\"inLanguage\":\"en-US\",\"@id\":\"https:\/\/www.musculoesqueleticousp.com.br\/en\/#\/schema\/logo\/image\/\",\"url\":\"https:\/\/www.musculoesqueleticousp.com.br\/wp-content\/uploads\/2020\/04\/logo_pg_cme_v3_h120.png\",\"contentUrl\":\"https:\/\/www.musculoesqueleticousp.com.br\/wp-content\/uploads\/2020\/04\/logo_pg_cme_v3_h120.png\",\"width\":481,\"height\":120,\"caption\":\"P\u00f3s-Gradua\u00e7\u00e3o em Ci\u00eancias do Sistema Musculoesquel\u00e9tico\"},\"image\":{\"@id\":\"https:\/\/www.musculoesqueleticousp.com.br\/en\/#\/schema\/logo\/image\/\"}}]}<\/script>\n<!-- \/ Yoast SEO plugin. -->","yoast_head_json":{"title":"RECONSTRUCTIVE MICROSURGERY LABORATORY - P\u00f3s-Gradua\u00e7\u00e3o em Ci\u00eancias do Sistema Musculoesquel\u00e9tico","robots":{"index":"index","follow":"follow","max-snippet":"max-snippet:-1","max-image-preview":"max-image-preview:large","max-video-preview":"max-video-preview:-1"},"canonical":"https:\/\/www.musculoesqueleticousp.com.br\/sobre-nos\/infraestrutura\/laboratorios\/laboratorio-de-microcirurgia-reconstrutiva\/","og_locale":"en_US","og_type":"article","og_title":"RECONSTRUCTIVE MICROSURGERY LABORATORY - P\u00f3s-Gradua\u00e7\u00e3o em Ci\u00eancias do Sistema Musculoesquel\u00e9tico","og_description":"It works to train doctors in the area of reconstructive microsurgery, in addition to conducting research in reconstructive surgery of peripheral nerves and the spinal cord, [&hellip;]","og_url":"https:\/\/www.musculoesqueleticousp.com.br\/sobre-nos\/infraestrutura\/laboratorios\/laboratorio-de-microcirurgia-reconstrutiva\/","og_site_name":"P\u00f3s-Gradua\u00e7\u00e3o em Ci\u00eancias do Sistema Musculoesquel\u00e9tico","article_modified_time":"2021-05-20T13:45:00+00:00","og_image":[{"url":"https:\/\/www.musculoesqueleticousp.com.br\/wp-content\/uploads\/2021\/04\/00-e1594928138898-1024x522-1-300x153.jpg","type":"","width":"","height":""}],"twitter_card":"summary_large_image","twitter_misc":{"Est. reading time":"6 minutes"},"schema":{"@context":"https:\/\/schema.org","@graph":[{"@type":"WebPage","@id":"https:\/\/www.musculoesqueleticousp.com.br\/sobre-nos\/infraestrutura\/laboratorios\/laboratorio-de-microcirurgia-reconstrutiva\/","url":"https:\/\/www.musculoesqueleticousp.com.br\/sobre-nos\/infraestrutura\/laboratorios\/laboratorio-de-microcirurgia-reconstrutiva\/","name":"RECONSTRUCTIVE MICROSURGERY LABORATORY - P\u00f3s-Gradua\u00e7\u00e3o em Ci\u00eancias do Sistema Musculoesquel\u00e9tico","isPartOf":{"@id":"https:\/\/www.musculoesqueleticousp.com.br\/en\/#website"},"primaryImageOfPage":{"@id":"https:\/\/www.musculoesqueleticousp.com.br\/sobre-nos\/infraestrutura\/laboratorios\/laboratorio-de-microcirurgia-reconstrutiva\/#primaryimage"},"image":{"@id":"https:\/\/www.musculoesqueleticousp.com.br\/sobre-nos\/infraestrutura\/laboratorios\/laboratorio-de-microcirurgia-reconstrutiva\/#primaryimage"},"thumbnailUrl":"https:\/\/www.musculoesqueleticousp.com.br\/wp-content\/uploads\/2021\/04\/00-e1594928138898-1024x522-1-300x153.jpg","datePublished":"2020-04-14T23:46:04+00:00","dateModified":"2021-05-20T13:45:00+00:00","breadcrumb":{"@id":"https:\/\/www.musculoesqueleticousp.com.br\/sobre-nos\/infraestrutura\/laboratorios\/laboratorio-de-microcirurgia-reconstrutiva\/#breadcrumb"},"inLanguage":"en-US","potentialAction":[{"@type":"ReadAction","target":["https:\/\/www.musculoesqueleticousp.com.br\/sobre-nos\/infraestrutura\/laboratorios\/laboratorio-de-microcirurgia-reconstrutiva\/"]}]},{"@type":"ImageObject","inLanguage":"en-US","@id":"https:\/\/www.musculoesqueleticousp.com.br\/sobre-nos\/infraestrutura\/laboratorios\/laboratorio-de-microcirurgia-reconstrutiva\/#primaryimage","url":"https:\/\/www.musculoesqueleticousp.com.br\/wp-content\/uploads\/2021\/04\/00-e1594928138898-1024x522-1-300x153.jpg","contentUrl":"https:\/\/www.musculoesqueleticousp.com.br\/wp-content\/uploads\/2021\/04\/00-e1594928138898-1024x522-1-300x153.jpg"},{"@type":"BreadcrumbList","@id":"https:\/\/www.musculoesqueleticousp.com.br\/sobre-nos\/infraestrutura\/laboratorios\/laboratorio-de-microcirurgia-reconstrutiva\/#breadcrumb","itemListElement":[{"@type":"ListItem","position":1,"name":"Home","item":"https:\/\/www.musculoesqueleticousp.com.br\/en\/"},{"@type":"ListItem","position":2,"name":"Sobre N\u00f3s","item":"https:\/\/www.musculoesqueleticousp.com.br\/sobre-nos\/"},{"@type":"ListItem","position":3,"name":"Infraestrutura","item":"https:\/\/www.musculoesqueleticousp.com.br\/sobre-nos\/infraestrutura\/"},{"@type":"ListItem","position":4,"name":"Laborat\u00f3rios","item":"https:\/\/www.musculoesqueleticousp.com.br\/sobre-nos\/infraestrutura\/laboratorios\/"},{"@type":"ListItem","position":5,"name":"LABORAT\u00d3RIO DE MICROCIRURGIA RECONSTRUTIVA"}]},{"@type":"WebSite","@id":"https:\/\/www.musculoesqueleticousp.com.br\/en\/#website","url":"https:\/\/www.musculoesqueleticousp.com.br\/en\/","name":"P\u00f3s-Gradua\u00e7\u00e3o em Ci\u00eancias do Sistema Musculoesquel\u00e9tico","description":"Website do P\u00f3s-Gradua\u00e7\u00e3o em Ci\u00eancias do Sistema Musculoesquel\u00e9tico","publisher":{"@id":"https:\/\/www.musculoesqueleticousp.com.br\/en\/#organization"},"potentialAction":[{"@type":"SearchAction","target":{"@type":"EntryPoint","urlTemplate":"https:\/\/www.musculoesqueleticousp.com.br\/en\/?s={search_term_string}"},"query-input":{"@type":"PropertyValueSpecification","valueRequired":true,"valueName":"search_term_string"}}],"inLanguage":"en-US"},{"@type":"Organization","@id":"https:\/\/www.musculoesqueleticousp.com.br\/en\/#organization","name":"P\u00f3s-Gradua\u00e7\u00e3o em Ci\u00eancias do Sistema Musculoesquel\u00e9tico","url":"https:\/\/www.musculoesqueleticousp.com.br\/en\/","logo":{"@type":"ImageObject","inLanguage":"en-US","@id":"https:\/\/www.musculoesqueleticousp.com.br\/en\/#\/schema\/logo\/image\/","url":"https:\/\/www.musculoesqueleticousp.com.br\/wp-content\/uploads\/2020\/04\/logo_pg_cme_v3_h120.png","contentUrl":"https:\/\/www.musculoesqueleticousp.com.br\/wp-content\/uploads\/2020\/04\/logo_pg_cme_v3_h120.png","width":481,"height":120,"caption":"P\u00f3s-Gradua\u00e7\u00e3o em Ci\u00eancias do Sistema Musculoesquel\u00e9tico"},"image":{"@id":"https:\/\/www.musculoesqueleticousp.com.br\/en\/#\/schema\/logo\/image\/"}}]}},"_links":{"self":[{"href":"https:\/\/www.musculoesqueleticousp.com.br\/en\/wp-json\/wp\/v2\/pages\/489","targetHints":{"allow":["GET"]}}],"collection":[{"href":"https:\/\/www.musculoesqueleticousp.com.br\/en\/wp-json\/wp\/v2\/pages"}],"about":[{"href":"https:\/\/www.musculoesqueleticousp.com.br\/en\/wp-json\/wp\/v2\/types\/page"}],"author":[{"embeddable":true,"href":"https:\/\/www.musculoesqueleticousp.com.br\/en\/wp-json\/wp\/v2\/users\/1"}],"replies":[{"embeddable":true,"href":"https:\/\/www.musculoesqueleticousp.com.br\/en\/wp-json\/wp\/v2\/comments?post=489"}],"version-history":[{"count":6,"href":"https:\/\/www.musculoesqueleticousp.com.br\/en\/wp-json\/wp\/v2\/pages\/489\/revisions"}],"predecessor-version":[{"id":1705,"href":"https:\/\/www.musculoesqueleticousp.com.br\/en\/wp-json\/wp\/v2\/pages\/489\/revisions\/1705"}],"up":[{"embeddable":true,"href":"https:\/\/www.musculoesqueleticousp.com.br\/en\/wp-json\/wp\/v2\/pages\/466"}],"wp:attachment":[{"href":"https:\/\/www.musculoesqueleticousp.com.br\/en\/wp-json\/wp\/v2\/media?parent=489"}],"curies":[{"name":"wp","href":"https:\/\/api.w.org\/{rel}","templated":true}]}}