{"id":483,"date":"2020-04-14T20:43:46","date_gmt":"2020-04-14T23:43:46","guid":{"rendered":"http:\/\/www.musculoesqueleticousp.com.br\/?page_id=483"},"modified":"2021-05-20T10:42:44","modified_gmt":"2021-05-20T13:42:44","slug":"laboratorio-de-estudos-dos-movimentos-lem","status":"publish","type":"page","link":"https:\/\/www.musculoesqueleticousp.com.br\/en\/sobre-nos\/infraestrutura\/laboratorios\/laboratorio-de-estudos-dos-movimentos-lem\/","title":{"rendered":"MOVEMENT STUDIES LABORATORY (LEM)"},"content":{"rendered":"<p><img loading=\"lazy\" decoding=\"async\" class=\"alignnone wp-image-1467\" src=\"https:\/\/www.musculoesqueleticousp.com.br\/wp-content\/uploads\/2021\/04\/DSC02994-e1594773073355-300x139.jpg\" alt=\"\" width=\"1366\" height=\"633\" srcset=\"https:\/\/www.musculoesqueleticousp.com.br\/wp-content\/uploads\/2021\/04\/DSC02994-e1594773073355-300x139.jpg 300w, https:\/\/www.musculoesqueleticousp.com.br\/wp-content\/uploads\/2021\/04\/DSC02994-e1594773073355-768x355.jpg 768w, https:\/\/www.musculoesqueleticousp.com.br\/wp-content\/uploads\/2021\/04\/DSC02994-e1594773073355-260x120.jpg 260w, https:\/\/www.musculoesqueleticousp.com.br\/wp-content\/uploads\/2021\/04\/DSC02994-e1594773073355-50x23.jpg 50w, https:\/\/www.musculoesqueleticousp.com.br\/wp-content\/uploads\/2021\/04\/DSC02994-e1594773073355-150x69.jpg 150w, https:\/\/www.musculoesqueleticousp.com.br\/wp-content\/uploads\/2021\/04\/DSC02994-e1594773073355.jpg 920w\" sizes=\"auto, (max-width: 1366px) 100vw, 1366px\" \/><\/p>\n<p>LEM is a center of excellence in research in the area of functional assessment. In 2010, together with the Sports Medicine Group, it was certified by FIFA as a Medical Center of Excellence. Its structure allows it to perform all the evaluations related to exercise physiology in a single location. At LEM, works of scientific initiation are conducted: undergraduate courses, regular research projects and projects in the stricto sensu graduate studies area.<\/p>\n<p>We highlight the following equipment belonging to the laboratory:<\/p>\n<ul>\n<li>Cybex 6000 Testing &amp; Rehabilitation System Isokinetic Dynamometer<\/li>\n<li>Biodex Medical System 3 Pro 830-206 Isokinetic Dynamometer<\/li>\n<li>MedGraphics CPX\/D System Spirometry System<\/li>\n<li>HeartWare version Ergo 13 Ergometry System<\/li>\n<li>Tekscan F-Scan version V.5.72 Podobarometry System<\/li>\n<li>Balance Master Biodex NeuroCom Balance Master System<\/li>\n<li>2 AMTI OR6-7-2000 Force platforms<\/li>\n<li>AMTI ACS-Plus-BC-BT Mobile Force platform<\/li>\n<li>BioSpace Co. In Body R230 Fat Percentage Analyzer<\/li>\n<li>6 treadmills (various brands\/models)<\/li>\n<li>8 Cybex The Bike stationary bicycles<\/li>\n<li>Weight training equipment (different types\/makes\/models)<\/li>\n<li>GMBH Foerster Standard steering simulator<\/li>\n<li>Ecomed Swissdolorclast shock wave therapy equipment<\/li>\n<\/ul>\n<ul>\n<li style=\"list-style-type: none;\"><\/li>\n<\/ul>\n<p><\/p>","protected":false},"excerpt":{"rendered":"<p>LEM is a center of excellence in research in the area of functional assessment. In 2010, together with the Sports Medicine Group, it was certified by [&hellip;]<\/p>\n","protected":false},"author":1,"featured_media":0,"parent":466,"menu_order":0,"comment_status":"closed","ping_status":"closed","template":"","meta":{"footnotes":""},"class_list":["post-483","page","type-page","status-publish","hentry"],"yoast_head":"<!-- This site is optimized with the Yoast SEO plugin v25.5 - https:\/\/yoast.com\/wordpress\/plugins\/seo\/ -->\n<title>MOVEMENT STUDIES LABORATORY (LEM) - P\u00f3s-Gradua\u00e7\u00e3o em Ci\u00eancias do Sistema Musculoesquel\u00e9tico<\/title>\n<meta name=\"robots\" content=\"index, follow, max-snippet:-1, max-image-preview:large, max-video-preview:-1\" \/>\n<link rel=\"canonical\" href=\"https:\/\/www.musculoesqueleticousp.com.br\/sobre-nos\/infraestrutura\/laboratorios\/laboratorio-de-estudos-dos-movimentos-lem\/\" \/>\n<meta property=\"og:locale\" content=\"en_US\" \/>\n<meta property=\"og:type\" content=\"article\" \/>\n<meta property=\"og:title\" content=\"MOVEMENT STUDIES LABORATORY (LEM) - P\u00f3s-Gradua\u00e7\u00e3o em Ci\u00eancias do Sistema Musculoesquel\u00e9tico\" \/>\n<meta property=\"og:description\" content=\"LEM is a center of excellence in research in the area of functional assessment. In 2010, together with the Sports Medicine Group, it was certified by [&hellip;]\" \/>\n<meta property=\"og:url\" content=\"https:\/\/www.musculoesqueleticousp.com.br\/sobre-nos\/infraestrutura\/laboratorios\/laboratorio-de-estudos-dos-movimentos-lem\/\" \/>\n<meta property=\"og:site_name\" content=\"P\u00f3s-Gradua\u00e7\u00e3o em Ci\u00eancias do Sistema Musculoesquel\u00e9tico\" \/>\n<meta property=\"article:modified_time\" content=\"2021-05-20T13:42:44+00:00\" \/>\n<meta property=\"og:image\" content=\"https:\/\/www.musculoesqueleticousp.com.br\/wp-content\/uploads\/2021\/04\/DSC02994-e1594773073355-300x139.jpg\" \/>\n<meta name=\"twitter:card\" content=\"summary_large_image\" \/>\n<meta name=\"twitter:label1\" content=\"Est. reading time\" \/>\n\t<meta name=\"twitter:data1\" content=\"3 minutes\" \/>\n<script type=\"application\/ld+json\" class=\"yoast-schema-graph\">{\"@context\":\"https:\/\/schema.org\",\"@graph\":[{\"@type\":\"WebPage\",\"@id\":\"https:\/\/www.musculoesqueleticousp.com.br\/sobre-nos\/infraestrutura\/laboratorios\/laboratorio-de-estudos-dos-movimentos-lem\/\",\"url\":\"https:\/\/www.musculoesqueleticousp.com.br\/sobre-nos\/infraestrutura\/laboratorios\/laboratorio-de-estudos-dos-movimentos-lem\/\",\"name\":\"MOVEMENT STUDIES LABORATORY (LEM) - P\u00f3s-Gradua\u00e7\u00e3o em Ci\u00eancias do Sistema Musculoesquel\u00e9tico\",\"isPartOf\":{\"@id\":\"https:\/\/www.musculoesqueleticousp.com.br\/en\/#website\"},\"primaryImageOfPage\":{\"@id\":\"https:\/\/www.musculoesqueleticousp.com.br\/sobre-nos\/infraestrutura\/laboratorios\/laboratorio-de-estudos-dos-movimentos-lem\/#primaryimage\"},\"image\":{\"@id\":\"https:\/\/www.musculoesqueleticousp.com.br\/sobre-nos\/infraestrutura\/laboratorios\/laboratorio-de-estudos-dos-movimentos-lem\/#primaryimage\"},\"thumbnailUrl\":\"https:\/\/www.musculoesqueleticousp.com.br\/wp-content\/uploads\/2021\/04\/DSC02994-e1594773073355-300x139.jpg\",\"datePublished\":\"2020-04-14T23:43:46+00:00\",\"dateModified\":\"2021-05-20T13:42:44+00:00\",\"breadcrumb\":{\"@id\":\"https:\/\/www.musculoesqueleticousp.com.br\/sobre-nos\/infraestrutura\/laboratorios\/laboratorio-de-estudos-dos-movimentos-lem\/#breadcrumb\"},\"inLanguage\":\"en-US\",\"potentialAction\":[{\"@type\":\"ReadAction\",\"target\":[\"https:\/\/www.musculoesqueleticousp.com.br\/sobre-nos\/infraestrutura\/laboratorios\/laboratorio-de-estudos-dos-movimentos-lem\/\"]}]},{\"@type\":\"ImageObject\",\"inLanguage\":\"en-US\",\"@id\":\"https:\/\/www.musculoesqueleticousp.com.br\/sobre-nos\/infraestrutura\/laboratorios\/laboratorio-de-estudos-dos-movimentos-lem\/#primaryimage\",\"url\":\"https:\/\/www.musculoesqueleticousp.com.br\/wp-content\/uploads\/2021\/04\/DSC02994-e1594773073355-300x139.jpg\",\"contentUrl\":\"https:\/\/www.musculoesqueleticousp.com.br\/wp-content\/uploads\/2021\/04\/DSC02994-e1594773073355-300x139.jpg\"},{\"@type\":\"BreadcrumbList\",\"@id\":\"https:\/\/www.musculoesqueleticousp.com.br\/sobre-nos\/infraestrutura\/laboratorios\/laboratorio-de-estudos-dos-movimentos-lem\/#breadcrumb\",\"itemListElement\":[{\"@type\":\"ListItem\",\"position\":1,\"name\":\"Home\",\"item\":\"https:\/\/www.musculoesqueleticousp.com.br\/en\/\"},{\"@type\":\"ListItem\",\"position\":2,\"name\":\"Sobre N\u00f3s\",\"item\":\"https:\/\/www.musculoesqueleticousp.com.br\/sobre-nos\/\"},{\"@type\":\"ListItem\",\"position\":3,\"name\":\"Infraestrutura\",\"item\":\"https:\/\/www.musculoesqueleticousp.com.br\/sobre-nos\/infraestrutura\/\"},{\"@type\":\"ListItem\",\"position\":4,\"name\":\"Laborat\u00f3rios\",\"item\":\"https:\/\/www.musculoesqueleticousp.com.br\/sobre-nos\/infraestrutura\/laboratorios\/\"},{\"@type\":\"ListItem\",\"position\":5,\"name\":\"LABORAT\u00d3RIO DE ESTUDOS DOS MOVIMENTOS (LEM)\"}]},{\"@type\":\"WebSite\",\"@id\":\"https:\/\/www.musculoesqueleticousp.com.br\/en\/#website\",\"url\":\"https:\/\/www.musculoesqueleticousp.com.br\/en\/\",\"name\":\"P\u00f3s-Gradua\u00e7\u00e3o em Ci\u00eancias do Sistema Musculoesquel\u00e9tico\",\"description\":\"Website do P\u00f3s-Gradua\u00e7\u00e3o em Ci\u00eancias do Sistema Musculoesquel\u00e9tico\",\"publisher\":{\"@id\":\"https:\/\/www.musculoesqueleticousp.com.br\/en\/#organization\"},\"potentialAction\":[{\"@type\":\"SearchAction\",\"target\":{\"@type\":\"EntryPoint\",\"urlTemplate\":\"https:\/\/www.musculoesqueleticousp.com.br\/en\/?s={search_term_string}\"},\"query-input\":{\"@type\":\"PropertyValueSpecification\",\"valueRequired\":true,\"valueName\":\"search_term_string\"}}],\"inLanguage\":\"en-US\"},{\"@type\":\"Organization\",\"@id\":\"https:\/\/www.musculoesqueleticousp.com.br\/en\/#organization\",\"name\":\"P\u00f3s-Gradua\u00e7\u00e3o em Ci\u00eancias do Sistema Musculoesquel\u00e9tico\",\"url\":\"https:\/\/www.musculoesqueleticousp.com.br\/en\/\",\"logo\":{\"@type\":\"ImageObject\",\"inLanguage\":\"en-US\",\"@id\":\"https:\/\/www.musculoesqueleticousp.com.br\/en\/#\/schema\/logo\/image\/\",\"url\":\"https:\/\/www.musculoesqueleticousp.com.br\/wp-content\/uploads\/2020\/04\/logo_pg_cme_v3_h120.png\",\"contentUrl\":\"https:\/\/www.musculoesqueleticousp.com.br\/wp-content\/uploads\/2020\/04\/logo_pg_cme_v3_h120.png\",\"width\":481,\"height\":120,\"caption\":\"P\u00f3s-Gradua\u00e7\u00e3o em Ci\u00eancias do Sistema Musculoesquel\u00e9tico\"},\"image\":{\"@id\":\"https:\/\/www.musculoesqueleticousp.com.br\/en\/#\/schema\/logo\/image\/\"}}]}<\/script>\n<!-- \/ Yoast SEO plugin. -->","yoast_head_json":{"title":"MOVEMENT STUDIES LABORATORY (LEM) - P\u00f3s-Gradua\u00e7\u00e3o em Ci\u00eancias do Sistema Musculoesquel\u00e9tico","robots":{"index":"index","follow":"follow","max-snippet":"max-snippet:-1","max-image-preview":"max-image-preview:large","max-video-preview":"max-video-preview:-1"},"canonical":"https:\/\/www.musculoesqueleticousp.com.br\/sobre-nos\/infraestrutura\/laboratorios\/laboratorio-de-estudos-dos-movimentos-lem\/","og_locale":"en_US","og_type":"article","og_title":"MOVEMENT STUDIES LABORATORY (LEM) - P\u00f3s-Gradua\u00e7\u00e3o em Ci\u00eancias do Sistema Musculoesquel\u00e9tico","og_description":"LEM is a center of excellence in research in the area of functional assessment. In 2010, together with the Sports Medicine Group, it was certified by [&hellip;]","og_url":"https:\/\/www.musculoesqueleticousp.com.br\/sobre-nos\/infraestrutura\/laboratorios\/laboratorio-de-estudos-dos-movimentos-lem\/","og_site_name":"P\u00f3s-Gradua\u00e7\u00e3o em Ci\u00eancias do Sistema Musculoesquel\u00e9tico","article_modified_time":"2021-05-20T13:42:44+00:00","og_image":[{"url":"https:\/\/www.musculoesqueleticousp.com.br\/wp-content\/uploads\/2021\/04\/DSC02994-e1594773073355-300x139.jpg","type":"","width":"","height":""}],"twitter_card":"summary_large_image","twitter_misc":{"Est. reading time":"3 minutes"},"schema":{"@context":"https:\/\/schema.org","@graph":[{"@type":"WebPage","@id":"https:\/\/www.musculoesqueleticousp.com.br\/sobre-nos\/infraestrutura\/laboratorios\/laboratorio-de-estudos-dos-movimentos-lem\/","url":"https:\/\/www.musculoesqueleticousp.com.br\/sobre-nos\/infraestrutura\/laboratorios\/laboratorio-de-estudos-dos-movimentos-lem\/","name":"MOVEMENT STUDIES LABORATORY (LEM) - P\u00f3s-Gradua\u00e7\u00e3o em Ci\u00eancias do Sistema Musculoesquel\u00e9tico","isPartOf":{"@id":"https:\/\/www.musculoesqueleticousp.com.br\/en\/#website"},"primaryImageOfPage":{"@id":"https:\/\/www.musculoesqueleticousp.com.br\/sobre-nos\/infraestrutura\/laboratorios\/laboratorio-de-estudos-dos-movimentos-lem\/#primaryimage"},"image":{"@id":"https:\/\/www.musculoesqueleticousp.com.br\/sobre-nos\/infraestrutura\/laboratorios\/laboratorio-de-estudos-dos-movimentos-lem\/#primaryimage"},"thumbnailUrl":"https:\/\/www.musculoesqueleticousp.com.br\/wp-content\/uploads\/2021\/04\/DSC02994-e1594773073355-300x139.jpg","datePublished":"2020-04-14T23:43:46+00:00","dateModified":"2021-05-20T13:42:44+00:00","breadcrumb":{"@id":"https:\/\/www.musculoesqueleticousp.com.br\/sobre-nos\/infraestrutura\/laboratorios\/laboratorio-de-estudos-dos-movimentos-lem\/#breadcrumb"},"inLanguage":"en-US","potentialAction":[{"@type":"ReadAction","target":["https:\/\/www.musculoesqueleticousp.com.br\/sobre-nos\/infraestrutura\/laboratorios\/laboratorio-de-estudos-dos-movimentos-lem\/"]}]},{"@type":"ImageObject","inLanguage":"en-US","@id":"https:\/\/www.musculoesqueleticousp.com.br\/sobre-nos\/infraestrutura\/laboratorios\/laboratorio-de-estudos-dos-movimentos-lem\/#primaryimage","url":"https:\/\/www.musculoesqueleticousp.com.br\/wp-content\/uploads\/2021\/04\/DSC02994-e1594773073355-300x139.jpg","contentUrl":"https:\/\/www.musculoesqueleticousp.com.br\/wp-content\/uploads\/2021\/04\/DSC02994-e1594773073355-300x139.jpg"},{"@type":"BreadcrumbList","@id":"https:\/\/www.musculoesqueleticousp.com.br\/sobre-nos\/infraestrutura\/laboratorios\/laboratorio-de-estudos-dos-movimentos-lem\/#breadcrumb","itemListElement":[{"@type":"ListItem","position":1,"name":"Home","item":"https:\/\/www.musculoesqueleticousp.com.br\/en\/"},{"@type":"ListItem","position":2,"name":"Sobre N\u00f3s","item":"https:\/\/www.musculoesqueleticousp.com.br\/sobre-nos\/"},{"@type":"ListItem","position":3,"name":"Infraestrutura","item":"https:\/\/www.musculoesqueleticousp.com.br\/sobre-nos\/infraestrutura\/"},{"@type":"ListItem","position":4,"name":"Laborat\u00f3rios","item":"https:\/\/www.musculoesqueleticousp.com.br\/sobre-nos\/infraestrutura\/laboratorios\/"},{"@type":"ListItem","position":5,"name":"LABORAT\u00d3RIO DE ESTUDOS DOS MOVIMENTOS (LEM)"}]},{"@type":"WebSite","@id":"https:\/\/www.musculoesqueleticousp.com.br\/en\/#website","url":"https:\/\/www.musculoesqueleticousp.com.br\/en\/","name":"P\u00f3s-Gradua\u00e7\u00e3o em Ci\u00eancias do Sistema Musculoesquel\u00e9tico","description":"Website do P\u00f3s-Gradua\u00e7\u00e3o em Ci\u00eancias do Sistema Musculoesquel\u00e9tico","publisher":{"@id":"https:\/\/www.musculoesqueleticousp.com.br\/en\/#organization"},"potentialAction":[{"@type":"SearchAction","target":{"@type":"EntryPoint","urlTemplate":"https:\/\/www.musculoesqueleticousp.com.br\/en\/?s={search_term_string}"},"query-input":{"@type":"PropertyValueSpecification","valueRequired":true,"valueName":"search_term_string"}}],"inLanguage":"en-US"},{"@type":"Organization","@id":"https:\/\/www.musculoesqueleticousp.com.br\/en\/#organization","name":"P\u00f3s-Gradua\u00e7\u00e3o em Ci\u00eancias do Sistema Musculoesquel\u00e9tico","url":"https:\/\/www.musculoesqueleticousp.com.br\/en\/","logo":{"@type":"ImageObject","inLanguage":"en-US","@id":"https:\/\/www.musculoesqueleticousp.com.br\/en\/#\/schema\/logo\/image\/","url":"https:\/\/www.musculoesqueleticousp.com.br\/wp-content\/uploads\/2020\/04\/logo_pg_cme_v3_h120.png","contentUrl":"https:\/\/www.musculoesqueleticousp.com.br\/wp-content\/uploads\/2020\/04\/logo_pg_cme_v3_h120.png","width":481,"height":120,"caption":"P\u00f3s-Gradua\u00e7\u00e3o em Ci\u00eancias do Sistema Musculoesquel\u00e9tico"},"image":{"@id":"https:\/\/www.musculoesqueleticousp.com.br\/en\/#\/schema\/logo\/image\/"}}]}},"_links":{"self":[{"href":"https:\/\/www.musculoesqueleticousp.com.br\/en\/wp-json\/wp\/v2\/pages\/483","targetHints":{"allow":["GET"]}}],"collection":[{"href":"https:\/\/www.musculoesqueleticousp.com.br\/en\/wp-json\/wp\/v2\/pages"}],"about":[{"href":"https:\/\/www.musculoesqueleticousp.com.br\/en\/wp-json\/wp\/v2\/types\/page"}],"author":[{"embeddable":true,"href":"https:\/\/www.musculoesqueleticousp.com.br\/en\/wp-json\/wp\/v2\/users\/1"}],"replies":[{"embeddable":true,"href":"https:\/\/www.musculoesqueleticousp.com.br\/en\/wp-json\/wp\/v2\/comments?post=483"}],"version-history":[{"count":5,"href":"https:\/\/www.musculoesqueleticousp.com.br\/en\/wp-json\/wp\/v2\/pages\/483\/revisions"}],"predecessor-version":[{"id":1703,"href":"https:\/\/www.musculoesqueleticousp.com.br\/en\/wp-json\/wp\/v2\/pages\/483\/revisions\/1703"}],"up":[{"embeddable":true,"href":"https:\/\/www.musculoesqueleticousp.com.br\/en\/wp-json\/wp\/v2\/pages\/466"}],"wp:attachment":[{"href":"https:\/\/www.musculoesqueleticousp.com.br\/en\/wp-json\/wp\/v2\/media?parent=483"}],"curies":[{"name":"wp","href":"https:\/\/api.w.org\/{rel}","templated":true}]}}