{"id":3252,"date":"2025-04-15T14:44:35","date_gmt":"2025-04-15T17:44:35","guid":{"rendered":"https:\/\/www.musculoesqueleticousp.com.br\/?page_id=3252"},"modified":"2025-04-15T14:51:33","modified_gmt":"2025-04-15T17:51:33","slug":"luis-eduardo-passarelli-tirico","status":"publish","type":"page","link":"https:\/\/www.musculoesqueleticousp.com.br\/en\/pesquisas\/orientadores\/luis-eduardo-passarelli-tirico\/","title":{"rendered":"Luis Eduardo Passarelli Tirico"},"content":{"rendered":"<p><img loading=\"lazy\" decoding=\"async\" class=\"wp-image-3253 alignleft\" src=\"https:\/\/www.musculoesqueleticousp.com.br\/wp-content\/uploads\/2025\/04\/Foto-Pessoal-2017-2-300x300.jpg\" alt=\"\" width=\"193\" height=\"193\" srcset=\"https:\/\/www.musculoesqueleticousp.com.br\/wp-content\/uploads\/2025\/04\/Foto-Pessoal-2017-2-300x300.jpg 300w, https:\/\/www.musculoesqueleticousp.com.br\/wp-content\/uploads\/2025\/04\/Foto-Pessoal-2017-2-1024x1024.jpg 1024w, https:\/\/www.musculoesqueleticousp.com.br\/wp-content\/uploads\/2025\/04\/Foto-Pessoal-2017-2-150x150.jpg 150w, https:\/\/www.musculoesqueleticousp.com.br\/wp-content\/uploads\/2025\/04\/Foto-Pessoal-2017-2-768x768.jpg 768w, https:\/\/www.musculoesqueleticousp.com.br\/wp-content\/uploads\/2025\/04\/Foto-Pessoal-2017-2-1536x1536.jpg 1536w, https:\/\/www.musculoesqueleticousp.com.br\/wp-content\/uploads\/2025\/04\/Foto-Pessoal-2017-2-146x146.jpg 146w, https:\/\/www.musculoesqueleticousp.com.br\/wp-content\/uploads\/2025\/04\/Foto-Pessoal-2017-2-50x50.jpg 50w, https:\/\/www.musculoesqueleticousp.com.br\/wp-content\/uploads\/2025\/04\/Foto-Pessoal-2017-2-80x80.jpg 80w, https:\/\/www.musculoesqueleticousp.com.br\/wp-content\/uploads\/2025\/04\/Foto-Pessoal-2017-2-75x75.jpg 75w, https:\/\/www.musculoesqueleticousp.com.br\/wp-content\/uploads\/2025\/04\/Foto-Pessoal-2017-2-85x85.jpg 85w, https:\/\/www.musculoesqueleticousp.com.br\/wp-content\/uploads\/2025\/04\/Foto-Pessoal-2017-2.jpg 1805w\" sizes=\"auto, (max-width: 193px) 100vw, 193px\" \/><\/p>\n<p style=\"text-align: left;\"><b>Title:<\/b><span style=\"font-weight: 400;\"> Doctor<\/span><br \/>\n<strong>E-mail: <a href=\"mailto:luis.tirico@hc.fm.usp.br\"><span style=\"font-weight: 400;\">luis.tirico@hc.fm.usp.br<\/span><\/a><\/strong><br \/>\n<strong>Lattes: <\/strong><a href=\"http:\/\/lattes.cnpq.br\/6311405220163743\">http:\/\/lattes.cnpq.br\/6311405220163743<\/a><br \/>\n<strong>Orcid<\/strong>: <span style=\"font-weight: 400;\">\u00a0ID\u00a0\u00a00000-0002-6357-0284 &#8211;\u00a0\u00a0<\/span><span style=\"font-weight: 400;\">h<a href=\"https:\/\/orcid.org\/0000-0002-6357-0284\">ttps:\/\/orcid.org\/<\/a><\/span><a href=\"https:\/\/orcid.org\/0000-0002-6357-0284\"><span style=\"font-weight: 400;\">0000-0002-6357-0284<\/span><\/a><br \/>\n<strong>Scopus<\/strong>: <span style=\"font-weight: 400;\">ID\u00a016417919600\u00a0&#8211;\u00a0<\/span><a href=\"https:\/\/www.scopus.com\/authid\/detail.uri?authorId=16417919600\"><span style=\"font-weight: 400;\">https:\/\/www.scopus.com\/authid\/detail.uri?authorId=16417919600<\/span><\/a><br \/>\n<strong>Google Scholar<\/strong>: <span style=\"font-weight: 400;\">ID\u00a0<\/span><span style=\"font-weight: 400;\">lgd-NcAAAAJ&amp;hl=pt-BR<\/span><span style=\"font-weight: 400;\">\u00a0&#8211;\u00a0\u00a0<\/span><a href=\"https:\/\/scholar.google.com\/citations?user=_lgd-NcAAAAJ&amp;hl=pt-BR\"><span style=\"font-weight: 400;\">https:\/\/scholar.google.com\/citations?user=_lgd-NcAAAAJ&amp;hl=pt-BR<\/span><\/a><br \/>\n<strong>Research ID<\/strong>: <span style=\"font-weight: 400;\">EBG-9063-2022\u00a0&#8211;\u00a0<\/span><a href=\"https:\/\/www-webofscience-com.ez67.periodicos.capes.gov.br\/wos\/author\/record\/16749466\"><span style=\"font-weight: 400;\">https:\/\/www-webofscience-com.ez67.periodicos.capes.gov.br\/wos\/author\/record\/16749466<\/span><\/a><\/p>\n<p>&nbsp;<\/p>\n<h2><b>Research line:<\/b><\/h2>\n<p><span style=\"font-weight: 400;\">Degenerative, inflammatory and structural disorders of the locomotor system<\/span><\/p>\n<h2><b>Summary: <\/b><\/h2>\n<p><span style=\"font-weight: 400;\">Etiopathogenic, clinical, laboratorial, imageological evaluation of degenerative, inflammatory, traumatic, neoplastic and infectious processes. Study of the structure of the locomotor system organs and tissues, including their functional and morphological properties.<\/span><\/p>\n<h2><b>Main Publications:<\/b><\/h2>\n<ol>\n<li><span style=\"font-weight: 400;\">T\u00edrico LEP, McCauley JC, Pulido PA, Demange MK, Bugbee WD. Is Patient\u00a0Satisfaction Associated With Clinical Outcomes After Osteochondral Allograft\u00a0Transplantation in the Knee? Am J Sports Med. 2019 Jan;47(1):82-87. doi:<\/span><span style=\"font-weight: 400;\"><br \/>\n<\/span><span style=\"font-weight: 400;\">10.1177\/0363546518812420.<\/span><\/li>\n<li><span style=\"font-weight: 400;\">T\u00edrico LEP, McCauley JC, Pulido PA, Bugbee WD. Osteochondral Allograft\u00a0Transplantation of the Femoral Condyle Utilizing a Thin Plug Graft Technique. Am\u00a0J Sports Med. 2019 Jun;47(7):1613-1620. doi: 10.1177\/0363546519844212.<\/span><\/li>\n<li><span style=\"font-weight: 400;\">T\u00edrico LEP, McCauley JC, Pulido PA, Bugbee WD. Does Anterior Cruciate\u00a0Ligament Reconstruction Affect the Outcome of Osteochondral Allograft\u00a0Transplantation? A Matched Cohort Study With a Mean Follow-up of 6 Years. Am J<\/span><span style=\"font-weight: 400;\"><br \/>\n<\/span><span style=\"font-weight: 400;\">Sports Med. 2018 Jul;46(8):1836-1843. doi: 10.1177\/0363546518767636.<\/span><\/li>\n<li><span style=\"font-weight: 400;\">Gaul F, T\u00edrico LEP, McCauley JC, Bugbee WD. Long-term Follow-up of revision\u00a0Osteochondral Allograft Transplantation of the Ankle. Foot Ankle Int. 2018 May;39(5):522-529. doi: 10.1177\/1071100717750578.<\/span><\/li>\n<li><span style=\"font-weight: 400;\">T\u00edrico LEP, McCauley JC, Pulido PA, Bugbee WD. Lesion Size Does Not Predict\u00a0Outcomes in Fresh Osteochondral Allograft Transplantation. Am J Sports Med. 2018 Mar;46(4):900-907. doi: 10.1177\/0363546517746106.<\/span><\/li>\n<\/ol>\n<p>&nbsp;<\/p>\n<h2><strong>PROJETOS ORIENTADOR\/ LINHA<\/strong><\/h2>\n<p><b>LINHA 3 &#8211;\u00a0DIST\u00daRBIOS DEGENERATIVOS E INFLAMAT\u00d3RIOS E ESTRUTURAIS DO SISTEMA LOCOMOTOR<\/b><b>\u00a0<\/b><\/p>\n<p><b>PROJETO LUIS TIRICO:\u00a0<\/b><span style=\"font-weight: 400;\">\u00a0ESTUDO DO TRATAMENTO DAS LES\u00d5ES CONDRAIS E DEGENERATIVAS DA ARTICULA\u00c7\u00c3O DO JOELHO<\/span><\/p>","protected":false},"excerpt":{"rendered":"<p>Title: Doctor E-mail: luis.tirico@hc.fm.usp.br Lattes: http:\/\/lattes.cnpq.br\/6311405220163743 Orcid: \u00a0ID\u00a0\u00a00000-0002-6357-0284 &#8211;\u00a0\u00a0https:\/\/orcid.org\/0000-0002-6357-0284 Scopus: ID\u00a016417919600\u00a0&#8211;\u00a0https:\/\/www.scopus.com\/authid\/detail.uri?authorId=16417919600 Google Scholar: ID\u00a0lgd-NcAAAAJ&amp;hl=pt-BR\u00a0&#8211;\u00a0\u00a0https:\/\/scholar.google.com\/citations?user=_lgd-NcAAAAJ&amp;hl=pt-BR Research ID: EBG-9063-2022\u00a0&#8211;\u00a0https:\/\/www-webofscience-com.ez67.periodicos.capes.gov.br\/wos\/author\/record\/16749466 &nbsp; Research line: Degenerative, inflammatory and structural disorders of [&hellip;]<\/p>\n","protected":false},"author":3,"featured_media":0,"parent":25,"menu_order":0,"comment_status":"closed","ping_status":"closed","template":"","meta":{"footnotes":""},"class_list":["post-3252","page","type-page","status-publish","hentry"],"yoast_head":"<!-- This site is optimized with the Yoast SEO plugin v25.5 - https:\/\/yoast.com\/wordpress\/plugins\/seo\/ -->\n<title>Luis Eduardo Passarelli Tirico - P\u00f3s-Gradua\u00e7\u00e3o em Ci\u00eancias do Sistema Musculoesquel\u00e9tico<\/title>\n<meta name=\"robots\" content=\"index, follow, max-snippet:-1, max-image-preview:large, max-video-preview:-1\" \/>\n<link rel=\"canonical\" href=\"https:\/\/www.musculoesqueleticousp.com.br\/pesquisas\/orientadores\/luis-eduardo-passarelli-tirico\/\" \/>\n<meta property=\"og:locale\" content=\"en_US\" \/>\n<meta property=\"og:type\" content=\"article\" \/>\n<meta property=\"og:title\" content=\"Luis Eduardo Passarelli Tirico - P\u00f3s-Gradua\u00e7\u00e3o em Ci\u00eancias do Sistema Musculoesquel\u00e9tico\" \/>\n<meta property=\"og:description\" content=\"Title: Doctor E-mail: luis.tirico@hc.fm.usp.br Lattes: http:\/\/lattes.cnpq.br\/6311405220163743 Orcid: \u00a0ID\u00a0\u00a00000-0002-6357-0284 &#8211;\u00a0\u00a0https:\/\/orcid.org\/0000-0002-6357-0284 Scopus: ID\u00a016417919600\u00a0&#8211;\u00a0https:\/\/www.scopus.com\/authid\/detail.uri?authorId=16417919600 Google Scholar: ID\u00a0lgd-NcAAAAJ&amp;hl=pt-BR\u00a0&#8211;\u00a0\u00a0https:\/\/scholar.google.com\/citations?user=_lgd-NcAAAAJ&amp;hl=pt-BR Research ID: EBG-9063-2022\u00a0&#8211;\u00a0https:\/\/www-webofscience-com.ez67.periodicos.capes.gov.br\/wos\/author\/record\/16749466 &nbsp; Research line: Degenerative, inflammatory and structural disorders of [&hellip;]\" \/>\n<meta property=\"og:url\" content=\"https:\/\/www.musculoesqueleticousp.com.br\/pesquisas\/orientadores\/luis-eduardo-passarelli-tirico\/\" \/>\n<meta property=\"og:site_name\" content=\"P\u00f3s-Gradua\u00e7\u00e3o em Ci\u00eancias do Sistema Musculoesquel\u00e9tico\" \/>\n<meta property=\"article:modified_time\" content=\"2025-04-15T17:51:33+00:00\" \/>\n<meta property=\"og:image\" content=\"https:\/\/www.musculoesqueleticousp.com.br\/wp-content\/uploads\/2025\/04\/Foto-Pessoal-2017-2-300x300.jpg\" \/>\n<meta name=\"twitter:card\" content=\"summary_large_image\" \/>\n<meta name=\"twitter:label1\" content=\"Est. reading time\" \/>\n\t<meta name=\"twitter:data1\" content=\"5 minutes\" \/>\n<script type=\"application\/ld+json\" class=\"yoast-schema-graph\">{\"@context\":\"https:\/\/schema.org\",\"@graph\":[{\"@type\":\"WebPage\",\"@id\":\"https:\/\/www.musculoesqueleticousp.com.br\/pesquisas\/orientadores\/luis-eduardo-passarelli-tirico\/\",\"url\":\"https:\/\/www.musculoesqueleticousp.com.br\/pesquisas\/orientadores\/luis-eduardo-passarelli-tirico\/\",\"name\":\"Luis Eduardo Passarelli Tirico - P\u00f3s-Gradua\u00e7\u00e3o em Ci\u00eancias do Sistema Musculoesquel\u00e9tico\",\"isPartOf\":{\"@id\":\"https:\/\/www.musculoesqueleticousp.com.br\/en\/#website\"},\"primaryImageOfPage\":{\"@id\":\"https:\/\/www.musculoesqueleticousp.com.br\/pesquisas\/orientadores\/luis-eduardo-passarelli-tirico\/#primaryimage\"},\"image\":{\"@id\":\"https:\/\/www.musculoesqueleticousp.com.br\/pesquisas\/orientadores\/luis-eduardo-passarelli-tirico\/#primaryimage\"},\"thumbnailUrl\":\"https:\/\/www.musculoesqueleticousp.com.br\/wp-content\/uploads\/2025\/04\/Foto-Pessoal-2017-2-300x300.jpg\",\"datePublished\":\"2025-04-15T17:44:35+00:00\",\"dateModified\":\"2025-04-15T17:51:33+00:00\",\"breadcrumb\":{\"@id\":\"https:\/\/www.musculoesqueleticousp.com.br\/pesquisas\/orientadores\/luis-eduardo-passarelli-tirico\/#breadcrumb\"},\"inLanguage\":\"en-US\",\"potentialAction\":[{\"@type\":\"ReadAction\",\"target\":[\"https:\/\/www.musculoesqueleticousp.com.br\/pesquisas\/orientadores\/luis-eduardo-passarelli-tirico\/\"]}]},{\"@type\":\"ImageObject\",\"inLanguage\":\"en-US\",\"@id\":\"https:\/\/www.musculoesqueleticousp.com.br\/pesquisas\/orientadores\/luis-eduardo-passarelli-tirico\/#primaryimage\",\"url\":\"https:\/\/www.musculoesqueleticousp.com.br\/wp-content\/uploads\/2025\/04\/Foto-Pessoal-2017-2-300x300.jpg\",\"contentUrl\":\"https:\/\/www.musculoesqueleticousp.com.br\/wp-content\/uploads\/2025\/04\/Foto-Pessoal-2017-2-300x300.jpg\"},{\"@type\":\"BreadcrumbList\",\"@id\":\"https:\/\/www.musculoesqueleticousp.com.br\/pesquisas\/orientadores\/luis-eduardo-passarelli-tirico\/#breadcrumb\",\"itemListElement\":[{\"@type\":\"ListItem\",\"position\":1,\"name\":\"Home\",\"item\":\"https:\/\/www.musculoesqueleticousp.com.br\/en\/\"},{\"@type\":\"ListItem\",\"position\":2,\"name\":\"Research\",\"item\":\"https:\/\/www.musculoesqueleticousp.com.br\/en\/pesquisas\/\"},{\"@type\":\"ListItem\",\"position\":3,\"name\":\"Orientadores\",\"item\":\"https:\/\/www.musculoesqueleticousp.com.br\/pesquisas\/orientadores\/\"},{\"@type\":\"ListItem\",\"position\":4,\"name\":\"Luis Eduardo Passarelli Tirico\"}]},{\"@type\":\"WebSite\",\"@id\":\"https:\/\/www.musculoesqueleticousp.com.br\/en\/#website\",\"url\":\"https:\/\/www.musculoesqueleticousp.com.br\/en\/\",\"name\":\"P\u00f3s-Gradua\u00e7\u00e3o em Ci\u00eancias do Sistema Musculoesquel\u00e9tico\",\"description\":\"Website do P\u00f3s-Gradua\u00e7\u00e3o em Ci\u00eancias do Sistema Musculoesquel\u00e9tico\",\"publisher\":{\"@id\":\"https:\/\/www.musculoesqueleticousp.com.br\/en\/#organization\"},\"potentialAction\":[{\"@type\":\"SearchAction\",\"target\":{\"@type\":\"EntryPoint\",\"urlTemplate\":\"https:\/\/www.musculoesqueleticousp.com.br\/en\/?s={search_term_string}\"},\"query-input\":{\"@type\":\"PropertyValueSpecification\",\"valueRequired\":true,\"valueName\":\"search_term_string\"}}],\"inLanguage\":\"en-US\"},{\"@type\":\"Organization\",\"@id\":\"https:\/\/www.musculoesqueleticousp.com.br\/en\/#organization\",\"name\":\"P\u00f3s-Gradua\u00e7\u00e3o em Ci\u00eancias do Sistema Musculoesquel\u00e9tico\",\"url\":\"https:\/\/www.musculoesqueleticousp.com.br\/en\/\",\"logo\":{\"@type\":\"ImageObject\",\"inLanguage\":\"en-US\",\"@id\":\"https:\/\/www.musculoesqueleticousp.com.br\/en\/#\/schema\/logo\/image\/\",\"url\":\"https:\/\/www.musculoesqueleticousp.com.br\/wp-content\/uploads\/2020\/04\/logo_pg_cme_v3_h120.png\",\"contentUrl\":\"https:\/\/www.musculoesqueleticousp.com.br\/wp-content\/uploads\/2020\/04\/logo_pg_cme_v3_h120.png\",\"width\":481,\"height\":120,\"caption\":\"P\u00f3s-Gradua\u00e7\u00e3o em Ci\u00eancias do Sistema Musculoesquel\u00e9tico\"},\"image\":{\"@id\":\"https:\/\/www.musculoesqueleticousp.com.br\/en\/#\/schema\/logo\/image\/\"}}]}<\/script>\n<!-- \/ Yoast SEO plugin. -->","yoast_head_json":{"title":"Luis Eduardo Passarelli Tirico - P\u00f3s-Gradua\u00e7\u00e3o em Ci\u00eancias do Sistema Musculoesquel\u00e9tico","robots":{"index":"index","follow":"follow","max-snippet":"max-snippet:-1","max-image-preview":"max-image-preview:large","max-video-preview":"max-video-preview:-1"},"canonical":"https:\/\/www.musculoesqueleticousp.com.br\/pesquisas\/orientadores\/luis-eduardo-passarelli-tirico\/","og_locale":"en_US","og_type":"article","og_title":"Luis Eduardo Passarelli Tirico - P\u00f3s-Gradua\u00e7\u00e3o em Ci\u00eancias do Sistema Musculoesquel\u00e9tico","og_description":"Title: Doctor E-mail: luis.tirico@hc.fm.usp.br Lattes: http:\/\/lattes.cnpq.br\/6311405220163743 Orcid: \u00a0ID\u00a0\u00a00000-0002-6357-0284 &#8211;\u00a0\u00a0https:\/\/orcid.org\/0000-0002-6357-0284 Scopus: ID\u00a016417919600\u00a0&#8211;\u00a0https:\/\/www.scopus.com\/authid\/detail.uri?authorId=16417919600 Google Scholar: ID\u00a0lgd-NcAAAAJ&amp;hl=pt-BR\u00a0&#8211;\u00a0\u00a0https:\/\/scholar.google.com\/citations?user=_lgd-NcAAAAJ&amp;hl=pt-BR Research ID: EBG-9063-2022\u00a0&#8211;\u00a0https:\/\/www-webofscience-com.ez67.periodicos.capes.gov.br\/wos\/author\/record\/16749466 &nbsp; Research line: Degenerative, inflammatory and structural disorders of [&hellip;]","og_url":"https:\/\/www.musculoesqueleticousp.com.br\/pesquisas\/orientadores\/luis-eduardo-passarelli-tirico\/","og_site_name":"P\u00f3s-Gradua\u00e7\u00e3o em Ci\u00eancias do Sistema Musculoesquel\u00e9tico","article_modified_time":"2025-04-15T17:51:33+00:00","og_image":[{"url":"https:\/\/www.musculoesqueleticousp.com.br\/wp-content\/uploads\/2025\/04\/Foto-Pessoal-2017-2-300x300.jpg","type":"","width":"","height":""}],"twitter_card":"summary_large_image","twitter_misc":{"Est. reading time":"5 minutes"},"schema":{"@context":"https:\/\/schema.org","@graph":[{"@type":"WebPage","@id":"https:\/\/www.musculoesqueleticousp.com.br\/pesquisas\/orientadores\/luis-eduardo-passarelli-tirico\/","url":"https:\/\/www.musculoesqueleticousp.com.br\/pesquisas\/orientadores\/luis-eduardo-passarelli-tirico\/","name":"Luis Eduardo Passarelli Tirico - P\u00f3s-Gradua\u00e7\u00e3o em Ci\u00eancias do Sistema Musculoesquel\u00e9tico","isPartOf":{"@id":"https:\/\/www.musculoesqueleticousp.com.br\/en\/#website"},"primaryImageOfPage":{"@id":"https:\/\/www.musculoesqueleticousp.com.br\/pesquisas\/orientadores\/luis-eduardo-passarelli-tirico\/#primaryimage"},"image":{"@id":"https:\/\/www.musculoesqueleticousp.com.br\/pesquisas\/orientadores\/luis-eduardo-passarelli-tirico\/#primaryimage"},"thumbnailUrl":"https:\/\/www.musculoesqueleticousp.com.br\/wp-content\/uploads\/2025\/04\/Foto-Pessoal-2017-2-300x300.jpg","datePublished":"2025-04-15T17:44:35+00:00","dateModified":"2025-04-15T17:51:33+00:00","breadcrumb":{"@id":"https:\/\/www.musculoesqueleticousp.com.br\/pesquisas\/orientadores\/luis-eduardo-passarelli-tirico\/#breadcrumb"},"inLanguage":"en-US","potentialAction":[{"@type":"ReadAction","target":["https:\/\/www.musculoesqueleticousp.com.br\/pesquisas\/orientadores\/luis-eduardo-passarelli-tirico\/"]}]},{"@type":"ImageObject","inLanguage":"en-US","@id":"https:\/\/www.musculoesqueleticousp.com.br\/pesquisas\/orientadores\/luis-eduardo-passarelli-tirico\/#primaryimage","url":"https:\/\/www.musculoesqueleticousp.com.br\/wp-content\/uploads\/2025\/04\/Foto-Pessoal-2017-2-300x300.jpg","contentUrl":"https:\/\/www.musculoesqueleticousp.com.br\/wp-content\/uploads\/2025\/04\/Foto-Pessoal-2017-2-300x300.jpg"},{"@type":"BreadcrumbList","@id":"https:\/\/www.musculoesqueleticousp.com.br\/pesquisas\/orientadores\/luis-eduardo-passarelli-tirico\/#breadcrumb","itemListElement":[{"@type":"ListItem","position":1,"name":"Home","item":"https:\/\/www.musculoesqueleticousp.com.br\/en\/"},{"@type":"ListItem","position":2,"name":"Research","item":"https:\/\/www.musculoesqueleticousp.com.br\/en\/pesquisas\/"},{"@type":"ListItem","position":3,"name":"Orientadores","item":"https:\/\/www.musculoesqueleticousp.com.br\/pesquisas\/orientadores\/"},{"@type":"ListItem","position":4,"name":"Luis Eduardo Passarelli Tirico"}]},{"@type":"WebSite","@id":"https:\/\/www.musculoesqueleticousp.com.br\/en\/#website","url":"https:\/\/www.musculoesqueleticousp.com.br\/en\/","name":"P\u00f3s-Gradua\u00e7\u00e3o em Ci\u00eancias do Sistema Musculoesquel\u00e9tico","description":"Website do P\u00f3s-Gradua\u00e7\u00e3o em Ci\u00eancias do Sistema Musculoesquel\u00e9tico","publisher":{"@id":"https:\/\/www.musculoesqueleticousp.com.br\/en\/#organization"},"potentialAction":[{"@type":"SearchAction","target":{"@type":"EntryPoint","urlTemplate":"https:\/\/www.musculoesqueleticousp.com.br\/en\/?s={search_term_string}"},"query-input":{"@type":"PropertyValueSpecification","valueRequired":true,"valueName":"search_term_string"}}],"inLanguage":"en-US"},{"@type":"Organization","@id":"https:\/\/www.musculoesqueleticousp.com.br\/en\/#organization","name":"P\u00f3s-Gradua\u00e7\u00e3o em Ci\u00eancias do Sistema Musculoesquel\u00e9tico","url":"https:\/\/www.musculoesqueleticousp.com.br\/en\/","logo":{"@type":"ImageObject","inLanguage":"en-US","@id":"https:\/\/www.musculoesqueleticousp.com.br\/en\/#\/schema\/logo\/image\/","url":"https:\/\/www.musculoesqueleticousp.com.br\/wp-content\/uploads\/2020\/04\/logo_pg_cme_v3_h120.png","contentUrl":"https:\/\/www.musculoesqueleticousp.com.br\/wp-content\/uploads\/2020\/04\/logo_pg_cme_v3_h120.png","width":481,"height":120,"caption":"P\u00f3s-Gradua\u00e7\u00e3o em Ci\u00eancias do Sistema Musculoesquel\u00e9tico"},"image":{"@id":"https:\/\/www.musculoesqueleticousp.com.br\/en\/#\/schema\/logo\/image\/"}}]}},"_links":{"self":[{"href":"https:\/\/www.musculoesqueleticousp.com.br\/en\/wp-json\/wp\/v2\/pages\/3252","targetHints":{"allow":["GET"]}}],"collection":[{"href":"https:\/\/www.musculoesqueleticousp.com.br\/en\/wp-json\/wp\/v2\/pages"}],"about":[{"href":"https:\/\/www.musculoesqueleticousp.com.br\/en\/wp-json\/wp\/v2\/types\/page"}],"author":[{"embeddable":true,"href":"https:\/\/www.musculoesqueleticousp.com.br\/en\/wp-json\/wp\/v2\/users\/3"}],"replies":[{"embeddable":true,"href":"https:\/\/www.musculoesqueleticousp.com.br\/en\/wp-json\/wp\/v2\/comments?post=3252"}],"version-history":[{"count":5,"href":"https:\/\/www.musculoesqueleticousp.com.br\/en\/wp-json\/wp\/v2\/pages\/3252\/revisions"}],"predecessor-version":[{"id":3258,"href":"https:\/\/www.musculoesqueleticousp.com.br\/en\/wp-json\/wp\/v2\/pages\/3252\/revisions\/3258"}],"up":[{"embeddable":true,"href":"https:\/\/www.musculoesqueleticousp.com.br\/en\/wp-json\/wp\/v2\/pages\/25"}],"wp:attachment":[{"href":"https:\/\/www.musculoesqueleticousp.com.br\/en\/wp-json\/wp\/v2\/media?parent=3252"}],"curies":[{"name":"wp","href":"https:\/\/api.w.org\/{rel}","templated":true}]}}