{"id":30,"date":"2020-03-25T15:17:34","date_gmt":"2020-03-25T18:17:34","guid":{"rendered":"http:\/\/www.musculoesqueleticousp.com.br\/normas-e-formularios\/inscricoes\/"},"modified":"2026-01-23T09:59:54","modified_gmt":"2026-01-23T12:59:54","slug":"inscricoes","status":"publish","type":"page","link":"https:\/\/www.musculoesqueleticousp.com.br\/en\/procedimentos\/inscricoes\/","title":{"rendered":"Applications"},"content":{"rendered":"<h3 style=\"text-align: center;\"><strong>PROGRAMA DE P\u00d3S-GRADUA\u00c7\u00c3O<br \/>\n<\/strong><strong> CI\u00caNCIAS DO SISTEMA MUSCULOESQUEL\u00c9TICO<\/strong><\/h3>\n<h4 style=\"text-align: center;\">EDITAL<\/h4>\n<p>A Comiss\u00e3o Coordenadora do Programa de P\u00f3s-Gradua\u00e7\u00e3o em Ci\u00eancias do Sistema Musculoesquel\u00e9tico, da Faculdade de Medicina da Universidade de S\u00e3o Paulo faz saber que abrir\u00e1 inscri\u00e7\u00f5es para sele\u00e7\u00e3o de candidatos a 55 (cinquenta e cinco) vagas para (Mestrado\/Doutorado), conforme abaixo discriminado:<\/p>\n<ol>\n<li><strong> INSCRI\u00c7\u00c3O<\/strong><\/li>\n<\/ol>\n<p>As inscri\u00e7\u00f5es dever\u00e3o ser realizadas no per\u00edodo de <strong>19\/01\/2026 a 20\/11\/2026.<\/strong><\/p>\n<ol>\n<li><strong> CONDI\u00c7\u00d5ES PARA EFETIVA\u00c7\u00c3O DA INSCRI\u00c7\u00c3O<\/strong><\/li>\n<\/ol>\n<p><strong>Mestrado<\/strong><\/p>\n<ol>\n<li>Preenchimento da Ficha de Inscri\u00e7\u00e3o atrav\u00e9s do link: <a href=\"https:\/\/digital.fm.usp.br\/alunoregular\">https:\/\/digital.fm.usp.br\/alunoregular<\/a>;<\/li>\n<li>C\u00f3pia leg\u00edvel do Registro Geral (carteira de identidade); para estrangeiros: c\u00f3pia leg\u00edvel do Registro Nacional de Estrangeiros (RNE); n\u00e3o ser\u00e1 aceita a CNH (Carteira Nacional de Habilita\u00e7\u00e3o);<\/li>\n<li>C\u00f3pia leg\u00edvel do Cadastro de Pessoa F\u00edsica (CPF);<\/li>\n<li>C\u00f3pia leg\u00edvel do Diploma Gradua\u00e7\u00e3o, com registro do MEC (frente e verso). Na falta do diploma, apresentar declara\u00e7\u00e3o da institui\u00e7\u00e3o de origem, com data recente, constando a data em que ocorreu a cola\u00e7\u00e3o de grau;<\/li>\n<li>Resultado de Profici\u00eancia em Ingl\u00eas (com validade de 5 anos);<\/li>\n<\/ol>\n<p>Os candidatos(as) dever\u00e3o demonstrar profici\u00eancia em ingl\u00eas na inscri\u00e7\u00e3o do processo seletivo.<\/p>\n<p>5.1 Poder\u00e3o ser aceitos os Exames de Profici\u00eancia, tais como Reading Test in English for candidates for Postgraduate Courses, realizado pela Cultura Inglesa, exclusivamente para a Faculdade de Medicina da USP. Pontua\u00e7\u00e3o m\u00ednima para curso de mestrado: 50 pontos; para curso de doutorado: 60 pontos.<\/p>\n<p>5.2 Toefl internet-based Test, com pontua\u00e7\u00e3o m\u00ednima de 40 pontos para o curso de mestrado e 61 pontos para o curso de Doutorado.<\/p>\n<p>5.3 Toefl Computer-based Test, com pontua\u00e7\u00e3o m\u00ednima de 120 pontos para o curso de mestrado e 173 pontos para o curso de Doutorado.<\/p>\n<p>5.4 Toefl Paper-based Test, com pontua\u00e7\u00e3o m\u00ednima de 433 pontos para o curso de mestrado e 500 pontos para o curso de Doutorado.<\/p>\n<p>5.5 N\u00e3o \u00e9 aceito o Toefl Institucional.<\/p>\n<p>5.6 IELTS, Cambridge e Michigan, sendo que o coeficiente de rendimento nestes exames deve ser de, pelo menos, 60% para o mestrado e 70% para o doutorado e doutorado direto.<\/p>\n<p>5.7 Alumni: www.alumni.org.br\/ com a seguinte pontua\u00e7\u00e3o: B1 (CEF) para mestrado e B1+(CEF) para doutorado.<\/p>\n<p>5.8 Tese Prime: www.teseprime.org\/apresentacao.php (TEAP) com a seguinte pontua\u00e7\u00e3o: aproveitamento de 60% para mestrado e 70% para doutorado.<\/p>\n<p>5.9 Aos(as) candidatos(as) estrangeiros(as), n\u00e3o ser\u00e1 exigida profici\u00eancia em l\u00edngua portuguesa.<\/p>\n<p>5.10 Aceitar como profici\u00eancia em l\u00edngua inglesa, a forma\u00e7\u00e3o acad\u00eamica do(a) candidato(a), n\u00e3o nativo, em n\u00edvel superior em Curso ministrado na l\u00edngua inglesa, mediante apresenta\u00e7\u00e3o de diploma de gradua\u00e7\u00e3o em Institui\u00e7\u00e3o de Ensino Superior no exterior.<\/p>\n<ol start=\"6\">\n<li>Comprovante do pagamento de taxa de inscri\u00e7\u00e3o no valor de R$ 268,94 (duzentos e sessenta e oito reais e noventa e quatro centavos);<\/li>\n<li>Comprovante da Aprova\u00e7\u00e3o do Projeto de Pesquisa pela Comiss\u00e3o Cient\u00edfica do Departamento de Ortopedia e Traumatologia ou da Comiss\u00e3o Cient\u00edfica da Disciplina de Reumatologia da FMUSP;<\/li>\n<li>Curr\u00edculo Lattes atualizado nos \u00faltimos 3 meses.<\/li>\n<li>C\u00f3pia leg\u00edvel de T\u00edtulo de Especialista pela Sociedade Brasileira de Ortopedia e Traumatologia (para m\u00e9dicos ortopedistas).<\/li>\n<\/ol>\n<p><strong>Doutorado<\/strong><\/p>\n<ol>\n<li>Al\u00e9m dos documentos acima, o programa exige:<\/li>\n<\/ol>\n<ul>\n<li>Comprovante da conclus\u00e3o do mestrado<\/li>\n<li>C\u00f3pia da Publica\u00e7\u00e3o do Mestrado em peri\u00f3dico indexado ou comprovante de aceita\u00e7\u00e3o. Submiss\u00e3o ao peri\u00f3dico poder\u00e1 ser aceita em casos excepcionais a crit\u00e9rio da comiss\u00e3o de sele\u00e7\u00e3o do Programa.<\/li>\n<li>Para Doutorado seguido de Mestrado fora da USP, utilizar formul\u00e1rio de Aceita\u00e7\u00e3o de T\u00edtulo de Mestre com seus anexos.<\/li>\n<\/ul>\n<p><strong>III. SELE\u00c7\u00c3O<\/strong><\/p>\n<ol>\n<li><strong>Cursos de Mestrado, Doutorado e Doutorado Direto<\/strong><\/li>\n<\/ol>\n<p>Ser\u00e1 realizada uma entrevista oral por comiss\u00e3o de orientadores indicada pelo Programa, na qual o candidato dever\u00e1:<\/p>\n<p>a.1) Justificar a inten\u00e7\u00e3o de se matricular no Programa de P\u00f3s-Gradua\u00e7\u00e3o; Peso 2<\/p>\n<p>a.2) Descrever o Projeto de Pesquisa com destaque \u00e0s inova\u00e7\u00f5es e\/ou aplica\u00e7\u00f5es pretendidas, em face da literatura atual. Peso 5<\/p>\n<p>a.3) Detalhar experi\u00eancias acad\u00eamicas, tais como: participa\u00e7\u00e3o em congressos, simp\u00f3sios, jornadas, col\u00f3quios, cursos, publica\u00e7\u00f5es, programas de Inicia\u00e7\u00e3o Cient\u00edfica ou est\u00e1gios em Pesquisa, teses de conclus\u00e3o de curso, etc. Peso 3<\/p>\n<p>Com base nos crit\u00e9rios \u201ca.1\u201d a \u201ca.3\u201d, e tendo-se em conta o curso pretendido (Mestrado, Doutorado ou Doutorado Direto), os orientadores avaliar\u00e3o qualitativamente se o candidato re\u00fane ou n\u00e3o condi\u00e7\u00f5es acad\u00eamico-cient\u00edficas para se matricular no Programa. Para efeitos de aprova\u00e7\u00e3o, prevalecer\u00e1 a decis\u00e3o da maioria e, em caso de empate, o voto de minerva ser\u00e1 dado pelo membro da comiss\u00e3o com mais tempo de credenciamento no Programa.<\/p>\n<ol>\n<li><strong> RESULTADOS<\/strong><\/li>\n<\/ol>\n<p>Os resultados do processo seletivo ser\u00e3o divulgados pela Secretaria do Programa.<\/p>\n<ol>\n<li><strong> MATR\u00cdCULA<\/strong><\/li>\n<\/ol>\n<ul>\n<li>A matr\u00edcula dos candidatos selecionados dever\u00e1 ser realizada pela Secretaria do Programa, mediante envio dos Formul\u00e1rios de Matr\u00edcula Inicial e Projeto de Pesquisa na Matr\u00edcula Inicial, devidamente preenchidos e assinados.<\/li>\n<li>O cumprimento do Artigo 50 do Regimento de P\u00f3s-Gradua\u00e7\u00e3o da USP \u00e9 obrigat\u00f3rio no ato da matr\u00edcula inicial.<\/li>\n<\/ul>\n<p>Informa\u00e7\u00f5es adicionais: Secretaria de P\u00f3s-gradua\u00e7\u00e3o CI\u00caNCIAS DO SISTEMA MUSCULOESQUEL\u00c9TICO. e-mail: sec.posgrad.iot@hc.fm.usp.br; fone: (11) 2661-6908.<strong>\u00a0\u00a0\u00a0\u00a0\u00a0\u00a0\u00a0\u00a0 <\/strong><\/p>\n<p><strong>\u00a0 <\/strong><\/p>\n<p style=\"text-align: center;\"><strong>Marco Kawamura Demange<br \/>\n<\/strong><strong>Coordenador do Programa<\/strong><\/p>\n","protected":false},"excerpt":{"rendered":"<p>PROGRAMA DE P\u00d3S-GRADUA\u00c7\u00c3O CI\u00caNCIAS DO SISTEMA MUSCULOESQUEL\u00c9TICO EDITAL A Comiss\u00e3o Coordenadora do Programa de P\u00f3s-Gradua\u00e7\u00e3o em Ci\u00eancias do Sistema Musculoesquel\u00e9tico, da Faculdade de Medicina da Universidade [&hellip;]<\/p>\n","protected":false},"author":1,"featured_media":0,"parent":17,"menu_order":17,"comment_status":"closed","ping_status":"closed","template":"","meta":{"footnotes":""},"class_list":["post-30","page","type-page","status-publish","hentry"],"yoast_head":"<!-- This site is optimized with the Yoast SEO plugin v25.5 - https:\/\/yoast.com\/wordpress\/plugins\/seo\/ -->\n<title>Applications - P\u00f3s-Gradua\u00e7\u00e3o em Ci\u00eancias do Sistema Musculoesquel\u00e9tico<\/title>\n<meta name=\"robots\" content=\"index, follow, max-snippet:-1, max-image-preview:large, max-video-preview:-1\" \/>\n<link rel=\"canonical\" href=\"https:\/\/www.musculoesqueleticousp.com.br\/procedimentos\/inscricoes\/\" \/>\n<meta property=\"og:locale\" content=\"en_US\" \/>\n<meta property=\"og:type\" content=\"article\" \/>\n<meta property=\"og:title\" content=\"Applications - P\u00f3s-Gradua\u00e7\u00e3o em Ci\u00eancias do Sistema Musculoesquel\u00e9tico\" \/>\n<meta property=\"og:description\" content=\"PROGRAMA DE P\u00d3S-GRADUA\u00c7\u00c3O CI\u00caNCIAS DO SISTEMA MUSCULOESQUEL\u00c9TICO EDITAL A Comiss\u00e3o Coordenadora do Programa de P\u00f3s-Gradua\u00e7\u00e3o em Ci\u00eancias do Sistema Musculoesquel\u00e9tico, da Faculdade de Medicina da Universidade [&hellip;]\" \/>\n<meta property=\"og:url\" content=\"https:\/\/www.musculoesqueleticousp.com.br\/procedimentos\/inscricoes\/\" \/>\n<meta property=\"og:site_name\" content=\"P\u00f3s-Gradua\u00e7\u00e3o em Ci\u00eancias do Sistema Musculoesquel\u00e9tico\" \/>\n<meta property=\"article:modified_time\" content=\"2026-01-23T12:59:54+00:00\" \/>\n<meta name=\"twitter:card\" content=\"summary_large_image\" \/>\n<meta name=\"twitter:label1\" content=\"Est. reading time\" \/>\n\t<meta name=\"twitter:data1\" content=\"5 minutes\" \/>\n<script type=\"application\/ld+json\" class=\"yoast-schema-graph\">{\"@context\":\"https:\/\/schema.org\",\"@graph\":[{\"@type\":\"WebPage\",\"@id\":\"https:\/\/www.musculoesqueleticousp.com.br\/procedimentos\/inscricoes\/\",\"url\":\"https:\/\/www.musculoesqueleticousp.com.br\/procedimentos\/inscricoes\/\",\"name\":\"Applications - P\u00f3s-Gradua\u00e7\u00e3o em Ci\u00eancias do Sistema Musculoesquel\u00e9tico\",\"isPartOf\":{\"@id\":\"https:\/\/www.musculoesqueleticousp.com.br\/en\/#website\"},\"datePublished\":\"2020-03-25T18:17:34+00:00\",\"dateModified\":\"2026-01-23T12:59:54+00:00\",\"breadcrumb\":{\"@id\":\"https:\/\/www.musculoesqueleticousp.com.br\/procedimentos\/inscricoes\/#breadcrumb\"},\"inLanguage\":\"en-US\",\"potentialAction\":[{\"@type\":\"ReadAction\",\"target\":[\"https:\/\/www.musculoesqueleticousp.com.br\/procedimentos\/inscricoes\/\"]}]},{\"@type\":\"BreadcrumbList\",\"@id\":\"https:\/\/www.musculoesqueleticousp.com.br\/procedimentos\/inscricoes\/#breadcrumb\",\"itemListElement\":[{\"@type\":\"ListItem\",\"position\":1,\"name\":\"Home\",\"item\":\"https:\/\/www.musculoesqueleticousp.com.br\/en\/\"},{\"@type\":\"ListItem\",\"position\":2,\"name\":\"Procedimentos\",\"item\":\"https:\/\/www.musculoesqueleticousp.com.br\/procedimentos\/\"},{\"@type\":\"ListItem\",\"position\":3,\"name\":\"Inscri\u00e7\u00f5es\"}]},{\"@type\":\"WebSite\",\"@id\":\"https:\/\/www.musculoesqueleticousp.com.br\/en\/#website\",\"url\":\"https:\/\/www.musculoesqueleticousp.com.br\/en\/\",\"name\":\"P\u00f3s-Gradua\u00e7\u00e3o em Ci\u00eancias do Sistema Musculoesquel\u00e9tico\",\"description\":\"Website do P\u00f3s-Gradua\u00e7\u00e3o em Ci\u00eancias do Sistema Musculoesquel\u00e9tico\",\"publisher\":{\"@id\":\"https:\/\/www.musculoesqueleticousp.com.br\/en\/#organization\"},\"potentialAction\":[{\"@type\":\"SearchAction\",\"target\":{\"@type\":\"EntryPoint\",\"urlTemplate\":\"https:\/\/www.musculoesqueleticousp.com.br\/en\/?s={search_term_string}\"},\"query-input\":{\"@type\":\"PropertyValueSpecification\",\"valueRequired\":true,\"valueName\":\"search_term_string\"}}],\"inLanguage\":\"en-US\"},{\"@type\":\"Organization\",\"@id\":\"https:\/\/www.musculoesqueleticousp.com.br\/en\/#organization\",\"name\":\"P\u00f3s-Gradua\u00e7\u00e3o em Ci\u00eancias do Sistema Musculoesquel\u00e9tico\",\"url\":\"https:\/\/www.musculoesqueleticousp.com.br\/en\/\",\"logo\":{\"@type\":\"ImageObject\",\"inLanguage\":\"en-US\",\"@id\":\"https:\/\/www.musculoesqueleticousp.com.br\/en\/#\/schema\/logo\/image\/\",\"url\":\"https:\/\/www.musculoesqueleticousp.com.br\/wp-content\/uploads\/2020\/04\/logo_pg_cme_v3_h120.png\",\"contentUrl\":\"https:\/\/www.musculoesqueleticousp.com.br\/wp-content\/uploads\/2020\/04\/logo_pg_cme_v3_h120.png\",\"width\":481,\"height\":120,\"caption\":\"P\u00f3s-Gradua\u00e7\u00e3o em Ci\u00eancias do Sistema Musculoesquel\u00e9tico\"},\"image\":{\"@id\":\"https:\/\/www.musculoesqueleticousp.com.br\/en\/#\/schema\/logo\/image\/\"}}]}<\/script>\n<!-- \/ Yoast SEO plugin. -->","yoast_head_json":{"title":"Applications - P\u00f3s-Gradua\u00e7\u00e3o em Ci\u00eancias do Sistema Musculoesquel\u00e9tico","robots":{"index":"index","follow":"follow","max-snippet":"max-snippet:-1","max-image-preview":"max-image-preview:large","max-video-preview":"max-video-preview:-1"},"canonical":"https:\/\/www.musculoesqueleticousp.com.br\/procedimentos\/inscricoes\/","og_locale":"en_US","og_type":"article","og_title":"Applications - P\u00f3s-Gradua\u00e7\u00e3o em Ci\u00eancias do Sistema Musculoesquel\u00e9tico","og_description":"PROGRAMA DE P\u00d3S-GRADUA\u00c7\u00c3O CI\u00caNCIAS DO SISTEMA MUSCULOESQUEL\u00c9TICO EDITAL A Comiss\u00e3o Coordenadora do Programa de P\u00f3s-Gradua\u00e7\u00e3o em Ci\u00eancias do Sistema Musculoesquel\u00e9tico, da Faculdade de Medicina da Universidade [&hellip;]","og_url":"https:\/\/www.musculoesqueleticousp.com.br\/procedimentos\/inscricoes\/","og_site_name":"P\u00f3s-Gradua\u00e7\u00e3o em Ci\u00eancias do Sistema Musculoesquel\u00e9tico","article_modified_time":"2026-01-23T12:59:54+00:00","twitter_card":"summary_large_image","twitter_misc":{"Est. reading time":"5 minutes"},"schema":{"@context":"https:\/\/schema.org","@graph":[{"@type":"WebPage","@id":"https:\/\/www.musculoesqueleticousp.com.br\/procedimentos\/inscricoes\/","url":"https:\/\/www.musculoesqueleticousp.com.br\/procedimentos\/inscricoes\/","name":"Applications - P\u00f3s-Gradua\u00e7\u00e3o em Ci\u00eancias do Sistema Musculoesquel\u00e9tico","isPartOf":{"@id":"https:\/\/www.musculoesqueleticousp.com.br\/en\/#website"},"datePublished":"2020-03-25T18:17:34+00:00","dateModified":"2026-01-23T12:59:54+00:00","breadcrumb":{"@id":"https:\/\/www.musculoesqueleticousp.com.br\/procedimentos\/inscricoes\/#breadcrumb"},"inLanguage":"en-US","potentialAction":[{"@type":"ReadAction","target":["https:\/\/www.musculoesqueleticousp.com.br\/procedimentos\/inscricoes\/"]}]},{"@type":"BreadcrumbList","@id":"https:\/\/www.musculoesqueleticousp.com.br\/procedimentos\/inscricoes\/#breadcrumb","itemListElement":[{"@type":"ListItem","position":1,"name":"Home","item":"https:\/\/www.musculoesqueleticousp.com.br\/en\/"},{"@type":"ListItem","position":2,"name":"Procedimentos","item":"https:\/\/www.musculoesqueleticousp.com.br\/procedimentos\/"},{"@type":"ListItem","position":3,"name":"Inscri\u00e7\u00f5es"}]},{"@type":"WebSite","@id":"https:\/\/www.musculoesqueleticousp.com.br\/en\/#website","url":"https:\/\/www.musculoesqueleticousp.com.br\/en\/","name":"P\u00f3s-Gradua\u00e7\u00e3o em Ci\u00eancias do Sistema Musculoesquel\u00e9tico","description":"Website do P\u00f3s-Gradua\u00e7\u00e3o em Ci\u00eancias do Sistema Musculoesquel\u00e9tico","publisher":{"@id":"https:\/\/www.musculoesqueleticousp.com.br\/en\/#organization"},"potentialAction":[{"@type":"SearchAction","target":{"@type":"EntryPoint","urlTemplate":"https:\/\/www.musculoesqueleticousp.com.br\/en\/?s={search_term_string}"},"query-input":{"@type":"PropertyValueSpecification","valueRequired":true,"valueName":"search_term_string"}}],"inLanguage":"en-US"},{"@type":"Organization","@id":"https:\/\/www.musculoesqueleticousp.com.br\/en\/#organization","name":"P\u00f3s-Gradua\u00e7\u00e3o em Ci\u00eancias do Sistema Musculoesquel\u00e9tico","url":"https:\/\/www.musculoesqueleticousp.com.br\/en\/","logo":{"@type":"ImageObject","inLanguage":"en-US","@id":"https:\/\/www.musculoesqueleticousp.com.br\/en\/#\/schema\/logo\/image\/","url":"https:\/\/www.musculoesqueleticousp.com.br\/wp-content\/uploads\/2020\/04\/logo_pg_cme_v3_h120.png","contentUrl":"https:\/\/www.musculoesqueleticousp.com.br\/wp-content\/uploads\/2020\/04\/logo_pg_cme_v3_h120.png","width":481,"height":120,"caption":"P\u00f3s-Gradua\u00e7\u00e3o em Ci\u00eancias do Sistema Musculoesquel\u00e9tico"},"image":{"@id":"https:\/\/www.musculoesqueleticousp.com.br\/en\/#\/schema\/logo\/image\/"}}]}},"_links":{"self":[{"href":"https:\/\/www.musculoesqueleticousp.com.br\/en\/wp-json\/wp\/v2\/pages\/30","targetHints":{"allow":["GET"]}}],"collection":[{"href":"https:\/\/www.musculoesqueleticousp.com.br\/en\/wp-json\/wp\/v2\/pages"}],"about":[{"href":"https:\/\/www.musculoesqueleticousp.com.br\/en\/wp-json\/wp\/v2\/types\/page"}],"author":[{"embeddable":true,"href":"https:\/\/www.musculoesqueleticousp.com.br\/en\/wp-json\/wp\/v2\/users\/1"}],"replies":[{"embeddable":true,"href":"https:\/\/www.musculoesqueleticousp.com.br\/en\/wp-json\/wp\/v2\/comments?post=30"}],"version-history":[{"count":26,"href":"https:\/\/www.musculoesqueleticousp.com.br\/en\/wp-json\/wp\/v2\/pages\/30\/revisions"}],"predecessor-version":[{"id":78333,"href":"https:\/\/www.musculoesqueleticousp.com.br\/en\/wp-json\/wp\/v2\/pages\/30\/revisions\/78333"}],"up":[{"embeddable":true,"href":"https:\/\/www.musculoesqueleticousp.com.br\/en\/wp-json\/wp\/v2\/pages\/17"}],"wp:attachment":[{"href":"https:\/\/www.musculoesqueleticousp.com.br\/en\/wp-json\/wp\/v2\/media?parent=30"}],"curies":[{"name":"wp","href":"https:\/\/api.w.org\/{rel}","templated":true}]}}