{"id":2783,"date":"2024-03-23T11:35:07","date_gmt":"2024-03-23T14:35:07","guid":{"rendered":"https:\/\/www.musculoesqueleticousp.com.br\/?page_id=2783"},"modified":"2024-06-18T16:17:39","modified_gmt":"2024-06-18T19:17:39","slug":"ana-cristina-de-medeiros-ribeiro","status":"publish","type":"page","link":"https:\/\/www.musculoesqueleticousp.com.br\/en\/pesquisas\/orientadores\/ana-cristina-de-medeiros-ribeiro\/","title":{"rendered":"Ana Cristina de Medeiros Ribeiro"},"content":{"rendered":"<p><strong><img loading=\"lazy\" decoding=\"async\" class=\"wp-image-2784 alignleft\" src=\"https:\/\/www.musculoesqueleticousp.com.br\/wp-content\/uploads\/2024\/03\/Foto-Ana-Cristina-site-HC-1-243x300.jpg\" alt=\"\" width=\"161\" height=\"199\" srcset=\"https:\/\/www.musculoesqueleticousp.com.br\/wp-content\/uploads\/2024\/03\/Foto-Ana-Cristina-site-HC-1-243x300.jpg 243w, https:\/\/www.musculoesqueleticousp.com.br\/wp-content\/uploads\/2024\/03\/Foto-Ana-Cristina-site-HC-1-830x1024.jpg 830w, https:\/\/www.musculoesqueleticousp.com.br\/wp-content\/uploads\/2024\/03\/Foto-Ana-Cristina-site-HC-1-768x947.jpg 768w, https:\/\/www.musculoesqueleticousp.com.br\/wp-content\/uploads\/2024\/03\/Foto-Ana-Cristina-site-HC-1-118x146.jpg 118w, https:\/\/www.musculoesqueleticousp.com.br\/wp-content\/uploads\/2024\/03\/Foto-Ana-Cristina-site-HC-1-41x50.jpg 41w, https:\/\/www.musculoesqueleticousp.com.br\/wp-content\/uploads\/2024\/03\/Foto-Ana-Cristina-site-HC-1-61x75.jpg 61w, https:\/\/www.musculoesqueleticousp.com.br\/wp-content\/uploads\/2024\/03\/Foto-Ana-Cristina-site-HC-1.jpg 870w\" sizes=\"auto, (max-width: 161px) 100vw, 161px\" \/><\/strong><\/p>\n<p><strong>Title:<\/strong> livre-docente<br \/>\n<strong>E-mail: <\/strong>ana.medeiros@hc.fm.usp.br<br \/>\n<strong>Lattes: <\/strong>2458188374782290<a href=\"http:\/\/lattes.cnpq.br\/2458188374782290\">http:\/\/lattes.cnpq.br\/2458188374782290<\/a><br \/>\n<strong>Orcid<\/strong>:\u00a0 0000-0001-7168-590\u00a0\u00a0 <a href=\"https:\/\/orcid.org\/0000-0001-7168-5906\">\u00a0<\/a><a href=\"https:\/\/orcid.org\/0000-0001-7168-5906\">https:\/\/orcid.org\/0000-0001-7168-5906<\/a><br \/>\n<strong>Scopus<\/strong>: 57221695832 <a href=\"https:\/\/www.scopus.com\/authid\/detail.uri?authorId=57221695832\">https:\/\/www.scopus.com\/authid\/detail.uri?authorId=57221695832<\/a><br \/>\n<strong>Google Scholar<\/strong>: <a href=\"https:\/\/scholar.google.com.br\/citations?user=7zL6V4kAAAAJ&amp;hl=pt-BR\">https:\/\/scholar.google.com.br\/citations?user=7zL6V4kAAAAJ&amp;hl=pt-BR<\/a><br \/>\n<strong>Research ID<\/strong>: GRY-0453-2022\u00a0<a href=\"https:\/\/www.webofscience.com\/wos\/author\/record\/33320671\">https:\/\/www.webofscience.com\/wos\/author\/record\/33320671<\/a><\/p>\n<p>&nbsp;<\/p>\n<p>&nbsp;<\/p>\n<h2><strong>Research line<\/strong><\/h2>\n<p>Effectiveness and complications of immunosuppressive treatment in patients with inflammatory arthritis.<\/p>\n<h2><strong>Summary<\/strong><\/h2>\n<p>The line of research evaluates the effectiveness, predictors and complications of treatments in rheumatologic patients, mainly with inflammatory arthritis, such as rheumatoid arthritis, ankylosing spondylitis and psoriatic arthritis. The use of immunobiological agents, conventional immunosuppressants and corticosteroid therapy is evaluated through the analysis of longitudinal inception cohorts, with an emphasis on drug survival, mechanisms of action, response predictors and medication withdrawal strategies. Furthermore, treatment complications are evaluated, such as infusion reactions and infections.\u00a0 Strategies to reduce infectious risk are studied, such as vaccination and other preventive approaches. The line of research evaluates the safety, immunogenicity and effectiveness of vaccines from different platforms, as well as strategies to optimize the vaccine response, such as the impact of temporarily interrupting immunosuppressants after vaccination.<\/p>\n<h2><strong>Main Publications:<\/strong><\/h2>\n<ol>\n<li><strong>Medeiros-Ribeiro AC<\/strong>, Aikawa NE, Saad CGS, Yuki EFN, Pedrosa T, Fusco SRG, Rojo PT, Pereira RMR, Shinjo SK, Andrade DCO, Sampaio-Barros PD, Ribeiro CT, Deveza GBH, Martins VAO, Silva CA, Lopes MH, Duarte AJS, Antonangelo L, Sabino EC, Kallas EG, Pasoto SG, Bonfa E. Immunogenicity and safety of the CoronaVac inactivated vaccine in patients with autoimmune rheumatic diseases: a phase 4 trial. Nat Med. 2021;27(10):1744-1751. <strong>(Fator de Impacto 87.241).<\/strong><\/li>\n<li>Aikawa NE, Kupa LVK, Pasoto SG, <strong>Medeiros-Ribeiro AC,<\/strong> Yuki EFN, Saad CGS, Pedrosa T, Fuller R, Shinjo SK, Sampaio-Barros PD, Andrade DCO, Pereira RMR, Seguro LPC, Valim JML, Waridel F, Sartori AMC, Duarte AJS, Antonangelo L, Sabino EC, Menezes PR, Kallas EG, Silva CA, Bonfa E. Immunogenicity and safety of two doses of the CoronaVac SARS-CoV-2 vaccine in SARS-CoV-2 seropositive and seronegative patients with autoimmune rheumatic diseases in Brazil: a subgroup analysis of a phase 4 prospective study. Lancet Rheumatol. 2022;4(2):e113-e124. <strong>(Fator de Impacto 35.482).<\/strong><\/li>\n<li><strong>Medeiros-Ribeiro AC,<\/strong> Bonfiglioli KR, Domiciano DS, Shimabuco AY, da Silva HC, Saad, CGS , Yuki EFN, Pasoto SG, Araujo CSR, Nakai TL,\u00a0 Silva CA, Pedrosa T,\u00a0 Kupa LVK, Silva MSR, Balbi\u00a0 GGM, Kallas EG, Aikawa NE, Bonfa E. Distinct Impact df DMARD Combination and Monotherapy in Immunogenicity of an Inactivated Sars-Cov-2 Vaccine in Rheumatoid Arthritis. Annals of the Rheumatic Diseases. 2022; 81; 710-719.<strong>(Fator de Impacto: 27.993).<\/strong><\/li>\n<li>Araujo CSR, <strong>Medeiros-Ribeiro AC,<\/strong> Saad CGS, Bonfiglioli KR, Domiciano DS, Shimabuco AY, Silva MSR, Yuki EFN, Pasoto SG, Pedrosa T, Kupa LVK, Zou G, Pereira RMR, Silva CA, Aikawa NE, Bonfa E. Two-week methotrexate discontinuation in patients with rheumatoid arthritis vaccinated with inactivated SARS-CoV-2 vaccine: a randomised clinical trial. Ann Rheum Dis. 2022 Jun;81(6):889-897. <strong>(Fator de Impacto: 27.993).<\/strong><\/li>\n<li>\u00a0<strong>Ribeiro ACM, <\/strong>Guedes LKN, Moraes JCB, Saad CGS, Aikawa NE, Calich ALG, Franca ILA, Carvalho JF, Sampaio-Barros PD, Gon\u00e7alves CR, Borba EF, <a href=\"http:\/\/lattes.cnpq.br\/6562171344607679\">Timenetsky MCST, <\/a>\u00a0Precioso AR, Duarte A, Bonf\u00e1 E, Laurindo IMM. Reduced seroprotection after pandemic H1N1 in\ufb02uenza adjuvant-free vaccination in patients with rheumatoid arthritis: implications for clinical practice. 2011. Annals of the Rheumatic Diseases; 70; 2144-2147.<strong> (Fator de Impacto: 27.993).<\/strong><\/li>\n<\/ol>\n<p>&nbsp;<\/p>\n<h2><strong>PROJETOS ORIENTADOR\/ LINHA<\/strong><\/h2>\n<p><strong>Linha 6. SISTEMA IMUNE E AUTOIMUNE<br \/>\n<\/strong><strong>PROJETO ANA CRISTINA:<\/strong> ESTUDOS DE IMUNOGENICIDADE E EFETIVIDADE DA VACINA\u00c7\u00c3O C ONTRA SARS-COV-2 EM PACIENTES COM ARTROPATIAS INFLAMAT\u00d3RIAS.<br \/>\n<strong>PROJETO ANA CRISTINA: <\/strong>ESTUDOS DE SEGURAN\u00c7A, EFETIVIDADE E PREDITORES DE RESPOSTA A AGENTES IMUNOBIOL\u00d3GICOS EM PACIENTES COM ARTROPATIAS\u00a0 INFLAMAT\u00d3RIAS.<\/p>","protected":false},"excerpt":{"rendered":"<p>Title: livre-docente E-mail: ana.medeiros@hc.fm.usp.br Lattes: 2458188374782290http:\/\/lattes.cnpq.br\/2458188374782290 Orcid:\u00a0 0000-0001-7168-590\u00a0\u00a0 \u00a0https:\/\/orcid.org\/0000-0001-7168-5906 Scopus: 57221695832 https:\/\/www.scopus.com\/authid\/detail.uri?authorId=57221695832 Google Scholar: https:\/\/scholar.google.com.br\/citations?user=7zL6V4kAAAAJ&amp;hl=pt-BR Research ID: GRY-0453-2022\u00a0https:\/\/www.webofscience.com\/wos\/author\/record\/33320671 &nbsp; &nbsp; Research line Effectiveness and complications of [&hellip;]<\/p>\n","protected":false},"author":3,"featured_media":0,"parent":25,"menu_order":0,"comment_status":"closed","ping_status":"closed","template":"","meta":{"footnotes":""},"class_list":["post-2783","page","type-page","status-publish","hentry"],"yoast_head":"<!-- This site is optimized with the Yoast SEO plugin v25.5 - https:\/\/yoast.com\/wordpress\/plugins\/seo\/ -->\n<title>Ana Cristina de Medeiros Ribeiro - P\u00f3s-Gradua\u00e7\u00e3o em Ci\u00eancias do Sistema Musculoesquel\u00e9tico<\/title>\n<meta name=\"robots\" content=\"index, follow, max-snippet:-1, max-image-preview:large, max-video-preview:-1\" \/>\n<link rel=\"canonical\" href=\"https:\/\/www.musculoesqueleticousp.com.br\/pesquisas\/orientadores\/ana-cristina-de-medeiros-ribeiro\/\" \/>\n<meta property=\"og:locale\" content=\"en_US\" \/>\n<meta property=\"og:type\" content=\"article\" \/>\n<meta property=\"og:title\" content=\"Ana Cristina de Medeiros Ribeiro - P\u00f3s-Gradua\u00e7\u00e3o em Ci\u00eancias do Sistema Musculoesquel\u00e9tico\" \/>\n<meta property=\"og:description\" content=\"Title: livre-docente E-mail: ana.medeiros@hc.fm.usp.br Lattes: 2458188374782290http:\/\/lattes.cnpq.br\/2458188374782290 Orcid:\u00a0 0000-0001-7168-590\u00a0\u00a0 \u00a0https:\/\/orcid.org\/0000-0001-7168-5906 Scopus: 57221695832 https:\/\/www.scopus.com\/authid\/detail.uri?authorId=57221695832 Google Scholar: https:\/\/scholar.google.com.br\/citations?user=7zL6V4kAAAAJ&amp;hl=pt-BR Research ID: GRY-0453-2022\u00a0https:\/\/www.webofscience.com\/wos\/author\/record\/33320671 &nbsp; &nbsp; Research line Effectiveness and complications of [&hellip;]\" \/>\n<meta property=\"og:url\" content=\"https:\/\/www.musculoesqueleticousp.com.br\/pesquisas\/orientadores\/ana-cristina-de-medeiros-ribeiro\/\" \/>\n<meta property=\"og:site_name\" content=\"P\u00f3s-Gradua\u00e7\u00e3o em Ci\u00eancias do Sistema Musculoesquel\u00e9tico\" \/>\n<meta property=\"article:modified_time\" content=\"2024-06-18T19:17:39+00:00\" \/>\n<meta property=\"og:image\" content=\"https:\/\/www.musculoesqueleticousp.com.br\/wp-content\/uploads\/2024\/03\/Foto-Ana-Cristina-site-HC-1-243x300.jpg\" \/>\n<meta name=\"twitter:card\" content=\"summary_large_image\" \/>\n<meta name=\"twitter:label1\" content=\"Est. reading time\" \/>\n\t<meta name=\"twitter:data1\" content=\"9 minutes\" \/>\n<script type=\"application\/ld+json\" class=\"yoast-schema-graph\">{\"@context\":\"https:\/\/schema.org\",\"@graph\":[{\"@type\":\"WebPage\",\"@id\":\"https:\/\/www.musculoesqueleticousp.com.br\/pesquisas\/orientadores\/ana-cristina-de-medeiros-ribeiro\/\",\"url\":\"https:\/\/www.musculoesqueleticousp.com.br\/pesquisas\/orientadores\/ana-cristina-de-medeiros-ribeiro\/\",\"name\":\"Ana Cristina de Medeiros Ribeiro - P\u00f3s-Gradua\u00e7\u00e3o em Ci\u00eancias do Sistema Musculoesquel\u00e9tico\",\"isPartOf\":{\"@id\":\"https:\/\/www.musculoesqueleticousp.com.br\/en\/#website\"},\"primaryImageOfPage\":{\"@id\":\"https:\/\/www.musculoesqueleticousp.com.br\/pesquisas\/orientadores\/ana-cristina-de-medeiros-ribeiro\/#primaryimage\"},\"image\":{\"@id\":\"https:\/\/www.musculoesqueleticousp.com.br\/pesquisas\/orientadores\/ana-cristina-de-medeiros-ribeiro\/#primaryimage\"},\"thumbnailUrl\":\"https:\/\/www.musculoesqueleticousp.com.br\/wp-content\/uploads\/2024\/03\/Foto-Ana-Cristina-site-HC-1-243x300.jpg\",\"datePublished\":\"2024-03-23T14:35:07+00:00\",\"dateModified\":\"2024-06-18T19:17:39+00:00\",\"breadcrumb\":{\"@id\":\"https:\/\/www.musculoesqueleticousp.com.br\/pesquisas\/orientadores\/ana-cristina-de-medeiros-ribeiro\/#breadcrumb\"},\"inLanguage\":\"en-US\",\"potentialAction\":[{\"@type\":\"ReadAction\",\"target\":[\"https:\/\/www.musculoesqueleticousp.com.br\/pesquisas\/orientadores\/ana-cristina-de-medeiros-ribeiro\/\"]}]},{\"@type\":\"ImageObject\",\"inLanguage\":\"en-US\",\"@id\":\"https:\/\/www.musculoesqueleticousp.com.br\/pesquisas\/orientadores\/ana-cristina-de-medeiros-ribeiro\/#primaryimage\",\"url\":\"https:\/\/www.musculoesqueleticousp.com.br\/wp-content\/uploads\/2024\/03\/Foto-Ana-Cristina-site-HC-1-243x300.jpg\",\"contentUrl\":\"https:\/\/www.musculoesqueleticousp.com.br\/wp-content\/uploads\/2024\/03\/Foto-Ana-Cristina-site-HC-1-243x300.jpg\"},{\"@type\":\"BreadcrumbList\",\"@id\":\"https:\/\/www.musculoesqueleticousp.com.br\/pesquisas\/orientadores\/ana-cristina-de-medeiros-ribeiro\/#breadcrumb\",\"itemListElement\":[{\"@type\":\"ListItem\",\"position\":1,\"name\":\"Home\",\"item\":\"https:\/\/www.musculoesqueleticousp.com.br\/en\/\"},{\"@type\":\"ListItem\",\"position\":2,\"name\":\"Research\",\"item\":\"https:\/\/www.musculoesqueleticousp.com.br\/en\/pesquisas\/\"},{\"@type\":\"ListItem\",\"position\":3,\"name\":\"Orientadores\",\"item\":\"https:\/\/www.musculoesqueleticousp.com.br\/pesquisas\/orientadores\/\"},{\"@type\":\"ListItem\",\"position\":4,\"name\":\"Ana Cristina de Medeiros Ribeiro\"}]},{\"@type\":\"WebSite\",\"@id\":\"https:\/\/www.musculoesqueleticousp.com.br\/en\/#website\",\"url\":\"https:\/\/www.musculoesqueleticousp.com.br\/en\/\",\"name\":\"P\u00f3s-Gradua\u00e7\u00e3o em Ci\u00eancias do Sistema Musculoesquel\u00e9tico\",\"description\":\"Website do P\u00f3s-Gradua\u00e7\u00e3o em Ci\u00eancias do Sistema Musculoesquel\u00e9tico\",\"publisher\":{\"@id\":\"https:\/\/www.musculoesqueleticousp.com.br\/en\/#organization\"},\"potentialAction\":[{\"@type\":\"SearchAction\",\"target\":{\"@type\":\"EntryPoint\",\"urlTemplate\":\"https:\/\/www.musculoesqueleticousp.com.br\/en\/?s={search_term_string}\"},\"query-input\":{\"@type\":\"PropertyValueSpecification\",\"valueRequired\":true,\"valueName\":\"search_term_string\"}}],\"inLanguage\":\"en-US\"},{\"@type\":\"Organization\",\"@id\":\"https:\/\/www.musculoesqueleticousp.com.br\/en\/#organization\",\"name\":\"P\u00f3s-Gradua\u00e7\u00e3o em Ci\u00eancias do Sistema Musculoesquel\u00e9tico\",\"url\":\"https:\/\/www.musculoesqueleticousp.com.br\/en\/\",\"logo\":{\"@type\":\"ImageObject\",\"inLanguage\":\"en-US\",\"@id\":\"https:\/\/www.musculoesqueleticousp.com.br\/en\/#\/schema\/logo\/image\/\",\"url\":\"https:\/\/www.musculoesqueleticousp.com.br\/wp-content\/uploads\/2020\/04\/logo_pg_cme_v3_h120.png\",\"contentUrl\":\"https:\/\/www.musculoesqueleticousp.com.br\/wp-content\/uploads\/2020\/04\/logo_pg_cme_v3_h120.png\",\"width\":481,\"height\":120,\"caption\":\"P\u00f3s-Gradua\u00e7\u00e3o em Ci\u00eancias do Sistema Musculoesquel\u00e9tico\"},\"image\":{\"@id\":\"https:\/\/www.musculoesqueleticousp.com.br\/en\/#\/schema\/logo\/image\/\"}}]}<\/script>\n<!-- \/ Yoast SEO plugin. -->","yoast_head_json":{"title":"Ana Cristina de Medeiros Ribeiro - P\u00f3s-Gradua\u00e7\u00e3o em Ci\u00eancias do Sistema Musculoesquel\u00e9tico","robots":{"index":"index","follow":"follow","max-snippet":"max-snippet:-1","max-image-preview":"max-image-preview:large","max-video-preview":"max-video-preview:-1"},"canonical":"https:\/\/www.musculoesqueleticousp.com.br\/pesquisas\/orientadores\/ana-cristina-de-medeiros-ribeiro\/","og_locale":"en_US","og_type":"article","og_title":"Ana Cristina de Medeiros Ribeiro - P\u00f3s-Gradua\u00e7\u00e3o em Ci\u00eancias do Sistema Musculoesquel\u00e9tico","og_description":"Title: livre-docente E-mail: ana.medeiros@hc.fm.usp.br Lattes: 2458188374782290http:\/\/lattes.cnpq.br\/2458188374782290 Orcid:\u00a0 0000-0001-7168-590\u00a0\u00a0 \u00a0https:\/\/orcid.org\/0000-0001-7168-5906 Scopus: 57221695832 https:\/\/www.scopus.com\/authid\/detail.uri?authorId=57221695832 Google Scholar: https:\/\/scholar.google.com.br\/citations?user=7zL6V4kAAAAJ&amp;hl=pt-BR Research ID: GRY-0453-2022\u00a0https:\/\/www.webofscience.com\/wos\/author\/record\/33320671 &nbsp; &nbsp; Research line Effectiveness and complications of [&hellip;]","og_url":"https:\/\/www.musculoesqueleticousp.com.br\/pesquisas\/orientadores\/ana-cristina-de-medeiros-ribeiro\/","og_site_name":"P\u00f3s-Gradua\u00e7\u00e3o em Ci\u00eancias do Sistema Musculoesquel\u00e9tico","article_modified_time":"2024-06-18T19:17:39+00:00","og_image":[{"url":"https:\/\/www.musculoesqueleticousp.com.br\/wp-content\/uploads\/2024\/03\/Foto-Ana-Cristina-site-HC-1-243x300.jpg","type":"","width":"","height":""}],"twitter_card":"summary_large_image","twitter_misc":{"Est. reading time":"9 minutes"},"schema":{"@context":"https:\/\/schema.org","@graph":[{"@type":"WebPage","@id":"https:\/\/www.musculoesqueleticousp.com.br\/pesquisas\/orientadores\/ana-cristina-de-medeiros-ribeiro\/","url":"https:\/\/www.musculoesqueleticousp.com.br\/pesquisas\/orientadores\/ana-cristina-de-medeiros-ribeiro\/","name":"Ana Cristina de Medeiros Ribeiro - P\u00f3s-Gradua\u00e7\u00e3o em Ci\u00eancias do Sistema Musculoesquel\u00e9tico","isPartOf":{"@id":"https:\/\/www.musculoesqueleticousp.com.br\/en\/#website"},"primaryImageOfPage":{"@id":"https:\/\/www.musculoesqueleticousp.com.br\/pesquisas\/orientadores\/ana-cristina-de-medeiros-ribeiro\/#primaryimage"},"image":{"@id":"https:\/\/www.musculoesqueleticousp.com.br\/pesquisas\/orientadores\/ana-cristina-de-medeiros-ribeiro\/#primaryimage"},"thumbnailUrl":"https:\/\/www.musculoesqueleticousp.com.br\/wp-content\/uploads\/2024\/03\/Foto-Ana-Cristina-site-HC-1-243x300.jpg","datePublished":"2024-03-23T14:35:07+00:00","dateModified":"2024-06-18T19:17:39+00:00","breadcrumb":{"@id":"https:\/\/www.musculoesqueleticousp.com.br\/pesquisas\/orientadores\/ana-cristina-de-medeiros-ribeiro\/#breadcrumb"},"inLanguage":"en-US","potentialAction":[{"@type":"ReadAction","target":["https:\/\/www.musculoesqueleticousp.com.br\/pesquisas\/orientadores\/ana-cristina-de-medeiros-ribeiro\/"]}]},{"@type":"ImageObject","inLanguage":"en-US","@id":"https:\/\/www.musculoesqueleticousp.com.br\/pesquisas\/orientadores\/ana-cristina-de-medeiros-ribeiro\/#primaryimage","url":"https:\/\/www.musculoesqueleticousp.com.br\/wp-content\/uploads\/2024\/03\/Foto-Ana-Cristina-site-HC-1-243x300.jpg","contentUrl":"https:\/\/www.musculoesqueleticousp.com.br\/wp-content\/uploads\/2024\/03\/Foto-Ana-Cristina-site-HC-1-243x300.jpg"},{"@type":"BreadcrumbList","@id":"https:\/\/www.musculoesqueleticousp.com.br\/pesquisas\/orientadores\/ana-cristina-de-medeiros-ribeiro\/#breadcrumb","itemListElement":[{"@type":"ListItem","position":1,"name":"Home","item":"https:\/\/www.musculoesqueleticousp.com.br\/en\/"},{"@type":"ListItem","position":2,"name":"Research","item":"https:\/\/www.musculoesqueleticousp.com.br\/en\/pesquisas\/"},{"@type":"ListItem","position":3,"name":"Orientadores","item":"https:\/\/www.musculoesqueleticousp.com.br\/pesquisas\/orientadores\/"},{"@type":"ListItem","position":4,"name":"Ana Cristina de Medeiros Ribeiro"}]},{"@type":"WebSite","@id":"https:\/\/www.musculoesqueleticousp.com.br\/en\/#website","url":"https:\/\/www.musculoesqueleticousp.com.br\/en\/","name":"P\u00f3s-Gradua\u00e7\u00e3o em Ci\u00eancias do Sistema Musculoesquel\u00e9tico","description":"Website do P\u00f3s-Gradua\u00e7\u00e3o em Ci\u00eancias do Sistema Musculoesquel\u00e9tico","publisher":{"@id":"https:\/\/www.musculoesqueleticousp.com.br\/en\/#organization"},"potentialAction":[{"@type":"SearchAction","target":{"@type":"EntryPoint","urlTemplate":"https:\/\/www.musculoesqueleticousp.com.br\/en\/?s={search_term_string}"},"query-input":{"@type":"PropertyValueSpecification","valueRequired":true,"valueName":"search_term_string"}}],"inLanguage":"en-US"},{"@type":"Organization","@id":"https:\/\/www.musculoesqueleticousp.com.br\/en\/#organization","name":"P\u00f3s-Gradua\u00e7\u00e3o em Ci\u00eancias do Sistema Musculoesquel\u00e9tico","url":"https:\/\/www.musculoesqueleticousp.com.br\/en\/","logo":{"@type":"ImageObject","inLanguage":"en-US","@id":"https:\/\/www.musculoesqueleticousp.com.br\/en\/#\/schema\/logo\/image\/","url":"https:\/\/www.musculoesqueleticousp.com.br\/wp-content\/uploads\/2020\/04\/logo_pg_cme_v3_h120.png","contentUrl":"https:\/\/www.musculoesqueleticousp.com.br\/wp-content\/uploads\/2020\/04\/logo_pg_cme_v3_h120.png","width":481,"height":120,"caption":"P\u00f3s-Gradua\u00e7\u00e3o em Ci\u00eancias do Sistema Musculoesquel\u00e9tico"},"image":{"@id":"https:\/\/www.musculoesqueleticousp.com.br\/en\/#\/schema\/logo\/image\/"}}]}},"_links":{"self":[{"href":"https:\/\/www.musculoesqueleticousp.com.br\/en\/wp-json\/wp\/v2\/pages\/2783","targetHints":{"allow":["GET"]}}],"collection":[{"href":"https:\/\/www.musculoesqueleticousp.com.br\/en\/wp-json\/wp\/v2\/pages"}],"about":[{"href":"https:\/\/www.musculoesqueleticousp.com.br\/en\/wp-json\/wp\/v2\/types\/page"}],"author":[{"embeddable":true,"href":"https:\/\/www.musculoesqueleticousp.com.br\/en\/wp-json\/wp\/v2\/users\/3"}],"replies":[{"embeddable":true,"href":"https:\/\/www.musculoesqueleticousp.com.br\/en\/wp-json\/wp\/v2\/comments?post=2783"}],"version-history":[{"count":7,"href":"https:\/\/www.musculoesqueleticousp.com.br\/en\/wp-json\/wp\/v2\/pages\/2783\/revisions"}],"predecessor-version":[{"id":2826,"href":"https:\/\/www.musculoesqueleticousp.com.br\/en\/wp-json\/wp\/v2\/pages\/2783\/revisions\/2826"}],"up":[{"embeddable":true,"href":"https:\/\/www.musculoesqueleticousp.com.br\/en\/wp-json\/wp\/v2\/pages\/25"}],"wp:attachment":[{"href":"https:\/\/www.musculoesqueleticousp.com.br\/en\/wp-json\/wp\/v2\/media?parent=2783"}],"curies":[{"name":"wp","href":"https:\/\/api.w.org\/{rel}","templated":true}]}}