{"id":26,"date":"2020-03-25T15:17:34","date_gmt":"2020-03-25T18:17:34","guid":{"rendered":"http:\/\/www.musculoesqueleticousp.com.br\/pesquisas\/linhas-de-pesquisa\/"},"modified":"2026-02-06T09:06:23","modified_gmt":"2026-02-06T12:06:23","slug":"linhas-de-pesquisa","status":"publish","type":"page","link":"https:\/\/www.musculoesqueleticousp.com.br\/en\/pesquisas\/linhas-de-pesquisa\/","title":{"rendered":"Linha de Pesquisa \/ Projetos"},"content":{"rendered":"<div class=\"accordion\">\n<div class=\"mfn-acc accordion_wrapper \">\n<div class=\"question\">\n<div class=\"title\"><i class=\"icon-plus acc-icon-plus\"><\/i><i class=\"icon-minus acc-icon-minus\"><\/i>MODELOS PARA AN\u00c1LISE DE LES\u00d5ES DO SISTEMA NERVOSO<\/div>\n<div class=\"answer\" style=\"display: none;\">\n<ul class=\"ul-defesas\">\n<li style=\"list-style-type: none;\">\n<ul class=\"ul-defesas\">\n<li>Estudo dos traumatismos relacionados a coluna vertebral e nervos perif\u00e9ricos. Estudo dos v\u00e1rios fatores envolvidos na regenera\u00e7\u00e3o das les\u00f5es medulares e dos nervos perif\u00e9ricos: drogas, procedimentos cir\u00fargicos, experimentais e terapia g\u00eanica.<\/li>\n<\/ul>\n<\/li>\n<\/ul>\n<p><strong>ORIENTADORES\/PROJETOS<br \/>\n<\/strong><strong>PROJETO ALEXANDRE FOGA\u00c7A<\/strong>: MODELOS EXPERIMENTAIS DE TRAUMATISMOS DA MEDULA ESPINAL<br \/>\n<strong>PROJETO MARCELO ROSA: <\/strong>ESTUDO ESTRUTURAL DE NERVOS PERIF\u00c9RICOS<br \/>\n<strong>PROJETO RAPHAEL MARCON<\/strong>: LES\u00c3O MEDULAR E SUAS REPERCUSS\u00d5ES<br \/>\n<strong>PROJETO TARCISIO BARROS: <\/strong>FRATURAS DA COLUNA VERTEBRAL<br \/>\n<strong>PROJETO TARCISIO BARROS:<\/strong> TRAUMARAQUIMEDULAR<\/p>\n<\/div>\n<\/div>\n<div class=\"question\">\n<div class=\"title\"><i class=\"icon-plus acc-icon-plus\"><\/i><i class=\"icon-minus acc-icon-minus\"><\/i>DESENVOLVIMENTO DE ENSAIOS E MODELOS PARA SUBSTITUI\u00c7\u00c3O ARTICULAR E INSTABILIDADE ARTICULARES<\/div>\n<div class=\"answer\" style=\"display: none;\">\n<ul class=\"ul-defesas\">\n<li style=\"list-style-type: none;\">\n<ul class=\"ul-defesas\">\n<li>Estudos cl\u00ednicos, cir\u00fargicos e experimentais que envolvam a substitui\u00e7\u00e3o de segmentos e an\u00e1lise de estabilidade articular no aparelho locomotor. Inclui investiga\u00e7\u00f5es sobre os materiais substitutos, sobre os procedimentos de substitui\u00e7\u00e3o e seus efeitos, e estruturas estabilizadoras articulares.<\/li>\n<\/ul>\n<\/li>\n<\/ul>\n<p><strong>ORIENTADORES\/PROJETOS<br \/>\n<\/strong><strong>PROJETO ALEXANDRE LEME:<\/strong> MODELOS CL\u00cdNICOS E EXPERIMENTAIS DAS ALTERA\u00c7\u00d5ES OSTEOARTICULARES DO TORNOZELO E P\u00c9.<br \/>\n<strong>PROJETO CAMILO HELITO:<\/strong> ESTUDO DAS LES\u00d5ES LIGAMENTARES, TEND\u00cdNEAS E MENISCAIS<br \/>\n<strong>PROJETO HENRIQUE GURGEL<\/strong>: MODELOS PARA AN\u00c1LISE DE DOEN\u00c7AS DA ARTICULA\u00c7\u00c3O DO QUADRIL E SEUS TRATAMENTOS<br \/>\n<strong>PROJETO MARCELO ROSA:<\/strong> ESTUDOS DAS ALTERA\u00c7\u00d5ES DEGENERATIVAS<br \/>\n<strong>PROJETO MARCO DEMANGE:<\/strong> ESTUDOS DE ARTROPLASTIAS DE SUBSTITUI\u00c7\u00c3O ARTICULAR DO JOELHO<br \/>\n<strong>PROJETO OLAVO PIRES:<\/strong> ABORDAGEM CIR\u00daRGICA DAS NEOPLASIAS MUSCULOESQUEL\u00c9TICAS<br \/>\n<strong>PROJETO OLAVO PIRES:<\/strong> TRATAMENTO CIR\u00daRGICO DAS MET\u00c1STASES \u00d3SSEAS<br \/>\n<strong>PROJETO RICCARDO GOBBI:<\/strong> ESTUDO DA ARTICULA\u00c7\u00c3O FEMOROPATELAR<\/p>\n<\/div>\n<\/div>\n<div class=\"question\">\n<div class=\"title\"><i class=\"icon-plus acc-icon-plus\"><\/i><i class=\"icon-minus acc-icon-minus\"><\/i>DIST\u00daRBIOS DEGENERATIVOS, INFLAMAT\u00d3RIOS E ESTRUTURAIS DO SISTEMA LOCOMOTOR<\/div>\n<div class=\"answer\" style=\"display: none;\">\n<ul class=\"ul-defesas\">\n<li style=\"list-style-type: none;\">\n<ul class=\"ul-defesas\">\n<li>Avalia\u00e7\u00e3o etiopatog\u00eanica, cl\u00ednica, laboratorial, imaginol\u00f3gicas de processos degenerativos, inflamat\u00f3rios, traum\u00e1ticos, neopl\u00e1sicos e infecciosos. Estudo da estrutura dos \u00f3rg\u00e3os e tecidos do sistema locomotor, incluindo suas propriedades funcionais e morfol\u00f3gicas.<\/li>\n<\/ul>\n<\/li>\n<\/ul>\n<p><strong>ORIENTADORES\/PROJETOS<br \/>\n<\/strong><strong>PROJETO MARCELO ROSA:<\/strong> ESTUDOS DAS REPERCUSS\u00d5ES MUSCULOESQUEL\u00c9TICAS NAS PATOLOGIAS INFLAMAT\u00d3RIAS<br \/>\n<strong>PROJETO ALEXANDRE FOGA\u00c7A:<\/strong> ALTERA\u00c7\u00d5ES DEGENERATIVAS DA COLUNA VERTEBRAL<br \/>\n<strong>PROJETO ALEXANDRE FOGA\u00c7A:<\/strong> DEFORMIDADE DE COLUNA VERTEBRAL<br \/>\n<strong>PROJETO ANA LUCIA LIMA:<\/strong> ESTUDOS DAS INFEC\u00c7\u00d5ES ARTICULARES<br \/>\n<strong>PROJETO ANA LUCIA LIMA:<\/strong> ESTUDOS DAS INFEC\u00c7\u00d5ES RELACIONADAS AOS IMPLANTES ORTOP\u00c9DICOS<br \/>\n<strong>PROJETO ANA LUCIA LIMA:<\/strong> ESTUDOS DAS OSTEOMIELITES CR\u00d4NICAS<br \/>\n<strong>PROJETO CAMILO HELITO:<\/strong> ESTUDO DAS ALTERA\u00c7\u00d5ES DEGENERATIVAS ARTICULARES<br \/>\n<strong>PROJETO DIOGO DOMICIANO:<\/strong> AVALIA\u00c7\u00c3O DE SENSIBILIZA\u00c7\u00c3O CENTRAL DA DOR E FIBROMIALGIA EM DOEN\u00c7AS INFLAMAT\u00d3RIAS AUTOIMNES<br \/>\n<strong>PROJETO EDUARDO MALAVOLTA:<\/strong> AFEC\u00c7\u00d5ES DO OMBRO E COTOVELO<br \/>\n<strong>PROJETO KODI KOJIMA:<\/strong> LES\u00d5ES TRAUM\u00c1TICAS DO SISTEMA MUSCULOESQUEL\u00c9TICO<br \/>\n<strong>PROJETO LUIZ GARCEZ:<\/strong> ENVELHECIMENTO DO APARELHO LOCOMOTOR, FRAGILIDADE E SUAS CONSEQU\u00caNCIAS<br \/>\n<strong>PROJETO LUIS TIRICO:\u00a0<\/strong>\u00a0ESTUDO DO TRATAMENTO DAS LES\u00d5ES CONDRAIS E DEGENERATIVAS DA ARTICULA\u00c7\u00c3O DO JOELHO<br \/>\n<strong>PROJETO MARCIA UCHOA:<\/strong> INOVA\u00c7\u00d5ES CIR\u00daRGICAS E TERAPIAS INTERVENCIONISTAS<br \/>\n<strong>PROJETO PATRICIA MORENO:<\/strong> ASPECTOS CL\u00cdNICOS E EPIDEMIOL\u00d3GICOS, QUALIDADE DE VIDA E IMPLEMENTA\u00c7\u00c3O DE EVID\u00caNCIA EM ORTOPEDIA PEDI\u00c1TRICA<br \/>\n<strong>PROJETO PATRICIA MORENO:<\/strong> ESTUDOS SOBRE AS CARACTER\u00cdSTICAS CLINICO-EPIDEMIOL\u00d3GICAS, PROGN\u00d3STICO, TRATAMENTO E QUALIDADE DE VIDA EM CRIAN\u00c7AS COM PARALISIA CEREBRAL: ABORDAGEM MULTIPROFISSIONAL<br \/>\n<strong>PROJETO RAMES MATTAR<\/strong>: ESTUDOS DA EPIDEMIOLOGIA, FISIOLOGIA, FISIOPATOLOGIA, ANATOMIA E TERAP\u00caUTICA EM LES\u00d5ES E ALTERA\u00c7\u00d5ES DA FISIOLOGIA DOS SISTEMAS MUSCULOESQUEL\u00c9TICO E DOS NERVOS PERIF\u00c9RICOS<br \/>\n<strong>PROJETO RAPHAEL MARCON<\/strong>: MEDICINA DIGITAL, INTELIG\u00caNCIA ARTIFICIAL E MEGABANCO DE DADOS<br \/>\n<strong>PROJETO RICARDO FULLER:<\/strong> DIST\u00daRBIOS DEGENERATIVOS E MICROCRISTALINOS EM ESTRUTURAS DO SISTEMA LOCOMOTOR<br \/>\n<strong>PROJETO RICCARDO GOBBI:<\/strong> ESTUDO DAS LES\u00d5ES DA CARTILAGEM DO JOELHO<br \/>\n<strong>PROJETO TARCISIO BARROS:<\/strong> TUMORES DA COLUNA VERTEBRAL<\/p>\n<\/div>\n<\/div>\n<div class=\"question\">\n<div class=\"title\"><i class=\"icon-plus acc-icon-plus\"><\/i><i class=\"icon-minus acc-icon-minus\"><\/i>OSTEOIMUNOLOGIA E AVALIA\u00c7\u00c3O DOS PROCESSOS DE REGENERA\u00c7\u00c3O M\u00daSCULOESQUEL\u00c9TICA<\/div>\n<div class=\"answer\" style=\"display: none;\">\n<ul class=\"ul-defesas\">\n<li style=\"list-style-type: none;\">\n<ul class=\"ul-defesas\">\n<li>Osteoimunologia e estudo dos processos de regenera\u00e7\u00e3o e de repara\u00e7\u00e3o estrutural e funcional dos \u00f3rg\u00e3os do aparelho locomotor, incluindo aspectos morfol\u00f3gicos, funcionais, sociais, epidemiol\u00f3gicos, terap\u00eauticos, cl\u00ednicos e cir\u00fargicos.<\/li>\n<\/ul>\n<\/li>\n<\/ul>\n<p><strong>ORIENTADORES\/PROJETOS<br \/>\nPROJETO MARCO DEMANGE:<\/strong>ESTUDOS DE ORTOBIOL\u00d3GICOS E C\u00c9LULAS TRONCO NO TRATAMENTO DE LES\u00d5ES ARTICULARES DO JOELHO<strong><br \/>\nPROJETO MARCO DEMANGE:<\/strong>ESTUDOS DO USO DE OXIGENIOTERAPIA HIPERB\u00c1RICA NAS LES\u00d5ES DO SISTEMA MUSCULOESQUEL\u00c9TICO<strong><br \/>\nPROJETO TIAGO LAZZARETTI:<\/strong>ENGENHARIA TECIDUAL, TERAPIA CELULAR E ORTOPEDIA BIOL\u00d3GICA RELACIONADAS \u00c0 PR\u00c1TICA DE ATIVIDADE F\u00cdSICA<strong><br \/>\nPROJETO WALCY TEODORO:<\/strong>ESTUDOS DA REATIVIDADE DOS COMPONENTES DA MATRIZ EXTRACELULAR NAS DOEN\u00c7AS OSTEOARTICULARES E AUTOIMNUNES: EM MODELOS PR\u00c9-CL\u00cdNICOS E TERAP\u00caUTICOS<strong><br \/>\nPROJETO WALCY TEODORO:<\/strong>ESTUDOS SOBRE O PAPEL DO COL\u00c1GENO DO TIPO V NOS MECANISMOS DE REGENERA\u00c7\u00c3O E FIBR\u00d3TICOS<\/p>\n<\/div>\n<\/div>\n<div class=\"question\">\n<div class=\"title\"><i class=\"icon-plus acc-icon-plus\"><\/i><i class=\"icon-minus acc-icon-minus\"><\/i>MODELOS CL\u00cdNICOS E EXPERIMENTAIS DA AN\u00c1LISE FUNCIONAL DO MOVIMENTO HUMANO<\/div>\n<div class=\"answer\" style=\"display: none;\">\n<ul class=\"ul-defesas\">\n<li style=\"list-style-type: none;\">\n<ul class=\"ul-defesas\">\n<li>Estudo do exerc\u00edcio f\u00edsico, do movimento e da fun\u00e7\u00e3o do aparelho locomotor, empregando m\u00e9todos cl\u00ednicos, laboratoriais, imaginol\u00f3gicos ou m\u00e9todos que utilizem equipamentos espec\u00edficos de avalia\u00e7\u00e3o funcional e reabilita\u00e7\u00e3o. Ser\u00e3o avaliados ainda o efeito do exerc\u00edcio f\u00edsico e suplementos alimentares nos indiv\u00edduos saud\u00e1veis, atletas e doentes.<\/li>\n<\/ul>\n<\/li>\n<\/ul>\n<p><strong>ORIENTADORES\/PROJETOS<\/strong><br \/>\n<strong>PROJETO MARCO DEMANGE:<\/strong> ESTUDO DAS LES\u00d5ES LIGAMENTARES DO JOELHO<br \/>\n<strong>PROJETO RICCARDO GOBBI:<\/strong> AVALIA\u00c7\u00c3O DA ARTICULA\u00c7\u00c3O DO JOELHO POR IMAGEM<br \/>\n<strong>PROJETO TIAGO LAZZARETTI:<\/strong> ESTUDOS SOBRE A AVALIA\u00c7\u00c3O DA FISIOLOGIA E TRAUMA DO ESPORTE<\/p>\n<\/div>\n<\/div>\n<div class=\"question\">\n<div class=\"title\"><i class=\"icon-plus acc-icon-plus\"><\/i><i class=\"icon-minus acc-icon-minus\"><\/i>SISTEMA IMUNE E AUTOIMUNE<\/div>\n<div class=\"answer\" style=\"display: none;\">\n<ul class=\"ul-defesas\">\n<li style=\"list-style-type: none;\">\n<ul class=\"ul-defesas\">\n<li>Estudo do sistema imune e autoimunidade abordando aspectos epidemiol\u00f3gicos, etiopatog\u00eanicos, cl\u00ednicos, laboratoriais, terap\u00eauticos, reabilita\u00e7\u00e3o e qualidade de vida.<\/li>\n<\/ul>\n<\/li>\n<\/ul>\n<p><strong>ORIENTADORES\/PROJETOS<br \/>\n<\/strong><strong>PROJETO ANA CRISTINA: <\/strong>ESTUDOS DE IMUNOGENICIDADE E EFETIVIDADE DA VACINA\u00c7\u00c3O CONTRA SARS-COV-2 EM PACIENTES COM ARTROPATIAS INFLAMAT\u00d3RIAS.<br \/>\n<strong>PROJETO ANA CRISTINA: <\/strong>ESTUDOS DE SEGURAN\u00c7A, EFETIVIDADE E PREDITORES DE RESPOSTA A AGENTES IMUNOBIOL\u00d3GICOS EM PACIENTES COM ARTROPATIAS INFLAMAT\u00d3RIAS.<br \/>\n<strong>PROJETO CLOVIS SILVA:<\/strong> ESTRAT\u00c9GIAS DE PREVEN\u00c7\u00c3O DE INFEC\u00c7\u00d5ES E SEUS MECANISMOS EM CRIAN\u00c7AS, ADOLESCENTES E ADULTOS COM DOEN\u00c7AS REUMATOL\u00d3GICAS AUTOIMUNES<br \/>\n<strong>PROJETO CLOVIS SILVA:<\/strong> ESTUDOS SOBRE CONDI\u00c7\u00d5ES CR\u00d4NICAS EM CRIAN\u00c7AS, ADOLESCENTES E JOVENS COM DOEN\u00c7AS REUMATOL\u00d3GICAS: UMA ABORDAGEM MULTIDISCIPLINAR<br \/>\n<strong>PROJETO DANIELI ANDRADE:<\/strong> PESQUISA TRANSLACIONAL EM S\u00cdNDROME ANTIFOSFOL\u00cdPIDE<br \/>\n<strong>PROJETO DIOGO DOMICIANO<\/strong>: ESTUDO SOBRE A INTERFACE ENTRE SA\u00daDE \u00d3SSEA \/ MUSCULAR E INFLAMA\u00c7\u00c3O EM INDIV\u00cdDUOS SAUD\u00c1VEIS E PACIENTES COM DOEN\u00c7AS REUMATOL\u00d3GICAS AUTO IMUNES<br \/>\n<strong>PROJETO EDUARDO BORBA:<\/strong> ETIOPATOGENESE, DIAGN\u00d3STICO, QUADRO CL\u00cdNICO, COMORBIDADES E TRATAMENTO E PREVEN\u00c7\u00c3O DE DOEN\u00c7AS OSTEOMETAB\u00d3LICAS<br \/>\n<strong>PROJETO EDUARDO BORBA<\/strong>: ETIOPATOGENESE, DIAGN\u00d3STICO, QUADRO CL\u00cdNICO, COMORBIDADES E TRATAMENTO E PREVEN\u00c7\u00c3O DE LUPUS ERITEMATOSO SIST\u00caMICO<br \/>\n<strong>PROJETO ELOISA BONFA:<\/strong> ETIOPATOGENESE, DIAGN\u00d3STICO, TRATAMENTO E PREVEN\u00c7\u00c3O DE DOEN\u00c7AS AUTOIMUNES<br \/>\n<strong>PROJETO NADIA AIKAWA:<\/strong> ESTUDOS SOBRE FATORES ASSOCIADOS A ATIVIDADE DE DOEN\u00c7A E DESFECHOS EM DOEN\u00c7AS REUMATOL\u00d3GICAS AUTOIMUNES JUVENIS E DE ADULTOS: CARACTER\u00cdSTICAS DEMOGR\u00c1FICAS, CL\u00cdNICO-LABORATORIAIS E IMUNIZA\u00c7\u00d5ES.<br \/>\n<strong>PROJETO SAMUEL SHINJO:<\/strong> ESTUDO DA BANCADA AO LEITO EM MIOPATIAS INFLAMAT\u00d3RIAS IDIOP\u00c1TICAS<br \/>\n<strong>PROJETO SAMUEL SHINJO:<\/strong> ESTUDO DA BANCADA AO LEITO EM VASCULITES SIST\u00caMICAS PRIM\u00c1RIAS<br \/>\n<strong>PROJETO SANDRA GOFINET:<\/strong> COLABORA\u00c7\u00c3O PARA O ESTUDO DA DOEN\u00c7A DE SJ\u00d6GREN E DO L\u00daPUS ERITEMATOSO SIST\u00caMICO: CARACTERIZA\u00c7\u00c3O DE FEN\u00d3TIPOS CL\u00cdNICOS, PRODU\u00c7\u00c3O DE AUTOANTICORPOS, COMORBIDADES, FATORES PROGN\u00d3STICOS E TRATAMENTO.<\/p>\n<\/div>\n<\/div>\n<div class=\"question\">\n<div class=\"title\"><i class=\"icon-plus acc-icon-plus\"><\/i><i class=\"icon-minus acc-icon-minus\"><\/i>EFEITOS DO EXERC\u00cdCIO F\u00cdSICO, NUTRI\u00c7\u00c3O E GEN\u00c9TICA NA SA\u00daDE E NO DESEMPENHO F\u00cdSICO<\/div>\n<div class=\"answer\" style=\"display: none;\">\n<ul class=\"ul-defesas\">\n<li style=\"list-style-type: none;\">\n<ul class=\"ul-defesas\">\n<li>Esta linha de pesquisa tem uma caracter\u00edstica abrangente, abarcando a investiga\u00e7\u00e3o do papel do exerc\u00edcio f\u00edsico, da nutri\u00e7\u00e3o e da gen\u00e9tica, de forma isolada ou combinada, tanto sobre o desempenho f\u00edsico de atletas e indiv\u00edduos engajados na pr\u00e1tica de atividades f\u00edsicas como na promo\u00e7\u00e3o da sa\u00fade e no seu efeito terap\u00eautico em diversas condi\u00e7\u00f5es patol\u00f3gicas. Consiste, portanto, em investiga\u00e7\u00f5es que v\u00e3o desde o modelo in vitro, passando por desenhos experimentais e cl\u00ednicos que visam ampliar o entendimento cl\u00ednico, mecanicista (envolvendo desde a fisiologia, biomec\u00e2nica, controle motor etc&#8230; at\u00e9 aspectos comportamentais) e integrativo dos papeis agudo e cr\u00f4nico da nutri\u00e7\u00e3o, atividade f\u00edsica e gen\u00e9tica sobre a sa\u00fade, a qualidade de vida e o desempenho f\u00edsico esportivo em diversas popula\u00e7\u00f5es.<\/li>\n<\/ul>\n<\/li>\n<\/ul>\n<p><strong>ORIENTADORES\/PROJETOS<\/strong><br \/>\n<strong>PROJETO ARNALDO HERNANDEZ:<\/strong> AVALIA\u00c7\u00c3O FUNCIONAL DO APARELHO LOCOMOTOR NA PR\u00c1TICA ESPORTIVA<br \/>\n<strong>PROJETO BRUNO GUALANO:<\/strong> ESTUDOS SOBRE O PAPEL DA ATIVIDADE F\u00cdSICA NAS DOEN\u00c7AS CR\u00d4NICAS: MECANISMOS E EFEITOS SOBRE A SA\u00daDE<br \/>\n<strong>PROJETO BRYAN SAUNDERS<\/strong>: EXERC\u00cdCIO, NUTRI\u00c7\u00c3O E SUPLEMENTA\u00c7\u00c3O NUTRICIONAL PARA OTIMIZAR O DESEMPENHO DO EXERC\u00cdCIO: FOCO NAS RESPOSTAS INDIVIDUAIS E UM PASSO PARA A NUTRI\u00c7\u00c3O ESPORTIVA PERSONALIZADA<br \/>\n<strong>PROJETO BRYAN SAUNDERS:<\/strong> OS EFEITOS DE PLACEBO EM DIFERENTES FORMAS DE ADMINISTRA\u00c7\u00c3O SOBRE O DESEMPENHO, FOR\u00c7A E HIPERTROFIA<br \/>\n<strong>PROJETO CAROLINA NICOLETTI:<\/strong> ASSINATURAS EPIGEN\u00c9TICAS NO TECIDO ADIPOSO<br \/>\n<strong>PROJETO CAROLINA NICOLETTI<\/strong>: GEN\u00d4MICA NUTRICIONAL NAS DOEN\u00c7AS CR\u00d4NICAS E\/OU REUM\u00c1TICAS<br \/>\n<strong>PROJETO EIMEAR DOLAN:<\/strong> ESTUDOS ACERCA DA INTERA\u00c7\u00c3O ENTRE NUTRI\u00c7\u00c3O E ATIVIDADE F\u00cdSICA NA SA\u00daDE E DESEMPENHO DE DIVERSOS GRUPOS, DESDE ATLETAS AT\u00c9 POPULA\u00c7\u00d5ES CL\u00cdNICAS.<br \/>\n<strong>PROJETO GUILHERME ARTIOLI:<\/strong> ESTUDO SOBRE A INTERFACE ENTRE GEN\u00c9TICA, NUTRI\u00c7\u00c3O E EXERC\u00cdCIO NA SA\u00daDE E NO DESEMPENHO ESPORTIVO<br \/>\n<strong>PROJETO HAMILTON ROSCHEL:<\/strong> ESTUDOS SOBRE O PAPEL SINERG\u00c9TICO DO EXERCICIO E DA NUTRI\u00c7\u00c3O EM DOEN\u00c7AS CR\u00d4NICAS E NO ENVELHECIMENTO<br \/>\n<strong>PROJETO HEITOR PASQUIM:<\/strong>\u00a0PR\u00c1TICAS EM REDU\u00c7\u00c3O DE DANOS COMO INTERVEN\u00c7\u00c3O PARA PESSOAS QUE CONSOMEM ESTEROIDES ANDROG\u00caNICOS ANABOLIZANTES<br \/>\n<strong>PROJETO RAPHAEL MARCON:<\/strong> ESCOLIOSE E SUAS REPERCUSS\u00d5ES<br \/>\n<strong>PROJETO TIAGO LAZZARETTI:<\/strong> INOVA\u00c7\u00c3O, EMPREENDEDORISMO E CAPACITA\u00c7\u00c3O NA \u00c1REA DE MEDIDICNA DO ESPORTE E ORTOPEDIA<\/p>\n<\/div>\n<\/div>\n<\/div>\n<\/div>\n","protected":false},"excerpt":{"rendered":"<p>MODELOS PARA AN\u00c1LISE DE LES\u00d5ES DO SISTEMA NERVOSO Estudo dos traumatismos relacionados a coluna vertebral e nervos perif\u00e9ricos. Estudo dos v\u00e1rios fatores envolvidos na regenera\u00e7\u00e3o das [&hellip;]<\/p>\n","protected":false},"author":1,"featured_media":0,"parent":16,"menu_order":13,"comment_status":"closed","ping_status":"closed","template":"","meta":{"footnotes":""},"class_list":["post-26","page","type-page","status-publish","hentry"],"yoast_head":"<!-- This site is optimized with the Yoast SEO plugin v25.5 - https:\/\/yoast.com\/wordpress\/plugins\/seo\/ -->\n<title>Linha de Pesquisa \/ Projetos - P\u00f3s-Gradua\u00e7\u00e3o em Ci\u00eancias do Sistema Musculoesquel\u00e9tico<\/title>\n<meta name=\"robots\" content=\"index, follow, max-snippet:-1, max-image-preview:large, max-video-preview:-1\" \/>\n<link rel=\"canonical\" href=\"https:\/\/www.musculoesqueleticousp.com.br\/pesquisas\/linhas-de-pesquisa\/\" \/>\n<meta property=\"og:locale\" content=\"en_US\" \/>\n<meta property=\"og:type\" content=\"article\" \/>\n<meta property=\"og:title\" content=\"Linha de Pesquisa \/ Projetos - P\u00f3s-Gradua\u00e7\u00e3o em Ci\u00eancias do Sistema Musculoesquel\u00e9tico\" \/>\n<meta property=\"og:description\" content=\"MODELOS PARA AN\u00c1LISE DE LES\u00d5ES DO SISTEMA NERVOSO Estudo dos traumatismos relacionados a coluna vertebral e nervos perif\u00e9ricos. Estudo dos v\u00e1rios fatores envolvidos na regenera\u00e7\u00e3o das [&hellip;]\" \/>\n<meta property=\"og:url\" content=\"https:\/\/www.musculoesqueleticousp.com.br\/pesquisas\/linhas-de-pesquisa\/\" \/>\n<meta property=\"og:site_name\" content=\"P\u00f3s-Gradua\u00e7\u00e3o em Ci\u00eancias do Sistema Musculoesquel\u00e9tico\" \/>\n<meta property=\"article:modified_time\" content=\"2026-02-06T12:06:23+00:00\" \/>\n<meta name=\"twitter:card\" content=\"summary_large_image\" \/>\n<meta name=\"twitter:label1\" content=\"Est. reading time\" \/>\n\t<meta name=\"twitter:data1\" content=\"8 minutes\" \/>\n<script type=\"application\/ld+json\" class=\"yoast-schema-graph\">{\"@context\":\"https:\/\/schema.org\",\"@graph\":[{\"@type\":\"WebPage\",\"@id\":\"https:\/\/www.musculoesqueleticousp.com.br\/pesquisas\/linhas-de-pesquisa\/\",\"url\":\"https:\/\/www.musculoesqueleticousp.com.br\/pesquisas\/linhas-de-pesquisa\/\",\"name\":\"Linha de Pesquisa \/ Projetos - P\u00f3s-Gradua\u00e7\u00e3o em Ci\u00eancias do Sistema Musculoesquel\u00e9tico\",\"isPartOf\":{\"@id\":\"https:\/\/www.musculoesqueleticousp.com.br\/en\/#website\"},\"datePublished\":\"2020-03-25T18:17:34+00:00\",\"dateModified\":\"2026-02-06T12:06:23+00:00\",\"breadcrumb\":{\"@id\":\"https:\/\/www.musculoesqueleticousp.com.br\/pesquisas\/linhas-de-pesquisa\/#breadcrumb\"},\"inLanguage\":\"en-US\",\"potentialAction\":[{\"@type\":\"ReadAction\",\"target\":[\"https:\/\/www.musculoesqueleticousp.com.br\/pesquisas\/linhas-de-pesquisa\/\"]}]},{\"@type\":\"BreadcrumbList\",\"@id\":\"https:\/\/www.musculoesqueleticousp.com.br\/pesquisas\/linhas-de-pesquisa\/#breadcrumb\",\"itemListElement\":[{\"@type\":\"ListItem\",\"position\":1,\"name\":\"Home\",\"item\":\"https:\/\/www.musculoesqueleticousp.com.br\/en\/\"},{\"@type\":\"ListItem\",\"position\":2,\"name\":\"Research\",\"item\":\"https:\/\/www.musculoesqueleticousp.com.br\/en\/pesquisas\/\"},{\"@type\":\"ListItem\",\"position\":3,\"name\":\"Linha de Pesquisa \/ Projetos\"}]},{\"@type\":\"WebSite\",\"@id\":\"https:\/\/www.musculoesqueleticousp.com.br\/en\/#website\",\"url\":\"https:\/\/www.musculoesqueleticousp.com.br\/en\/\",\"name\":\"P\u00f3s-Gradua\u00e7\u00e3o em Ci\u00eancias do Sistema Musculoesquel\u00e9tico\",\"description\":\"Website do P\u00f3s-Gradua\u00e7\u00e3o em Ci\u00eancias do Sistema Musculoesquel\u00e9tico\",\"publisher\":{\"@id\":\"https:\/\/www.musculoesqueleticousp.com.br\/en\/#organization\"},\"potentialAction\":[{\"@type\":\"SearchAction\",\"target\":{\"@type\":\"EntryPoint\",\"urlTemplate\":\"https:\/\/www.musculoesqueleticousp.com.br\/en\/?s={search_term_string}\"},\"query-input\":{\"@type\":\"PropertyValueSpecification\",\"valueRequired\":true,\"valueName\":\"search_term_string\"}}],\"inLanguage\":\"en-US\"},{\"@type\":\"Organization\",\"@id\":\"https:\/\/www.musculoesqueleticousp.com.br\/en\/#organization\",\"name\":\"P\u00f3s-Gradua\u00e7\u00e3o em Ci\u00eancias do Sistema Musculoesquel\u00e9tico\",\"url\":\"https:\/\/www.musculoesqueleticousp.com.br\/en\/\",\"logo\":{\"@type\":\"ImageObject\",\"inLanguage\":\"en-US\",\"@id\":\"https:\/\/www.musculoesqueleticousp.com.br\/en\/#\/schema\/logo\/image\/\",\"url\":\"https:\/\/www.musculoesqueleticousp.com.br\/wp-content\/uploads\/2020\/04\/logo_pg_cme_v3_h120.png\",\"contentUrl\":\"https:\/\/www.musculoesqueleticousp.com.br\/wp-content\/uploads\/2020\/04\/logo_pg_cme_v3_h120.png\",\"width\":481,\"height\":120,\"caption\":\"P\u00f3s-Gradua\u00e7\u00e3o em Ci\u00eancias do Sistema Musculoesquel\u00e9tico\"},\"image\":{\"@id\":\"https:\/\/www.musculoesqueleticousp.com.br\/en\/#\/schema\/logo\/image\/\"}}]}<\/script>\n<!-- \/ Yoast SEO plugin. -->","yoast_head_json":{"title":"Linha de Pesquisa \/ Projetos - P\u00f3s-Gradua\u00e7\u00e3o em Ci\u00eancias do Sistema Musculoesquel\u00e9tico","robots":{"index":"index","follow":"follow","max-snippet":"max-snippet:-1","max-image-preview":"max-image-preview:large","max-video-preview":"max-video-preview:-1"},"canonical":"https:\/\/www.musculoesqueleticousp.com.br\/pesquisas\/linhas-de-pesquisa\/","og_locale":"en_US","og_type":"article","og_title":"Linha de Pesquisa \/ Projetos - P\u00f3s-Gradua\u00e7\u00e3o em Ci\u00eancias do Sistema Musculoesquel\u00e9tico","og_description":"MODELOS PARA AN\u00c1LISE DE LES\u00d5ES DO SISTEMA NERVOSO Estudo dos traumatismos relacionados a coluna vertebral e nervos perif\u00e9ricos. Estudo dos v\u00e1rios fatores envolvidos na regenera\u00e7\u00e3o das [&hellip;]","og_url":"https:\/\/www.musculoesqueleticousp.com.br\/pesquisas\/linhas-de-pesquisa\/","og_site_name":"P\u00f3s-Gradua\u00e7\u00e3o em Ci\u00eancias do Sistema Musculoesquel\u00e9tico","article_modified_time":"2026-02-06T12:06:23+00:00","twitter_card":"summary_large_image","twitter_misc":{"Est. reading time":"8 minutes"},"schema":{"@context":"https:\/\/schema.org","@graph":[{"@type":"WebPage","@id":"https:\/\/www.musculoesqueleticousp.com.br\/pesquisas\/linhas-de-pesquisa\/","url":"https:\/\/www.musculoesqueleticousp.com.br\/pesquisas\/linhas-de-pesquisa\/","name":"Linha de Pesquisa \/ Projetos - P\u00f3s-Gradua\u00e7\u00e3o em Ci\u00eancias do Sistema Musculoesquel\u00e9tico","isPartOf":{"@id":"https:\/\/www.musculoesqueleticousp.com.br\/en\/#website"},"datePublished":"2020-03-25T18:17:34+00:00","dateModified":"2026-02-06T12:06:23+00:00","breadcrumb":{"@id":"https:\/\/www.musculoesqueleticousp.com.br\/pesquisas\/linhas-de-pesquisa\/#breadcrumb"},"inLanguage":"en-US","potentialAction":[{"@type":"ReadAction","target":["https:\/\/www.musculoesqueleticousp.com.br\/pesquisas\/linhas-de-pesquisa\/"]}]},{"@type":"BreadcrumbList","@id":"https:\/\/www.musculoesqueleticousp.com.br\/pesquisas\/linhas-de-pesquisa\/#breadcrumb","itemListElement":[{"@type":"ListItem","position":1,"name":"Home","item":"https:\/\/www.musculoesqueleticousp.com.br\/en\/"},{"@type":"ListItem","position":2,"name":"Research","item":"https:\/\/www.musculoesqueleticousp.com.br\/en\/pesquisas\/"},{"@type":"ListItem","position":3,"name":"Linha de Pesquisa \/ Projetos"}]},{"@type":"WebSite","@id":"https:\/\/www.musculoesqueleticousp.com.br\/en\/#website","url":"https:\/\/www.musculoesqueleticousp.com.br\/en\/","name":"P\u00f3s-Gradua\u00e7\u00e3o em Ci\u00eancias do Sistema Musculoesquel\u00e9tico","description":"Website do P\u00f3s-Gradua\u00e7\u00e3o em Ci\u00eancias do Sistema Musculoesquel\u00e9tico","publisher":{"@id":"https:\/\/www.musculoesqueleticousp.com.br\/en\/#organization"},"potentialAction":[{"@type":"SearchAction","target":{"@type":"EntryPoint","urlTemplate":"https:\/\/www.musculoesqueleticousp.com.br\/en\/?s={search_term_string}"},"query-input":{"@type":"PropertyValueSpecification","valueRequired":true,"valueName":"search_term_string"}}],"inLanguage":"en-US"},{"@type":"Organization","@id":"https:\/\/www.musculoesqueleticousp.com.br\/en\/#organization","name":"P\u00f3s-Gradua\u00e7\u00e3o em Ci\u00eancias do Sistema Musculoesquel\u00e9tico","url":"https:\/\/www.musculoesqueleticousp.com.br\/en\/","logo":{"@type":"ImageObject","inLanguage":"en-US","@id":"https:\/\/www.musculoesqueleticousp.com.br\/en\/#\/schema\/logo\/image\/","url":"https:\/\/www.musculoesqueleticousp.com.br\/wp-content\/uploads\/2020\/04\/logo_pg_cme_v3_h120.png","contentUrl":"https:\/\/www.musculoesqueleticousp.com.br\/wp-content\/uploads\/2020\/04\/logo_pg_cme_v3_h120.png","width":481,"height":120,"caption":"P\u00f3s-Gradua\u00e7\u00e3o em Ci\u00eancias do Sistema Musculoesquel\u00e9tico"},"image":{"@id":"https:\/\/www.musculoesqueleticousp.com.br\/en\/#\/schema\/logo\/image\/"}}]}},"_links":{"self":[{"href":"https:\/\/www.musculoesqueleticousp.com.br\/en\/wp-json\/wp\/v2\/pages\/26","targetHints":{"allow":["GET"]}}],"collection":[{"href":"https:\/\/www.musculoesqueleticousp.com.br\/en\/wp-json\/wp\/v2\/pages"}],"about":[{"href":"https:\/\/www.musculoesqueleticousp.com.br\/en\/wp-json\/wp\/v2\/types\/page"}],"author":[{"embeddable":true,"href":"https:\/\/www.musculoesqueleticousp.com.br\/en\/wp-json\/wp\/v2\/users\/1"}],"replies":[{"embeddable":true,"href":"https:\/\/www.musculoesqueleticousp.com.br\/en\/wp-json\/wp\/v2\/comments?post=26"}],"version-history":[{"count":44,"href":"https:\/\/www.musculoesqueleticousp.com.br\/en\/wp-json\/wp\/v2\/pages\/26\/revisions"}],"predecessor-version":[{"id":78405,"href":"https:\/\/www.musculoesqueleticousp.com.br\/en\/wp-json\/wp\/v2\/pages\/26\/revisions\/78405"}],"up":[{"embeddable":true,"href":"https:\/\/www.musculoesqueleticousp.com.br\/en\/wp-json\/wp\/v2\/pages\/16"}],"wp:attachment":[{"href":"https:\/\/www.musculoesqueleticousp.com.br\/en\/wp-json\/wp\/v2\/media?parent=26"}],"curies":[{"name":"wp","href":"https:\/\/api.w.org\/{rel}","templated":true}]}}