{"id":2406,"date":"2023-02-12T08:01:54","date_gmt":"2023-02-12T11:01:54","guid":{"rendered":"https:\/\/www.musculoesqueleticousp.com.br\/?page_id=2406"},"modified":"2024-06-18T16:23:56","modified_gmt":"2024-06-18T19:23:56","slug":"diogo-souza-domiciano","status":"publish","type":"page","link":"https:\/\/www.musculoesqueleticousp.com.br\/en\/pesquisas\/orientadores\/diogo-souza-domiciano\/","title":{"rendered":"Diogo Souza Domiciano"},"content":{"rendered":"<p><strong><img loading=\"lazy\" decoding=\"async\" class=\"alignleft wp-image-2407\" src=\"https:\/\/www.musculoesqueleticousp.com.br\/wp-content\/uploads\/2023\/02\/Diogo-Souza-Domiciano-Foto-300x300.jpg\" alt=\"\" width=\"176\" height=\"176\" srcset=\"https:\/\/www.musculoesqueleticousp.com.br\/wp-content\/uploads\/2023\/02\/Diogo-Souza-Domiciano-Foto-300x300.jpg 300w, https:\/\/www.musculoesqueleticousp.com.br\/wp-content\/uploads\/2023\/02\/Diogo-Souza-Domiciano-Foto-150x150.jpg 150w, https:\/\/www.musculoesqueleticousp.com.br\/wp-content\/uploads\/2023\/02\/Diogo-Souza-Domiciano-Foto-146x146.jpg 146w, https:\/\/www.musculoesqueleticousp.com.br\/wp-content\/uploads\/2023\/02\/Diogo-Souza-Domiciano-Foto-50x50.jpg 50w, https:\/\/www.musculoesqueleticousp.com.br\/wp-content\/uploads\/2023\/02\/Diogo-Souza-Domiciano-Foto-80x80.jpg 80w, https:\/\/www.musculoesqueleticousp.com.br\/wp-content\/uploads\/2023\/02\/Diogo-Souza-Domiciano-Foto-75x75.jpg 75w, https:\/\/www.musculoesqueleticousp.com.br\/wp-content\/uploads\/2023\/02\/Diogo-Souza-Domiciano-Foto-85x85.jpg 85w, https:\/\/www.musculoesqueleticousp.com.br\/wp-content\/uploads\/2023\/02\/Diogo-Souza-Domiciano-Foto.jpg 640w\" sizes=\"auto, (max-width: 176px) 100vw, 176px\" \/><\/strong><\/p>\n<p><strong>T\u00edtle:<\/strong>\u00a0Doctor<br \/>\n<strong>E-mail<\/strong>: dsdomiciano@hotmail.com; <a href=\"mailto:diogo.domiciano@hc.fm.usp.br\">diogo.domiciano@hc.fm.usp.br<\/a><br \/>\n<strong>Lattes:\u00a0<\/strong>\u00a0<a href=\"http:\/\/lattes.cnpq.br\/9594814052009112\">http:\/\/lattes.cnpq.br\/9594814052009112<\/a><br \/>\n<strong>Orcid<\/strong>:\u00a00000-0001-7991-0231\u00a0<a href=\"https:\/\/orcid.org\/0000-0001-7991-0231\">https:\/\/orcid.org\/0000-0001-7991-0231<\/a><br \/>\n<strong>Scopus<\/strong>: \u00a0ID25654883800\u00a0<a href=\"https:\/\/www.scopus.com\/authid\/detail.uri?authorId=25654883800\">https:\/\/www.scopus.com\/authid\/detail.uri?authorId=25654883800<\/a><br \/>\n<strong>Google Scholar<\/strong>: ID boX7j0QAAAAJ\u00a0<a href=\"https:\/\/scholar.google.com.br\/citations?hl=pt-BR&amp;user=boX7j0QAAAAJ\">https:\/\/scholar.google.com.br\/citations?hl=pt-BR&amp;user=boX7j0QAAAAJ<\/a><br \/>\n<strong>Research ID<\/strong>:HLQ-7587-2023\u00a0\u00a0<a href=\"http:\/\/www.webofscience.com\/wos\/author\/record\/%5bHLQ-7587-2023%5d\"><strong>http:\/\/www.webofscience.com\/wos\/author\/record\/[HLQ-7587-2023]<\/strong><\/a><\/p>\n<h2><strong>Line of research <\/strong><\/h2>\n<p>\u2013 Osteoporosis and Osteometabolism in the general population and in rheumatological diseases<br \/>\n&#8211; Sarcopenia and Body Composition (elderly and in rheumatological diseases)<br \/>\n\u2013 Fibromyalgia and Chronic Pain with focus on rheumatological diseases<\/p>\n<h2><strong>Summary <\/strong><\/h2>\n<p>Bone Metabolism Laboratory of the Rheumatology Division is dedicated to the clinical and experimental study of bone metabolism and osteoporosis, focusing on epidemiology of osteoporosis and evaluation of bone health and body composition\/sarcopenia in patients with rheumatological diseases and also in the general population. The lab is equipped with different devices, including densitometry with Vertebral Fracture Assessment (VFA), measurement of visceral fat and Trabecular Bone Score (TBS) softwares. In addition, we have two multi-user equipment (Peripheral high-resolution computed tomography [HR-pQCT] and high-resolution video system [Osteomeasure]) used in the study of bone microarchitecture and quantitative analysis of bone fragments (histomorphometry) obtained by biopsy, respectively. We have clinical studies in patients from the entire hospital complex (Hospital das Cl\u00ednicas), epidemiological studies (more than 10-year follow-up) of a Brazilian community-dwelling elderly (Sao Paulo Ageing &amp; Health &#8211; SPAH) and molecular analyzes of gene expression and polymorphisms genetics in osteoporosis.<\/p>\n<h3><strong>Relevant articles<\/strong><\/h3>\n<p>Domiciano DS, Machado LG, Lopes JB, Figueiredo CP, Caparbo VF, Oliveira RM, Scazufca M, McClung MR, Pereira RM. Bone Mineral Density and Parathyroid Hormone as Independent Risk Factors for Mortality in Community-Dwelling Older Adults: A Population-Based Prospective Cohort Study in Brazil. The S\u00e3o Paulo Ageing &amp; Health (SPAH) Study. J Bone Miner Res. 2016;31(6):1146-57. doi: 10.1002\/jbmr.2795.<\/p>\n<p>Domiciano DS, Machado LG, Figueiredo CP, Caparbo VF, Oliveira RM, Menezes PR, Pereira RMR. Incidence and risk factors for osteoporotic non-vertebral fracture in low-income community-dwelling elderly: a population-based prospective cohort study in Brazil. The S\u00e3o Paulo Ageing and Health (SPAH) study. Osteoporos Int. 2021;32(4):747-757. doi: 10.1007\/s00198-020-05669-6.<\/p>\n<p>Carvalho GD, Bonfiglioli K, Caparbo VF, Takayama L, Pereira RMR, Domiciano DS. Changes to Body Composition in Women With Long-Standing Established Rheumatoid Arthritis: Differences by Level of Disease Activity. J Clin Densitom. 2020;23(4):639-646. doi: 10.1016\/j.jocd.2019.06.002.<\/p>\n<p>Domiciano DS, Figueiredo CP, Lopes JB, Kuroishi ME, Takayama L, Caparbo VF, Fuller P, Menezes PF, Scazufca M, Bonfa E, Pereira RM. Vertebral fracture assessment by dual X-ray absorptiometry: a valid tool to detect vertebral fractures in community-dwelling older adults in a population-based survey. Arthritis Care Res (Hoboken). 2013;65(5):809-15. doi: 10.1002\/acr.21905.<\/p>\n<p>Domiciano DS, Figueiredo CP, Lopes JB, Caparbo VF, Takayama L, Menezes PR, Bonfa E, Pereira RM. Discriminating sarcopenia in community-dwelling older women with high frequency of overweight\/obesity: the S\u00e3o Paulo Ageing &amp; Health Study (SPAH). Osteoporos Int. 2013;24(2):595-603. doi: 10.1007\/s00198-012-2002-1.<\/p>\n<p>&nbsp;<\/p>\n<h2><strong>PROJETOS ORIENTADOR\/ LINHA<\/strong><\/h2>\n<p><strong>Linha 3. DIST\u00daRBIOS DEGENERATIVOS, INFLAMAT\u00d3RIOS E ESTRUTURAIS DO SISTEMA LOCOMOTOR<br \/>\n<\/strong><strong>PROJETO DIOGO DOMICIANO:<\/strong> AVALIA\u00c7\u00c3O DE SENSIBILIZA\u00c7\u00c3O CENTRAL DA DOR E FIBROMIALGIA EM DOEN\u00c7AS INFLAMAT\u00d3RIAS AUTOIMNES<br \/>\n<strong>Linha 6. SISTEMA IMUNE E AUTOIMUNE<br \/>\n<\/strong><strong>PROJETO DIOGO DOMICIANO<\/strong>: ESTUDO SOBRE A INTERFACE ENTRE SA\u00daDE \u00d3SSEA \/ MUSCULAR E INFLAMA\u00c7\u00c3O EM INDIV\u00cdDUOS SAUD\u00c1VEIS E PACIENTES COM DOEN\u00c7AS REUMATOL\u00d3GICAS AUTO IMUNES<\/p>","protected":false},"excerpt":{"rendered":"<p>T\u00edtle:\u00a0Doctor E-mail: dsdomiciano@hotmail.com; diogo.domiciano@hc.fm.usp.br Lattes:\u00a0\u00a0http:\/\/lattes.cnpq.br\/9594814052009112 Orcid:\u00a00000-0001-7991-0231\u00a0https:\/\/orcid.org\/0000-0001-7991-0231 Scopus: \u00a0ID25654883800\u00a0https:\/\/www.scopus.com\/authid\/detail.uri?authorId=25654883800 Google Scholar: ID boX7j0QAAAAJ\u00a0https:\/\/scholar.google.com.br\/citations?hl=pt-BR&amp;user=boX7j0QAAAAJ Research ID:HLQ-7587-2023\u00a0\u00a0http:\/\/www.webofscience.com\/wos\/author\/record\/[HLQ-7587-2023] Line of research \u2013 Osteoporosis and Osteometabolism in the general population and [&hellip;]<\/p>\n","protected":false},"author":3,"featured_media":0,"parent":25,"menu_order":0,"comment_status":"closed","ping_status":"closed","template":"","meta":{"footnotes":""},"class_list":["post-2406","page","type-page","status-publish","hentry"],"yoast_head":"<!-- This site is optimized with the Yoast SEO plugin v25.5 - https:\/\/yoast.com\/wordpress\/plugins\/seo\/ -->\n<title>Diogo Souza Domiciano - P\u00f3s-Gradua\u00e7\u00e3o em Ci\u00eancias do Sistema Musculoesquel\u00e9tico<\/title>\n<meta name=\"robots\" content=\"index, follow, max-snippet:-1, max-image-preview:large, max-video-preview:-1\" \/>\n<link rel=\"canonical\" href=\"https:\/\/www.musculoesqueleticousp.com.br\/pesquisas\/orientadores\/diogo-souza-domiciano\/\" \/>\n<meta property=\"og:locale\" content=\"en_US\" \/>\n<meta property=\"og:type\" content=\"article\" \/>\n<meta property=\"og:title\" content=\"Diogo Souza Domiciano - P\u00f3s-Gradua\u00e7\u00e3o em Ci\u00eancias do Sistema Musculoesquel\u00e9tico\" \/>\n<meta property=\"og:description\" content=\"T\u00edtle:\u00a0Doctor E-mail: dsdomiciano@hotmail.com; diogo.domiciano@hc.fm.usp.br Lattes:\u00a0\u00a0http:\/\/lattes.cnpq.br\/9594814052009112 Orcid:\u00a00000-0001-7991-0231\u00a0https:\/\/orcid.org\/0000-0001-7991-0231 Scopus: \u00a0ID25654883800\u00a0https:\/\/www.scopus.com\/authid\/detail.uri?authorId=25654883800 Google Scholar: ID boX7j0QAAAAJ\u00a0https:\/\/scholar.google.com.br\/citations?hl=pt-BR&amp;user=boX7j0QAAAAJ Research ID:HLQ-7587-2023\u00a0\u00a0http:\/\/www.webofscience.com\/wos\/author\/record\/[HLQ-7587-2023] Line of research \u2013 Osteoporosis and Osteometabolism in the general population and [&hellip;]\" \/>\n<meta property=\"og:url\" content=\"https:\/\/www.musculoesqueleticousp.com.br\/pesquisas\/orientadores\/diogo-souza-domiciano\/\" \/>\n<meta property=\"og:site_name\" content=\"P\u00f3s-Gradua\u00e7\u00e3o em Ci\u00eancias do Sistema Musculoesquel\u00e9tico\" \/>\n<meta property=\"article:modified_time\" content=\"2024-06-18T19:23:56+00:00\" \/>\n<meta property=\"og:image\" content=\"https:\/\/www.musculoesqueleticousp.com.br\/wp-content\/uploads\/2023\/02\/Diogo-Souza-Domiciano-Foto-300x300.jpg\" \/>\n<meta name=\"twitter:card\" content=\"summary_large_image\" \/>\n<meta name=\"twitter:label1\" content=\"Est. reading time\" \/>\n\t<meta name=\"twitter:data1\" content=\"9 minutes\" \/>\n<script type=\"application\/ld+json\" class=\"yoast-schema-graph\">{\"@context\":\"https:\/\/schema.org\",\"@graph\":[{\"@type\":\"WebPage\",\"@id\":\"https:\/\/www.musculoesqueleticousp.com.br\/pesquisas\/orientadores\/diogo-souza-domiciano\/\",\"url\":\"https:\/\/www.musculoesqueleticousp.com.br\/pesquisas\/orientadores\/diogo-souza-domiciano\/\",\"name\":\"Diogo Souza Domiciano - P\u00f3s-Gradua\u00e7\u00e3o em Ci\u00eancias do Sistema Musculoesquel\u00e9tico\",\"isPartOf\":{\"@id\":\"https:\/\/www.musculoesqueleticousp.com.br\/en\/#website\"},\"primaryImageOfPage\":{\"@id\":\"https:\/\/www.musculoesqueleticousp.com.br\/pesquisas\/orientadores\/diogo-souza-domiciano\/#primaryimage\"},\"image\":{\"@id\":\"https:\/\/www.musculoesqueleticousp.com.br\/pesquisas\/orientadores\/diogo-souza-domiciano\/#primaryimage\"},\"thumbnailUrl\":\"https:\/\/www.musculoesqueleticousp.com.br\/wp-content\/uploads\/2023\/02\/Diogo-Souza-Domiciano-Foto-300x300.jpg\",\"datePublished\":\"2023-02-12T11:01:54+00:00\",\"dateModified\":\"2024-06-18T19:23:56+00:00\",\"breadcrumb\":{\"@id\":\"https:\/\/www.musculoesqueleticousp.com.br\/pesquisas\/orientadores\/diogo-souza-domiciano\/#breadcrumb\"},\"inLanguage\":\"en-US\",\"potentialAction\":[{\"@type\":\"ReadAction\",\"target\":[\"https:\/\/www.musculoesqueleticousp.com.br\/pesquisas\/orientadores\/diogo-souza-domiciano\/\"]}]},{\"@type\":\"ImageObject\",\"inLanguage\":\"en-US\",\"@id\":\"https:\/\/www.musculoesqueleticousp.com.br\/pesquisas\/orientadores\/diogo-souza-domiciano\/#primaryimage\",\"url\":\"https:\/\/www.musculoesqueleticousp.com.br\/wp-content\/uploads\/2023\/02\/Diogo-Souza-Domiciano-Foto-300x300.jpg\",\"contentUrl\":\"https:\/\/www.musculoesqueleticousp.com.br\/wp-content\/uploads\/2023\/02\/Diogo-Souza-Domiciano-Foto-300x300.jpg\"},{\"@type\":\"BreadcrumbList\",\"@id\":\"https:\/\/www.musculoesqueleticousp.com.br\/pesquisas\/orientadores\/diogo-souza-domiciano\/#breadcrumb\",\"itemListElement\":[{\"@type\":\"ListItem\",\"position\":1,\"name\":\"Home\",\"item\":\"https:\/\/www.musculoesqueleticousp.com.br\/en\/\"},{\"@type\":\"ListItem\",\"position\":2,\"name\":\"Research\",\"item\":\"https:\/\/www.musculoesqueleticousp.com.br\/en\/pesquisas\/\"},{\"@type\":\"ListItem\",\"position\":3,\"name\":\"Orientadores\",\"item\":\"https:\/\/www.musculoesqueleticousp.com.br\/pesquisas\/orientadores\/\"},{\"@type\":\"ListItem\",\"position\":4,\"name\":\"Diogo Souza Domiciano\"}]},{\"@type\":\"WebSite\",\"@id\":\"https:\/\/www.musculoesqueleticousp.com.br\/en\/#website\",\"url\":\"https:\/\/www.musculoesqueleticousp.com.br\/en\/\",\"name\":\"P\u00f3s-Gradua\u00e7\u00e3o em Ci\u00eancias do Sistema Musculoesquel\u00e9tico\",\"description\":\"Website do P\u00f3s-Gradua\u00e7\u00e3o em Ci\u00eancias do Sistema Musculoesquel\u00e9tico\",\"publisher\":{\"@id\":\"https:\/\/www.musculoesqueleticousp.com.br\/en\/#organization\"},\"potentialAction\":[{\"@type\":\"SearchAction\",\"target\":{\"@type\":\"EntryPoint\",\"urlTemplate\":\"https:\/\/www.musculoesqueleticousp.com.br\/en\/?s={search_term_string}\"},\"query-input\":{\"@type\":\"PropertyValueSpecification\",\"valueRequired\":true,\"valueName\":\"search_term_string\"}}],\"inLanguage\":\"en-US\"},{\"@type\":\"Organization\",\"@id\":\"https:\/\/www.musculoesqueleticousp.com.br\/en\/#organization\",\"name\":\"P\u00f3s-Gradua\u00e7\u00e3o em Ci\u00eancias do Sistema Musculoesquel\u00e9tico\",\"url\":\"https:\/\/www.musculoesqueleticousp.com.br\/en\/\",\"logo\":{\"@type\":\"ImageObject\",\"inLanguage\":\"en-US\",\"@id\":\"https:\/\/www.musculoesqueleticousp.com.br\/en\/#\/schema\/logo\/image\/\",\"url\":\"https:\/\/www.musculoesqueleticousp.com.br\/wp-content\/uploads\/2020\/04\/logo_pg_cme_v3_h120.png\",\"contentUrl\":\"https:\/\/www.musculoesqueleticousp.com.br\/wp-content\/uploads\/2020\/04\/logo_pg_cme_v3_h120.png\",\"width\":481,\"height\":120,\"caption\":\"P\u00f3s-Gradua\u00e7\u00e3o em Ci\u00eancias do Sistema Musculoesquel\u00e9tico\"},\"image\":{\"@id\":\"https:\/\/www.musculoesqueleticousp.com.br\/en\/#\/schema\/logo\/image\/\"}}]}<\/script>\n<!-- \/ Yoast SEO plugin. -->","yoast_head_json":{"title":"Diogo Souza Domiciano - P\u00f3s-Gradua\u00e7\u00e3o em Ci\u00eancias do Sistema Musculoesquel\u00e9tico","robots":{"index":"index","follow":"follow","max-snippet":"max-snippet:-1","max-image-preview":"max-image-preview:large","max-video-preview":"max-video-preview:-1"},"canonical":"https:\/\/www.musculoesqueleticousp.com.br\/pesquisas\/orientadores\/diogo-souza-domiciano\/","og_locale":"en_US","og_type":"article","og_title":"Diogo Souza Domiciano - P\u00f3s-Gradua\u00e7\u00e3o em Ci\u00eancias do Sistema Musculoesquel\u00e9tico","og_description":"T\u00edtle:\u00a0Doctor E-mail: dsdomiciano@hotmail.com; diogo.domiciano@hc.fm.usp.br Lattes:\u00a0\u00a0http:\/\/lattes.cnpq.br\/9594814052009112 Orcid:\u00a00000-0001-7991-0231\u00a0https:\/\/orcid.org\/0000-0001-7991-0231 Scopus: \u00a0ID25654883800\u00a0https:\/\/www.scopus.com\/authid\/detail.uri?authorId=25654883800 Google Scholar: ID boX7j0QAAAAJ\u00a0https:\/\/scholar.google.com.br\/citations?hl=pt-BR&amp;user=boX7j0QAAAAJ Research ID:HLQ-7587-2023\u00a0\u00a0http:\/\/www.webofscience.com\/wos\/author\/record\/[HLQ-7587-2023] Line of research \u2013 Osteoporosis and Osteometabolism in the general population and [&hellip;]","og_url":"https:\/\/www.musculoesqueleticousp.com.br\/pesquisas\/orientadores\/diogo-souza-domiciano\/","og_site_name":"P\u00f3s-Gradua\u00e7\u00e3o em Ci\u00eancias do Sistema Musculoesquel\u00e9tico","article_modified_time":"2024-06-18T19:23:56+00:00","og_image":[{"url":"https:\/\/www.musculoesqueleticousp.com.br\/wp-content\/uploads\/2023\/02\/Diogo-Souza-Domiciano-Foto-300x300.jpg","type":"","width":"","height":""}],"twitter_card":"summary_large_image","twitter_misc":{"Est. reading time":"9 minutes"},"schema":{"@context":"https:\/\/schema.org","@graph":[{"@type":"WebPage","@id":"https:\/\/www.musculoesqueleticousp.com.br\/pesquisas\/orientadores\/diogo-souza-domiciano\/","url":"https:\/\/www.musculoesqueleticousp.com.br\/pesquisas\/orientadores\/diogo-souza-domiciano\/","name":"Diogo Souza Domiciano - P\u00f3s-Gradua\u00e7\u00e3o em Ci\u00eancias do Sistema Musculoesquel\u00e9tico","isPartOf":{"@id":"https:\/\/www.musculoesqueleticousp.com.br\/en\/#website"},"primaryImageOfPage":{"@id":"https:\/\/www.musculoesqueleticousp.com.br\/pesquisas\/orientadores\/diogo-souza-domiciano\/#primaryimage"},"image":{"@id":"https:\/\/www.musculoesqueleticousp.com.br\/pesquisas\/orientadores\/diogo-souza-domiciano\/#primaryimage"},"thumbnailUrl":"https:\/\/www.musculoesqueleticousp.com.br\/wp-content\/uploads\/2023\/02\/Diogo-Souza-Domiciano-Foto-300x300.jpg","datePublished":"2023-02-12T11:01:54+00:00","dateModified":"2024-06-18T19:23:56+00:00","breadcrumb":{"@id":"https:\/\/www.musculoesqueleticousp.com.br\/pesquisas\/orientadores\/diogo-souza-domiciano\/#breadcrumb"},"inLanguage":"en-US","potentialAction":[{"@type":"ReadAction","target":["https:\/\/www.musculoesqueleticousp.com.br\/pesquisas\/orientadores\/diogo-souza-domiciano\/"]}]},{"@type":"ImageObject","inLanguage":"en-US","@id":"https:\/\/www.musculoesqueleticousp.com.br\/pesquisas\/orientadores\/diogo-souza-domiciano\/#primaryimage","url":"https:\/\/www.musculoesqueleticousp.com.br\/wp-content\/uploads\/2023\/02\/Diogo-Souza-Domiciano-Foto-300x300.jpg","contentUrl":"https:\/\/www.musculoesqueleticousp.com.br\/wp-content\/uploads\/2023\/02\/Diogo-Souza-Domiciano-Foto-300x300.jpg"},{"@type":"BreadcrumbList","@id":"https:\/\/www.musculoesqueleticousp.com.br\/pesquisas\/orientadores\/diogo-souza-domiciano\/#breadcrumb","itemListElement":[{"@type":"ListItem","position":1,"name":"Home","item":"https:\/\/www.musculoesqueleticousp.com.br\/en\/"},{"@type":"ListItem","position":2,"name":"Research","item":"https:\/\/www.musculoesqueleticousp.com.br\/en\/pesquisas\/"},{"@type":"ListItem","position":3,"name":"Orientadores","item":"https:\/\/www.musculoesqueleticousp.com.br\/pesquisas\/orientadores\/"},{"@type":"ListItem","position":4,"name":"Diogo Souza Domiciano"}]},{"@type":"WebSite","@id":"https:\/\/www.musculoesqueleticousp.com.br\/en\/#website","url":"https:\/\/www.musculoesqueleticousp.com.br\/en\/","name":"P\u00f3s-Gradua\u00e7\u00e3o em Ci\u00eancias do Sistema Musculoesquel\u00e9tico","description":"Website do P\u00f3s-Gradua\u00e7\u00e3o em Ci\u00eancias do Sistema Musculoesquel\u00e9tico","publisher":{"@id":"https:\/\/www.musculoesqueleticousp.com.br\/en\/#organization"},"potentialAction":[{"@type":"SearchAction","target":{"@type":"EntryPoint","urlTemplate":"https:\/\/www.musculoesqueleticousp.com.br\/en\/?s={search_term_string}"},"query-input":{"@type":"PropertyValueSpecification","valueRequired":true,"valueName":"search_term_string"}}],"inLanguage":"en-US"},{"@type":"Organization","@id":"https:\/\/www.musculoesqueleticousp.com.br\/en\/#organization","name":"P\u00f3s-Gradua\u00e7\u00e3o em Ci\u00eancias do Sistema Musculoesquel\u00e9tico","url":"https:\/\/www.musculoesqueleticousp.com.br\/en\/","logo":{"@type":"ImageObject","inLanguage":"en-US","@id":"https:\/\/www.musculoesqueleticousp.com.br\/en\/#\/schema\/logo\/image\/","url":"https:\/\/www.musculoesqueleticousp.com.br\/wp-content\/uploads\/2020\/04\/logo_pg_cme_v3_h120.png","contentUrl":"https:\/\/www.musculoesqueleticousp.com.br\/wp-content\/uploads\/2020\/04\/logo_pg_cme_v3_h120.png","width":481,"height":120,"caption":"P\u00f3s-Gradua\u00e7\u00e3o em Ci\u00eancias do Sistema Musculoesquel\u00e9tico"},"image":{"@id":"https:\/\/www.musculoesqueleticousp.com.br\/en\/#\/schema\/logo\/image\/"}}]}},"_links":{"self":[{"href":"https:\/\/www.musculoesqueleticousp.com.br\/en\/wp-json\/wp\/v2\/pages\/2406","targetHints":{"allow":["GET"]}}],"collection":[{"href":"https:\/\/www.musculoesqueleticousp.com.br\/en\/wp-json\/wp\/v2\/pages"}],"about":[{"href":"https:\/\/www.musculoesqueleticousp.com.br\/en\/wp-json\/wp\/v2\/types\/page"}],"author":[{"embeddable":true,"href":"https:\/\/www.musculoesqueleticousp.com.br\/en\/wp-json\/wp\/v2\/users\/3"}],"replies":[{"embeddable":true,"href":"https:\/\/www.musculoesqueleticousp.com.br\/en\/wp-json\/wp\/v2\/comments?post=2406"}],"version-history":[{"count":4,"href":"https:\/\/www.musculoesqueleticousp.com.br\/en\/wp-json\/wp\/v2\/pages\/2406\/revisions"}],"predecessor-version":[{"id":2835,"href":"https:\/\/www.musculoesqueleticousp.com.br\/en\/wp-json\/wp\/v2\/pages\/2406\/revisions\/2835"}],"up":[{"embeddable":true,"href":"https:\/\/www.musculoesqueleticousp.com.br\/en\/wp-json\/wp\/v2\/pages\/25"}],"wp:attachment":[{"href":"https:\/\/www.musculoesqueleticousp.com.br\/en\/wp-json\/wp\/v2\/media?parent=2406"}],"curies":[{"name":"wp","href":"https:\/\/api.w.org\/{rel}","templated":true}]}}